{"id":6341,"date":"2023-08-14T12:59:45","date_gmt":"2023-08-14T12:59:45","guid":{"rendered":"https:\/\/diligentplug.com\/chems\/?post_type=product&#038;p=6341"},"modified":"2025-02-03T05:45:25","modified_gmt":"2025-02-03T05:45:25","slug":"bromazolam","status":"publish","type":"product","link":"https:\/\/rckopen.com\/it\/prodotto\/bromazolam\/","title":{"rendered":"Acquista Bromazolam online"},"content":{"rendered":"<h2>Informazioni generali sul Bromazolam<\/h2>\n<p><a href=\"https:\/\/rckopen.com\/it\/prodotto\/bromazolam\/\">Bromazolam<\/a> \u00e8 un derivato delle benzodiazepine strutturalmente simile ad altre benzodiazepine, come Adinazolam, Clonazolam, Deschloroetizolam e Diclazepam.<\/p>\n<p><a href=\"https:\/\/en.wikipedia.org\/wiki\/Bromazolam\">Bromazolam<\/a> non \u00e8 approvato per uso medico ed \u00e8 considerato una sostanza chimica sperimentale. Viene venduto principalmente online come prodotto chimico per la ricerca.<\/p>\n<p>La sostanza chimica si trova solitamente in compresse o polveri di Bromazolam e il suo utilizzo varia a seconda della forma e della purezza.<\/p>\n<h3>Composizione chimica del bromazolam<\/h3>\n<p>Il nome chimico del bromazolam \u00e8 8-bromo-6-(2-fluorofenil)-1-metil-4H-[1,2,4]triazolo[4,3-a][1,4]benzodiazepina. La formula molecolare \u00e8 (C17H13BrN4) e il peso molecolare \u00e8 370,2 g\/mol.<\/p>\n<p>Il bromazolam \u00e8 una triazolobenzodiazepina, ovvero ha un anello benzenico fuso con un anello triazolico e un anello diazepinico. Contiene inoltre un atomo di bromo in 8 posizioni, un gruppo metile in 1 posizione e un atomo di fluoro in 2 posizioni dell'anello fenilico.<\/p>\n<p>La struttura chimica del bromazolam \u00e8 simile a quella di altre benzodiazepine, come Adinazolam, Clonazolam, Descloroetizolam e Diclazepam, ma l'anello triazolico gli conferisce propriet\u00e0 farmacologiche uniche. Queste propriet\u00e0 contribuiscono alla sua elevata potenza e alla sua rapida azione rispetto alle altre benzodiazepine.<\/p>\n<h3>Acquista Bromazolam online di alta qualit\u00e0<\/h3>\n<p><a href=\"https:\/\/rckopen.com\/it\/\">rckopen.com<\/a> vanta molti anni di esperienza nel settore della progettazione di prodotti chimici per la ricerca, il che ci consente di garantire la massima qualit\u00e0 di questi prodotti chimici per la ricerca. Acquistare Bromazolam \u00e8 facile e di ottima qualit\u00e0. Il costo del Bromazolam \u00e8 relativamente basso rispetto ad altre aziende. I prodotti chimici di ricerca, tra cui il Bromazolam, soddisfano tutti i requisiti di sicurezza. I prodotti chimici per la ricerca vengono distribuiti con cura e conservati in un luogo fresco e asciutto.<\/p>\n<p>Tutti i prodotti sono regolarmente controllati per verificarne la qualit\u00e0, la purezza e la sicurezza. Conservare sempre il Bromazolam a temperatura ambiente e fuori dalla portata dei bambini e degli animali domestici. Il nostro Bromazolam non \u00e8 destinato all'uso personale. I nostri prodotti hanno un prezzo equo e si pu\u00f2 acquistare Bromazolam online a prezzi molto bassi.<\/p>\n<h3>Bromazolam testato in laboratorio con risultati.<\/h3>\n<p>Fa nuovi progressi verso la soddisfazione complessiva dei propri clienti. Diversi sondaggi hanno dimostrato che i clienti richiedono una quantit\u00e0 di dati pari a quella prevista prima di acquistare prodotti chimici di ricerca sintetici. Inoltre, pubblichiamo tutte le conseguenze di laboratorio di ogni prodotto chimico di ricerca in un documento PDF.<\/p>\n<p>La nostra polvere di Bromazolam \u00e8 conforme ai principi attivi ed \u00e8 visibile a tutti. Distribuiamo tutte le sequenze di laboratorio di ogni prodotto chimico di ricerca su un documento PDF.<\/p>\n<h3>Ordini sicuri su Bromazolam.<\/h3>\n<p>I prodotti chimici di ricerca firmati RC Kopen sono di qualit\u00e0 eccellente e hanno un prezzo equo. Pertanto, vi garantiamo che quando richiedete i vostri prodotti chimici di ricerca a RC Kopen, consegneremo la vostra richiesta a casa vostra in modo rapido e sicuro, poich\u00e9 le vendite di prodotti chimici di ricerca sono sempre disponibili su RC Kopen.<\/p>\n<p>Richiedere composti di ricerca sintetici con Bitcoin o bonifico bancario \u00e8 facile su RC Kopen.<\/p>\n<p>Spediamo la polvere per la ricerca chimica lo stesso giorno lavorativo se il pagamento viene ricevuto prima delle 15:00 CEST.Non forniamo articoli a persone di et\u00e0 inferiore ai 18 anni! La vendita di prodotti chimici per la ricerca \u00e8 solo a scopo di ricerca.<\/p>\n<h3>Spedizione discreta di prodotti chimici per la ricerca.<\/h3>\n<p>RC Kopen imballer\u00e0 il vostro ordine in modo sicuro e protetto per garantire un trasporto adeguato. Inoltre, l'imballaggio \u00e8 perfettamente invisibile e non viene mostrato nulla all'esterno di ci\u00f2 che potrebbe essere contenuto all'interno.<\/p>","protected":false},"excerpt":{"rendered":"<p><strong>Nome IUPAC: <\/strong>8-bromo-1-methyl-6-phenyl-4H-benzo[f][1,2,4]triazolo[4,3-a][1,4]diazepine<\/p>\n<p><strong>CAS # <\/strong>71368-80-4<\/p>\n<p><strong>Aspetto: <\/strong>polvere<\/p>\n<p><strong>Analisi NMR: <\/strong>C17H13BrN4<\/p>","protected":false},"featured_media":6351,"comment_status":"open","ping_status":"closed","template":"","meta":{"_joinchat":[]},"product_brand":[],"product_cat":[128],"product_tag":[],"class_list":{"0":"post-6341","1":"product","2":"type-product","3":"status-publish","4":"has-post-thumbnail","6":"product_cat-benzodiazepinen","8":"first","9":"instock","10":"shipping-taxable","11":"purchasable","12":"product-type-variable"},"yoast_head":"<!-- This site is optimized with the Yoast SEO plugin v26.3 - https:\/\/yoast.com\/wordpress\/plugins\/seo\/ -->\n<title>Koop Bromazolam online - Bromazolam te koop | RC Kopen<\/title>\n<meta name=\"description\" content=\"U kunt contact opnemen met onze online winkel en Bromazolam online kopen. We hebben Bromazolam te koop tegen goedkope prijzen. Haal de jouwe meteen bij jou thuis!\" \/>\n<meta name=\"robots\" content=\"index, follow, max-snippet:-1, max-image-preview:large, max-video-preview:-1\" \/>\n<link rel=\"canonical\" href=\"https:\/\/rckopen.com\/it\/prodotto\/bromazolam\/\" \/>\n<meta property=\"og:locale\" content=\"it_IT\" \/>\n<meta property=\"og:type\" content=\"article\" \/>\n<meta property=\"og:title\" content=\"Koop Bromazolam online - Bromazolam te koop | RC Kopen\" \/>\n<meta property=\"og:description\" content=\"U kunt contact opnemen met onze online winkel en Bromazolam online kopen. We hebben Bromazolam te koop tegen goedkope prijzen. Haal de jouwe meteen bij jou thuis!\" \/>\n<meta property=\"og:url\" content=\"https:\/\/rckopen.com\/it\/prodotto\/bromazolam\/\" \/>\n<meta property=\"og:site_name\" content=\"RC Kopen\" \/>\n<meta property=\"article:modified_time\" content=\"2025-02-03T05:45:25+00:00\" \/>\n<meta property=\"og:image\" content=\"https:\/\/rckopen.com\/wp-content\/uploads\/2023\/08\/Bromazolam.jpg\" \/>\n\t<meta property=\"og:image:width\" content=\"600\" \/>\n\t<meta property=\"og:image:height\" content=\"600\" \/>\n\t<meta property=\"og:image:type\" content=\"image\/jpeg\" \/>\n<meta name=\"twitter:card\" content=\"summary_large_image\" \/>\n<meta name=\"twitter:label1\" content=\"Tempo di lettura stimato\" \/>\n\t<meta name=\"twitter:data1\" content=\"3 minuti\" \/>\n<script type=\"application\/ld+json\" class=\"yoast-schema-graph\">{\"@context\":\"https:\/\/schema.org\",\"@graph\":[{\"@type\":\"WebPage\",\"@id\":\"https:\/\/rckopen.com\/product\/bromazolam\/\",\"url\":\"https:\/\/rckopen.com\/product\/bromazolam\/\",\"name\":\"Koop Bromazolam online - Bromazolam te koop | RC Kopen\",\"isPartOf\":{\"@id\":\"https:\/\/rckopen.com\/#website\"},\"primaryImageOfPage\":{\"@id\":\"https:\/\/rckopen.com\/product\/bromazolam\/#primaryimage\"},\"image\":{\"@id\":\"https:\/\/rckopen.com\/product\/bromazolam\/#primaryimage\"},\"thumbnailUrl\":\"https:\/\/rckopen.com\/wp-content\/uploads\/2023\/08\/Bromazolam.jpg\",\"datePublished\":\"2023-08-14T12:59:45+00:00\",\"dateModified\":\"2025-02-03T05:45:25+00:00\",\"description\":\"U kunt contact opnemen met onze online winkel en Bromazolam online kopen. We hebben Bromazolam te koop tegen goedkope prijzen. Haal de jouwe meteen bij jou thuis!\",\"breadcrumb\":{\"@id\":\"https:\/\/rckopen.com\/product\/bromazolam\/#breadcrumb\"},\"inLanguage\":\"it-IT\",\"potentialAction\":[{\"@type\":\"ReadAction\",\"target\":[\"https:\/\/rckopen.com\/product\/bromazolam\/\"]}]},{\"@type\":\"ImageObject\",\"inLanguage\":\"it-IT\",\"@id\":\"https:\/\/rckopen.com\/product\/bromazolam\/#primaryimage\",\"url\":\"https:\/\/rckopen.com\/wp-content\/uploads\/2023\/08\/Bromazolam.jpg\",\"contentUrl\":\"https:\/\/rckopen.com\/wp-content\/uploads\/2023\/08\/Bromazolam.jpg\",\"width\":600,\"height\":600,\"caption\":\"Bromazolam online kopen\"},{\"@type\":\"BreadcrumbList\",\"@id\":\"https:\/\/rckopen.com\/product\/bromazolam\/#breadcrumb\",\"itemListElement\":[{\"@type\":\"ListItem\",\"position\":1,\"name\":\"Home\",\"item\":\"https:\/\/rckopen.com\/\"},{\"@type\":\"ListItem\",\"position\":2,\"name\":\"Shop\",\"item\":\"https:\/\/rckopen.com\/shop\/\"},{\"@type\":\"ListItem\",\"position\":3,\"name\":\"Bromazolam online kopen\"}]},{\"@type\":\"WebSite\",\"@id\":\"https:\/\/rckopen.com\/#website\",\"url\":\"https:\/\/rckopen.com\/\",\"name\":\"RC Kopen\",\"description\":\"Research Chemicals\",\"potentialAction\":[{\"@type\":\"SearchAction\",\"target\":{\"@type\":\"EntryPoint\",\"urlTemplate\":\"https:\/\/rckopen.com\/?s={search_term_string}\"},\"query-input\":{\"@type\":\"PropertyValueSpecification\",\"valueRequired\":true,\"valueName\":\"search_term_string\"}}],\"inLanguage\":\"it-IT\"}]}<\/script>\n<!-- \/ Yoast SEO plugin. -->","yoast_head_json":{"title":"Koop Bromazolam online - Bromazolam te koop | RC Kopen","description":"U kunt contact opnemen met onze online winkel en Bromazolam online kopen. We hebben Bromazolam te koop tegen goedkope prijzen. Haal de jouwe meteen bij jou thuis!","robots":{"index":"index","follow":"follow","max-snippet":"max-snippet:-1","max-image-preview":"max-image-preview:large","max-video-preview":"max-video-preview:-1"},"canonical":"https:\/\/rckopen.com\/it\/prodotto\/bromazolam\/","og_locale":"it_IT","og_type":"article","og_title":"Koop Bromazolam online - Bromazolam te koop | RC Kopen","og_description":"U kunt contact opnemen met onze online winkel en Bromazolam online kopen. We hebben Bromazolam te koop tegen goedkope prijzen. Haal de jouwe meteen bij jou thuis!","og_url":"https:\/\/rckopen.com\/it\/prodotto\/bromazolam\/","og_site_name":"RC Kopen","article_modified_time":"2025-02-03T05:45:25+00:00","og_image":[{"width":600,"height":600,"url":"https:\/\/rckopen.com\/wp-content\/uploads\/2023\/08\/Bromazolam.jpg","type":"image\/jpeg"}],"twitter_card":"summary_large_image","twitter_misc":{"Tempo di lettura stimato":"3 minuti"},"schema":{"@context":"https:\/\/schema.org","@graph":[{"@type":"WebPage","@id":"https:\/\/rckopen.com\/product\/bromazolam\/","url":"https:\/\/rckopen.com\/product\/bromazolam\/","name":"Koop Bromazolam online - Bromazolam te koop | RC Kopen","isPartOf":{"@id":"https:\/\/rckopen.com\/#website"},"primaryImageOfPage":{"@id":"https:\/\/rckopen.com\/product\/bromazolam\/#primaryimage"},"image":{"@id":"https:\/\/rckopen.com\/product\/bromazolam\/#primaryimage"},"thumbnailUrl":"https:\/\/rckopen.com\/wp-content\/uploads\/2023\/08\/Bromazolam.jpg","datePublished":"2023-08-14T12:59:45+00:00","dateModified":"2025-02-03T05:45:25+00:00","description":"U kunt contact opnemen met onze online winkel en Bromazolam online kopen. We hebben Bromazolam te koop tegen goedkope prijzen. Haal de jouwe meteen bij jou thuis!","breadcrumb":{"@id":"https:\/\/rckopen.com\/product\/bromazolam\/#breadcrumb"},"inLanguage":"it-IT","potentialAction":[{"@type":"ReadAction","target":["https:\/\/rckopen.com\/product\/bromazolam\/"]}]},{"@type":"ImageObject","inLanguage":"it-IT","@id":"https:\/\/rckopen.com\/product\/bromazolam\/#primaryimage","url":"https:\/\/rckopen.com\/wp-content\/uploads\/2023\/08\/Bromazolam.jpg","contentUrl":"https:\/\/rckopen.com\/wp-content\/uploads\/2023\/08\/Bromazolam.jpg","width":600,"height":600,"caption":"Bromazolam online kopen"},{"@type":"BreadcrumbList","@id":"https:\/\/rckopen.com\/product\/bromazolam\/#breadcrumb","itemListElement":[{"@type":"ListItem","position":1,"name":"Home","item":"https:\/\/rckopen.com\/"},{"@type":"ListItem","position":2,"name":"Shop","item":"https:\/\/rckopen.com\/shop\/"},{"@type":"ListItem","position":3,"name":"Bromazolam online kopen"}]},{"@type":"WebSite","@id":"https:\/\/rckopen.com\/#website","url":"https:\/\/rckopen.com\/","name":"RC Kopen","description":"Research Chemicals","potentialAction":[{"@type":"SearchAction","target":{"@type":"EntryPoint","urlTemplate":"https:\/\/rckopen.com\/?s={search_term_string}"},"query-input":{"@type":"PropertyValueSpecification","valueRequired":true,"valueName":"search_term_string"}}],"inLanguage":"it-IT"}]}},"_links":{"self":[{"href":"https:\/\/rckopen.com\/it\/wp-json\/wp\/v2\/product\/6341","targetHints":{"allow":["GET"]}}],"collection":[{"href":"https:\/\/rckopen.com\/it\/wp-json\/wp\/v2\/product"}],"about":[{"href":"https:\/\/rckopen.com\/it\/wp-json\/wp\/v2\/types\/product"}],"replies":[{"embeddable":true,"href":"https:\/\/rckopen.com\/it\/wp-json\/wp\/v2\/comments?post=6341"}],"wp:featuredmedia":[{"embeddable":true,"href":"https:\/\/rckopen.com\/it\/wp-json\/wp\/v2\/media\/6351"}],"wp:attachment":[{"href":"https:\/\/rckopen.com\/it\/wp-json\/wp\/v2\/media?parent=6341"}],"wp:term":[{"taxonomy":"product_brand","embeddable":true,"href":"https:\/\/rckopen.com\/it\/wp-json\/wp\/v2\/product_brand?post=6341"},{"taxonomy":"product_cat","embeddable":true,"href":"https:\/\/rckopen.com\/it\/wp-json\/wp\/v2\/product_cat?post=6341"},{"taxonomy":"product_tag","embeddable":true,"href":"https:\/\/rckopen.com\/it\/wp-json\/wp\/v2\/product_tag?post=6341"}],"curies":[{"name":"wp","href":"https:\/\/api.w.org\/{rel}","templated":true}]}}