{"id":6414,"date":"2023-08-15T06:32:13","date_gmt":"2023-08-15T06:32:13","guid":{"rendered":"https:\/\/diligentplug.com\/chems\/?post_type=product&#038;p=6414"},"modified":"2025-02-04T04:20:17","modified_gmt":"2025-02-04T04:20:17","slug":"jwh-210","status":"publish","type":"product","link":"https:\/\/rckopen.com\/it\/prodotto\/jwh-210\/","title":{"rendered":"Acquista JWH-210 online"},"content":{"rendered":"<h2>Informazioni generali su JWH-210<\/h2>\n<p><a href=\"https:\/\/rckopen.com\/it\/prodotto\/jwh-210\/\">Acquista JWH-210 online<\/a>, JWH-210 \u00e8 un cannabinoide sintetico sintetizzato per la prima volta da John W. Huffman nel 1993 come parte della sua ricerca sui cannabinoidi. Appartiene alla famiglia degli indolo-3-carbossilati e agisce come agonista completo dei recettori CB1 e CB2.<\/p>\n<p><a href=\"https:\/\/en.wikipedia.org\/wiki\/JWH-210\">JWH-210<\/a> viene spesso venduto come sostanza chimica per la ricerca con propriet\u00e0 simili al THC (tetraidrocannabinolo e marijuana).<\/p>\n<p>JWH-210 \u00e8 un cannabinoide sintetico classificato come sostanza chimica di ricerca. Le sostanze chimiche di ricerca sono sostanze chimiche utilizzate nella ricerca scientifica per studiarne le propriet\u00e0, gli effetti e le potenziali applicazioni.<\/p>\n<p>\u00c8 stato poi utilizzato in diversi studi per indagare le propriet\u00e0 farmacologiche dei cannabinoidi sintetici, compresi i loro effetti sui recettori CB1 e CB2, i potenziali usi e la tossicit\u00e0.<\/p>\n<p>\u00c8 stato dimostrato che JWH-210 ha un'affinit\u00e0 di legame maggiore per il recettore CB1 rispetto al recettore CB2. Quando si lega a questi recettori, attiva le stesse vie di segnalazione attivate dai cannabinoidi presenti in natura, come l'anandamide e il 2-arachidonoilglicerolo.<\/p>\n<h3>Composizione chimica di JWH-210<\/h3>\n<p>Il nome chimico di JWH-210 \u00e8 (4-etilnaftalene-1-il-(1-pentilindolo-3-il)metanone) e la sua formula molecolare \u00e8 C26H27NO. Appartiene alla famiglia degli indolo-3-carbossilati ed \u00e8 un cannabinoide sintetico.<\/p>\n<p>La polvere di JWH-210 viene solitamente venduta in forma pura o come soluzione in un solvente come acetone o etanolo. Ha un punto di ebollizione di 510,9 \u00b0C a 760 mmHg e un punto di fusione di 139-140 \u00b0C.<\/p>\n<p>Il JWH-210 \u00e8 strutturalmente simile ad altri cannabinoidi sintetici, come il JWH-018 e il CP-47,497, ma ha una struttura chimica diversa grazie alla presenza di un gruppo etilico in posizione 4 dell'anello naftalenico. Si ritiene che questa modifica migliori la potenza e l'affinit\u00e0 di JWH-210.<\/p>\n<h3>Acquista JWH-210 di alta qualit\u00e0 online<\/h3>\n<p>Acquista JWH-210 online vanta molti anni di esperienza nel settore della progettazione di prodotti chimici per la ricerca, il che ci consente di garantire la massima qualit\u00e0 di questi prodotti chimici per la ricerca. Acquistare JWH-210 \u00e8 facile e di alta qualit\u00e0. Il costo del JWH-210 \u00e8 relativamente basso rispetto ad altre aziende. I prodotti chimici di ricerca, tra cui JWH-210, soddisfano tutti i requisiti di sicurezza. I prodotti chimici per la ricerca vengono distribuiti con cura e conservati in un luogo fresco e asciutto.<\/p>\n<p>Tutti i prodotti sono regolarmente controllati per verificarne la qualit\u00e0, la purezza e la sicurezza. Conservare sempre JWH-210 a temperatura ambiente e fuori dalla portata di bambini e animali domestici. Il nostro JWH-210 non \u00e8 destinato all'uso personale. \u00c8 solo per scopi di ricerca.<\/p>\n<p>I nostri prodotti hanno un prezzo equo e potete acquistare JWH-210 online a prezzi molto convenienti.<\/p>\n<h3>JWH-210 testato in laboratorio con risultati.<\/h3>\n<p>Fa nuovi progressi verso la soddisfazione complessiva dei propri clienti. Diversi sondaggi hanno dimostrato che i clienti richiedono una quantit\u00e0 di dati pari a quella prevista prima di acquistare prodotti chimici di ricerca sintetici. Inoltre, pubblichiamo tutte le conseguenze di laboratorio di ogni prodotto chimico di ricerca in un documento PDF.<\/p>\n<p>La nostra polvere JWH-210 soddisfa costantemente gli ingredienti attivi e pu\u00f2 essere vista da tutti.<\/p>\n<p>Distribuiamo tutte le conseguenze di laboratorio di ogni sostanza chimica di ricerca in un documento PDF.<\/p>\n<h3>Ordinazione sicura presso JWH-210.<\/h3>\n<p><a href=\"https:\/\/rckopen.com\/it\/\">RCKopen<\/a> i prodotti chimici di ricerca di design sono di ottima qualit\u00e0 e hanno un prezzo ragionevole. Pertanto, ti garantiamo che consegneremo la tua richiesta a casa in modo rapido e sicuro quando ordini i tuoi prodotti chimici per la ricerca su rckopen.com, poich\u00e9 la vendita di prodotti chimici per la ricerca \u00e8 sempre disponibile su rckopen.com.<\/p>\n<p>Richiedere connessioni di ricerca sintetiche con Bitcoin o bonifico bancario \u00e8 facile su rckopen.com.<\/p>\n<p>Spediamo la polvere per la ricerca chimica lo stesso giorno lavorativo se il pagamento viene ricevuto entro le 15:00 CEST.<\/p>\n<p>Non consegniamo articoli a persone di et\u00e0 inferiore ai 18 anni!<\/p>\n<p>La vendita di prodotti chimici per la ricerca \u00e8 solo a scopo di ricerca.<\/p>\n<h3>Spedizione discreta di prodotti chimici per la ricerca.<\/h3>\n<p>rckopen.com imballer\u00e0 il vostro ordine in modo sicuro per garantire un trasporto adeguato. Inoltre, l'imballaggio \u00e8 perfettamente invisibile e non viene mostrato nulla all'esterno di ci\u00f2 che potrebbe essere contenuto all'interno.<\/p>","protected":false},"excerpt":{"rendered":"<p><strong>Nome IUPAC: <\/strong>(4-etil-1-naftalenil)(1-pentil-1H-indolo-3-il)metanone<\/p>\n<p><strong>CAS # <\/strong>824959-81-1<\/p>\n<p><strong>Aspetto: <\/strong>polvere<\/p>\n<p><strong>Forma: <\/strong>hcl<\/p>\n<p><strong>Analisi NMR: <\/strong>C26H27NO<\/p>","protected":false},"featured_media":6430,"comment_status":"open","ping_status":"closed","template":"","meta":{"_joinchat":[]},"product_brand":[],"product_cat":[132],"product_tag":[],"class_list":{"0":"post-6414","1":"product","2":"type-product","3":"status-publish","4":"has-post-thumbnail","6":"product_cat-cannabinoiden","8":"first","9":"instock","10":"shipping-taxable","11":"purchasable","12":"product-type-variable"},"yoast_head":"<!-- This site is optimized with the Yoast SEO plugin v26.3 - https:\/\/yoast.com\/wordpress\/plugins\/seo\/ -->\n<title>JWH-210 online kopen - JWH-210 te koop<\/title>\n<meta name=\"description\" content=\"Wij zijn de toonaangevende winkel die JWH-210 te koop heeft. Als u JWH-210 online wilt kopen, neem dan onmiddellijk contact met ons op en laat de bestelling bezorgen. Bestel nu!\" \/>\n<meta name=\"robots\" content=\"index, follow, max-snippet:-1, max-image-preview:large, max-video-preview:-1\" \/>\n<link rel=\"canonical\" href=\"https:\/\/rckopen.com\/it\/prodotto\/jwh-210\/\" \/>\n<meta property=\"og:locale\" content=\"it_IT\" \/>\n<meta property=\"og:type\" content=\"article\" \/>\n<meta property=\"og:title\" content=\"JWH-210 online kopen - JWH-210 te koop\" \/>\n<meta property=\"og:description\" content=\"Wij zijn de toonaangevende winkel die JWH-210 te koop heeft. Als u JWH-210 online wilt kopen, neem dan onmiddellijk contact met ons op en laat de bestelling bezorgen. Bestel nu!\" \/>\n<meta property=\"og:url\" content=\"https:\/\/rckopen.com\/it\/prodotto\/jwh-210\/\" \/>\n<meta property=\"og:site_name\" content=\"RC Kopen\" \/>\n<meta property=\"article:modified_time\" content=\"2025-02-04T04:20:17+00:00\" \/>\n<meta property=\"og:image\" content=\"https:\/\/rckopen.com\/wp-content\/uploads\/2023\/08\/JWH-210.jpg\" \/>\n\t<meta property=\"og:image:width\" content=\"600\" \/>\n\t<meta property=\"og:image:height\" content=\"600\" \/>\n\t<meta property=\"og:image:type\" content=\"image\/jpeg\" \/>\n<meta name=\"twitter:card\" content=\"summary_large_image\" \/>\n<meta name=\"twitter:label1\" content=\"Tempo di lettura stimato\" \/>\n\t<meta name=\"twitter:data1\" content=\"3 minuti\" \/>\n<script type=\"application\/ld+json\" class=\"yoast-schema-graph\">{\"@context\":\"https:\/\/schema.org\",\"@graph\":[{\"@type\":\"WebPage\",\"@id\":\"https:\/\/rckopen.com\/product\/jwh-210\/\",\"url\":\"https:\/\/rckopen.com\/product\/jwh-210\/\",\"name\":\"JWH-210 online kopen - JWH-210 te koop\",\"isPartOf\":{\"@id\":\"https:\/\/rckopen.com\/#website\"},\"primaryImageOfPage\":{\"@id\":\"https:\/\/rckopen.com\/product\/jwh-210\/#primaryimage\"},\"image\":{\"@id\":\"https:\/\/rckopen.com\/product\/jwh-210\/#primaryimage\"},\"thumbnailUrl\":\"https:\/\/rckopen.com\/wp-content\/uploads\/2023\/08\/JWH-210.jpg\",\"datePublished\":\"2023-08-15T06:32:13+00:00\",\"dateModified\":\"2025-02-04T04:20:17+00:00\",\"description\":\"Wij zijn de toonaangevende winkel die JWH-210 te koop heeft. Als u JWH-210 online wilt kopen, neem dan onmiddellijk contact met ons op en laat de bestelling bezorgen. Bestel nu!\",\"breadcrumb\":{\"@id\":\"https:\/\/rckopen.com\/product\/jwh-210\/#breadcrumb\"},\"inLanguage\":\"it-IT\",\"potentialAction\":[{\"@type\":\"ReadAction\",\"target\":[\"https:\/\/rckopen.com\/product\/jwh-210\/\"]}]},{\"@type\":\"ImageObject\",\"inLanguage\":\"it-IT\",\"@id\":\"https:\/\/rckopen.com\/product\/jwh-210\/#primaryimage\",\"url\":\"https:\/\/rckopen.com\/wp-content\/uploads\/2023\/08\/JWH-210.jpg\",\"contentUrl\":\"https:\/\/rckopen.com\/wp-content\/uploads\/2023\/08\/JWH-210.jpg\",\"width\":600,\"height\":600,\"caption\":\"JWH-210 online kopen\"},{\"@type\":\"BreadcrumbList\",\"@id\":\"https:\/\/rckopen.com\/product\/jwh-210\/#breadcrumb\",\"itemListElement\":[{\"@type\":\"ListItem\",\"position\":1,\"name\":\"Home\",\"item\":\"https:\/\/rckopen.com\/\"},{\"@type\":\"ListItem\",\"position\":2,\"name\":\"Shop\",\"item\":\"https:\/\/rckopen.com\/shop\/\"},{\"@type\":\"ListItem\",\"position\":3,\"name\":\"JWH-210 online kopen\"}]},{\"@type\":\"WebSite\",\"@id\":\"https:\/\/rckopen.com\/#website\",\"url\":\"https:\/\/rckopen.com\/\",\"name\":\"RC Kopen\",\"description\":\"Research Chemicals\",\"potentialAction\":[{\"@type\":\"SearchAction\",\"target\":{\"@type\":\"EntryPoint\",\"urlTemplate\":\"https:\/\/rckopen.com\/?s={search_term_string}\"},\"query-input\":{\"@type\":\"PropertyValueSpecification\",\"valueRequired\":true,\"valueName\":\"search_term_string\"}}],\"inLanguage\":\"it-IT\"}]}<\/script>\n<!-- \/ Yoast SEO plugin. -->","yoast_head_json":{"title":"JWH-210 online kopen - JWH-210 te koop","description":"Wij zijn de toonaangevende winkel die JWH-210 te koop heeft. Als u JWH-210 online wilt kopen, neem dan onmiddellijk contact met ons op en laat de bestelling bezorgen. Bestel nu!","robots":{"index":"index","follow":"follow","max-snippet":"max-snippet:-1","max-image-preview":"max-image-preview:large","max-video-preview":"max-video-preview:-1"},"canonical":"https:\/\/rckopen.com\/it\/prodotto\/jwh-210\/","og_locale":"it_IT","og_type":"article","og_title":"JWH-210 online kopen - JWH-210 te koop","og_description":"Wij zijn de toonaangevende winkel die JWH-210 te koop heeft. Als u JWH-210 online wilt kopen, neem dan onmiddellijk contact met ons op en laat de bestelling bezorgen. Bestel nu!","og_url":"https:\/\/rckopen.com\/it\/prodotto\/jwh-210\/","og_site_name":"RC Kopen","article_modified_time":"2025-02-04T04:20:17+00:00","og_image":[{"width":600,"height":600,"url":"https:\/\/rckopen.com\/wp-content\/uploads\/2023\/08\/JWH-210.jpg","type":"image\/jpeg"}],"twitter_card":"summary_large_image","twitter_misc":{"Tempo di lettura stimato":"3 minuti"},"schema":{"@context":"https:\/\/schema.org","@graph":[{"@type":"WebPage","@id":"https:\/\/rckopen.com\/product\/jwh-210\/","url":"https:\/\/rckopen.com\/product\/jwh-210\/","name":"JWH-210 online kopen - JWH-210 te koop","isPartOf":{"@id":"https:\/\/rckopen.com\/#website"},"primaryImageOfPage":{"@id":"https:\/\/rckopen.com\/product\/jwh-210\/#primaryimage"},"image":{"@id":"https:\/\/rckopen.com\/product\/jwh-210\/#primaryimage"},"thumbnailUrl":"https:\/\/rckopen.com\/wp-content\/uploads\/2023\/08\/JWH-210.jpg","datePublished":"2023-08-15T06:32:13+00:00","dateModified":"2025-02-04T04:20:17+00:00","description":"Wij zijn de toonaangevende winkel die JWH-210 te koop heeft. Als u JWH-210 online wilt kopen, neem dan onmiddellijk contact met ons op en laat de bestelling bezorgen. Bestel nu!","breadcrumb":{"@id":"https:\/\/rckopen.com\/product\/jwh-210\/#breadcrumb"},"inLanguage":"it-IT","potentialAction":[{"@type":"ReadAction","target":["https:\/\/rckopen.com\/product\/jwh-210\/"]}]},{"@type":"ImageObject","inLanguage":"it-IT","@id":"https:\/\/rckopen.com\/product\/jwh-210\/#primaryimage","url":"https:\/\/rckopen.com\/wp-content\/uploads\/2023\/08\/JWH-210.jpg","contentUrl":"https:\/\/rckopen.com\/wp-content\/uploads\/2023\/08\/JWH-210.jpg","width":600,"height":600,"caption":"JWH-210 online kopen"},{"@type":"BreadcrumbList","@id":"https:\/\/rckopen.com\/product\/jwh-210\/#breadcrumb","itemListElement":[{"@type":"ListItem","position":1,"name":"Home","item":"https:\/\/rckopen.com\/"},{"@type":"ListItem","position":2,"name":"Shop","item":"https:\/\/rckopen.com\/shop\/"},{"@type":"ListItem","position":3,"name":"JWH-210 online kopen"}]},{"@type":"WebSite","@id":"https:\/\/rckopen.com\/#website","url":"https:\/\/rckopen.com\/","name":"RC Kopen","description":"Research Chemicals","potentialAction":[{"@type":"SearchAction","target":{"@type":"EntryPoint","urlTemplate":"https:\/\/rckopen.com\/?s={search_term_string}"},"query-input":{"@type":"PropertyValueSpecification","valueRequired":true,"valueName":"search_term_string"}}],"inLanguage":"it-IT"}]}},"_links":{"self":[{"href":"https:\/\/rckopen.com\/it\/wp-json\/wp\/v2\/product\/6414","targetHints":{"allow":["GET"]}}],"collection":[{"href":"https:\/\/rckopen.com\/it\/wp-json\/wp\/v2\/product"}],"about":[{"href":"https:\/\/rckopen.com\/it\/wp-json\/wp\/v2\/types\/product"}],"replies":[{"embeddable":true,"href":"https:\/\/rckopen.com\/it\/wp-json\/wp\/v2\/comments?post=6414"}],"wp:featuredmedia":[{"embeddable":true,"href":"https:\/\/rckopen.com\/it\/wp-json\/wp\/v2\/media\/6430"}],"wp:attachment":[{"href":"https:\/\/rckopen.com\/it\/wp-json\/wp\/v2\/media?parent=6414"}],"wp:term":[{"taxonomy":"product_brand","embeddable":true,"href":"https:\/\/rckopen.com\/it\/wp-json\/wp\/v2\/product_brand?post=6414"},{"taxonomy":"product_cat","embeddable":true,"href":"https:\/\/rckopen.com\/it\/wp-json\/wp\/v2\/product_cat?post=6414"},{"taxonomy":"product_tag","embeddable":true,"href":"https:\/\/rckopen.com\/it\/wp-json\/wp\/v2\/product_tag?post=6414"}],"curies":[{"name":"wp","href":"https:\/\/api.w.org\/{rel}","templated":true}]}}