{"id":6421,"date":"2023-08-15T05:57:38","date_gmt":"2023-08-15T05:57:38","guid":{"rendered":"https:\/\/diligentplug.com\/chems\/?post_type=product&#038;p=6421"},"modified":"2025-09-16T10:19:50","modified_gmt":"2025-09-16T10:19:50","slug":"adb-ca","status":"publish","type":"product","link":"https:\/\/rckopen.com\/it\/prodotto\/adb-ca\/","title":{"rendered":"Acquista ADB CA online"},"content":{"rendered":"<h2>Acquista ADB CA online<\/h2>\n<p>Un cannabinoide sintetico (CB) a base di indazolo denominato AB-CHMINACA presenta un'affinit\u00e0 dieci volte maggiore (Ki = 0,9 nM) per il recettore principale CB1 rispetto a JWH 018.<\/p>\n<p><a href=\"https:\/\/rckopen.com\/it\/prodotto\/adb-ca\/\">ADB CA<\/a> \u00e8 stato creato per la prima volta da Pfizer, Inc. come un modulatore del recettore CB1 potente ed efficiente con potenziali applicazioni mediche. \u00c8 stato scoperto solo di recente, tuttavia, in miscele erboristiche proibite da ADB CA.<\/p>\n<p>ADB CA e AB-FUBINACA condividono somiglianze strutturali, con quest'ultimo che ha un gruppo cicloesilico al posto del gruppo 4-fluorofenile. Le caratteristiche tossicologiche e fisiche della sostanza non sono state stabilite. Il prodotto \u00e8 stato creato per l'uso in contesti di ricerca e forensi. <a href=\"https:\/\/rckopen.com\/it\/\">Acquista Rc<\/a><\/p>\n<p>Abbiamo questa fantastica sostanza chimica di ricerca nel nostro laboratorio. Ti promettiamo che riceverai una sostanza chimica di ricerca molto pura per il tuo studio quando effettui il tuo ordine. Acquista Nembutal<\/p>\n<h3>Abbiamo questa fantastica sostanza chimica di ricerca nel nostro laboratorio. Ti promettiamo che riceverai una sostanza chimica di ricerca molto pura per il tuo studio quando effettui il tuo ordine. Acquista Nembutal<\/h3>\n<p>Acquista ADB CA online da un produttore chimico europeo di prim'ordine. Prodotto in modo esperto con una garanzia di purezza minima del 98%+. Forniamo COA per ogni lotto creato dai nostri prodotti chimici di ricerca!<\/p>\n<p>ADB CA \u00e8 il componente attivo.<br \/>\ncontiene un grammo di ADB CA puro almeno al 98% per unit\u00e0 d'ordine.<\/p>\n<h3>La quantit\u00e0 di ADB CA<\/h3>\n<p>Poich\u00e9 l'ADB CA \u00e8 destinato esclusivamente alla ricerca chimica scientifica e non al consumo umano, non esiste un dosaggio raccomandato.<\/p>\n<p><strong>Effetti di AB-CHMINACA:<\/strong> La maggior parte dei nuovi farmaci di design, tra cui ADB CA, hanno effetti clinici che possono essere classificati come simili agli oppioidi, stimolanti o allucinogeni. Le sostituzioni delle catene laterali di design conferiscono loro anche un mix di queste propriet\u00e0.<\/p>\n<h3>Reazioni avverse all'ADB CA<\/h3>\n<p>Come altri farmaci di sintesi, l'ADB CA ha il potenziale di avere gravi effetti negativi; non \u00e8 stato n\u00e9 clinicamente studiato n\u00e9 autorizzato per l'uso come prodotto alimentare. Pertanto, l'ADB CA \u00e8 solo per la ricerca scientifica e non dovrebbe essere consumato dagli esseri umani.<\/p>\n<h3>Modi per preservare l'ADB CA<\/h3>\n<p>ADB CA deve essere conservato a una temperatura inferiore a 30 gradi Celsius. Conservare ADB CA nel suo contenitore originale e proteggerlo dall'umidit\u00e0 e dalla luce solare.<\/p>","protected":false},"excerpt":{"rendered":"<p>Nome IUPAC: ADB-CA<\/p>","protected":false},"featured_media":6422,"comment_status":"open","ping_status":"closed","template":"","meta":{"_joinchat":[]},"product_brand":[],"product_cat":[132],"product_tag":[],"class_list":{"0":"post-6421","1":"product","2":"type-product","3":"status-publish","4":"has-post-thumbnail","6":"product_cat-cannabinoiden","8":"first","9":"instock","10":"shipping-taxable","11":"purchasable","12":"product-type-variable"},"yoast_head":"<!-- This site is optimized with the Yoast SEO plugin v26.3 - https:\/\/yoast.com\/wordpress\/plugins\/seo\/ -->\n<title>ADB-CA te koop - ADB-CA online kopen | RC Kopen<\/title>\n<meta name=\"description\" content=\"U kunt ADB-CA tegen de beste prijzen te koop krijgen in onze online RCK-winkel. Wij zijn hier om u te helpen ADB-CA online te kopen. Maak vandaag nog contact met de beste winkel van de stad!\" \/>\n<meta name=\"robots\" content=\"index, follow, max-snippet:-1, max-image-preview:large, max-video-preview:-1\" \/>\n<link rel=\"canonical\" href=\"https:\/\/rckopen.com\/it\/prodotto\/adb-ca\/\" \/>\n<meta property=\"og:locale\" content=\"it_IT\" \/>\n<meta property=\"og:type\" content=\"article\" \/>\n<meta property=\"og:title\" content=\"ADB-CA te koop - ADB-CA online kopen | RC Kopen\" \/>\n<meta property=\"og:description\" content=\"U kunt ADB-CA tegen de beste prijzen te koop krijgen in onze online RCK-winkel. Wij zijn hier om u te helpen ADB-CA online te kopen. Maak vandaag nog contact met de beste winkel van de stad!\" \/>\n<meta property=\"og:url\" content=\"https:\/\/rckopen.com\/it\/prodotto\/adb-ca\/\" \/>\n<meta property=\"og:site_name\" content=\"RC Kopen\" \/>\n<meta property=\"article:modified_time\" content=\"2025-09-16T10:19:50+00:00\" \/>\n<meta property=\"og:image\" content=\"https:\/\/rckopen.com\/wp-content\/uploads\/2023\/08\/ADB-CA.jpg\" \/>\n\t<meta property=\"og:image:width\" content=\"600\" \/>\n\t<meta property=\"og:image:height\" content=\"600\" \/>\n\t<meta property=\"og:image:type\" content=\"image\/jpeg\" \/>\n<meta name=\"twitter:card\" content=\"summary_large_image\" \/>\n<meta name=\"twitter:label1\" content=\"Tempo di lettura stimato\" \/>\n\t<meta name=\"twitter:data1\" content=\"2 minuti\" \/>\n<script type=\"application\/ld+json\" class=\"yoast-schema-graph\">{\"@context\":\"https:\/\/schema.org\",\"@graph\":[{\"@type\":\"WebPage\",\"@id\":\"https:\/\/rckopen.com\/product\/adb-ca\/\",\"url\":\"https:\/\/rckopen.com\/product\/adb-ca\/\",\"name\":\"ADB-CA te koop - ADB-CA online kopen | RC Kopen\",\"isPartOf\":{\"@id\":\"https:\/\/rckopen.com\/#website\"},\"primaryImageOfPage\":{\"@id\":\"https:\/\/rckopen.com\/product\/adb-ca\/#primaryimage\"},\"image\":{\"@id\":\"https:\/\/rckopen.com\/product\/adb-ca\/#primaryimage\"},\"thumbnailUrl\":\"https:\/\/rckopen.com\/wp-content\/uploads\/2023\/08\/ADB-CA.jpg\",\"datePublished\":\"2023-08-15T05:57:38+00:00\",\"dateModified\":\"2025-09-16T10:19:50+00:00\",\"description\":\"U kunt ADB-CA tegen de beste prijzen te koop krijgen in onze online RCK-winkel. Wij zijn hier om u te helpen ADB-CA online te kopen. Maak vandaag nog contact met de beste winkel van de stad!\",\"breadcrumb\":{\"@id\":\"https:\/\/rckopen.com\/product\/adb-ca\/#breadcrumb\"},\"inLanguage\":\"it-IT\",\"potentialAction\":[{\"@type\":\"ReadAction\",\"target\":[\"https:\/\/rckopen.com\/product\/adb-ca\/\"]}]},{\"@type\":\"ImageObject\",\"inLanguage\":\"it-IT\",\"@id\":\"https:\/\/rckopen.com\/product\/adb-ca\/#primaryimage\",\"url\":\"https:\/\/rckopen.com\/wp-content\/uploads\/2023\/08\/ADB-CA.jpg\",\"contentUrl\":\"https:\/\/rckopen.com\/wp-content\/uploads\/2023\/08\/ADB-CA.jpg\",\"width\":600,\"height\":600,\"caption\":\"ADB-CA Online bestellen\"},{\"@type\":\"BreadcrumbList\",\"@id\":\"https:\/\/rckopen.com\/product\/adb-ca\/#breadcrumb\",\"itemListElement\":[{\"@type\":\"ListItem\",\"position\":1,\"name\":\"Home\",\"item\":\"https:\/\/rckopen.com\/\"},{\"@type\":\"ListItem\",\"position\":2,\"name\":\"Shop\",\"item\":\"https:\/\/rckopen.com\/shop\/\"},{\"@type\":\"ListItem\",\"position\":3,\"name\":\"ADB CA Online kopen\"}]},{\"@type\":\"WebSite\",\"@id\":\"https:\/\/rckopen.com\/#website\",\"url\":\"https:\/\/rckopen.com\/\",\"name\":\"RC Kopen\",\"description\":\"Research Chemicals\",\"potentialAction\":[{\"@type\":\"SearchAction\",\"target\":{\"@type\":\"EntryPoint\",\"urlTemplate\":\"https:\/\/rckopen.com\/?s={search_term_string}\"},\"query-input\":{\"@type\":\"PropertyValueSpecification\",\"valueRequired\":true,\"valueName\":\"search_term_string\"}}],\"inLanguage\":\"it-IT\"}]}<\/script>\n<!-- \/ Yoast SEO plugin. -->","yoast_head_json":{"title":"ADB-CA te koop - ADB-CA online kopen | RC Kopen","description":"U kunt ADB-CA tegen de beste prijzen te koop krijgen in onze online RCK-winkel. Wij zijn hier om u te helpen ADB-CA online te kopen. Maak vandaag nog contact met de beste winkel van de stad!","robots":{"index":"index","follow":"follow","max-snippet":"max-snippet:-1","max-image-preview":"max-image-preview:large","max-video-preview":"max-video-preview:-1"},"canonical":"https:\/\/rckopen.com\/it\/prodotto\/adb-ca\/","og_locale":"it_IT","og_type":"article","og_title":"ADB-CA te koop - ADB-CA online kopen | RC Kopen","og_description":"U kunt ADB-CA tegen de beste prijzen te koop krijgen in onze online RCK-winkel. Wij zijn hier om u te helpen ADB-CA online te kopen. Maak vandaag nog contact met de beste winkel van de stad!","og_url":"https:\/\/rckopen.com\/it\/prodotto\/adb-ca\/","og_site_name":"RC Kopen","article_modified_time":"2025-09-16T10:19:50+00:00","og_image":[{"width":600,"height":600,"url":"https:\/\/rckopen.com\/wp-content\/uploads\/2023\/08\/ADB-CA.jpg","type":"image\/jpeg"}],"twitter_card":"summary_large_image","twitter_misc":{"Tempo di lettura stimato":"2 minuti"},"schema":{"@context":"https:\/\/schema.org","@graph":[{"@type":"WebPage","@id":"https:\/\/rckopen.com\/product\/adb-ca\/","url":"https:\/\/rckopen.com\/product\/adb-ca\/","name":"ADB-CA te koop - ADB-CA online kopen | RC Kopen","isPartOf":{"@id":"https:\/\/rckopen.com\/#website"},"primaryImageOfPage":{"@id":"https:\/\/rckopen.com\/product\/adb-ca\/#primaryimage"},"image":{"@id":"https:\/\/rckopen.com\/product\/adb-ca\/#primaryimage"},"thumbnailUrl":"https:\/\/rckopen.com\/wp-content\/uploads\/2023\/08\/ADB-CA.jpg","datePublished":"2023-08-15T05:57:38+00:00","dateModified":"2025-09-16T10:19:50+00:00","description":"U kunt ADB-CA tegen de beste prijzen te koop krijgen in onze online RCK-winkel. Wij zijn hier om u te helpen ADB-CA online te kopen. Maak vandaag nog contact met de beste winkel van de stad!","breadcrumb":{"@id":"https:\/\/rckopen.com\/product\/adb-ca\/#breadcrumb"},"inLanguage":"it-IT","potentialAction":[{"@type":"ReadAction","target":["https:\/\/rckopen.com\/product\/adb-ca\/"]}]},{"@type":"ImageObject","inLanguage":"it-IT","@id":"https:\/\/rckopen.com\/product\/adb-ca\/#primaryimage","url":"https:\/\/rckopen.com\/wp-content\/uploads\/2023\/08\/ADB-CA.jpg","contentUrl":"https:\/\/rckopen.com\/wp-content\/uploads\/2023\/08\/ADB-CA.jpg","width":600,"height":600,"caption":"ADB-CA Online bestellen"},{"@type":"BreadcrumbList","@id":"https:\/\/rckopen.com\/product\/adb-ca\/#breadcrumb","itemListElement":[{"@type":"ListItem","position":1,"name":"Home","item":"https:\/\/rckopen.com\/"},{"@type":"ListItem","position":2,"name":"Shop","item":"https:\/\/rckopen.com\/shop\/"},{"@type":"ListItem","position":3,"name":"ADB CA Online kopen"}]},{"@type":"WebSite","@id":"https:\/\/rckopen.com\/#website","url":"https:\/\/rckopen.com\/","name":"RC Kopen","description":"Research Chemicals","potentialAction":[{"@type":"SearchAction","target":{"@type":"EntryPoint","urlTemplate":"https:\/\/rckopen.com\/?s={search_term_string}"},"query-input":{"@type":"PropertyValueSpecification","valueRequired":true,"valueName":"search_term_string"}}],"inLanguage":"it-IT"}]}},"_links":{"self":[{"href":"https:\/\/rckopen.com\/it\/wp-json\/wp\/v2\/product\/6421","targetHints":{"allow":["GET"]}}],"collection":[{"href":"https:\/\/rckopen.com\/it\/wp-json\/wp\/v2\/product"}],"about":[{"href":"https:\/\/rckopen.com\/it\/wp-json\/wp\/v2\/types\/product"}],"replies":[{"embeddable":true,"href":"https:\/\/rckopen.com\/it\/wp-json\/wp\/v2\/comments?post=6421"}],"wp:featuredmedia":[{"embeddable":true,"href":"https:\/\/rckopen.com\/it\/wp-json\/wp\/v2\/media\/6422"}],"wp:attachment":[{"href":"https:\/\/rckopen.com\/it\/wp-json\/wp\/v2\/media?parent=6421"}],"wp:term":[{"taxonomy":"product_brand","embeddable":true,"href":"https:\/\/rckopen.com\/it\/wp-json\/wp\/v2\/product_brand?post=6421"},{"taxonomy":"product_cat","embeddable":true,"href":"https:\/\/rckopen.com\/it\/wp-json\/wp\/v2\/product_cat?post=6421"},{"taxonomy":"product_tag","embeddable":true,"href":"https:\/\/rckopen.com\/it\/wp-json\/wp\/v2\/product_tag?post=6421"}],"curies":[{"name":"wp","href":"https:\/\/api.w.org\/{rel}","templated":true}]}}