{"id":6432,"date":"2023-08-15T07:59:06","date_gmt":"2023-08-15T07:59:06","guid":{"rendered":"https:\/\/diligentplug.com\/chems\/?post_type=product&#038;p=6432"},"modified":"2025-02-03T05:23:51","modified_gmt":"2025-02-03T05:23:51","slug":"adb-butinaca","status":"publish","type":"product","link":"https:\/\/rckopen.com\/it\/prodotto\/adb-butinaca\/","title":{"rendered":"acquista adb-butinaca online"},"content":{"rendered":"<h2>rckopen.com offre prodotti non destinati al consumo umano. Il consumo di questo prodotto (involontario) potrebbe avere gravi conseguenze mediche.<\/h2>\n<h2>Informazioni generali Acquistare ADB-BUTINACA online<\/h2>\n<p><a href=\"https:\/\/rckopen.com\/it\/prodotto\/adb-butinaca\/\">ADB-BINACA<\/a>\u00a0\u00e8 una sostanza chimica di ricerca che sintetizza i cannabinoidi e che \u00e8 stata trovata come componente fissa in alcuni prodotti sintetici a base di cannabis. Inizialmente sviluppato dalla Pfizer come potenziale antidolorifico, \u00e8 un potente agonista del recettore CB1 con un bias limitante (Ki) di 0,33 nM e un EC50 di 14,7 nM. ADB-BINACA. L'ADB-BUTINACA \u00e8 un potente cannabinoide agonista indolico ed \u00e8 anche un intenso agonista dei recettori CB1 e CB2.<\/p>\n<p>Questo materiale di ricerca \u00e8 praticamente identico ad altri annabinoidi sintetici noti, come l'MDMB-BUTINACA. Il prodotto chimico di ricerca ADB-BUTINACA \u00e8 una dedica a scopo di ricerca. Il prodotto chimico di ricerca ADB-BUTINACA \u00e8 un sintetinoide.c cannabi<br \/>\nComposizione chimica <a href=\"https:\/\/en.wikipedia.org\/wiki\/ADB-BUTINACA\">ADB-BUTINACA<\/a><\/p>\n<p>L'analogo con una sostituzione 1-butile sull'anello indazolico rispetto all'1-benzile \u00e8 stato venduto anche come prodotto chimico di ricerca con il nome di ADB-BINACA. Tuttavia, viene generalmente chiamato ADB-BUTINACA per evitare disordini con il composto benzilico. \u00c8 un agonista CB1 relativamente intenso, con una EC50 di 6,36 nM. La sua equazione \u00e8 C18H26N4O2. La sua massa molare \u00e8 330,432 g-mol-1.<\/p>\n<h3>Farmacologia ADB-BUTINACA<\/h3>\n<p>L'ADB-BUTINACA \u00e8 uno standard di riferimento perspicace, essenzialmente simile ai cannabinoidi sintetici conosciuti. L'ADB-BUTINACA \u00e8 controllato come un composto di Schedule I. Questo articolo \u00e8 previsto per la ricerca e le applicazioni misurabili. L'ADB-BUTINACA \u00e8 stato associato a numerosi avvelenamenti estremi e decessi.<\/p>\n<p>La comprensione della farmacologia e del sistema di avvelenamento \u00e8 scarsa per ADB-BUTINACA perch\u00e9 le informazioni sono limitate.<\/p>\n<h3>Acquista ADB-BUTINACA di alta qualit\u00e0 online<\/h3>\n<p>Come acquistare ADB-BUTINACA premium in modo sicuro? <a href=\"https:\/\/rckopen.com\/it\/\">RC Kopen<\/a> si impegna per la soddisfazione generale dei propri clienti. Diversi studi hanno dimostrato che i clienti richiedono effettivamente dati, con la frequenza che ritengono necessaria, prima di acquistare composti sintetici per la ricerca.<\/p>\n<p>Distribuiamo tutte le conseguenze di laboratorio di ogni complesso di ricerca su un documento pdf per garantire che le nostre RC siano generalmente conformi alle conferme di lavoro e siano note e accessibili a tutti. L'esplorazione dei composti sintetici, tra cui ADB-BUTINACA, \u00e8 gestita con la massima attenzione. Vengono trasportati, immagazzinati e conservati in luoghi freschi e asciutti. Tutti gli articoli vengono costantemente pre-testati per verificarne la qualit\u00e0, la purezza e la sicurezza.<\/p>\n<h3>ADB-BUTINACA testato in laboratorio con risultati.<\/h3>\n<p>RC Kopen sta facendo progressi verso la soddisfazione complessiva dei suoi clienti. Diversi sondaggi hanno dimostrato che i clienti richiedono una quantit\u00e0 di dati pari a quella prevista prima di acquistare prodotti chimici di ricerca sintetici. Inoltre, pubblichiamo tutte le conseguenze di laboratorio di ogni prodotto chimico di ricerca in un documento PDF.<\/p>\n<p>Il nostro ADB-BUTINACA rispetta costantemente i principi attivi ed \u00e8 chiaro per tutti.Distribuiamo tutte le sequenze di laboratorio di ogni prodotto chimico di ricerca su un documento PDF.<\/p>\n<h3>Ordinazione sicura presso ADB-BUTINACA.<\/h3>\n<p>I prodotti chimici di ricerca firmati RC Kopen sono di qualit\u00e0 eccellente e hanno un prezzo equo. Pertanto, vi garantiamo che quando richiedete i vostri prodotti chimici di ricerca a RC Kopen, consegneremo la vostra richiesta a casa vostra in modo rapido e sicuro, poich\u00e9 le vendite di prodotti chimici di ricerca sono sempre disponibili su RC Kopen.<\/p>\n<p>Richiedere composti di ricerca sintetici con Bitcoin o bonifico bancario \u00e8 facile su RC Kopen.<\/p>\n<p>Spediamo la polvere per la ricerca chimica lo stesso giorno lavorativo se il pagamento viene ricevuto entro le 15:00 CEST.<\/p>\n<p>Non consegniamo articoli a persone di et\u00e0 inferiore ai 18 anni!<\/p>\n<p>La vendita di prodotti chimici per la ricerca \u00e8 solo a scopo di ricerca.<\/p>\n<h3>Spedizione discreta di prodotti chimici per la ricerca.<\/h3>\n<p>RC Kopen imballer\u00e0 il vostro ordine in modo sicuro e protetto per garantire un trasporto adeguato. Inoltre, l'imballaggio \u00e8 perfettamente invisibile e non viene mostrato nulla all'esterno di ci\u00f2 che potrebbe essere contenuto all'interno.<\/p>\n<p>Precauzioni<\/p>\n<p>Gli RC offerti da RC Kopen sono a scopo di ricerca; il consumo umano \u00e8 severamente vietato.<\/p>\n<p>Acquistare i giusti dispositivi di protezione individuale, come occhiali e guanti. Puliteli e curateli adeguatamente. Seguite sistemi sicuri quando maneggiate le sostanze chimiche per la ricerca e non prendete scorciatoie.<\/p>\n<p>Se la sostanza in studio viene a contatto con gli occhi, sciacquare bene e rimuovere le lenti a contatto, se necessario.<\/p>\n<p>Durante l'uso di queste sostanze chimiche, cercate di usare una maschera in modo che non vi entrino dentro mentre respirate.<\/p>\n<p>Come indicato dai metodi supportati, maneggiare, immagazzinare e smaltire le sostanze pericolose in modo sicuro. Non versarle mai nelle fognature o nei canali.<\/p>\n<p>Conservare i prodotti chimici di ricerca in modo appropriato, come indicato dal loro nome. I prodotti chimici infiammabili devono essere conservati in un luogo eccellente e asciutto, lontano dall'intensit\u00e0 e dalla luce del giorno. Alcune sostanze plastiche, come gli acidi, devono essere conservate in modo indipendente.<\/p>","protected":false},"excerpt":{"rendered":"<p><strong>Nome IUPAC: <\/strong>N-(1-amino-3,3-dimethyl-1-oxobutan-2-yl)-1-butyl-1H-indazole-3-carboxamide<\/p>\n<p><strong>CAS # <\/strong>2682867-55-4<\/p>\n<p><strong>Analisi NMR: <\/strong>C18H26N4O2<\/p>","protected":false},"featured_media":6453,"comment_status":"open","ping_status":"closed","template":"","meta":{"_joinchat":[]},"product_brand":[],"product_cat":[132],"product_tag":[],"class_list":{"0":"post-6432","1":"product","2":"type-product","3":"status-publish","4":"has-post-thumbnail","6":"product_cat-cannabinoiden","8":"first","9":"instock","10":"shipping-taxable","11":"purchasable","12":"product-type-variable"},"yoast_head":"<!-- This site is optimized with the Yoast SEO plugin v26.3 - https:\/\/yoast.com\/wordpress\/plugins\/seo\/ -->\n<title>ADB-BUTINACA online kopen - ADB-BUTINACA online te koop<\/title>\n<meta name=\"description\" content=\"Als je gepassioneerd bent door ADB-BUTINACA, dan is onze winkel de beste plek om ADB-BUTINACA online te kopen. U kunt ADB-BUTINACA te koop hebben tegen de laagste prijs. Bestel nu en ontvang hem binnenkort!\" \/>\n<meta name=\"robots\" content=\"index, follow, max-snippet:-1, max-image-preview:large, max-video-preview:-1\" \/>\n<link rel=\"canonical\" href=\"https:\/\/rckopen.com\/it\/prodotto\/adb-butinaca\/\" \/>\n<meta property=\"og:locale\" content=\"it_IT\" \/>\n<meta property=\"og:type\" content=\"article\" \/>\n<meta property=\"og:title\" content=\"ADB-BUTINACA online kopen - ADB-BUTINACA online te koop\" \/>\n<meta property=\"og:description\" content=\"Als je gepassioneerd bent door ADB-BUTINACA, dan is onze winkel de beste plek om ADB-BUTINACA online te kopen. U kunt ADB-BUTINACA te koop hebben tegen de laagste prijs. Bestel nu en ontvang hem binnenkort!\" \/>\n<meta property=\"og:url\" content=\"https:\/\/rckopen.com\/it\/prodotto\/adb-butinaca\/\" \/>\n<meta property=\"og:site_name\" content=\"RC Kopen\" \/>\n<meta property=\"article:modified_time\" content=\"2025-02-03T05:23:51+00:00\" \/>\n<meta property=\"og:image\" content=\"https:\/\/rckopen.com\/wp-content\/uploads\/2023\/08\/adb-butinaca.jpg\" \/>\n\t<meta property=\"og:image:width\" content=\"600\" \/>\n\t<meta property=\"og:image:height\" content=\"600\" \/>\n\t<meta property=\"og:image:type\" content=\"image\/jpeg\" \/>\n<meta name=\"twitter:card\" content=\"summary_large_image\" \/>\n<meta name=\"twitter:label1\" content=\"Tempo di lettura stimato\" \/>\n\t<meta name=\"twitter:data1\" content=\"4 minuti\" \/>\n<script type=\"application\/ld+json\" class=\"yoast-schema-graph\">{\"@context\":\"https:\/\/schema.org\",\"@graph\":[{\"@type\":\"WebPage\",\"@id\":\"https:\/\/rckopen.com\/product\/adb-butinaca\/\",\"url\":\"https:\/\/rckopen.com\/product\/adb-butinaca\/\",\"name\":\"ADB-BUTINACA online kopen - ADB-BUTINACA online te koop\",\"isPartOf\":{\"@id\":\"https:\/\/rckopen.com\/#website\"},\"primaryImageOfPage\":{\"@id\":\"https:\/\/rckopen.com\/product\/adb-butinaca\/#primaryimage\"},\"image\":{\"@id\":\"https:\/\/rckopen.com\/product\/adb-butinaca\/#primaryimage\"},\"thumbnailUrl\":\"https:\/\/rckopen.com\/wp-content\/uploads\/2023\/08\/adb-butinaca.jpg\",\"datePublished\":\"2023-08-15T07:59:06+00:00\",\"dateModified\":\"2025-02-03T05:23:51+00:00\",\"description\":\"Als je gepassioneerd bent door ADB-BUTINACA, dan is onze winkel de beste plek om ADB-BUTINACA online te kopen. U kunt ADB-BUTINACA te koop hebben tegen de laagste prijs. Bestel nu en ontvang hem binnenkort!\",\"breadcrumb\":{\"@id\":\"https:\/\/rckopen.com\/product\/adb-butinaca\/#breadcrumb\"},\"inLanguage\":\"it-IT\",\"potentialAction\":[{\"@type\":\"ReadAction\",\"target\":[\"https:\/\/rckopen.com\/product\/adb-butinaca\/\"]}]},{\"@type\":\"ImageObject\",\"inLanguage\":\"it-IT\",\"@id\":\"https:\/\/rckopen.com\/product\/adb-butinaca\/#primaryimage\",\"url\":\"https:\/\/rckopen.com\/wp-content\/uploads\/2023\/08\/adb-butinaca.jpg\",\"contentUrl\":\"https:\/\/rckopen.com\/wp-content\/uploads\/2023\/08\/adb-butinaca.jpg\",\"width\":600,\"height\":600,\"caption\":\"adb-butinaca online kopen\"},{\"@type\":\"BreadcrumbList\",\"@id\":\"https:\/\/rckopen.com\/product\/adb-butinaca\/#breadcrumb\",\"itemListElement\":[{\"@type\":\"ListItem\",\"position\":1,\"name\":\"Home\",\"item\":\"https:\/\/rckopen.com\/\"},{\"@type\":\"ListItem\",\"position\":2,\"name\":\"Shop\",\"item\":\"https:\/\/rckopen.com\/shop\/\"},{\"@type\":\"ListItem\",\"position\":3,\"name\":\"adb-butinaca online kopen\"}]},{\"@type\":\"WebSite\",\"@id\":\"https:\/\/rckopen.com\/#website\",\"url\":\"https:\/\/rckopen.com\/\",\"name\":\"RC Kopen\",\"description\":\"Research Chemicals\",\"potentialAction\":[{\"@type\":\"SearchAction\",\"target\":{\"@type\":\"EntryPoint\",\"urlTemplate\":\"https:\/\/rckopen.com\/?s={search_term_string}\"},\"query-input\":{\"@type\":\"PropertyValueSpecification\",\"valueRequired\":true,\"valueName\":\"search_term_string\"}}],\"inLanguage\":\"it-IT\"}]}<\/script>\n<!-- \/ Yoast SEO plugin. -->","yoast_head_json":{"title":"ADB-BUTINACA online kopen - ADB-BUTINACA online te koop","description":"Als je gepassioneerd bent door ADB-BUTINACA, dan is onze winkel de beste plek om ADB-BUTINACA online te kopen. U kunt ADB-BUTINACA te koop hebben tegen de laagste prijs. Bestel nu en ontvang hem binnenkort!","robots":{"index":"index","follow":"follow","max-snippet":"max-snippet:-1","max-image-preview":"max-image-preview:large","max-video-preview":"max-video-preview:-1"},"canonical":"https:\/\/rckopen.com\/it\/prodotto\/adb-butinaca\/","og_locale":"it_IT","og_type":"article","og_title":"ADB-BUTINACA online kopen - ADB-BUTINACA online te koop","og_description":"Als je gepassioneerd bent door ADB-BUTINACA, dan is onze winkel de beste plek om ADB-BUTINACA online te kopen. U kunt ADB-BUTINACA te koop hebben tegen de laagste prijs. Bestel nu en ontvang hem binnenkort!","og_url":"https:\/\/rckopen.com\/it\/prodotto\/adb-butinaca\/","og_site_name":"RC Kopen","article_modified_time":"2025-02-03T05:23:51+00:00","og_image":[{"width":600,"height":600,"url":"https:\/\/rckopen.com\/wp-content\/uploads\/2023\/08\/adb-butinaca.jpg","type":"image\/jpeg"}],"twitter_card":"summary_large_image","twitter_misc":{"Tempo di lettura stimato":"4 minuti"},"schema":{"@context":"https:\/\/schema.org","@graph":[{"@type":"WebPage","@id":"https:\/\/rckopen.com\/product\/adb-butinaca\/","url":"https:\/\/rckopen.com\/product\/adb-butinaca\/","name":"ADB-BUTINACA online kopen - ADB-BUTINACA online te koop","isPartOf":{"@id":"https:\/\/rckopen.com\/#website"},"primaryImageOfPage":{"@id":"https:\/\/rckopen.com\/product\/adb-butinaca\/#primaryimage"},"image":{"@id":"https:\/\/rckopen.com\/product\/adb-butinaca\/#primaryimage"},"thumbnailUrl":"https:\/\/rckopen.com\/wp-content\/uploads\/2023\/08\/adb-butinaca.jpg","datePublished":"2023-08-15T07:59:06+00:00","dateModified":"2025-02-03T05:23:51+00:00","description":"Als je gepassioneerd bent door ADB-BUTINACA, dan is onze winkel de beste plek om ADB-BUTINACA online te kopen. U kunt ADB-BUTINACA te koop hebben tegen de laagste prijs. Bestel nu en ontvang hem binnenkort!","breadcrumb":{"@id":"https:\/\/rckopen.com\/product\/adb-butinaca\/#breadcrumb"},"inLanguage":"it-IT","potentialAction":[{"@type":"ReadAction","target":["https:\/\/rckopen.com\/product\/adb-butinaca\/"]}]},{"@type":"ImageObject","inLanguage":"it-IT","@id":"https:\/\/rckopen.com\/product\/adb-butinaca\/#primaryimage","url":"https:\/\/rckopen.com\/wp-content\/uploads\/2023\/08\/adb-butinaca.jpg","contentUrl":"https:\/\/rckopen.com\/wp-content\/uploads\/2023\/08\/adb-butinaca.jpg","width":600,"height":600,"caption":"adb-butinaca online kopen"},{"@type":"BreadcrumbList","@id":"https:\/\/rckopen.com\/product\/adb-butinaca\/#breadcrumb","itemListElement":[{"@type":"ListItem","position":1,"name":"Home","item":"https:\/\/rckopen.com\/"},{"@type":"ListItem","position":2,"name":"Shop","item":"https:\/\/rckopen.com\/shop\/"},{"@type":"ListItem","position":3,"name":"adb-butinaca online kopen"}]},{"@type":"WebSite","@id":"https:\/\/rckopen.com\/#website","url":"https:\/\/rckopen.com\/","name":"RC Kopen","description":"Research Chemicals","potentialAction":[{"@type":"SearchAction","target":{"@type":"EntryPoint","urlTemplate":"https:\/\/rckopen.com\/?s={search_term_string}"},"query-input":{"@type":"PropertyValueSpecification","valueRequired":true,"valueName":"search_term_string"}}],"inLanguage":"it-IT"}]}},"_links":{"self":[{"href":"https:\/\/rckopen.com\/it\/wp-json\/wp\/v2\/product\/6432","targetHints":{"allow":["GET"]}}],"collection":[{"href":"https:\/\/rckopen.com\/it\/wp-json\/wp\/v2\/product"}],"about":[{"href":"https:\/\/rckopen.com\/it\/wp-json\/wp\/v2\/types\/product"}],"replies":[{"embeddable":true,"href":"https:\/\/rckopen.com\/it\/wp-json\/wp\/v2\/comments?post=6432"}],"wp:featuredmedia":[{"embeddable":true,"href":"https:\/\/rckopen.com\/it\/wp-json\/wp\/v2\/media\/6453"}],"wp:attachment":[{"href":"https:\/\/rckopen.com\/it\/wp-json\/wp\/v2\/media?parent=6432"}],"wp:term":[{"taxonomy":"product_brand","embeddable":true,"href":"https:\/\/rckopen.com\/it\/wp-json\/wp\/v2\/product_brand?post=6432"},{"taxonomy":"product_cat","embeddable":true,"href":"https:\/\/rckopen.com\/it\/wp-json\/wp\/v2\/product_cat?post=6432"},{"taxonomy":"product_tag","embeddable":true,"href":"https:\/\/rckopen.com\/it\/wp-json\/wp\/v2\/product_tag?post=6432"}],"curies":[{"name":"wp","href":"https:\/\/api.w.org\/{rel}","templated":true}]}}