{"id":6434,"date":"2023-08-15T08:05:17","date_gmt":"2023-08-15T08:05:17","guid":{"rendered":"https:\/\/diligentplug.com\/chems\/?post_type=product&#038;p=6434"},"modified":"2025-02-04T04:28:05","modified_gmt":"2025-02-04T04:28:05","slug":"mdphp-hcl","status":"publish","type":"product","link":"https:\/\/rckopen.com\/it\/prodotto\/mdphp-hcl\/","title":{"rendered":"Acquista MDPHP HCL online"},"content":{"rendered":"<h2>Acquista MDPHP HCL online<\/h2>\n<p><a href=\"https:\/\/rckopen.com\/it\/prodotto\/mdphp-hcl\/\">Acquista MDPHP HCL online<\/a>, L'MDPHP \u00e8 una sostanza chimica della classe dei catinone. Altri prodotti della classe dei catichinoni includono 3-CMC e 4-EMC.Vendiamo questa sostanza come freebase e come HCL, entrambe in confezioni da 1 gr per articolo. Inoltre, vendiamo MDPHP sotto forma di pellet, 10x 25 mg ciascuno. Questo prodotto \u00e8 destinato esclusivamente a scopi di ricerca e non \u00e8 espressamente destinato al consumo. Pertanto, tenerlo fuori dalla portata dei bambini e degli animali domestici e leggere le istruzioni di sicurezza sul nostro sito Web prima dell'uso<a href=\"https:\/\/rckopen.com\/it\/categoria-di-prodotto\/kratom\/\">.<\/a><\/p>\n<h2>MDPHP HCL e il suo confezionamento<\/h2>\n<p>Il MDPHP \u00e8 confezionato in sacchetti di colore e contenuto diversi:<br \/>\nArgento = 1 articolo, Oro = 2 articoli, Viola = 5 articoli, Blu = 10 articoli, Nero = 25 articoli<\/p>\n<p>Consegniamo i nostri prodotti solo nei Paesi Bassi.<\/p>\n<p>Leggete qui l'opuscolo.<br \/>\nLeggi qui il V.I.B.<\/p>\n<p>CAS: 24622-61-5<\/p>\n<p>MDPHP (3\u2032,4\u2032-metilendiossi-\u03b1-pirrolidinoesiofenone)<\/p>\n<div id=\"enhancedtextwidget-500\" class=\"widget-2 widget widget_text enhanced-text-widget widget-shortcode area-arbitrary\">\n<div class=\"textwidget widget-text\"><strong>Spedizione*<\/strong><br \/>\nOrdina durante la settimana prima delle 17:00 con posta ordinaria o entro le 19:30 con pacco postale, e lo spediremo lo stesso giorno. Acquista MDPHP HCL! Ordina sabato prima delle 12:00 con pacco postale e ricevi il tuo ordine (quasi sempre) luned\u00ec!<\/p>\n<h2><strong>Precauzioni<\/strong><\/h2>\n<p>Si raccomanda di indossare guanti, occhiali di sicurezza e un respiratore durante la manipolazione <a href=\"https:\/\/en.wikipedia.org\/wiki\/MDPHP\">MDPHP<\/a>-polvere in laboratorio perch\u00e9 \u00e8 una polvere fine che pu\u00f2 facilmente entrare nelle vie respiratorie ed essere inalata accidentalmente.<\/p>\n<p>In caso di esposizione accidentale, si raccomanda di mettere a disposizione degli operatori sanitari l'etichetta del prodotto (con informazioni IUPAC e CAS).<\/p>\n<p>Il contatto involontario con gli occhi deve essere trattato immediatamente sciacquando accuratamente con acqua dopo aver rimosso le lenti a contatto.<\/p>\n<h2><strong>Waar ik MDPHP online kopen?<\/strong><\/h2>\n<p>Noi di legitchemicals siamo orgogliosi di offrire la pi\u00f9 alta qualit\u00e0 di MDPHP in vendita. rckopen \u00e8 la destinazione principale per chiunque voglia acquistare MDPHP. Effettuiamo rigorosi test GC MS prima di mettere in vendita la nostra gamma.<\/p>\n<p>Si prega di notare che \u00e8 necessario avere almeno 18 anni per acquistare MDPHP online da legitchemicals. Tutti i prodotti chimici di ricerca venduti sono solo per uso di ricerca in laboratorio e non sono destinati al consumo umano.\u00a0<strong>Il MDPHP \u00e8 legale?<\/strong><strong><br \/>\n<\/strong><\/p>\n<p>Per quanto riguarda la legalit\u00e0 dell'MDPHP, vi consigliamo vivamente di informarvi sulla situazione legale del paese in cui vivete\/spedite. Ci impegniamo al massimo per ridurre al minimo i rischi per i nostri clienti a causa delle nostre restrizioni di fornitura attive.<\/p>\n<p>Tuttavia, le leggi cambiano continuamente in tutto il mondo e legitchemicals non pu\u00f2 assumersi la responsabilit\u00e0 in caso di complicazioni. In definitiva, \u00e8 responsabilit\u00e0 dell'acquirente assicurarsi che il prodotto non violi le leggi o la giurisdizione della destinazione di spedizione.<\/p>\n<\/div>\n<\/div>\n<p><a href=\"https:\/\/rckopen.com\/it\/\">RCKopen<\/a> offre prodotti non destinati al consumo umano. Se si consuma questo prodotto (involontariamente), potrebbero verificarsi gravi conseguenze mediche<a href=\"https:\/\/chemswell.com\/product-category\/psychedelic-drug\/\">.<\/a><\/p>","protected":false},"excerpt":{"rendered":"<p><strong>Nome IUPAC:<\/strong> 1-(1,3-benzodiossolo-5-il)-2-pirrolidina-1-ilesano-1-one; cloridrato<\/p>\n<p><strong>CAS #<\/strong> 24622-61-5<\/p>\n<p><strong>Aspetto:<\/strong> polvere<\/p>\n<p><strong>Forma:<\/strong> HCL<\/p>\n<p><strong>Analisi NMR:<\/strong> C17H24ClNO3<\/p>\n<p>Consegna rapida e discreta del miglior MDPHP Freebase (0,5gr).<\/p>\n<p><strong>Ordinato nei giorni feriali prima delle 19.30 viene spedito il giorno stesso!<\/strong><\/p>\n<p><b>Attenzione:<\/b><b>\u00a0Non vendiamo a persone di et\u00e0 inferiore ai 21 anni.<\/b><br \/>\nIl prodotto MDPHP Freebase (0,5gr) pu\u00f2 essere dannoso per la salute e non \u00e8 adatto al consumo. La mancata osservanza delle nostre istruzioni di sicurezza pu\u00f2 causare rischi potenzialmente gravi per la salute. Si prega pertanto di attenersi alle nostre istruzioni di sicurezza.<\/p>","protected":false},"featured_media":6451,"comment_status":"open","ping_status":"closed","template":"","meta":{"_joinchat":[]},"product_brand":[],"product_cat":[134],"product_tag":[],"class_list":{"0":"post-6434","1":"product","2":"type-product","3":"status-publish","4":"has-post-thumbnail","6":"product_cat-cathinon","8":"first","9":"instock","10":"shipping-taxable","11":"purchasable","12":"product-type-variable"},"yoast_head":"<!-- This site is optimized with the Yoast SEO plugin v26.3 - https:\/\/yoast.com\/wordpress\/plugins\/seo\/ -->\n<title>MDPHP HCL Online kopen | MDPHP HCL te koop | RC Kopen<\/title>\n<meta name=\"description\" content=\"MDPHP HCL van topkwaliteit te koop. U kunt nooit om de kwaliteit van onze producten heen. Als u dat nodig heeft, kunt u MDPHP HCL meteen online kopen.\" \/>\n<meta name=\"robots\" content=\"index, follow, max-snippet:-1, max-image-preview:large, max-video-preview:-1\" \/>\n<link rel=\"canonical\" href=\"https:\/\/rckopen.com\/it\/prodotto\/mdphp-hcl\/\" \/>\n<meta property=\"og:locale\" content=\"it_IT\" \/>\n<meta property=\"og:type\" content=\"article\" \/>\n<meta property=\"og:title\" content=\"MDPHP HCL Online kopen | MDPHP HCL te koop | RC Kopen\" \/>\n<meta property=\"og:description\" content=\"MDPHP HCL van topkwaliteit te koop. U kunt nooit om de kwaliteit van onze producten heen. Als u dat nodig heeft, kunt u MDPHP HCL meteen online kopen.\" \/>\n<meta property=\"og:url\" content=\"https:\/\/rckopen.com\/it\/prodotto\/mdphp-hcl\/\" \/>\n<meta property=\"og:site_name\" content=\"RC Kopen\" \/>\n<meta property=\"article:modified_time\" content=\"2025-02-04T04:28:05+00:00\" \/>\n<meta property=\"og:image\" content=\"https:\/\/rckopen.com\/wp-content\/uploads\/2023\/08\/MDPHP-HCL.jpg\" \/>\n\t<meta property=\"og:image:width\" content=\"600\" \/>\n\t<meta property=\"og:image:height\" content=\"600\" \/>\n\t<meta property=\"og:image:type\" content=\"image\/jpeg\" \/>\n<meta name=\"twitter:card\" content=\"summary_large_image\" \/>\n<meta name=\"twitter:label1\" content=\"Tempo di lettura stimato\" \/>\n\t<meta name=\"twitter:data1\" content=\"3 minuti\" \/>\n<script type=\"application\/ld+json\" class=\"yoast-schema-graph\">{\"@context\":\"https:\/\/schema.org\",\"@graph\":[{\"@type\":\"WebPage\",\"@id\":\"https:\/\/rckopen.com\/product\/mdphp-hcl\/\",\"url\":\"https:\/\/rckopen.com\/product\/mdphp-hcl\/\",\"name\":\"MDPHP HCL Online kopen | MDPHP HCL te koop | RC Kopen\",\"isPartOf\":{\"@id\":\"https:\/\/rckopen.com\/#website\"},\"primaryImageOfPage\":{\"@id\":\"https:\/\/rckopen.com\/product\/mdphp-hcl\/#primaryimage\"},\"image\":{\"@id\":\"https:\/\/rckopen.com\/product\/mdphp-hcl\/#primaryimage\"},\"thumbnailUrl\":\"https:\/\/rckopen.com\/wp-content\/uploads\/2023\/08\/MDPHP-HCL.jpg\",\"datePublished\":\"2023-08-15T08:05:17+00:00\",\"dateModified\":\"2025-02-04T04:28:05+00:00\",\"description\":\"MDPHP HCL van topkwaliteit te koop. U kunt nooit om de kwaliteit van onze producten heen. Als u dat nodig heeft, kunt u MDPHP HCL meteen online kopen.\",\"breadcrumb\":{\"@id\":\"https:\/\/rckopen.com\/product\/mdphp-hcl\/#breadcrumb\"},\"inLanguage\":\"it-IT\",\"potentialAction\":[{\"@type\":\"ReadAction\",\"target\":[\"https:\/\/rckopen.com\/product\/mdphp-hcl\/\"]}]},{\"@type\":\"ImageObject\",\"inLanguage\":\"it-IT\",\"@id\":\"https:\/\/rckopen.com\/product\/mdphp-hcl\/#primaryimage\",\"url\":\"https:\/\/rckopen.com\/wp-content\/uploads\/2023\/08\/MDPHP-HCL.jpg\",\"contentUrl\":\"https:\/\/rckopen.com\/wp-content\/uploads\/2023\/08\/MDPHP-HCL.jpg\",\"width\":600,\"height\":600,\"caption\":\"MDPHP HCL online kopen\"},{\"@type\":\"BreadcrumbList\",\"@id\":\"https:\/\/rckopen.com\/product\/mdphp-hcl\/#breadcrumb\",\"itemListElement\":[{\"@type\":\"ListItem\",\"position\":1,\"name\":\"Home\",\"item\":\"https:\/\/rckopen.com\/\"},{\"@type\":\"ListItem\",\"position\":2,\"name\":\"Shop\",\"item\":\"https:\/\/rckopen.com\/shop\/\"},{\"@type\":\"ListItem\",\"position\":3,\"name\":\"MDPHP HCL online kopen\"}]},{\"@type\":\"WebSite\",\"@id\":\"https:\/\/rckopen.com\/#website\",\"url\":\"https:\/\/rckopen.com\/\",\"name\":\"RC Kopen\",\"description\":\"Research Chemicals\",\"potentialAction\":[{\"@type\":\"SearchAction\",\"target\":{\"@type\":\"EntryPoint\",\"urlTemplate\":\"https:\/\/rckopen.com\/?s={search_term_string}\"},\"query-input\":{\"@type\":\"PropertyValueSpecification\",\"valueRequired\":true,\"valueName\":\"search_term_string\"}}],\"inLanguage\":\"it-IT\"}]}<\/script>\n<!-- \/ Yoast SEO plugin. -->","yoast_head_json":{"title":"MDPHP HCL Online kopen | MDPHP HCL te koop | RC Kopen","description":"MDPHP HCL van topkwaliteit te koop. U kunt nooit om de kwaliteit van onze producten heen. Als u dat nodig heeft, kunt u MDPHP HCL meteen online kopen.","robots":{"index":"index","follow":"follow","max-snippet":"max-snippet:-1","max-image-preview":"max-image-preview:large","max-video-preview":"max-video-preview:-1"},"canonical":"https:\/\/rckopen.com\/it\/prodotto\/mdphp-hcl\/","og_locale":"it_IT","og_type":"article","og_title":"MDPHP HCL Online kopen | MDPHP HCL te koop | RC Kopen","og_description":"MDPHP HCL van topkwaliteit te koop. U kunt nooit om de kwaliteit van onze producten heen. Als u dat nodig heeft, kunt u MDPHP HCL meteen online kopen.","og_url":"https:\/\/rckopen.com\/it\/prodotto\/mdphp-hcl\/","og_site_name":"RC Kopen","article_modified_time":"2025-02-04T04:28:05+00:00","og_image":[{"width":600,"height":600,"url":"https:\/\/rckopen.com\/wp-content\/uploads\/2023\/08\/MDPHP-HCL.jpg","type":"image\/jpeg"}],"twitter_card":"summary_large_image","twitter_misc":{"Tempo di lettura stimato":"3 minuti"},"schema":{"@context":"https:\/\/schema.org","@graph":[{"@type":"WebPage","@id":"https:\/\/rckopen.com\/product\/mdphp-hcl\/","url":"https:\/\/rckopen.com\/product\/mdphp-hcl\/","name":"MDPHP HCL Online kopen | MDPHP HCL te koop | RC Kopen","isPartOf":{"@id":"https:\/\/rckopen.com\/#website"},"primaryImageOfPage":{"@id":"https:\/\/rckopen.com\/product\/mdphp-hcl\/#primaryimage"},"image":{"@id":"https:\/\/rckopen.com\/product\/mdphp-hcl\/#primaryimage"},"thumbnailUrl":"https:\/\/rckopen.com\/wp-content\/uploads\/2023\/08\/MDPHP-HCL.jpg","datePublished":"2023-08-15T08:05:17+00:00","dateModified":"2025-02-04T04:28:05+00:00","description":"MDPHP HCL van topkwaliteit te koop. U kunt nooit om de kwaliteit van onze producten heen. Als u dat nodig heeft, kunt u MDPHP HCL meteen online kopen.","breadcrumb":{"@id":"https:\/\/rckopen.com\/product\/mdphp-hcl\/#breadcrumb"},"inLanguage":"it-IT","potentialAction":[{"@type":"ReadAction","target":["https:\/\/rckopen.com\/product\/mdphp-hcl\/"]}]},{"@type":"ImageObject","inLanguage":"it-IT","@id":"https:\/\/rckopen.com\/product\/mdphp-hcl\/#primaryimage","url":"https:\/\/rckopen.com\/wp-content\/uploads\/2023\/08\/MDPHP-HCL.jpg","contentUrl":"https:\/\/rckopen.com\/wp-content\/uploads\/2023\/08\/MDPHP-HCL.jpg","width":600,"height":600,"caption":"MDPHP HCL online kopen"},{"@type":"BreadcrumbList","@id":"https:\/\/rckopen.com\/product\/mdphp-hcl\/#breadcrumb","itemListElement":[{"@type":"ListItem","position":1,"name":"Home","item":"https:\/\/rckopen.com\/"},{"@type":"ListItem","position":2,"name":"Shop","item":"https:\/\/rckopen.com\/shop\/"},{"@type":"ListItem","position":3,"name":"MDPHP HCL online kopen"}]},{"@type":"WebSite","@id":"https:\/\/rckopen.com\/#website","url":"https:\/\/rckopen.com\/","name":"RC Kopen","description":"Research Chemicals","potentialAction":[{"@type":"SearchAction","target":{"@type":"EntryPoint","urlTemplate":"https:\/\/rckopen.com\/?s={search_term_string}"},"query-input":{"@type":"PropertyValueSpecification","valueRequired":true,"valueName":"search_term_string"}}],"inLanguage":"it-IT"}]}},"_links":{"self":[{"href":"https:\/\/rckopen.com\/it\/wp-json\/wp\/v2\/product\/6434","targetHints":{"allow":["GET"]}}],"collection":[{"href":"https:\/\/rckopen.com\/it\/wp-json\/wp\/v2\/product"}],"about":[{"href":"https:\/\/rckopen.com\/it\/wp-json\/wp\/v2\/types\/product"}],"replies":[{"embeddable":true,"href":"https:\/\/rckopen.com\/it\/wp-json\/wp\/v2\/comments?post=6434"}],"wp:featuredmedia":[{"embeddable":true,"href":"https:\/\/rckopen.com\/it\/wp-json\/wp\/v2\/media\/6451"}],"wp:attachment":[{"href":"https:\/\/rckopen.com\/it\/wp-json\/wp\/v2\/media?parent=6434"}],"wp:term":[{"taxonomy":"product_brand","embeddable":true,"href":"https:\/\/rckopen.com\/it\/wp-json\/wp\/v2\/product_brand?post=6434"},{"taxonomy":"product_cat","embeddable":true,"href":"https:\/\/rckopen.com\/it\/wp-json\/wp\/v2\/product_cat?post=6434"},{"taxonomy":"product_tag","embeddable":true,"href":"https:\/\/rckopen.com\/it\/wp-json\/wp\/v2\/product_tag?post=6434"}],"curies":[{"name":"wp","href":"https:\/\/api.w.org\/{rel}","templated":true}]}}