{"id":6438,"date":"2023-08-15T08:18:48","date_gmt":"2023-08-15T08:18:48","guid":{"rendered":"https:\/\/diligentplug.com\/chems\/?post_type=product&#038;p=6438"},"modified":"2025-02-04T05:41:31","modified_gmt":"2025-02-04T05:41:31","slug":"kopen-nep-poeder","status":"publish","type":"product","link":"https:\/\/rckopen.com\/it\/prodotto\/acquistare-polvere-finta\/","title":{"rendered":"Acquista polvere finta online"},"content":{"rendered":"<h2>rckopen.com offre prodotti non destinati al consumo umano.<br \/>\nInformazioni generali sull'acquisto di NEP in polvere online<\/h2>\n<p>Acquista polvere finta online. L'N-etilpentedrone (NEP) \u00e8 uno stimolante sintetico. Spesso \u00e8 di colore bianco o grigiastro e si presenta sotto forma di polvere, vetro o compresse. La NEP pu\u00f2 essere mescolata con vari stimolanti, come la cocaina e l'MDMA, o commercializzata erroneamente come tale.<\/p>\n<p>Pu\u00f2 avere lo stesso aspetto e lo stesso odore di queste droghe. Non \u00e8 possibile distinguerlo senza effettuare test presso un centro di ricerca.<a href=\"https:\/\/rckopen.com\/it\/categoria-di-prodotto\/benzodiazepine\/\">.<\/a><\/p>\n<h3>Composizione chimica della polvere di NEP<\/h3>\n<p>Il NEP, o N-Etil-(nor)-pentedron, rientra nella classe dei catinoni sintetici. Il Pentedron NEP ha un nucleo di fenetilammina (2 etilammino 1) con un gruppo alchilico attaccato al carbonio alfa e un gruppo ossigeno attaccato al carbonio beta.<\/p>\n<p>Il NEP \u00e8 una filiazione dell'esedrone; il bunker metilico legato a questa molecola di azoto \u00e8 legato e sostituito da un bunker etilico (2-etilammino-1-fenilesano 1). La seconda sostituzione \u00e8 un filamento etilico legato al gruppo amminico su R N2 per formare N-etile<a href=\"https:\/\/safemedistore.com\/product-category\/cannabinoids-for-sale\/\">.<\/a><\/p>\n<h3>Farmacologia della polvere di NEP<\/h3>\n<p>Non si sa molto sulla farmacologia del NEP. Tuttavia, l'n-Etil-nor-pentedrone (N-Etilpentedrone, Etilpentedrone o NEP) \u00e8 un energizzante avanzato della classe dei catinoni con effetti rinvigorenti ed euforizzanti quando viene assunto.<\/p>\n<p>I resoconti dei clienti descrivono l'N-Etilpentedrone come dotato di un effetto euforico espressamente deciso per replicare le qualit\u00e0 delle sostanze vietate, simile agli effetti della cocaina e dell'euforia.<\/p>\n<h3>Acquista online polvere NEP di alta qualit\u00e0.<\/h3>\n<p>Rckopen vanta una lunga esperienza nel settore chimico, che ci consente di garantire il meglio per i nostri prodotti. Qui puoi acquistare in tutta sicurezza un'ottima polvere NEP come polvere NEP online.<\/p>\n<p>I prodotti chimici per la ricerca, incluso il Pentedrone N-Etilpentedrone NEP, sono trattati, spediti, immagazzinati e conservati con cura in un clima fresco e asciutto. Tutti gli articoli sono generalmente pre-testati per verificarne la qualit\u00e0, l'integrit\u00e0 e la sicurezza. Conservare la polvere NEP costantemente a temperatura ambiente.<\/p>\n<p>Ogni articolo riporta il significativo Research Chemical e include un documento PDF scaricabile con i risultati di laboratorio. In questo modo si \u00e8 sempre certi della buona qualit\u00e0 del Pentedrone NEP. Inoltre, ogni nostro articolo ha un prezzo equo!<\/p>\n<h3>Polvere NEP testata in laboratorio con risultati.<\/h3>\n<p>Rckopen sta facendo progressi verso la soddisfazione generale dei suoi clienti. Diversi sondaggi hanno dimostrato che i clienti richiedono il maggior numero di dati possibile prima di acquistare prodotti chimici di ricerca sintetici. Inoltre, pubblichiamo tutti i risultati di laboratorio di ogni composto di ricerca in un file PDF.<\/p>\n<p>La nostra polvere NEP soddisfa costantemente gli ingredienti attivi ed \u00e8 immediatamente visibile a tutti.<\/p>\n<p>Pubblichiamo tutte le conseguenze di laboratorio di ogni sostanza chimica di ricerca in un documento PDF.<\/p>\n<h3>Ordini sicuri presso NEP powder.<\/h3>\n<p>I prodotti chimici per la ricerca di design Rckopen sono di ottima qualit\u00e0 e hanno un prezzo equo. Nel momento in cui richiedete la vostra polvere NEP a TRRCSHOP, vi garantiamo che la vostra richiesta sar\u00e0 consegnata a casa vostra in modo rapido e sicuro.<\/p>\n<p>Richiedere connessioni di ricerca sintetiche con Bitcoin o bonifico bancario \u00e8 facile su Rckopen.<\/p>\n<p>Spediamo la polvere NEP lo stesso giorno lavorativo se il pagamento viene ricevuto prima delle 14:00 CEST. Non effettuiamo spedizioni il sabato, la domenica o durante le festivit\u00e0 nazionali\/internazionali.<\/p>\n<h3>Spedizione discreta di prodotti chimici per la ricerca.<\/h3>\n<p>Sebbene i prodotti chimici di ricerca di design siano legalmente disponibili per l'acquisto online, noi di Rckopen ci impegniamo a fornire i prodotti pi\u00f9 sicuri e convenienti. Per prima cosa, l'oggetto viene inserito in un sacchetto a scatto, per poi essere inserito in un altro sacchetto in cui subisce una doppia combustione. Imballiamo gli articoli in modo del tutto invisibile e dall'esterno non si vede nulla di ci\u00f2 che potrebbe esserci all'interno.<\/p>\n<p>Scegliete la consegna tracciata al momento del check-out per un ordine tracciabile, in modo da poter seguire il vostro ordine progressivamente. Ad esempio, gli ordini superiori a 500 euro sono tracciati gratuitamente.<\/p>\n<p>Non consegniamo articoli a persone di et\u00e0 inferiore ai 18 anni!<\/p>\n<h3>Precauzioni<\/h3>\n<ul>\n<li>Gli RC offerti da Rckopen sono a scopo di ricerca; il consumo umano \u00e8 severamente vietato.<\/li>\n<li>Acquistare i giusti dispositivi di protezione individuale, come occhiali e guanti. Puliteli e curateli adeguatamente. Seguire sistemi sicuri quando si maneggiano sostanze chimiche per la ricerca e non prendere scorciatoie.<\/li>\n<li>Se la sostanza chimica dello studio entra in contatto con gli occhi, sciacquare bene e rimuovere le lenti a contatto se \u00e8 fondamentale.<\/li>\n<li>Cercate di usare una maschera durante l'uso di queste sostanze chimiche, in modo che non possano penetrare mentre respirate.<\/li>\n<li>Come indicano i metodi supportati, \u00e8 necessario maneggiare, conservare e smaltire i materiali pericolosi in modo sicuro. Non versarli mai nelle fognature o nei canali.<\/li>\n<li>Conservare i prodotti chimici di ricerca in modo appropriato, come indicato dal nome. Le sostanze chimiche infiammabili devono essere conservate in un luogo eccellente e asciutto, lontano dall'intensit\u00e0 e dalla luce del giorno. Alcune sostanze sintetiche, come gli acidi, devono essere conservate in modo indipendente.<\/li>\n<\/ul>","protected":false},"excerpt":{"rendered":"<p><strong>Nome IUPAC: <\/strong>2-(etilammino)-1-fenil-1-pentanone<\/p>\n<p><strong>CAS # <\/strong>779974-89-9<\/p>\n<p><strong>Altro nome: <\/strong>N-Etil-nor-pentrone<\/p>","protected":false},"featured_media":6458,"comment_status":"open","ping_status":"closed","template":"","meta":{"_joinchat":[]},"product_brand":[],"product_cat":[134],"product_tag":[],"class_list":{"0":"post-6438","1":"product","2":"type-product","3":"status-publish","4":"has-post-thumbnail","6":"product_cat-cathinon","8":"first","9":"instock","10":"shipping-taxable","11":"purchasable","12":"product-type-variable"},"yoast_head":"<!-- This site is optimized with the Yoast SEO plugin v26.3 - https:\/\/yoast.com\/wordpress\/plugins\/seo\/ -->\n<title>Nep Poeder online kopen - Nep Poeder Europa te koop<\/title>\n<meta name=\"description\" content=\"Als u Nep Poeder Europe online wilt kopen, kan onze online rc kopen-winkel u helpen. We hebben Nep Powder Europe hier te koop tegen de beste prijzen.\" \/>\n<meta name=\"robots\" content=\"index, follow, max-snippet:-1, max-image-preview:large, max-video-preview:-1\" \/>\n<link rel=\"canonical\" href=\"https:\/\/rckopen.com\/it\/prodotto\/acquistare-polvere-finta\/\" \/>\n<meta property=\"og:locale\" content=\"it_IT\" \/>\n<meta property=\"og:type\" content=\"article\" \/>\n<meta property=\"og:title\" content=\"Nep Poeder online kopen - Nep Poeder Europa te koop\" \/>\n<meta property=\"og:description\" content=\"Als u Nep Poeder Europe online wilt kopen, kan onze online rc kopen-winkel u helpen. We hebben Nep Powder Europe hier te koop tegen de beste prijzen.\" \/>\n<meta property=\"og:url\" content=\"https:\/\/rckopen.com\/it\/prodotto\/acquistare-polvere-finta\/\" \/>\n<meta property=\"og:site_name\" content=\"RC Kopen\" \/>\n<meta property=\"article:modified_time\" content=\"2025-02-04T05:41:31+00:00\" \/>\n<meta property=\"og:image\" content=\"https:\/\/rckopen.com\/wp-content\/uploads\/2023\/08\/Nep-powder-Europe.jpg\" \/>\n\t<meta property=\"og:image:width\" content=\"600\" \/>\n\t<meta property=\"og:image:height\" content=\"600\" \/>\n\t<meta property=\"og:image:type\" content=\"image\/jpeg\" \/>\n<meta name=\"twitter:card\" content=\"summary_large_image\" \/>\n<meta name=\"twitter:label1\" content=\"Tempo di lettura stimato\" \/>\n\t<meta name=\"twitter:data1\" content=\"4 minuti\" \/>\n<script type=\"application\/ld+json\" class=\"yoast-schema-graph\">{\"@context\":\"https:\/\/schema.org\",\"@graph\":[{\"@type\":\"WebPage\",\"@id\":\"https:\/\/rckopen.com\/product\/kopen-nep-poeder\/\",\"url\":\"https:\/\/rckopen.com\/product\/kopen-nep-poeder\/\",\"name\":\"Nep Poeder online kopen - Nep Poeder Europa te koop\",\"isPartOf\":{\"@id\":\"https:\/\/rckopen.com\/#website\"},\"primaryImageOfPage\":{\"@id\":\"https:\/\/rckopen.com\/product\/kopen-nep-poeder\/#primaryimage\"},\"image\":{\"@id\":\"https:\/\/rckopen.com\/product\/kopen-nep-poeder\/#primaryimage\"},\"thumbnailUrl\":\"https:\/\/rckopen.com\/wp-content\/uploads\/2023\/08\/Nep-powder-Europe.jpg\",\"datePublished\":\"2023-08-15T08:18:48+00:00\",\"dateModified\":\"2025-02-04T05:41:31+00:00\",\"description\":\"Als u Nep Poeder Europe online wilt kopen, kan onze online rc kopen-winkel u helpen. We hebben Nep Powder Europe hier te koop tegen de beste prijzen.\",\"breadcrumb\":{\"@id\":\"https:\/\/rckopen.com\/product\/kopen-nep-poeder\/#breadcrumb\"},\"inLanguage\":\"it-IT\",\"potentialAction\":[{\"@type\":\"ReadAction\",\"target\":[\"https:\/\/rckopen.com\/product\/kopen-nep-poeder\/\"]}]},{\"@type\":\"ImageObject\",\"inLanguage\":\"it-IT\",\"@id\":\"https:\/\/rckopen.com\/product\/kopen-nep-poeder\/#primaryimage\",\"url\":\"https:\/\/rckopen.com\/wp-content\/uploads\/2023\/08\/Nep-powder-Europe.jpg\",\"contentUrl\":\"https:\/\/rckopen.com\/wp-content\/uploads\/2023\/08\/Nep-powder-Europe.jpg\",\"width\":600,\"height\":600,\"caption\":\"Nep Poeder online kopen\"},{\"@type\":\"BreadcrumbList\",\"@id\":\"https:\/\/rckopen.com\/product\/kopen-nep-poeder\/#breadcrumb\",\"itemListElement\":[{\"@type\":\"ListItem\",\"position\":1,\"name\":\"Home\",\"item\":\"https:\/\/rckopen.com\/\"},{\"@type\":\"ListItem\",\"position\":2,\"name\":\"Shop\",\"item\":\"https:\/\/rckopen.com\/shop\/\"},{\"@type\":\"ListItem\",\"position\":3,\"name\":\"Nep poeder online kopen\"}]},{\"@type\":\"WebSite\",\"@id\":\"https:\/\/rckopen.com\/#website\",\"url\":\"https:\/\/rckopen.com\/\",\"name\":\"RC Kopen\",\"description\":\"Research Chemicals\",\"potentialAction\":[{\"@type\":\"SearchAction\",\"target\":{\"@type\":\"EntryPoint\",\"urlTemplate\":\"https:\/\/rckopen.com\/?s={search_term_string}\"},\"query-input\":{\"@type\":\"PropertyValueSpecification\",\"valueRequired\":true,\"valueName\":\"search_term_string\"}}],\"inLanguage\":\"it-IT\"}]}<\/script>\n<!-- \/ Yoast SEO plugin. -->","yoast_head_json":{"title":"Nep Poeder online kopen - Nep Poeder Europa te koop","description":"Als u Nep Poeder Europe online wilt kopen, kan onze online rc kopen-winkel u helpen. We hebben Nep Powder Europe hier te koop tegen de beste prijzen.","robots":{"index":"index","follow":"follow","max-snippet":"max-snippet:-1","max-image-preview":"max-image-preview:large","max-video-preview":"max-video-preview:-1"},"canonical":"https:\/\/rckopen.com\/it\/prodotto\/acquistare-polvere-finta\/","og_locale":"it_IT","og_type":"article","og_title":"Nep Poeder online kopen - Nep Poeder Europa te koop","og_description":"Als u Nep Poeder Europe online wilt kopen, kan onze online rc kopen-winkel u helpen. We hebben Nep Powder Europe hier te koop tegen de beste prijzen.","og_url":"https:\/\/rckopen.com\/it\/prodotto\/acquistare-polvere-finta\/","og_site_name":"RC Kopen","article_modified_time":"2025-02-04T05:41:31+00:00","og_image":[{"width":600,"height":600,"url":"https:\/\/rckopen.com\/wp-content\/uploads\/2023\/08\/Nep-powder-Europe.jpg","type":"image\/jpeg"}],"twitter_card":"summary_large_image","twitter_misc":{"Tempo di lettura stimato":"4 minuti"},"schema":{"@context":"https:\/\/schema.org","@graph":[{"@type":"WebPage","@id":"https:\/\/rckopen.com\/product\/kopen-nep-poeder\/","url":"https:\/\/rckopen.com\/product\/kopen-nep-poeder\/","name":"Nep Poeder online kopen - Nep Poeder Europa te koop","isPartOf":{"@id":"https:\/\/rckopen.com\/#website"},"primaryImageOfPage":{"@id":"https:\/\/rckopen.com\/product\/kopen-nep-poeder\/#primaryimage"},"image":{"@id":"https:\/\/rckopen.com\/product\/kopen-nep-poeder\/#primaryimage"},"thumbnailUrl":"https:\/\/rckopen.com\/wp-content\/uploads\/2023\/08\/Nep-powder-Europe.jpg","datePublished":"2023-08-15T08:18:48+00:00","dateModified":"2025-02-04T05:41:31+00:00","description":"Als u Nep Poeder Europe online wilt kopen, kan onze online rc kopen-winkel u helpen. We hebben Nep Powder Europe hier te koop tegen de beste prijzen.","breadcrumb":{"@id":"https:\/\/rckopen.com\/product\/kopen-nep-poeder\/#breadcrumb"},"inLanguage":"it-IT","potentialAction":[{"@type":"ReadAction","target":["https:\/\/rckopen.com\/product\/kopen-nep-poeder\/"]}]},{"@type":"ImageObject","inLanguage":"it-IT","@id":"https:\/\/rckopen.com\/product\/kopen-nep-poeder\/#primaryimage","url":"https:\/\/rckopen.com\/wp-content\/uploads\/2023\/08\/Nep-powder-Europe.jpg","contentUrl":"https:\/\/rckopen.com\/wp-content\/uploads\/2023\/08\/Nep-powder-Europe.jpg","width":600,"height":600,"caption":"Nep Poeder online kopen"},{"@type":"BreadcrumbList","@id":"https:\/\/rckopen.com\/product\/kopen-nep-poeder\/#breadcrumb","itemListElement":[{"@type":"ListItem","position":1,"name":"Home","item":"https:\/\/rckopen.com\/"},{"@type":"ListItem","position":2,"name":"Shop","item":"https:\/\/rckopen.com\/shop\/"},{"@type":"ListItem","position":3,"name":"Nep poeder online kopen"}]},{"@type":"WebSite","@id":"https:\/\/rckopen.com\/#website","url":"https:\/\/rckopen.com\/","name":"RC Kopen","description":"Research Chemicals","potentialAction":[{"@type":"SearchAction","target":{"@type":"EntryPoint","urlTemplate":"https:\/\/rckopen.com\/?s={search_term_string}"},"query-input":{"@type":"PropertyValueSpecification","valueRequired":true,"valueName":"search_term_string"}}],"inLanguage":"it-IT"}]}},"_links":{"self":[{"href":"https:\/\/rckopen.com\/it\/wp-json\/wp\/v2\/product\/6438","targetHints":{"allow":["GET"]}}],"collection":[{"href":"https:\/\/rckopen.com\/it\/wp-json\/wp\/v2\/product"}],"about":[{"href":"https:\/\/rckopen.com\/it\/wp-json\/wp\/v2\/types\/product"}],"replies":[{"embeddable":true,"href":"https:\/\/rckopen.com\/it\/wp-json\/wp\/v2\/comments?post=6438"}],"wp:featuredmedia":[{"embeddable":true,"href":"https:\/\/rckopen.com\/it\/wp-json\/wp\/v2\/media\/6458"}],"wp:attachment":[{"href":"https:\/\/rckopen.com\/it\/wp-json\/wp\/v2\/media?parent=6438"}],"wp:term":[{"taxonomy":"product_brand","embeddable":true,"href":"https:\/\/rckopen.com\/it\/wp-json\/wp\/v2\/product_brand?post=6438"},{"taxonomy":"product_cat","embeddable":true,"href":"https:\/\/rckopen.com\/it\/wp-json\/wp\/v2\/product_cat?post=6438"},{"taxonomy":"product_tag","embeddable":true,"href":"https:\/\/rckopen.com\/it\/wp-json\/wp\/v2\/product_tag?post=6438"}],"curies":[{"name":"wp","href":"https:\/\/api.w.org\/{rel}","templated":true}]}}