{"id":6440,"date":"2023-08-15T08:24:49","date_gmt":"2023-08-15T08:24:49","guid":{"rendered":"https:\/\/diligentplug.com\/chems\/?post_type=product&#038;p=6440"},"modified":"2025-02-04T04:26:11","modified_gmt":"2025-02-04T04:26:11","slug":"mdphp-freebase","status":"publish","type":"product","link":"https:\/\/rckopen.com\/it\/prodotto\/mdphp-freebase\/","title":{"rendered":"Acquista MDPHP freebase online"},"content":{"rendered":"<h2>Informazioni generali sull'acquisto online di MDPHP FREEBASE<\/h2>\n<p><a href=\"https:\/\/rckopen.com\/it\/prodotto\/mdphp-freebase\/\">Acquista MDPHP Freebase online<\/a>, MDPHP Freebase \u00e8 un composto chimico di ricerca appartenente alla classe dei catinoni. Gli studi scientifici lo utilizzano spesso per studiarne gli effetti farmacologici e le potenziali propriet\u00e0 chimiche. La base libera MDPHP \u00e8 nota con il suo nome chimico completo, 3\u2032,4\u2032-metilendiossi-\u03b1-pirrolidinoesanofenone base libera<a href=\"https:\/\/rckopen.com\/it\/prodotto\/3-pellet-fpm-60-mg\/\">.<\/a><\/p>\n<p>Di solito viene venduta in piccole quantit\u00e0 in polvere o in cristalli e viene spesso acquistata online da ricercatori e scienziati.<\/p>\n<p>Da <a href=\"https:\/\/en.wikipedia.org\/wiki\/MDPHP\">MDPHP<\/a> \u00c8 noto che la base libera ha effetti identici ad altri derivati \u200b\u200bdella catinone, come il metcatinone e il mefedrone.<\/p>\n<p>Richiede misure di sicurezza rigorose durante la manipolazione e l'utilizzo di MDPHP Freebase in un ambiente di laboratorio.<a href=\"https:\/\/chemswell.com\/product\/pink-kenzo-tiger-230mg-mdma\/\">.<\/a><\/p>\n<h3>Composizione chimica di MDPHP FREEBASE<\/h3>\n<p>MDPHP Freebase, noto anche come 3\u2032, 4\u2032-metilendiossi-\u03b1-pirrolidinoesanofenone Freebase, ha la seguente composizione chimica:<\/p>\n<p>Formula chimica: C17H23NO3<\/p>\n<p>Peso molecolare: 289,4 g\/mol<\/p>\n<p>Nome IUPAC: (RS)-1-(3, 4-metilendiossifenil)-2-(1-pirrolidinil)-1-esanone<\/p>\n<p>Numero CAS: 776994-64-0<\/p>\n<p>MDPHP Freebase \u00e8 un composto sintetico derivato dalla famiglia dei catinoni ed \u00e8 strutturalmente correlato ad altri derivati del catinone come il metacatinone e il mefedrone. Contiene un anello fenilico con un gruppo metilendiossi e un anello pirrolidinico sulla catena di carbonio.<\/p>\n<p>Come sostanza chimica di ricerca, la farmacologia dell'MDPHP Freebase non \u00e8 stata ampiamente studiata; si tratta di un composto catinico sintetico strutturalmente correlato ad altri derivati del catinone come il metacatinone e il mefedrone.<\/p>\n<h3>Acquista online MDPHP FREEBASE di alta qualit\u00e0<\/h3>\n<p>RC Kopen ha molti anni di esperienza nel settore della progettazione di prodotti chimici per la ricerca, il che ci permette di garantire la massima qualit\u00e0 di questi prodotti chimici per la ricerca. Acquistare MDPHP FREEBASE \u00e8 facile e di alta qualit\u00e0. I costi di MDPHP FREEBASE sono relativamente bassi rispetto ad altre aziende. I prodotti chimici per la ricerca, incluso MDPHP FREEBASE, soddisfano tutti i requisiti di sicurezza. I prodotti chimici per la ricerca sono distribuiti con cura e conservati in un luogo fresco e asciutto.<\/p>\n<p>Tutti i prodotti sono regolarmente controllati per verificarne la qualit\u00e0, la purezza e la sicurezza. Conservare sempre MDPHP FREEBASE a temperatura ambiente e fuori dalla portata di bambini e animali domestici. Il nostro MDPHP FREEBASE non \u00e8 destinato all'uso personale. \u00c8 destinato esclusivamente a scopi di ricerca.<\/p>\n<p>I nostri prodotti hanno un prezzo equo e potete acquistare MDPHP FREEBASE online a prezzi molto bassi.<\/p>\n<h3>MDPHP FREEBASE testato in laboratorio con risultati.<\/h3>\n<p>Remakes si impegna per la soddisfazione generale dei propri clienti. Diversi sondaggi hanno dimostrato che i clienti chiedono il maggior numero di dati possibile prima di acquistare prodotti chimici di ricerca sintetici. Inoltre, pubblichiamo tutte le conseguenze di laboratorio di ogni composto di ricerca in un file PDF.<\/p>\n<p>La nostra polvere MDPHP FREEBASE soddisfa costantemente i principi attivi ed \u00e8 visibile a tutti.<\/p>\n<p>Distribuiamo tutte le conseguenze di laboratorio di ogni sostanza chimica di ricerca in un documento PDF.<\/p>\n<h3>Ordinazione sicura su MDPHP FREEBASE.<\/h3>\n<p><a href=\"https:\/\/rckopen.com\/it\/\">RCKopen<\/a> i prodotti chimici di ricerca di design sono di ottima qualit\u00e0 e hanno un prezzo ragionevole. Pertanto, quando richiedi i tuoi prodotti chimici di ricerca da rckopen.com, ti garantiamo che consegneremo la tua richiesta a domicilio in modo rapido e sicuro, poich\u00e9 la vendita di prodotti chimici di ricerca \u00e8 sempre disponibile su rckopen.com. Acquista MDPHP Freebase online.<\/p>\n<p>Richiedere prodotti chimici sintetici per la ricerca con Bitcoin o bonifico bancario \u00e8 facile su RC Kopen.<\/p>\n<p>Spediamo la polvere chimica di ricerca lo stesso giorno lavorativo se il pagamento viene ricevuto entro le 15:00 CEST.<\/p>\n<p>Non consegniamo articoli a persone di et\u00e0 inferiore ai 18 anni!<\/p>\n<p>Vendita di sostanze chimiche solo a scopo di ricerca.<\/p>\n<p>Spedizione discreta di prodotti chimici per la ricerca.<\/p>\n<p>RC Buy imballer\u00e0 il vostro ordine in modo sicuro per garantire un trasporto adeguato. Inoltre, imballiamo in modo perfettamente invisibile e nessun segno di ci\u00f2 che potrebbe essere contenuto all'interno risulter\u00e0 all'esterno.<\/p>","protected":false},"excerpt":{"rendered":"<p><strong>Nome IUPAC<\/strong>: 3\u2032,4\u2032-metilendiossi-\u03b1-pirrolidinoesiofenone<\/p>\n<p><strong>CAS #<\/strong> 776994-64-0<\/p>\n<p><strong>Aspetto:<\/strong> polvere<\/p>\n<p><strong>Forma:<\/strong> freebase<\/p>\n<p><strong>Analisi NMR:<\/strong> C17H23NO3 BASE LIBERA<\/p>","protected":false},"featured_media":6460,"comment_status":"open","ping_status":"closed","template":"","meta":{"_joinchat":[]},"product_brand":[],"product_cat":[134],"product_tag":[],"class_list":{"0":"post-6440","1":"product","2":"type-product","3":"status-publish","4":"has-post-thumbnail","6":"product_cat-cathinon","8":"first","9":"instock","10":"shipping-taxable","11":"purchasable","12":"product-type-variable"},"yoast_head":"<!-- This site is optimized with the Yoast SEO plugin v26.3 - https:\/\/yoast.com\/wordpress\/plugins\/seo\/ -->\n<title>MDPHP Freebase online kopen - MDPHP Freebase te koop<\/title>\n<meta name=\"description\" content=\"MDPHP Freebase te koop. Onze online Rc Kopen-winkel verkoopt MDPHP Freebase online kopen wereldwijd. Bestel binnenkort om 4F-PIHP online te kopen.\" \/>\n<meta name=\"robots\" content=\"index, follow, max-snippet:-1, max-image-preview:large, max-video-preview:-1\" \/>\n<link rel=\"canonical\" href=\"https:\/\/rckopen.com\/it\/prodotto\/mdphp-freebase\/\" \/>\n<meta property=\"og:locale\" content=\"it_IT\" \/>\n<meta property=\"og:type\" content=\"article\" \/>\n<meta property=\"og:title\" content=\"MDPHP Freebase online kopen - MDPHP Freebase te koop\" \/>\n<meta property=\"og:description\" content=\"MDPHP Freebase te koop. Onze online Rc Kopen-winkel verkoopt MDPHP Freebase online kopen wereldwijd. Bestel binnenkort om 4F-PIHP online te kopen.\" \/>\n<meta property=\"og:url\" content=\"https:\/\/rckopen.com\/it\/prodotto\/mdphp-freebase\/\" \/>\n<meta property=\"og:site_name\" content=\"RC Kopen\" \/>\n<meta property=\"article:modified_time\" content=\"2025-02-04T04:26:11+00:00\" \/>\n<meta property=\"og:image\" content=\"https:\/\/rckopen.com\/wp-content\/uploads\/2023\/08\/MDPHP-freebase.jpg\" \/>\n\t<meta property=\"og:image:width\" content=\"600\" \/>\n\t<meta property=\"og:image:height\" content=\"600\" \/>\n\t<meta property=\"og:image:type\" content=\"image\/jpeg\" \/>\n<meta name=\"twitter:card\" content=\"summary_large_image\" \/>\n<meta name=\"twitter:label1\" content=\"Tempo di lettura stimato\" \/>\n\t<meta name=\"twitter:data1\" content=\"3 minuti\" \/>\n<script type=\"application\/ld+json\" class=\"yoast-schema-graph\">{\"@context\":\"https:\/\/schema.org\",\"@graph\":[{\"@type\":\"WebPage\",\"@id\":\"https:\/\/rckopen.com\/product\/mdphp-freebase\/\",\"url\":\"https:\/\/rckopen.com\/product\/mdphp-freebase\/\",\"name\":\"MDPHP Freebase online kopen - MDPHP Freebase te koop\",\"isPartOf\":{\"@id\":\"https:\/\/rckopen.com\/#website\"},\"primaryImageOfPage\":{\"@id\":\"https:\/\/rckopen.com\/product\/mdphp-freebase\/#primaryimage\"},\"image\":{\"@id\":\"https:\/\/rckopen.com\/product\/mdphp-freebase\/#primaryimage\"},\"thumbnailUrl\":\"https:\/\/rckopen.com\/wp-content\/uploads\/2023\/08\/MDPHP-freebase.jpg\",\"datePublished\":\"2023-08-15T08:24:49+00:00\",\"dateModified\":\"2025-02-04T04:26:11+00:00\",\"description\":\"MDPHP Freebase te koop. Onze online Rc Kopen-winkel verkoopt MDPHP Freebase online kopen wereldwijd. Bestel binnenkort om 4F-PIHP online te kopen.\",\"breadcrumb\":{\"@id\":\"https:\/\/rckopen.com\/product\/mdphp-freebase\/#breadcrumb\"},\"inLanguage\":\"it-IT\",\"potentialAction\":[{\"@type\":\"ReadAction\",\"target\":[\"https:\/\/rckopen.com\/product\/mdphp-freebase\/\"]}]},{\"@type\":\"ImageObject\",\"inLanguage\":\"it-IT\",\"@id\":\"https:\/\/rckopen.com\/product\/mdphp-freebase\/#primaryimage\",\"url\":\"https:\/\/rckopen.com\/wp-content\/uploads\/2023\/08\/MDPHP-freebase.jpg\",\"contentUrl\":\"https:\/\/rckopen.com\/wp-content\/uploads\/2023\/08\/MDPHP-freebase.jpg\",\"width\":600,\"height\":600,\"caption\":\"MDPHP-freebase online kopen\"},{\"@type\":\"BreadcrumbList\",\"@id\":\"https:\/\/rckopen.com\/product\/mdphp-freebase\/#breadcrumb\",\"itemListElement\":[{\"@type\":\"ListItem\",\"position\":1,\"name\":\"Home\",\"item\":\"https:\/\/rckopen.com\/\"},{\"@type\":\"ListItem\",\"position\":2,\"name\":\"Shop\",\"item\":\"https:\/\/rckopen.com\/shop\/\"},{\"@type\":\"ListItem\",\"position\":3,\"name\":\"MDPHP freebase online kopen\"}]},{\"@type\":\"WebSite\",\"@id\":\"https:\/\/rckopen.com\/#website\",\"url\":\"https:\/\/rckopen.com\/\",\"name\":\"RC Kopen\",\"description\":\"Research Chemicals\",\"potentialAction\":[{\"@type\":\"SearchAction\",\"target\":{\"@type\":\"EntryPoint\",\"urlTemplate\":\"https:\/\/rckopen.com\/?s={search_term_string}\"},\"query-input\":{\"@type\":\"PropertyValueSpecification\",\"valueRequired\":true,\"valueName\":\"search_term_string\"}}],\"inLanguage\":\"it-IT\"}]}<\/script>\n<!-- \/ Yoast SEO plugin. -->","yoast_head_json":{"title":"MDPHP Freebase online kopen - MDPHP Freebase te koop","description":"MDPHP Freebase te koop. Onze online Rc Kopen-winkel verkoopt MDPHP Freebase online kopen wereldwijd. Bestel binnenkort om 4F-PIHP online te kopen.","robots":{"index":"index","follow":"follow","max-snippet":"max-snippet:-1","max-image-preview":"max-image-preview:large","max-video-preview":"max-video-preview:-1"},"canonical":"https:\/\/rckopen.com\/it\/prodotto\/mdphp-freebase\/","og_locale":"it_IT","og_type":"article","og_title":"MDPHP Freebase online kopen - MDPHP Freebase te koop","og_description":"MDPHP Freebase te koop. Onze online Rc Kopen-winkel verkoopt MDPHP Freebase online kopen wereldwijd. Bestel binnenkort om 4F-PIHP online te kopen.","og_url":"https:\/\/rckopen.com\/it\/prodotto\/mdphp-freebase\/","og_site_name":"RC Kopen","article_modified_time":"2025-02-04T04:26:11+00:00","og_image":[{"width":600,"height":600,"url":"https:\/\/rckopen.com\/wp-content\/uploads\/2023\/08\/MDPHP-freebase.jpg","type":"image\/jpeg"}],"twitter_card":"summary_large_image","twitter_misc":{"Tempo di lettura stimato":"3 minuti"},"schema":{"@context":"https:\/\/schema.org","@graph":[{"@type":"WebPage","@id":"https:\/\/rckopen.com\/product\/mdphp-freebase\/","url":"https:\/\/rckopen.com\/product\/mdphp-freebase\/","name":"MDPHP Freebase online kopen - MDPHP Freebase te koop","isPartOf":{"@id":"https:\/\/rckopen.com\/#website"},"primaryImageOfPage":{"@id":"https:\/\/rckopen.com\/product\/mdphp-freebase\/#primaryimage"},"image":{"@id":"https:\/\/rckopen.com\/product\/mdphp-freebase\/#primaryimage"},"thumbnailUrl":"https:\/\/rckopen.com\/wp-content\/uploads\/2023\/08\/MDPHP-freebase.jpg","datePublished":"2023-08-15T08:24:49+00:00","dateModified":"2025-02-04T04:26:11+00:00","description":"MDPHP Freebase te koop. Onze online Rc Kopen-winkel verkoopt MDPHP Freebase online kopen wereldwijd. Bestel binnenkort om 4F-PIHP online te kopen.","breadcrumb":{"@id":"https:\/\/rckopen.com\/product\/mdphp-freebase\/#breadcrumb"},"inLanguage":"it-IT","potentialAction":[{"@type":"ReadAction","target":["https:\/\/rckopen.com\/product\/mdphp-freebase\/"]}]},{"@type":"ImageObject","inLanguage":"it-IT","@id":"https:\/\/rckopen.com\/product\/mdphp-freebase\/#primaryimage","url":"https:\/\/rckopen.com\/wp-content\/uploads\/2023\/08\/MDPHP-freebase.jpg","contentUrl":"https:\/\/rckopen.com\/wp-content\/uploads\/2023\/08\/MDPHP-freebase.jpg","width":600,"height":600,"caption":"MDPHP-freebase online kopen"},{"@type":"BreadcrumbList","@id":"https:\/\/rckopen.com\/product\/mdphp-freebase\/#breadcrumb","itemListElement":[{"@type":"ListItem","position":1,"name":"Home","item":"https:\/\/rckopen.com\/"},{"@type":"ListItem","position":2,"name":"Shop","item":"https:\/\/rckopen.com\/shop\/"},{"@type":"ListItem","position":3,"name":"MDPHP freebase online kopen"}]},{"@type":"WebSite","@id":"https:\/\/rckopen.com\/#website","url":"https:\/\/rckopen.com\/","name":"RC Kopen","description":"Research Chemicals","potentialAction":[{"@type":"SearchAction","target":{"@type":"EntryPoint","urlTemplate":"https:\/\/rckopen.com\/?s={search_term_string}"},"query-input":{"@type":"PropertyValueSpecification","valueRequired":true,"valueName":"search_term_string"}}],"inLanguage":"it-IT"}]}},"_links":{"self":[{"href":"https:\/\/rckopen.com\/it\/wp-json\/wp\/v2\/product\/6440","targetHints":{"allow":["GET"]}}],"collection":[{"href":"https:\/\/rckopen.com\/it\/wp-json\/wp\/v2\/product"}],"about":[{"href":"https:\/\/rckopen.com\/it\/wp-json\/wp\/v2\/types\/product"}],"replies":[{"embeddable":true,"href":"https:\/\/rckopen.com\/it\/wp-json\/wp\/v2\/comments?post=6440"}],"wp:featuredmedia":[{"embeddable":true,"href":"https:\/\/rckopen.com\/it\/wp-json\/wp\/v2\/media\/6460"}],"wp:attachment":[{"href":"https:\/\/rckopen.com\/it\/wp-json\/wp\/v2\/media?parent=6440"}],"wp:term":[{"taxonomy":"product_brand","embeddable":true,"href":"https:\/\/rckopen.com\/it\/wp-json\/wp\/v2\/product_brand?post=6440"},{"taxonomy":"product_cat","embeddable":true,"href":"https:\/\/rckopen.com\/it\/wp-json\/wp\/v2\/product_cat?post=6440"},{"taxonomy":"product_tag","embeddable":true,"href":"https:\/\/rckopen.com\/it\/wp-json\/wp\/v2\/product_tag?post=6440"}],"curies":[{"name":"wp","href":"https:\/\/api.w.org\/{rel}","templated":true}]}}