{"id":6441,"date":"2023-08-15T08:26:57","date_gmt":"2023-08-15T08:26:57","guid":{"rendered":"https:\/\/diligentplug.com\/chems\/?post_type=product&#038;p=6441"},"modified":"2025-02-03T05:18:26","modified_gmt":"2025-02-03T05:18:26","slug":"a-pcyp","status":"publish","type":"product","link":"https:\/\/rckopen.com\/it\/prodotto\/a-pcyp\/","title":{"rendered":"ACQUISTA A-PCYP ACQUISTA ONLINE"},"content":{"rendered":"<h1>Acquistare A-PCYP online<\/h1>\n<p><a href=\"https:\/\/rckopen.com\/it\/prodotto\/a-pcyp\/\">Acquistare A-PCYP online<\/a>Stai cercando una sostanza chimica potente e di alta qualit\u00e0 per la ricerca? Allora non cercare oltre A-PCYP, l'ultima aggiunta alla nostra collezione di prodotti chimici di ricerca premium disponibili per l'acquisto online<a href=\"https:\/\/rckopen.com\/it\/\">.<\/a><\/p>\n<p>Ape <a href=\"https:\/\/rckopen.com\/it\/\">rckopen.com<\/a> Ci impegniamo a fornirvi le migliori sostanze chimiche di ricerca presenti sul mercato e l'A-PCYP non fa eccezione. Il nostro prodotto \u00e8 sintetizzato con cura utilizzando le tecniche di laboratorio pi\u00f9 avanzate per garantire la massima qualit\u00e0 e purezza possibili<a href=\"https:\/\/chemswell.com\/product-category\/research-chemicals\/\">.<\/a><\/p>\n<p>Che tu sia un ricercatore esperto o alle prime armi, <a href=\"https:\/\/en.wikipedia.org\/wiki\/%CE%91-PCYP\">A-PCYP<\/a> \u00e8 l'aggiunta perfetta al tuo laboratorio. Offre un'ampia gamma di potenziali applicazioni ed \u00e8 adatto a vari progetti di ricerca.<\/p>\n<p>Se volete acquistare A-PCYP online, siete nel posto giusto. Su [sito web], l'ordine \u00e8 facile e senza problemi. La nostra procedura di pagamento online sicura accetta pagamenti con Bitcoin, Western Union e carta di credito, in modo che possiate scegliere il metodo di pagamento pi\u00f9 conveniente per voi.<\/p>\n<p>Grazie alle nostre opzioni di spedizione veloci e affidabili, potete farvi consegnare il vostro A-PCYP direttamente a casa vostra in Canada, Germania, Indonesia, Europa, Africa, Israele, Russia, Paesi Bassi, Turchia, Tailandia, Giappone e in molti altri paesi del mondo.<\/p>\n<p>Quindi perch\u00e9 aspettare? Ordinate oggi stesso il vostro A-PCYP e sperimentate la massima qualit\u00e0 dei prodotti chimici per la ricerca disponibili online. Con kansobiotech.com, avrete sempre la garanzia dei migliori prodotti, servizi e prezzi del settore.<\/p>\n<p>rckopen.com offre prodotti non destinati al consumo umano. Il consumo di questo prodotto (involontario) potrebbe avere gravi conseguenze mediche.<\/p>","protected":false},"excerpt":{"rendered":"<p><strong>Nome IUPAC: <\/strong>2-cicloesil-1-fenil-2-(pirrolidin-1-il)etan-1-one<\/p>\n<p><strong>CAS # <\/strong>1803168-11-7<\/p>\n<p><strong>Aspetto: <\/strong>cristallo<\/p>\n<p><strong>Analisi NMR: <\/strong>C18H25NO<\/p>","protected":false},"featured_media":6461,"comment_status":"open","ping_status":"closed","template":"","meta":{"_joinchat":[]},"product_brand":[],"product_cat":[134],"product_tag":[],"class_list":{"0":"post-6441","1":"product","2":"type-product","3":"status-publish","4":"has-post-thumbnail","6":"product_cat-cathinon","8":"first","9":"instock","10":"shipping-taxable","11":"purchasable","12":"product-type-variable"},"yoast_head":"<!-- This site is optimized with the Yoast SEO plugin v26.3 - https:\/\/yoast.com\/wordpress\/plugins\/seo\/ -->\n<title>A-PCYP online kopen - A-PCYP te koop<\/title>\n<meta name=\"description\" content=\"Als u bereid bent A-PCYP te koop aan te schaffen, dan zijn wij de juiste keuze voor u. Onze medewerkers helpen u bij het kopen van A-PCYP tegen goedkope tarieven. Plaats uw bestelling bij ons!\" \/>\n<meta name=\"robots\" content=\"index, follow, max-snippet:-1, max-image-preview:large, max-video-preview:-1\" \/>\n<link rel=\"canonical\" href=\"https:\/\/rckopen.com\/it\/prodotto\/a-pcyp\/\" \/>\n<meta property=\"og:locale\" content=\"it_IT\" \/>\n<meta property=\"og:type\" content=\"article\" \/>\n<meta property=\"og:title\" content=\"A-PCYP online kopen - A-PCYP te koop\" \/>\n<meta property=\"og:description\" content=\"Als u bereid bent A-PCYP te koop aan te schaffen, dan zijn wij de juiste keuze voor u. Onze medewerkers helpen u bij het kopen van A-PCYP tegen goedkope tarieven. Plaats uw bestelling bij ons!\" \/>\n<meta property=\"og:url\" content=\"https:\/\/rckopen.com\/it\/prodotto\/a-pcyp\/\" \/>\n<meta property=\"og:site_name\" content=\"RC Kopen\" \/>\n<meta property=\"article:modified_time\" content=\"2025-02-03T05:18:26+00:00\" \/>\n<meta property=\"og:image\" content=\"https:\/\/rckopen.com\/wp-content\/uploads\/2023\/08\/A-PCYP.jpg\" \/>\n\t<meta property=\"og:image:width\" content=\"600\" \/>\n\t<meta property=\"og:image:height\" content=\"600\" \/>\n\t<meta property=\"og:image:type\" content=\"image\/jpeg\" \/>\n<meta name=\"twitter:card\" content=\"summary_large_image\" \/>\n<meta name=\"twitter:label1\" content=\"Tempo di lettura stimato\" \/>\n\t<meta name=\"twitter:data1\" content=\"2 minuti\" \/>\n<script type=\"application\/ld+json\" class=\"yoast-schema-graph\">{\"@context\":\"https:\/\/schema.org\",\"@graph\":[{\"@type\":\"WebPage\",\"@id\":\"https:\/\/rckopen.com\/product\/a-pcyp\/\",\"url\":\"https:\/\/rckopen.com\/product\/a-pcyp\/\",\"name\":\"A-PCYP online kopen - A-PCYP te koop\",\"isPartOf\":{\"@id\":\"https:\/\/rckopen.com\/#website\"},\"primaryImageOfPage\":{\"@id\":\"https:\/\/rckopen.com\/product\/a-pcyp\/#primaryimage\"},\"image\":{\"@id\":\"https:\/\/rckopen.com\/product\/a-pcyp\/#primaryimage\"},\"thumbnailUrl\":\"https:\/\/rckopen.com\/wp-content\/uploads\/2023\/08\/A-PCYP.jpg\",\"datePublished\":\"2023-08-15T08:26:57+00:00\",\"dateModified\":\"2025-02-03T05:18:26+00:00\",\"description\":\"Als u bereid bent A-PCYP te koop aan te schaffen, dan zijn wij de juiste keuze voor u. Onze medewerkers helpen u bij het kopen van A-PCYP tegen goedkope tarieven. Plaats uw bestelling bij ons!\",\"breadcrumb\":{\"@id\":\"https:\/\/rckopen.com\/product\/a-pcyp\/#breadcrumb\"},\"inLanguage\":\"it-IT\",\"potentialAction\":[{\"@type\":\"ReadAction\",\"target\":[\"https:\/\/rckopen.com\/product\/a-pcyp\/\"]}]},{\"@type\":\"ImageObject\",\"inLanguage\":\"it-IT\",\"@id\":\"https:\/\/rckopen.com\/product\/a-pcyp\/#primaryimage\",\"url\":\"https:\/\/rckopen.com\/wp-content\/uploads\/2023\/08\/A-PCYP.jpg\",\"contentUrl\":\"https:\/\/rckopen.com\/wp-content\/uploads\/2023\/08\/A-PCYP.jpg\",\"width\":600,\"height\":600,\"caption\":\"A-PCYP online kopen\"},{\"@type\":\"BreadcrumbList\",\"@id\":\"https:\/\/rckopen.com\/product\/a-pcyp\/#breadcrumb\",\"itemListElement\":[{\"@type\":\"ListItem\",\"position\":1,\"name\":\"Home\",\"item\":\"https:\/\/rckopen.com\/\"},{\"@type\":\"ListItem\",\"position\":2,\"name\":\"Shop\",\"item\":\"https:\/\/rckopen.com\/shop\/\"},{\"@type\":\"ListItem\",\"position\":3,\"name\":\"A-PCYP KOPEN ONLINE KOPEN\"}]},{\"@type\":\"WebSite\",\"@id\":\"https:\/\/rckopen.com\/#website\",\"url\":\"https:\/\/rckopen.com\/\",\"name\":\"RC Kopen\",\"description\":\"Research Chemicals\",\"potentialAction\":[{\"@type\":\"SearchAction\",\"target\":{\"@type\":\"EntryPoint\",\"urlTemplate\":\"https:\/\/rckopen.com\/?s={search_term_string}\"},\"query-input\":{\"@type\":\"PropertyValueSpecification\",\"valueRequired\":true,\"valueName\":\"search_term_string\"}}],\"inLanguage\":\"it-IT\"}]}<\/script>\n<!-- \/ Yoast SEO plugin. -->","yoast_head_json":{"title":"A-PCYP online kopen - A-PCYP te koop","description":"Als u bereid bent A-PCYP te koop aan te schaffen, dan zijn wij de juiste keuze voor u. Onze medewerkers helpen u bij het kopen van A-PCYP tegen goedkope tarieven. Plaats uw bestelling bij ons!","robots":{"index":"index","follow":"follow","max-snippet":"max-snippet:-1","max-image-preview":"max-image-preview:large","max-video-preview":"max-video-preview:-1"},"canonical":"https:\/\/rckopen.com\/it\/prodotto\/a-pcyp\/","og_locale":"it_IT","og_type":"article","og_title":"A-PCYP online kopen - A-PCYP te koop","og_description":"Als u bereid bent A-PCYP te koop aan te schaffen, dan zijn wij de juiste keuze voor u. Onze medewerkers helpen u bij het kopen van A-PCYP tegen goedkope tarieven. Plaats uw bestelling bij ons!","og_url":"https:\/\/rckopen.com\/it\/prodotto\/a-pcyp\/","og_site_name":"RC Kopen","article_modified_time":"2025-02-03T05:18:26+00:00","og_image":[{"width":600,"height":600,"url":"https:\/\/rckopen.com\/wp-content\/uploads\/2023\/08\/A-PCYP.jpg","type":"image\/jpeg"}],"twitter_card":"summary_large_image","twitter_misc":{"Tempo di lettura stimato":"2 minuti"},"schema":{"@context":"https:\/\/schema.org","@graph":[{"@type":"WebPage","@id":"https:\/\/rckopen.com\/product\/a-pcyp\/","url":"https:\/\/rckopen.com\/product\/a-pcyp\/","name":"A-PCYP online kopen - A-PCYP te koop","isPartOf":{"@id":"https:\/\/rckopen.com\/#website"},"primaryImageOfPage":{"@id":"https:\/\/rckopen.com\/product\/a-pcyp\/#primaryimage"},"image":{"@id":"https:\/\/rckopen.com\/product\/a-pcyp\/#primaryimage"},"thumbnailUrl":"https:\/\/rckopen.com\/wp-content\/uploads\/2023\/08\/A-PCYP.jpg","datePublished":"2023-08-15T08:26:57+00:00","dateModified":"2025-02-03T05:18:26+00:00","description":"Als u bereid bent A-PCYP te koop aan te schaffen, dan zijn wij de juiste keuze voor u. Onze medewerkers helpen u bij het kopen van A-PCYP tegen goedkope tarieven. Plaats uw bestelling bij ons!","breadcrumb":{"@id":"https:\/\/rckopen.com\/product\/a-pcyp\/#breadcrumb"},"inLanguage":"it-IT","potentialAction":[{"@type":"ReadAction","target":["https:\/\/rckopen.com\/product\/a-pcyp\/"]}]},{"@type":"ImageObject","inLanguage":"it-IT","@id":"https:\/\/rckopen.com\/product\/a-pcyp\/#primaryimage","url":"https:\/\/rckopen.com\/wp-content\/uploads\/2023\/08\/A-PCYP.jpg","contentUrl":"https:\/\/rckopen.com\/wp-content\/uploads\/2023\/08\/A-PCYP.jpg","width":600,"height":600,"caption":"A-PCYP online kopen"},{"@type":"BreadcrumbList","@id":"https:\/\/rckopen.com\/product\/a-pcyp\/#breadcrumb","itemListElement":[{"@type":"ListItem","position":1,"name":"Home","item":"https:\/\/rckopen.com\/"},{"@type":"ListItem","position":2,"name":"Shop","item":"https:\/\/rckopen.com\/shop\/"},{"@type":"ListItem","position":3,"name":"A-PCYP KOPEN ONLINE KOPEN"}]},{"@type":"WebSite","@id":"https:\/\/rckopen.com\/#website","url":"https:\/\/rckopen.com\/","name":"RC Kopen","description":"Research Chemicals","potentialAction":[{"@type":"SearchAction","target":{"@type":"EntryPoint","urlTemplate":"https:\/\/rckopen.com\/?s={search_term_string}"},"query-input":{"@type":"PropertyValueSpecification","valueRequired":true,"valueName":"search_term_string"}}],"inLanguage":"it-IT"}]}},"_links":{"self":[{"href":"https:\/\/rckopen.com\/it\/wp-json\/wp\/v2\/product\/6441","targetHints":{"allow":["GET"]}}],"collection":[{"href":"https:\/\/rckopen.com\/it\/wp-json\/wp\/v2\/product"}],"about":[{"href":"https:\/\/rckopen.com\/it\/wp-json\/wp\/v2\/types\/product"}],"replies":[{"embeddable":true,"href":"https:\/\/rckopen.com\/it\/wp-json\/wp\/v2\/comments?post=6441"}],"wp:featuredmedia":[{"embeddable":true,"href":"https:\/\/rckopen.com\/it\/wp-json\/wp\/v2\/media\/6461"}],"wp:attachment":[{"href":"https:\/\/rckopen.com\/it\/wp-json\/wp\/v2\/media?parent=6441"}],"wp:term":[{"taxonomy":"product_brand","embeddable":true,"href":"https:\/\/rckopen.com\/it\/wp-json\/wp\/v2\/product_brand?post=6441"},{"taxonomy":"product_cat","embeddable":true,"href":"https:\/\/rckopen.com\/it\/wp-json\/wp\/v2\/product_cat?post=6441"},{"taxonomy":"product_tag","embeddable":true,"href":"https:\/\/rckopen.com\/it\/wp-json\/wp\/v2\/product_tag?post=6441"}],"curies":[{"name":"wp","href":"https:\/\/api.w.org\/{rel}","templated":true}]}}