{"id":6449,"date":"2023-08-15T08:45:20","date_gmt":"2023-08-15T08:45:20","guid":{"rendered":"https:\/\/diligentplug.com\/chems\/?post_type=product&#038;p=6449"},"modified":"2025-02-03T10:40:44","modified_gmt":"2025-02-03T10:40:44","slug":"fluorexetamine-fxe","status":"publish","type":"product","link":"https:\/\/rckopen.com\/it\/prodotto\/fluorexetamina-fxe\/","title":{"rendered":"Acquista Fluorexetamina (FXE) online"},"content":{"rendered":"<h2>rckopen.com offre prodotti non destinati al consumo umano.<br \/>\nGeneral information Fluorexetamine Online kopen<\/h2>\n<p><a href=\"https:\/\/rckopen.com\/it\/prodotto\/fluorexetamina-fxe\/\">Fluorexetamine<\/a>\u00a0(cloridrato) \u00e8 uno standard analitico scientifico classificato come arilcicloesilammina. Questo articolo \u00e8 previsto per la ricerca e le applicazioni misurabili.<\/p>\n<p>La fluorexetamina \u00e8 una sostanza chimica di ricerca per la pianificazione sportiva con impatti dissociativi. Una sostanza chimica di ricerca sportiva nota come <a href=\"https:\/\/en.wikipedia.org\/wiki\/Fluoxetine\">Fluorexetamine<\/a> (3-Fluoro-2-Oxo-PCE, FXE) \u00e8 stato venduto sul web a partire dal 2017 circa.<\/p>\n<p>Anche se esiste da tempo, \u00e8 rimasta generalmente poco diffusa. La fluorexetamina \u00e8 una sostanza chimica per la ricerca di pianificatori sportivi della famiglia delle arilcicloesilammine e i suoi componenti possono essere molto dissociativi. Tuttavia, \u00e8 pronta a circolare su Internet dal 2017 e il suo utilizzo \u00e8 rimasto moderatamente inedito.<\/p>\n<p>La situazione \u00e8 cambiata nell'aprile 2022, quando il riconoscimento algoritmico della sostanza chimica di ricerca su Reddit ha provocato un allarme. Da quel momento in poi, gli avvisi di Fluorexetamina sono aumentati di oltre due volte, per quanto fossero al massimo storico nell'aprile 2022. Le propriet\u00e0 fisiologiche e tossicologiche di questo composto non sono state esaminate. L'uso di questa sostanza chimica dovrebbe essere per cos\u00ec dire a scopo di ricerca e di misurazione. Attenzione, questo prodotto non \u00e8 tanto per uso umano o veterinario.<\/p>\n<h3>Composizione chimica della fluorexetamina<\/h3>\n<p>La fluorexetamina (3\u2032- Fluoro-2-oxo-PCE, FXE) \u00e8 una sostanza chimica di ricerca sportiva della famiglia delle arilcicloesilammine con effetti dissociativi. Si suppone che sia stata venduta sul web dal 2017 circa. Tuttavia, \u00e8 rimasta moderatamente straordinaria.<\/p>\n<p>La sua equazione \u00e8 C14H18FNO e la sua massa molare \u00e8 235,302 g-mol-1 .<\/p>\n<h3>Farmacologia della fluorexetamina<\/h3>\n<p>La fluoxetina esercita i suoi effetti ostacolando la ricaptazione della serotonina nei neuroni presinaptici della serotonina, ostacolando la proteina trasportatrice della ricaptazione situata nel terminale presinaptico. La fluoxetina ha inoltre un'azione delicata sui recettori 5HT2A e 5HT2C.<\/p>\n<p>La fluoxetina viene consumata dopo l'assunzione orale, \u00e8 profondamente legata alle proteine e ha un enorme volume di trasporto. L'emivita di smaltimento della fluoxetina \u00e8 di circa 1-4 giorni, mentre quella del suo metabolita norfluoxetina dura da 7 a 15 giorni. La fluoxetina ha un profilo farmacocinetico non lineare.<\/p>\n<h3>Acquista Fluorexetamina online di alta qualit\u00e0<\/h3>\n<p><a href=\"http:\/\/rckopen.com\/it\/\">RC Kopen<\/a> ha molti anni di esperienza nel settore della progettazione di prodotti chimici di ricerca, il che ci consente di garantire la massima qualit\u00e0 di questi prodotti chimici di ricerca. Il team di prodotti chimici di ricerca vende Fluorexetamine. I prodotti chimici di ricerca, tra cui le Fluorexetamine, soddisfano tutti i requisiti di sicurezza. I prodotti chimici di ricerca vengono distribuiti con cura e conservati in un luogo fresco e asciutto.<\/p>\n<p>Tutti i prodotti vengono regolarmente controllati per verificarne la qualit\u00e0, la purezza e la sicurezza. Conservare sempre la Fluorexetamina a temperatura ambiente e fuori dalla portata di bambini e animali domestici. La nostra Fluorexetamina non \u00e8 destinata all'uso personale. \u00c8 solo per scopi di ricerca.<\/p>\n<p>Non deve essere mescolato con alcol o sostanze chimiche di ricerca durante la ricerca di questa sostanza chimica!<\/p>\n<p>Tutti i nostri prodotti hanno un prezzo equo!<\/p>\n<h3>Fluorexetamina testata in laboratorio con risultati.<\/h3>\n<p>Remakes progredisce verso la soddisfazione generale dei suoi clienti. Diversi esami hanno dimostrato che i clienti richiedono il maggior numero di dati possibile prima di acquistare prodotti chimici di ricerca sintetici. Inoltre, pubblichiamo tutte le conseguenze di laboratorio di ogni composto esaminato in un documento PDF.<\/p>\n<p>Il nostro Cristallo di Fluorexetamina soddisfa costantemente i principi attivi e pu\u00f2 essere visto direttamente da tutti.<\/p>\n<p>Distribuiamo tutte le conseguenze di laboratorio di ogni sostanza chimica di ricerca in un documento PDF.<\/p>\n<h3>Ordinare in modo sicuro da Fluorexetamine.<\/h3>\n<p>I prodotti chimici di ricerca di RC Kopen sono di ottima qualit\u00e0 e hanno un costo equo. Pertanto, quando richiedete i vostri prodotti chimici di ricerca a RC Kopen, vi garantiamo che la vostra richiesta arriver\u00e0 a casa vostra in modo rapido e sicuro, poich\u00e9 la vendita di prodotti chimici di ricerca \u00e8 sempre disponibile su RC Kopen.<\/p>\n<p>Richiedere composti di ricerca sintetici con Bitcoin o bonifico bancario \u00e8 semplice presso RC Kopen.<\/p>\n<p>Spediamo la polvere chimica di ricerca nello stesso giorno lavorativo se il pagamento viene ricevuto entro le 15:00 CEST.<\/p>\n<p>Non forniamo articoli a persone di et\u00e0 inferiore ai 18 anni!<\/p>\n<p>La vendita di prodotti chimici di ricerca \u00e8 solo a scopo di ricerca.<\/p>\n<p>Spedizione discreta di prodotti chimici per la ricerca.<\/p>\n<p>RC Kopen imballer\u00e0 il vostro ordine in modo sicuro e protetto per assicurare un trasporto adeguato. Inoltre, imballiamo in modo perfettamente invisibile e non mostriamo alcun segno di ci\u00f2 che potrebbe essere contenuto all'interno.<\/p>\n<h3>Precauzioni<\/h3>\n<ul>\n<li>Acquistare i dispositivi di protezione individuale appropriati, come occhiali e guanti. Puliteli e curateli in modo appropriato. Seguite sistemi sicuri quando maneggiate sostanze chimiche per la ricerca e non prendete scorciatoie.<\/li>\n<li>Se la sostanza chimica di ricerca viene a contatto con gli occhi, sciacquare bene ed eliminare le lenti a contatto, se fondamentale.<\/li>\n<li>Cercate di usare una maschera durante l'uso di queste sostanze chimiche, in modo che non entrino dentro di voi durante la respirazione.<\/li>\n<li>Come indicato dai metodi supportati, maneggiare, immagazzinare e smaltire i materiali pericolosi in modo sicuro. Non versarli mai nelle fognature o nei canali.<\/li>\n<li>Conservare i prodotti chimici per la ricerca in modo appropriato, come indicato nei loro nomi. Le sostanze chimiche infiammabili devono essere riposte in un luogo eccellente e asciutto, lontano dall'intensit\u00e0 e dalla luce del giorno. Alcuni prodotti sintetici, come gli acidi, devono essere conservati indipendentemente l'uno dall'altro.<\/li>\n<li>Gli acquisti RC offerti su rc sono a scopo di ricerca; il consumo umano \u00e8 assolutamente vietato.<\/li>\n<\/ul>","protected":false},"excerpt":{"rendered":"<p><strong>Nome IUPAC: <\/strong>2-(etilammino)-2-(3-fluorofenil)cicloesan-1-one<\/p>\n<p><strong>Altro nome: <\/strong>FXE<\/p>\n<p><strong>Forma: <\/strong>cristallo<\/p>\n<p><strong>Analisi NMR: <\/strong>C14H18FNO<\/p>","protected":false},"featured_media":6468,"comment_status":"open","ping_status":"closed","template":"","meta":{"_joinchat":[]},"product_brand":[],"product_cat":[137],"product_tag":[],"class_list":{"0":"post-6449","1":"product","2":"type-product","3":"status-publish","4":"has-post-thumbnail","6":"product_cat-dissociatieven","8":"first","9":"instock","10":"shipping-taxable","11":"purchasable","12":"product-type-variable"},"yoast_head":"<!-- This site is optimized with the Yoast SEO plugin v26.3 - https:\/\/yoast.com\/wordpress\/plugins\/seo\/ -->\n<title>Fluorexrtamine FXE te koop - Fluorexrtamine FXE online kopen<\/title>\n<meta name=\"description\" content=\"U kunt nu Fluorexrtamine FXE te koop krijgen in onze topwinkel RC Kopen. Onze medewerkers zullen u helpen om Fluorexrtamine FXE online te kopen tegen de beste prijzen. Bestel Fluorexrtamine FXE vandaag nog online met wereldwijde verzending!\" \/>\n<meta name=\"robots\" content=\"index, follow, max-snippet:-1, max-image-preview:large, max-video-preview:-1\" \/>\n<link rel=\"canonical\" href=\"https:\/\/rckopen.com\/it\/prodotto\/fluorexetamina-fxe\/\" \/>\n<meta property=\"og:locale\" content=\"it_IT\" \/>\n<meta property=\"og:type\" content=\"article\" \/>\n<meta property=\"og:title\" content=\"Fluorexrtamine FXE te koop - Fluorexrtamine FXE online kopen\" \/>\n<meta property=\"og:description\" content=\"U kunt nu Fluorexrtamine FXE te koop krijgen in onze topwinkel RC Kopen. Onze medewerkers zullen u helpen om Fluorexrtamine FXE online te kopen tegen de beste prijzen. Bestel Fluorexrtamine FXE vandaag nog online met wereldwijde verzending!\" \/>\n<meta property=\"og:url\" content=\"https:\/\/rckopen.com\/it\/prodotto\/fluorexetamina-fxe\/\" \/>\n<meta property=\"og:site_name\" content=\"RC Kopen\" \/>\n<meta property=\"article:modified_time\" content=\"2025-02-03T10:40:44+00:00\" \/>\n<meta property=\"og:image\" content=\"https:\/\/rckopen.com\/wp-content\/uploads\/2023\/08\/Fluorexetamine-FXE.jpg\" \/>\n\t<meta property=\"og:image:width\" content=\"600\" \/>\n\t<meta property=\"og:image:height\" content=\"600\" \/>\n\t<meta property=\"og:image:type\" content=\"image\/jpeg\" \/>\n<meta name=\"twitter:card\" content=\"summary_large_image\" \/>\n<meta name=\"twitter:label1\" content=\"Tempo di lettura stimato\" \/>\n\t<meta name=\"twitter:data1\" content=\"4 minuti\" \/>\n<script type=\"application\/ld+json\" class=\"yoast-schema-graph\">{\"@context\":\"https:\/\/schema.org\",\"@graph\":[{\"@type\":\"WebPage\",\"@id\":\"https:\/\/rckopen.com\/product\/fluorexetamine-fxe\/\",\"url\":\"https:\/\/rckopen.com\/product\/fluorexetamine-fxe\/\",\"name\":\"Fluorexrtamine FXE te koop - Fluorexrtamine FXE online kopen\",\"isPartOf\":{\"@id\":\"https:\/\/rckopen.com\/#website\"},\"primaryImageOfPage\":{\"@id\":\"https:\/\/rckopen.com\/product\/fluorexetamine-fxe\/#primaryimage\"},\"image\":{\"@id\":\"https:\/\/rckopen.com\/product\/fluorexetamine-fxe\/#primaryimage\"},\"thumbnailUrl\":\"https:\/\/rckopen.com\/wp-content\/uploads\/2023\/08\/Fluorexetamine-FXE.jpg\",\"datePublished\":\"2023-08-15T08:45:20+00:00\",\"dateModified\":\"2025-02-03T10:40:44+00:00\",\"description\":\"U kunt nu Fluorexrtamine FXE te koop krijgen in onze topwinkel RC Kopen. Onze medewerkers zullen u helpen om Fluorexrtamine FXE online te kopen tegen de beste prijzen. Bestel Fluorexrtamine FXE vandaag nog online met wereldwijde verzending!\",\"breadcrumb\":{\"@id\":\"https:\/\/rckopen.com\/product\/fluorexetamine-fxe\/#breadcrumb\"},\"inLanguage\":\"it-IT\",\"potentialAction\":[{\"@type\":\"ReadAction\",\"target\":[\"https:\/\/rckopen.com\/product\/fluorexetamine-fxe\/\"]}]},{\"@type\":\"ImageObject\",\"inLanguage\":\"it-IT\",\"@id\":\"https:\/\/rckopen.com\/product\/fluorexetamine-fxe\/#primaryimage\",\"url\":\"https:\/\/rckopen.com\/wp-content\/uploads\/2023\/08\/Fluorexetamine-FXE.jpg\",\"contentUrl\":\"https:\/\/rckopen.com\/wp-content\/uploads\/2023\/08\/Fluorexetamine-FXE.jpg\",\"width\":600,\"height\":600,\"caption\":\"Fluorexetamine-(FXE) online kopen\"},{\"@type\":\"BreadcrumbList\",\"@id\":\"https:\/\/rckopen.com\/product\/fluorexetamine-fxe\/#breadcrumb\",\"itemListElement\":[{\"@type\":\"ListItem\",\"position\":1,\"name\":\"Home\",\"item\":\"https:\/\/rckopen.com\/\"},{\"@type\":\"ListItem\",\"position\":2,\"name\":\"Shop\",\"item\":\"https:\/\/rckopen.com\/shop\/\"},{\"@type\":\"ListItem\",\"position\":3,\"name\":\"Fluorexetamine (FXE) Online kopen\"}]},{\"@type\":\"WebSite\",\"@id\":\"https:\/\/rckopen.com\/#website\",\"url\":\"https:\/\/rckopen.com\/\",\"name\":\"RC Kopen\",\"description\":\"Research Chemicals\",\"potentialAction\":[{\"@type\":\"SearchAction\",\"target\":{\"@type\":\"EntryPoint\",\"urlTemplate\":\"https:\/\/rckopen.com\/?s={search_term_string}\"},\"query-input\":{\"@type\":\"PropertyValueSpecification\",\"valueRequired\":true,\"valueName\":\"search_term_string\"}}],\"inLanguage\":\"it-IT\"}]}<\/script>\n<!-- \/ Yoast SEO plugin. -->","yoast_head_json":{"title":"Fluorexrtamine FXE te koop - Fluorexrtamine FXE online kopen","description":"U kunt nu Fluorexrtamine FXE te koop krijgen in onze topwinkel RC Kopen. Onze medewerkers zullen u helpen om Fluorexrtamine FXE online te kopen tegen de beste prijzen. Bestel Fluorexrtamine FXE vandaag nog online met wereldwijde verzending!","robots":{"index":"index","follow":"follow","max-snippet":"max-snippet:-1","max-image-preview":"max-image-preview:large","max-video-preview":"max-video-preview:-1"},"canonical":"https:\/\/rckopen.com\/it\/prodotto\/fluorexetamina-fxe\/","og_locale":"it_IT","og_type":"article","og_title":"Fluorexrtamine FXE te koop - Fluorexrtamine FXE online kopen","og_description":"U kunt nu Fluorexrtamine FXE te koop krijgen in onze topwinkel RC Kopen. Onze medewerkers zullen u helpen om Fluorexrtamine FXE online te kopen tegen de beste prijzen. Bestel Fluorexrtamine FXE vandaag nog online met wereldwijde verzending!","og_url":"https:\/\/rckopen.com\/it\/prodotto\/fluorexetamina-fxe\/","og_site_name":"RC Kopen","article_modified_time":"2025-02-03T10:40:44+00:00","og_image":[{"width":600,"height":600,"url":"https:\/\/rckopen.com\/wp-content\/uploads\/2023\/08\/Fluorexetamine-FXE.jpg","type":"image\/jpeg"}],"twitter_card":"summary_large_image","twitter_misc":{"Tempo di lettura stimato":"4 minuti"},"schema":{"@context":"https:\/\/schema.org","@graph":[{"@type":"WebPage","@id":"https:\/\/rckopen.com\/product\/fluorexetamine-fxe\/","url":"https:\/\/rckopen.com\/product\/fluorexetamine-fxe\/","name":"Fluorexrtamine FXE te koop - Fluorexrtamine FXE online kopen","isPartOf":{"@id":"https:\/\/rckopen.com\/#website"},"primaryImageOfPage":{"@id":"https:\/\/rckopen.com\/product\/fluorexetamine-fxe\/#primaryimage"},"image":{"@id":"https:\/\/rckopen.com\/product\/fluorexetamine-fxe\/#primaryimage"},"thumbnailUrl":"https:\/\/rckopen.com\/wp-content\/uploads\/2023\/08\/Fluorexetamine-FXE.jpg","datePublished":"2023-08-15T08:45:20+00:00","dateModified":"2025-02-03T10:40:44+00:00","description":"U kunt nu Fluorexrtamine FXE te koop krijgen in onze topwinkel RC Kopen. Onze medewerkers zullen u helpen om Fluorexrtamine FXE online te kopen tegen de beste prijzen. Bestel Fluorexrtamine FXE vandaag nog online met wereldwijde verzending!","breadcrumb":{"@id":"https:\/\/rckopen.com\/product\/fluorexetamine-fxe\/#breadcrumb"},"inLanguage":"it-IT","potentialAction":[{"@type":"ReadAction","target":["https:\/\/rckopen.com\/product\/fluorexetamine-fxe\/"]}]},{"@type":"ImageObject","inLanguage":"it-IT","@id":"https:\/\/rckopen.com\/product\/fluorexetamine-fxe\/#primaryimage","url":"https:\/\/rckopen.com\/wp-content\/uploads\/2023\/08\/Fluorexetamine-FXE.jpg","contentUrl":"https:\/\/rckopen.com\/wp-content\/uploads\/2023\/08\/Fluorexetamine-FXE.jpg","width":600,"height":600,"caption":"Fluorexetamine-(FXE) online kopen"},{"@type":"BreadcrumbList","@id":"https:\/\/rckopen.com\/product\/fluorexetamine-fxe\/#breadcrumb","itemListElement":[{"@type":"ListItem","position":1,"name":"Home","item":"https:\/\/rckopen.com\/"},{"@type":"ListItem","position":2,"name":"Shop","item":"https:\/\/rckopen.com\/shop\/"},{"@type":"ListItem","position":3,"name":"Fluorexetamine (FXE) Online kopen"}]},{"@type":"WebSite","@id":"https:\/\/rckopen.com\/#website","url":"https:\/\/rckopen.com\/","name":"RC Kopen","description":"Research Chemicals","potentialAction":[{"@type":"SearchAction","target":{"@type":"EntryPoint","urlTemplate":"https:\/\/rckopen.com\/?s={search_term_string}"},"query-input":{"@type":"PropertyValueSpecification","valueRequired":true,"valueName":"search_term_string"}}],"inLanguage":"it-IT"}]}},"_links":{"self":[{"href":"https:\/\/rckopen.com\/it\/wp-json\/wp\/v2\/product\/6449","targetHints":{"allow":["GET"]}}],"collection":[{"href":"https:\/\/rckopen.com\/it\/wp-json\/wp\/v2\/product"}],"about":[{"href":"https:\/\/rckopen.com\/it\/wp-json\/wp\/v2\/types\/product"}],"replies":[{"embeddable":true,"href":"https:\/\/rckopen.com\/it\/wp-json\/wp\/v2\/comments?post=6449"}],"wp:featuredmedia":[{"embeddable":true,"href":"https:\/\/rckopen.com\/it\/wp-json\/wp\/v2\/media\/6468"}],"wp:attachment":[{"href":"https:\/\/rckopen.com\/it\/wp-json\/wp\/v2\/media?parent=6449"}],"wp:term":[{"taxonomy":"product_brand","embeddable":true,"href":"https:\/\/rckopen.com\/it\/wp-json\/wp\/v2\/product_brand?post=6449"},{"taxonomy":"product_cat","embeddable":true,"href":"https:\/\/rckopen.com\/it\/wp-json\/wp\/v2\/product_cat?post=6449"},{"taxonomy":"product_tag","embeddable":true,"href":"https:\/\/rckopen.com\/it\/wp-json\/wp\/v2\/product_tag?post=6449"}],"curies":[{"name":"wp","href":"https:\/\/api.w.org\/{rel}","templated":true}]}}