{"id":6471,"date":"2023-08-16T05:07:38","date_gmt":"2023-08-16T05:07:38","guid":{"rendered":"https:\/\/diligentplug.com\/chems\/?post_type=product&#038;p=6471"},"modified":"2025-02-04T04:02:17","modified_gmt":"2025-02-04T04:02:17","slug":"hxe-hcl","status":"publish","type":"product","link":"https:\/\/rckopen.com\/it\/prodotto\/hxe-hcl\/","title":{"rendered":"Acquista HXE HCL online"},"content":{"rendered":"<h2><strong>Che cos'\u00e8 l'HXE?<\/strong><\/h2>\n<p><a href=\"https:\/\/rckopen.com\/it\/prodotto\/hxe-hcl\/\">Acquista HXE HCL online<\/a>, HXE o anche noto come 3-HO-2\u2032-oxo-PCE o idrossietamina, \u00e8 una sostanza chimica affascinante ed \u00e8 un derivato desmetilico di MXE. Ci\u00f2 significa che le sue propriet\u00e0 sono estremamente simili a quelle dell'MXE e ci aspettiamo di vedere e sentire risultati fantastici, paragonabili a quelli dell'MXE, nella ricerca. Questa sostanza chimica \u00e8 completamente nuova sul mercato e pertanto i dati disponibili sono limitati.<a href=\"https:\/\/rckopen.com\/it\/\">.<\/a><\/p>\n<h2><strong>Esclusione di responsabilit\u00e0 e precauzioni<\/strong><\/h2>\n<p><a href=\"https:\/\/en.wikipedia.org\/wiki\/Hydroxetamine\">HXE HCL<\/a> \u00e8 venduto solo per scopi di ricerca e non deve essere utilizzato dagli esseri umani o per scopi quali diagnosi, medicinali, alimenti, dispositivi medici e cosmetici per esseri umani o animali, per citarne alcuni. Acquista HXE HCL online.<\/p>\n<h2><strong>Propriet\u00e0 chimiche di HXE<\/strong><\/h2>\n<p>IUPAC: cloridrato di 2-(etilammino)-2-(3-idrossifenil)-cicloesanone<\/p>\n<p>Massa molare: 269,8 g\/mol<\/p>\n<p>CAS: N\/A<\/p>\n<h2><strong>Waar HXE online kopen?<\/strong><\/h2>\n<p>Con la presente <a href=\"https:\/\/rckopen.com\/it\/\">RCKopen<\/a> puoi sempre acquistare prodotti chimici della migliore qualit\u00e0. Questo HXE non fa eccezione. Attualmente l'HXE \u00e8 disponibile in polvere, ma potremmo prendere in considerazione la possibilit\u00e0 di produrlo in altre forme. Per aggiornamenti in merito, contatta il nostro servizio clienti. Si prega di notare che se si desidera acquistare HXE da Chemical Planet \u00e8 necessario avere almeno 18 anni<a href=\"https:\/\/safemedistore.com\/product\/3-fluorophenmetrazine-3-fpm\/\">.<\/a><\/p>\n<p>Nota* Si prega di notare che l'HXE \u00e8 legale nella maggior parte del mondo, ma le leggi possono cambiare, quindi vale sempre la pena di controllare le leggi del proprio paese prima di ordinare.<\/p>\n<p>rckopen.com offre prodotti non destinati al consumo umano. Il consumo di questo prodotto (involontario) potrebbe avere gravi conseguenze mediche.<\/p>","protected":false},"excerpt":{"rendered":"<p>Che cos'\u00e8 l'HXE? L'HXE, noto anche come 3-HO-2\u2032-oxo-PCE o idrossetamina, \u00e8 una sostanza chimica affascinante ed \u00e8 un derivato desmetilico dell'MXE.<\/p>\n<p><strong>Nome IUPAC: <\/strong>2-(etilammino)-2-(3-idrossifenile)cicloesan-1-one<\/p>\n<p><strong>CAS # <\/strong>1620054-73-0<\/p>\n<p><strong>Altro nome: <\/strong>3-HO-2\u2032-oxo-PCE, idrossetamina cloridrato<\/p>\n<p><strong>Forma: <\/strong>polvere<\/p>\n<p><strong>Analisi NMR: <\/strong>C14H19NO2<\/p>","protected":false},"featured_media":6482,"comment_status":"open","ping_status":"closed","template":"","meta":{"_joinchat":[]},"product_brand":[],"product_cat":[137],"product_tag":[],"class_list":{"0":"post-6471","1":"product","2":"type-product","3":"status-publish","4":"has-post-thumbnail","6":"product_cat-dissociatieven","8":"first","9":"instock","10":"shipping-taxable","11":"purchasable","12":"product-type-variable"},"yoast_head":"<!-- This site is optimized with the Yoast SEO plugin v26.3 - https:\/\/yoast.com\/wordpress\/plugins\/seo\/ -->\n<title>Koop HXE HCL online - HXE HCL te koop | Kopen HXE HCL<\/title>\n<meta name=\"description\" content=\"Als u HXE HCL online wilt kopen, kan onze online rc kopen-winkel u helpen. We hebben hier HXE HCL te koop tegen de beste prijzen. Plaats uw bestelling en profiteer vandaag nog van de nieuwste aanbiedingen!\" \/>\n<meta name=\"robots\" content=\"index, follow, max-snippet:-1, max-image-preview:large, max-video-preview:-1\" \/>\n<link rel=\"canonical\" href=\"https:\/\/rckopen.com\/it\/prodotto\/hxe-hcl\/\" \/>\n<meta property=\"og:locale\" content=\"it_IT\" \/>\n<meta property=\"og:type\" content=\"article\" \/>\n<meta property=\"og:title\" content=\"Koop HXE HCL online - HXE HCL te koop | Kopen HXE HCL\" \/>\n<meta property=\"og:description\" content=\"Als u HXE HCL online wilt kopen, kan onze online rc kopen-winkel u helpen. We hebben hier HXE HCL te koop tegen de beste prijzen. Plaats uw bestelling en profiteer vandaag nog van de nieuwste aanbiedingen!\" \/>\n<meta property=\"og:url\" content=\"https:\/\/rckopen.com\/it\/prodotto\/hxe-hcl\/\" \/>\n<meta property=\"og:site_name\" content=\"RC Kopen\" \/>\n<meta property=\"article:modified_time\" content=\"2025-02-04T04:02:17+00:00\" \/>\n<meta property=\"og:image\" content=\"https:\/\/rckopen.com\/wp-content\/uploads\/2023\/08\/HXE-HCL.jpg\" \/>\n\t<meta property=\"og:image:width\" content=\"600\" \/>\n\t<meta property=\"og:image:height\" content=\"600\" \/>\n\t<meta property=\"og:image:type\" content=\"image\/jpeg\" \/>\n<meta name=\"twitter:card\" content=\"summary_large_image\" \/>\n<meta name=\"twitter:label1\" content=\"Tempo di lettura stimato\" \/>\n\t<meta name=\"twitter:data1\" content=\"2 minuti\" \/>\n<script type=\"application\/ld+json\" class=\"yoast-schema-graph\">{\"@context\":\"https:\/\/schema.org\",\"@graph\":[{\"@type\":\"WebPage\",\"@id\":\"https:\/\/rckopen.com\/product\/hxe-hcl\/\",\"url\":\"https:\/\/rckopen.com\/product\/hxe-hcl\/\",\"name\":\"Koop HXE HCL online - HXE HCL te koop | Kopen HXE HCL\",\"isPartOf\":{\"@id\":\"https:\/\/rckopen.com\/#website\"},\"primaryImageOfPage\":{\"@id\":\"https:\/\/rckopen.com\/product\/hxe-hcl\/#primaryimage\"},\"image\":{\"@id\":\"https:\/\/rckopen.com\/product\/hxe-hcl\/#primaryimage\"},\"thumbnailUrl\":\"https:\/\/rckopen.com\/wp-content\/uploads\/2023\/08\/HXE-HCL.jpg\",\"datePublished\":\"2023-08-16T05:07:38+00:00\",\"dateModified\":\"2025-02-04T04:02:17+00:00\",\"description\":\"Als u HXE HCL online wilt kopen, kan onze online rc kopen-winkel u helpen. We hebben hier HXE HCL te koop tegen de beste prijzen. Plaats uw bestelling en profiteer vandaag nog van de nieuwste aanbiedingen!\",\"breadcrumb\":{\"@id\":\"https:\/\/rckopen.com\/product\/hxe-hcl\/#breadcrumb\"},\"inLanguage\":\"it-IT\",\"potentialAction\":[{\"@type\":\"ReadAction\",\"target\":[\"https:\/\/rckopen.com\/product\/hxe-hcl\/\"]}]},{\"@type\":\"ImageObject\",\"inLanguage\":\"it-IT\",\"@id\":\"https:\/\/rckopen.com\/product\/hxe-hcl\/#primaryimage\",\"url\":\"https:\/\/rckopen.com\/wp-content\/uploads\/2023\/08\/HXE-HCL.jpg\",\"contentUrl\":\"https:\/\/rckopen.com\/wp-content\/uploads\/2023\/08\/HXE-HCL.jpg\",\"width\":600,\"height\":600,\"caption\":\"HXE-HCL online kopen\"},{\"@type\":\"BreadcrumbList\",\"@id\":\"https:\/\/rckopen.com\/product\/hxe-hcl\/#breadcrumb\",\"itemListElement\":[{\"@type\":\"ListItem\",\"position\":1,\"name\":\"Home\",\"item\":\"https:\/\/rckopen.com\/\"},{\"@type\":\"ListItem\",\"position\":2,\"name\":\"Shop\",\"item\":\"https:\/\/rckopen.com\/shop\/\"},{\"@type\":\"ListItem\",\"position\":3,\"name\":\"HXE HCL online kopen\"}]},{\"@type\":\"WebSite\",\"@id\":\"https:\/\/rckopen.com\/#website\",\"url\":\"https:\/\/rckopen.com\/\",\"name\":\"RC Kopen\",\"description\":\"Research Chemicals\",\"potentialAction\":[{\"@type\":\"SearchAction\",\"target\":{\"@type\":\"EntryPoint\",\"urlTemplate\":\"https:\/\/rckopen.com\/?s={search_term_string}\"},\"query-input\":{\"@type\":\"PropertyValueSpecification\",\"valueRequired\":true,\"valueName\":\"search_term_string\"}}],\"inLanguage\":\"it-IT\"}]}<\/script>\n<!-- \/ Yoast SEO plugin. -->","yoast_head_json":{"title":"Koop HXE HCL online - HXE HCL te koop | Kopen HXE HCL","description":"Als u HXE HCL online wilt kopen, kan onze online rc kopen-winkel u helpen. We hebben hier HXE HCL te koop tegen de beste prijzen. Plaats uw bestelling en profiteer vandaag nog van de nieuwste aanbiedingen!","robots":{"index":"index","follow":"follow","max-snippet":"max-snippet:-1","max-image-preview":"max-image-preview:large","max-video-preview":"max-video-preview:-1"},"canonical":"https:\/\/rckopen.com\/it\/prodotto\/hxe-hcl\/","og_locale":"it_IT","og_type":"article","og_title":"Koop HXE HCL online - HXE HCL te koop | Kopen HXE HCL","og_description":"Als u HXE HCL online wilt kopen, kan onze online rc kopen-winkel u helpen. We hebben hier HXE HCL te koop tegen de beste prijzen. Plaats uw bestelling en profiteer vandaag nog van de nieuwste aanbiedingen!","og_url":"https:\/\/rckopen.com\/it\/prodotto\/hxe-hcl\/","og_site_name":"RC Kopen","article_modified_time":"2025-02-04T04:02:17+00:00","og_image":[{"width":600,"height":600,"url":"https:\/\/rckopen.com\/wp-content\/uploads\/2023\/08\/HXE-HCL.jpg","type":"image\/jpeg"}],"twitter_card":"summary_large_image","twitter_misc":{"Tempo di lettura stimato":"2 minuti"},"schema":{"@context":"https:\/\/schema.org","@graph":[{"@type":"WebPage","@id":"https:\/\/rckopen.com\/product\/hxe-hcl\/","url":"https:\/\/rckopen.com\/product\/hxe-hcl\/","name":"Koop HXE HCL online - HXE HCL te koop | Kopen HXE HCL","isPartOf":{"@id":"https:\/\/rckopen.com\/#website"},"primaryImageOfPage":{"@id":"https:\/\/rckopen.com\/product\/hxe-hcl\/#primaryimage"},"image":{"@id":"https:\/\/rckopen.com\/product\/hxe-hcl\/#primaryimage"},"thumbnailUrl":"https:\/\/rckopen.com\/wp-content\/uploads\/2023\/08\/HXE-HCL.jpg","datePublished":"2023-08-16T05:07:38+00:00","dateModified":"2025-02-04T04:02:17+00:00","description":"Als u HXE HCL online wilt kopen, kan onze online rc kopen-winkel u helpen. We hebben hier HXE HCL te koop tegen de beste prijzen. Plaats uw bestelling en profiteer vandaag nog van de nieuwste aanbiedingen!","breadcrumb":{"@id":"https:\/\/rckopen.com\/product\/hxe-hcl\/#breadcrumb"},"inLanguage":"it-IT","potentialAction":[{"@type":"ReadAction","target":["https:\/\/rckopen.com\/product\/hxe-hcl\/"]}]},{"@type":"ImageObject","inLanguage":"it-IT","@id":"https:\/\/rckopen.com\/product\/hxe-hcl\/#primaryimage","url":"https:\/\/rckopen.com\/wp-content\/uploads\/2023\/08\/HXE-HCL.jpg","contentUrl":"https:\/\/rckopen.com\/wp-content\/uploads\/2023\/08\/HXE-HCL.jpg","width":600,"height":600,"caption":"HXE-HCL online kopen"},{"@type":"BreadcrumbList","@id":"https:\/\/rckopen.com\/product\/hxe-hcl\/#breadcrumb","itemListElement":[{"@type":"ListItem","position":1,"name":"Home","item":"https:\/\/rckopen.com\/"},{"@type":"ListItem","position":2,"name":"Shop","item":"https:\/\/rckopen.com\/shop\/"},{"@type":"ListItem","position":3,"name":"HXE HCL online kopen"}]},{"@type":"WebSite","@id":"https:\/\/rckopen.com\/#website","url":"https:\/\/rckopen.com\/","name":"RC Kopen","description":"Research Chemicals","potentialAction":[{"@type":"SearchAction","target":{"@type":"EntryPoint","urlTemplate":"https:\/\/rckopen.com\/?s={search_term_string}"},"query-input":{"@type":"PropertyValueSpecification","valueRequired":true,"valueName":"search_term_string"}}],"inLanguage":"it-IT"}]}},"_links":{"self":[{"href":"https:\/\/rckopen.com\/it\/wp-json\/wp\/v2\/product\/6471","targetHints":{"allow":["GET"]}}],"collection":[{"href":"https:\/\/rckopen.com\/it\/wp-json\/wp\/v2\/product"}],"about":[{"href":"https:\/\/rckopen.com\/it\/wp-json\/wp\/v2\/types\/product"}],"replies":[{"embeddable":true,"href":"https:\/\/rckopen.com\/it\/wp-json\/wp\/v2\/comments?post=6471"}],"wp:featuredmedia":[{"embeddable":true,"href":"https:\/\/rckopen.com\/it\/wp-json\/wp\/v2\/media\/6482"}],"wp:attachment":[{"href":"https:\/\/rckopen.com\/it\/wp-json\/wp\/v2\/media?parent=6471"}],"wp:term":[{"taxonomy":"product_brand","embeddable":true,"href":"https:\/\/rckopen.com\/it\/wp-json\/wp\/v2\/product_brand?post=6471"},{"taxonomy":"product_cat","embeddable":true,"href":"https:\/\/rckopen.com\/it\/wp-json\/wp\/v2\/product_cat?post=6471"},{"taxonomy":"product_tag","embeddable":true,"href":"https:\/\/rckopen.com\/it\/wp-json\/wp\/v2\/product_tag?post=6471"}],"curies":[{"name":"wp","href":"https:\/\/api.w.org\/{rel}","templated":true}]}}