{"id":6491,"date":"2023-08-16T05:42:53","date_gmt":"2023-08-16T05:42:53","guid":{"rendered":"https:\/\/diligentplug.com\/chems\/?post_type=product&#038;p=6491"},"modified":"2025-02-04T05:34:46","modified_gmt":"2025-02-04T05:34:46","slug":"mxp","status":"publish","type":"product","link":"https:\/\/rckopen.com\/it\/prodotto\/mxp\/","title":{"rendered":"Acquista MXP online"},"content":{"rendered":"<h2>Che cos'\u00e8 MXP?<\/h2>\n<p>Acquista MXP online. Curioso di MXP? <strong>MXP, o metossifenidina<\/strong>\u00e8 una sostanza dissociativa sintetica. Appartiene alla classe delle diariletilamine, un gruppo chimicamente correlato ad altri noti dissociatori come la ketamina e la PCP (fenciclidina). L'MXP \u00e8 stato originariamente sviluppato per la ricerca neurologica ed \u00e8 noto per la sua capacit\u00e0 di indurre uno stato di dissociazione, in cui gli utenti possono sperimentare un senso di disconnessione o separazione dal proprio corpo e dal mondo esterno.<a href=\"https:\/\/en.wikipedia.org\/wiki\/MXP\">.<\/a><\/p>\n<p>Gli effetti della MXP includono spesso alterazioni della percezione, allucinazioni visive e uditive e un livello di coscienza alterato. Pu\u00f2 anche avere effetti cognitivi ed emotivi, come alterazioni del pensiero e sensazioni di euforia o distacco. Le esperienze con l'MXP possono variare notevolmente da un individuo all'altro e dipendono da fattori quali il dosaggio, l'ambiente e la sensibilit\u00e0 personale dell'utente.<a href=\"https:\/\/rckopen.com\/it\/\">.<\/a><\/p>\n<h3>Che cos'\u00e8 la ketamina?<\/h3>\n<p>La ketamina \u00e8 un farmaco utilizzato principalmente per iniziare e mantenere l'anestesia. Induce uno stato di trance e fornisce sollievo dal dolore, sedazione e amnesia. Le caratteristiche principali dell'anestesia con ketamina sono il mantenimento della stabilit\u00e0 cardiovascolare, dei riflessi delle vie aeree e talvolta della respirazione spontanea.<\/p>\n<p>Dal punto di vista chimico, la ketamina \u00e8 un anestetico dissociativo, appartenente alla classe delle arilcicloesilammine, che agisce principalmente bloccando il recettore NMDA. Ha un insieme unico di propriet\u00e0 psicotrope, tra cui anestesia, analgesia e allucinazioni. Poich\u00e9 altera la percezione della vista e del suono e induce un senso di distacco dall'ambiente e dal s\u00e9, viene talvolta utilizzata a dosi ridotte come droga ricreativa, spesso nota come \"K\", \"Special K\" o \"Vitamina K\".<\/p>\n<h3>Sviluppo di MXP<\/h3>\n<p>Lo sviluppo di MXP fa parte di una ricerca pi\u00f9 ampia sulle sostanze dissociative, con l'obiettivo di comprendere la loro interazione con i recettori NMDA nel cervello. I ricercatori sono interessati al potenziale dell'MXP come sostanza modello per lo studio della dissociazione e alle sue potenziali applicazioni terapeutiche in psichiatria.<\/p>\n<p>L'obiettivo dell'MXP \u00e8 esplorare le sue propriet\u00e0 uniche, tra cui l'impatto sulla neuroplasticit\u00e0, il sollievo dal dolore e il potenziale di trattamento dei disturbi neurologici.<\/p>\n<p>Nota: MXP \u00e8 solo per scopi di ricerca e non per il consumo umano.<\/p>\n<h2>Effetti di MXP<\/h2>\n<p>Gli effetti della MXP possono variare, ma le esperienze comuni sono:<\/p>\n<ul>\n<li><strong>Dissociazione<\/strong>Una sensazione di disconnessione dal corpo e dall'ambiente.<\/li>\n<li><strong>Cambiamenti cognitivi<\/strong>Cambiamento delle percezioni e dei processi di pensiero.<\/li>\n<li><strong>Distorsioni visive e uditive<\/strong>Alterazione delle percezioni sensoriali.<\/li>\n<li><strong>Sensazione di euforia<\/strong>Un maggiore senso di benessere.<\/li>\n<\/ul>\n<p>Questi effetti possono variare in base al dosaggio e alle reazioni individuali.<\/p>\n<h2>Dosaggio di MXP<\/h2>\n<ul>\n<li><strong>Dosaggio della luce:<\/strong>\u00a010-20 mg<\/li>\n<li><strong>Dosaggio abituale:<\/strong>\u00a020-50 mg<\/li>\n<li><strong>Dosaggio forte:<\/strong>\u00a050-100 mg<\/li>\n<\/ul>\n<h2>Durata degli effetti di MXP<\/h2>\n<p>La durata degli effetti di MXP varia:<\/p>\n<ul>\n<li><strong>Inizio degli effetti:<\/strong>\u00a0Da 30 a 90 minuti dopo l'ingestione.<\/li>\n<li><strong>Effetto di picco:<\/strong>\u00a0Da 2 a 4 ore dopo l'ingestione.<\/li>\n<li><strong>Durata totale:<\/strong>\u00a0Da 4 a 8 ore.<\/li>\n<\/ul>\n<p>Questo periodo di tempo pu\u00f2 variare da un individuo all'altro.<\/p>\n<h2>Perch\u00e9 scegliere Professor.it?<\/h2>\n<p>Se sei un ricercatore o uno scienziato alla ricerca dei migliori prodotti chimici per la ricerca, Professor.nl \u00e8 il negozio online che fa per te. Il Professore offre un'ampia gamma di prodotti della massima qualit\u00e0 al miglior prezzo. Acquista MXP online.<\/p>\n<p>Professor.it offre anche spedizioni veloci, opzioni di pagamento sicure e un eccellente servizio clienti. Professor si impegna a rispettare le norme di legge e tutti i prodotti sono fabbricati in conformit\u00e0 alle leggi e ai regolamenti vigenti.<\/p>\n<h2>Ordini e servizio clienti<\/h2>\n<p>Ordinare da Professor.it \u00e8 facile online. Scegliete un metodo di pagamento online o un bonifico bancario manuale. Poi scegliete uno dei metodi di spedizione disponibili.<\/p>\n<p>Per le domande, siamo raggiungibili durante l'orario d'ufficio tramite la nostra Live chat, Telegram o l'e-mail. Per farlo, cliccate sul nostro Professor bot in basso a destra e da l\u00ec scegliete come contattarci. Riceverete sempre una risposta!<\/p>\n<p>Quindi scegliete il <strong>van MXP online kopen<\/strong>\u00a0e buona fortuna con la vostra ricerca!\u00a0<i>Ricordate la vostra sicurezza e riposate adeguatamente tra un'indagine e l'altra Buy MXP.<\/i><\/p>\n<p>rckopen.com offre prodotti non destinati al consumo umano. Il consumo di questo prodotto (involontario) potrebbe avere gravi conseguenze mediche.<\/p>","protected":false},"excerpt":{"rendered":"<h1>Acquistare MXP<\/h1>\n<p>Acquistate MXP della migliore qualit\u00e0 per tutte le vostre ricerche scientifiche. I prodotti chimici per la ricerca MXP hanno una purezza \u226597% e non sono adatti al consumo umano.<\/p>\n<p><strong>Nome IUPAC: <\/strong>1-[1-(2-metossifenil)-2-feniletil]piperidina<\/p>\n<p><strong>CAS # <\/strong>127529-46-8<\/p>\n<p><strong>Altro nome: <\/strong>Metossifenidina<\/p>\n<p><strong>Aspetto: <\/strong>cristallo<\/p>\n<p><strong>Analisi NMR: <\/strong>C20H25NO<\/p>","protected":false},"featured_media":6501,"comment_status":"open","ping_status":"closed","template":"","meta":{"_joinchat":[]},"product_brand":[],"product_cat":[137],"product_tag":[],"class_list":{"0":"post-6491","1":"product","2":"type-product","3":"status-publish","4":"has-post-thumbnail","6":"product_cat-dissociatieven","8":"first","9":"instock","10":"shipping-taxable","11":"purchasable","12":"product-type-variable"},"yoast_head":"<!-- This site is optimized with the Yoast SEO plugin v26.3 - https:\/\/yoast.com\/wordpress\/plugins\/seo\/ -->\n<title>MXP online kopen - MXP te koop | RC Kopen<\/title>\n<meta name=\"description\" content=\"U kunt contact opnemen met onze online winkel en MXP online kopen. We hebben MXP te koop tegen goedkope prijzen. Haal de jouwe meteen bij jou thuis!\" \/>\n<meta name=\"robots\" content=\"index, follow, max-snippet:-1, max-image-preview:large, max-video-preview:-1\" \/>\n<link rel=\"canonical\" href=\"https:\/\/rckopen.com\/it\/prodotto\/mxp\/\" \/>\n<meta property=\"og:locale\" content=\"it_IT\" \/>\n<meta property=\"og:type\" content=\"article\" \/>\n<meta property=\"og:title\" content=\"MXP online kopen - MXP te koop | RC Kopen\" \/>\n<meta property=\"og:description\" content=\"U kunt contact opnemen met onze online winkel en MXP online kopen. We hebben MXP te koop tegen goedkope prijzen. Haal de jouwe meteen bij jou thuis!\" \/>\n<meta property=\"og:url\" content=\"https:\/\/rckopen.com\/it\/prodotto\/mxp\/\" \/>\n<meta property=\"og:site_name\" content=\"RC Kopen\" \/>\n<meta property=\"article:modified_time\" content=\"2025-02-04T05:34:46+00:00\" \/>\n<meta property=\"og:image\" content=\"https:\/\/rckopen.com\/wp-content\/uploads\/2023\/08\/MXP.jpg\" \/>\n\t<meta property=\"og:image:width\" content=\"600\" \/>\n\t<meta property=\"og:image:height\" content=\"600\" \/>\n\t<meta property=\"og:image:type\" content=\"image\/jpeg\" \/>\n<meta name=\"twitter:card\" content=\"summary_large_image\" \/>\n<meta name=\"twitter:label1\" content=\"Tempo di lettura stimato\" \/>\n\t<meta name=\"twitter:data1\" content=\"4 minuti\" \/>\n<script type=\"application\/ld+json\" class=\"yoast-schema-graph\">{\"@context\":\"https:\/\/schema.org\",\"@graph\":[{\"@type\":\"WebPage\",\"@id\":\"https:\/\/rckopen.com\/product\/mxp\/\",\"url\":\"https:\/\/rckopen.com\/product\/mxp\/\",\"name\":\"MXP online kopen - MXP te koop | RC Kopen\",\"isPartOf\":{\"@id\":\"https:\/\/rckopen.com\/#website\"},\"primaryImageOfPage\":{\"@id\":\"https:\/\/rckopen.com\/product\/mxp\/#primaryimage\"},\"image\":{\"@id\":\"https:\/\/rckopen.com\/product\/mxp\/#primaryimage\"},\"thumbnailUrl\":\"https:\/\/rckopen.com\/wp-content\/uploads\/2023\/08\/MXP.jpg\",\"datePublished\":\"2023-08-16T05:42:53+00:00\",\"dateModified\":\"2025-02-04T05:34:46+00:00\",\"description\":\"U kunt contact opnemen met onze online winkel en MXP online kopen. We hebben MXP te koop tegen goedkope prijzen. Haal de jouwe meteen bij jou thuis!\",\"breadcrumb\":{\"@id\":\"https:\/\/rckopen.com\/product\/mxp\/#breadcrumb\"},\"inLanguage\":\"it-IT\",\"potentialAction\":[{\"@type\":\"ReadAction\",\"target\":[\"https:\/\/rckopen.com\/product\/mxp\/\"]}]},{\"@type\":\"ImageObject\",\"inLanguage\":\"it-IT\",\"@id\":\"https:\/\/rckopen.com\/product\/mxp\/#primaryimage\",\"url\":\"https:\/\/rckopen.com\/wp-content\/uploads\/2023\/08\/MXP.jpg\",\"contentUrl\":\"https:\/\/rckopen.com\/wp-content\/uploads\/2023\/08\/MXP.jpg\",\"width\":600,\"height\":600,\"caption\":\"MXP online kopen\"},{\"@type\":\"BreadcrumbList\",\"@id\":\"https:\/\/rckopen.com\/product\/mxp\/#breadcrumb\",\"itemListElement\":[{\"@type\":\"ListItem\",\"position\":1,\"name\":\"Home\",\"item\":\"https:\/\/rckopen.com\/\"},{\"@type\":\"ListItem\",\"position\":2,\"name\":\"Shop\",\"item\":\"https:\/\/rckopen.com\/shop\/\"},{\"@type\":\"ListItem\",\"position\":3,\"name\":\"MXP online kopen\"}]},{\"@type\":\"WebSite\",\"@id\":\"https:\/\/rckopen.com\/#website\",\"url\":\"https:\/\/rckopen.com\/\",\"name\":\"RC Kopen\",\"description\":\"Research Chemicals\",\"potentialAction\":[{\"@type\":\"SearchAction\",\"target\":{\"@type\":\"EntryPoint\",\"urlTemplate\":\"https:\/\/rckopen.com\/?s={search_term_string}\"},\"query-input\":{\"@type\":\"PropertyValueSpecification\",\"valueRequired\":true,\"valueName\":\"search_term_string\"}}],\"inLanguage\":\"it-IT\"}]}<\/script>\n<!-- \/ Yoast SEO plugin. -->","yoast_head_json":{"title":"MXP online kopen - MXP te koop | RC Kopen","description":"U kunt contact opnemen met onze online winkel en MXP online kopen. We hebben MXP te koop tegen goedkope prijzen. Haal de jouwe meteen bij jou thuis!","robots":{"index":"index","follow":"follow","max-snippet":"max-snippet:-1","max-image-preview":"max-image-preview:large","max-video-preview":"max-video-preview:-1"},"canonical":"https:\/\/rckopen.com\/it\/prodotto\/mxp\/","og_locale":"it_IT","og_type":"article","og_title":"MXP online kopen - MXP te koop | RC Kopen","og_description":"U kunt contact opnemen met onze online winkel en MXP online kopen. We hebben MXP te koop tegen goedkope prijzen. Haal de jouwe meteen bij jou thuis!","og_url":"https:\/\/rckopen.com\/it\/prodotto\/mxp\/","og_site_name":"RC Kopen","article_modified_time":"2025-02-04T05:34:46+00:00","og_image":[{"width":600,"height":600,"url":"https:\/\/rckopen.com\/wp-content\/uploads\/2023\/08\/MXP.jpg","type":"image\/jpeg"}],"twitter_card":"summary_large_image","twitter_misc":{"Tempo di lettura stimato":"4 minuti"},"schema":{"@context":"https:\/\/schema.org","@graph":[{"@type":"WebPage","@id":"https:\/\/rckopen.com\/product\/mxp\/","url":"https:\/\/rckopen.com\/product\/mxp\/","name":"MXP online kopen - MXP te koop | RC Kopen","isPartOf":{"@id":"https:\/\/rckopen.com\/#website"},"primaryImageOfPage":{"@id":"https:\/\/rckopen.com\/product\/mxp\/#primaryimage"},"image":{"@id":"https:\/\/rckopen.com\/product\/mxp\/#primaryimage"},"thumbnailUrl":"https:\/\/rckopen.com\/wp-content\/uploads\/2023\/08\/MXP.jpg","datePublished":"2023-08-16T05:42:53+00:00","dateModified":"2025-02-04T05:34:46+00:00","description":"U kunt contact opnemen met onze online winkel en MXP online kopen. We hebben MXP te koop tegen goedkope prijzen. Haal de jouwe meteen bij jou thuis!","breadcrumb":{"@id":"https:\/\/rckopen.com\/product\/mxp\/#breadcrumb"},"inLanguage":"it-IT","potentialAction":[{"@type":"ReadAction","target":["https:\/\/rckopen.com\/product\/mxp\/"]}]},{"@type":"ImageObject","inLanguage":"it-IT","@id":"https:\/\/rckopen.com\/product\/mxp\/#primaryimage","url":"https:\/\/rckopen.com\/wp-content\/uploads\/2023\/08\/MXP.jpg","contentUrl":"https:\/\/rckopen.com\/wp-content\/uploads\/2023\/08\/MXP.jpg","width":600,"height":600,"caption":"MXP online kopen"},{"@type":"BreadcrumbList","@id":"https:\/\/rckopen.com\/product\/mxp\/#breadcrumb","itemListElement":[{"@type":"ListItem","position":1,"name":"Home","item":"https:\/\/rckopen.com\/"},{"@type":"ListItem","position":2,"name":"Shop","item":"https:\/\/rckopen.com\/shop\/"},{"@type":"ListItem","position":3,"name":"MXP online kopen"}]},{"@type":"WebSite","@id":"https:\/\/rckopen.com\/#website","url":"https:\/\/rckopen.com\/","name":"RC Kopen","description":"Research Chemicals","potentialAction":[{"@type":"SearchAction","target":{"@type":"EntryPoint","urlTemplate":"https:\/\/rckopen.com\/?s={search_term_string}"},"query-input":{"@type":"PropertyValueSpecification","valueRequired":true,"valueName":"search_term_string"}}],"inLanguage":"it-IT"}]}},"_links":{"self":[{"href":"https:\/\/rckopen.com\/it\/wp-json\/wp\/v2\/product\/6491","targetHints":{"allow":["GET"]}}],"collection":[{"href":"https:\/\/rckopen.com\/it\/wp-json\/wp\/v2\/product"}],"about":[{"href":"https:\/\/rckopen.com\/it\/wp-json\/wp\/v2\/types\/product"}],"replies":[{"embeddable":true,"href":"https:\/\/rckopen.com\/it\/wp-json\/wp\/v2\/comments?post=6491"}],"wp:featuredmedia":[{"embeddable":true,"href":"https:\/\/rckopen.com\/it\/wp-json\/wp\/v2\/media\/6501"}],"wp:attachment":[{"href":"https:\/\/rckopen.com\/it\/wp-json\/wp\/v2\/media?parent=6491"}],"wp:term":[{"taxonomy":"product_brand","embeddable":true,"href":"https:\/\/rckopen.com\/it\/wp-json\/wp\/v2\/product_brand?post=6491"},{"taxonomy":"product_cat","embeddable":true,"href":"https:\/\/rckopen.com\/it\/wp-json\/wp\/v2\/product_cat?post=6491"},{"taxonomy":"product_tag","embeddable":true,"href":"https:\/\/rckopen.com\/it\/wp-json\/wp\/v2\/product_tag?post=6491"}],"curies":[{"name":"wp","href":"https:\/\/api.w.org\/{rel}","templated":true}]}}