{"id":6492,"date":"2023-08-16T05:44:50","date_gmt":"2023-08-16T05:44:50","guid":{"rendered":"https:\/\/diligentplug.com\/chems\/?post_type=product&#038;p=6492"},"modified":"2025-02-04T07:03:02","modified_gmt":"2025-02-04T07:03:02","slug":"o-pce","status":"publish","type":"product","link":"https:\/\/rckopen.com\/it\/prodotto\/o-pce\/","title":{"rendered":"Comprar O-PCE online"},"content":{"rendered":"<h2>O-PCE poeder online kopen in winkel<\/h2>\n<h2>Polvere di O-PCE: cos'\u00e8?<\/h2>\n<p>L'O-PCE, ufficialmente nota come 2-Oxo-PCE o N-etildiclorocetamina, \u00e8 un derivato della DCK o declorocetamina. \u00c8 strettamente correlata all'eticiclidina o PCE. L'azione dell'eticiclidina \u00e8 simile a quella della fenciclidina o PCP, un agente dissociativo molto potente.<a href=\"https:\/\/en.wikipedia.org\/wiki\/2-Oxo-PCE\">.<\/a><\/p>\n<p>Tutti questi composti sono anestetici dissociativi e appartengono alla classe dei composti arilcicloesilaminici. Questi agenti svolgono funzioni simili, ma la loro durata e potenza variano notevolmente a seconda del modo in cui si sviluppano.<a href=\"https:\/\/rckopen.com\/it\/prodotto\/mxipr\/\">.<\/a><\/p>\n<h2>Comprar O-PCE online<\/h2>\n<p>L'O-PCE o 2-Oxo-PCE \u00e8 un composto chimico sviluppato per imitare gli effetti del suo predecessore, il PCE. Si tratta di una sostanza chimica relativamente nuova, con pochissimi dati disponibili.<\/p>\n<h2>O-PCE - come si usa?<\/h2>\n<p>Non sono disponibili molte informazioni sull'O-PCE, soprattutto nella letteratura scientifica. Chiunque utilizzi il rapporto deve essere cauto. Sebbene sia simile ad altri composti arilcicloesilaminici (come la ketamina e il DCK), ci\u00f2 non significa necessariamente che avr\u00e0 le stesse prestazioni o lo stesso profilo di sicurezza.<\/p>\n<h2>Polvere di O-PCE: come conservarla?<\/h2>\n<p>L'O-PCE pu\u00f2 essere acquistato online per un periodo di tempo limitato. Per il massimo comfort, conservare l'O-PCE in un luogo sicuro. Quando si utilizzano nuovi materiali sintetici, sono richiesti elevati livelli di test di laboratorio, come la rimozione della polvere e la rimozione di dispositivi portatili, maschere e indumenti protettivi.<\/p>\n<h2>Polvere di O-PCE - altre informazioni<\/h2>\n<p>L'O-PCE presenta molte analogie con il DCK e la ketamina e si ritiene che abbia effetti antibatterici. Tuttavia, l'ipotesi non \u00e8 stata verificata.<\/p>\n<p>Come altre sostanze della classe delle arilcicloesilammine, l'O-PCE ha un anello di cicloesanone collegato a un anello aromatico e a un gruppo amminico. L'O-PCE contiene una catena amino-etilica attaccata al carbonio alfa adiacente (R2) dell'anello cicloesanonico.<\/p>\n<p>Strutturalmente, l'O-PCE \u00e8 quasi identico al DCK, con l'unica differenza della lunghezza della catena di carbonio. Il DCK ha una catena amino-metilica mentre l'O-PCE ha una catena amino-etilica La somiglianza strutturale e l'estrapolazione suggeriscono che l'O-PCE interagisce con il recettore NMDA. Si tratta dello stesso meccanismo con cui agiscono la ketamina, la DCK e altre arilcicloesilammine.<\/p>\n<p>rckopen.com offre prodotti non adatti al consumo di massa. Se tu (o qualcun altro) consumi questo prodotto, puoi ordinarlo presso il centro medico pi\u00f9 vicino o presso un negozio online.<\/p>","protected":false},"excerpt":{"rendered":"<p><strong>Nome IUPAC: <\/strong>2-(etilammino)-2-fenil-cicloesanone, monocloridrato<\/p>\n<p><strong>CAS # <\/strong>4551-92-2<\/p>\n<p><strong>Altro nome: <\/strong>Eticiclidone \/ O-PCE \/ 2-Oxo-PCE<\/p>\n<p><strong>Aspetto: <\/strong>cristallo<\/p>\n<p><strong>Analisi NMR: <\/strong>C14H19NO - HCl<\/p>","protected":false},"featured_media":6502,"comment_status":"open","ping_status":"closed","template":"","meta":{"_joinchat":[]},"product_brand":[],"product_cat":[137],"product_tag":[],"class_list":{"0":"post-6492","1":"product","2":"type-product","3":"status-publish","4":"has-post-thumbnail","6":"product_cat-dissociatieven","8":"first","9":"instock","10":"shipping-taxable","11":"purchasable","12":"product-type-variable"},"yoast_head":"<!-- This site is optimized with the Yoast SEO plugin v26.3 - https:\/\/yoast.com\/wordpress\/plugins\/seo\/ -->\n<title>O Pce online kopen - O Pce online te koop | RC Kopen<\/title>\n<meta name=\"description\" content=\"Op zoek naar hoogwaardige O Pce te koop? RC kopen is een toonaangevende winkel waar u O Pce online kunt kopen tegen de beste prijs.\" \/>\n<meta name=\"robots\" content=\"index, follow, max-snippet:-1, max-image-preview:large, max-video-preview:-1\" \/>\n<link rel=\"canonical\" href=\"https:\/\/rckopen.com\/it\/prodotto\/o-pce\/\" \/>\n<meta property=\"og:locale\" content=\"it_IT\" \/>\n<meta property=\"og:type\" content=\"article\" \/>\n<meta property=\"og:title\" content=\"O Pce online kopen - O Pce online te koop | RC Kopen\" \/>\n<meta property=\"og:description\" content=\"Op zoek naar hoogwaardige O Pce te koop? RC kopen is een toonaangevende winkel waar u O Pce online kunt kopen tegen de beste prijs.\" \/>\n<meta property=\"og:url\" content=\"https:\/\/rckopen.com\/it\/prodotto\/o-pce\/\" \/>\n<meta property=\"og:site_name\" content=\"RC Kopen\" \/>\n<meta property=\"article:modified_time\" content=\"2025-02-04T07:03:02+00:00\" \/>\n<meta property=\"og:image\" content=\"https:\/\/rckopen.com\/wp-content\/uploads\/2023\/08\/O-PCE.jpg\" \/>\n\t<meta property=\"og:image:width\" content=\"600\" \/>\n\t<meta property=\"og:image:height\" content=\"600\" \/>\n\t<meta property=\"og:image:type\" content=\"image\/jpeg\" \/>\n<meta name=\"twitter:card\" content=\"summary_large_image\" \/>\n<meta name=\"twitter:label1\" content=\"Tempo di lettura stimato\" \/>\n\t<meta name=\"twitter:data1\" content=\"2 minuti\" \/>\n<script type=\"application\/ld+json\" class=\"yoast-schema-graph\">{\"@context\":\"https:\/\/schema.org\",\"@graph\":[{\"@type\":\"WebPage\",\"@id\":\"https:\/\/rckopen.com\/product\/o-pce\/\",\"url\":\"https:\/\/rckopen.com\/product\/o-pce\/\",\"name\":\"O Pce online kopen - O Pce online te koop | RC Kopen\",\"isPartOf\":{\"@id\":\"https:\/\/rckopen.com\/#website\"},\"primaryImageOfPage\":{\"@id\":\"https:\/\/rckopen.com\/product\/o-pce\/#primaryimage\"},\"image\":{\"@id\":\"https:\/\/rckopen.com\/product\/o-pce\/#primaryimage\"},\"thumbnailUrl\":\"https:\/\/rckopen.com\/wp-content\/uploads\/2023\/08\/O-PCE.jpg\",\"datePublished\":\"2023-08-16T05:44:50+00:00\",\"dateModified\":\"2025-02-04T07:03:02+00:00\",\"description\":\"Op zoek naar hoogwaardige O Pce te koop? RC kopen is een toonaangevende winkel waar u O Pce online kunt kopen tegen de beste prijs.\",\"breadcrumb\":{\"@id\":\"https:\/\/rckopen.com\/product\/o-pce\/#breadcrumb\"},\"inLanguage\":\"it-IT\",\"potentialAction\":[{\"@type\":\"ReadAction\",\"target\":[\"https:\/\/rckopen.com\/product\/o-pce\/\"]}]},{\"@type\":\"ImageObject\",\"inLanguage\":\"it-IT\",\"@id\":\"https:\/\/rckopen.com\/product\/o-pce\/#primaryimage\",\"url\":\"https:\/\/rckopen.com\/wp-content\/uploads\/2023\/08\/O-PCE.jpg\",\"contentUrl\":\"https:\/\/rckopen.com\/wp-content\/uploads\/2023\/08\/O-PCE.jpg\",\"width\":600,\"height\":600,\"caption\":\"O-PCE online kopen\"},{\"@type\":\"BreadcrumbList\",\"@id\":\"https:\/\/rckopen.com\/product\/o-pce\/#breadcrumb\",\"itemListElement\":[{\"@type\":\"ListItem\",\"position\":1,\"name\":\"Home\",\"item\":\"https:\/\/rckopen.com\/\"},{\"@type\":\"ListItem\",\"position\":2,\"name\":\"Shop\",\"item\":\"https:\/\/rckopen.com\/shop\/\"},{\"@type\":\"ListItem\",\"position\":3,\"name\":\"O-PCE online kopen\"}]},{\"@type\":\"WebSite\",\"@id\":\"https:\/\/rckopen.com\/#website\",\"url\":\"https:\/\/rckopen.com\/\",\"name\":\"RC Kopen\",\"description\":\"Research Chemicals\",\"potentialAction\":[{\"@type\":\"SearchAction\",\"target\":{\"@type\":\"EntryPoint\",\"urlTemplate\":\"https:\/\/rckopen.com\/?s={search_term_string}\"},\"query-input\":{\"@type\":\"PropertyValueSpecification\",\"valueRequired\":true,\"valueName\":\"search_term_string\"}}],\"inLanguage\":\"it-IT\"}]}<\/script>\n<!-- \/ Yoast SEO plugin. -->","yoast_head_json":{"title":"O Pce online kopen - O Pce online te koop | RC Kopen","description":"Op zoek naar hoogwaardige O Pce te koop? RC kopen is een toonaangevende winkel waar u O Pce online kunt kopen tegen de beste prijs.","robots":{"index":"index","follow":"follow","max-snippet":"max-snippet:-1","max-image-preview":"max-image-preview:large","max-video-preview":"max-video-preview:-1"},"canonical":"https:\/\/rckopen.com\/it\/prodotto\/o-pce\/","og_locale":"it_IT","og_type":"article","og_title":"O Pce online kopen - O Pce online te koop | RC Kopen","og_description":"Op zoek naar hoogwaardige O Pce te koop? RC kopen is een toonaangevende winkel waar u O Pce online kunt kopen tegen de beste prijs.","og_url":"https:\/\/rckopen.com\/it\/prodotto\/o-pce\/","og_site_name":"RC Kopen","article_modified_time":"2025-02-04T07:03:02+00:00","og_image":[{"width":600,"height":600,"url":"https:\/\/rckopen.com\/wp-content\/uploads\/2023\/08\/O-PCE.jpg","type":"image\/jpeg"}],"twitter_card":"summary_large_image","twitter_misc":{"Tempo di lettura stimato":"2 minuti"},"schema":{"@context":"https:\/\/schema.org","@graph":[{"@type":"WebPage","@id":"https:\/\/rckopen.com\/product\/o-pce\/","url":"https:\/\/rckopen.com\/product\/o-pce\/","name":"O Pce online kopen - O Pce online te koop | RC Kopen","isPartOf":{"@id":"https:\/\/rckopen.com\/#website"},"primaryImageOfPage":{"@id":"https:\/\/rckopen.com\/product\/o-pce\/#primaryimage"},"image":{"@id":"https:\/\/rckopen.com\/product\/o-pce\/#primaryimage"},"thumbnailUrl":"https:\/\/rckopen.com\/wp-content\/uploads\/2023\/08\/O-PCE.jpg","datePublished":"2023-08-16T05:44:50+00:00","dateModified":"2025-02-04T07:03:02+00:00","description":"Op zoek naar hoogwaardige O Pce te koop? RC kopen is een toonaangevende winkel waar u O Pce online kunt kopen tegen de beste prijs.","breadcrumb":{"@id":"https:\/\/rckopen.com\/product\/o-pce\/#breadcrumb"},"inLanguage":"it-IT","potentialAction":[{"@type":"ReadAction","target":["https:\/\/rckopen.com\/product\/o-pce\/"]}]},{"@type":"ImageObject","inLanguage":"it-IT","@id":"https:\/\/rckopen.com\/product\/o-pce\/#primaryimage","url":"https:\/\/rckopen.com\/wp-content\/uploads\/2023\/08\/O-PCE.jpg","contentUrl":"https:\/\/rckopen.com\/wp-content\/uploads\/2023\/08\/O-PCE.jpg","width":600,"height":600,"caption":"O-PCE online kopen"},{"@type":"BreadcrumbList","@id":"https:\/\/rckopen.com\/product\/o-pce\/#breadcrumb","itemListElement":[{"@type":"ListItem","position":1,"name":"Home","item":"https:\/\/rckopen.com\/"},{"@type":"ListItem","position":2,"name":"Shop","item":"https:\/\/rckopen.com\/shop\/"},{"@type":"ListItem","position":3,"name":"O-PCE online kopen"}]},{"@type":"WebSite","@id":"https:\/\/rckopen.com\/#website","url":"https:\/\/rckopen.com\/","name":"RC Kopen","description":"Research Chemicals","potentialAction":[{"@type":"SearchAction","target":{"@type":"EntryPoint","urlTemplate":"https:\/\/rckopen.com\/?s={search_term_string}"},"query-input":{"@type":"PropertyValueSpecification","valueRequired":true,"valueName":"search_term_string"}}],"inLanguage":"it-IT"}]}},"_links":{"self":[{"href":"https:\/\/rckopen.com\/it\/wp-json\/wp\/v2\/product\/6492","targetHints":{"allow":["GET"]}}],"collection":[{"href":"https:\/\/rckopen.com\/it\/wp-json\/wp\/v2\/product"}],"about":[{"href":"https:\/\/rckopen.com\/it\/wp-json\/wp\/v2\/types\/product"}],"replies":[{"embeddable":true,"href":"https:\/\/rckopen.com\/it\/wp-json\/wp\/v2\/comments?post=6492"}],"wp:featuredmedia":[{"embeddable":true,"href":"https:\/\/rckopen.com\/it\/wp-json\/wp\/v2\/media\/6502"}],"wp:attachment":[{"href":"https:\/\/rckopen.com\/it\/wp-json\/wp\/v2\/media?parent=6492"}],"wp:term":[{"taxonomy":"product_brand","embeddable":true,"href":"https:\/\/rckopen.com\/it\/wp-json\/wp\/v2\/product_brand?post=6492"},{"taxonomy":"product_cat","embeddable":true,"href":"https:\/\/rckopen.com\/it\/wp-json\/wp\/v2\/product_cat?post=6492"},{"taxonomy":"product_tag","embeddable":true,"href":"https:\/\/rckopen.com\/it\/wp-json\/wp\/v2\/product_tag?post=6492"}],"curies":[{"name":"wp","href":"https:\/\/api.w.org\/{rel}","templated":true}]}}