{"id":6544,"date":"2023-08-16T07:03:19","date_gmt":"2023-08-16T07:03:19","guid":{"rendered":"https:\/\/diligentplug.com\/chems\/?post_type=product&#038;p=6544"},"modified":"2025-02-03T10:43:36","modified_gmt":"2025-02-03T10:43:36","slug":"green-bali","status":"publish","type":"product","link":"https:\/\/rckopen.com\/it\/prodotto\/verde-bali\/","title":{"rendered":"Acquista Green Bali online"},"content":{"rendered":"<h2 class=\"font-black text-lg mb-8 flex items-end md:text-xl md:ml-0\"><span class=\"inline-block\">Productinformatie Green Bali Online kopen<\/span><\/h2>\n<div class=\"relative flex flex-wrap flex-col\" style=\"box-sizing: border-box; --tw-translate-x: 0; --tw-translate-y: 0; --tw-rotate: 0; --tw-skew-x: 0; --tw-skew-y: 0; --tw-scale-x: 1; --tw-scale-y: 1; --tw-transform: translateX(var(--tw-translate-x)) translateY(var(--tw-translate-y)) rotate(var(--tw-rotate)) skewX(var(--tw-skew-x)) skewY(var(--tw-skew-y)) scaleX(var(--tw-scale-x)) scaleY(var(--tw-scale-y)); --tw-border-opacity: 1; --tw-ring-offset-width: 0px; --tw-ring-offset-color: #fff; --tw-ring-color: rgba(59, 130, 246, 0.5); --tw-ring-offset-shadow: 0 0 #0000; --tw-ring-shadow: 0 0 #0000; --tw-shadow: 0 0 #0000; --tw-filter: var(--tw-blur) var(--tw-brightness) var(--tw-contrast) var(--tw-grayscale) var(--tw-hue-rotate) var(--tw-invert) var(--tw-saturate) var(--tw-sepia) var(--tw-drop-shadow); --tw-backdrop-filter: var(--tw-backdrop-blur) var(--tw-backdrop-brightness) var(--tw-backdrop-contrast) var(--tw-backdrop-grayscale) var(--tw-backdrop-hue-rotate) var(--tw-backdrop-invert) var(--tw-backdrop-opacity) var(--tw-backdrop-saturate) var(--tw-backdrop-sepia); position: relative; display: flex; flex-flow: column wrap; color: #202e46; font-family: 'Red Hat Display', ui-sans-serif, system-ui, -apple-system, BlinkMacSystemFont, 'Segoe UI', Roboto, 'Helvetica Neue', Arial, 'Noto Sans', sans-serif, 'Apple Color Emoji', 'Segoe UI Emoji', 'Segoe UI Symbol', 'Noto Color Emoji'; font-size: 16px; font-style: normal; font-variant-ligatures: normal; font-variant-caps: normal; font-weight: 400; letter-spacing: normal; orphans: 2; text-align: start; text-indent: 0px; text-transform: none; widows: 2; word-spacing: 0px; -webkit-text-stroke-width: 0px; white-space: normal; background-color: #f2ece5; text-decoration-thickness: initial; text-decoration-style: initial; text-decoration-color: initial; border: 0px solid rgba(229,229,229,var(--tw-border-opacity));\">\n<div class=\"overflow-hidden transition-all duration-500 max-h-[300px] sm:max-h-[400px] md:max-h-[500px] lg:max-h-[550]\">\n<div class=\"prose prose-sm text-gray-500\">\n<p><a href=\"https:\/\/rckopen.com\/it\/prodotto\/verde-bali\/\">Acquista Green Bali online<\/a>L'erba tropicale Kratom (Mitragyna speciosa) \u00e8 originaria del Sud-Est asiatico. Il kratom viene estratto da diversi alberi della stessa specie, poich\u00e9 diversi alberi della stessa famiglia contengono kratom, c'\u00e8 anche una differenza nei possibili effetti<a href=\"https:\/\/en.wikipedia.org\/wiki\/Human\">.<\/a><\/p>\n<h3>Effetti di Kratopia Green Bali<\/h3>\n<p><a href=\"https:\/\/en.wikipedia.org\/wiki\/Green\">Verde<\/a> <a href=\"https:\/\/en.wikipedia.org\/wiki\/Bali\">Bali<\/a> Il kratom viene coltivato in Indonesia ed \u00e8 molto apprezzato a livello locale per il suo effetto antidolorifico e si dice che aumenti i livelli di energia. Gli utenti riferiscono di sentirsi pi\u00f9 attivi e senza dolore, senza provare alcun effetto di sedazione.<\/p>\n<h3>Come si usano queste erbe<a href=\"https:\/\/rckopen.com\/it\/categoria-di-prodotto\/kratom\/\">?<\/a><\/h3>\n<p>La polvere di Kratom viene generalmente aggiunta al t\u00e8, da 1 a 3 grammi \u00e8 considerata una dose leggera, da 3 a 5 grammi una dose normale e da 5 a 10 grammi una dose elevata.<\/p>\n<h2>Informazioni sul produttore<\/h2>\n<p>Kratopia \u00e8 un'azienda olandese specializzata in diversi tipi di kratom. Poich\u00e9 si occupa principalmente della produzione e della vendita di kratom, dispone di un'ampia gamma di tipi diversi di kratom. Volete ottenere una sensazione edificante? O semplicemente un po' pi\u00f9 rilassato? Allora Kratopia ha il tipo di kratom giusto per voi. Kratopia produce il suo kratom in forma di capsule e di estratto.<\/p>\n<\/div>\n<\/div>\n<\/div>\n<p><a href=\"https:\/\/rckopen.com\/it\/\">rckopen.com<\/a> offre prodotti non destinati al consumo umano. Se consumi questo prodotto (involontariamente), potrebbe avere gravi conseguenze mediche. Acquista Green Bali.<\/p>","protected":false},"excerpt":{"rendered":"<p><strong>Forma: <\/strong>polvere<\/p>\n<p><strong>Analisi NMR: <\/strong>N\/D<\/p>","protected":false},"featured_media":6554,"comment_status":"open","ping_status":"closed","template":"","meta":{"_joinchat":[]},"product_brand":[],"product_cat":[139],"product_tag":[],"class_list":{"0":"post-6544","1":"product","2":"type-product","3":"status-publish","4":"has-post-thumbnail","6":"product_cat-kratom","8":"first","9":"instock","10":"shipping-taxable","11":"purchasable","12":"product-type-variable"},"yoast_head":"<!-- This site is optimized with the Yoast SEO plugin v26.3 - https:\/\/yoast.com\/wordpress\/plugins\/seo\/ -->\n<title>Green Bali Online kopen - Green Bali te koop | RC Kopen<\/title>\n<meta name=\"description\" content=\"Als je Green Bali uit onze winkel nog niet hebt geprobeerd, dan mis je veel. Wij helpen u Green Bali online te kopen tegen goedkope tarieven. Koop Green Bali vandaag nog te koop!\" \/>\n<meta name=\"robots\" content=\"index, follow, max-snippet:-1, max-image-preview:large, max-video-preview:-1\" \/>\n<link rel=\"canonical\" href=\"https:\/\/rckopen.com\/it\/prodotto\/verde-bali\/\" \/>\n<meta property=\"og:locale\" content=\"it_IT\" \/>\n<meta property=\"og:type\" content=\"article\" \/>\n<meta property=\"og:title\" content=\"Green Bali Online kopen - Green Bali te koop | RC Kopen\" \/>\n<meta property=\"og:description\" content=\"Als je Green Bali uit onze winkel nog niet hebt geprobeerd, dan mis je veel. Wij helpen u Green Bali online te kopen tegen goedkope tarieven. Koop Green Bali vandaag nog te koop!\" \/>\n<meta property=\"og:url\" content=\"https:\/\/rckopen.com\/it\/prodotto\/verde-bali\/\" \/>\n<meta property=\"og:site_name\" content=\"RC Kopen\" \/>\n<meta property=\"article:modified_time\" content=\"2025-02-03T10:43:36+00:00\" \/>\n<meta property=\"og:image\" content=\"https:\/\/rckopen.com\/wp-content\/uploads\/2023\/08\/Green-Bali.jpg\" \/>\n\t<meta property=\"og:image:width\" content=\"600\" \/>\n\t<meta property=\"og:image:height\" content=\"600\" \/>\n\t<meta property=\"og:image:type\" content=\"image\/jpeg\" \/>\n<meta name=\"twitter:card\" content=\"summary_large_image\" \/>\n<meta name=\"twitter:label1\" content=\"Tempo di lettura stimato\" \/>\n\t<meta name=\"twitter:data1\" content=\"2 minuti\" \/>\n<script type=\"application\/ld+json\" class=\"yoast-schema-graph\">{\"@context\":\"https:\/\/schema.org\",\"@graph\":[{\"@type\":\"WebPage\",\"@id\":\"https:\/\/rckopen.com\/product\/green-bali\/\",\"url\":\"https:\/\/rckopen.com\/product\/green-bali\/\",\"name\":\"Green Bali Online kopen - Green Bali te koop | RC Kopen\",\"isPartOf\":{\"@id\":\"https:\/\/rckopen.com\/#website\"},\"primaryImageOfPage\":{\"@id\":\"https:\/\/rckopen.com\/product\/green-bali\/#primaryimage\"},\"image\":{\"@id\":\"https:\/\/rckopen.com\/product\/green-bali\/#primaryimage\"},\"thumbnailUrl\":\"https:\/\/rckopen.com\/wp-content\/uploads\/2023\/08\/Green-Bali.jpg\",\"datePublished\":\"2023-08-16T07:03:19+00:00\",\"dateModified\":\"2025-02-03T10:43:36+00:00\",\"description\":\"Als je Green Bali uit onze winkel nog niet hebt geprobeerd, dan mis je veel. Wij helpen u Green Bali online te kopen tegen goedkope tarieven. Koop Green Bali vandaag nog te koop!\",\"breadcrumb\":{\"@id\":\"https:\/\/rckopen.com\/product\/green-bali\/#breadcrumb\"},\"inLanguage\":\"it-IT\",\"potentialAction\":[{\"@type\":\"ReadAction\",\"target\":[\"https:\/\/rckopen.com\/product\/green-bali\/\"]}]},{\"@type\":\"ImageObject\",\"inLanguage\":\"it-IT\",\"@id\":\"https:\/\/rckopen.com\/product\/green-bali\/#primaryimage\",\"url\":\"https:\/\/rckopen.com\/wp-content\/uploads\/2023\/08\/Green-Bali.jpg\",\"contentUrl\":\"https:\/\/rckopen.com\/wp-content\/uploads\/2023\/08\/Green-Bali.jpg\",\"width\":600,\"height\":600,\"caption\":\"Green-Bali Online kopen\"},{\"@type\":\"BreadcrumbList\",\"@id\":\"https:\/\/rckopen.com\/product\/green-bali\/#breadcrumb\",\"itemListElement\":[{\"@type\":\"ListItem\",\"position\":1,\"name\":\"Home\",\"item\":\"https:\/\/rckopen.com\/\"},{\"@type\":\"ListItem\",\"position\":2,\"name\":\"Shop\",\"item\":\"https:\/\/rckopen.com\/shop\/\"},{\"@type\":\"ListItem\",\"position\":3,\"name\":\"Green Bali Online kopen\"}]},{\"@type\":\"WebSite\",\"@id\":\"https:\/\/rckopen.com\/#website\",\"url\":\"https:\/\/rckopen.com\/\",\"name\":\"RC Kopen\",\"description\":\"Research Chemicals\",\"potentialAction\":[{\"@type\":\"SearchAction\",\"target\":{\"@type\":\"EntryPoint\",\"urlTemplate\":\"https:\/\/rckopen.com\/?s={search_term_string}\"},\"query-input\":{\"@type\":\"PropertyValueSpecification\",\"valueRequired\":true,\"valueName\":\"search_term_string\"}}],\"inLanguage\":\"it-IT\"}]}<\/script>\n<!-- \/ Yoast SEO plugin. -->","yoast_head_json":{"title":"Green Bali Online kopen - Green Bali te koop | RC Kopen","description":"Als je Green Bali uit onze winkel nog niet hebt geprobeerd, dan mis je veel. Wij helpen u Green Bali online te kopen tegen goedkope tarieven. Koop Green Bali vandaag nog te koop!","robots":{"index":"index","follow":"follow","max-snippet":"max-snippet:-1","max-image-preview":"max-image-preview:large","max-video-preview":"max-video-preview:-1"},"canonical":"https:\/\/rckopen.com\/it\/prodotto\/verde-bali\/","og_locale":"it_IT","og_type":"article","og_title":"Green Bali Online kopen - Green Bali te koop | RC Kopen","og_description":"Als je Green Bali uit onze winkel nog niet hebt geprobeerd, dan mis je veel. Wij helpen u Green Bali online te kopen tegen goedkope tarieven. Koop Green Bali vandaag nog te koop!","og_url":"https:\/\/rckopen.com\/it\/prodotto\/verde-bali\/","og_site_name":"RC Kopen","article_modified_time":"2025-02-03T10:43:36+00:00","og_image":[{"width":600,"height":600,"url":"https:\/\/rckopen.com\/wp-content\/uploads\/2023\/08\/Green-Bali.jpg","type":"image\/jpeg"}],"twitter_card":"summary_large_image","twitter_misc":{"Tempo di lettura stimato":"2 minuti"},"schema":{"@context":"https:\/\/schema.org","@graph":[{"@type":"WebPage","@id":"https:\/\/rckopen.com\/product\/green-bali\/","url":"https:\/\/rckopen.com\/product\/green-bali\/","name":"Green Bali Online kopen - Green Bali te koop | RC Kopen","isPartOf":{"@id":"https:\/\/rckopen.com\/#website"},"primaryImageOfPage":{"@id":"https:\/\/rckopen.com\/product\/green-bali\/#primaryimage"},"image":{"@id":"https:\/\/rckopen.com\/product\/green-bali\/#primaryimage"},"thumbnailUrl":"https:\/\/rckopen.com\/wp-content\/uploads\/2023\/08\/Green-Bali.jpg","datePublished":"2023-08-16T07:03:19+00:00","dateModified":"2025-02-03T10:43:36+00:00","description":"Als je Green Bali uit onze winkel nog niet hebt geprobeerd, dan mis je veel. Wij helpen u Green Bali online te kopen tegen goedkope tarieven. Koop Green Bali vandaag nog te koop!","breadcrumb":{"@id":"https:\/\/rckopen.com\/product\/green-bali\/#breadcrumb"},"inLanguage":"it-IT","potentialAction":[{"@type":"ReadAction","target":["https:\/\/rckopen.com\/product\/green-bali\/"]}]},{"@type":"ImageObject","inLanguage":"it-IT","@id":"https:\/\/rckopen.com\/product\/green-bali\/#primaryimage","url":"https:\/\/rckopen.com\/wp-content\/uploads\/2023\/08\/Green-Bali.jpg","contentUrl":"https:\/\/rckopen.com\/wp-content\/uploads\/2023\/08\/Green-Bali.jpg","width":600,"height":600,"caption":"Green-Bali Online kopen"},{"@type":"BreadcrumbList","@id":"https:\/\/rckopen.com\/product\/green-bali\/#breadcrumb","itemListElement":[{"@type":"ListItem","position":1,"name":"Home","item":"https:\/\/rckopen.com\/"},{"@type":"ListItem","position":2,"name":"Shop","item":"https:\/\/rckopen.com\/shop\/"},{"@type":"ListItem","position":3,"name":"Green Bali Online kopen"}]},{"@type":"WebSite","@id":"https:\/\/rckopen.com\/#website","url":"https:\/\/rckopen.com\/","name":"RC Kopen","description":"Research Chemicals","potentialAction":[{"@type":"SearchAction","target":{"@type":"EntryPoint","urlTemplate":"https:\/\/rckopen.com\/?s={search_term_string}"},"query-input":{"@type":"PropertyValueSpecification","valueRequired":true,"valueName":"search_term_string"}}],"inLanguage":"it-IT"}]}},"_links":{"self":[{"href":"https:\/\/rckopen.com\/it\/wp-json\/wp\/v2\/product\/6544","targetHints":{"allow":["GET"]}}],"collection":[{"href":"https:\/\/rckopen.com\/it\/wp-json\/wp\/v2\/product"}],"about":[{"href":"https:\/\/rckopen.com\/it\/wp-json\/wp\/v2\/types\/product"}],"replies":[{"embeddable":true,"href":"https:\/\/rckopen.com\/it\/wp-json\/wp\/v2\/comments?post=6544"}],"wp:featuredmedia":[{"embeddable":true,"href":"https:\/\/rckopen.com\/it\/wp-json\/wp\/v2\/media\/6554"}],"wp:attachment":[{"href":"https:\/\/rckopen.com\/it\/wp-json\/wp\/v2\/media?parent=6544"}],"wp:term":[{"taxonomy":"product_brand","embeddable":true,"href":"https:\/\/rckopen.com\/it\/wp-json\/wp\/v2\/product_brand?post=6544"},{"taxonomy":"product_cat","embeddable":true,"href":"https:\/\/rckopen.com\/it\/wp-json\/wp\/v2\/product_cat?post=6544"},{"taxonomy":"product_tag","embeddable":true,"href":"https:\/\/rckopen.com\/it\/wp-json\/wp\/v2\/product_tag?post=6544"}],"curies":[{"name":"wp","href":"https:\/\/api.w.org\/{rel}","templated":true}]}}