{"id":6545,"date":"2023-08-16T07:04:00","date_gmt":"2023-08-16T07:04:00","guid":{"rendered":"https:\/\/diligentplug.com\/chems\/?post_type=product&#038;p=6545"},"modified":"2025-02-06T06:06:26","modified_gmt":"2025-02-06T06:06:26","slug":"green-indo","status":"publish","type":"product","link":"https:\/\/rckopen.com\/it\/prodotto\/green-indo\/","title":{"rendered":"Acquista Green Indo online"},"content":{"rendered":"<h2>Acquista Green Indo online<\/h2>\n<h3>Per quanto riguarda l'Indo verde<\/h3>\n<p>La combinazione definitiva di kratom \u00e8 <a href=\"https:\/\/rckopen.com\/it\/prodotto\/green-indo\/\">Verde Indo<\/a>, una variet\u00e0 ibrida che ha abbastanza forza e stile da soddisfare anche gli utilizzatori di kratom pi\u00f9 esperti. La nostra polvere di kratom a vena verde pi\u00f9 popolare \u00e8 questa deliziosa miscela di due variet\u00e0 di kratom. Capirai perch\u00e9 \u00e8 diventata un bestseller nazionale quando ne avrai provata un po'. Un esemplare erboristico uniforme e superbo, la variet\u00e0 Green Indo ha un profumo persistente e ben bilanciato. Fornisce agli utilizzatori il compromesso ideale tra le variet\u00e0 di kratom \"lente\" e \"veloci\".<\/p>\n<h3>La storia e l'origine dell'Indo verde<\/h3>\n<p>La riserva del Borneo settentrionale in Indonesia ospita le rive del fiume dove cresce il Green Indo. Qualsiasi genere di Mitragyna speciosa, un albero sempreverde della famiglia del caff\u00e8 con alcuni insoliti componenti chimici, \u00e8 la fonte del kratom. Tuttavia, sebbene le sue origini esatte siano sconosciute, il Green Indo \u00e8 attualmente presente in alcune aree dell'Indonesia. <a href=\"https:\/\/rckopen.com\/it\/prodotto\/green-indo\/\">RC Kopen<\/a><\/p>\n<p>La nostra variet\u00e0 Green Indo viene coltivata in una fattoria privata accanto al fiume Kapuas in modo etico. Lungo l'ondulato affluente del lago Tenegang di Sabah, queste piante di kratom crescono organicamente. I nostri alberi maturi e diversificati di kratom Indo vengono allevati nelle paludi d'acqua dolce dello stato della Malesia o nelle loro vicinanze.<\/p>\n<p>Le talee di questi alberi di kratom malesi vengono trasferite nella nostra fattoria in Kalimantan una volta raggiunta la maturit\u00e0 cruciale. L\u00ec, vengono innestate negli alberi di kratom Maeng Da per creare un esemplare pi\u00f9 forte e resistente. Coltivare diverse colture su un appezzamento di terra \u00e8 un esempio delle pratiche agricole sostenibili utilizzate dai nostri partner indigeni.<\/p>\n<p>Alberi Green Indo che abbiamo prima che le loro foglie vengano strappate, i nostri alberi Green Indo crescono fino a un'altezza di 10-15 piedi. Il corpo completo della nostra forte miscela Green Indo deriva dai minerali e dai nutrienti che sono abbondanti nel terreno fangoso e profondo. Prima di essere selezionate e passate attraverso il nostro mulino a martelli a gola larga, le nostre foglie di kratom vengono aerate utilizzando la tecnologia di rimozione dell'umidit\u00e0.<\/p>\n<p>Green Indo \u00e8 una combinazione di strappi realizzata con foglie di White Malay e Green Maeng Da. Utilizziamo un repellente per insetti senza pesticidi per proteggere la nostra chioma di alberi di kratom.<\/p>\n<h3>Benefici che potresti sperimentare con Green Indo<\/h3>\n<p>Una delle variet\u00e0 pi\u00f9 accattivanti della famiglia del kratom \u00e8 il Green Indo. Con la chiarezza aggiunta del White Malay, questa squisita combinazione di kratom ti offre tutto il potenziale sollievo del Maeng Da. Gli effetti del Green Indo non si limitano a promuovere un profondo rilassamento se assunto con moderazione.<\/p>\n<p>I numerosi alcaloidi, flavonoidi e terpenoidi in questa variet\u00e0 di kratom verde forte sono responsabili dei suoi numerosi potenziali effetti. Ajmalicina, corinoxina A e B, mitragynina, 9-idrossicorynantheidina, 7-idrossimitragynina (7-OH) e speciociliatina sono alcuni di questi componenti necessari.<\/p>\n<p>Le sostanze sopra menzionate sono essenziali per l'aroma multiforme di Green Indo. Green Indo pu\u00f2 avere qualit\u00e0 curative, loquacit\u00e0 naturale e una carica di energia.<\/p>\n<h3>Questo ceppo potente pu\u00f2 avere effetti dose-dipendenti.<\/h3>\n<p>Una delle variet\u00e0 pi\u00f9 accattivanti della famiglia del kratom \u00e8 il Green Indo. Con la chiarezza aggiunta del White Malay, questa squisita combinazione di kratom ti offre tutto il potenziale sollievo del Maeng Da. Gli effetti del Green Indo non si limitano a promuovere un profondo rilassamento se assunto con moderazione.<\/p>\n<p>I numerosi alcaloidi, flavonoidi e terpenoidi in questa variet\u00e0 di kratom verde forte sono responsabili dei suoi numerosi potenziali effetti. Ajmalicina, corinoxina A e B, mitragynina, 9-idrossicorynantheidina, 7-idrossimitragynina (7-OH) e speciociliatina sono alcuni di questi componenti necessari.<\/p>\n<p>Le sostanze sopra menzionate sono essenziali per l'aroma multiforme di Green Indo. Green Indo pu\u00f2 avere qualit\u00e0 curative, loquacit\u00e0 naturale e una carica di energia.<\/p>\n<p>Questo ceppo forte pu\u00f2 avere effetti dose-dipendenti. Il dosaggio pu\u00f2 influenzare gli effetti; gli effetti di questo ceppo forte variano leggermente a seconda del dosaggio. Green Indo, come Maeng D, \u00e8 efficace a dosaggi pi\u00f9 bassi rispetto alla maggior parte. Mentre dosaggi pi\u00f9 grandi possono produrre livelli eccezionali di elevazione, dosi pi\u00f9 basse possono causare ondate di benessere.<\/p>\n<p>A bassi dosaggi, Green Indo \u00e8 altamente lucido; a dosaggi moderati, \u00e8 stimolante; e a dosaggi maggiori, \u00e8 profondamente ricostituente. La maggior parte degli esperti di kratom esperti raccomanda di consumare piccole o moderate quantit\u00e0 di kratom per evitare spiacevoli effetti collaterali. Effetti avversi indesiderati potrebbero derivare da dosaggi elevati. Allo stesso modo, non sono indicate dosi elevate utilizzate nel tempo.<\/p>\n<p>Gli effetti delle varie variet\u00e0 di kratom possono variare. In generale, gli effetti dell'uso di kratom possono variare a seconda della sensibilit\u00e0, dell'altezza, del peso e dell'alimentazione dell'utente. Gli effetti varieranno in modo significativo da persona a persona.<\/p>","protected":false},"excerpt":{"rendered":"<p><strong>Forma: <\/strong>polvere<\/p>\n<p><strong>Analisi NMR: <\/strong>N\/D<\/p>","protected":false},"featured_media":6555,"comment_status":"open","ping_status":"closed","template":"","meta":{"_joinchat":[]},"product_brand":[],"product_cat":[139],"product_tag":[],"class_list":{"0":"post-6545","1":"product","2":"type-product","3":"status-publish","4":"has-post-thumbnail","6":"product_cat-kratom","8":"first","9":"instock","10":"shipping-taxable","11":"purchasable","12":"product-type-variable"},"yoast_head":"<!-- This site is optimized with the Yoast SEO plugin v26.3 - https:\/\/yoast.com\/wordpress\/plugins\/seo\/ -->\n<title>Green Indo online kopen- Green Indo te koop | RC kopen<\/title>\n<meta name=\"description\" content=\"Als je gepassioneerd bent door Green Indo, dan is onze winkel de beste plek om Green Indo online te kopen. U kunt groene indo te koop hebben tegen de laagste prijs. Bestel nu en ontvang hem binnenkort!\" \/>\n<meta name=\"robots\" content=\"index, follow, max-snippet:-1, max-image-preview:large, max-video-preview:-1\" \/>\n<link rel=\"canonical\" href=\"https:\/\/rckopen.com\/it\/prodotto\/green-indo\/\" \/>\n<meta property=\"og:locale\" content=\"it_IT\" \/>\n<meta property=\"og:type\" content=\"article\" \/>\n<meta property=\"og:title\" content=\"Green Indo online kopen- Green Indo te koop | RC kopen\" \/>\n<meta property=\"og:description\" content=\"Als je gepassioneerd bent door Green Indo, dan is onze winkel de beste plek om Green Indo online te kopen. U kunt groene indo te koop hebben tegen de laagste prijs. Bestel nu en ontvang hem binnenkort!\" \/>\n<meta property=\"og:url\" content=\"https:\/\/rckopen.com\/it\/prodotto\/green-indo\/\" \/>\n<meta property=\"og:site_name\" content=\"RC Kopen\" \/>\n<meta property=\"article:modified_time\" content=\"2025-02-06T06:06:26+00:00\" \/>\n<meta property=\"og:image\" content=\"https:\/\/rckopen.com\/wp-content\/uploads\/2023\/08\/Green-Indo.jpg\" \/>\n\t<meta property=\"og:image:width\" content=\"600\" \/>\n\t<meta property=\"og:image:height\" content=\"600\" \/>\n\t<meta property=\"og:image:type\" content=\"image\/jpeg\" \/>\n<meta name=\"twitter:card\" content=\"summary_large_image\" \/>\n<meta name=\"twitter:label1\" content=\"Tempo di lettura stimato\" \/>\n\t<meta name=\"twitter:data1\" content=\"4 minuti\" \/>\n<script type=\"application\/ld+json\" class=\"yoast-schema-graph\">{\"@context\":\"https:\/\/schema.org\",\"@graph\":[{\"@type\":\"WebPage\",\"@id\":\"https:\/\/rckopen.com\/product\/green-indo\/\",\"url\":\"https:\/\/rckopen.com\/product\/green-indo\/\",\"name\":\"Green Indo online kopen- Green Indo te koop | RC kopen\",\"isPartOf\":{\"@id\":\"https:\/\/rckopen.com\/#website\"},\"primaryImageOfPage\":{\"@id\":\"https:\/\/rckopen.com\/product\/green-indo\/#primaryimage\"},\"image\":{\"@id\":\"https:\/\/rckopen.com\/product\/green-indo\/#primaryimage\"},\"thumbnailUrl\":\"https:\/\/rckopen.com\/wp-content\/uploads\/2023\/08\/Green-Indo.jpg\",\"datePublished\":\"2023-08-16T07:04:00+00:00\",\"dateModified\":\"2025-02-06T06:06:26+00:00\",\"description\":\"Als je gepassioneerd bent door Green Indo, dan is onze winkel de beste plek om Green Indo online te kopen. U kunt groene indo te koop hebben tegen de laagste prijs. Bestel nu en ontvang hem binnenkort!\",\"breadcrumb\":{\"@id\":\"https:\/\/rckopen.com\/product\/green-indo\/#breadcrumb\"},\"inLanguage\":\"it-IT\",\"potentialAction\":[{\"@type\":\"ReadAction\",\"target\":[\"https:\/\/rckopen.com\/product\/green-indo\/\"]}]},{\"@type\":\"ImageObject\",\"inLanguage\":\"it-IT\",\"@id\":\"https:\/\/rckopen.com\/product\/green-indo\/#primaryimage\",\"url\":\"https:\/\/rckopen.com\/wp-content\/uploads\/2023\/08\/Green-Indo.jpg\",\"contentUrl\":\"https:\/\/rckopen.com\/wp-content\/uploads\/2023\/08\/Green-Indo.jpg\",\"width\":600,\"height\":600,\"caption\":\"Green Indo online kopen\"},{\"@type\":\"BreadcrumbList\",\"@id\":\"https:\/\/rckopen.com\/product\/green-indo\/#breadcrumb\",\"itemListElement\":[{\"@type\":\"ListItem\",\"position\":1,\"name\":\"Home\",\"item\":\"https:\/\/rckopen.com\/\"},{\"@type\":\"ListItem\",\"position\":2,\"name\":\"Shop\",\"item\":\"https:\/\/rckopen.com\/shop\/\"},{\"@type\":\"ListItem\",\"position\":3,\"name\":\"Green Indo online kopen\"}]},{\"@type\":\"WebSite\",\"@id\":\"https:\/\/rckopen.com\/#website\",\"url\":\"https:\/\/rckopen.com\/\",\"name\":\"RC Kopen\",\"description\":\"Research Chemicals\",\"potentialAction\":[{\"@type\":\"SearchAction\",\"target\":{\"@type\":\"EntryPoint\",\"urlTemplate\":\"https:\/\/rckopen.com\/?s={search_term_string}\"},\"query-input\":{\"@type\":\"PropertyValueSpecification\",\"valueRequired\":true,\"valueName\":\"search_term_string\"}}],\"inLanguage\":\"it-IT\"}]}<\/script>\n<!-- \/ Yoast SEO plugin. -->","yoast_head_json":{"title":"Green Indo online kopen- Green Indo te koop | RC kopen","description":"Als je gepassioneerd bent door Green Indo, dan is onze winkel de beste plek om Green Indo online te kopen. U kunt groene indo te koop hebben tegen de laagste prijs. Bestel nu en ontvang hem binnenkort!","robots":{"index":"index","follow":"follow","max-snippet":"max-snippet:-1","max-image-preview":"max-image-preview:large","max-video-preview":"max-video-preview:-1"},"canonical":"https:\/\/rckopen.com\/it\/prodotto\/green-indo\/","og_locale":"it_IT","og_type":"article","og_title":"Green Indo online kopen- Green Indo te koop | RC kopen","og_description":"Als je gepassioneerd bent door Green Indo, dan is onze winkel de beste plek om Green Indo online te kopen. U kunt groene indo te koop hebben tegen de laagste prijs. Bestel nu en ontvang hem binnenkort!","og_url":"https:\/\/rckopen.com\/it\/prodotto\/green-indo\/","og_site_name":"RC Kopen","article_modified_time":"2025-02-06T06:06:26+00:00","og_image":[{"width":600,"height":600,"url":"https:\/\/rckopen.com\/wp-content\/uploads\/2023\/08\/Green-Indo.jpg","type":"image\/jpeg"}],"twitter_card":"summary_large_image","twitter_misc":{"Tempo di lettura stimato":"4 minuti"},"schema":{"@context":"https:\/\/schema.org","@graph":[{"@type":"WebPage","@id":"https:\/\/rckopen.com\/product\/green-indo\/","url":"https:\/\/rckopen.com\/product\/green-indo\/","name":"Green Indo online kopen- Green Indo te koop | RC kopen","isPartOf":{"@id":"https:\/\/rckopen.com\/#website"},"primaryImageOfPage":{"@id":"https:\/\/rckopen.com\/product\/green-indo\/#primaryimage"},"image":{"@id":"https:\/\/rckopen.com\/product\/green-indo\/#primaryimage"},"thumbnailUrl":"https:\/\/rckopen.com\/wp-content\/uploads\/2023\/08\/Green-Indo.jpg","datePublished":"2023-08-16T07:04:00+00:00","dateModified":"2025-02-06T06:06:26+00:00","description":"Als je gepassioneerd bent door Green Indo, dan is onze winkel de beste plek om Green Indo online te kopen. U kunt groene indo te koop hebben tegen de laagste prijs. Bestel nu en ontvang hem binnenkort!","breadcrumb":{"@id":"https:\/\/rckopen.com\/product\/green-indo\/#breadcrumb"},"inLanguage":"it-IT","potentialAction":[{"@type":"ReadAction","target":["https:\/\/rckopen.com\/product\/green-indo\/"]}]},{"@type":"ImageObject","inLanguage":"it-IT","@id":"https:\/\/rckopen.com\/product\/green-indo\/#primaryimage","url":"https:\/\/rckopen.com\/wp-content\/uploads\/2023\/08\/Green-Indo.jpg","contentUrl":"https:\/\/rckopen.com\/wp-content\/uploads\/2023\/08\/Green-Indo.jpg","width":600,"height":600,"caption":"Green Indo online kopen"},{"@type":"BreadcrumbList","@id":"https:\/\/rckopen.com\/product\/green-indo\/#breadcrumb","itemListElement":[{"@type":"ListItem","position":1,"name":"Home","item":"https:\/\/rckopen.com\/"},{"@type":"ListItem","position":2,"name":"Shop","item":"https:\/\/rckopen.com\/shop\/"},{"@type":"ListItem","position":3,"name":"Green Indo online kopen"}]},{"@type":"WebSite","@id":"https:\/\/rckopen.com\/#website","url":"https:\/\/rckopen.com\/","name":"RC Kopen","description":"Research Chemicals","potentialAction":[{"@type":"SearchAction","target":{"@type":"EntryPoint","urlTemplate":"https:\/\/rckopen.com\/?s={search_term_string}"},"query-input":{"@type":"PropertyValueSpecification","valueRequired":true,"valueName":"search_term_string"}}],"inLanguage":"it-IT"}]}},"_links":{"self":[{"href":"https:\/\/rckopen.com\/it\/wp-json\/wp\/v2\/product\/6545","targetHints":{"allow":["GET"]}}],"collection":[{"href":"https:\/\/rckopen.com\/it\/wp-json\/wp\/v2\/product"}],"about":[{"href":"https:\/\/rckopen.com\/it\/wp-json\/wp\/v2\/types\/product"}],"replies":[{"embeddable":true,"href":"https:\/\/rckopen.com\/it\/wp-json\/wp\/v2\/comments?post=6545"}],"wp:featuredmedia":[{"embeddable":true,"href":"https:\/\/rckopen.com\/it\/wp-json\/wp\/v2\/media\/6555"}],"wp:attachment":[{"href":"https:\/\/rckopen.com\/it\/wp-json\/wp\/v2\/media?parent=6545"}],"wp:term":[{"taxonomy":"product_brand","embeddable":true,"href":"https:\/\/rckopen.com\/it\/wp-json\/wp\/v2\/product_brand?post=6545"},{"taxonomy":"product_cat","embeddable":true,"href":"https:\/\/rckopen.com\/it\/wp-json\/wp\/v2\/product_cat?post=6545"},{"taxonomy":"product_tag","embeddable":true,"href":"https:\/\/rckopen.com\/it\/wp-json\/wp\/v2\/product_tag?post=6545"}],"curies":[{"name":"wp","href":"https:\/\/api.w.org\/{rel}","templated":true}]}}