{"id":6546,"date":"2023-08-16T07:04:39","date_gmt":"2023-08-16T07:04:39","guid":{"rendered":"https:\/\/diligentplug.com\/chems\/?post_type=product&#038;p=6546"},"modified":"2025-02-06T06:18:33","modified_gmt":"2025-02-06T06:18:33","slug":"green-kapuas","status":"publish","type":"product","link":"https:\/\/rckopen.com\/it\/prodotto\/green-kapuas\/","title":{"rendered":"Acquista Green Kapuas online"},"content":{"rendered":"<h2><ins datetime=\"2023-09-06T07:09:14+00:00\"><\/ins>Acquista Green Kapuas online<\/h2>\n<p>Pochi ceppi possono eguagliare il nostro <a href=\"https:\/\/rckopen.com\/it\/prodotto\/green-kapuas\/\">Kapuas verde<\/a> purezza e potenza della polvere per una vera esperienza Kapuas. La regione di Kapuas Hulu in Indonesia \u00e8 la fonte di questa variet\u00e0, che \u00e8 stata utilizzata per millenni da comunit\u00e0 indigene come Iban e Silat. Kats Botanicals si rifornisce di questa variet\u00e0 da questa localit\u00e0. La nostra polvere di Green Kapuas \u00e8 rinomata per i suoi vantaggi duraturi e l'affidabilit\u00e0 come una forte variet\u00e0 di Kapuas, ed \u00e8 coltivata da agricoltori che sono stati esaminati per l'utilizzo di metodi di coltivazione etici. Gli steli delle foglie di Kapuas vengono tagliati e fatti essiccare al chiuso per fornire la tonalit\u00e0 verde intenso associata a questa variet\u00e0. Molti utenti di Kapuas giurano sul profilo alcaloide altamente desiderato che viene prodotto da questo particolare metodo di lavorazione. Con orgoglio, presentiamo questa esotica variet\u00e0 di Kapuas ai nostri clienti, rispettando rigorosamente la nostra Garanzia di soddisfazione di 30 giorni e le Buone pratiche di fabbricazione.<\/p>\n<h3>La storia di Green Kapuas<\/h3>\n<p>Le variet\u00e0 di Green Vein Kapuas sono state utilizzate per promuovere il benessere in tutto il mondo ai giorni nostri. Tuttavia, le vere radici di questa variet\u00e0 sono nel sud-est asiatico, poich\u00e9 l'albero di Kapuas si trova solo l\u00ec in natura. \u00c8 risaputo che la polvere di Green Kapuas ha effetti forti che durano pi\u00f9 a lungo di quelli di molte altre variet\u00e0 della stessa categoria. Dal 2016, Kats Botanicals fornisce polvere di Green Kapuas di prima qualit\u00e0, testata in laboratorio, e durante quel periodo, questa variet\u00e0 \u00e8 stata tra i nostri articoli pi\u00f9 venduti. Scopri perch\u00e9 provandola. <a href=\"https:\/\/rckopen.com\/it\/\">RC Kopen<\/a><\/p>\n<h3>Polvere di Kapuas verde di Kat: perch\u00e9 sceglierla?<\/h3>\n<p>La lavorazione di polveri di erbe senza la massima attenzione ai dettagli potrebbe introdurre inquinanti come metalli pesanti e microrganismi. Nel caso di Kapuas, questo \u00e8 particolarmente vero. Kats Botanicals esegue quindi test di laboratorio in lotti su ogni spedizione importata per garantire che i nostri clienti ricevano solo la polvere di Green Kapuas pi\u00f9 pura e pulita disponibile sul mercato. Puoi contare su Kapuas in questo modo. Ecco cosa rende Kats Botanicals unica!<\/p>","protected":false},"excerpt":{"rendered":"<p><strong>Forma: <\/strong>polvere<\/p>\n<p><strong>Analisi NMR: <\/strong>N\/D<\/p>","protected":false},"featured_media":6556,"comment_status":"open","ping_status":"closed","template":"","meta":{"_joinchat":[]},"product_brand":[],"product_cat":[139],"product_tag":[],"class_list":{"0":"post-6546","1":"product","2":"type-product","3":"status-publish","4":"has-post-thumbnail","6":"product_cat-kratom","8":"first","9":"instock","10":"shipping-taxable","11":"purchasable","12":"product-type-variable"},"yoast_head":"<!-- This site is optimized with the Yoast SEO plugin v26.3 - https:\/\/yoast.com\/wordpress\/plugins\/seo\/ -->\n<title>Green Kapuas online kopen - Green Kapuas te koop<\/title>\n<meta name=\"description\" content=\"Als je Green Kapuas online wilt kopen, dan is een bezoek aan onze online RC Kopen winkel de beste optie. Wij hebben Green Kapuas te koop. Plaats nu uw bestelling!\" \/>\n<meta name=\"robots\" content=\"index, follow, max-snippet:-1, max-image-preview:large, max-video-preview:-1\" \/>\n<link rel=\"canonical\" href=\"https:\/\/rckopen.com\/it\/prodotto\/green-kapuas\/\" \/>\n<meta property=\"og:locale\" content=\"it_IT\" \/>\n<meta property=\"og:type\" content=\"article\" \/>\n<meta property=\"og:title\" content=\"Green Kapuas online kopen - Green Kapuas te koop\" \/>\n<meta property=\"og:description\" content=\"Als je Green Kapuas online wilt kopen, dan is een bezoek aan onze online RC Kopen winkel de beste optie. Wij hebben Green Kapuas te koop. Plaats nu uw bestelling!\" \/>\n<meta property=\"og:url\" content=\"https:\/\/rckopen.com\/it\/prodotto\/green-kapuas\/\" \/>\n<meta property=\"og:site_name\" content=\"RC Kopen\" \/>\n<meta property=\"article:modified_time\" content=\"2025-02-06T06:18:33+00:00\" \/>\n<meta property=\"og:image\" content=\"https:\/\/rckopen.com\/wp-content\/uploads\/2023\/08\/Green-Kapuas.jpg\" \/>\n\t<meta property=\"og:image:width\" content=\"600\" \/>\n\t<meta property=\"og:image:height\" content=\"600\" \/>\n\t<meta property=\"og:image:type\" content=\"image\/jpeg\" \/>\n<meta name=\"twitter:card\" content=\"summary_large_image\" \/>\n<meta name=\"twitter:label1\" content=\"Tempo di lettura stimato\" \/>\n\t<meta name=\"twitter:data1\" content=\"2 minuti\" \/>\n<script type=\"application\/ld+json\" class=\"yoast-schema-graph\">{\"@context\":\"https:\/\/schema.org\",\"@graph\":[{\"@type\":\"WebPage\",\"@id\":\"https:\/\/rckopen.com\/product\/green-kapuas\/\",\"url\":\"https:\/\/rckopen.com\/product\/green-kapuas\/\",\"name\":\"Green Kapuas online kopen - Green Kapuas te koop\",\"isPartOf\":{\"@id\":\"https:\/\/rckopen.com\/#website\"},\"primaryImageOfPage\":{\"@id\":\"https:\/\/rckopen.com\/product\/green-kapuas\/#primaryimage\"},\"image\":{\"@id\":\"https:\/\/rckopen.com\/product\/green-kapuas\/#primaryimage\"},\"thumbnailUrl\":\"https:\/\/rckopen.com\/wp-content\/uploads\/2023\/08\/Green-Kapuas.jpg\",\"datePublished\":\"2023-08-16T07:04:39+00:00\",\"dateModified\":\"2025-02-06T06:18:33+00:00\",\"description\":\"Als je Green Kapuas online wilt kopen, dan is een bezoek aan onze online RC Kopen winkel de beste optie. Wij hebben Green Kapuas te koop. Plaats nu uw bestelling!\",\"breadcrumb\":{\"@id\":\"https:\/\/rckopen.com\/product\/green-kapuas\/#breadcrumb\"},\"inLanguage\":\"it-IT\",\"potentialAction\":[{\"@type\":\"ReadAction\",\"target\":[\"https:\/\/rckopen.com\/product\/green-kapuas\/\"]}]},{\"@type\":\"ImageObject\",\"inLanguage\":\"it-IT\",\"@id\":\"https:\/\/rckopen.com\/product\/green-kapuas\/#primaryimage\",\"url\":\"https:\/\/rckopen.com\/wp-content\/uploads\/2023\/08\/Green-Kapuas.jpg\",\"contentUrl\":\"https:\/\/rckopen.com\/wp-content\/uploads\/2023\/08\/Green-Kapuas.jpg\",\"width\":600,\"height\":600,\"caption\":\"Green Kapuas online kopen\"},{\"@type\":\"BreadcrumbList\",\"@id\":\"https:\/\/rckopen.com\/product\/green-kapuas\/#breadcrumb\",\"itemListElement\":[{\"@type\":\"ListItem\",\"position\":1,\"name\":\"Home\",\"item\":\"https:\/\/rckopen.com\/\"},{\"@type\":\"ListItem\",\"position\":2,\"name\":\"Shop\",\"item\":\"https:\/\/rckopen.com\/shop\/\"},{\"@type\":\"ListItem\",\"position\":3,\"name\":\"Green Kapuas online kopen\"}]},{\"@type\":\"WebSite\",\"@id\":\"https:\/\/rckopen.com\/#website\",\"url\":\"https:\/\/rckopen.com\/\",\"name\":\"RC Kopen\",\"description\":\"Research Chemicals\",\"potentialAction\":[{\"@type\":\"SearchAction\",\"target\":{\"@type\":\"EntryPoint\",\"urlTemplate\":\"https:\/\/rckopen.com\/?s={search_term_string}\"},\"query-input\":{\"@type\":\"PropertyValueSpecification\",\"valueRequired\":true,\"valueName\":\"search_term_string\"}}],\"inLanguage\":\"it-IT\"}]}<\/script>\n<!-- \/ Yoast SEO plugin. -->","yoast_head_json":{"title":"Green Kapuas online kopen - Green Kapuas te koop","description":"Als je Green Kapuas online wilt kopen, dan is een bezoek aan onze online RC Kopen winkel de beste optie. Wij hebben Green Kapuas te koop. Plaats nu uw bestelling!","robots":{"index":"index","follow":"follow","max-snippet":"max-snippet:-1","max-image-preview":"max-image-preview:large","max-video-preview":"max-video-preview:-1"},"canonical":"https:\/\/rckopen.com\/it\/prodotto\/green-kapuas\/","og_locale":"it_IT","og_type":"article","og_title":"Green Kapuas online kopen - Green Kapuas te koop","og_description":"Als je Green Kapuas online wilt kopen, dan is een bezoek aan onze online RC Kopen winkel de beste optie. Wij hebben Green Kapuas te koop. Plaats nu uw bestelling!","og_url":"https:\/\/rckopen.com\/it\/prodotto\/green-kapuas\/","og_site_name":"RC Kopen","article_modified_time":"2025-02-06T06:18:33+00:00","og_image":[{"width":600,"height":600,"url":"https:\/\/rckopen.com\/wp-content\/uploads\/2023\/08\/Green-Kapuas.jpg","type":"image\/jpeg"}],"twitter_card":"summary_large_image","twitter_misc":{"Tempo di lettura stimato":"2 minuti"},"schema":{"@context":"https:\/\/schema.org","@graph":[{"@type":"WebPage","@id":"https:\/\/rckopen.com\/product\/green-kapuas\/","url":"https:\/\/rckopen.com\/product\/green-kapuas\/","name":"Green Kapuas online kopen - Green Kapuas te koop","isPartOf":{"@id":"https:\/\/rckopen.com\/#website"},"primaryImageOfPage":{"@id":"https:\/\/rckopen.com\/product\/green-kapuas\/#primaryimage"},"image":{"@id":"https:\/\/rckopen.com\/product\/green-kapuas\/#primaryimage"},"thumbnailUrl":"https:\/\/rckopen.com\/wp-content\/uploads\/2023\/08\/Green-Kapuas.jpg","datePublished":"2023-08-16T07:04:39+00:00","dateModified":"2025-02-06T06:18:33+00:00","description":"Als je Green Kapuas online wilt kopen, dan is een bezoek aan onze online RC Kopen winkel de beste optie. Wij hebben Green Kapuas te koop. Plaats nu uw bestelling!","breadcrumb":{"@id":"https:\/\/rckopen.com\/product\/green-kapuas\/#breadcrumb"},"inLanguage":"it-IT","potentialAction":[{"@type":"ReadAction","target":["https:\/\/rckopen.com\/product\/green-kapuas\/"]}]},{"@type":"ImageObject","inLanguage":"it-IT","@id":"https:\/\/rckopen.com\/product\/green-kapuas\/#primaryimage","url":"https:\/\/rckopen.com\/wp-content\/uploads\/2023\/08\/Green-Kapuas.jpg","contentUrl":"https:\/\/rckopen.com\/wp-content\/uploads\/2023\/08\/Green-Kapuas.jpg","width":600,"height":600,"caption":"Green Kapuas online kopen"},{"@type":"BreadcrumbList","@id":"https:\/\/rckopen.com\/product\/green-kapuas\/#breadcrumb","itemListElement":[{"@type":"ListItem","position":1,"name":"Home","item":"https:\/\/rckopen.com\/"},{"@type":"ListItem","position":2,"name":"Shop","item":"https:\/\/rckopen.com\/shop\/"},{"@type":"ListItem","position":3,"name":"Green Kapuas online kopen"}]},{"@type":"WebSite","@id":"https:\/\/rckopen.com\/#website","url":"https:\/\/rckopen.com\/","name":"RC Kopen","description":"Research Chemicals","potentialAction":[{"@type":"SearchAction","target":{"@type":"EntryPoint","urlTemplate":"https:\/\/rckopen.com\/?s={search_term_string}"},"query-input":{"@type":"PropertyValueSpecification","valueRequired":true,"valueName":"search_term_string"}}],"inLanguage":"it-IT"}]}},"_links":{"self":[{"href":"https:\/\/rckopen.com\/it\/wp-json\/wp\/v2\/product\/6546","targetHints":{"allow":["GET"]}}],"collection":[{"href":"https:\/\/rckopen.com\/it\/wp-json\/wp\/v2\/product"}],"about":[{"href":"https:\/\/rckopen.com\/it\/wp-json\/wp\/v2\/types\/product"}],"replies":[{"embeddable":true,"href":"https:\/\/rckopen.com\/it\/wp-json\/wp\/v2\/comments?post=6546"}],"wp:featuredmedia":[{"embeddable":true,"href":"https:\/\/rckopen.com\/it\/wp-json\/wp\/v2\/media\/6556"}],"wp:attachment":[{"href":"https:\/\/rckopen.com\/it\/wp-json\/wp\/v2\/media?parent=6546"}],"wp:term":[{"taxonomy":"product_brand","embeddable":true,"href":"https:\/\/rckopen.com\/it\/wp-json\/wp\/v2\/product_brand?post=6546"},{"taxonomy":"product_cat","embeddable":true,"href":"https:\/\/rckopen.com\/it\/wp-json\/wp\/v2\/product_cat?post=6546"},{"taxonomy":"product_tag","embeddable":true,"href":"https:\/\/rckopen.com\/it\/wp-json\/wp\/v2\/product_tag?post=6546"}],"curies":[{"name":"wp","href":"https:\/\/api.w.org\/{rel}","templated":true}]}}