{"id":6551,"date":"2023-08-16T07:09:06","date_gmt":"2023-08-16T07:09:06","guid":{"rendered":"https:\/\/diligentplug.com\/chems\/?post_type=product&#038;p=6551"},"modified":"2025-02-03T07:06:34","modified_gmt":"2025-02-03T07:06:34","slug":"emylcamate","status":"publish","type":"product","link":"https:\/\/rckopen.com\/it\/prodotto\/emilcamato\/","title":{"rendered":"Acquista Emylcamate online"},"content":{"rendered":"<h2>Acquista Emylcamate online<\/h2>\n<p><a href=\"https:\/\/rckopen.com\/it\/prodotto\/emilcamato\/\">Emylcamaat<\/a> (commercializzato da Merck con il nome Striatran) \u00e8 un ansiolitico e miorilassante. Fu brevettato negli Stati Uniti nel 1961 (brevetto USA 2.972.564) e pubblicizzato per il trattamento dell'ansia e della tensione. Si sosteneva che fosse superiore al meprobamato, che all'epoca era il leader di mercato. Non \u00e8 pi\u00f9 prescritto Emylcamate online<a href=\"https:\/\/rckopen.com\/it\/prodotto\/green-cambodian\/\">.<\/a><\/p>\n<p><strong>Informazioni generali<\/strong><br \/>\n<strong>Numero CAS:<\/strong> 78-28-4<br \/>\n<strong>Nome del prodotto:<\/strong> Emilcamato<br \/>\n<strong>Nome IUPAC:<\/strong> 3-metilpentano-3-il carbammato<br \/>\n<strong>Formula molecolare:<\/strong> C7H15NO2<br \/>\n<strong>Peso molecolare:<\/strong> 145,2 g\/mol<br \/>\n<strong>InChI:<\/strong> InChI=1S\/C7H15NO2\/c1-4-7(3,5-2)10-6(8)9\/h4-5H2,1-3H3,(H2,8,9)<br \/>\n<strong>Chiave InChI:<\/strong> SLWGJZPKHAXZQL-UHFFFAOYSA-N<br \/>\n<strong>PAROLE:<\/strong> CCC(C)(CC)OC(=O)N<br \/>\n<strong>Solubilit\u00e0:<\/strong> Solubile in DMSO, non in acqua<br \/>\n<strong>Sinonimi:<\/strong> Emilcamato; Emilcamato; Emylcamat; Nuncital; Psicoplegil; Restetal; Stratran; Striatan; Striatran; Statran; KABI-925; Kabi-295; tert-exylcarbamate; MK-250.<br \/>\n<strong>SMILE canonici:<\/strong> CCC(C)(CC)OC(=O)N<\/p>\n<p><strong>Descrizione<\/strong><\/p>\n<p><a href=\"https:\/\/en.wikipedia.org\/wiki\/Emylcamate\">Acquista Emylcamate online<\/a>La massa esatta del composto Emylcamate \u00e8 145,11028 e la classificazione della complessit\u00e0 del composto \u00e8 sconosciuta. La solubilit\u00e0 di questa sostanza chimica \u00e8 descritta come solubile in DMSO, non in acqua. Il composto \u00e8 stato inviato al National Cancer Institute (NCI) per test e valutazione e il numero del National Service Center (NSC) di Cancer Chemotherapy \u00e8 169917. La categoria Medical Subject Headings (MeSH) \u00e8 Chemicals and Drugs Category \u2013 Organic Chemicals \u2013 Carboxylic Acids \u2013 Acids, Acyclic \u2013 Carbammati \u2013 Supplementary Records. Appartiene alla categoria ontologica degli esteri carbammati nell'albero ontologico ChEBI. Le condizioni di conservazione sono descritte come asciutte, buie e a 0 \u2013 4 \u00b0C per brevi periodi (giorni o settimane) o -20 \u00b0C per lunghi periodi (mesi o anni)<a href=\"https:\/\/en.wikipedia.org\/wiki\/Emylcamate\">.<\/a><\/p>\n<p><a href=\"https:\/\/rckopen.com\/it\/\">rckopen.com<\/a> offre prodotti non destinati al consumo umano. L'assunzione (involontaria) di questo prodotto pu\u00f2 avere gravi conseguenze mediche.<\/p>","protected":false},"excerpt":{"rendered":"<p><strong>Nome IUPAC: <\/strong>1-Etil-1-metilpropilcarbammato<\/p>\n<p><strong>CAS # <\/strong>78-28-4<\/p>\n<p><strong>Forma: <\/strong>polvere<\/p>","protected":false},"featured_media":6562,"comment_status":"open","ping_status":"closed","template":"","meta":{"_joinchat":[]},"product_brand":[],"product_cat":[141],"product_tag":[],"class_list":{"0":"post-6551","1":"product","2":"type-product","3":"status-publish","4":"has-post-thumbnail","6":"product_cat-anderen","8":"first","9":"instock","10":"shipping-taxable","11":"purchasable","12":"product-type-variable"},"yoast_head":"<!-- This site is optimized with the Yoast SEO plugin v26.3 - https:\/\/yoast.com\/wordpress\/plugins\/seo\/ -->\n<title>Emylcamate online kopen - Emylcamate te koop<\/title>\n<meta name=\"description\" content=\"Emylcamate online in onze online RC Kopen-winkel, want we hebben Emylcamate van hoge kwaliteit te koop. Koop de jouwe nu tegen lage tarieven.\" \/>\n<meta name=\"robots\" content=\"index, follow, max-snippet:-1, max-image-preview:large, max-video-preview:-1\" \/>\n<link rel=\"canonical\" href=\"https:\/\/rckopen.com\/it\/prodotto\/emilcamato\/\" \/>\n<meta property=\"og:locale\" content=\"it_IT\" \/>\n<meta property=\"og:type\" content=\"article\" \/>\n<meta property=\"og:title\" content=\"Emylcamate online kopen - Emylcamate te koop\" \/>\n<meta property=\"og:description\" content=\"Emylcamate online in onze online RC Kopen-winkel, want we hebben Emylcamate van hoge kwaliteit te koop. Koop de jouwe nu tegen lage tarieven.\" \/>\n<meta property=\"og:url\" content=\"https:\/\/rckopen.com\/it\/prodotto\/emilcamato\/\" \/>\n<meta property=\"og:site_name\" content=\"RC Kopen\" \/>\n<meta property=\"article:modified_time\" content=\"2025-02-03T07:06:34+00:00\" \/>\n<meta property=\"og:image\" content=\"https:\/\/rckopen.com\/wp-content\/uploads\/2023\/08\/Emylcamate.jpg\" \/>\n\t<meta property=\"og:image:width\" content=\"600\" \/>\n\t<meta property=\"og:image:height\" content=\"600\" \/>\n\t<meta property=\"og:image:type\" content=\"image\/jpeg\" \/>\n<meta name=\"twitter:card\" content=\"summary_large_image\" \/>\n<meta name=\"twitter:label1\" content=\"Tempo di lettura stimato\" \/>\n\t<meta name=\"twitter:data1\" content=\"2 minuti\" \/>\n<script type=\"application\/ld+json\" class=\"yoast-schema-graph\">{\"@context\":\"https:\/\/schema.org\",\"@graph\":[{\"@type\":\"WebPage\",\"@id\":\"https:\/\/rckopen.com\/product\/emylcamate\/\",\"url\":\"https:\/\/rckopen.com\/product\/emylcamate\/\",\"name\":\"Emylcamate online kopen - Emylcamate te koop\",\"isPartOf\":{\"@id\":\"https:\/\/rckopen.com\/#website\"},\"primaryImageOfPage\":{\"@id\":\"https:\/\/rckopen.com\/product\/emylcamate\/#primaryimage\"},\"image\":{\"@id\":\"https:\/\/rckopen.com\/product\/emylcamate\/#primaryimage\"},\"thumbnailUrl\":\"https:\/\/rckopen.com\/wp-content\/uploads\/2023\/08\/Emylcamate.jpg\",\"datePublished\":\"2023-08-16T07:09:06+00:00\",\"dateModified\":\"2025-02-03T07:06:34+00:00\",\"description\":\"Emylcamate online in onze online RC Kopen-winkel, want we hebben Emylcamate van hoge kwaliteit te koop. Koop de jouwe nu tegen lage tarieven.\",\"breadcrumb\":{\"@id\":\"https:\/\/rckopen.com\/product\/emylcamate\/#breadcrumb\"},\"inLanguage\":\"it-IT\",\"potentialAction\":[{\"@type\":\"ReadAction\",\"target\":[\"https:\/\/rckopen.com\/product\/emylcamate\/\"]}]},{\"@type\":\"ImageObject\",\"inLanguage\":\"it-IT\",\"@id\":\"https:\/\/rckopen.com\/product\/emylcamate\/#primaryimage\",\"url\":\"https:\/\/rckopen.com\/wp-content\/uploads\/2023\/08\/Emylcamate.jpg\",\"contentUrl\":\"https:\/\/rckopen.com\/wp-content\/uploads\/2023\/08\/Emylcamate.jpg\",\"width\":600,\"height\":600,\"caption\":\"Emylcamate online kopen\"},{\"@type\":\"BreadcrumbList\",\"@id\":\"https:\/\/rckopen.com\/product\/emylcamate\/#breadcrumb\",\"itemListElement\":[{\"@type\":\"ListItem\",\"position\":1,\"name\":\"Home\",\"item\":\"https:\/\/rckopen.com\/\"},{\"@type\":\"ListItem\",\"position\":2,\"name\":\"Shop\",\"item\":\"https:\/\/rckopen.com\/shop\/\"},{\"@type\":\"ListItem\",\"position\":3,\"name\":\"Emylcamate online kopen\"}]},{\"@type\":\"WebSite\",\"@id\":\"https:\/\/rckopen.com\/#website\",\"url\":\"https:\/\/rckopen.com\/\",\"name\":\"RC Kopen\",\"description\":\"Research Chemicals\",\"potentialAction\":[{\"@type\":\"SearchAction\",\"target\":{\"@type\":\"EntryPoint\",\"urlTemplate\":\"https:\/\/rckopen.com\/?s={search_term_string}\"},\"query-input\":{\"@type\":\"PropertyValueSpecification\",\"valueRequired\":true,\"valueName\":\"search_term_string\"}}],\"inLanguage\":\"it-IT\"}]}<\/script>\n<!-- \/ Yoast SEO plugin. -->","yoast_head_json":{"title":"Emylcamate online kopen - Emylcamate te koop","description":"Emylcamate online in onze online RC Kopen-winkel, want we hebben Emylcamate van hoge kwaliteit te koop. Koop de jouwe nu tegen lage tarieven.","robots":{"index":"index","follow":"follow","max-snippet":"max-snippet:-1","max-image-preview":"max-image-preview:large","max-video-preview":"max-video-preview:-1"},"canonical":"https:\/\/rckopen.com\/it\/prodotto\/emilcamato\/","og_locale":"it_IT","og_type":"article","og_title":"Emylcamate online kopen - Emylcamate te koop","og_description":"Emylcamate online in onze online RC Kopen-winkel, want we hebben Emylcamate van hoge kwaliteit te koop. Koop de jouwe nu tegen lage tarieven.","og_url":"https:\/\/rckopen.com\/it\/prodotto\/emilcamato\/","og_site_name":"RC Kopen","article_modified_time":"2025-02-03T07:06:34+00:00","og_image":[{"width":600,"height":600,"url":"https:\/\/rckopen.com\/wp-content\/uploads\/2023\/08\/Emylcamate.jpg","type":"image\/jpeg"}],"twitter_card":"summary_large_image","twitter_misc":{"Tempo di lettura stimato":"2 minuti"},"schema":{"@context":"https:\/\/schema.org","@graph":[{"@type":"WebPage","@id":"https:\/\/rckopen.com\/product\/emylcamate\/","url":"https:\/\/rckopen.com\/product\/emylcamate\/","name":"Emylcamate online kopen - Emylcamate te koop","isPartOf":{"@id":"https:\/\/rckopen.com\/#website"},"primaryImageOfPage":{"@id":"https:\/\/rckopen.com\/product\/emylcamate\/#primaryimage"},"image":{"@id":"https:\/\/rckopen.com\/product\/emylcamate\/#primaryimage"},"thumbnailUrl":"https:\/\/rckopen.com\/wp-content\/uploads\/2023\/08\/Emylcamate.jpg","datePublished":"2023-08-16T07:09:06+00:00","dateModified":"2025-02-03T07:06:34+00:00","description":"Emylcamate online in onze online RC Kopen-winkel, want we hebben Emylcamate van hoge kwaliteit te koop. Koop de jouwe nu tegen lage tarieven.","breadcrumb":{"@id":"https:\/\/rckopen.com\/product\/emylcamate\/#breadcrumb"},"inLanguage":"it-IT","potentialAction":[{"@type":"ReadAction","target":["https:\/\/rckopen.com\/product\/emylcamate\/"]}]},{"@type":"ImageObject","inLanguage":"it-IT","@id":"https:\/\/rckopen.com\/product\/emylcamate\/#primaryimage","url":"https:\/\/rckopen.com\/wp-content\/uploads\/2023\/08\/Emylcamate.jpg","contentUrl":"https:\/\/rckopen.com\/wp-content\/uploads\/2023\/08\/Emylcamate.jpg","width":600,"height":600,"caption":"Emylcamate online kopen"},{"@type":"BreadcrumbList","@id":"https:\/\/rckopen.com\/product\/emylcamate\/#breadcrumb","itemListElement":[{"@type":"ListItem","position":1,"name":"Home","item":"https:\/\/rckopen.com\/"},{"@type":"ListItem","position":2,"name":"Shop","item":"https:\/\/rckopen.com\/shop\/"},{"@type":"ListItem","position":3,"name":"Emylcamate online kopen"}]},{"@type":"WebSite","@id":"https:\/\/rckopen.com\/#website","url":"https:\/\/rckopen.com\/","name":"RC Kopen","description":"Research Chemicals","potentialAction":[{"@type":"SearchAction","target":{"@type":"EntryPoint","urlTemplate":"https:\/\/rckopen.com\/?s={search_term_string}"},"query-input":{"@type":"PropertyValueSpecification","valueRequired":true,"valueName":"search_term_string"}}],"inLanguage":"it-IT"}]}},"_links":{"self":[{"href":"https:\/\/rckopen.com\/it\/wp-json\/wp\/v2\/product\/6551","targetHints":{"allow":["GET"]}}],"collection":[{"href":"https:\/\/rckopen.com\/it\/wp-json\/wp\/v2\/product"}],"about":[{"href":"https:\/\/rckopen.com\/it\/wp-json\/wp\/v2\/types\/product"}],"replies":[{"embeddable":true,"href":"https:\/\/rckopen.com\/it\/wp-json\/wp\/v2\/comments?post=6551"}],"wp:featuredmedia":[{"embeddable":true,"href":"https:\/\/rckopen.com\/it\/wp-json\/wp\/v2\/media\/6562"}],"wp:attachment":[{"href":"https:\/\/rckopen.com\/it\/wp-json\/wp\/v2\/media?parent=6551"}],"wp:term":[{"taxonomy":"product_brand","embeddable":true,"href":"https:\/\/rckopen.com\/it\/wp-json\/wp\/v2\/product_brand?post=6551"},{"taxonomy":"product_cat","embeddable":true,"href":"https:\/\/rckopen.com\/it\/wp-json\/wp\/v2\/product_cat?post=6551"},{"taxonomy":"product_tag","embeddable":true,"href":"https:\/\/rckopen.com\/it\/wp-json\/wp\/v2\/product_tag?post=6551"}],"curies":[{"name":"wp","href":"https:\/\/api.w.org\/{rel}","templated":true}]}}