{"id":6565,"date":"2023-08-16T08:51:55","date_gmt":"2023-08-16T08:51:55","guid":{"rendered":"https:\/\/diligentplug.com\/chems\/?post_type=product&#038;p=6565"},"modified":"2026-03-09T06:14:39","modified_gmt":"2026-03-09T06:14:39","slug":"2-methyl-ap-237-hcl","status":"publish","type":"product","link":"https:\/\/rckopen.com\/it\/prodotto\/2-metile-ap-237-hcl\/","title":{"rendered":"Acquista 2-METHYL-AP-237.HCL online"},"content":{"rendered":"<h2><b>2-METHYL-AP-237.HCL Online Kopen \u2013 Premium Kwaliteit en Betrouwbare Bron<\/b><\/h2>\n<h3><b>Cos'\u00e8 2-METHYL-AP-237.HCL?<\/b><\/h3>\n<p><span style=\"font-weight: 400;\"><a href=\"https:\/\/rckopen.com\/it\/prodotto\/2-metile-ap-237-hcl\/\"><strong>2-METIL-AP-237.HCL<\/strong><\/a> \u00e8 un composto cloridrato specializzato ampiamente utilizzato nella ricerca scientifica e nelle applicazioni farmaceutiche. La sua elevata purezza e stabilit\u00e0 rendono questa sostanza chimica essenziale per vari processi sperimentali e sintetici. Le sue propriet\u00e0 molecolari uniche lo rendono un prodotto prezioso per ricercatori e professionisti alla ricerca di materiali affidabili e di alta qualit\u00e0.<\/span><\/p>\n<h3><b>Usi comuni e importanza<\/b><\/h3>\n<p><span style=\"font-weight: 400;\">Il 2-METIL-AP-237.HCL \u00e8 ampiamente utilizzato nella sintesi chimica avanzata e nello sviluppo farmaceutico. Svolge un ruolo cruciale nella ricerca innovativa e nella formulazione di prodotti. Il suo contributo a reazioni pi\u00f9 efficienti e stabili lo rende un componente indispensabile per laboratori e industrie all'avanguardia nella scienza e nella tecnologia.<\/span><\/p>\n<h3><b>Stato legale<\/b><\/h3>\n<h4><b>Panoramica sullo stato giuridico globale e regionale<\/b><\/h4>\n<p><span style=\"font-weight: 400;\">Lo status legale del 2-METIL-AP-237.HCL varia a seconda del Paese e della regione. In molte aree, \u00e8 considerato una sostanza chimica regolamentata che richiede la documentazione e le autorizzazioni necessarie per l'acquisto e l'uso. Si consiglia di verificare sempre le leggi e i regolamenti locali prima di decidere di utilizzarlo. <\/span><a href=\"https:\/\/en.wikipedia.org\/wiki\/Bucinnazine\"><b>Acquista 2-METHYL-AP-237.HCL online<\/b><\/a><span style=\"font-weight: 400;\">.<\/span><\/p>\n<h4><b>Import\u00e2ncia do cumprimento da lei<\/b><\/h4>\n<p><span style=\"font-weight: 400;\">Il rispetto delle normative legali vi protegge da sanzioni, azioni legali e sequestri di spedizioni. Inoltre, il rispetto delle normative contribuisce all'approvvigionamento e all'utilizzo responsabili, essenziali per la sicurezza e gli standard etici nella ricerca scientifica.<\/span><\/p>\n<h3><b>Dove acquistare 2-METHYL-AP-237.HCL online<\/b><\/h3>\n<h4><b>Fornitori affidabili e di buona reputazione<\/b><\/h4>\n<p><span style=\"font-weight: 400;\">Bij het <\/span><b>ordina 2-METHYL-AP-237.HCL online<\/b><span style=\"font-weight: 400;\"> Scegliere un fornitore affidabile \u00e8 essenziale. I venditori affidabili offrono prodotti verificati e di alta qualit\u00e0, con trasparenza in merito a purezza e origine. Cercate fornitori che possano esibire certificazioni, avere recensioni positive da parte dei clienti e offrire un servizio clienti eccellente.<\/span><\/p>\n<h4><b>Rischi dell'acquisto da fonti sconosciute<\/b><\/h4>\n<p><span style=\"font-weight: 400;\">Acquistare da venditori inaffidabili o sconosciuti pu\u00f2 comportare la ricezione di prodotti contraffatti o sostanze chimiche di bassa qualit\u00e0, con il rischio di esperimenti falliti e rischi per la salute. Questi venditori potrebbero anche utilizzare pratiche di spedizione inadeguate, causando ritardi o perdite di prodotti.<\/span><\/p>\n<h3><b>Hoe de Echtheid van het Product te Verifi\u00ebren<\/b><\/h3>\n<h4><b>Beoordelingen en Klantfeedback<\/b><\/h4>\n<p><span style=\"font-weight: 400;\">Le recensioni e i feedback dei clienti forniscono informazioni preziose sull'affidabilit\u00e0 del fornitore e sulla qualit\u00e0 dei prodotti. Recensioni positive e clienti abituali sono spesso indice di affidabilit\u00e0 della fonte.<\/span><\/p>\n<h3><b>Metodi di pagamento e sicurezza<\/b><\/h3>\n<h4><b>Opzioni di pagamento comunemente utilizzate<\/b><\/h4>\n<p><span style=\"font-weight: 400;\">I provider affidabili accettano diversi metodi di pagamento sicuri, tra cui criptovalute (come Bitcoin ed Ethereum), carte di credito e bonifici bancari. Queste opzioni offrono flessibilit\u00e0 e protezione dei pagamenti.<\/span><\/p>\n<h4><b>Tips voor Veilige Transacties<\/b><\/h4>\n<p><span style=\"font-weight: 400;\">Utilizza gateway di pagamento sicuri, condividi solo le informazioni personali necessarie e verifica le credenziali del fornitore prima di pagare. I fornitori con processi di pagamento crittografati aumentano significativamente la tua sicurezza.<\/span><\/p>\n<h3><b>Verzending en Levering<\/b><\/h3>\n<h4><b>Typische Verzendingstijden en Methoden<\/b><\/h4>\n<p><span style=\"font-weight: 400;\">La maggior parte dei fornitori affidabili offre imballaggi discreti e spedizioni affidabili con tracciamento. I tempi di consegna variano a seconda della destinazione e possono variare da pochi giorni a due settimane, a seconda delle dogane e dei servizi di corriere.<\/span><\/p>\n<h4><b>Omgaan met Douane en Invoerverplichtingen<\/b><\/h4>\n<p><span style=\"font-weight: 400;\">\u00c8 importante conoscere le normative sulle importazioni del proprio Paese. Alcune sostanze chimiche potrebbero essere soggette a restrizioni o richiedere documenti di sdoganamento. Scegliete fornitori che offrano consulenza su spedizione e dogana per evitare ritardi o sequestri.<\/span><\/p>\n<h3><b>Possibili rischi e precauzioni<\/b><\/h3>\n<h4><b>Kwaliteitscontroleproblemen<\/b><\/h4>\n<p><span style=\"font-weight: 400;\">Prodotti di bassa qualit\u00e0 o contraffatti possono influire negativamente sui risultati delle tue ricerche. Verifica sempre la qualit\u00e0 dei prodotti e acquista da fornitori affidabili per evitare questi problemi.<\/span><\/p>\n<h4><b>Avvertenze sulla salute e la sicurezza<\/b><\/h4>\n<p><span style=\"font-weight: 400;\">Maneggiare sempre il 2-METIL-AP-237.HCL con adeguati dispositivi di protezione individuale e seguire i protocolli di sicurezza di laboratorio. Un uso improprio pu\u00f2 comportare rischi per la salute a causa della sua natura chimica.<\/span><\/p>\n<h3><b>Conclusie<\/b><\/h3>\n<p><span style=\"font-weight: 400;\">Se vuoi 2-METHYL-AP-237.HCL <\/span><a href=\"https:\/\/rckopen.com\/it\/\"><b>acquista online a un prezzo conveniente<\/b><\/a><span style=\"font-weight: 400;\">Senza compromettere la qualit\u00e0, scegliere il fornitore giusto \u00e8 essenziale. Offriamo 2-METHYL-AP-237.HCL di qualit\u00e0 premium con purezza garantita, opzioni di pagamento sicure e spedizione rapida, rendendoci il fornitore ideale. <\/span><b>beste plek zijn om 2-METHYL-AP-237.HCL online te kopen<\/b><span style=\"font-weight: 400;\">Ordina oggi e ricevi prodotti autentici e affidabili che soddisfano perfettamente le tue esigenze scientifiche e industriali.<\/span><\/p>","protected":false},"excerpt":{"rendered":"<p><strong>Nome IUPAC: <\/strong>1-(4-cinnamil-2-metilpiperazin-1-il)butan-1-one<\/p>\n<p><strong>Aspetto: <\/strong>polvere<\/p>\n<p><strong>Analisi NMR: <\/strong>C18H26N2O<\/p>","protected":false},"featured_media":6576,"comment_status":"open","ping_status":"closed","template":"","meta":{"_joinchat":[]},"product_brand":[],"product_cat":[141],"product_tag":[],"class_list":{"0":"post-6565","1":"product","2":"type-product","3":"status-publish","4":"has-post-thumbnail","6":"product_cat-anderen","8":"first","9":"instock","10":"shipping-taxable","11":"purchasable","12":"product-type-variable"},"yoast_head":"<!-- This site is optimized with the Yoast SEO plugin v26.3 - https:\/\/yoast.com\/wordpress\/plugins\/seo\/ -->\n<title>2-methyl-AP-237-HCL Online Kopen - 2-methyl-AP-237-HCl te koop<\/title>\n<meta name=\"description\" content=\"Mis geen kans om 2-methyl-ap-237-hcl online kopen van onze Rckopen. We hebben uitsluitend te maken met 2-methyl-ap-237-hcl, te koop tegen goedkope tarieven.\" \/>\n<meta name=\"robots\" content=\"index, follow, max-snippet:-1, max-image-preview:large, max-video-preview:-1\" \/>\n<link rel=\"canonical\" href=\"https:\/\/rckopen.com\/it\/prodotto\/2-metile-ap-237-hcl\/\" \/>\n<meta property=\"og:locale\" content=\"it_IT\" \/>\n<meta property=\"og:type\" content=\"article\" \/>\n<meta property=\"og:title\" content=\"2-methyl-AP-237-HCL Online Kopen - 2-methyl-AP-237-HCl te koop\" \/>\n<meta property=\"og:description\" content=\"Mis geen kans om 2-methyl-ap-237-hcl online kopen van onze Rckopen. We hebben uitsluitend te maken met 2-methyl-ap-237-hcl, te koop tegen goedkope tarieven.\" \/>\n<meta property=\"og:url\" content=\"https:\/\/rckopen.com\/it\/prodotto\/2-metile-ap-237-hcl\/\" \/>\n<meta property=\"og:site_name\" content=\"RC Kopen\" \/>\n<meta property=\"article:modified_time\" content=\"2026-03-09T06:14:39+00:00\" \/>\n<meta property=\"og:image\" content=\"https:\/\/rckopen.com\/wp-content\/uploads\/2023\/08\/2-METHYL-AP-237.HCL_.jpg\" \/>\n\t<meta property=\"og:image:width\" content=\"600\" \/>\n\t<meta property=\"og:image:height\" content=\"600\" \/>\n\t<meta property=\"og:image:type\" content=\"image\/jpeg\" \/>\n<meta name=\"twitter:card\" content=\"summary_large_image\" \/>\n<meta name=\"twitter:label1\" content=\"Tempo di lettura stimato\" \/>\n\t<meta name=\"twitter:data1\" content=\"3 minuti\" \/>\n<script type=\"application\/ld+json\" class=\"yoast-schema-graph\">{\"@context\":\"https:\/\/schema.org\",\"@graph\":[{\"@type\":\"WebPage\",\"@id\":\"https:\/\/rckopen.com\/product\/2-methyl-ap-237-hcl\/\",\"url\":\"https:\/\/rckopen.com\/product\/2-methyl-ap-237-hcl\/\",\"name\":\"2-methyl-AP-237-HCL Online Kopen - 2-methyl-AP-237-HCl te koop\",\"isPartOf\":{\"@id\":\"https:\/\/rckopen.com\/#website\"},\"primaryImageOfPage\":{\"@id\":\"https:\/\/rckopen.com\/product\/2-methyl-ap-237-hcl\/#primaryimage\"},\"image\":{\"@id\":\"https:\/\/rckopen.com\/product\/2-methyl-ap-237-hcl\/#primaryimage\"},\"thumbnailUrl\":\"https:\/\/rckopen.com\/wp-content\/uploads\/2023\/08\/2-METHYL-AP-237.HCL_.jpg\",\"datePublished\":\"2023-08-16T08:51:55+00:00\",\"dateModified\":\"2026-03-09T06:14:39+00:00\",\"description\":\"Mis geen kans om 2-methyl-ap-237-hcl online kopen van onze Rckopen. We hebben uitsluitend te maken met 2-methyl-ap-237-hcl, te koop tegen goedkope tarieven.\",\"breadcrumb\":{\"@id\":\"https:\/\/rckopen.com\/product\/2-methyl-ap-237-hcl\/#breadcrumb\"},\"inLanguage\":\"it-IT\",\"potentialAction\":[{\"@type\":\"ReadAction\",\"target\":[\"https:\/\/rckopen.com\/product\/2-methyl-ap-237-hcl\/\"]}]},{\"@type\":\"ImageObject\",\"inLanguage\":\"it-IT\",\"@id\":\"https:\/\/rckopen.com\/product\/2-methyl-ap-237-hcl\/#primaryimage\",\"url\":\"https:\/\/rckopen.com\/wp-content\/uploads\/2023\/08\/2-METHYL-AP-237.HCL_.jpg\",\"contentUrl\":\"https:\/\/rckopen.com\/wp-content\/uploads\/2023\/08\/2-METHYL-AP-237.HCL_.jpg\",\"width\":600,\"height\":600,\"caption\":\"2-METHYL-AP-237.HCL Online Kopen\"},{\"@type\":\"BreadcrumbList\",\"@id\":\"https:\/\/rckopen.com\/product\/2-methyl-ap-237-hcl\/#breadcrumb\",\"itemListElement\":[{\"@type\":\"ListItem\",\"position\":1,\"name\":\"Home\",\"item\":\"https:\/\/rckopen.com\/\"},{\"@type\":\"ListItem\",\"position\":2,\"name\":\"Shop\",\"item\":\"https:\/\/rckopen.com\/shop\/\"},{\"@type\":\"ListItem\",\"position\":3,\"name\":\"2-METHYL-AP-237.HCL Online Kopen\"}]},{\"@type\":\"WebSite\",\"@id\":\"https:\/\/rckopen.com\/#website\",\"url\":\"https:\/\/rckopen.com\/\",\"name\":\"RC Kopen\",\"description\":\"Research Chemicals\",\"potentialAction\":[{\"@type\":\"SearchAction\",\"target\":{\"@type\":\"EntryPoint\",\"urlTemplate\":\"https:\/\/rckopen.com\/?s={search_term_string}\"},\"query-input\":{\"@type\":\"PropertyValueSpecification\",\"valueRequired\":true,\"valueName\":\"search_term_string\"}}],\"inLanguage\":\"it-IT\"}]}<\/script>\n<!-- \/ Yoast SEO plugin. -->","yoast_head_json":{"title":"2-methyl-AP-237-HCL Online Kopen - 2-methyl-AP-237-HCl te koop","description":"Mis geen kans om 2-methyl-ap-237-hcl online kopen van onze Rckopen. We hebben uitsluitend te maken met 2-methyl-ap-237-hcl, te koop tegen goedkope tarieven.","robots":{"index":"index","follow":"follow","max-snippet":"max-snippet:-1","max-image-preview":"max-image-preview:large","max-video-preview":"max-video-preview:-1"},"canonical":"https:\/\/rckopen.com\/it\/prodotto\/2-metile-ap-237-hcl\/","og_locale":"it_IT","og_type":"article","og_title":"2-methyl-AP-237-HCL Online Kopen - 2-methyl-AP-237-HCl te koop","og_description":"Mis geen kans om 2-methyl-ap-237-hcl online kopen van onze Rckopen. We hebben uitsluitend te maken met 2-methyl-ap-237-hcl, te koop tegen goedkope tarieven.","og_url":"https:\/\/rckopen.com\/it\/prodotto\/2-metile-ap-237-hcl\/","og_site_name":"RC Kopen","article_modified_time":"2026-03-09T06:14:39+00:00","og_image":[{"width":600,"height":600,"url":"https:\/\/rckopen.com\/wp-content\/uploads\/2023\/08\/2-METHYL-AP-237.HCL_.jpg","type":"image\/jpeg"}],"twitter_card":"summary_large_image","twitter_misc":{"Tempo di lettura stimato":"3 minuti"},"schema":{"@context":"https:\/\/schema.org","@graph":[{"@type":"WebPage","@id":"https:\/\/rckopen.com\/product\/2-methyl-ap-237-hcl\/","url":"https:\/\/rckopen.com\/product\/2-methyl-ap-237-hcl\/","name":"2-methyl-AP-237-HCL Online Kopen - 2-methyl-AP-237-HCl te koop","isPartOf":{"@id":"https:\/\/rckopen.com\/#website"},"primaryImageOfPage":{"@id":"https:\/\/rckopen.com\/product\/2-methyl-ap-237-hcl\/#primaryimage"},"image":{"@id":"https:\/\/rckopen.com\/product\/2-methyl-ap-237-hcl\/#primaryimage"},"thumbnailUrl":"https:\/\/rckopen.com\/wp-content\/uploads\/2023\/08\/2-METHYL-AP-237.HCL_.jpg","datePublished":"2023-08-16T08:51:55+00:00","dateModified":"2026-03-09T06:14:39+00:00","description":"Mis geen kans om 2-methyl-ap-237-hcl online kopen van onze Rckopen. We hebben uitsluitend te maken met 2-methyl-ap-237-hcl, te koop tegen goedkope tarieven.","breadcrumb":{"@id":"https:\/\/rckopen.com\/product\/2-methyl-ap-237-hcl\/#breadcrumb"},"inLanguage":"it-IT","potentialAction":[{"@type":"ReadAction","target":["https:\/\/rckopen.com\/product\/2-methyl-ap-237-hcl\/"]}]},{"@type":"ImageObject","inLanguage":"it-IT","@id":"https:\/\/rckopen.com\/product\/2-methyl-ap-237-hcl\/#primaryimage","url":"https:\/\/rckopen.com\/wp-content\/uploads\/2023\/08\/2-METHYL-AP-237.HCL_.jpg","contentUrl":"https:\/\/rckopen.com\/wp-content\/uploads\/2023\/08\/2-METHYL-AP-237.HCL_.jpg","width":600,"height":600,"caption":"2-METHYL-AP-237.HCL Online Kopen"},{"@type":"BreadcrumbList","@id":"https:\/\/rckopen.com\/product\/2-methyl-ap-237-hcl\/#breadcrumb","itemListElement":[{"@type":"ListItem","position":1,"name":"Home","item":"https:\/\/rckopen.com\/"},{"@type":"ListItem","position":2,"name":"Shop","item":"https:\/\/rckopen.com\/shop\/"},{"@type":"ListItem","position":3,"name":"2-METHYL-AP-237.HCL Online Kopen"}]},{"@type":"WebSite","@id":"https:\/\/rckopen.com\/#website","url":"https:\/\/rckopen.com\/","name":"RC Kopen","description":"Research Chemicals","potentialAction":[{"@type":"SearchAction","target":{"@type":"EntryPoint","urlTemplate":"https:\/\/rckopen.com\/?s={search_term_string}"},"query-input":{"@type":"PropertyValueSpecification","valueRequired":true,"valueName":"search_term_string"}}],"inLanguage":"it-IT"}]}},"_links":{"self":[{"href":"https:\/\/rckopen.com\/it\/wp-json\/wp\/v2\/product\/6565","targetHints":{"allow":["GET"]}}],"collection":[{"href":"https:\/\/rckopen.com\/it\/wp-json\/wp\/v2\/product"}],"about":[{"href":"https:\/\/rckopen.com\/it\/wp-json\/wp\/v2\/types\/product"}],"replies":[{"embeddable":true,"href":"https:\/\/rckopen.com\/it\/wp-json\/wp\/v2\/comments?post=6565"}],"wp:featuredmedia":[{"embeddable":true,"href":"https:\/\/rckopen.com\/it\/wp-json\/wp\/v2\/media\/6576"}],"wp:attachment":[{"href":"https:\/\/rckopen.com\/it\/wp-json\/wp\/v2\/media?parent=6565"}],"wp:term":[{"taxonomy":"product_brand","embeddable":true,"href":"https:\/\/rckopen.com\/it\/wp-json\/wp\/v2\/product_brand?post=6565"},{"taxonomy":"product_cat","embeddable":true,"href":"https:\/\/rckopen.com\/it\/wp-json\/wp\/v2\/product_cat?post=6565"},{"taxonomy":"product_tag","embeddable":true,"href":"https:\/\/rckopen.com\/it\/wp-json\/wp\/v2\/product_tag?post=6565"}],"curies":[{"name":"wp","href":"https:\/\/api.w.org\/{rel}","templated":true}]}}