{"id":6567,"date":"2023-08-16T08:58:45","date_gmt":"2023-08-16T08:58:45","guid":{"rendered":"https:\/\/diligentplug.com\/chems\/?post_type=product&#038;p=6567"},"modified":"2025-09-16T08:19:25","modified_gmt":"2025-09-16T08:19:25","slug":"bromonordiazepam-pellets-25mg","status":"publish","type":"product","link":"https:\/\/rckopen.com\/it\/prodotto\/bromonordiazepam-pellet-25-mg\/","title":{"rendered":"Acquista pellet di bromonordiazepam 2,5 mg online"},"content":{"rendered":"<h2>broomordiazepam-pellets 2,5 mg online kopen<br \/>\nBromonordiazepam pellet 2,5 mg: guida all'acquisto completa<\/h2>\n<p>Vuoi acquistare online pellet di bromonordiazepam da 2,5 mg ma non sai da dove cominciare? Non cercare oltre! In questa guida all'acquisto ti forniamo tutte le informazioni necessarie per prendere una decisione informata quando ordini online pellet di bromonordiazepam da 2,5 mg.<\/p>\n<h3>Cosa sono i pampellets bromonordiaze 2,5 mg?<\/h3>\n<p>Bromonordiazepam pellet 2,5 mg \u00e8 un tipo di farmaco appartenente alla famiglia delle benzodiazepine. Sono comunemente usati per trattare i disturbi d'ansia, l'insonnia e le crisi epilettiche. Questi pellet sono disponibili in un comodo dosaggio di 2,5 mg, che li rende facili da assumere e conservare.<\/p>\n<h3>Perch\u00e9 acquistare online i pellet di Bromonordiazepam da 2,5 mg?<\/h3>\n<p>Esistono diversi motivi per cui potresti prendere in considerazione l'acquisto di pellet di bromonordiazepam da 2,5 mg. Innanzitutto sono molto efficaci nel trattamento dell'ansia e dei disturbi del sonno. Inoltre, il dosaggio da 2,5 mg \u00e8 adatto alla maggior parte degli adulti e pu\u00f2 essere facilmente modificato se necessario. Infine, acquistare pellet di bromonordiazepam online \u00e8 comodo e discreto.<\/p>\n<h3>Dove si possono acquistare online i pellet di bromonordiazepam da 2,5 mg?<\/h3>\n<p>Se vuoi acquistare pellet di bromonordiazepam da 2,5 mg nel Regno Unito, \u00e8 essenziale acquistarlo da una fonte affidabile. Rckopen.com \u00e8 un negozio online affidabile che offre in vendita pellet di bromonordiazepam da 2,5 mg di alta qualit\u00e0. Il sito web \u00e8 intuitivo e gli ordini sono rapidi e semplici.<\/p>\n<h3>Come ordinare Bromonordiazepam pellets 2.5 mg senza prescrizione medica?<\/h3>\n<p>Uno dei vantaggi dell'acquisto di bromonordiazepam pellet 2,5 mg su rckopen.com \u00e8 che si pu\u00f2 ordinare senza prescrizione medica. Questo rende il processo facile e senza problemi. \u00c8 sufficiente visitare il sito, selezionare la quantit\u00e0 necessaria e procedere al pagamento. Il vostro ordine sar\u00e0 elaborato rapidamente e il vostro bromonordiazepam pellet 2,5 mg in vendita sar\u00e0 consegnato a casa vostra in modo discreto.<\/p>\n<h3>Perch\u00e9 scegliere Rckopen.com per acquistare Bromonordiazepam pellet 2,5 mg?<\/h3>\n<p>Rckopen.com \u00e8 un negozio online affidabile che offre pellet di bromonordiazepam 2,5 mg di alta qualit\u00e0 in vendita. I loro prodotti provengono da produttori affidabili e sono sottoposti a rigorose misure di controllo della qualit\u00e0. Inoltre, il loro team di assistenza clienti \u00e8 professionale e competente, garantendo un'esperienza di acquisto senza problemi per tutti i clienti. In breve, se si desidera acquistare bromonordiazepam pellet 2,5 mg, rckopen.com \u00e8 il luogo ideale per farlo. Con i suoi prodotti di alta qualit\u00e0, il sito web facile da usare e l'eccellente servizio clienti, potete essere certi di ottenere il miglior valore per i vostri soldi. Non esitate - acquistate bromonordiazepam pellets 2.5 mg legalmente su rckopen.com oggi stesso!<br \/>\nRicordate che dovete sempre consultare un medico prima di iniziare un nuovo regime farmacologico.<\/p>","protected":false},"excerpt":{"rendered":"<p><strong>Nome IUPAC: <\/strong>7-bromo-5-phenyl-1,3-dihydro-1,4-benzodiazepin-2-one<\/p>\n<p><strong>CAS # <\/strong>2894-61-3<\/p>\n<p><strong>Forma: <\/strong>polvere<\/p>\n<p><strong>Analisi NMR: <\/strong>C15H11BrN2O<\/p>","protected":false},"featured_media":6578,"comment_status":"open","ping_status":"closed","template":"","meta":{"_joinchat":[]},"product_brand":[],"product_cat":[144],"product_tag":[],"class_list":{"0":"post-6567","1":"product","2":"type-product","3":"status-publish","4":"has-post-thumbnail","6":"product_cat-pellets","8":"first","9":"instock","10":"shipping-taxable","11":"purchasable","12":"product-type-variable"},"yoast_head":"<!-- This site is optimized with the Yoast SEO plugin v26.3 - https:\/\/yoast.com\/wordpress\/plugins\/seo\/ -->\n<title>Bromonor Diazepam Pellets 25MG online kopen - Bromonor Diazepam Pellets te koop<\/title>\n<meta name=\"description\" content=\"Als u Bromonor Diazepam Pellets 25mg online kopen, kan onze online rc kopen-winkel u helpen. We hebben hier Bromonor Diazepam Pellets 25mg te koop tegen de beste prijzen. Plaats uw bestelling en profiteer vandaag nog van de nieuwste aanbiedingen!\" \/>\n<meta name=\"robots\" content=\"index, follow, max-snippet:-1, max-image-preview:large, max-video-preview:-1\" \/>\n<link rel=\"canonical\" href=\"https:\/\/rckopen.com\/it\/prodotto\/bromonordiazepam-pellet-25-mg\/\" \/>\n<meta property=\"og:locale\" content=\"it_IT\" \/>\n<meta property=\"og:type\" content=\"article\" \/>\n<meta property=\"og:title\" content=\"Bromonor Diazepam Pellets 25MG online kopen - Bromonor Diazepam Pellets te koop\" \/>\n<meta property=\"og:description\" content=\"Als u Bromonor Diazepam Pellets 25mg online kopen, kan onze online rc kopen-winkel u helpen. We hebben hier Bromonor Diazepam Pellets 25mg te koop tegen de beste prijzen. Plaats uw bestelling en profiteer vandaag nog van de nieuwste aanbiedingen!\" \/>\n<meta property=\"og:url\" content=\"https:\/\/rckopen.com\/it\/prodotto\/bromonordiazepam-pellet-25-mg\/\" \/>\n<meta property=\"og:site_name\" content=\"RC Kopen\" \/>\n<meta property=\"article:modified_time\" content=\"2025-09-16T08:19:25+00:00\" \/>\n<meta property=\"og:image\" content=\"https:\/\/rckopen.com\/wp-content\/uploads\/2023\/08\/bromonordiazepam-pellets-25mg.jpg\" \/>\n\t<meta property=\"og:image:width\" content=\"600\" \/>\n\t<meta property=\"og:image:height\" content=\"600\" \/>\n\t<meta property=\"og:image:type\" content=\"image\/jpeg\" \/>\n<meta name=\"twitter:card\" content=\"summary_large_image\" \/>\n<meta name=\"twitter:label1\" content=\"Tempo di lettura stimato\" \/>\n\t<meta name=\"twitter:data1\" content=\"3 minuti\" \/>\n<script type=\"application\/ld+json\" class=\"yoast-schema-graph\">{\"@context\":\"https:\/\/schema.org\",\"@graph\":[{\"@type\":\"WebPage\",\"@id\":\"https:\/\/rckopen.com\/product\/bromonordiazepam-pellets-25mg\/\",\"url\":\"https:\/\/rckopen.com\/product\/bromonordiazepam-pellets-25mg\/\",\"name\":\"Bromonor Diazepam Pellets 25MG online kopen - Bromonor Diazepam Pellets te koop\",\"isPartOf\":{\"@id\":\"https:\/\/rckopen.com\/#website\"},\"primaryImageOfPage\":{\"@id\":\"https:\/\/rckopen.com\/product\/bromonordiazepam-pellets-25mg\/#primaryimage\"},\"image\":{\"@id\":\"https:\/\/rckopen.com\/product\/bromonordiazepam-pellets-25mg\/#primaryimage\"},\"thumbnailUrl\":\"https:\/\/rckopen.com\/wp-content\/uploads\/2023\/08\/bromonordiazepam-pellets-25mg.jpg\",\"datePublished\":\"2023-08-16T08:58:45+00:00\",\"dateModified\":\"2025-09-16T08:19:25+00:00\",\"description\":\"Als u Bromonor Diazepam Pellets 25mg online kopen, kan onze online rc kopen-winkel u helpen. We hebben hier Bromonor Diazepam Pellets 25mg te koop tegen de beste prijzen. Plaats uw bestelling en profiteer vandaag nog van de nieuwste aanbiedingen!\",\"breadcrumb\":{\"@id\":\"https:\/\/rckopen.com\/product\/bromonordiazepam-pellets-25mg\/#breadcrumb\"},\"inLanguage\":\"it-IT\",\"potentialAction\":[{\"@type\":\"ReadAction\",\"target\":[\"https:\/\/rckopen.com\/product\/bromonordiazepam-pellets-25mg\/\"]}]},{\"@type\":\"ImageObject\",\"inLanguage\":\"it-IT\",\"@id\":\"https:\/\/rckopen.com\/product\/bromonordiazepam-pellets-25mg\/#primaryimage\",\"url\":\"https:\/\/rckopen.com\/wp-content\/uploads\/2023\/08\/bromonordiazepam-pellets-25mg.jpg\",\"contentUrl\":\"https:\/\/rckopen.com\/wp-content\/uploads\/2023\/08\/bromonordiazepam-pellets-25mg.jpg\",\"width\":600,\"height\":600,\"caption\":\"bromonordiazepam-pellets-2,5mg online kopen\"},{\"@type\":\"BreadcrumbList\",\"@id\":\"https:\/\/rckopen.com\/product\/bromonordiazepam-pellets-25mg\/#breadcrumb\",\"itemListElement\":[{\"@type\":\"ListItem\",\"position\":1,\"name\":\"Home\",\"item\":\"https:\/\/rckopen.com\/\"},{\"@type\":\"ListItem\",\"position\":2,\"name\":\"Shop\",\"item\":\"https:\/\/rckopen.com\/shop\/\"},{\"@type\":\"ListItem\",\"position\":3,\"name\":\"bromonordiazepam pellets 2,5mg online kopen\"}]},{\"@type\":\"WebSite\",\"@id\":\"https:\/\/rckopen.com\/#website\",\"url\":\"https:\/\/rckopen.com\/\",\"name\":\"RC Kopen\",\"description\":\"Research Chemicals\",\"potentialAction\":[{\"@type\":\"SearchAction\",\"target\":{\"@type\":\"EntryPoint\",\"urlTemplate\":\"https:\/\/rckopen.com\/?s={search_term_string}\"},\"query-input\":{\"@type\":\"PropertyValueSpecification\",\"valueRequired\":true,\"valueName\":\"search_term_string\"}}],\"inLanguage\":\"it-IT\"}]}<\/script>\n<!-- \/ Yoast SEO plugin. -->","yoast_head_json":{"title":"Bromonor Diazepam Pellets 25MG online kopen - Bromonor Diazepam Pellets te koop","description":"Als u Bromonor Diazepam Pellets 25mg online kopen, kan onze online rc kopen-winkel u helpen. We hebben hier Bromonor Diazepam Pellets 25mg te koop tegen de beste prijzen. Plaats uw bestelling en profiteer vandaag nog van de nieuwste aanbiedingen!","robots":{"index":"index","follow":"follow","max-snippet":"max-snippet:-1","max-image-preview":"max-image-preview:large","max-video-preview":"max-video-preview:-1"},"canonical":"https:\/\/rckopen.com\/it\/prodotto\/bromonordiazepam-pellet-25-mg\/","og_locale":"it_IT","og_type":"article","og_title":"Bromonor Diazepam Pellets 25MG online kopen - Bromonor Diazepam Pellets te koop","og_description":"Als u Bromonor Diazepam Pellets 25mg online kopen, kan onze online rc kopen-winkel u helpen. We hebben hier Bromonor Diazepam Pellets 25mg te koop tegen de beste prijzen. Plaats uw bestelling en profiteer vandaag nog van de nieuwste aanbiedingen!","og_url":"https:\/\/rckopen.com\/it\/prodotto\/bromonordiazepam-pellet-25-mg\/","og_site_name":"RC Kopen","article_modified_time":"2025-09-16T08:19:25+00:00","og_image":[{"width":600,"height":600,"url":"https:\/\/rckopen.com\/wp-content\/uploads\/2023\/08\/bromonordiazepam-pellets-25mg.jpg","type":"image\/jpeg"}],"twitter_card":"summary_large_image","twitter_misc":{"Tempo di lettura stimato":"3 minuti"},"schema":{"@context":"https:\/\/schema.org","@graph":[{"@type":"WebPage","@id":"https:\/\/rckopen.com\/product\/bromonordiazepam-pellets-25mg\/","url":"https:\/\/rckopen.com\/product\/bromonordiazepam-pellets-25mg\/","name":"Bromonor Diazepam Pellets 25MG online kopen - Bromonor Diazepam Pellets te koop","isPartOf":{"@id":"https:\/\/rckopen.com\/#website"},"primaryImageOfPage":{"@id":"https:\/\/rckopen.com\/product\/bromonordiazepam-pellets-25mg\/#primaryimage"},"image":{"@id":"https:\/\/rckopen.com\/product\/bromonordiazepam-pellets-25mg\/#primaryimage"},"thumbnailUrl":"https:\/\/rckopen.com\/wp-content\/uploads\/2023\/08\/bromonordiazepam-pellets-25mg.jpg","datePublished":"2023-08-16T08:58:45+00:00","dateModified":"2025-09-16T08:19:25+00:00","description":"Als u Bromonor Diazepam Pellets 25mg online kopen, kan onze online rc kopen-winkel u helpen. We hebben hier Bromonor Diazepam Pellets 25mg te koop tegen de beste prijzen. Plaats uw bestelling en profiteer vandaag nog van de nieuwste aanbiedingen!","breadcrumb":{"@id":"https:\/\/rckopen.com\/product\/bromonordiazepam-pellets-25mg\/#breadcrumb"},"inLanguage":"it-IT","potentialAction":[{"@type":"ReadAction","target":["https:\/\/rckopen.com\/product\/bromonordiazepam-pellets-25mg\/"]}]},{"@type":"ImageObject","inLanguage":"it-IT","@id":"https:\/\/rckopen.com\/product\/bromonordiazepam-pellets-25mg\/#primaryimage","url":"https:\/\/rckopen.com\/wp-content\/uploads\/2023\/08\/bromonordiazepam-pellets-25mg.jpg","contentUrl":"https:\/\/rckopen.com\/wp-content\/uploads\/2023\/08\/bromonordiazepam-pellets-25mg.jpg","width":600,"height":600,"caption":"bromonordiazepam-pellets-2,5mg online kopen"},{"@type":"BreadcrumbList","@id":"https:\/\/rckopen.com\/product\/bromonordiazepam-pellets-25mg\/#breadcrumb","itemListElement":[{"@type":"ListItem","position":1,"name":"Home","item":"https:\/\/rckopen.com\/"},{"@type":"ListItem","position":2,"name":"Shop","item":"https:\/\/rckopen.com\/shop\/"},{"@type":"ListItem","position":3,"name":"bromonordiazepam pellets 2,5mg online kopen"}]},{"@type":"WebSite","@id":"https:\/\/rckopen.com\/#website","url":"https:\/\/rckopen.com\/","name":"RC Kopen","description":"Research Chemicals","potentialAction":[{"@type":"SearchAction","target":{"@type":"EntryPoint","urlTemplate":"https:\/\/rckopen.com\/?s={search_term_string}"},"query-input":{"@type":"PropertyValueSpecification","valueRequired":true,"valueName":"search_term_string"}}],"inLanguage":"it-IT"}]}},"_links":{"self":[{"href":"https:\/\/rckopen.com\/it\/wp-json\/wp\/v2\/product\/6567","targetHints":{"allow":["GET"]}}],"collection":[{"href":"https:\/\/rckopen.com\/it\/wp-json\/wp\/v2\/product"}],"about":[{"href":"https:\/\/rckopen.com\/it\/wp-json\/wp\/v2\/types\/product"}],"replies":[{"embeddable":true,"href":"https:\/\/rckopen.com\/it\/wp-json\/wp\/v2\/comments?post=6567"}],"wp:featuredmedia":[{"embeddable":true,"href":"https:\/\/rckopen.com\/it\/wp-json\/wp\/v2\/media\/6578"}],"wp:attachment":[{"href":"https:\/\/rckopen.com\/it\/wp-json\/wp\/v2\/media?parent=6567"}],"wp:term":[{"taxonomy":"product_brand","embeddable":true,"href":"https:\/\/rckopen.com\/it\/wp-json\/wp\/v2\/product_brand?post=6567"},{"taxonomy":"product_cat","embeddable":true,"href":"https:\/\/rckopen.com\/it\/wp-json\/wp\/v2\/product_cat?post=6567"},{"taxonomy":"product_tag","embeddable":true,"href":"https:\/\/rckopen.com\/it\/wp-json\/wp\/v2\/product_tag?post=6567"}],"curies":[{"name":"wp","href":"https:\/\/api.w.org\/{rel}","templated":true}]}}