{"id":6571,"date":"2023-08-16T09:20:28","date_gmt":"2023-08-16T09:20:28","guid":{"rendered":"https:\/\/diligentplug.com\/chems\/?post_type=product&#038;p=6571"},"modified":"2025-09-16T08:19:19","modified_gmt":"2025-09-16T08:19:19","slug":"flubromazepam-pellets-8mg","status":"publish","type":"product","link":"https:\/\/rckopen.com\/it\/prodotto\/flubromazepam-pellets-8mg\/","title":{"rendered":"ACQUISTA FLUBROMAZEPAM PELLET 8 mg ONLINE"},"content":{"rendered":"<h2>FLUBROMAZEPAM-PELLETS 8 mg Online kopen<\/h2>\n<p>Ottimizza il tuo acquisto: FLUBROMAZEPAM PELLETS 8 mg disponibile online<\/p>\n<p>Vuoi? <a href=\"https:\/\/rckopen.com\/it\/prodotto\/flubromazepam-pellets-8mg\/\">FLUBROMAZEPAM PELLETS<\/a> Acquistare 8 mg online senza prescrizione medica? Non cercare oltre! Su rckopen.com offriamo un modo comodo e sicuro per acquistare FLUBROMAZEPAM PELLETS 8 mg nel Regno Unito, comodamente da casa tua. Il nostro negozio online garantisce un facile accesso a prodotti di alta qualit\u00e0, cos\u00ec puoi ottenere il miglior rapporto qualit\u00e0-prezzo.<\/p>\n<h3>ACQUISTA FLUBROMAZEPAM-PELLETS 8MG ONLINE<\/h3>\n<p>Quando si tratta di ordinare <a href=\"https:\/\/en.wikipedia.org\/wiki\/Flubromazepam\">FLUBROMAZEPAM<\/a> PELLETS 8mg, \u00e9 essencial encontrar uma fonte confi\u00e1vel que ofere\u00e7a produtos aut\u00eanticos. Na rckopen.com temos orgulho em oferecer aos nossos clientes FLUBROMAZEPAM PELLETS 8 mg de alta qualidade, fabricados de acordo com os mais altos padr\u00f5es. Nosso site de f\u00e1cil utiliza\u00e7\u00e3o facilita a realiza\u00e7\u00e3o de pedidos e a entrega da sua compra diretamente na sua casa.<\/p>\n<h3>Dove si pu\u00f2 acquistare FLUBROMAZEPAM-PELLETS 8 mg?<\/h3>\n<p>Ti stai chiedendo dove acquistare FLUBROMAZEPAM PELLETS 8 mg online? Non cercare oltre <a href=\"https:\/\/rckopen.com\/it\/\">rckopen.com<\/a>! Sulla nostra piattaforma intuitiva puoi sfogliare la nostra selezione di FLUBROMAZEPAM PELLETS da 8 mg ed effettuare un ordine con pochi clic. Grazie alle nostre opzioni di pagamento sicure e alla spedizione discreta, puoi essere certo che il tuo ordine di FLUBROMAZEPAM PELLETS 8 mg arriver\u00e0 in modo sicuro e puntuale.<\/p>\n<h3>Ordina FLUBROMAZEPAM-PELLETS 8 mg senza ricetta<\/h3>\n<p>Su rckopen.com, sappiamo che ottenere una prescrizione medica pu\u00f2 essere complicato. Ecco perch\u00e9 offriamo FLUBROMAZEPAM PELLETS 8 mg in vendita senza bisogno di una prescrizione medica. Puoi ordinare con fiducia dal nostro negozio online, sapendo che stai ricevendo un prodotto originale che soddisfa tutti gli standard di sicurezza e qualit\u00e0. Di' addio alla seccatura di andare dal medico: effettua semplicemente il tuo ordine e ricevilo direttamente a casa tua.<\/p>\n<h3>FLUBROMAZEPAM PELLETS 8mg Negozio<\/h3>\n<p>Stai cercando un negozio di FLUBROMAZEPAM PELLETS 8mg affidabile che offra prodotti di alta qualit\u00e0 a prezzi competitivi? Non cercare oltre, rckopen.com! Il nostro negozio online \u00e8 il tuo punto di riferimento per tutte le tue esigenze di FLUBROMAZEPAM PELLETS 8 mg. Grazie alla nostra vasta gamma e alla semplice procedura di ordinazione, puoi essere certo di ottenere il miglior rapporto qualit\u00e0-prezzo. Acquista oggi stesso da noi e scopri la comodit\u00e0 dello shopping online.<\/p>\n<p>Di' addio alla seccatura dello shopping tradizionale e sperimenta la comodit\u00e0 dello shopping online oggi stesso. Ordina FLUBROMAZEPAM PELLETS 8mg su rckopen.com e goditi un'esperienza di shopping senza intoppi.<\/p>","protected":false},"excerpt":{"rendered":"<p><strong>Forma: <\/strong>Pellet<\/p>","protected":false},"featured_media":6581,"comment_status":"open","ping_status":"closed","template":"","meta":{"_joinchat":[]},"product_brand":[],"product_cat":[144],"product_tag":[],"class_list":{"0":"post-6571","1":"product","2":"type-product","3":"status-publish","4":"has-post-thumbnail","6":"product_cat-pellets","8":"first","9":"instock","10":"shipping-taxable","11":"purchasable","12":"product-type-variable"},"yoast_head":"<!-- This site is optimized with the Yoast SEO plugin v26.3 - https:\/\/yoast.com\/wordpress\/plugins\/seo\/ -->\n<title>Flubromazepam-pellets 8 mg online kopen | RCkopen<\/title>\n<meta name=\"description\" content=\"Flubromazepam Pellets 8mg te koop bij een van de beste online winkels RCKopen. Wij zullen u helpen Flubromazepam Pellets 8 mg online kopen van hoge kwaliteit te kopen. Wacht niet langer met bestellen en profiteer van de nieuwste kortingen!\" \/>\n<meta name=\"robots\" content=\"index, follow, max-snippet:-1, max-image-preview:large, max-video-preview:-1\" \/>\n<link rel=\"canonical\" href=\"https:\/\/rckopen.com\/it\/prodotto\/flubromazepam-pellets-8mg\/\" \/>\n<meta property=\"og:locale\" content=\"it_IT\" \/>\n<meta property=\"og:type\" content=\"article\" \/>\n<meta property=\"og:title\" content=\"Flubromazepam-pellets 8 mg online kopen | RCkopen\" \/>\n<meta property=\"og:description\" content=\"Flubromazepam Pellets 8mg te koop bij een van de beste online winkels RCKopen. Wij zullen u helpen Flubromazepam Pellets 8 mg online kopen van hoge kwaliteit te kopen. Wacht niet langer met bestellen en profiteer van de nieuwste kortingen!\" \/>\n<meta property=\"og:url\" content=\"https:\/\/rckopen.com\/it\/prodotto\/flubromazepam-pellets-8mg\/\" \/>\n<meta property=\"og:site_name\" content=\"RC Kopen\" \/>\n<meta property=\"article:modified_time\" content=\"2025-09-16T08:19:19+00:00\" \/>\n<meta property=\"og:image\" content=\"https:\/\/rckopen.com\/wp-content\/uploads\/2023\/08\/FLUBROMAZEPAM-PELLETS-8mg.jpg\" \/>\n\t<meta property=\"og:image:width\" content=\"600\" \/>\n\t<meta property=\"og:image:height\" content=\"600\" \/>\n\t<meta property=\"og:image:type\" content=\"image\/jpeg\" \/>\n<meta name=\"twitter:card\" content=\"summary_large_image\" \/>\n<meta name=\"twitter:label1\" content=\"Tempo di lettura stimato\" \/>\n\t<meta name=\"twitter:data1\" content=\"2 minuti\" \/>\n<script type=\"application\/ld+json\" class=\"yoast-schema-graph\">{\"@context\":\"https:\/\/schema.org\",\"@graph\":[{\"@type\":\"WebPage\",\"@id\":\"https:\/\/rckopen.com\/product\/flubromazepam-pellets-8mg\/\",\"url\":\"https:\/\/rckopen.com\/product\/flubromazepam-pellets-8mg\/\",\"name\":\"Flubromazepam-pellets 8 mg online kopen | RCkopen\",\"isPartOf\":{\"@id\":\"https:\/\/rckopen.com\/#website\"},\"primaryImageOfPage\":{\"@id\":\"https:\/\/rckopen.com\/product\/flubromazepam-pellets-8mg\/#primaryimage\"},\"image\":{\"@id\":\"https:\/\/rckopen.com\/product\/flubromazepam-pellets-8mg\/#primaryimage\"},\"thumbnailUrl\":\"https:\/\/rckopen.com\/wp-content\/uploads\/2023\/08\/FLUBROMAZEPAM-PELLETS-8mg.jpg\",\"datePublished\":\"2023-08-16T09:20:28+00:00\",\"dateModified\":\"2025-09-16T08:19:19+00:00\",\"description\":\"Flubromazepam Pellets 8mg te koop bij een van de beste online winkels RCKopen. Wij zullen u helpen Flubromazepam Pellets 8 mg online kopen van hoge kwaliteit te kopen. Wacht niet langer met bestellen en profiteer van de nieuwste kortingen!\",\"breadcrumb\":{\"@id\":\"https:\/\/rckopen.com\/product\/flubromazepam-pellets-8mg\/#breadcrumb\"},\"inLanguage\":\"it-IT\",\"potentialAction\":[{\"@type\":\"ReadAction\",\"target\":[\"https:\/\/rckopen.com\/product\/flubromazepam-pellets-8mg\/\"]}]},{\"@type\":\"ImageObject\",\"inLanguage\":\"it-IT\",\"@id\":\"https:\/\/rckopen.com\/product\/flubromazepam-pellets-8mg\/#primaryimage\",\"url\":\"https:\/\/rckopen.com\/wp-content\/uploads\/2023\/08\/FLUBROMAZEPAM-PELLETS-8mg.jpg\",\"contentUrl\":\"https:\/\/rckopen.com\/wp-content\/uploads\/2023\/08\/FLUBROMAZEPAM-PELLETS-8mg.jpg\",\"width\":600,\"height\":600,\"caption\":\"FLUBROMAZEPAM-PELLETS-8mg online kopen\"},{\"@type\":\"BreadcrumbList\",\"@id\":\"https:\/\/rckopen.com\/product\/flubromazepam-pellets-8mg\/#breadcrumb\",\"itemListElement\":[{\"@type\":\"ListItem\",\"position\":1,\"name\":\"Home\",\"item\":\"https:\/\/rckopen.com\/\"},{\"@type\":\"ListItem\",\"position\":2,\"name\":\"Shop\",\"item\":\"https:\/\/rckopen.com\/shop\/\"},{\"@type\":\"ListItem\",\"position\":3,\"name\":\"FLUBROMAZEPAM PELLETS 8mg ONLINE KOPEN\"}]},{\"@type\":\"WebSite\",\"@id\":\"https:\/\/rckopen.com\/#website\",\"url\":\"https:\/\/rckopen.com\/\",\"name\":\"RC Kopen\",\"description\":\"Research Chemicals\",\"potentialAction\":[{\"@type\":\"SearchAction\",\"target\":{\"@type\":\"EntryPoint\",\"urlTemplate\":\"https:\/\/rckopen.com\/?s={search_term_string}\"},\"query-input\":{\"@type\":\"PropertyValueSpecification\",\"valueRequired\":true,\"valueName\":\"search_term_string\"}}],\"inLanguage\":\"it-IT\"}]}<\/script>\n<!-- \/ Yoast SEO plugin. -->","yoast_head_json":{"title":"Flubromazepam-pellets 8 mg online kopen | RCkopen","description":"Flubromazepam Pellets 8mg te koop bij een van de beste online winkels RCKopen. Wij zullen u helpen Flubromazepam Pellets 8 mg online kopen van hoge kwaliteit te kopen. Wacht niet langer met bestellen en profiteer van de nieuwste kortingen!","robots":{"index":"index","follow":"follow","max-snippet":"max-snippet:-1","max-image-preview":"max-image-preview:large","max-video-preview":"max-video-preview:-1"},"canonical":"https:\/\/rckopen.com\/it\/prodotto\/flubromazepam-pellets-8mg\/","og_locale":"it_IT","og_type":"article","og_title":"Flubromazepam-pellets 8 mg online kopen | RCkopen","og_description":"Flubromazepam Pellets 8mg te koop bij een van de beste online winkels RCKopen. Wij zullen u helpen Flubromazepam Pellets 8 mg online kopen van hoge kwaliteit te kopen. Wacht niet langer met bestellen en profiteer van de nieuwste kortingen!","og_url":"https:\/\/rckopen.com\/it\/prodotto\/flubromazepam-pellets-8mg\/","og_site_name":"RC Kopen","article_modified_time":"2025-09-16T08:19:19+00:00","og_image":[{"width":600,"height":600,"url":"https:\/\/rckopen.com\/wp-content\/uploads\/2023\/08\/FLUBROMAZEPAM-PELLETS-8mg.jpg","type":"image\/jpeg"}],"twitter_card":"summary_large_image","twitter_misc":{"Tempo di lettura stimato":"2 minuti"},"schema":{"@context":"https:\/\/schema.org","@graph":[{"@type":"WebPage","@id":"https:\/\/rckopen.com\/product\/flubromazepam-pellets-8mg\/","url":"https:\/\/rckopen.com\/product\/flubromazepam-pellets-8mg\/","name":"Flubromazepam-pellets 8 mg online kopen | RCkopen","isPartOf":{"@id":"https:\/\/rckopen.com\/#website"},"primaryImageOfPage":{"@id":"https:\/\/rckopen.com\/product\/flubromazepam-pellets-8mg\/#primaryimage"},"image":{"@id":"https:\/\/rckopen.com\/product\/flubromazepam-pellets-8mg\/#primaryimage"},"thumbnailUrl":"https:\/\/rckopen.com\/wp-content\/uploads\/2023\/08\/FLUBROMAZEPAM-PELLETS-8mg.jpg","datePublished":"2023-08-16T09:20:28+00:00","dateModified":"2025-09-16T08:19:19+00:00","description":"Flubromazepam Pellets 8mg te koop bij een van de beste online winkels RCKopen. Wij zullen u helpen Flubromazepam Pellets 8 mg online kopen van hoge kwaliteit te kopen. Wacht niet langer met bestellen en profiteer van de nieuwste kortingen!","breadcrumb":{"@id":"https:\/\/rckopen.com\/product\/flubromazepam-pellets-8mg\/#breadcrumb"},"inLanguage":"it-IT","potentialAction":[{"@type":"ReadAction","target":["https:\/\/rckopen.com\/product\/flubromazepam-pellets-8mg\/"]}]},{"@type":"ImageObject","inLanguage":"it-IT","@id":"https:\/\/rckopen.com\/product\/flubromazepam-pellets-8mg\/#primaryimage","url":"https:\/\/rckopen.com\/wp-content\/uploads\/2023\/08\/FLUBROMAZEPAM-PELLETS-8mg.jpg","contentUrl":"https:\/\/rckopen.com\/wp-content\/uploads\/2023\/08\/FLUBROMAZEPAM-PELLETS-8mg.jpg","width":600,"height":600,"caption":"FLUBROMAZEPAM-PELLETS-8mg online kopen"},{"@type":"BreadcrumbList","@id":"https:\/\/rckopen.com\/product\/flubromazepam-pellets-8mg\/#breadcrumb","itemListElement":[{"@type":"ListItem","position":1,"name":"Home","item":"https:\/\/rckopen.com\/"},{"@type":"ListItem","position":2,"name":"Shop","item":"https:\/\/rckopen.com\/shop\/"},{"@type":"ListItem","position":3,"name":"FLUBROMAZEPAM PELLETS 8mg ONLINE KOPEN"}]},{"@type":"WebSite","@id":"https:\/\/rckopen.com\/#website","url":"https:\/\/rckopen.com\/","name":"RC Kopen","description":"Research Chemicals","potentialAction":[{"@type":"SearchAction","target":{"@type":"EntryPoint","urlTemplate":"https:\/\/rckopen.com\/?s={search_term_string}"},"query-input":{"@type":"PropertyValueSpecification","valueRequired":true,"valueName":"search_term_string"}}],"inLanguage":"it-IT"}]}},"_links":{"self":[{"href":"https:\/\/rckopen.com\/it\/wp-json\/wp\/v2\/product\/6571","targetHints":{"allow":["GET"]}}],"collection":[{"href":"https:\/\/rckopen.com\/it\/wp-json\/wp\/v2\/product"}],"about":[{"href":"https:\/\/rckopen.com\/it\/wp-json\/wp\/v2\/types\/product"}],"replies":[{"embeddable":true,"href":"https:\/\/rckopen.com\/it\/wp-json\/wp\/v2\/comments?post=6571"}],"wp:featuredmedia":[{"embeddable":true,"href":"https:\/\/rckopen.com\/it\/wp-json\/wp\/v2\/media\/6581"}],"wp:attachment":[{"href":"https:\/\/rckopen.com\/it\/wp-json\/wp\/v2\/media?parent=6571"}],"wp:term":[{"taxonomy":"product_brand","embeddable":true,"href":"https:\/\/rckopen.com\/it\/wp-json\/wp\/v2\/product_brand?post=6571"},{"taxonomy":"product_cat","embeddable":true,"href":"https:\/\/rckopen.com\/it\/wp-json\/wp\/v2\/product_cat?post=6571"},{"taxonomy":"product_tag","embeddable":true,"href":"https:\/\/rckopen.com\/it\/wp-json\/wp\/v2\/product_tag?post=6571"}],"curies":[{"name":"wp","href":"https:\/\/api.w.org\/{rel}","templated":true}]}}