{"id":6574,"date":"2023-08-16T09:28:04","date_gmt":"2023-08-16T09:28:04","guid":{"rendered":"https:\/\/diligentplug.com\/chems\/?post_type=product&#038;p=6574"},"modified":"2025-09-16T08:19:13","modified_gmt":"2025-09-16T08:19:13","slug":"dck-20mg-pellets","status":"publish","type":"product","link":"https:\/\/rckopen.com\/it\/prodotto\/dck-20mg-pellets\/","title":{"rendered":"Acquista pellet DCK 20mg online"},"content":{"rendered":"<h2>DCK 20mg-pellets online kopen<\/h2>\n<h2>De voordelen van het online kopen van DCK 20 mg-pellets online kopen<\/h2>\n<p>Nel mondo frenetico di oggi, la comodit\u00e0 \u00e8 essenziale. Questa comodit\u00e0 si \u00e8 estesa anche al mondo farmaceutico: sempre pi\u00f9 persone scelgono di acquistare i propri farmaci online. Un esempio di tale medicina che puoi facilmente <a href=\"https:\/\/rckopen.com\/it\/prodotto\/dck-20mg-pellets\/\">DCK 20 mg-pellet<\/a> puoi acquistare online da noi. dove acquistare pellet DCK 20 mg? Su rckopen.com sei nel posto giusto.<\/p>\n<h3>Cosa sono i pellet DCK da 20 mg?<\/h3>\n<p><a href=\"https:\/\/en.wikipedia.org\/wiki\/DCK\">DCK<\/a> I pellet da 20 mg sono un tipo di anestetico dissociativo ampiamente utilizzato nella ricerca scientifica. Sono noti per i loro effetti calmanti e sedativi, che li hanno resi popolari tra i ricercatori che studiano vari problemi di salute mentale. I pellet DCK da 20 mg in vendita possono essere acquistati online da una fonte affidabile come rckopen.com, il che li rende facilmente accessibili a chiunque ne abbia bisogno.<\/p>\n<h3>I vantaggi dell'acquisto di pellet DCK 20mg online su rckopen.com<\/h3>\n<p>Uno dei maggiori vantaggi dell'acquisto di pellet DCK 20mg online \u00e8 la comodit\u00e0 che offre. Invece di dover andare fisicamente in un negozio per acquistare il farmaco, puoi ordinarlo facilmente online dalla comodit\u00e0 di casa tua. Ci\u00f2 ti fa risparmiare tempo e fatica, consentendoti di concentrarti su altri compiti importanti.<\/p>\n<h3>Ampia scelta<\/h3>\n<p>Acquistando legalmente online i pellet DCK da 20 mg, hai accesso a un'ampia scelta di prodotti. Ci\u00f2 significa che puoi scegliere la marca e la quantit\u00e0 pi\u00f9 adatte alle tue esigenze, ottenendo cos\u00ec un maggiore controllo sul tuo acquisto. Inoltre, negozi online come <a href=\"https:\/\/rckopen.com\/it\/\">rckopen.com<\/a> spesso hanno un inventario pi\u00f9 ampio rispetto ai negozi fisici, il che rende pi\u00f9 probabile che tu possa trovare esattamente ci\u00f2 che stai cercando.<\/p>\n<h3>Disponibilit\u00e0 24 ore su 24, 7 giorni su 7<\/h3>\n<p>Un altro vantaggio dell'acquisto di DCK 20mg pellets online nel Regno Unito \u00e8 il fatto che i negozi online sono aperti 24 ore su 24, 7 giorni su 7. Ci\u00f2 significa che puoi effettuare un ordine in qualsiasi momento del giorno o della notte, il che \u00e8 incredibilmente comodo per le persone con programmi fitti di impegni. Che tu abbia bisogno del medicinale la mattina presto o la sera tardi, puoi sempre trovare ci\u00f2 di cui hai bisogno online.<\/p>\n<h3>Confezione discreta<\/h3>\n<p>Molte persone apprezzano la confezione discreta che accompagna l'ordine di pellet DCK 20mg online. Ci\u00f2 garantisce la protezione della tua privacy, poich\u00e9 il contenuto della confezione non \u00e8 visibile a nessuno che potrebbe vederla. Ci\u00f2 \u00e8 particolarmente importante per le persone che tengono alla propria privacy o che ordinano pellet DCK 20mg.<\/p>","protected":false},"excerpt":{"rendered":"<p>Nome IUPAC:<br \/>\nForma: pellet<br \/>\nAnalisi NMR: N\/A<\/p>","protected":false},"featured_media":6585,"comment_status":"open","ping_status":"closed","template":"","meta":{"_joinchat":[]},"product_brand":[],"product_cat":[144],"product_tag":[],"class_list":{"0":"post-6574","1":"product","2":"type-product","3":"status-publish","4":"has-post-thumbnail","6":"product_cat-pellets","8":"first","9":"instock","10":"shipping-taxable","11":"purchasable","12":"product-type-variable"},"yoast_head":"<!-- This site is optimized with the Yoast SEO plugin v26.3 - https:\/\/yoast.com\/wordpress\/plugins\/seo\/ -->\n<title>Koop DCK 20 mg-pellets online - DCK 20 mg-pellets te koop<\/title>\n<meta name=\"description\" content=\"Onze winkel heeft DCK 20mg-pellets van topkwaliteit te koop. U kunt nooit om de kwaliteit van onze producten heen. Als u ze nodig heeft, kunt u DCK 20 mg-pellets meteen online kopen. Bestel nu!\" \/>\n<meta name=\"robots\" content=\"index, follow, max-snippet:-1, max-image-preview:large, max-video-preview:-1\" \/>\n<link rel=\"canonical\" href=\"https:\/\/rckopen.com\/it\/prodotto\/dck-20mg-pellets\/\" \/>\n<meta property=\"og:locale\" content=\"it_IT\" \/>\n<meta property=\"og:type\" content=\"article\" \/>\n<meta property=\"og:title\" content=\"Koop DCK 20 mg-pellets online - DCK 20 mg-pellets te koop\" \/>\n<meta property=\"og:description\" content=\"Onze winkel heeft DCK 20mg-pellets van topkwaliteit te koop. U kunt nooit om de kwaliteit van onze producten heen. Als u ze nodig heeft, kunt u DCK 20 mg-pellets meteen online kopen. Bestel nu!\" \/>\n<meta property=\"og:url\" content=\"https:\/\/rckopen.com\/it\/prodotto\/dck-20mg-pellets\/\" \/>\n<meta property=\"og:site_name\" content=\"RC Kopen\" \/>\n<meta property=\"article:modified_time\" content=\"2025-09-16T08:19:13+00:00\" \/>\n<meta property=\"og:image\" content=\"https:\/\/rckopen.com\/wp-content\/uploads\/2023\/08\/DCK-20mg-pellets.jpg\" \/>\n\t<meta property=\"og:image:width\" content=\"600\" \/>\n\t<meta property=\"og:image:height\" content=\"600\" \/>\n\t<meta property=\"og:image:type\" content=\"image\/jpeg\" \/>\n<meta name=\"twitter:card\" content=\"summary_large_image\" \/>\n<meta name=\"twitter:label1\" content=\"Tempo di lettura stimato\" \/>\n\t<meta name=\"twitter:data1\" content=\"3 minuti\" \/>\n<script type=\"application\/ld+json\" class=\"yoast-schema-graph\">{\"@context\":\"https:\/\/schema.org\",\"@graph\":[{\"@type\":\"WebPage\",\"@id\":\"https:\/\/rckopen.com\/product\/dck-20mg-pellets\/\",\"url\":\"https:\/\/rckopen.com\/product\/dck-20mg-pellets\/\",\"name\":\"Koop DCK 20 mg-pellets online - DCK 20 mg-pellets te koop\",\"isPartOf\":{\"@id\":\"https:\/\/rckopen.com\/#website\"},\"primaryImageOfPage\":{\"@id\":\"https:\/\/rckopen.com\/product\/dck-20mg-pellets\/#primaryimage\"},\"image\":{\"@id\":\"https:\/\/rckopen.com\/product\/dck-20mg-pellets\/#primaryimage\"},\"thumbnailUrl\":\"https:\/\/rckopen.com\/wp-content\/uploads\/2023\/08\/DCK-20mg-pellets.jpg\",\"datePublished\":\"2023-08-16T09:28:04+00:00\",\"dateModified\":\"2025-09-16T08:19:13+00:00\",\"description\":\"Onze winkel heeft DCK 20mg-pellets van topkwaliteit te koop. U kunt nooit om de kwaliteit van onze producten heen. Als u ze nodig heeft, kunt u DCK 20 mg-pellets meteen online kopen. Bestel nu!\",\"breadcrumb\":{\"@id\":\"https:\/\/rckopen.com\/product\/dck-20mg-pellets\/#breadcrumb\"},\"inLanguage\":\"it-IT\",\"potentialAction\":[{\"@type\":\"ReadAction\",\"target\":[\"https:\/\/rckopen.com\/product\/dck-20mg-pellets\/\"]}]},{\"@type\":\"ImageObject\",\"inLanguage\":\"it-IT\",\"@id\":\"https:\/\/rckopen.com\/product\/dck-20mg-pellets\/#primaryimage\",\"url\":\"https:\/\/rckopen.com\/wp-content\/uploads\/2023\/08\/DCK-20mg-pellets.jpg\",\"contentUrl\":\"https:\/\/rckopen.com\/wp-content\/uploads\/2023\/08\/DCK-20mg-pellets.jpg\",\"width\":600,\"height\":600,\"caption\":\"DCK-20mg-pellets online kopen\"},{\"@type\":\"BreadcrumbList\",\"@id\":\"https:\/\/rckopen.com\/product\/dck-20mg-pellets\/#breadcrumb\",\"itemListElement\":[{\"@type\":\"ListItem\",\"position\":1,\"name\":\"Home\",\"item\":\"https:\/\/rckopen.com\/\"},{\"@type\":\"ListItem\",\"position\":2,\"name\":\"Shop\",\"item\":\"https:\/\/rckopen.com\/shop\/\"},{\"@type\":\"ListItem\",\"position\":3,\"name\":\"DCK 20mg pellets online kopen\"}]},{\"@type\":\"WebSite\",\"@id\":\"https:\/\/rckopen.com\/#website\",\"url\":\"https:\/\/rckopen.com\/\",\"name\":\"RC Kopen\",\"description\":\"Research Chemicals\",\"potentialAction\":[{\"@type\":\"SearchAction\",\"target\":{\"@type\":\"EntryPoint\",\"urlTemplate\":\"https:\/\/rckopen.com\/?s={search_term_string}\"},\"query-input\":{\"@type\":\"PropertyValueSpecification\",\"valueRequired\":true,\"valueName\":\"search_term_string\"}}],\"inLanguage\":\"it-IT\"}]}<\/script>\n<!-- \/ Yoast SEO plugin. -->","yoast_head_json":{"title":"Koop DCK 20 mg-pellets online - DCK 20 mg-pellets te koop","description":"Onze winkel heeft DCK 20mg-pellets van topkwaliteit te koop. U kunt nooit om de kwaliteit van onze producten heen. Als u ze nodig heeft, kunt u DCK 20 mg-pellets meteen online kopen. Bestel nu!","robots":{"index":"index","follow":"follow","max-snippet":"max-snippet:-1","max-image-preview":"max-image-preview:large","max-video-preview":"max-video-preview:-1"},"canonical":"https:\/\/rckopen.com\/it\/prodotto\/dck-20mg-pellets\/","og_locale":"it_IT","og_type":"article","og_title":"Koop DCK 20 mg-pellets online - DCK 20 mg-pellets te koop","og_description":"Onze winkel heeft DCK 20mg-pellets van topkwaliteit te koop. U kunt nooit om de kwaliteit van onze producten heen. Als u ze nodig heeft, kunt u DCK 20 mg-pellets meteen online kopen. Bestel nu!","og_url":"https:\/\/rckopen.com\/it\/prodotto\/dck-20mg-pellets\/","og_site_name":"RC Kopen","article_modified_time":"2025-09-16T08:19:13+00:00","og_image":[{"width":600,"height":600,"url":"https:\/\/rckopen.com\/wp-content\/uploads\/2023\/08\/DCK-20mg-pellets.jpg","type":"image\/jpeg"}],"twitter_card":"summary_large_image","twitter_misc":{"Tempo di lettura stimato":"3 minuti"},"schema":{"@context":"https:\/\/schema.org","@graph":[{"@type":"WebPage","@id":"https:\/\/rckopen.com\/product\/dck-20mg-pellets\/","url":"https:\/\/rckopen.com\/product\/dck-20mg-pellets\/","name":"Koop DCK 20 mg-pellets online - DCK 20 mg-pellets te koop","isPartOf":{"@id":"https:\/\/rckopen.com\/#website"},"primaryImageOfPage":{"@id":"https:\/\/rckopen.com\/product\/dck-20mg-pellets\/#primaryimage"},"image":{"@id":"https:\/\/rckopen.com\/product\/dck-20mg-pellets\/#primaryimage"},"thumbnailUrl":"https:\/\/rckopen.com\/wp-content\/uploads\/2023\/08\/DCK-20mg-pellets.jpg","datePublished":"2023-08-16T09:28:04+00:00","dateModified":"2025-09-16T08:19:13+00:00","description":"Onze winkel heeft DCK 20mg-pellets van topkwaliteit te koop. U kunt nooit om de kwaliteit van onze producten heen. Als u ze nodig heeft, kunt u DCK 20 mg-pellets meteen online kopen. Bestel nu!","breadcrumb":{"@id":"https:\/\/rckopen.com\/product\/dck-20mg-pellets\/#breadcrumb"},"inLanguage":"it-IT","potentialAction":[{"@type":"ReadAction","target":["https:\/\/rckopen.com\/product\/dck-20mg-pellets\/"]}]},{"@type":"ImageObject","inLanguage":"it-IT","@id":"https:\/\/rckopen.com\/product\/dck-20mg-pellets\/#primaryimage","url":"https:\/\/rckopen.com\/wp-content\/uploads\/2023\/08\/DCK-20mg-pellets.jpg","contentUrl":"https:\/\/rckopen.com\/wp-content\/uploads\/2023\/08\/DCK-20mg-pellets.jpg","width":600,"height":600,"caption":"DCK-20mg-pellets online kopen"},{"@type":"BreadcrumbList","@id":"https:\/\/rckopen.com\/product\/dck-20mg-pellets\/#breadcrumb","itemListElement":[{"@type":"ListItem","position":1,"name":"Home","item":"https:\/\/rckopen.com\/"},{"@type":"ListItem","position":2,"name":"Shop","item":"https:\/\/rckopen.com\/shop\/"},{"@type":"ListItem","position":3,"name":"DCK 20mg pellets online kopen"}]},{"@type":"WebSite","@id":"https:\/\/rckopen.com\/#website","url":"https:\/\/rckopen.com\/","name":"RC Kopen","description":"Research Chemicals","potentialAction":[{"@type":"SearchAction","target":{"@type":"EntryPoint","urlTemplate":"https:\/\/rckopen.com\/?s={search_term_string}"},"query-input":{"@type":"PropertyValueSpecification","valueRequired":true,"valueName":"search_term_string"}}],"inLanguage":"it-IT"}]}},"_links":{"self":[{"href":"https:\/\/rckopen.com\/it\/wp-json\/wp\/v2\/product\/6574","targetHints":{"allow":["GET"]}}],"collection":[{"href":"https:\/\/rckopen.com\/it\/wp-json\/wp\/v2\/product"}],"about":[{"href":"https:\/\/rckopen.com\/it\/wp-json\/wp\/v2\/types\/product"}],"replies":[{"embeddable":true,"href":"https:\/\/rckopen.com\/it\/wp-json\/wp\/v2\/comments?post=6574"}],"wp:featuredmedia":[{"embeddable":true,"href":"https:\/\/rckopen.com\/it\/wp-json\/wp\/v2\/media\/6585"}],"wp:attachment":[{"href":"https:\/\/rckopen.com\/it\/wp-json\/wp\/v2\/media?parent=6574"}],"wp:term":[{"taxonomy":"product_brand","embeddable":true,"href":"https:\/\/rckopen.com\/it\/wp-json\/wp\/v2\/product_brand?post=6574"},{"taxonomy":"product_cat","embeddable":true,"href":"https:\/\/rckopen.com\/it\/wp-json\/wp\/v2\/product_cat?post=6574"},{"taxonomy":"product_tag","embeddable":true,"href":"https:\/\/rckopen.com\/it\/wp-json\/wp\/v2\/product_tag?post=6574"}],"curies":[{"name":"wp","href":"https:\/\/api.w.org\/{rel}","templated":true}]}}