{"id":6593,"date":"2023-08-16T10:05:49","date_gmt":"2023-08-16T10:05:49","guid":{"rendered":"https:\/\/diligentplug.com\/chems\/?post_type=product&#038;p=6593"},"modified":"2025-09-16T09:10:12","modified_gmt":"2025-09-16T09:10:12","slug":"norflurazepam-pellets-5mg","status":"publish","type":"product","link":"https:\/\/rckopen.com\/it\/prodotto\/norflurazepam-pellet-5mg\/","title":{"rendered":"Acquista pellet Norflurazepam 5 mg online"},"content":{"rendered":"<h2>Norflurazepam-pellets 5 mg online kopen<br \/>\nWaarom rckopen.com uw favoriete bron is voor Norflurazepam-pellets 5 mg online kopen<\/h2>\n<p>Vuoi acquistare Norflurazepam pellet 5 mg online? Non cercate oltre rckopen.com! Il nostro negozio online \u00e8 la destinazione finale per chi vuole Norflurazepam pellet 5 mg di alta qualit\u00e0 in vendita. Scopri perch\u00e9 rckopen.com dovrebbe essere la tua scelta preferita quando si tratta di acquistare Norflurazepam pellet 5 mg.<\/p>\n<h3>Comodo processo di ordinazione<\/h3>\n<p>Su rckopen.com abbiamo reso il processo di acquisto di Norflurazepam pellets 5 mg semplice e facile. Con pochi clic, \u00e8 possibile ordinare il Norflurazepam pellets 5 mg desiderato senza bisogno di prescrizione medica. Il nostro sito web facile da usare rende semplice la navigazione e la ricerca di ci\u00f2 che si sta cercando.<\/p>\n<h3>Prodotti di alta qualit\u00e0<\/h3>\n<p>Acquistando Norflurazepam pellets 5mg su rckopen.com, puoi essere certo di acquistare i prodotti della massima qualit\u00e0 disponibili sul mercato. Acquistiamo i nostri pellet di Norflurazepam da 5 mg online da produttori fidati per garantire che tu riceva un prodotto sicuro ed efficace.<\/p>\n<h3>Prezzi competitivi<\/h3>\n<p>Noi di rckopen.com crediamo che tutti debbano avere accesso a Norflurazepam pellet 5 mg a prezzi accessibili. Ecco perch\u00e9 offriamo prezzi competitivi per tutti i nostri prodotti. \u00c8 possibile ordinare Norflurazepam pellets 5 mg senza ricetta ad un prezzo accessibile.<\/p>\n<h3>Check-out sicuro<\/h3>\n<p>La vostra sicurezza e la vostra protezione sono le nostre principali priorit\u00e0 su rckopen.com. Quando acquistate Norflurazepam pellet 5 mg da noi, potete fidarvi che i vostri dati personali siano tenuti al sicuro. Il nostro processo di acquisto \u00e8 criptato per proteggere i vostri dati da potenziali minacce.<\/p>\n<h3>Spedizione veloce e discreta<\/h3>\n<p>Siamo consapevoli che quando si ordina Norflurazepam pellets 5 mg online, si desidera che il pacco arrivi in modo rapido e discreto. Ecco perch\u00e9 offriamo una spedizione veloce e discreta per tutti gli ordini. Il vostro ordine di Norflurazepam pellet 5 mg sar\u00e0 consegnato a casa vostra in pochissimo tempo, senza che nessuno sappia cosa contiene.<\/p>\n<h3>Garanzia di soddisfazione del cliente<\/h3>\n<p>Su rckopen.com ci impegniamo a garantire la soddisfazione del cliente ad ogni acquisto. Se per qualsiasi motivo non siete completamente soddisfatti del vostro ordine di Norflurazepam pellets 5 mg, vi offriamo una garanzia di rimborso. La vostra felicit\u00e0 \u00e8 la nostra priorit\u00e0.<\/p>\n<h3>Acquista su rckopen.com oggi stesso!<\/h3>\n<p>Non perdere tempo a cercare Norflurazepam pellet 5 mg altrove. rckopen.com \u00e8 il tuo one-stop-shop per tutte le tue esigenze. Con il nostro comodo processo di ordinazione, i prodotti di alta qualit\u00e0, i prezzi competitivi, il checkout sicuro, la spedizione veloce e la garanzia di soddisfazione del cliente, non c'\u00e8 motivo di cercare altrove.<br \/>\nQuindi perch\u00e9 aspettare? Visitate oggi stesso rckopen.com e acquistate Norflurazepam pellet 5 mg con fiducia!<\/p>","protected":false},"excerpt":{"rendered":"<p><strong>Analisi NMR: <\/strong>N\/D<\/p>","protected":false},"featured_media":6604,"comment_status":"open","ping_status":"closed","template":"","meta":{"_joinchat":[]},"product_brand":[],"product_cat":[144],"product_tag":[],"class_list":{"0":"post-6593","1":"product","2":"type-product","3":"status-publish","4":"has-post-thumbnail","6":"product_cat-pellets","8":"first","9":"instock","10":"shipping-taxable","11":"purchasable","12":"product-type-variable"},"yoast_head":"<!-- This site is optimized with the Yoast SEO plugin v26.3 - https:\/\/yoast.com\/wordpress\/plugins\/seo\/ -->\n<title>Norflurazepam-pellets 5 mg online kopen | RC Kopen<\/title>\n<meta name=\"description\" content=\"Het is de beste tijd om onze Rckopen-winkel te bezoeken en Norflurazepam Pellets 5 mg online te kopen. We hebben Norflurazepam-pellets 5 mg hier te koop. Ontmoet ons online en plaats vandaag nog uw bestelling.\" \/>\n<meta name=\"robots\" content=\"index, follow, max-snippet:-1, max-image-preview:large, max-video-preview:-1\" \/>\n<link rel=\"canonical\" href=\"https:\/\/rckopen.com\/it\/prodotto\/norflurazepam-pellet-5mg\/\" \/>\n<meta property=\"og:locale\" content=\"it_IT\" \/>\n<meta property=\"og:type\" content=\"article\" \/>\n<meta property=\"og:title\" content=\"Norflurazepam-pellets 5 mg online kopen | RC Kopen\" \/>\n<meta property=\"og:description\" content=\"Het is de beste tijd om onze Rckopen-winkel te bezoeken en Norflurazepam Pellets 5 mg online te kopen. We hebben Norflurazepam-pellets 5 mg hier te koop. Ontmoet ons online en plaats vandaag nog uw bestelling.\" \/>\n<meta property=\"og:url\" content=\"https:\/\/rckopen.com\/it\/prodotto\/norflurazepam-pellet-5mg\/\" \/>\n<meta property=\"og:site_name\" content=\"RC Kopen\" \/>\n<meta property=\"article:modified_time\" content=\"2025-09-16T09:10:12+00:00\" \/>\n<meta property=\"og:image\" content=\"https:\/\/rckopen.com\/wp-content\/uploads\/2023\/08\/Norflurazepam-pellets-5mg.jpg\" \/>\n\t<meta property=\"og:image:width\" content=\"600\" \/>\n\t<meta property=\"og:image:height\" content=\"600\" \/>\n\t<meta property=\"og:image:type\" content=\"image\/jpeg\" \/>\n<meta name=\"twitter:card\" content=\"summary_large_image\" \/>\n<meta name=\"twitter:label1\" content=\"Tempo di lettura stimato\" \/>\n\t<meta name=\"twitter:data1\" content=\"3 minuti\" \/>\n<script type=\"application\/ld+json\" class=\"yoast-schema-graph\">{\"@context\":\"https:\/\/schema.org\",\"@graph\":[{\"@type\":\"WebPage\",\"@id\":\"https:\/\/rckopen.com\/product\/norflurazepam-pellets-5mg\/\",\"url\":\"https:\/\/rckopen.com\/product\/norflurazepam-pellets-5mg\/\",\"name\":\"Norflurazepam-pellets 5 mg online kopen | RC Kopen\",\"isPartOf\":{\"@id\":\"https:\/\/rckopen.com\/#website\"},\"primaryImageOfPage\":{\"@id\":\"https:\/\/rckopen.com\/product\/norflurazepam-pellets-5mg\/#primaryimage\"},\"image\":{\"@id\":\"https:\/\/rckopen.com\/product\/norflurazepam-pellets-5mg\/#primaryimage\"},\"thumbnailUrl\":\"https:\/\/rckopen.com\/wp-content\/uploads\/2023\/08\/Norflurazepam-pellets-5mg.jpg\",\"datePublished\":\"2023-08-16T10:05:49+00:00\",\"dateModified\":\"2025-09-16T09:10:12+00:00\",\"description\":\"Het is de beste tijd om onze Rckopen-winkel te bezoeken en Norflurazepam Pellets 5 mg online te kopen. We hebben Norflurazepam-pellets 5 mg hier te koop. Ontmoet ons online en plaats vandaag nog uw bestelling.\",\"breadcrumb\":{\"@id\":\"https:\/\/rckopen.com\/product\/norflurazepam-pellets-5mg\/#breadcrumb\"},\"inLanguage\":\"it-IT\",\"potentialAction\":[{\"@type\":\"ReadAction\",\"target\":[\"https:\/\/rckopen.com\/product\/norflurazepam-pellets-5mg\/\"]}]},{\"@type\":\"ImageObject\",\"inLanguage\":\"it-IT\",\"@id\":\"https:\/\/rckopen.com\/product\/norflurazepam-pellets-5mg\/#primaryimage\",\"url\":\"https:\/\/rckopen.com\/wp-content\/uploads\/2023\/08\/Norflurazepam-pellets-5mg.jpg\",\"contentUrl\":\"https:\/\/rckopen.com\/wp-content\/uploads\/2023\/08\/Norflurazepam-pellets-5mg.jpg\",\"width\":600,\"height\":600,\"caption\":\"Norflurazepam-pellets-5mg online kopen\"},{\"@type\":\"BreadcrumbList\",\"@id\":\"https:\/\/rckopen.com\/product\/norflurazepam-pellets-5mg\/#breadcrumb\",\"itemListElement\":[{\"@type\":\"ListItem\",\"position\":1,\"name\":\"Home\",\"item\":\"https:\/\/rckopen.com\/\"},{\"@type\":\"ListItem\",\"position\":2,\"name\":\"Shop\",\"item\":\"https:\/\/rckopen.com\/shop\/\"},{\"@type\":\"ListItem\",\"position\":3,\"name\":\"Norflurazepam pellets 5mg online kopen\"}]},{\"@type\":\"WebSite\",\"@id\":\"https:\/\/rckopen.com\/#website\",\"url\":\"https:\/\/rckopen.com\/\",\"name\":\"RC Kopen\",\"description\":\"Research Chemicals\",\"potentialAction\":[{\"@type\":\"SearchAction\",\"target\":{\"@type\":\"EntryPoint\",\"urlTemplate\":\"https:\/\/rckopen.com\/?s={search_term_string}\"},\"query-input\":{\"@type\":\"PropertyValueSpecification\",\"valueRequired\":true,\"valueName\":\"search_term_string\"}}],\"inLanguage\":\"it-IT\"}]}<\/script>\n<!-- \/ Yoast SEO plugin. -->","yoast_head_json":{"title":"Norflurazepam-pellets 5 mg online kopen | RC Kopen","description":"Het is de beste tijd om onze Rckopen-winkel te bezoeken en Norflurazepam Pellets 5 mg online te kopen. We hebben Norflurazepam-pellets 5 mg hier te koop. Ontmoet ons online en plaats vandaag nog uw bestelling.","robots":{"index":"index","follow":"follow","max-snippet":"max-snippet:-1","max-image-preview":"max-image-preview:large","max-video-preview":"max-video-preview:-1"},"canonical":"https:\/\/rckopen.com\/it\/prodotto\/norflurazepam-pellet-5mg\/","og_locale":"it_IT","og_type":"article","og_title":"Norflurazepam-pellets 5 mg online kopen | RC Kopen","og_description":"Het is de beste tijd om onze Rckopen-winkel te bezoeken en Norflurazepam Pellets 5 mg online te kopen. We hebben Norflurazepam-pellets 5 mg hier te koop. Ontmoet ons online en plaats vandaag nog uw bestelling.","og_url":"https:\/\/rckopen.com\/it\/prodotto\/norflurazepam-pellet-5mg\/","og_site_name":"RC Kopen","article_modified_time":"2025-09-16T09:10:12+00:00","og_image":[{"width":600,"height":600,"url":"https:\/\/rckopen.com\/wp-content\/uploads\/2023\/08\/Norflurazepam-pellets-5mg.jpg","type":"image\/jpeg"}],"twitter_card":"summary_large_image","twitter_misc":{"Tempo di lettura stimato":"3 minuti"},"schema":{"@context":"https:\/\/schema.org","@graph":[{"@type":"WebPage","@id":"https:\/\/rckopen.com\/product\/norflurazepam-pellets-5mg\/","url":"https:\/\/rckopen.com\/product\/norflurazepam-pellets-5mg\/","name":"Norflurazepam-pellets 5 mg online kopen | RC Kopen","isPartOf":{"@id":"https:\/\/rckopen.com\/#website"},"primaryImageOfPage":{"@id":"https:\/\/rckopen.com\/product\/norflurazepam-pellets-5mg\/#primaryimage"},"image":{"@id":"https:\/\/rckopen.com\/product\/norflurazepam-pellets-5mg\/#primaryimage"},"thumbnailUrl":"https:\/\/rckopen.com\/wp-content\/uploads\/2023\/08\/Norflurazepam-pellets-5mg.jpg","datePublished":"2023-08-16T10:05:49+00:00","dateModified":"2025-09-16T09:10:12+00:00","description":"Het is de beste tijd om onze Rckopen-winkel te bezoeken en Norflurazepam Pellets 5 mg online te kopen. We hebben Norflurazepam-pellets 5 mg hier te koop. Ontmoet ons online en plaats vandaag nog uw bestelling.","breadcrumb":{"@id":"https:\/\/rckopen.com\/product\/norflurazepam-pellets-5mg\/#breadcrumb"},"inLanguage":"it-IT","potentialAction":[{"@type":"ReadAction","target":["https:\/\/rckopen.com\/product\/norflurazepam-pellets-5mg\/"]}]},{"@type":"ImageObject","inLanguage":"it-IT","@id":"https:\/\/rckopen.com\/product\/norflurazepam-pellets-5mg\/#primaryimage","url":"https:\/\/rckopen.com\/wp-content\/uploads\/2023\/08\/Norflurazepam-pellets-5mg.jpg","contentUrl":"https:\/\/rckopen.com\/wp-content\/uploads\/2023\/08\/Norflurazepam-pellets-5mg.jpg","width":600,"height":600,"caption":"Norflurazepam-pellets-5mg online kopen"},{"@type":"BreadcrumbList","@id":"https:\/\/rckopen.com\/product\/norflurazepam-pellets-5mg\/#breadcrumb","itemListElement":[{"@type":"ListItem","position":1,"name":"Home","item":"https:\/\/rckopen.com\/"},{"@type":"ListItem","position":2,"name":"Shop","item":"https:\/\/rckopen.com\/shop\/"},{"@type":"ListItem","position":3,"name":"Norflurazepam pellets 5mg online kopen"}]},{"@type":"WebSite","@id":"https:\/\/rckopen.com\/#website","url":"https:\/\/rckopen.com\/","name":"RC Kopen","description":"Research Chemicals","potentialAction":[{"@type":"SearchAction","target":{"@type":"EntryPoint","urlTemplate":"https:\/\/rckopen.com\/?s={search_term_string}"},"query-input":{"@type":"PropertyValueSpecification","valueRequired":true,"valueName":"search_term_string"}}],"inLanguage":"it-IT"}]}},"_links":{"self":[{"href":"https:\/\/rckopen.com\/it\/wp-json\/wp\/v2\/product\/6593","targetHints":{"allow":["GET"]}}],"collection":[{"href":"https:\/\/rckopen.com\/it\/wp-json\/wp\/v2\/product"}],"about":[{"href":"https:\/\/rckopen.com\/it\/wp-json\/wp\/v2\/types\/product"}],"replies":[{"embeddable":true,"href":"https:\/\/rckopen.com\/it\/wp-json\/wp\/v2\/comments?post=6593"}],"wp:featuredmedia":[{"embeddable":true,"href":"https:\/\/rckopen.com\/it\/wp-json\/wp\/v2\/media\/6604"}],"wp:attachment":[{"href":"https:\/\/rckopen.com\/it\/wp-json\/wp\/v2\/media?parent=6593"}],"wp:term":[{"taxonomy":"product_brand","embeddable":true,"href":"https:\/\/rckopen.com\/it\/wp-json\/wp\/v2\/product_brand?post=6593"},{"taxonomy":"product_cat","embeddable":true,"href":"https:\/\/rckopen.com\/it\/wp-json\/wp\/v2\/product_cat?post=6593"},{"taxonomy":"product_tag","embeddable":true,"href":"https:\/\/rckopen.com\/it\/wp-json\/wp\/v2\/product_tag?post=6593"}],"curies":[{"name":"wp","href":"https:\/\/api.w.org\/{rel}","templated":true}]}}