{"id":6608,"date":"2023-08-16T10:30:00","date_gmt":"2023-08-16T10:30:00","guid":{"rendered":"https:\/\/diligentplug.com\/chems\/?post_type=product&#038;p=6608"},"modified":"2025-09-16T09:08:10","modified_gmt":"2025-09-16T09:08:10","slug":"bromazolam-pellets-3mg","status":"publish","type":"product","link":"https:\/\/rckopen.com\/it\/prodotto\/bromazolam-pellet-3mg\/","title":{"rendered":"Acquista bromazolam PELLETS 3mg online"},"content":{"rendered":"<h2>bromazolam PELLETS 3 mg online kopen<br \/>\nConsigli per l'acquisto sicuro di Bromazolam PELLETS 3 mg online<\/h2>\n<p>Vuoi? <a href=\"https:\/\/rckopen.com\/it\/prodotto\/bromazolam-pellet-3mg\/\">Acquista Bromazolam PELLETS 3 mg online<\/a>, ma non sai da dove cominciare? Acquistare farmaci online pu\u00f2 essere comodo ed economico, ma \u00e8 importante assicurarsi di acquistare da una fonte affidabile per evitare rischi. In questo articolo ti forniremo consigli preziosi su come acquistare Bromazolam PELLETS 3 mg in modo sicuro e legale online.<\/p>\n<h3>Acquista Bromazolam PELLETS 3 mg online da una fonte affidabile<\/h3>\n<p>Quando si tratta di acquistare farmaci online, il primo e pi\u00f9 importante passo \u00e8 assicurarsi di acquistare da una fonte affidabile. \u00c8 essenziale fare ricerche e acquistare solo da farmacie o negozi online affidabili.<\/p>\n<p>Se vuoi acquistare Bromazolam PELLETS 3mg online, <a href=\"https:\/\/rckopen.com\/it\/\">rckopen.com<\/a> un negozio online affidabile che offre medicinali di alta qualit\u00e0 a prezzi accessibili. Hanno un'ampia scelta di farmaci disponibili, tra cui Bromazolam PELLETS da 3 mg in vendita, e garantiscono una spedizione sicura e discreta.<\/p>\n<h3>Dove acquistare Bromazolam PELLETS 3mg online<\/h3>\n<p>Se vi state chiedendo dove acquistare Bromazolam PELLETS 3mg, rckopen.com \u00e8 il vostro negozio online preferito. Offre una piattaforma comoda e sicura per l'acquisto di farmaci online. Grazie all'interfaccia user-friendly e alle opzioni di pagamento sicure, \u00e8 possibile acquistare facilmente e senza problemi dal negozio Bromazolam PELLETS 3mg.<\/p>\n<h3>Ordina Bromazolam PELLETS 3mg acquista online senza prescrizione medica<\/h3>\n<p>Quando tu <a href=\"https:\/\/en.wikipedia.org\/wiki\/Bromazolam\">Bromazolam<\/a> PELLETS 3 mg acquista online, \u00e8 importante notare che alcuni farmaci potrebbero richiedere una prescrizione medica. Su rckopen.com puoi ordinare Bromazolam PELLETS 3mg senza prescrizione medica. Questa soluzione \u00e8 comoda per le persone che non hanno una prescrizione medica ma hanno comunque bisogno di procurarsi il farmaco.<\/p>\n<h3>Bromazolam PELLETS 3mg Negozio<\/h3>\n<p>Rckopen.com \u00e8 il vostro negozio online unico per tutte le vostre esigenze di farmaci, compreso Bromazolam PELLETS 3mg. Offre una piattaforma sicura dove \u00e8 possibile sfogliare facilmente i prodotti, effettuare l'ordine e farselo recapitare a casa in modo discreto. Il loro servizio clienti \u00e8 pronto ad aiutarvi per qualsiasi domanda o commento.<\/p>\n<p>Quando si ordina Bromazolam PELLETS 3 mg online, \u00e8 fondamentale acquistare da una fonte affidabile come rckopen.com per garantire la sicurezza e la qualit\u00e0 del farmaco. Grazie alla loro ampia scelta di medicinali, alle modalit\u00e0 di pagamento sicure e alla spedizione discreta, puoi stare certo di essere in buone mani. Allora perch\u00e9 aspettare? Visita rckopen.com oggi stesso e acquista Bromazolam PELLETS 3mg nel Regno Unito con facilit\u00e0 e tranquillit\u00e0.<\/p>","protected":false},"excerpt":{"rendered":"<p><strong>Forma: <\/strong>pellet<\/p>\n<p><strong>Analisi NMR: <\/strong>N\/D<\/p>","protected":false},"featured_media":6626,"comment_status":"open","ping_status":"closed","template":"","meta":{"_joinchat":[]},"product_brand":[],"product_cat":[144],"product_tag":[],"class_list":{"0":"post-6608","1":"product","2":"type-product","3":"status-publish","4":"has-post-thumbnail","6":"product_cat-pellets","8":"first","9":"instock","10":"shipping-taxable","11":"purchasable","12":"product-type-variable"},"yoast_head":"<!-- This site is optimized with the Yoast SEO plugin v26.3 - https:\/\/yoast.com\/wordpress\/plugins\/seo\/ -->\n<title>Bromazolampellets 3MG online kopen - Bromazolampellets 3MG te koop<\/title>\n<meta name=\"description\" content=\"Aan uw vereiste om bromazolam-pellets 3 mg te kopen, kunt u voldoen in onze online rc-koopwinkel, aangezien we hier bromazolam-pellets 3 mg te koop hebben. Plaats uw bestelling en ontvang elke dag betaalbare aanbiedingen.\" \/>\n<meta name=\"robots\" content=\"index, follow, max-snippet:-1, max-image-preview:large, max-video-preview:-1\" \/>\n<link rel=\"canonical\" href=\"https:\/\/rckopen.com\/it\/prodotto\/bromazolam-pellet-3mg\/\" \/>\n<meta property=\"og:locale\" content=\"it_IT\" \/>\n<meta property=\"og:type\" content=\"article\" \/>\n<meta property=\"og:title\" content=\"Bromazolampellets 3MG online kopen - Bromazolampellets 3MG te koop\" \/>\n<meta property=\"og:description\" content=\"Aan uw vereiste om bromazolam-pellets 3 mg te kopen, kunt u voldoen in onze online rc-koopwinkel, aangezien we hier bromazolam-pellets 3 mg te koop hebben. Plaats uw bestelling en ontvang elke dag betaalbare aanbiedingen.\" \/>\n<meta property=\"og:url\" content=\"https:\/\/rckopen.com\/it\/prodotto\/bromazolam-pellet-3mg\/\" \/>\n<meta property=\"og:site_name\" content=\"RC Kopen\" \/>\n<meta property=\"article:modified_time\" content=\"2025-09-16T09:08:10+00:00\" \/>\n<meta property=\"og:image\" content=\"https:\/\/rckopen.com\/wp-content\/uploads\/2023\/08\/bromazolam-PELLETS-3mg.jpg\" \/>\n\t<meta property=\"og:image:width\" content=\"600\" \/>\n\t<meta property=\"og:image:height\" content=\"600\" \/>\n\t<meta property=\"og:image:type\" content=\"image\/jpeg\" \/>\n<meta name=\"twitter:card\" content=\"summary_large_image\" \/>\n<meta name=\"twitter:label1\" content=\"Tempo di lettura stimato\" \/>\n\t<meta name=\"twitter:data1\" content=\"3 minuti\" \/>\n<script type=\"application\/ld+json\" class=\"yoast-schema-graph\">{\"@context\":\"https:\/\/schema.org\",\"@graph\":[{\"@type\":\"WebPage\",\"@id\":\"https:\/\/rckopen.com\/product\/bromazolam-pellets-3mg\/\",\"url\":\"https:\/\/rckopen.com\/product\/bromazolam-pellets-3mg\/\",\"name\":\"Bromazolampellets 3MG online kopen - Bromazolampellets 3MG te koop\",\"isPartOf\":{\"@id\":\"https:\/\/rckopen.com\/#website\"},\"primaryImageOfPage\":{\"@id\":\"https:\/\/rckopen.com\/product\/bromazolam-pellets-3mg\/#primaryimage\"},\"image\":{\"@id\":\"https:\/\/rckopen.com\/product\/bromazolam-pellets-3mg\/#primaryimage\"},\"thumbnailUrl\":\"https:\/\/rckopen.com\/wp-content\/uploads\/2023\/08\/bromazolam-PELLETS-3mg.jpg\",\"datePublished\":\"2023-08-16T10:30:00+00:00\",\"dateModified\":\"2025-09-16T09:08:10+00:00\",\"description\":\"Aan uw vereiste om bromazolam-pellets 3 mg te kopen, kunt u voldoen in onze online rc-koopwinkel, aangezien we hier bromazolam-pellets 3 mg te koop hebben. Plaats uw bestelling en ontvang elke dag betaalbare aanbiedingen.\",\"breadcrumb\":{\"@id\":\"https:\/\/rckopen.com\/product\/bromazolam-pellets-3mg\/#breadcrumb\"},\"inLanguage\":\"it-IT\",\"potentialAction\":[{\"@type\":\"ReadAction\",\"target\":[\"https:\/\/rckopen.com\/product\/bromazolam-pellets-3mg\/\"]}]},{\"@type\":\"ImageObject\",\"inLanguage\":\"it-IT\",\"@id\":\"https:\/\/rckopen.com\/product\/bromazolam-pellets-3mg\/#primaryimage\",\"url\":\"https:\/\/rckopen.com\/wp-content\/uploads\/2023\/08\/bromazolam-PELLETS-3mg.jpg\",\"contentUrl\":\"https:\/\/rckopen.com\/wp-content\/uploads\/2023\/08\/bromazolam-PELLETS-3mg.jpg\",\"width\":600,\"height\":600,\"caption\":\"bromazolam-PELLETS-3mg online kopen\"},{\"@type\":\"BreadcrumbList\",\"@id\":\"https:\/\/rckopen.com\/product\/bromazolam-pellets-3mg\/#breadcrumb\",\"itemListElement\":[{\"@type\":\"ListItem\",\"position\":1,\"name\":\"Home\",\"item\":\"https:\/\/rckopen.com\/\"},{\"@type\":\"ListItem\",\"position\":2,\"name\":\"Shop\",\"item\":\"https:\/\/rckopen.com\/shop\/\"},{\"@type\":\"ListItem\",\"position\":3,\"name\":\"bromazolam PELLETS 3mg online kopen\"}]},{\"@type\":\"WebSite\",\"@id\":\"https:\/\/rckopen.com\/#website\",\"url\":\"https:\/\/rckopen.com\/\",\"name\":\"RC Kopen\",\"description\":\"Research Chemicals\",\"potentialAction\":[{\"@type\":\"SearchAction\",\"target\":{\"@type\":\"EntryPoint\",\"urlTemplate\":\"https:\/\/rckopen.com\/?s={search_term_string}\"},\"query-input\":{\"@type\":\"PropertyValueSpecification\",\"valueRequired\":true,\"valueName\":\"search_term_string\"}}],\"inLanguage\":\"it-IT\"}]}<\/script>\n<!-- \/ Yoast SEO plugin. -->","yoast_head_json":{"title":"Bromazolampellets 3MG online kopen - Bromazolampellets 3MG te koop","description":"Aan uw vereiste om bromazolam-pellets 3 mg te kopen, kunt u voldoen in onze online rc-koopwinkel, aangezien we hier bromazolam-pellets 3 mg te koop hebben. Plaats uw bestelling en ontvang elke dag betaalbare aanbiedingen.","robots":{"index":"index","follow":"follow","max-snippet":"max-snippet:-1","max-image-preview":"max-image-preview:large","max-video-preview":"max-video-preview:-1"},"canonical":"https:\/\/rckopen.com\/it\/prodotto\/bromazolam-pellet-3mg\/","og_locale":"it_IT","og_type":"article","og_title":"Bromazolampellets 3MG online kopen - Bromazolampellets 3MG te koop","og_description":"Aan uw vereiste om bromazolam-pellets 3 mg te kopen, kunt u voldoen in onze online rc-koopwinkel, aangezien we hier bromazolam-pellets 3 mg te koop hebben. Plaats uw bestelling en ontvang elke dag betaalbare aanbiedingen.","og_url":"https:\/\/rckopen.com\/it\/prodotto\/bromazolam-pellet-3mg\/","og_site_name":"RC Kopen","article_modified_time":"2025-09-16T09:08:10+00:00","og_image":[{"width":600,"height":600,"url":"https:\/\/rckopen.com\/wp-content\/uploads\/2023\/08\/bromazolam-PELLETS-3mg.jpg","type":"image\/jpeg"}],"twitter_card":"summary_large_image","twitter_misc":{"Tempo di lettura stimato":"3 minuti"},"schema":{"@context":"https:\/\/schema.org","@graph":[{"@type":"WebPage","@id":"https:\/\/rckopen.com\/product\/bromazolam-pellets-3mg\/","url":"https:\/\/rckopen.com\/product\/bromazolam-pellets-3mg\/","name":"Bromazolampellets 3MG online kopen - Bromazolampellets 3MG te koop","isPartOf":{"@id":"https:\/\/rckopen.com\/#website"},"primaryImageOfPage":{"@id":"https:\/\/rckopen.com\/product\/bromazolam-pellets-3mg\/#primaryimage"},"image":{"@id":"https:\/\/rckopen.com\/product\/bromazolam-pellets-3mg\/#primaryimage"},"thumbnailUrl":"https:\/\/rckopen.com\/wp-content\/uploads\/2023\/08\/bromazolam-PELLETS-3mg.jpg","datePublished":"2023-08-16T10:30:00+00:00","dateModified":"2025-09-16T09:08:10+00:00","description":"Aan uw vereiste om bromazolam-pellets 3 mg te kopen, kunt u voldoen in onze online rc-koopwinkel, aangezien we hier bromazolam-pellets 3 mg te koop hebben. Plaats uw bestelling en ontvang elke dag betaalbare aanbiedingen.","breadcrumb":{"@id":"https:\/\/rckopen.com\/product\/bromazolam-pellets-3mg\/#breadcrumb"},"inLanguage":"it-IT","potentialAction":[{"@type":"ReadAction","target":["https:\/\/rckopen.com\/product\/bromazolam-pellets-3mg\/"]}]},{"@type":"ImageObject","inLanguage":"it-IT","@id":"https:\/\/rckopen.com\/product\/bromazolam-pellets-3mg\/#primaryimage","url":"https:\/\/rckopen.com\/wp-content\/uploads\/2023\/08\/bromazolam-PELLETS-3mg.jpg","contentUrl":"https:\/\/rckopen.com\/wp-content\/uploads\/2023\/08\/bromazolam-PELLETS-3mg.jpg","width":600,"height":600,"caption":"bromazolam-PELLETS-3mg online kopen"},{"@type":"BreadcrumbList","@id":"https:\/\/rckopen.com\/product\/bromazolam-pellets-3mg\/#breadcrumb","itemListElement":[{"@type":"ListItem","position":1,"name":"Home","item":"https:\/\/rckopen.com\/"},{"@type":"ListItem","position":2,"name":"Shop","item":"https:\/\/rckopen.com\/shop\/"},{"@type":"ListItem","position":3,"name":"bromazolam PELLETS 3mg online kopen"}]},{"@type":"WebSite","@id":"https:\/\/rckopen.com\/#website","url":"https:\/\/rckopen.com\/","name":"RC Kopen","description":"Research Chemicals","potentialAction":[{"@type":"SearchAction","target":{"@type":"EntryPoint","urlTemplate":"https:\/\/rckopen.com\/?s={search_term_string}"},"query-input":{"@type":"PropertyValueSpecification","valueRequired":true,"valueName":"search_term_string"}}],"inLanguage":"it-IT"}]}},"_links":{"self":[{"href":"https:\/\/rckopen.com\/it\/wp-json\/wp\/v2\/product\/6608","targetHints":{"allow":["GET"]}}],"collection":[{"href":"https:\/\/rckopen.com\/it\/wp-json\/wp\/v2\/product"}],"about":[{"href":"https:\/\/rckopen.com\/it\/wp-json\/wp\/v2\/types\/product"}],"replies":[{"embeddable":true,"href":"https:\/\/rckopen.com\/it\/wp-json\/wp\/v2\/comments?post=6608"}],"wp:featuredmedia":[{"embeddable":true,"href":"https:\/\/rckopen.com\/it\/wp-json\/wp\/v2\/media\/6626"}],"wp:attachment":[{"href":"https:\/\/rckopen.com\/it\/wp-json\/wp\/v2\/media?parent=6608"}],"wp:term":[{"taxonomy":"product_brand","embeddable":true,"href":"https:\/\/rckopen.com\/it\/wp-json\/wp\/v2\/product_brand?post=6608"},{"taxonomy":"product_cat","embeddable":true,"href":"https:\/\/rckopen.com\/it\/wp-json\/wp\/v2\/product_cat?post=6608"},{"taxonomy":"product_tag","embeddable":true,"href":"https:\/\/rckopen.com\/it\/wp-json\/wp\/v2\/product_tag?post=6608"}],"curies":[{"name":"wp","href":"https:\/\/api.w.org\/{rel}","templated":true}]}}