{"id":6625,"date":"2023-08-17T06:00:16","date_gmt":"2023-08-17T06:00:16","guid":{"rendered":"https:\/\/diligentplug.com\/chems\/?post_type=product&#038;p=6625"},"modified":"2025-09-16T09:06:40","modified_gmt":"2025-09-16T09:06:40","slug":"5-meo-mipt-pellets-15mg","status":"publish","type":"product","link":"https:\/\/rckopen.com\/it\/prodotto\/5-pellet-meo-mipt-15mg\/","title":{"rendered":"Acquista pellet 5-MeO-MiPT 15 mg online"},"content":{"rendered":"<h2>5-MeO-MiPT-pellets 15 mg online kopen<br \/>\nWaarom het online kopen van 5-MeO-MiPT-pellets 15 mg online kopen de slimme keuze voor u is<\/h2>\n<p>Stai cercando un fornitore affidabile da cui acquistare pellet 5-MeO-MiPT da 15 mg online? Non cercare oltre, rckopen.com! Con un'ampia selezione di prodotti di alta qualit\u00e0 e un servizio clienti imbattibile, acquistare pellet 5-MeO-MiPT da 15 mg da rckopen.com \u00e8 la scelta intelligente per te. In questo articolo parleremo dei vantaggi dell'acquisto legale di pellet 5-MeO-MiPT da 15 mg e del perch\u00e9 rckopen.com \u00e8 il posto migliore per effettuare l'acquisto.<\/p>\n<h3>Convenienza e accessibilit\u00e0<\/h3>\n<p>Acquistando online i pellet 5-MeO-MiPT da 15 mg, puoi fare acquisti in qualsiasi momento del giorno e della notte, comodamente da casa tua. Non c'\u00e8 bisogno di recarsi in un negozio fisico o di fare lunghe file: basta navigare sul sito web rckopen.com, aggiungere i prodotti desiderati al carrello ed effettuare l'acquisto in tutta semplicit\u00e0. Bastano pochi clic e il tuo ordine verr\u00e0 recapitato direttamente a casa tua.<\/p>\n<h3>Ampia selezione di prodotti<\/h3>\n<p>Rckopen.com offre una vasta gamma di prodotti tra cui scegliere, tra cui 5-MeO-MiPT pellet 15 mg. Che siate principianti o appassionati esperti, sul loro sito troverete tutto ci\u00f2 di cui avete bisogno. Grazie alle descrizioni dettagliate dei prodotti e alle recensioni dei clienti, \u00e8 possibile prendere una decisione informata prima di ordinare 5-MeO-MiPT pellets 15 mg.<\/p>\n<h3>Qualit\u00e0 e purezza<\/h3>\n<p>Ordinando 5-MeO-MiPT pellet 15mg senza ricetta da rckopen.com, si pu\u00f2 essere certi di ricevere un prodotto di alta qualit\u00e0. Rckopen.com si rifornisce di prodotti da produttori affidabili e conduce controlli di qualit\u00e0 approfonditi per garantire purezza e potenza. Potete essere certi di ricevere il miglior prodotto possibile quando acquistate da rckopen.com.<\/p>\n<h3>Imballaggio e spedizione discreti<\/h3>\n<p>In rckopen.com la vostra privacy \u00e8 una priorit\u00e0 assoluta. Tutti gli ordini vengono spediti in un imballaggio discreto per proteggere la vostra riservatezza. Che tu stia ordinando 5-MeO-MiPT pellet 15 mg per uso personale o come regalo, puoi essere certo che il tuo ordine di 5-MeO-MiPT pellet 15 mg arriver\u00e0 in modo sicuro e protetto. Con opzioni di spedizione rapide e affidabili, potete contare sulla consegna puntuale del vostro ordine.<\/p>\n<p>Ora acquistare pellet 5-MeO-MiPT da 15 mg senza prescrizione medica online su rckopen.com \u00e8 la scelta intelligente per te. Grazie alla comodit\u00e0 dello shopping online, a un'ampia selezione di prodotti, alla garanzia della qualit\u00e0, a un imballaggio discreto, a prezzi accessibili e a un'assistenza clienti eccezionale, rckopen.com ha tutto ci\u00f2 di cui hai bisogno per un'esperienza di acquisto di successo. Non esitare: visita rckopen.com oggi stesso per acquistare legalmente pellet 5-MeO-MiPT da 15 mg e scopri tu stesso i vantaggi!<\/p>","protected":false},"excerpt":{"rendered":"<p><strong>Nome IUPAC:<\/strong><\/p>\n<p><strong>CAS # <\/strong>96096-55-8<\/p>\n<p><strong>Aspetto: <\/strong>Verde<\/p>\n<p><strong>Forma: <\/strong>pellet<\/p>\n<p><strong>Analisi NMR: <\/strong>C15H22N2O<\/p>","protected":false},"featured_media":6645,"comment_status":"open","ping_status":"closed","template":"","meta":{"_joinchat":[]},"product_brand":[],"product_cat":[144],"product_tag":[],"class_list":{"0":"post-6625","1":"product","2":"type-product","3":"status-publish","4":"has-post-thumbnail","6":"product_cat-pellets","8":"first","9":"instock","10":"shipping-taxable","11":"purchasable","12":"product-type-variable"},"yoast_head":"<!-- This site is optimized with the Yoast SEO plugin v26.3 - https:\/\/yoast.com\/wordpress\/plugins\/seo\/ -->\n<title>5 Meo Mipt-pellets 15 mg te koop - 5 Meo Mipt-pellets 15 mg kopen<\/title>\n<meta name=\"description\" content=\"5 Meo Mipt Pellets 15mg te koop bij een van de beste online winkels RC Kopen. Wij helpen u bij het online kopen van 5 Meo Mipt-pellets 15 mg van hoge kwaliteit. Wacht niet langer met bestellen en profiteer van de nieuwste kortingen!\" \/>\n<meta name=\"robots\" content=\"index, follow, max-snippet:-1, max-image-preview:large, max-video-preview:-1\" \/>\n<link rel=\"canonical\" href=\"https:\/\/rckopen.com\/it\/prodotto\/5-pellet-meo-mipt-15mg\/\" \/>\n<meta property=\"og:locale\" content=\"it_IT\" \/>\n<meta property=\"og:type\" content=\"article\" \/>\n<meta property=\"og:title\" content=\"5 Meo Mipt-pellets 15 mg te koop - 5 Meo Mipt-pellets 15 mg kopen\" \/>\n<meta property=\"og:description\" content=\"5 Meo Mipt Pellets 15mg te koop bij een van de beste online winkels RC Kopen. Wij helpen u bij het online kopen van 5 Meo Mipt-pellets 15 mg van hoge kwaliteit. Wacht niet langer met bestellen en profiteer van de nieuwste kortingen!\" \/>\n<meta property=\"og:url\" content=\"https:\/\/rckopen.com\/it\/prodotto\/5-pellet-meo-mipt-15mg\/\" \/>\n<meta property=\"og:site_name\" content=\"RC Kopen\" \/>\n<meta property=\"article:modified_time\" content=\"2025-09-16T09:06:40+00:00\" \/>\n<meta property=\"og:image\" content=\"https:\/\/rckopen.com\/wp-content\/uploads\/2023\/08\/5-MeO-MiPT-pellets.jpg\" \/>\n\t<meta property=\"og:image:width\" content=\"600\" \/>\n\t<meta property=\"og:image:height\" content=\"600\" \/>\n\t<meta property=\"og:image:type\" content=\"image\/jpeg\" \/>\n<meta name=\"twitter:card\" content=\"summary_large_image\" \/>\n<meta name=\"twitter:label1\" content=\"Tempo di lettura stimato\" \/>\n\t<meta name=\"twitter:data1\" content=\"3 minuti\" \/>\n<script type=\"application\/ld+json\" class=\"yoast-schema-graph\">{\"@context\":\"https:\/\/schema.org\",\"@graph\":[{\"@type\":\"WebPage\",\"@id\":\"https:\/\/rckopen.com\/product\/5-meo-mipt-pellets-15mg\/\",\"url\":\"https:\/\/rckopen.com\/product\/5-meo-mipt-pellets-15mg\/\",\"name\":\"5 Meo Mipt-pellets 15 mg te koop - 5 Meo Mipt-pellets 15 mg kopen\",\"isPartOf\":{\"@id\":\"https:\/\/rckopen.com\/#website\"},\"primaryImageOfPage\":{\"@id\":\"https:\/\/rckopen.com\/product\/5-meo-mipt-pellets-15mg\/#primaryimage\"},\"image\":{\"@id\":\"https:\/\/rckopen.com\/product\/5-meo-mipt-pellets-15mg\/#primaryimage\"},\"thumbnailUrl\":\"https:\/\/rckopen.com\/wp-content\/uploads\/2023\/08\/5-MeO-MiPT-pellets.jpg\",\"datePublished\":\"2023-08-17T06:00:16+00:00\",\"dateModified\":\"2025-09-16T09:06:40+00:00\",\"description\":\"5 Meo Mipt Pellets 15mg te koop bij een van de beste online winkels RC Kopen. Wij helpen u bij het online kopen van 5 Meo Mipt-pellets 15 mg van hoge kwaliteit. Wacht niet langer met bestellen en profiteer van de nieuwste kortingen!\",\"breadcrumb\":{\"@id\":\"https:\/\/rckopen.com\/product\/5-meo-mipt-pellets-15mg\/#breadcrumb\"},\"inLanguage\":\"it-IT\",\"potentialAction\":[{\"@type\":\"ReadAction\",\"target\":[\"https:\/\/rckopen.com\/product\/5-meo-mipt-pellets-15mg\/\"]}]},{\"@type\":\"ImageObject\",\"inLanguage\":\"it-IT\",\"@id\":\"https:\/\/rckopen.com\/product\/5-meo-mipt-pellets-15mg\/#primaryimage\",\"url\":\"https:\/\/rckopen.com\/wp-content\/uploads\/2023\/08\/5-MeO-MiPT-pellets.jpg\",\"contentUrl\":\"https:\/\/rckopen.com\/wp-content\/uploads\/2023\/08\/5-MeO-MiPT-pellets.jpg\",\"width\":600,\"height\":600,\"caption\":\"5-MeO-MiPT-pellets online kopen\"},{\"@type\":\"BreadcrumbList\",\"@id\":\"https:\/\/rckopen.com\/product\/5-meo-mipt-pellets-15mg\/#breadcrumb\",\"itemListElement\":[{\"@type\":\"ListItem\",\"position\":1,\"name\":\"Home\",\"item\":\"https:\/\/rckopen.com\/\"},{\"@type\":\"ListItem\",\"position\":2,\"name\":\"Shop\",\"item\":\"https:\/\/rckopen.com\/shop\/\"},{\"@type\":\"ListItem\",\"position\":3,\"name\":\"5-MeO-MiPT pellets 15mg online kopen\"}]},{\"@type\":\"WebSite\",\"@id\":\"https:\/\/rckopen.com\/#website\",\"url\":\"https:\/\/rckopen.com\/\",\"name\":\"RC Kopen\",\"description\":\"Research Chemicals\",\"potentialAction\":[{\"@type\":\"SearchAction\",\"target\":{\"@type\":\"EntryPoint\",\"urlTemplate\":\"https:\/\/rckopen.com\/?s={search_term_string}\"},\"query-input\":{\"@type\":\"PropertyValueSpecification\",\"valueRequired\":true,\"valueName\":\"search_term_string\"}}],\"inLanguage\":\"it-IT\"}]}<\/script>\n<!-- \/ Yoast SEO plugin. -->","yoast_head_json":{"title":"5 Meo Mipt-pellets 15 mg te koop - 5 Meo Mipt-pellets 15 mg kopen","description":"5 Meo Mipt Pellets 15mg te koop bij een van de beste online winkels RC Kopen. Wij helpen u bij het online kopen van 5 Meo Mipt-pellets 15 mg van hoge kwaliteit. Wacht niet langer met bestellen en profiteer van de nieuwste kortingen!","robots":{"index":"index","follow":"follow","max-snippet":"max-snippet:-1","max-image-preview":"max-image-preview:large","max-video-preview":"max-video-preview:-1"},"canonical":"https:\/\/rckopen.com\/it\/prodotto\/5-pellet-meo-mipt-15mg\/","og_locale":"it_IT","og_type":"article","og_title":"5 Meo Mipt-pellets 15 mg te koop - 5 Meo Mipt-pellets 15 mg kopen","og_description":"5 Meo Mipt Pellets 15mg te koop bij een van de beste online winkels RC Kopen. Wij helpen u bij het online kopen van 5 Meo Mipt-pellets 15 mg van hoge kwaliteit. Wacht niet langer met bestellen en profiteer van de nieuwste kortingen!","og_url":"https:\/\/rckopen.com\/it\/prodotto\/5-pellet-meo-mipt-15mg\/","og_site_name":"RC Kopen","article_modified_time":"2025-09-16T09:06:40+00:00","og_image":[{"width":600,"height":600,"url":"https:\/\/rckopen.com\/wp-content\/uploads\/2023\/08\/5-MeO-MiPT-pellets.jpg","type":"image\/jpeg"}],"twitter_card":"summary_large_image","twitter_misc":{"Tempo di lettura stimato":"3 minuti"},"schema":{"@context":"https:\/\/schema.org","@graph":[{"@type":"WebPage","@id":"https:\/\/rckopen.com\/product\/5-meo-mipt-pellets-15mg\/","url":"https:\/\/rckopen.com\/product\/5-meo-mipt-pellets-15mg\/","name":"5 Meo Mipt-pellets 15 mg te koop - 5 Meo Mipt-pellets 15 mg kopen","isPartOf":{"@id":"https:\/\/rckopen.com\/#website"},"primaryImageOfPage":{"@id":"https:\/\/rckopen.com\/product\/5-meo-mipt-pellets-15mg\/#primaryimage"},"image":{"@id":"https:\/\/rckopen.com\/product\/5-meo-mipt-pellets-15mg\/#primaryimage"},"thumbnailUrl":"https:\/\/rckopen.com\/wp-content\/uploads\/2023\/08\/5-MeO-MiPT-pellets.jpg","datePublished":"2023-08-17T06:00:16+00:00","dateModified":"2025-09-16T09:06:40+00:00","description":"5 Meo Mipt Pellets 15mg te koop bij een van de beste online winkels RC Kopen. Wij helpen u bij het online kopen van 5 Meo Mipt-pellets 15 mg van hoge kwaliteit. Wacht niet langer met bestellen en profiteer van de nieuwste kortingen!","breadcrumb":{"@id":"https:\/\/rckopen.com\/product\/5-meo-mipt-pellets-15mg\/#breadcrumb"},"inLanguage":"it-IT","potentialAction":[{"@type":"ReadAction","target":["https:\/\/rckopen.com\/product\/5-meo-mipt-pellets-15mg\/"]}]},{"@type":"ImageObject","inLanguage":"it-IT","@id":"https:\/\/rckopen.com\/product\/5-meo-mipt-pellets-15mg\/#primaryimage","url":"https:\/\/rckopen.com\/wp-content\/uploads\/2023\/08\/5-MeO-MiPT-pellets.jpg","contentUrl":"https:\/\/rckopen.com\/wp-content\/uploads\/2023\/08\/5-MeO-MiPT-pellets.jpg","width":600,"height":600,"caption":"5-MeO-MiPT-pellets online kopen"},{"@type":"BreadcrumbList","@id":"https:\/\/rckopen.com\/product\/5-meo-mipt-pellets-15mg\/#breadcrumb","itemListElement":[{"@type":"ListItem","position":1,"name":"Home","item":"https:\/\/rckopen.com\/"},{"@type":"ListItem","position":2,"name":"Shop","item":"https:\/\/rckopen.com\/shop\/"},{"@type":"ListItem","position":3,"name":"5-MeO-MiPT pellets 15mg online kopen"}]},{"@type":"WebSite","@id":"https:\/\/rckopen.com\/#website","url":"https:\/\/rckopen.com\/","name":"RC Kopen","description":"Research Chemicals","potentialAction":[{"@type":"SearchAction","target":{"@type":"EntryPoint","urlTemplate":"https:\/\/rckopen.com\/?s={search_term_string}"},"query-input":{"@type":"PropertyValueSpecification","valueRequired":true,"valueName":"search_term_string"}}],"inLanguage":"it-IT"}]}},"_links":{"self":[{"href":"https:\/\/rckopen.com\/it\/wp-json\/wp\/v2\/product\/6625","targetHints":{"allow":["GET"]}}],"collection":[{"href":"https:\/\/rckopen.com\/it\/wp-json\/wp\/v2\/product"}],"about":[{"href":"https:\/\/rckopen.com\/it\/wp-json\/wp\/v2\/types\/product"}],"replies":[{"embeddable":true,"href":"https:\/\/rckopen.com\/it\/wp-json\/wp\/v2\/comments?post=6625"}],"wp:featuredmedia":[{"embeddable":true,"href":"https:\/\/rckopen.com\/it\/wp-json\/wp\/v2\/media\/6645"}],"wp:attachment":[{"href":"https:\/\/rckopen.com\/it\/wp-json\/wp\/v2\/media?parent=6625"}],"wp:term":[{"taxonomy":"product_brand","embeddable":true,"href":"https:\/\/rckopen.com\/it\/wp-json\/wp\/v2\/product_brand?post=6625"},{"taxonomy":"product_cat","embeddable":true,"href":"https:\/\/rckopen.com\/it\/wp-json\/wp\/v2\/product_cat?post=6625"},{"taxonomy":"product_tag","embeddable":true,"href":"https:\/\/rckopen.com\/it\/wp-json\/wp\/v2\/product_tag?post=6625"}],"curies":[{"name":"wp","href":"https:\/\/api.w.org\/{rel}","templated":true}]}}