{"id":6660,"date":"2023-08-17T07:34:21","date_gmt":"2023-08-17T07:34:21","guid":{"rendered":"https:\/\/diligentplug.com\/chems\/?post_type=product&#038;p=6660"},"modified":"2025-02-03T06:50:59","modified_gmt":"2025-02-03T06:50:59","slug":"desoxypipradrol","status":"publish","type":"product","link":"https:\/\/rckopen.com\/it\/prodotto\/desossipradrolo\/","title":{"rendered":"Acquista Desoxypipradrol online"},"content":{"rendered":"<h2>Acquista Desoxypipradrol online<\/h2>\n<h2>Welkom bij RCKopen: uw bestemming voor desoxypipradrol<\/h2>\n<p>Vuoi? <a href=\"https:\/\/rckopen.com\/it\/prodotto\/desossipradrolo\/\">Acquista Desoxypipradrol online<\/a>? Non cercare oltre, RCKopen \u00e8 la soluzione giusta! Siamo il tuo punto di riferimento per Desoxypipradrol di alta qualit\u00e0 e una piattaforma affidabile per acquistare questo farmaco in modo legale e senza complicazioni.<\/p>\n<h3>Perch\u00e9 scegliere RCCopen per il desossipipradrolo?<\/h3>\n<p>Ape <a href=\"https:\/\/rckopen.com\/it\/\">rckopen.com<\/a> diamo priorit\u00e0 alla qualit\u00e0, alla legalit\u00e0 e alla soddisfazione del cliente. Ecco perch\u00e9 dovresti sceglierci:<\/p>\n<h3>Desossipipradrolo di qualit\u00e0 premium<\/h3>\n<p>Ordina i prodotti Desoxypipradrol sono della massima qualit\u00e0 e garantiscono purezza ed efficacia. Comprendiamo l'importanza della qualit\u00e0 quando si tratta di sostanze chimiche di ricerca, motivo per cui ci riforniamo del nostro Desoxypipradrol in vendita da fornitori affidabili.<\/p>\n<h3>1. Legale e conforme<\/h3>\n<p>Crediamo nell'agire nel rispetto della legge. Quando tu <a href=\"https:\/\/en.wikipedia.org\/wiki\/Desoxypipradrol\">Desossipradrolo<\/a> Se acquisti legalmente da RCKopen, puoi essere certo che il tuo acquisto \u00e8 legale e conforme alle normative. Rispettiamo rigorosamente tutti i requisiti legali, cos\u00ec puoi lavorare in tutta tranquillit\u00e0.<\/p>\n<h3>Processo di ordinazione semplice<\/h3>\n<p>Ordinare Desoxipipradrol da RCKopen \u00e8 facile e semplice. Bastano pochi clic per effettuare l'ordine e riceverlo direttamente a casa. Di' addio alla seccatura di dover navigare tra complicate procedure di ordinazione.<\/p>\n<h3>Come acquistare desossipipradrolo su Kopen<\/h3>\n<p>Pronti per fare un acquisto? Ecco come acquistare Desoxypipradrol nel Regno Unito da RCKopen:<\/p>\n<p>Sfoglia la nostra selezione: Esplora la gamma di prodotti Desoxypipradrol disponibili sul nostro sito web.<br \/>\nVoeg toe aan winkelwagen: Selecteer het Desoxypipradrol-product dat u wilt kopen en voeg het toe aan uw winkelwagen.<br \/>\nCheckout: Procedi al checkout e segui i semplici passaggi per completare il tuo ordine. Per la tua comodit\u00e0, accettiamo vari metodi di pagamento.<br \/>\nRicevi il tuo ordine: siediti e rilassati mentre prepariamo e spediamo il tuo Desoxypipradrol direttamente a te. Il nostro processo di spedizione \u00e8 veloce e affidabile e garantisce una consegna puntuale.<\/p>\n<h3>Dove si pu\u00f2 acquistare Desoxypipradrol legalmente online?<\/h3>\n<p>Cerchi un fornitore affidabile da cui acquistare Desoxypipradrol legalmente? RCKopen \u00e8 la risposta. Vogliamo offrire ai clienti una piattaforma legale e affidabile per acquistare Desoxypipradrol senza bisogno di prescrizione medica.<\/p>\n<h3>Inizia subito con RCKopen!<\/h3>\n<p>Pronti a ordinare Desoxypipradrol? Visitate subito RCKopen e sperimentate la comodit\u00e0 di acquistare Desoxypipradrol senza prescrizione medica e senza problemi. La vostra soddisfazione \u00e8 la nostra priorit\u00e0 e siamo qui per soddisfare tutte le vostre esigenze di Desoxypipradrol.<\/p>","protected":false},"excerpt":{"rendered":"<p>Nome IUPAC: 2-benzidrilpiperidina<br \/>\nCAS # 519-74-4<br \/>\nAspetto: polvere<br \/>\nAnalisi NMR: C18H21N<\/p>","protected":false},"featured_media":6685,"comment_status":"open","ping_status":"closed","template":"","meta":{"_joinchat":[]},"product_brand":[],"product_cat":[147],"product_tag":[],"class_list":{"0":"post-6660","1":"product","2":"type-product","3":"status-publish","4":"has-post-thumbnail","6":"product_cat-piperidinen","8":"first","9":"instock","10":"shipping-taxable","11":"purchasable","12":"product-type-variable"},"yoast_head":"<!-- This site is optimized with the Yoast SEO plugin v26.3 - https:\/\/yoast.com\/wordpress\/plugins\/seo\/ -->\n<title>Desoxypipradrol online kopen- Desoxypipradrol online te koop<\/title>\n<meta name=\"description\" content=\"Als u Desoxypipradrol online zonder recept wilt kopen, is rckopen.com de beste plaats om Desoxypipradrol online te kopen, Desoxypipradrol te koop en Desoxypipradrol online tegen de beste prijs. Bestel nu!\" \/>\n<meta name=\"robots\" content=\"index, follow, max-snippet:-1, max-image-preview:large, max-video-preview:-1\" \/>\n<link rel=\"canonical\" href=\"https:\/\/rckopen.com\/it\/prodotto\/desossipradrolo\/\" \/>\n<meta property=\"og:locale\" content=\"it_IT\" \/>\n<meta property=\"og:type\" content=\"article\" \/>\n<meta property=\"og:title\" content=\"Desoxypipradrol online kopen- Desoxypipradrol online te koop\" \/>\n<meta property=\"og:description\" content=\"Als u Desoxypipradrol online zonder recept wilt kopen, is rckopen.com de beste plaats om Desoxypipradrol online te kopen, Desoxypipradrol te koop en Desoxypipradrol online tegen de beste prijs. Bestel nu!\" \/>\n<meta property=\"og:url\" content=\"https:\/\/rckopen.com\/it\/prodotto\/desossipradrolo\/\" \/>\n<meta property=\"og:site_name\" content=\"RC Kopen\" \/>\n<meta property=\"article:modified_time\" content=\"2025-02-03T06:50:59+00:00\" \/>\n<meta property=\"og:image\" content=\"https:\/\/rckopen.com\/wp-content\/uploads\/2023\/08\/desoxypipradrol.jpg\" \/>\n\t<meta property=\"og:image:width\" content=\"600\" \/>\n\t<meta property=\"og:image:height\" content=\"600\" \/>\n\t<meta property=\"og:image:type\" content=\"image\/jpeg\" \/>\n<meta name=\"twitter:card\" content=\"summary_large_image\" \/>\n<meta name=\"twitter:label1\" content=\"Tempo di lettura stimato\" \/>\n\t<meta name=\"twitter:data1\" content=\"2 minuti\" \/>\n<script type=\"application\/ld+json\" class=\"yoast-schema-graph\">{\"@context\":\"https:\/\/schema.org\",\"@graph\":[{\"@type\":\"WebPage\",\"@id\":\"https:\/\/rckopen.com\/product\/desoxypipradrol\/\",\"url\":\"https:\/\/rckopen.com\/product\/desoxypipradrol\/\",\"name\":\"Desoxypipradrol online kopen- Desoxypipradrol online te koop\",\"isPartOf\":{\"@id\":\"https:\/\/rckopen.com\/#website\"},\"primaryImageOfPage\":{\"@id\":\"https:\/\/rckopen.com\/product\/desoxypipradrol\/#primaryimage\"},\"image\":{\"@id\":\"https:\/\/rckopen.com\/product\/desoxypipradrol\/#primaryimage\"},\"thumbnailUrl\":\"https:\/\/rckopen.com\/wp-content\/uploads\/2023\/08\/desoxypipradrol.jpg\",\"datePublished\":\"2023-08-17T07:34:21+00:00\",\"dateModified\":\"2025-02-03T06:50:59+00:00\",\"description\":\"Als u Desoxypipradrol online zonder recept wilt kopen, is rckopen.com de beste plaats om Desoxypipradrol online te kopen, Desoxypipradrol te koop en Desoxypipradrol online tegen de beste prijs. Bestel nu!\",\"breadcrumb\":{\"@id\":\"https:\/\/rckopen.com\/product\/desoxypipradrol\/#breadcrumb\"},\"inLanguage\":\"it-IT\",\"potentialAction\":[{\"@type\":\"ReadAction\",\"target\":[\"https:\/\/rckopen.com\/product\/desoxypipradrol\/\"]}]},{\"@type\":\"ImageObject\",\"inLanguage\":\"it-IT\",\"@id\":\"https:\/\/rckopen.com\/product\/desoxypipradrol\/#primaryimage\",\"url\":\"https:\/\/rckopen.com\/wp-content\/uploads\/2023\/08\/desoxypipradrol.jpg\",\"contentUrl\":\"https:\/\/rckopen.com\/wp-content\/uploads\/2023\/08\/desoxypipradrol.jpg\",\"width\":600,\"height\":600,\"caption\":\"Desoxypipradrol online kopen\"},{\"@type\":\"BreadcrumbList\",\"@id\":\"https:\/\/rckopen.com\/product\/desoxypipradrol\/#breadcrumb\",\"itemListElement\":[{\"@type\":\"ListItem\",\"position\":1,\"name\":\"Home\",\"item\":\"https:\/\/rckopen.com\/\"},{\"@type\":\"ListItem\",\"position\":2,\"name\":\"Shop\",\"item\":\"https:\/\/rckopen.com\/shop\/\"},{\"@type\":\"ListItem\",\"position\":3,\"name\":\"Desoxypipradrol online kopen\"}]},{\"@type\":\"WebSite\",\"@id\":\"https:\/\/rckopen.com\/#website\",\"url\":\"https:\/\/rckopen.com\/\",\"name\":\"RC Kopen\",\"description\":\"Research Chemicals\",\"potentialAction\":[{\"@type\":\"SearchAction\",\"target\":{\"@type\":\"EntryPoint\",\"urlTemplate\":\"https:\/\/rckopen.com\/?s={search_term_string}\"},\"query-input\":{\"@type\":\"PropertyValueSpecification\",\"valueRequired\":true,\"valueName\":\"search_term_string\"}}],\"inLanguage\":\"it-IT\"}]}<\/script>\n<!-- \/ Yoast SEO plugin. -->","yoast_head_json":{"title":"Desoxypipradrol online kopen- Desoxypipradrol online te koop","description":"Als u Desoxypipradrol online zonder recept wilt kopen, is rckopen.com de beste plaats om Desoxypipradrol online te kopen, Desoxypipradrol te koop en Desoxypipradrol online tegen de beste prijs. Bestel nu!","robots":{"index":"index","follow":"follow","max-snippet":"max-snippet:-1","max-image-preview":"max-image-preview:large","max-video-preview":"max-video-preview:-1"},"canonical":"https:\/\/rckopen.com\/it\/prodotto\/desossipradrolo\/","og_locale":"it_IT","og_type":"article","og_title":"Desoxypipradrol online kopen- Desoxypipradrol online te koop","og_description":"Als u Desoxypipradrol online zonder recept wilt kopen, is rckopen.com de beste plaats om Desoxypipradrol online te kopen, Desoxypipradrol te koop en Desoxypipradrol online tegen de beste prijs. Bestel nu!","og_url":"https:\/\/rckopen.com\/it\/prodotto\/desossipradrolo\/","og_site_name":"RC Kopen","article_modified_time":"2025-02-03T06:50:59+00:00","og_image":[{"width":600,"height":600,"url":"https:\/\/rckopen.com\/wp-content\/uploads\/2023\/08\/desoxypipradrol.jpg","type":"image\/jpeg"}],"twitter_card":"summary_large_image","twitter_misc":{"Tempo di lettura stimato":"2 minuti"},"schema":{"@context":"https:\/\/schema.org","@graph":[{"@type":"WebPage","@id":"https:\/\/rckopen.com\/product\/desoxypipradrol\/","url":"https:\/\/rckopen.com\/product\/desoxypipradrol\/","name":"Desoxypipradrol online kopen- Desoxypipradrol online te koop","isPartOf":{"@id":"https:\/\/rckopen.com\/#website"},"primaryImageOfPage":{"@id":"https:\/\/rckopen.com\/product\/desoxypipradrol\/#primaryimage"},"image":{"@id":"https:\/\/rckopen.com\/product\/desoxypipradrol\/#primaryimage"},"thumbnailUrl":"https:\/\/rckopen.com\/wp-content\/uploads\/2023\/08\/desoxypipradrol.jpg","datePublished":"2023-08-17T07:34:21+00:00","dateModified":"2025-02-03T06:50:59+00:00","description":"Als u Desoxypipradrol online zonder recept wilt kopen, is rckopen.com de beste plaats om Desoxypipradrol online te kopen, Desoxypipradrol te koop en Desoxypipradrol online tegen de beste prijs. Bestel nu!","breadcrumb":{"@id":"https:\/\/rckopen.com\/product\/desoxypipradrol\/#breadcrumb"},"inLanguage":"it-IT","potentialAction":[{"@type":"ReadAction","target":["https:\/\/rckopen.com\/product\/desoxypipradrol\/"]}]},{"@type":"ImageObject","inLanguage":"it-IT","@id":"https:\/\/rckopen.com\/product\/desoxypipradrol\/#primaryimage","url":"https:\/\/rckopen.com\/wp-content\/uploads\/2023\/08\/desoxypipradrol.jpg","contentUrl":"https:\/\/rckopen.com\/wp-content\/uploads\/2023\/08\/desoxypipradrol.jpg","width":600,"height":600,"caption":"Desoxypipradrol online kopen"},{"@type":"BreadcrumbList","@id":"https:\/\/rckopen.com\/product\/desoxypipradrol\/#breadcrumb","itemListElement":[{"@type":"ListItem","position":1,"name":"Home","item":"https:\/\/rckopen.com\/"},{"@type":"ListItem","position":2,"name":"Shop","item":"https:\/\/rckopen.com\/shop\/"},{"@type":"ListItem","position":3,"name":"Desoxypipradrol online kopen"}]},{"@type":"WebSite","@id":"https:\/\/rckopen.com\/#website","url":"https:\/\/rckopen.com\/","name":"RC Kopen","description":"Research Chemicals","potentialAction":[{"@type":"SearchAction","target":{"@type":"EntryPoint","urlTemplate":"https:\/\/rckopen.com\/?s={search_term_string}"},"query-input":{"@type":"PropertyValueSpecification","valueRequired":true,"valueName":"search_term_string"}}],"inLanguage":"it-IT"}]}},"_links":{"self":[{"href":"https:\/\/rckopen.com\/it\/wp-json\/wp\/v2\/product\/6660","targetHints":{"allow":["GET"]}}],"collection":[{"href":"https:\/\/rckopen.com\/it\/wp-json\/wp\/v2\/product"}],"about":[{"href":"https:\/\/rckopen.com\/it\/wp-json\/wp\/v2\/types\/product"}],"replies":[{"embeddable":true,"href":"https:\/\/rckopen.com\/it\/wp-json\/wp\/v2\/comments?post=6660"}],"wp:featuredmedia":[{"embeddable":true,"href":"https:\/\/rckopen.com\/it\/wp-json\/wp\/v2\/media\/6685"}],"wp:attachment":[{"href":"https:\/\/rckopen.com\/it\/wp-json\/wp\/v2\/media?parent=6660"}],"wp:term":[{"taxonomy":"product_brand","embeddable":true,"href":"https:\/\/rckopen.com\/it\/wp-json\/wp\/v2\/product_brand?post=6660"},{"taxonomy":"product_cat","embeddable":true,"href":"https:\/\/rckopen.com\/it\/wp-json\/wp\/v2\/product_cat?post=6660"},{"taxonomy":"product_tag","embeddable":true,"href":"https:\/\/rckopen.com\/it\/wp-json\/wp\/v2\/product_tag?post=6660"}],"curies":[{"name":"wp","href":"https:\/\/api.w.org\/{rel}","templated":true}]}}