{"id":6690,"date":"2023-08-18T05:33:37","date_gmt":"2023-08-18T05:33:37","guid":{"rendered":"https:\/\/diligentplug.com\/chems\/?post_type=product&#038;p=6690"},"modified":"2025-02-04T05:37:00","modified_gmt":"2025-02-04T05:37:00","slug":"koop-nb-5-meo-dalt-oxalaat","status":"publish","type":"product","link":"https:\/\/rckopen.com\/it\/prodotto\/acquistare-nb-5-meo-dalt-oxalate\/","title":{"rendered":"Acquista NB-5-MeO-DALT (ossalato) online"},"content":{"rendered":"<div data-content-type=\"row\" data-appearance=\"contained\" data-element=\"main\">\n<div data-enable-parallax=\"0\" data-parallax-speed=\"0.5\" data-background-images=\"{}\" data-background-type=\"image\" data-video-loop=\"true\" data-video-play-only-visible=\"true\" data-video-lazy-load=\"true\" data-video-fallback-src=\"\" data-element=\"inner\" data-pb-style=\"JQ9K6EH\">\n<div data-content-type=\"text\" data-appearance=\"default\" data-element=\"main\"><\/div>\n<\/div>\n<\/div>\n<div data-content-type=\"row\" data-appearance=\"contained\" data-element=\"main\">\n<div data-enable-parallax=\"0\" data-parallax-speed=\"0.5\" data-background-images=\"{}\" data-background-type=\"image\" data-video-loop=\"true\" data-video-play-only-visible=\"true\" data-video-lazy-load=\"true\" data-video-fallback-src=\"\" data-element=\"inner\" data-pb-style=\"MT5GKQX\">\n<div data-content-type=\"text\" data-appearance=\"default\" data-element=\"main\">\n<h2>Dove acquistare NB-5-MeO-DALT (ossalato) in modo sicuro online<\/h2>\n<p>Volete acquistare NB-5-MeO-DALT (ossalato) in modo sicuro online? Siete nel posto giusto! Su RCKopen forniamo una piattaforma affidabile per acquistare NB-5-MeO-DALT (ossalato) e altri prodotti chimici per la ricerca con facilit\u00e0 e sicurezza. Che siate ricercatori, scienziati o appassionati, vi offriamo un'esperienza di acquisto senza soluzione di continuit\u00e0, garantendovi la massima tranquillit\u00e0 durante l'intero processo.<\/p>\n<h2>Perch\u00e9 scegliere RCKopen?<\/h2>\n<p>RCKopen \u00e8 la vostra fonte di fiducia per la vendita di NB-5-MeO-DALT (ossalato) e di un'ampia gamma di prodotti chimici per la ricerca. Ecco perch\u00e9 i clienti ci preferiscono:<br \/>\nProdotti di alta qualit\u00e0: Diamo priorit\u00e0 alla qualit\u00e0 e alla purezza e offriamo solo il miglior NB-5-MeO-DALT (ossalato) in vendita. Ogni prodotto viene sottoposto a test rigorosi per soddisfare i pi\u00f9 alti standard industriali.<\/p>\n<p>Transazioni sicure: La vostra sicurezza \u00e8 la nostra massima priorit\u00e0. Utilizziamo una tecnologia di crittografia avanzata per proteggere i vostri dati personali e garantire transazioni sicure ogni volta che ordinate NB-5-MeO-DALT (ossalato) da noi.<\/p>\n<p>Legale e conforme: tutti i nostri prodotti sono di provenienza legale e conforme. Quando acquistate NB-5-MeO-DALT (ossalato) da RCKopen, potete essere certi di riceverlo attraverso canali legittimi.<\/p>\n<p>Imballaggio discreto: comprendiamo l'importanza della privacy. Pertanto, imballiamo tutti gli ordini in modo discreto per proteggere la vostra riservatezza. Il vostro NB-5-MeO-DALT (ossalato) arriver\u00e0 in modo sicuro e protetto senza attirare attenzioni indesiderate.<\/p>\n<p>Consegna rapida: grazie ai nostri efficienti servizi di spedizione, potete essere certi che il vostro NB-5-MeO-DALT (ossalato) vi arriver\u00e0 in tempo. Il nostro obiettivo \u00e8 quello di elaborare e spedire gli ordini in tempi rapidi, in modo che possiate iniziare rapidamente la vostra ricerca.<\/p>\n<h3>Acquista NB-5-MeO-DALT (ossalato) online nel Regno Unito<\/h3>\n<p>Cercate una fonte affidabile per acquistare NB-5-MeO-DALT (ossalato) nel Regno Unito? Non cercate oltre RCKopen. Serviamo clienti in tutto il Regno Unito e offriamo consegne rapide e senza problemi a domicilio. Acquista NB-5-MeO-DALT (ossalato) in modo legale e sicuro dalla comodit\u00e0 della tua poltrona con RCKopen.<\/p>\n<h3>Ordina NB-5-MeO-DALT (ossalato) senza prescrizione medica<\/h3>\n<p>Noi di RCKopen crediamo nell'accessibilit\u00e0 e nella convenienza. Ecco perch\u00e9 offriamo NB-5-MeO-DALT (ossalato) in vendita senza bisogno di prescrizione medica. Basta navigare nel nostro sito, effettuare l'ordine e ottenere facilmente la sostanza di ricerca desiderata. Rendiamo l'acquisto di NB-5-MeO-DALT (ossalato) online un'esperienza senza problemi per tutti i nostri clienti.<\/p>\n<h3>Scopri il nostro negozio NB-5-MeO-DALT (ossalato)<\/h3>\n<p>Siete pronti a comprare NB-5-MeO-DALT (ossalato) online? Visitate il nostro negozio su rckopen e sfogliate la nostra vasta collezione di prodotti chimici per la ricerca. Grazie alla nostra interfaccia user-friendly e alle opzioni di pagamento sicure, acquistare NB-5-MeO-DALT (ossalato) non \u00e8 mai stato cos\u00ec facile.<\/p>\n<h3>Provate la comodit\u00e0 di acquistare online su RCKopen oggi stesso!<\/h3>\n<p>Quando si tratta di acquistare NB-5-MeO-DALT (ossalato) online in modo sicuro e protetto, rckopen \u00e8 il vostro partner di fiducia. Con il nostro impegno per la qualit\u00e0, la legalit\u00e0 e la soddisfazione del cliente, garantiamo un'esperienza di acquisto senza problemi per tutte le vostre esigenze di ricerca chimica. Ordinate oggi stesso NB-5-MeO-DALT (ossalato) da rckopen e iniziate la vostra esplorazione scientifica con fiducia.<\/p>\n<\/div>\n<\/div>\n<\/div>","protected":false},"excerpt":{"rendered":"<p>Waar kunt u NB-5-MeO-DALT (oxalaat) veilig online kopen Wilt u NB-5-MeO-DALT (oxalaat) veilig online kopen? U bent bij ons aan het juiste adres! Bij RCKopen bieden we een betrouwbaar platform om met gemak en vertrouwen NB-5-MeO-DALT (oxalaat) in Groot-Brittanni\u00eb en andere onderzoekschemicali\u00ebn te kopen. Of u nu een onderzoeker, wetenschapper<\/p>","protected":false},"featured_media":6891,"comment_status":"open","ping_status":"closed","template":"","meta":{"_joinchat":[]},"product_brand":[],"product_cat":[149],"product_tag":[],"class_list":{"0":"post-6690","1":"product","2":"type-product","3":"status-publish","4":"has-post-thumbnail","6":"product_cat-tryptaminen","8":"first","9":"instock","10":"shipping-taxable","11":"purchasable","12":"product-type-variable"},"yoast_head":"<!-- This site is optimized with the Yoast SEO plugin v26.3 - https:\/\/yoast.com\/wordpress\/plugins\/seo\/ -->\n<title>NB 5 Meo Dalt Oxalaat online kopen - NB 5 Meo Dalt for Sale<\/title>\n<meta name=\"description\" content=\"Aan uw vereiste om NB 5 Meo Dalt Oxalaat te kopen, kunt u voldoen in onze online RC Koop-winkel, aangezien we hier NB 5 Meo Dalt te koop hebben. Plaats uw bestelling en ontvang elke dag betaalbare aanbiedingen.\" \/>\n<meta name=\"robots\" content=\"index, follow, max-snippet:-1, max-image-preview:large, max-video-preview:-1\" \/>\n<link rel=\"canonical\" href=\"https:\/\/rckopen.com\/it\/prodotto\/acquistare-nb-5-meo-dalt-oxalate\/\" \/>\n<meta property=\"og:locale\" content=\"it_IT\" \/>\n<meta property=\"og:type\" content=\"article\" \/>\n<meta property=\"og:title\" content=\"NB 5 Meo Dalt Oxalaat online kopen - NB 5 Meo Dalt for Sale\" \/>\n<meta property=\"og:description\" content=\"Aan uw vereiste om NB 5 Meo Dalt Oxalaat te kopen, kunt u voldoen in onze online RC Koop-winkel, aangezien we hier NB 5 Meo Dalt te koop hebben. Plaats uw bestelling en ontvang elke dag betaalbare aanbiedingen.\" \/>\n<meta property=\"og:url\" content=\"https:\/\/rckopen.com\/it\/prodotto\/acquistare-nb-5-meo-dalt-oxalate\/\" \/>\n<meta property=\"og:site_name\" content=\"RC Kopen\" \/>\n<meta property=\"article:modified_time\" content=\"2025-02-04T05:37:00+00:00\" \/>\n<meta property=\"og:image\" content=\"https:\/\/rckopen.com\/wp-content\/uploads\/2023\/08\/NB-5-MeO-DALT-oxalate.jpg\" \/>\n\t<meta property=\"og:image:width\" content=\"600\" \/>\n\t<meta property=\"og:image:height\" content=\"600\" \/>\n\t<meta property=\"og:image:type\" content=\"image\/jpeg\" \/>\n<meta name=\"twitter:card\" content=\"summary_large_image\" \/>\n<meta name=\"twitter:label1\" content=\"Tempo di lettura stimato\" \/>\n\t<meta name=\"twitter:data1\" content=\"3 minuti\" \/>\n<script type=\"application\/ld+json\" class=\"yoast-schema-graph\">{\"@context\":\"https:\/\/schema.org\",\"@graph\":[{\"@type\":\"WebPage\",\"@id\":\"https:\/\/rckopen.com\/product\/koop-nb-5-meo-dalt-oxalaat\/\",\"url\":\"https:\/\/rckopen.com\/product\/koop-nb-5-meo-dalt-oxalaat\/\",\"name\":\"NB 5 Meo Dalt Oxalaat online kopen - NB 5 Meo Dalt for Sale\",\"isPartOf\":{\"@id\":\"https:\/\/rckopen.com\/#website\"},\"primaryImageOfPage\":{\"@id\":\"https:\/\/rckopen.com\/product\/koop-nb-5-meo-dalt-oxalaat\/#primaryimage\"},\"image\":{\"@id\":\"https:\/\/rckopen.com\/product\/koop-nb-5-meo-dalt-oxalaat\/#primaryimage\"},\"thumbnailUrl\":\"https:\/\/rckopen.com\/wp-content\/uploads\/2023\/08\/NB-5-MeO-DALT-oxalate.jpg\",\"datePublished\":\"2023-08-18T05:33:37+00:00\",\"dateModified\":\"2025-02-04T05:37:00+00:00\",\"description\":\"Aan uw vereiste om NB 5 Meo Dalt Oxalaat te kopen, kunt u voldoen in onze online RC Koop-winkel, aangezien we hier NB 5 Meo Dalt te koop hebben. Plaats uw bestelling en ontvang elke dag betaalbare aanbiedingen.\",\"breadcrumb\":{\"@id\":\"https:\/\/rckopen.com\/product\/koop-nb-5-meo-dalt-oxalaat\/#breadcrumb\"},\"inLanguage\":\"it-IT\",\"potentialAction\":[{\"@type\":\"ReadAction\",\"target\":[\"https:\/\/rckopen.com\/product\/koop-nb-5-meo-dalt-oxalaat\/\"]}]},{\"@type\":\"ImageObject\",\"inLanguage\":\"it-IT\",\"@id\":\"https:\/\/rckopen.com\/product\/koop-nb-5-meo-dalt-oxalaat\/#primaryimage\",\"url\":\"https:\/\/rckopen.com\/wp-content\/uploads\/2023\/08\/NB-5-MeO-DALT-oxalate.jpg\",\"contentUrl\":\"https:\/\/rckopen.com\/wp-content\/uploads\/2023\/08\/NB-5-MeO-DALT-oxalate.jpg\",\"width\":600,\"height\":600,\"caption\":\"NB-5-MeO-DALT-(oxalate) online kopen\"},{\"@type\":\"BreadcrumbList\",\"@id\":\"https:\/\/rckopen.com\/product\/koop-nb-5-meo-dalt-oxalaat\/#breadcrumb\",\"itemListElement\":[{\"@type\":\"ListItem\",\"position\":1,\"name\":\"Home\",\"item\":\"https:\/\/rckopen.com\/\"},{\"@type\":\"ListItem\",\"position\":2,\"name\":\"Shop\",\"item\":\"https:\/\/rckopen.com\/shop\/\"},{\"@type\":\"ListItem\",\"position\":3,\"name\":\"NB-5-MeO-DALT (oxalate) online kopen\"}]},{\"@type\":\"WebSite\",\"@id\":\"https:\/\/rckopen.com\/#website\",\"url\":\"https:\/\/rckopen.com\/\",\"name\":\"RC Kopen\",\"description\":\"Research Chemicals\",\"potentialAction\":[{\"@type\":\"SearchAction\",\"target\":{\"@type\":\"EntryPoint\",\"urlTemplate\":\"https:\/\/rckopen.com\/?s={search_term_string}\"},\"query-input\":{\"@type\":\"PropertyValueSpecification\",\"valueRequired\":true,\"valueName\":\"search_term_string\"}}],\"inLanguage\":\"it-IT\"}]}<\/script>\n<!-- \/ Yoast SEO plugin. -->","yoast_head_json":{"title":"NB 5 Meo Dalt Oxalaat online kopen - NB 5 Meo Dalt for Sale","description":"Aan uw vereiste om NB 5 Meo Dalt Oxalaat te kopen, kunt u voldoen in onze online RC Koop-winkel, aangezien we hier NB 5 Meo Dalt te koop hebben. Plaats uw bestelling en ontvang elke dag betaalbare aanbiedingen.","robots":{"index":"index","follow":"follow","max-snippet":"max-snippet:-1","max-image-preview":"max-image-preview:large","max-video-preview":"max-video-preview:-1"},"canonical":"https:\/\/rckopen.com\/it\/prodotto\/acquistare-nb-5-meo-dalt-oxalate\/","og_locale":"it_IT","og_type":"article","og_title":"NB 5 Meo Dalt Oxalaat online kopen - NB 5 Meo Dalt for Sale","og_description":"Aan uw vereiste om NB 5 Meo Dalt Oxalaat te kopen, kunt u voldoen in onze online RC Koop-winkel, aangezien we hier NB 5 Meo Dalt te koop hebben. Plaats uw bestelling en ontvang elke dag betaalbare aanbiedingen.","og_url":"https:\/\/rckopen.com\/it\/prodotto\/acquistare-nb-5-meo-dalt-oxalate\/","og_site_name":"RC Kopen","article_modified_time":"2025-02-04T05:37:00+00:00","og_image":[{"width":600,"height":600,"url":"https:\/\/rckopen.com\/wp-content\/uploads\/2023\/08\/NB-5-MeO-DALT-oxalate.jpg","type":"image\/jpeg"}],"twitter_card":"summary_large_image","twitter_misc":{"Tempo di lettura stimato":"3 minuti"},"schema":{"@context":"https:\/\/schema.org","@graph":[{"@type":"WebPage","@id":"https:\/\/rckopen.com\/product\/koop-nb-5-meo-dalt-oxalaat\/","url":"https:\/\/rckopen.com\/product\/koop-nb-5-meo-dalt-oxalaat\/","name":"NB 5 Meo Dalt Oxalaat online kopen - NB 5 Meo Dalt for Sale","isPartOf":{"@id":"https:\/\/rckopen.com\/#website"},"primaryImageOfPage":{"@id":"https:\/\/rckopen.com\/product\/koop-nb-5-meo-dalt-oxalaat\/#primaryimage"},"image":{"@id":"https:\/\/rckopen.com\/product\/koop-nb-5-meo-dalt-oxalaat\/#primaryimage"},"thumbnailUrl":"https:\/\/rckopen.com\/wp-content\/uploads\/2023\/08\/NB-5-MeO-DALT-oxalate.jpg","datePublished":"2023-08-18T05:33:37+00:00","dateModified":"2025-02-04T05:37:00+00:00","description":"Aan uw vereiste om NB 5 Meo Dalt Oxalaat te kopen, kunt u voldoen in onze online RC Koop-winkel, aangezien we hier NB 5 Meo Dalt te koop hebben. Plaats uw bestelling en ontvang elke dag betaalbare aanbiedingen.","breadcrumb":{"@id":"https:\/\/rckopen.com\/product\/koop-nb-5-meo-dalt-oxalaat\/#breadcrumb"},"inLanguage":"it-IT","potentialAction":[{"@type":"ReadAction","target":["https:\/\/rckopen.com\/product\/koop-nb-5-meo-dalt-oxalaat\/"]}]},{"@type":"ImageObject","inLanguage":"it-IT","@id":"https:\/\/rckopen.com\/product\/koop-nb-5-meo-dalt-oxalaat\/#primaryimage","url":"https:\/\/rckopen.com\/wp-content\/uploads\/2023\/08\/NB-5-MeO-DALT-oxalate.jpg","contentUrl":"https:\/\/rckopen.com\/wp-content\/uploads\/2023\/08\/NB-5-MeO-DALT-oxalate.jpg","width":600,"height":600,"caption":"NB-5-MeO-DALT-(oxalate) online kopen"},{"@type":"BreadcrumbList","@id":"https:\/\/rckopen.com\/product\/koop-nb-5-meo-dalt-oxalaat\/#breadcrumb","itemListElement":[{"@type":"ListItem","position":1,"name":"Home","item":"https:\/\/rckopen.com\/"},{"@type":"ListItem","position":2,"name":"Shop","item":"https:\/\/rckopen.com\/shop\/"},{"@type":"ListItem","position":3,"name":"NB-5-MeO-DALT (oxalate) online kopen"}]},{"@type":"WebSite","@id":"https:\/\/rckopen.com\/#website","url":"https:\/\/rckopen.com\/","name":"RC Kopen","description":"Research Chemicals","potentialAction":[{"@type":"SearchAction","target":{"@type":"EntryPoint","urlTemplate":"https:\/\/rckopen.com\/?s={search_term_string}"},"query-input":{"@type":"PropertyValueSpecification","valueRequired":true,"valueName":"search_term_string"}}],"inLanguage":"it-IT"}]}},"_links":{"self":[{"href":"https:\/\/rckopen.com\/it\/wp-json\/wp\/v2\/product\/6690","targetHints":{"allow":["GET"]}}],"collection":[{"href":"https:\/\/rckopen.com\/it\/wp-json\/wp\/v2\/product"}],"about":[{"href":"https:\/\/rckopen.com\/it\/wp-json\/wp\/v2\/types\/product"}],"replies":[{"embeddable":true,"href":"https:\/\/rckopen.com\/it\/wp-json\/wp\/v2\/comments?post=6690"}],"wp:featuredmedia":[{"embeddable":true,"href":"https:\/\/rckopen.com\/it\/wp-json\/wp\/v2\/media\/6891"}],"wp:attachment":[{"href":"https:\/\/rckopen.com\/it\/wp-json\/wp\/v2\/media?parent=6690"}],"wp:term":[{"taxonomy":"product_brand","embeddable":true,"href":"https:\/\/rckopen.com\/it\/wp-json\/wp\/v2\/product_brand?post=6690"},{"taxonomy":"product_cat","embeddable":true,"href":"https:\/\/rckopen.com\/it\/wp-json\/wp\/v2\/product_cat?post=6690"},{"taxonomy":"product_tag","embeddable":true,"href":"https:\/\/rckopen.com\/it\/wp-json\/wp\/v2\/product_tag?post=6690"}],"curies":[{"name":"wp","href":"https:\/\/api.w.org\/{rel}","templated":true}]}}