{"id":6696,"date":"2023-08-17T10:32:21","date_gmt":"2023-08-17T10:32:21","guid":{"rendered":"https:\/\/diligentplug.com\/chems\/?post_type=product&#038;p=6696"},"modified":"2025-02-01T08:33:54","modified_gmt":"2025-02-01T08:33:54","slug":"5-meo-dipt","status":"publish","type":"product","link":"https:\/\/rckopen.com\/it\/prodotto\/5-meo-dipt\/","title":{"rendered":"Acquista 5-MEO-DIPT online"},"content":{"rendered":"<h2>Onthulling van de beste deals: waar u online betaalbare 5-MeO-DIPT Online Kopen kunt vinden<\/h2>\n<p>Benvenuti nella destinazione definitiva per garantirvi le migliori offerte per <a href=\"https:\/\/rckopen.com\/it\/prodotto\/5-meo-dipt\/\">5-MeO-DIPT<\/a> \u2013 la tua porta d'accesso a prodotti di alta qualit\u00e0 a prezzi imbattibili. Ape <a href=\"https:\/\/rckopen.com\/it\/\">RCKOpen.com<\/a> siamo orgogliosi di offrire un'esperienza di acquisto fluida a coloro che desiderano acquistare 5-MeO-DIPT online. Grazie al nostro impegno per la convenienza, la legalit\u00e0 e un servizio clienti eccezionale, siamo il tuo punto di riferimento di fiducia per tutte le tue esigenze relative al 5-MeO-DIPT.<\/p>\n<h3>Esplora le tue opzioni: dove acquistare 5-MeO-DIPT online?<\/h3>\n<p>Ti stai chiedendo dove sei? <a href=\"https:\/\/en.wikipedia.org\/wiki\/5-MeO-DiPT\">5-MeO-DIPT<\/a> \u00e8 possibile acquistare online? Non cercare oltre. RCKopen fornisce una piattaforma comoda per acquistare legalmente 5-MeO-DIPT, garantendo un'esperienza senza problemi dall'inizio alla fine. Grazie alla nostra interfaccia intuitiva e alle nostre opzioni di pagamento sicure, puoi effettuare facilmente il tuo ordine e ricevere rapidamente i prodotti che desideri.<\/p>\n<h3>Scopri offerte imbattibili: 5-MeO-DIPT in vendita<\/h3>\n<p>Noi di RCKopen comprendiamo l'importanza dell'accessibilit\u00e0 senza compromettere la qualit\u00e0. Ecco perch\u00e9 offriamo 5-MeO-DIPT in vendita a prezzi competitivi, cos\u00ec puoi godere dei suoi benefici senza spendere un sacco di soldi. Che tu sia un appassionato esperto o un novizio nel mondo del 5-MeO-DIPT, abbiamo qualcosa per tutti.<\/p>\n<h3>Ordinazione senza sforzo: ecco come ordinare 5-MeO-DIPT<\/h3>\n<p>Effettuare un ordine online per 5-MeO-DIPT non \u00e8 mai stato cos\u00ec facile. Basta sfogliare la nostra vasta gamma, aggiungere i prodotti desiderati al carrello e procedere al pagamento: \u00e8 cos\u00ec facile. Con un imballaggio discreto e una spedizione affidabile, puoi fidarti di RCKopen per consegnare il tuo ordine a casa tua in modo discreto ed efficiente.<\/p>\n<h3>Legittimo e sicuro: acquista 5-MeO-DIPT legalmente online<\/h3>\n<p>Quando acquisti 5-MeO-DIPT da RCKopen, puoi stare certo che stai acquistando da una fonte affidabile e legale. Aderiamo a tutte le normative e linee guida necessarie e garantiamo che i nostri prodotti soddisfano i pi\u00f9 elevati standard di sicurezza e legalit\u00e0. La tua soddisfazione e tranquillit\u00e0 sono le nostre massime priorit\u00e0.<\/p>\n<h3>Il tuo negozio di fiducia 5-MeO-DIPT<\/h3>\n<p>RCKopen \u00e8 pi\u00f9 di un semplice negozio: siamo il tuo partner di fiducia nella tua esplorazione del 5-MeO-DIPT. Con la nostra vasta gamma di prodotti, il personale competente e l'impegno per la soddisfazione del cliente, ci impegniamo a fornirti la migliore esperienza di acquisto possibile. Affidati a RCKopen come tuo negozio preferito per il 5-MeO-DIPT.<\/p>\n<h3>Spedizione conveniente: acquista 5-MeO-DIPT online nel Regno Unito<\/h3>\n<p>Che tu sia nel Regno Unito o in qualsiasi altro posto del mondo, RCKopen offre comode opzioni di spedizione per assicurarti di ricevere e acquistare 5-MeO-DIPT senza ritardi nel Regno Unito. Con servizi di consegna rapidi e affidabili, puoi goderti i tuoi prodotti con tempi di attesa minimi, ovunque tu sia.<\/p>\n<h2>Geen recept nodig: 5-MeO-DIPT Online Kopen zonder recept<\/h2>\n<p>Dimentica la seccatura di ottenere una prescrizione: su RCKopen, puoi acquistare 5-MeO-DIPT senza prescrizione medica. Crediamo nel rendere questa potente sostanza accessibile a chiunque la cerchi, cos\u00ec puoi acquistarla con facilit\u00e0 e comodit\u00e0, qualunque siano le tue circostanze.<\/p>\n<h3>Prova la differenza: acquista oggi da RCK<\/h3>\n<p>Pronti a intraprendere il vostro viaggio con 5-MeO-DIPT? Non cercate oltre RCKopen per tutte le vostre esigenze. Con offerte imbattibili, un servizio clienti di prima classe e un impegno per l'eccellenza, siamo la vostra destinazione unica per 5-MeO-DIPT a prezzi accessibili in vendita online. Acquistate con noi oggi e sperimentate la differenza di persona.<\/p>","protected":false},"excerpt":{"rendered":"<p><strong>Nome IUPAC: <\/strong>5-metossi-N,N-diisopropiltriptamina - cloridrato<\/p>\n<p><strong>CAS # <\/strong>4021-34-5<\/p>\n<p><strong>Forma: <\/strong>HCl<\/p>\n<p><strong>Analisi NMR: <\/strong>C17H26N2O<\/p>","protected":false},"featured_media":6874,"comment_status":"open","ping_status":"closed","template":"","meta":{"_joinchat":[]},"product_brand":[],"product_cat":[149],"product_tag":[],"class_list":{"0":"post-6696","1":"product","2":"type-product","3":"status-publish","4":"has-post-thumbnail","6":"product_cat-tryptaminen","8":"first","9":"instock","10":"shipping-taxable","11":"purchasable","12":"product-type-variable"},"yoast_head":"<!-- This site is optimized with the Yoast SEO plugin v26.3 - https:\/\/yoast.com\/wordpress\/plugins\/seo\/ -->\n<title>5 Meo Dipt online kopen - 5 Meo Dipt te koop<\/title>\n<meta name=\"description\" content=\"Haal de beste 5 Meo Dipt. 5 Meo Dipt online kopen in onze online winkel, want we hebben 5 Meo Dipt van hoge kwaliteit te koop. Koop de jouwe nu tegen lage tarieven. Bestel nu!\" \/>\n<meta name=\"robots\" content=\"index, follow, max-snippet:-1, max-image-preview:large, max-video-preview:-1\" \/>\n<link rel=\"canonical\" href=\"https:\/\/rckopen.com\/it\/prodotto\/5-meo-dipt\/\" \/>\n<meta property=\"og:locale\" content=\"it_IT\" \/>\n<meta property=\"og:type\" content=\"article\" \/>\n<meta property=\"og:title\" content=\"5 Meo Dipt online kopen - 5 Meo Dipt te koop\" \/>\n<meta property=\"og:description\" content=\"Haal de beste 5 Meo Dipt. 5 Meo Dipt online kopen in onze online winkel, want we hebben 5 Meo Dipt van hoge kwaliteit te koop. Koop de jouwe nu tegen lage tarieven. Bestel nu!\" \/>\n<meta property=\"og:url\" content=\"https:\/\/rckopen.com\/it\/prodotto\/5-meo-dipt\/\" \/>\n<meta property=\"og:site_name\" content=\"RC Kopen\" \/>\n<meta property=\"article:modified_time\" content=\"2025-02-01T08:33:54+00:00\" \/>\n<meta property=\"og:image\" content=\"https:\/\/rckopen.com\/wp-content\/uploads\/2023\/08\/5-MEO-DIPT.jpg\" \/>\n\t<meta property=\"og:image:width\" content=\"600\" \/>\n\t<meta property=\"og:image:height\" content=\"600\" \/>\n\t<meta property=\"og:image:type\" content=\"image\/jpeg\" \/>\n<meta name=\"twitter:card\" content=\"summary_large_image\" \/>\n<meta name=\"twitter:label1\" content=\"Tempo di lettura stimato\" \/>\n\t<meta name=\"twitter:data1\" content=\"3 minuti\" \/>\n<script type=\"application\/ld+json\" class=\"yoast-schema-graph\">{\"@context\":\"https:\/\/schema.org\",\"@graph\":[{\"@type\":\"WebPage\",\"@id\":\"https:\/\/rckopen.com\/product\/5-meo-dipt\/\",\"url\":\"https:\/\/rckopen.com\/product\/5-meo-dipt\/\",\"name\":\"5 Meo Dipt online kopen - 5 Meo Dipt te koop\",\"isPartOf\":{\"@id\":\"https:\/\/rckopen.com\/#website\"},\"primaryImageOfPage\":{\"@id\":\"https:\/\/rckopen.com\/product\/5-meo-dipt\/#primaryimage\"},\"image\":{\"@id\":\"https:\/\/rckopen.com\/product\/5-meo-dipt\/#primaryimage\"},\"thumbnailUrl\":\"https:\/\/rckopen.com\/wp-content\/uploads\/2023\/08\/5-MEO-DIPT.jpg\",\"datePublished\":\"2023-08-17T10:32:21+00:00\",\"dateModified\":\"2025-02-01T08:33:54+00:00\",\"description\":\"Haal de beste 5 Meo Dipt. 5 Meo Dipt online kopen in onze online winkel, want we hebben 5 Meo Dipt van hoge kwaliteit te koop. Koop de jouwe nu tegen lage tarieven. Bestel nu!\",\"breadcrumb\":{\"@id\":\"https:\/\/rckopen.com\/product\/5-meo-dipt\/#breadcrumb\"},\"inLanguage\":\"it-IT\",\"potentialAction\":[{\"@type\":\"ReadAction\",\"target\":[\"https:\/\/rckopen.com\/product\/5-meo-dipt\/\"]}]},{\"@type\":\"ImageObject\",\"inLanguage\":\"it-IT\",\"@id\":\"https:\/\/rckopen.com\/product\/5-meo-dipt\/#primaryimage\",\"url\":\"https:\/\/rckopen.com\/wp-content\/uploads\/2023\/08\/5-MEO-DIPT.jpg\",\"contentUrl\":\"https:\/\/rckopen.com\/wp-content\/uploads\/2023\/08\/5-MEO-DIPT.jpg\",\"width\":600,\"height\":600,\"caption\":\"5-MEO-DIPT Online Kopen\"},{\"@type\":\"BreadcrumbList\",\"@id\":\"https:\/\/rckopen.com\/product\/5-meo-dipt\/#breadcrumb\",\"itemListElement\":[{\"@type\":\"ListItem\",\"position\":1,\"name\":\"Home\",\"item\":\"https:\/\/rckopen.com\/\"},{\"@type\":\"ListItem\",\"position\":2,\"name\":\"Shop\",\"item\":\"https:\/\/rckopen.com\/shop\/\"},{\"@type\":\"ListItem\",\"position\":3,\"name\":\"5-MEO-DIPT Online Kopen\"}]},{\"@type\":\"WebSite\",\"@id\":\"https:\/\/rckopen.com\/#website\",\"url\":\"https:\/\/rckopen.com\/\",\"name\":\"RC Kopen\",\"description\":\"Research Chemicals\",\"potentialAction\":[{\"@type\":\"SearchAction\",\"target\":{\"@type\":\"EntryPoint\",\"urlTemplate\":\"https:\/\/rckopen.com\/?s={search_term_string}\"},\"query-input\":{\"@type\":\"PropertyValueSpecification\",\"valueRequired\":true,\"valueName\":\"search_term_string\"}}],\"inLanguage\":\"it-IT\"}]}<\/script>\n<!-- \/ Yoast SEO plugin. -->","yoast_head_json":{"title":"5 Meo Dipt online kopen - 5 Meo Dipt te koop","description":"Haal de beste 5 Meo Dipt. 5 Meo Dipt online kopen in onze online winkel, want we hebben 5 Meo Dipt van hoge kwaliteit te koop. Koop de jouwe nu tegen lage tarieven. Bestel nu!","robots":{"index":"index","follow":"follow","max-snippet":"max-snippet:-1","max-image-preview":"max-image-preview:large","max-video-preview":"max-video-preview:-1"},"canonical":"https:\/\/rckopen.com\/it\/prodotto\/5-meo-dipt\/","og_locale":"it_IT","og_type":"article","og_title":"5 Meo Dipt online kopen - 5 Meo Dipt te koop","og_description":"Haal de beste 5 Meo Dipt. 5 Meo Dipt online kopen in onze online winkel, want we hebben 5 Meo Dipt van hoge kwaliteit te koop. Koop de jouwe nu tegen lage tarieven. Bestel nu!","og_url":"https:\/\/rckopen.com\/it\/prodotto\/5-meo-dipt\/","og_site_name":"RC Kopen","article_modified_time":"2025-02-01T08:33:54+00:00","og_image":[{"width":600,"height":600,"url":"https:\/\/rckopen.com\/wp-content\/uploads\/2023\/08\/5-MEO-DIPT.jpg","type":"image\/jpeg"}],"twitter_card":"summary_large_image","twitter_misc":{"Tempo di lettura stimato":"3 minuti"},"schema":{"@context":"https:\/\/schema.org","@graph":[{"@type":"WebPage","@id":"https:\/\/rckopen.com\/product\/5-meo-dipt\/","url":"https:\/\/rckopen.com\/product\/5-meo-dipt\/","name":"5 Meo Dipt online kopen - 5 Meo Dipt te koop","isPartOf":{"@id":"https:\/\/rckopen.com\/#website"},"primaryImageOfPage":{"@id":"https:\/\/rckopen.com\/product\/5-meo-dipt\/#primaryimage"},"image":{"@id":"https:\/\/rckopen.com\/product\/5-meo-dipt\/#primaryimage"},"thumbnailUrl":"https:\/\/rckopen.com\/wp-content\/uploads\/2023\/08\/5-MEO-DIPT.jpg","datePublished":"2023-08-17T10:32:21+00:00","dateModified":"2025-02-01T08:33:54+00:00","description":"Haal de beste 5 Meo Dipt. 5 Meo Dipt online kopen in onze online winkel, want we hebben 5 Meo Dipt van hoge kwaliteit te koop. Koop de jouwe nu tegen lage tarieven. Bestel nu!","breadcrumb":{"@id":"https:\/\/rckopen.com\/product\/5-meo-dipt\/#breadcrumb"},"inLanguage":"it-IT","potentialAction":[{"@type":"ReadAction","target":["https:\/\/rckopen.com\/product\/5-meo-dipt\/"]}]},{"@type":"ImageObject","inLanguage":"it-IT","@id":"https:\/\/rckopen.com\/product\/5-meo-dipt\/#primaryimage","url":"https:\/\/rckopen.com\/wp-content\/uploads\/2023\/08\/5-MEO-DIPT.jpg","contentUrl":"https:\/\/rckopen.com\/wp-content\/uploads\/2023\/08\/5-MEO-DIPT.jpg","width":600,"height":600,"caption":"5-MEO-DIPT Online Kopen"},{"@type":"BreadcrumbList","@id":"https:\/\/rckopen.com\/product\/5-meo-dipt\/#breadcrumb","itemListElement":[{"@type":"ListItem","position":1,"name":"Home","item":"https:\/\/rckopen.com\/"},{"@type":"ListItem","position":2,"name":"Shop","item":"https:\/\/rckopen.com\/shop\/"},{"@type":"ListItem","position":3,"name":"5-MEO-DIPT Online Kopen"}]},{"@type":"WebSite","@id":"https:\/\/rckopen.com\/#website","url":"https:\/\/rckopen.com\/","name":"RC Kopen","description":"Research Chemicals","potentialAction":[{"@type":"SearchAction","target":{"@type":"EntryPoint","urlTemplate":"https:\/\/rckopen.com\/?s={search_term_string}"},"query-input":{"@type":"PropertyValueSpecification","valueRequired":true,"valueName":"search_term_string"}}],"inLanguage":"it-IT"}]}},"_links":{"self":[{"href":"https:\/\/rckopen.com\/it\/wp-json\/wp\/v2\/product\/6696","targetHints":{"allow":["GET"]}}],"collection":[{"href":"https:\/\/rckopen.com\/it\/wp-json\/wp\/v2\/product"}],"about":[{"href":"https:\/\/rckopen.com\/it\/wp-json\/wp\/v2\/types\/product"}],"replies":[{"embeddable":true,"href":"https:\/\/rckopen.com\/it\/wp-json\/wp\/v2\/comments?post=6696"}],"wp:featuredmedia":[{"embeddable":true,"href":"https:\/\/rckopen.com\/it\/wp-json\/wp\/v2\/media\/6874"}],"wp:attachment":[{"href":"https:\/\/rckopen.com\/it\/wp-json\/wp\/v2\/media?parent=6696"}],"wp:term":[{"taxonomy":"product_brand","embeddable":true,"href":"https:\/\/rckopen.com\/it\/wp-json\/wp\/v2\/product_brand?post=6696"},{"taxonomy":"product_cat","embeddable":true,"href":"https:\/\/rckopen.com\/it\/wp-json\/wp\/v2\/product_cat?post=6696"},{"taxonomy":"product_tag","embeddable":true,"href":"https:\/\/rckopen.com\/it\/wp-json\/wp\/v2\/product_tag?post=6696"}],"curies":[{"name":"wp","href":"https:\/\/api.w.org\/{rel}","templated":true}]}}