{"id":6697,"date":"2023-08-17T10:33:22","date_gmt":"2023-08-17T10:33:22","guid":{"rendered":"https:\/\/diligentplug.com\/chems\/?post_type=product&#038;p=6697"},"modified":"2025-02-01T08:31:58","modified_gmt":"2025-02-01T08:31:58","slug":"5-meo-dalt","status":"publish","type":"product","link":"https:\/\/rckopen.com\/it\/prodotto\/5-meo-dalt\/","title":{"rendered":"Acquista 5-MeO-DALT online"},"content":{"rendered":"<h2>Acquista 5-MeO-DALT online<\/h2>\n<h3>Esplorare il mercato online: dove acquistare prodotti autentici di 5-MeO-DALT<\/h3>\n<p>Stai cercando <a href=\"https:\/\/rckopen.com\/it\/prodotto\/5-meo-dalt\/\">5-MeO-DALT<\/a> acquistare prodotti freebase online? Non cercare oltre! Immergiti nel mondo dei prodotti chimici per la ricerca con RCKopen.com, la tua fonte di fiducia per composti di alta qualit\u00e0. Che tu sia un ricercatore esperto o un principiante curioso, disponiamo di un'ampia selezione di prodotti 5-MeO-DALT freebase pronti a soddisfare le tue esigenze.<\/p>\n<h3>Perch\u00e9 scegliere RCKopen.com?<\/h3>\n<p>Ape <a href=\"https:\/\/rckopen.com\/it\/\">RCKOpen.com<\/a> siamo orgogliosi di offrire in vendita solo prodotti 5-MeO-DALT freebase della massima qualit\u00e0. Il nostro impegno verso l'eccellenza garantisce che ogni acquisto effettuato sia supportato da rigorosi standard di qualit\u00e0, cos\u00ec puoi esplorare in tutta sicurezza.<br \/>\nEcco perch\u00e9 dovreste fare di noi la vostra destinazione preferita per la base libera 5-MeO-DALT:<\/p>\n<p>1. Qualit\u00e0 premium: comprendiamo l'importanza della purezza e della potenza quando si tratta di prodotti chimici per la ricerca. Ecco perch\u00e9 lavoriamo instancabilmente per ottenere il meglio <a href=\"https:\/\/en.wikipedia.org\/wiki\/5-MeO-DALT\">5-MeO-DALT<\/a>-prodotti disponibili sul mercato.<\/p>\n<p>2. Ampia scelta: che vogliate acquistare legalmente 5-MeO-DALT freebase, esplorare altri prodotti chimici per la ricerca o fare scorta di attrezzature da laboratorio, abbiamo tutto ci\u00f2 che vi serve in un'unica comoda posizione.<\/p>\n<p>3. Ordini sicuri: La vostra sicurezza e la vostra protezione sono le nostre massime priorit\u00e0. Il nostro sito web \u00e8 dotato della pi\u00f9 recente tecnologia di crittografia per garantire che i vostri dati personali rimangano sempre protetti.<\/p>\n<p>4. Spedizione veloce: sappiamo che il tempo \u00e8 fondamentale quando si tratta di progetti di ricerca. Pertanto, offriamo opzioni di spedizione rapide e affidabili per farvi pervenire il vostro ordine di prodotti 5-MeO-DALT freebase il prima possibile.<\/p>\n<h3>Dove \u00e8 possibile acquistare online i prodotti 5-MeO-DALT?<\/h3>\n<p>Quando si tratta di trovare un autentico negozio o sito web online di 5-MeO-DALT freebase, RCKopen.com \u00e8 la vostra destinazione definitiva. Con pochi clic, potete sfogliare la nostra vasta gamma, effettuare l'ordine e farvi consegnare i prodotti a casa. Dite addio alla fatica di cercare fornitori affidabili: qui abbiamo tutto ci\u00f2 che vi serve.<\/p>\n<h3>Ordina ora e inizia a esplorare<\/h3>\n<p>Pronti a iniziare il vostro percorso di ricerca? Non aspettare oltre: visita subito RCKopen.com per acquistare 5-MeO-DALT freebase senza prescrizione medica e altri prodotti chimici di ricerca di alta qualit\u00e0. Grazie al nostro semplice processo di ordinazione e alla nostra imbattibile selezione, sarai sulla buona strada per scoprire cose nuove in pochissimo tempo. Acquista 5-MeO-DMT freebase online legalmente, senza prescrizione medica, ed esplora con sicurezza l'affascinante mondo delle sostanze chimiche per la ricerca.<\/p>","protected":false},"excerpt":{"rendered":"<p><strong>Nome IUPAC: <\/strong>N-allyl-N-[2-(5-methoxy-1H-indol-3-yl)ethyl] prop-2-en-1- amine<\/p>\n<p><strong>CAS # <\/strong>928822-98-4<\/p>\n<p><strong>Altro nome: <\/strong>N,N-di allil-5-metossi triptamina<\/p>\n<p><strong>Forma: <\/strong>hcl<\/p>\n<p><strong>Analisi NMR: <\/strong>C17H22N2O<\/p>","protected":false},"featured_media":6875,"comment_status":"open","ping_status":"closed","template":"","meta":{"_joinchat":[]},"product_brand":[],"product_cat":[149],"product_tag":[],"class_list":{"0":"post-6697","1":"product","2":"type-product","3":"status-publish","4":"has-post-thumbnail","6":"product_cat-tryptaminen","8":"first","9":"instock","10":"shipping-taxable","11":"purchasable","12":"product-type-variable"},"yoast_head":"<!-- This site is optimized with the Yoast SEO plugin v26.3 - https:\/\/yoast.com\/wordpress\/plugins\/seo\/ -->\n<title>5 Meo Dalt Online Kopen - 5 Meo Dalt te koop<\/title>\n<meta name=\"description\" content=\"Onze winkel heeft de topkwaliteit 5 Meo Dalt te koop. U kunt nooit om de kwaliteit van onze producten heen. Als je het nodig hebt, dan meteen 5 Meo Dalt online kopen. Bestel nu in onze online RC kopen-winkel.\" \/>\n<meta name=\"robots\" content=\"index, follow, max-snippet:-1, max-image-preview:large, max-video-preview:-1\" \/>\n<link rel=\"canonical\" href=\"https:\/\/rckopen.com\/it\/prodotto\/5-meo-dalt\/\" \/>\n<meta property=\"og:locale\" content=\"it_IT\" \/>\n<meta property=\"og:type\" content=\"article\" \/>\n<meta property=\"og:title\" content=\"5 Meo Dalt Online Kopen - 5 Meo Dalt te koop\" \/>\n<meta property=\"og:description\" content=\"Onze winkel heeft de topkwaliteit 5 Meo Dalt te koop. U kunt nooit om de kwaliteit van onze producten heen. Als je het nodig hebt, dan meteen 5 Meo Dalt online kopen. Bestel nu in onze online RC kopen-winkel.\" \/>\n<meta property=\"og:url\" content=\"https:\/\/rckopen.com\/it\/prodotto\/5-meo-dalt\/\" \/>\n<meta property=\"og:site_name\" content=\"RC Kopen\" \/>\n<meta property=\"article:modified_time\" content=\"2025-02-01T08:31:58+00:00\" \/>\n<meta property=\"og:image\" content=\"https:\/\/rckopen.com\/wp-content\/uploads\/2023\/08\/5-MeO-DALT.jpg\" \/>\n\t<meta property=\"og:image:width\" content=\"600\" \/>\n\t<meta property=\"og:image:height\" content=\"600\" \/>\n\t<meta property=\"og:image:type\" content=\"image\/jpeg\" \/>\n<meta name=\"twitter:card\" content=\"summary_large_image\" \/>\n<meta name=\"twitter:label1\" content=\"Tempo di lettura stimato\" \/>\n\t<meta name=\"twitter:data1\" content=\"2 minuti\" \/>\n<script type=\"application\/ld+json\" class=\"yoast-schema-graph\">{\"@context\":\"https:\/\/schema.org\",\"@graph\":[{\"@type\":\"WebPage\",\"@id\":\"https:\/\/rckopen.com\/product\/5-meo-dalt\/\",\"url\":\"https:\/\/rckopen.com\/product\/5-meo-dalt\/\",\"name\":\"5 Meo Dalt Online Kopen - 5 Meo Dalt te koop\",\"isPartOf\":{\"@id\":\"https:\/\/rckopen.com\/#website\"},\"primaryImageOfPage\":{\"@id\":\"https:\/\/rckopen.com\/product\/5-meo-dalt\/#primaryimage\"},\"image\":{\"@id\":\"https:\/\/rckopen.com\/product\/5-meo-dalt\/#primaryimage\"},\"thumbnailUrl\":\"https:\/\/rckopen.com\/wp-content\/uploads\/2023\/08\/5-MeO-DALT.jpg\",\"datePublished\":\"2023-08-17T10:33:22+00:00\",\"dateModified\":\"2025-02-01T08:31:58+00:00\",\"description\":\"Onze winkel heeft de topkwaliteit 5 Meo Dalt te koop. U kunt nooit om de kwaliteit van onze producten heen. Als je het nodig hebt, dan meteen 5 Meo Dalt online kopen. Bestel nu in onze online RC kopen-winkel.\",\"breadcrumb\":{\"@id\":\"https:\/\/rckopen.com\/product\/5-meo-dalt\/#breadcrumb\"},\"inLanguage\":\"it-IT\",\"potentialAction\":[{\"@type\":\"ReadAction\",\"target\":[\"https:\/\/rckopen.com\/product\/5-meo-dalt\/\"]}]},{\"@type\":\"ImageObject\",\"inLanguage\":\"it-IT\",\"@id\":\"https:\/\/rckopen.com\/product\/5-meo-dalt\/#primaryimage\",\"url\":\"https:\/\/rckopen.com\/wp-content\/uploads\/2023\/08\/5-MeO-DALT.jpg\",\"contentUrl\":\"https:\/\/rckopen.com\/wp-content\/uploads\/2023\/08\/5-MeO-DALT.jpg\",\"width\":600,\"height\":600,\"caption\":\"5-MEO-DIPT Online Kopen\"},{\"@type\":\"BreadcrumbList\",\"@id\":\"https:\/\/rckopen.com\/product\/5-meo-dalt\/#breadcrumb\",\"itemListElement\":[{\"@type\":\"ListItem\",\"position\":1,\"name\":\"Home\",\"item\":\"https:\/\/rckopen.com\/\"},{\"@type\":\"ListItem\",\"position\":2,\"name\":\"Shop\",\"item\":\"https:\/\/rckopen.com\/shop\/\"},{\"@type\":\"ListItem\",\"position\":3,\"name\":\"5-MeO-DALT Online Kopen\"}]},{\"@type\":\"WebSite\",\"@id\":\"https:\/\/rckopen.com\/#website\",\"url\":\"https:\/\/rckopen.com\/\",\"name\":\"RC Kopen\",\"description\":\"Research Chemicals\",\"potentialAction\":[{\"@type\":\"SearchAction\",\"target\":{\"@type\":\"EntryPoint\",\"urlTemplate\":\"https:\/\/rckopen.com\/?s={search_term_string}\"},\"query-input\":{\"@type\":\"PropertyValueSpecification\",\"valueRequired\":true,\"valueName\":\"search_term_string\"}}],\"inLanguage\":\"it-IT\"}]}<\/script>\n<!-- \/ Yoast SEO plugin. -->","yoast_head_json":{"title":"5 Meo Dalt Online Kopen - 5 Meo Dalt te koop","description":"Onze winkel heeft de topkwaliteit 5 Meo Dalt te koop. U kunt nooit om de kwaliteit van onze producten heen. Als je het nodig hebt, dan meteen 5 Meo Dalt online kopen. Bestel nu in onze online RC kopen-winkel.","robots":{"index":"index","follow":"follow","max-snippet":"max-snippet:-1","max-image-preview":"max-image-preview:large","max-video-preview":"max-video-preview:-1"},"canonical":"https:\/\/rckopen.com\/it\/prodotto\/5-meo-dalt\/","og_locale":"it_IT","og_type":"article","og_title":"5 Meo Dalt Online Kopen - 5 Meo Dalt te koop","og_description":"Onze winkel heeft de topkwaliteit 5 Meo Dalt te koop. U kunt nooit om de kwaliteit van onze producten heen. Als je het nodig hebt, dan meteen 5 Meo Dalt online kopen. Bestel nu in onze online RC kopen-winkel.","og_url":"https:\/\/rckopen.com\/it\/prodotto\/5-meo-dalt\/","og_site_name":"RC Kopen","article_modified_time":"2025-02-01T08:31:58+00:00","og_image":[{"width":600,"height":600,"url":"https:\/\/rckopen.com\/wp-content\/uploads\/2023\/08\/5-MeO-DALT.jpg","type":"image\/jpeg"}],"twitter_card":"summary_large_image","twitter_misc":{"Tempo di lettura stimato":"2 minuti"},"schema":{"@context":"https:\/\/schema.org","@graph":[{"@type":"WebPage","@id":"https:\/\/rckopen.com\/product\/5-meo-dalt\/","url":"https:\/\/rckopen.com\/product\/5-meo-dalt\/","name":"5 Meo Dalt Online Kopen - 5 Meo Dalt te koop","isPartOf":{"@id":"https:\/\/rckopen.com\/#website"},"primaryImageOfPage":{"@id":"https:\/\/rckopen.com\/product\/5-meo-dalt\/#primaryimage"},"image":{"@id":"https:\/\/rckopen.com\/product\/5-meo-dalt\/#primaryimage"},"thumbnailUrl":"https:\/\/rckopen.com\/wp-content\/uploads\/2023\/08\/5-MeO-DALT.jpg","datePublished":"2023-08-17T10:33:22+00:00","dateModified":"2025-02-01T08:31:58+00:00","description":"Onze winkel heeft de topkwaliteit 5 Meo Dalt te koop. U kunt nooit om de kwaliteit van onze producten heen. Als je het nodig hebt, dan meteen 5 Meo Dalt online kopen. Bestel nu in onze online RC kopen-winkel.","breadcrumb":{"@id":"https:\/\/rckopen.com\/product\/5-meo-dalt\/#breadcrumb"},"inLanguage":"it-IT","potentialAction":[{"@type":"ReadAction","target":["https:\/\/rckopen.com\/product\/5-meo-dalt\/"]}]},{"@type":"ImageObject","inLanguage":"it-IT","@id":"https:\/\/rckopen.com\/product\/5-meo-dalt\/#primaryimage","url":"https:\/\/rckopen.com\/wp-content\/uploads\/2023\/08\/5-MeO-DALT.jpg","contentUrl":"https:\/\/rckopen.com\/wp-content\/uploads\/2023\/08\/5-MeO-DALT.jpg","width":600,"height":600,"caption":"5-MEO-DIPT Online Kopen"},{"@type":"BreadcrumbList","@id":"https:\/\/rckopen.com\/product\/5-meo-dalt\/#breadcrumb","itemListElement":[{"@type":"ListItem","position":1,"name":"Home","item":"https:\/\/rckopen.com\/"},{"@type":"ListItem","position":2,"name":"Shop","item":"https:\/\/rckopen.com\/shop\/"},{"@type":"ListItem","position":3,"name":"5-MeO-DALT Online Kopen"}]},{"@type":"WebSite","@id":"https:\/\/rckopen.com\/#website","url":"https:\/\/rckopen.com\/","name":"RC Kopen","description":"Research Chemicals","potentialAction":[{"@type":"SearchAction","target":{"@type":"EntryPoint","urlTemplate":"https:\/\/rckopen.com\/?s={search_term_string}"},"query-input":{"@type":"PropertyValueSpecification","valueRequired":true,"valueName":"search_term_string"}}],"inLanguage":"it-IT"}]}},"_links":{"self":[{"href":"https:\/\/rckopen.com\/it\/wp-json\/wp\/v2\/product\/6697","targetHints":{"allow":["GET"]}}],"collection":[{"href":"https:\/\/rckopen.com\/it\/wp-json\/wp\/v2\/product"}],"about":[{"href":"https:\/\/rckopen.com\/it\/wp-json\/wp\/v2\/types\/product"}],"replies":[{"embeddable":true,"href":"https:\/\/rckopen.com\/it\/wp-json\/wp\/v2\/comments?post=6697"}],"wp:featuredmedia":[{"embeddable":true,"href":"https:\/\/rckopen.com\/it\/wp-json\/wp\/v2\/media\/6875"}],"wp:attachment":[{"href":"https:\/\/rckopen.com\/it\/wp-json\/wp\/v2\/media?parent=6697"}],"wp:term":[{"taxonomy":"product_brand","embeddable":true,"href":"https:\/\/rckopen.com\/it\/wp-json\/wp\/v2\/product_brand?post=6697"},{"taxonomy":"product_cat","embeddable":true,"href":"https:\/\/rckopen.com\/it\/wp-json\/wp\/v2\/product_cat?post=6697"},{"taxonomy":"product_tag","embeddable":true,"href":"https:\/\/rckopen.com\/it\/wp-json\/wp\/v2\/product_tag?post=6697"}],"curies":[{"name":"wp","href":"https:\/\/api.w.org\/{rel}","templated":true}]}}