{"id":6698,"date":"2023-08-17T10:38:30","date_gmt":"2023-08-17T10:38:30","guid":{"rendered":"https:\/\/diligentplug.com\/chems\/?post_type=product&#038;p=6698"},"modified":"2025-02-01T08:35:55","modified_gmt":"2025-02-01T08:35:55","slug":"5-meo-dmt-freebase","status":"publish","type":"product","link":"https:\/\/rckopen.com\/it\/prodotto\/5-meo-dmt-freebase\/","title":{"rendered":"5-MeO-DMT freebase Acquista online"},"content":{"rendered":"<h2>rckopen.com offre prodotti non destinati al consumo umano.<br \/>\n<strong>General information on 5-MeO-DMT freebase Online Kopen<\/strong><\/h2>\n<p><a href=\"https:\/\/rckopen.com\/it\/prodotto\/5-meo-dmt-freebase\/\">5-Meo-DMT<\/a> freebase \u00e8 uno psichedelico chimico sperimentale appartenente alla classe delle triptamine, da quattro a pi\u00f9 volte pi\u00f9 impressionante del suo cugino pi\u00f9 noto, il DMT (N, N-dimetiltriptamina).<\/p>\n<p>Sembra che si trovi in \u200b\u200buna variet\u00e0 di alberi e arbusti, spesso vicino a DMT e bufotenina (5-HO-DMT), nonch\u00e9 in una specie di rana. La base libera 5-Meo-DMT pu\u00f2 essere prodotta anche sinteticamente.<\/p>\n<p>In America Centrale e Meridionale, <a href=\"https:\/\/en.wikipedia.org\/wiki\/5-MeO-DMT\">5-MeO-DMT<\/a> a base livre \u00e9 mais frequentemente obtida de Anadenanthera peregrine e Virola theiodora \u2014 as duas geralmente s\u00e3o coletadas para fazer rap\u00e9 psicoativo.<\/p>\n<p>Si trova anche nel veleno bianco e liscio della rana del deserto di Sonora, originaria del sud-ovest degli Stati Uniti e del nord-ovest del Messico. La raccolta del veleno ha messo a dura prova la popolazione di questa specie naturalmente sensibile. In alcuni stati degli Stati Uniti \u00e8 attualmente considerata una specie in via di estinzione o localmente minacciata. Si consiglia di cercare altre fonti di 5-MeO DMT, ad esempio B. per le versioni sintetiche o di origine vegetale.<\/p>\n<h3><strong>Composizione chimica della base libera 5-MeO-DMT<\/strong><\/h3>\n<p>2-(5-metossi-1H-indol-3-il)- N,N-dimetiletanamina (5-metossi-N,N-dimetiltriptamina, abbreviato 5-MeO-DMT) \u00e8 un alcaloide triptaminico, un etere dall'odore dolce e un'ammina terziaria con una massa subatomica di 218,298 g\/mol e la formula chimica C<sub>13<\/sub>H<sub>18<\/sub>N<sub>2<\/sub>O. Come base libera, il 5-MeO-DMT \u00e8 una sostanza bianca e forte con un punto di liquefazione di 69,5 \u00b0C. La sua solubilit\u00e0 in acqua \u00e8 &gt;32,7 \u03bcg\/ml.<\/p>\n<h3><strong>Farmacologia 5-MeO-DMT Ricerca chimica<\/strong><\/h3>\n<p>Come le altre triptamine, la base libera 5-MeO-DMT ha una struttura di base simile alla DMT, ma presenta un fascio metossilico in posizione R5. Fondamentalmente agisce come un agonista del recettore della serotonina (5-HT), con una preferenza limitante specifica per il sottotipo del recettore 5-HT1A. Si lega al 5-HT2A e segue i recettori amminici, mediando probabilmente gli effetti allucinogeni attraverso questi ultimi. L'inibizione della ricaptazione dei neurotrasmettitori, ad esempio B. Anche la noradrenalina e la dopamina sono associate alla capacit\u00e0 del 5-MeO-DMT.<\/p>\n<h3><strong>Acquista 5-MeO-DMT di alta qualit\u00e0 online<\/strong><\/h3>\n<p>Rc Kopen vanta molti anni di esperienza nel settore della progettazione di prodotti chimici di ricerca, il che ci consente di garantire la massima qualit\u00e0 di questi prodotti chimici di ricerca. Il team di prodotti chimici di ricerca vende 5-MeO-DMT freebase kopen. I prodotti chimici di ricerca, tra cui le freebase 5-MeO-DMT, soddisfano tutti i requisiti di sicurezza. I prodotti chimici di ricerca vengono distribuiti con cura e conservati in un luogo fresco e asciutto.<\/p>\n<p>Tutti i prodotti vengono regolarmente testati per verificarne la qualit\u00e0, la purezza e la sicurezza. Conservare sempre la base libera 5-MeO-DMT a temperatura ambiente e fuori dalla portata di bambini e animali domestici. La nostra base libera 5-MeO-DMT non \u00e8 destinata all'uso personale. \u00c8 destinato esclusivamente a scopi di ricerca.<\/p>\n<p>Non deve essere mescolato con alcol o sostanze chimiche di ricerca durante la ricerca di questa sostanza chimica!<\/p>\n<p>Tutti i nostri prodotti hanno un prezzo equo!<\/p>\n<h3><strong>Base libera 5-MeO-DMT testata in laboratorio con risultati.<\/strong><\/h3>\n<p>Remakes progredisce verso la soddisfazione generale dei suoi clienti. Diversi esami hanno dimostrato che i clienti richiedono il maggior numero di dati possibile prima di acquistare prodotti chimici di ricerca sintetici. Inoltre, pubblichiamo tutte le conseguenze di laboratorio di ogni composto esaminato in un documento PDF.<\/p>\n<p>La nostra base libera di 5-MeO-DMT corrisponde costantemente ai principi attivi ed \u00e8 facilmente riconoscibile da tutti.<\/p>\n<p>Distribuiamo tutte le conseguenze di laboratorio di ogni sostanza chimica di ricerca in un documento PDF.<\/p>\n<h3><strong>Ordina in tutta sicurezza da 5-MeO-DMT freebase.<\/strong><\/h3>\n<p>I prodotti chimici di ricerca Rc Kopen sono di ottima qualit\u00e0 e hanno un costo equo. Pertanto, quando richiedi il tuo <strong>5-MeO-DMT base libera\u00a0<\/strong>presso Rc Kopen vi garantiamo che consegneremo la vostra richiesta a casa vostra in modo rapido e sicuro.<\/p>\n<p>Richiedere composti sintetici di ricerca tramite Bitcoin o bonifico bancario \u00e8 semplicissimo presso Rc Kopen.<\/p>\n<p>Spediamo 5-MeO-DMT freebase lo stesso giorno lavorativo se il pagamento viene ricevuto prima delle 14:00 CEST. Normalmente non effettuiamo spedizioni il sabato, la domenica o nei giorni festivi nazionali\/internazionali<strong>. <a href=\"https:\/\/rckopen.com\/it\/\">RCKOpen.com<\/a><\/strong><\/p>\n<h3><strong>Spedizione discreta di prodotti chimici per la ricerca.<\/strong><\/h3>\n<p>Anche se i prodotti chimici di ricerca di design sono legalmente accessibili online, noi di Rc Kopen consegniamo nel modo pi\u00f9 sicuro e ragionevole. Inoltre, imballiamo con perfetta discrezione e non verr\u00e0 mostrato alcun segno di ci\u00f2 che potrebbe esserci all'interno all'esterno.<\/p>\n<p>Spediamo gli ordini superiori a 500 euro con servizio di tracciamento, cos\u00ec puoi seguire il tuo pacco progressivamente. Spediamo gli ordini di valore superiore a 500 euro tramite posta espressa.<\/p>\n<p>Non forniamo articoli a persone di et\u00e0 inferiore ai 18 anni!<\/p>\n<h3><strong>Precauzioni<\/strong><\/h3>\n<ul>\n<li>Acquistare la sostanza chimica di ricerca 5-MeO-DMT indossando gli opportuni dispositivi di protezione individuale, come occhiali e guanti di sicurezza. Pulirli e mantenerli adeguatamente. Quando si maneggiano sostanze chimiche per la ricerca, attenersi a sistemi sicuri e non prendere scorciatoie.<\/li>\n<li>Se la sostanza chimica di ricerca viene a contatto con gli occhi, sciacquare bene ed eliminare le lenti a contatto, se fondamentale.<\/li>\n<li>Cercate di usare una maschera durante l'uso di queste sostanze chimiche, in modo che non entrino dentro di voi durante la respirazione.<\/li>\n<li>Come indicato dai metodi supportati, maneggiare, immagazzinare e smaltire i materiali pericolosi in modo sicuro. Non versarli mai nelle fognature o nei canali.<\/li>\n<li>Conservare i prodotti chimici per la ricerca in modo appropriato, come indicato nei loro nomi. Le sostanze chimiche infiammabili devono essere riposte in un luogo eccellente e asciutto, lontano dall'intensit\u00e0 e dalla luce del giorno. Alcuni prodotti sintetici, come gli acidi, devono essere conservati indipendentemente l'uno dall'altro.<\/li>\n<li>Rc Kopen \u00e8 offerto a fini di ricerca; il consumo umano \u00e8 severamente proibito.<\/li>\n<\/ul>","protected":false},"excerpt":{"rendered":"<p><strong>Nome IUPAC: <\/strong>2-(5-metossi-1H-indolo-3-il)-N,N-dimetiletanamina<\/p>\n<p><strong>CAS # <\/strong>1019-45-0<\/p>\n<p><strong>Altro nome: <\/strong>5-metossi-N,N-dimetiltriptamina<\/p>\n<p><strong>Aspetto: <\/strong>polvere<\/p>\n<p><strong>Forma: <\/strong>freebase<\/p>\n<p><strong>Analisi NMR: <\/strong>C13H18N2O<\/p>","protected":false},"featured_media":6880,"comment_status":"open","ping_status":"closed","template":"","meta":{"_joinchat":[]},"product_brand":[],"product_cat":[149],"product_tag":[],"class_list":{"0":"post-6698","1":"product","2":"type-product","3":"status-publish","4":"has-post-thumbnail","6":"product_cat-tryptaminen","8":"first","9":"instock","10":"shipping-taxable","11":"purchasable","12":"product-type-variable"},"yoast_head":"<!-- This site is optimized with the Yoast SEO plugin v26.3 - https:\/\/yoast.com\/wordpress\/plugins\/seo\/ -->\n<title>5 Meo Dmt FreeBase online kopen - 5 Meo Dmt FreeBase te koop<\/title>\n<meta name=\"description\" content=\"Als u 5 Meo Dmt FreeBase online kopen, heeft RCkopen een hoogwaardige 5 Meo Dmt FreeBase te koop. Wij helpen u 5 Meo Dmt FreeBase online te kopen tegen goedkope tarieven. Plaats vandaag nog een bestelling!\" \/>\n<meta name=\"robots\" content=\"index, follow, max-snippet:-1, max-image-preview:large, max-video-preview:-1\" \/>\n<link rel=\"canonical\" href=\"https:\/\/rckopen.com\/it\/prodotto\/5-meo-dmt-freebase\/\" \/>\n<meta property=\"og:locale\" content=\"it_IT\" \/>\n<meta property=\"og:type\" content=\"article\" \/>\n<meta property=\"og:title\" content=\"5 Meo Dmt FreeBase online kopen - 5 Meo Dmt FreeBase te koop\" \/>\n<meta property=\"og:description\" content=\"Als u 5 Meo Dmt FreeBase online kopen, heeft RCkopen een hoogwaardige 5 Meo Dmt FreeBase te koop. Wij helpen u 5 Meo Dmt FreeBase online te kopen tegen goedkope tarieven. Plaats vandaag nog een bestelling!\" \/>\n<meta property=\"og:url\" content=\"https:\/\/rckopen.com\/it\/prodotto\/5-meo-dmt-freebase\/\" \/>\n<meta property=\"og:site_name\" content=\"RC Kopen\" \/>\n<meta property=\"article:modified_time\" content=\"2025-02-01T08:35:55+00:00\" \/>\n<meta property=\"og:image\" content=\"https:\/\/rckopen.com\/wp-content\/uploads\/2023\/08\/5-MeO-DMT-freebase.jpg\" \/>\n\t<meta property=\"og:image:width\" content=\"600\" \/>\n\t<meta property=\"og:image:height\" content=\"600\" \/>\n\t<meta property=\"og:image:type\" content=\"image\/jpeg\" \/>\n<meta name=\"twitter:card\" content=\"summary_large_image\" \/>\n<meta name=\"twitter:label1\" content=\"Tempo di lettura stimato\" \/>\n\t<meta name=\"twitter:data1\" content=\"4 minuti\" \/>\n<script type=\"application\/ld+json\" class=\"yoast-schema-graph\">{\"@context\":\"https:\/\/schema.org\",\"@graph\":[{\"@type\":\"WebPage\",\"@id\":\"https:\/\/rckopen.com\/product\/5-meo-dmt-freebase\/\",\"url\":\"https:\/\/rckopen.com\/product\/5-meo-dmt-freebase\/\",\"name\":\"5 Meo Dmt FreeBase online kopen - 5 Meo Dmt FreeBase te koop\",\"isPartOf\":{\"@id\":\"https:\/\/rckopen.com\/#website\"},\"primaryImageOfPage\":{\"@id\":\"https:\/\/rckopen.com\/product\/5-meo-dmt-freebase\/#primaryimage\"},\"image\":{\"@id\":\"https:\/\/rckopen.com\/product\/5-meo-dmt-freebase\/#primaryimage\"},\"thumbnailUrl\":\"https:\/\/rckopen.com\/wp-content\/uploads\/2023\/08\/5-MeO-DMT-freebase.jpg\",\"datePublished\":\"2023-08-17T10:38:30+00:00\",\"dateModified\":\"2025-02-01T08:35:55+00:00\",\"description\":\"Als u 5 Meo Dmt FreeBase online kopen, heeft RCkopen een hoogwaardige 5 Meo Dmt FreeBase te koop. Wij helpen u 5 Meo Dmt FreeBase online te kopen tegen goedkope tarieven. Plaats vandaag nog een bestelling!\",\"breadcrumb\":{\"@id\":\"https:\/\/rckopen.com\/product\/5-meo-dmt-freebase\/#breadcrumb\"},\"inLanguage\":\"it-IT\",\"potentialAction\":[{\"@type\":\"ReadAction\",\"target\":[\"https:\/\/rckopen.com\/product\/5-meo-dmt-freebase\/\"]}]},{\"@type\":\"ImageObject\",\"inLanguage\":\"it-IT\",\"@id\":\"https:\/\/rckopen.com\/product\/5-meo-dmt-freebase\/#primaryimage\",\"url\":\"https:\/\/rckopen.com\/wp-content\/uploads\/2023\/08\/5-MeO-DMT-freebase.jpg\",\"contentUrl\":\"https:\/\/rckopen.com\/wp-content\/uploads\/2023\/08\/5-MeO-DMT-freebase.jpg\",\"width\":600,\"height\":600,\"caption\":\"5-MeO-DMT-freebase online kopen\"},{\"@type\":\"BreadcrumbList\",\"@id\":\"https:\/\/rckopen.com\/product\/5-meo-dmt-freebase\/#breadcrumb\",\"itemListElement\":[{\"@type\":\"ListItem\",\"position\":1,\"name\":\"Home\",\"item\":\"https:\/\/rckopen.com\/\"},{\"@type\":\"ListItem\",\"position\":2,\"name\":\"Shop\",\"item\":\"https:\/\/rckopen.com\/shop\/\"},{\"@type\":\"ListItem\",\"position\":3,\"name\":\"5-MeO-DMT freebase Online Kopen\"}]},{\"@type\":\"WebSite\",\"@id\":\"https:\/\/rckopen.com\/#website\",\"url\":\"https:\/\/rckopen.com\/\",\"name\":\"RC Kopen\",\"description\":\"Research Chemicals\",\"potentialAction\":[{\"@type\":\"SearchAction\",\"target\":{\"@type\":\"EntryPoint\",\"urlTemplate\":\"https:\/\/rckopen.com\/?s={search_term_string}\"},\"query-input\":{\"@type\":\"PropertyValueSpecification\",\"valueRequired\":true,\"valueName\":\"search_term_string\"}}],\"inLanguage\":\"it-IT\"}]}<\/script>\n<!-- \/ Yoast SEO plugin. -->","yoast_head_json":{"title":"5 Meo Dmt FreeBase online kopen - 5 Meo Dmt FreeBase te koop","description":"Als u 5 Meo Dmt FreeBase online kopen, heeft RCkopen een hoogwaardige 5 Meo Dmt FreeBase te koop. Wij helpen u 5 Meo Dmt FreeBase online te kopen tegen goedkope tarieven. Plaats vandaag nog een bestelling!","robots":{"index":"index","follow":"follow","max-snippet":"max-snippet:-1","max-image-preview":"max-image-preview:large","max-video-preview":"max-video-preview:-1"},"canonical":"https:\/\/rckopen.com\/it\/prodotto\/5-meo-dmt-freebase\/","og_locale":"it_IT","og_type":"article","og_title":"5 Meo Dmt FreeBase online kopen - 5 Meo Dmt FreeBase te koop","og_description":"Als u 5 Meo Dmt FreeBase online kopen, heeft RCkopen een hoogwaardige 5 Meo Dmt FreeBase te koop. Wij helpen u 5 Meo Dmt FreeBase online te kopen tegen goedkope tarieven. Plaats vandaag nog een bestelling!","og_url":"https:\/\/rckopen.com\/it\/prodotto\/5-meo-dmt-freebase\/","og_site_name":"RC Kopen","article_modified_time":"2025-02-01T08:35:55+00:00","og_image":[{"width":600,"height":600,"url":"https:\/\/rckopen.com\/wp-content\/uploads\/2023\/08\/5-MeO-DMT-freebase.jpg","type":"image\/jpeg"}],"twitter_card":"summary_large_image","twitter_misc":{"Tempo di lettura stimato":"4 minuti"},"schema":{"@context":"https:\/\/schema.org","@graph":[{"@type":"WebPage","@id":"https:\/\/rckopen.com\/product\/5-meo-dmt-freebase\/","url":"https:\/\/rckopen.com\/product\/5-meo-dmt-freebase\/","name":"5 Meo Dmt FreeBase online kopen - 5 Meo Dmt FreeBase te koop","isPartOf":{"@id":"https:\/\/rckopen.com\/#website"},"primaryImageOfPage":{"@id":"https:\/\/rckopen.com\/product\/5-meo-dmt-freebase\/#primaryimage"},"image":{"@id":"https:\/\/rckopen.com\/product\/5-meo-dmt-freebase\/#primaryimage"},"thumbnailUrl":"https:\/\/rckopen.com\/wp-content\/uploads\/2023\/08\/5-MeO-DMT-freebase.jpg","datePublished":"2023-08-17T10:38:30+00:00","dateModified":"2025-02-01T08:35:55+00:00","description":"Als u 5 Meo Dmt FreeBase online kopen, heeft RCkopen een hoogwaardige 5 Meo Dmt FreeBase te koop. Wij helpen u 5 Meo Dmt FreeBase online te kopen tegen goedkope tarieven. Plaats vandaag nog een bestelling!","breadcrumb":{"@id":"https:\/\/rckopen.com\/product\/5-meo-dmt-freebase\/#breadcrumb"},"inLanguage":"it-IT","potentialAction":[{"@type":"ReadAction","target":["https:\/\/rckopen.com\/product\/5-meo-dmt-freebase\/"]}]},{"@type":"ImageObject","inLanguage":"it-IT","@id":"https:\/\/rckopen.com\/product\/5-meo-dmt-freebase\/#primaryimage","url":"https:\/\/rckopen.com\/wp-content\/uploads\/2023\/08\/5-MeO-DMT-freebase.jpg","contentUrl":"https:\/\/rckopen.com\/wp-content\/uploads\/2023\/08\/5-MeO-DMT-freebase.jpg","width":600,"height":600,"caption":"5-MeO-DMT-freebase online kopen"},{"@type":"BreadcrumbList","@id":"https:\/\/rckopen.com\/product\/5-meo-dmt-freebase\/#breadcrumb","itemListElement":[{"@type":"ListItem","position":1,"name":"Home","item":"https:\/\/rckopen.com\/"},{"@type":"ListItem","position":2,"name":"Shop","item":"https:\/\/rckopen.com\/shop\/"},{"@type":"ListItem","position":3,"name":"5-MeO-DMT freebase Online Kopen"}]},{"@type":"WebSite","@id":"https:\/\/rckopen.com\/#website","url":"https:\/\/rckopen.com\/","name":"RC Kopen","description":"Research Chemicals","potentialAction":[{"@type":"SearchAction","target":{"@type":"EntryPoint","urlTemplate":"https:\/\/rckopen.com\/?s={search_term_string}"},"query-input":{"@type":"PropertyValueSpecification","valueRequired":true,"valueName":"search_term_string"}}],"inLanguage":"it-IT"}]}},"_links":{"self":[{"href":"https:\/\/rckopen.com\/it\/wp-json\/wp\/v2\/product\/6698","targetHints":{"allow":["GET"]}}],"collection":[{"href":"https:\/\/rckopen.com\/it\/wp-json\/wp\/v2\/product"}],"about":[{"href":"https:\/\/rckopen.com\/it\/wp-json\/wp\/v2\/types\/product"}],"replies":[{"embeddable":true,"href":"https:\/\/rckopen.com\/it\/wp-json\/wp\/v2\/comments?post=6698"}],"wp:featuredmedia":[{"embeddable":true,"href":"https:\/\/rckopen.com\/it\/wp-json\/wp\/v2\/media\/6880"}],"wp:attachment":[{"href":"https:\/\/rckopen.com\/it\/wp-json\/wp\/v2\/media?parent=6698"}],"wp:term":[{"taxonomy":"product_brand","embeddable":true,"href":"https:\/\/rckopen.com\/it\/wp-json\/wp\/v2\/product_brand?post=6698"},{"taxonomy":"product_cat","embeddable":true,"href":"https:\/\/rckopen.com\/it\/wp-json\/wp\/v2\/product_cat?post=6698"},{"taxonomy":"product_tag","embeddable":true,"href":"https:\/\/rckopen.com\/it\/wp-json\/wp\/v2\/product_tag?post=6698"}],"curies":[{"name":"wp","href":"https:\/\/api.w.org\/{rel}","templated":true}]}}