{"id":6699,"date":"2023-08-17T10:40:02","date_gmt":"2023-08-17T10:40:02","guid":{"rendered":"https:\/\/diligentplug.com\/chems\/?post_type=product&#038;p=6699"},"modified":"2025-02-03T07:08:42","modified_gmt":"2025-02-03T07:08:42","slug":"ept","status":"publish","type":"product","link":"https:\/\/rckopen.com\/it\/prodotto\/ept\/","title":{"rendered":"Acquista EPT online"},"content":{"rendered":"<h2>De opties verkennen: waar u EPT online kopen kunt vinden<\/h2>\n<p>Stai cercando <a href=\"https:\/\/rckopen.com\/it\/prodotto\/ept\/\">EPT<\/a> e vuoi cercare fonti affidabili e acquistare questo prodotto essenziale senza problemi? Non cercare oltre! Che tu voglia acquistare EPT, ti stia chiedendo dove trovarlo o desideri ordinarlo legalmente, abbiamo la soluzione per te. Noi di Rckopen.com siamo orgogliosi di essere il tuo punto di riferimento per tutto ci\u00f2 che riguarda EPT. Grazie alla nostra piattaforma intuitiva e al nostro impegno per la qualit\u00e0, rendiamo l'acquisto di EPT online un'esperienza fluida.<\/p>\n<h3>Dove trovare EPT in vendita<\/h3>\n<p>Trovare di <a href=\"https:\/\/en.wikipedia.org\/wiki\/EPT\">EPT<\/a> in vendita non dovrebbe essere una sfida. Ecco perch\u00e9 ci siamo prefissati l'obiettivo di fornire una soluzione pratica. Su Rckopen.com offriamo una vasta gamma di prodotti EPT adatti alle vostre esigenze. Che tu abbia bisogno di una formulazione o di un dosaggio specifico, la nostra ampia selezione ti garantisce di trovare esattamente ci\u00f2 che stai cercando.<\/p>\n<h3>Ordinare EPT in modo semplice e legale<\/h3>\n<p>Quando si tratta di acquistare EPT, la legalit\u00e0 e la convenienza sono fondamentali. Noi di Rckopen.com diamo priorit\u00e0 a entrambe. Grazie al nostro semplice processo di ordinazione, \u00e8 possibile acquistare EPT facilmente e senza prescrizione medica. Inoltre, grazie al nostro impegno per la conformit\u00e0, potete essere certi che ogni acquisto \u00e8 legale e corretto.<\/p>\n<h3>Scoprite il nostro negozio EPT<\/h3>\n<p>Benvenuti nel nostro negozio EPT, il punto di riferimento per tutte le vostre esigenze in materia di EPT. Dai prodotti di alta qualit\u00e0 all'eccezionale servizio clienti, abbiamo tutto ci\u00f2 che serve per rendere la vostra esperienza di acquisto un gioco da ragazzi. Sfogliate il nostro vasto inventario, fate il vostro ordine con fiducia e sperimentate la convenienza di acquistare EPT senza prescrizione medica online, solo su Rckopen.com.<\/p>\n<p>Acquista EPT online nel Regno Unito<\/p>\n<p>Per i clienti del Regno Unito, acquistare EPT online non \u00e8 mai stato cos\u00ec facile. Di <a href=\"https:\/\/rckopen.com\/it\/\">rckopen.com<\/a>\u00a0puoi acquistare legalmente l'EPT comodamente da casa tua e riceverlo direttamente a domicilio. Il nostro efficiente servizio di spedizione garantisce una consegna rapida, cos\u00ec potrai usufruire fin da subito dei vantaggi di EPT.<\/p>\n<h3>Perch\u00e9 scegliere Rckopen.com?<\/h3>\n<p>Con cos\u00ec tante opzioni disponibili, perch\u00e9 scegliere Rckopen.com per le vostre esigenze di EPT? La risposta \u00e8 semplice: puntiamo all'eccellenza. Dal nostro impegno per la qualit\u00e0 dei prodotti al nostro eccezionale servizio clienti, facciamo di tutto per garantire la vostra soddisfazione. Acquistando EPT da Rckopen.com, non si acquista solo un prodotto, ma si investe nella pace della mente.<\/p>\n<p>Quando si tratta di trovare e acquistare EPT online, Rckopen.com \u00e8 la vostra destinazione definitiva. Con la nostra ampia selezione, il facile processo di ordinazione e l'impegno per la legalit\u00e0 e la qualit\u00e0, siamo il vostro partner di fiducia in ogni fase del processo. Quindi perch\u00e9 aspettare? Esplorate il nostro negozio di EPT oggi stesso e sperimentate la convenienza dello shopping su Rckopen.com.<\/p>","protected":false},"excerpt":{"rendered":"<p><strong>Nome IUPAC: <\/strong>3-[2-(etil(propil)ammino)etil]-1H-indolo<\/p>\n<p><strong>Altro nome: <\/strong>N-Etil-N-propiltriptamina<\/p>\n<p><strong>Aspetto: <\/strong>polvere<\/p>\n<p><strong>Forma: <\/strong>fumarato<\/p>\n<p><strong>Analisi NMR: <\/strong>N\/D<\/p>","protected":false},"featured_media":6885,"comment_status":"open","ping_status":"closed","template":"","meta":{"_joinchat":[]},"product_brand":[],"product_cat":[149],"product_tag":[],"class_list":{"0":"post-6699","1":"product","2":"type-product","3":"status-publish","4":"has-post-thumbnail","6":"product_cat-tryptaminen","8":"first","9":"instock","10":"shipping-taxable","11":"purchasable","12":"product-type-variable"},"yoast_head":"<!-- This site is optimized with the Yoast SEO plugin v26.3 - https:\/\/yoast.com\/wordpress\/plugins\/seo\/ -->\n<title>EPT online kopen - EPT online te koop<\/title>\n<meta name=\"description\" content=\"Als u EPT online wilt kopen, heeft RCKopen een hoogwaardige EPT te koop. Wij helpen u om EPT online tegen goedkope tarieven te kopen. Plaats vandaag nog een bestelling!\" \/>\n<meta name=\"robots\" content=\"index, follow, max-snippet:-1, max-image-preview:large, max-video-preview:-1\" \/>\n<link rel=\"canonical\" href=\"https:\/\/rckopen.com\/it\/prodotto\/ept\/\" \/>\n<meta property=\"og:locale\" content=\"it_IT\" \/>\n<meta property=\"og:type\" content=\"article\" \/>\n<meta property=\"og:title\" content=\"EPT online kopen - EPT online te koop\" \/>\n<meta property=\"og:description\" content=\"Als u EPT online wilt kopen, heeft RCKopen een hoogwaardige EPT te koop. Wij helpen u om EPT online tegen goedkope tarieven te kopen. Plaats vandaag nog een bestelling!\" \/>\n<meta property=\"og:url\" content=\"https:\/\/rckopen.com\/it\/prodotto\/ept\/\" \/>\n<meta property=\"og:site_name\" content=\"RC Kopen\" \/>\n<meta property=\"article:modified_time\" content=\"2025-02-03T07:08:42+00:00\" \/>\n<meta property=\"og:image\" content=\"https:\/\/rckopen.com\/wp-content\/uploads\/2023\/08\/EPT.jpg\" \/>\n\t<meta property=\"og:image:width\" content=\"600\" \/>\n\t<meta property=\"og:image:height\" content=\"600\" \/>\n\t<meta property=\"og:image:type\" content=\"image\/jpeg\" \/>\n<meta name=\"twitter:card\" content=\"summary_large_image\" \/>\n<meta name=\"twitter:label1\" content=\"Tempo di lettura stimato\" \/>\n\t<meta name=\"twitter:data1\" content=\"3 minuti\" \/>\n<script type=\"application\/ld+json\" class=\"yoast-schema-graph\">{\"@context\":\"https:\/\/schema.org\",\"@graph\":[{\"@type\":\"WebPage\",\"@id\":\"https:\/\/rckopen.com\/product\/ept\/\",\"url\":\"https:\/\/rckopen.com\/product\/ept\/\",\"name\":\"EPT online kopen - EPT online te koop\",\"isPartOf\":{\"@id\":\"https:\/\/rckopen.com\/#website\"},\"primaryImageOfPage\":{\"@id\":\"https:\/\/rckopen.com\/product\/ept\/#primaryimage\"},\"image\":{\"@id\":\"https:\/\/rckopen.com\/product\/ept\/#primaryimage\"},\"thumbnailUrl\":\"https:\/\/rckopen.com\/wp-content\/uploads\/2023\/08\/EPT.jpg\",\"datePublished\":\"2023-08-17T10:40:02+00:00\",\"dateModified\":\"2025-02-03T07:08:42+00:00\",\"description\":\"Als u EPT online wilt kopen, heeft RCKopen een hoogwaardige EPT te koop. Wij helpen u om EPT online tegen goedkope tarieven te kopen. Plaats vandaag nog een bestelling!\",\"breadcrumb\":{\"@id\":\"https:\/\/rckopen.com\/product\/ept\/#breadcrumb\"},\"inLanguage\":\"it-IT\",\"potentialAction\":[{\"@type\":\"ReadAction\",\"target\":[\"https:\/\/rckopen.com\/product\/ept\/\"]}]},{\"@type\":\"ImageObject\",\"inLanguage\":\"it-IT\",\"@id\":\"https:\/\/rckopen.com\/product\/ept\/#primaryimage\",\"url\":\"https:\/\/rckopen.com\/wp-content\/uploads\/2023\/08\/EPT.jpg\",\"contentUrl\":\"https:\/\/rckopen.com\/wp-content\/uploads\/2023\/08\/EPT.jpg\",\"width\":600,\"height\":600,\"caption\":\"EPT online kopen\"},{\"@type\":\"BreadcrumbList\",\"@id\":\"https:\/\/rckopen.com\/product\/ept\/#breadcrumb\",\"itemListElement\":[{\"@type\":\"ListItem\",\"position\":1,\"name\":\"Home\",\"item\":\"https:\/\/rckopen.com\/\"},{\"@type\":\"ListItem\",\"position\":2,\"name\":\"Shop\",\"item\":\"https:\/\/rckopen.com\/shop\/\"},{\"@type\":\"ListItem\",\"position\":3,\"name\":\"EPT online kopen\"}]},{\"@type\":\"WebSite\",\"@id\":\"https:\/\/rckopen.com\/#website\",\"url\":\"https:\/\/rckopen.com\/\",\"name\":\"RC Kopen\",\"description\":\"Research Chemicals\",\"potentialAction\":[{\"@type\":\"SearchAction\",\"target\":{\"@type\":\"EntryPoint\",\"urlTemplate\":\"https:\/\/rckopen.com\/?s={search_term_string}\"},\"query-input\":{\"@type\":\"PropertyValueSpecification\",\"valueRequired\":true,\"valueName\":\"search_term_string\"}}],\"inLanguage\":\"it-IT\"}]}<\/script>\n<!-- \/ Yoast SEO plugin. -->","yoast_head_json":{"title":"EPT online kopen - EPT online te koop","description":"Als u EPT online wilt kopen, heeft RCKopen een hoogwaardige EPT te koop. Wij helpen u om EPT online tegen goedkope tarieven te kopen. Plaats vandaag nog een bestelling!","robots":{"index":"index","follow":"follow","max-snippet":"max-snippet:-1","max-image-preview":"max-image-preview:large","max-video-preview":"max-video-preview:-1"},"canonical":"https:\/\/rckopen.com\/it\/prodotto\/ept\/","og_locale":"it_IT","og_type":"article","og_title":"EPT online kopen - EPT online te koop","og_description":"Als u EPT online wilt kopen, heeft RCKopen een hoogwaardige EPT te koop. Wij helpen u om EPT online tegen goedkope tarieven te kopen. Plaats vandaag nog een bestelling!","og_url":"https:\/\/rckopen.com\/it\/prodotto\/ept\/","og_site_name":"RC Kopen","article_modified_time":"2025-02-03T07:08:42+00:00","og_image":[{"width":600,"height":600,"url":"https:\/\/rckopen.com\/wp-content\/uploads\/2023\/08\/EPT.jpg","type":"image\/jpeg"}],"twitter_card":"summary_large_image","twitter_misc":{"Tempo di lettura stimato":"3 minuti"},"schema":{"@context":"https:\/\/schema.org","@graph":[{"@type":"WebPage","@id":"https:\/\/rckopen.com\/product\/ept\/","url":"https:\/\/rckopen.com\/product\/ept\/","name":"EPT online kopen - EPT online te koop","isPartOf":{"@id":"https:\/\/rckopen.com\/#website"},"primaryImageOfPage":{"@id":"https:\/\/rckopen.com\/product\/ept\/#primaryimage"},"image":{"@id":"https:\/\/rckopen.com\/product\/ept\/#primaryimage"},"thumbnailUrl":"https:\/\/rckopen.com\/wp-content\/uploads\/2023\/08\/EPT.jpg","datePublished":"2023-08-17T10:40:02+00:00","dateModified":"2025-02-03T07:08:42+00:00","description":"Als u EPT online wilt kopen, heeft RCKopen een hoogwaardige EPT te koop. Wij helpen u om EPT online tegen goedkope tarieven te kopen. Plaats vandaag nog een bestelling!","breadcrumb":{"@id":"https:\/\/rckopen.com\/product\/ept\/#breadcrumb"},"inLanguage":"it-IT","potentialAction":[{"@type":"ReadAction","target":["https:\/\/rckopen.com\/product\/ept\/"]}]},{"@type":"ImageObject","inLanguage":"it-IT","@id":"https:\/\/rckopen.com\/product\/ept\/#primaryimage","url":"https:\/\/rckopen.com\/wp-content\/uploads\/2023\/08\/EPT.jpg","contentUrl":"https:\/\/rckopen.com\/wp-content\/uploads\/2023\/08\/EPT.jpg","width":600,"height":600,"caption":"EPT online kopen"},{"@type":"BreadcrumbList","@id":"https:\/\/rckopen.com\/product\/ept\/#breadcrumb","itemListElement":[{"@type":"ListItem","position":1,"name":"Home","item":"https:\/\/rckopen.com\/"},{"@type":"ListItem","position":2,"name":"Shop","item":"https:\/\/rckopen.com\/shop\/"},{"@type":"ListItem","position":3,"name":"EPT online kopen"}]},{"@type":"WebSite","@id":"https:\/\/rckopen.com\/#website","url":"https:\/\/rckopen.com\/","name":"RC Kopen","description":"Research Chemicals","potentialAction":[{"@type":"SearchAction","target":{"@type":"EntryPoint","urlTemplate":"https:\/\/rckopen.com\/?s={search_term_string}"},"query-input":{"@type":"PropertyValueSpecification","valueRequired":true,"valueName":"search_term_string"}}],"inLanguage":"it-IT"}]}},"_links":{"self":[{"href":"https:\/\/rckopen.com\/it\/wp-json\/wp\/v2\/product\/6699","targetHints":{"allow":["GET"]}}],"collection":[{"href":"https:\/\/rckopen.com\/it\/wp-json\/wp\/v2\/product"}],"about":[{"href":"https:\/\/rckopen.com\/it\/wp-json\/wp\/v2\/types\/product"}],"replies":[{"embeddable":true,"href":"https:\/\/rckopen.com\/it\/wp-json\/wp\/v2\/comments?post=6699"}],"wp:featuredmedia":[{"embeddable":true,"href":"https:\/\/rckopen.com\/it\/wp-json\/wp\/v2\/media\/6885"}],"wp:attachment":[{"href":"https:\/\/rckopen.com\/it\/wp-json\/wp\/v2\/media?parent=6699"}],"wp:term":[{"taxonomy":"product_brand","embeddable":true,"href":"https:\/\/rckopen.com\/it\/wp-json\/wp\/v2\/product_brand?post=6699"},{"taxonomy":"product_cat","embeddable":true,"href":"https:\/\/rckopen.com\/it\/wp-json\/wp\/v2\/product_cat?post=6699"},{"taxonomy":"product_tag","embeddable":true,"href":"https:\/\/rckopen.com\/it\/wp-json\/wp\/v2\/product_tag?post=6699"}],"curies":[{"name":"wp","href":"https:\/\/api.w.org\/{rel}","templated":true}]}}