{"id":6753,"date":"2023-08-17T10:56:53","date_gmt":"2023-08-17T10:56:53","guid":{"rendered":"https:\/\/diligentplug.com\/chems\/?post_type=product&#038;p=6753"},"modified":"2025-02-03T06:58:59","modified_gmt":"2025-02-03T06:58:59","slug":"dpt-hcl","status":"publish","type":"product","link":"https:\/\/rckopen.com\/it\/prodotto\/dpt-hcl\/","title":{"rendered":"Acquista DPT HCL online"},"content":{"rendered":"<h2>I vantaggi dell'acquisto di DPT HCL online: tutto quello che c'\u00e8 da sapere<\/h2>\n<p>Nel campo delle sostanze psicoattive si fa una distinzione <a href=\"https:\/\/rckopen.com\/it\/prodotto\/dpt-hcl\/\">DPT HCL<\/a> se stesso attraverso le sue propriet\u00e0 ed effetti unici. Per chi desidera esplorarne le possibilit\u00e0, acquistare DPT HCL online offre numerosi vantaggi. Diamo un'occhiata al motivo per cui acquistare DPT HCL online pu\u00f2 cambiare le carte in tavola e al modo in cui Rckopen.com offre agli appassionati un'esperienza impeccabile.<\/p>\n<h3>Convenienza e accessibilit\u00e0<\/h3>\n<p>Dove sei <a href=\"https:\/\/en.wikipedia.org\/wiki\/Dipropyltryptamine\">DPT HCL<\/a> Quando acquisti online, ottieni una comodit\u00e0 senza pari. Sono finiti i giorni in cui si cercava instancabilmente un negozio fisico che vendesse quello specifico tessuto. Con pochi clic puoi accedere a Rckopen.com sempre e ovunque. Questa accessibilit\u00e0 \u00e8 particolarmente vantaggiosa per le persone che risiedono in regioni in cui il DPT HCL potrebbe non essere facilmente reperibile nei negozi locali.<\/p>\n<h3>Confezione discreta<\/h3>\n<p>La privacy \u00e8 fondamentale quando si acquistano sostanze come DPT HCL. Ape <a href=\"https:\/\/rckopen.com\/it\/\">rckopen.com<\/a> puoi stare certo che il tuo ordine verr\u00e0 imballato con discrezione, senza alcuna indicazione sul suo contenuto. Questa confezione discreta garantisce la massima tranquillit\u00e0 durante l'intero processo di acquisto.<\/p>\n<h3>Transazioni sicure<\/h3>\n<p>Le preoccupazioni circa la sicurezza dell'acquisto legale di DPT HCL sono giustificate. Tuttavia, Rckopen.com d\u00e0 priorit\u00e0 alla sicurezza e alla legalit\u00e0 in tutte le transazioni. Rispettiamo rigorosamente le normative, dandoti la garanzia che il tuo acquisto sia legale e sicuro.<\/p>\n<h3>Spedizione in tutto il mondo<\/h3>\n<p>Indipendentemente dalla vostra posizione, Rckopen.com offre la spedizione in tutto il mondo. Che viviate nei Paesi Bassi o in qualsiasi altra parte del mondo, potete ordinare DPT HCL e farvelo consegnare a casa. Il nostro efficiente processo di spedizione assicura una consegna tempestiva, in modo che possiate iniziare il vostro viaggio psichedelico senza ritardi.<\/p>\n<h3>Fonte legittima<\/h3>\n<p>Quando si acquista DPT HCL da Rckopen.com, si acquista da una fonte legittima. Diamo priorit\u00e0 alla qualit\u00e0 e all'autenticit\u00e0 e acquistiamo i nostri prodotti da fornitori affidabili. Questo assicura che riceviate un negozio di DPT HCL autentico che soddisfa rigorosi standard di qualit\u00e0.<\/p>\n<p>Acquistare DPT HCL online in olandese offre numerosi vantaggi, dalla praticit\u00e0 e accessibilit\u00e0 alla confezione discreta e alla consulenza di esperti. Con Rckopen.com puoi iniziare il tuo viaggio psichedelico in tutta sicurezza, sapendo di acquistare da una fonte affidabile. Scopri subito la nostra collezione e scopri il potenziale trasformativo di DPT HCL. Visita Rckopen.com per acquistare DPT HCL in modo legale e sicuro, senza bisogno di prescrizione medica.<\/p>","protected":false},"excerpt":{"rendered":"<p><strong>Nome IUPAC: <\/strong>N-[2-(1H-indol-3-yl)]ethyl-N-propylpropan-1-amine<\/p>\n<p><strong>CAS # <\/strong>61-52-9<\/p>\n<p><strong>Altro nome: <\/strong>N,N-Dipropiltriptamina<\/p>\n<p><strong>Aspetto: <\/strong>polvere<\/p>\n<p><strong>Forma: <\/strong>hcl<\/p>\n<p><strong>Analisi NMR: <\/strong>C16H24N2<\/p>","protected":false},"featured_media":6902,"comment_status":"open","ping_status":"closed","template":"","meta":{"_joinchat":[]},"product_brand":[],"product_cat":[149],"product_tag":[],"class_list":{"0":"post-6753","1":"product","2":"type-product","3":"status-publish","4":"has-post-thumbnail","6":"product_cat-tryptaminen","8":"first","9":"instock","10":"shipping-taxable","11":"purchasable","12":"product-type-variable"},"yoast_head":"<!-- This site is optimized with the Yoast SEO plugin v26.3 - https:\/\/yoast.com\/wordpress\/plugins\/seo\/ -->\n<title>DPT HCL online kopen - DPT HCL te koop<\/title>\n<meta name=\"description\" content=\"Onze winkel heeft de topkwaliteit DPT HCL te koop. U kunt nooit om de kwaliteit van onze producten heen. Als u het nodig heeft, DPT HCL dan meteen online kopen. Bestel nu in onze online winkel voor een goede nachtrust en kalmte.\" \/>\n<meta name=\"robots\" content=\"index, follow, max-snippet:-1, max-image-preview:large, max-video-preview:-1\" \/>\n<link rel=\"canonical\" href=\"https:\/\/rckopen.com\/it\/prodotto\/dpt-hcl\/\" \/>\n<meta property=\"og:locale\" content=\"it_IT\" \/>\n<meta property=\"og:type\" content=\"article\" \/>\n<meta property=\"og:title\" content=\"DPT HCL online kopen - DPT HCL te koop\" \/>\n<meta property=\"og:description\" content=\"Onze winkel heeft de topkwaliteit DPT HCL te koop. U kunt nooit om de kwaliteit van onze producten heen. Als u het nodig heeft, DPT HCL dan meteen online kopen. Bestel nu in onze online winkel voor een goede nachtrust en kalmte.\" \/>\n<meta property=\"og:url\" content=\"https:\/\/rckopen.com\/it\/prodotto\/dpt-hcl\/\" \/>\n<meta property=\"og:site_name\" content=\"RC Kopen\" \/>\n<meta property=\"article:modified_time\" content=\"2025-02-03T06:58:59+00:00\" \/>\n<meta property=\"og:image\" content=\"https:\/\/rckopen.com\/wp-content\/uploads\/2023\/08\/DPT-HCL.jpg\" \/>\n\t<meta property=\"og:image:width\" content=\"600\" \/>\n\t<meta property=\"og:image:height\" content=\"600\" \/>\n\t<meta property=\"og:image:type\" content=\"image\/jpeg\" \/>\n<meta name=\"twitter:card\" content=\"summary_large_image\" \/>\n<meta name=\"twitter:label1\" content=\"Tempo di lettura stimato\" \/>\n\t<meta name=\"twitter:data1\" content=\"2 minuti\" \/>\n<script type=\"application\/ld+json\" class=\"yoast-schema-graph\">{\"@context\":\"https:\/\/schema.org\",\"@graph\":[{\"@type\":\"WebPage\",\"@id\":\"https:\/\/rckopen.com\/product\/dpt-hcl\/\",\"url\":\"https:\/\/rckopen.com\/product\/dpt-hcl\/\",\"name\":\"DPT HCL online kopen - DPT HCL te koop\",\"isPartOf\":{\"@id\":\"https:\/\/rckopen.com\/#website\"},\"primaryImageOfPage\":{\"@id\":\"https:\/\/rckopen.com\/product\/dpt-hcl\/#primaryimage\"},\"image\":{\"@id\":\"https:\/\/rckopen.com\/product\/dpt-hcl\/#primaryimage\"},\"thumbnailUrl\":\"https:\/\/rckopen.com\/wp-content\/uploads\/2023\/08\/DPT-HCL.jpg\",\"datePublished\":\"2023-08-17T10:56:53+00:00\",\"dateModified\":\"2025-02-03T06:58:59+00:00\",\"description\":\"Onze winkel heeft de topkwaliteit DPT HCL te koop. U kunt nooit om de kwaliteit van onze producten heen. Als u het nodig heeft, DPT HCL dan meteen online kopen. Bestel nu in onze online winkel voor een goede nachtrust en kalmte.\",\"breadcrumb\":{\"@id\":\"https:\/\/rckopen.com\/product\/dpt-hcl\/#breadcrumb\"},\"inLanguage\":\"it-IT\",\"potentialAction\":[{\"@type\":\"ReadAction\",\"target\":[\"https:\/\/rckopen.com\/product\/dpt-hcl\/\"]}]},{\"@type\":\"ImageObject\",\"inLanguage\":\"it-IT\",\"@id\":\"https:\/\/rckopen.com\/product\/dpt-hcl\/#primaryimage\",\"url\":\"https:\/\/rckopen.com\/wp-content\/uploads\/2023\/08\/DPT-HCL.jpg\",\"contentUrl\":\"https:\/\/rckopen.com\/wp-content\/uploads\/2023\/08\/DPT-HCL.jpg\",\"width\":600,\"height\":600,\"caption\":\"DPT-HCL online kopen\"},{\"@type\":\"BreadcrumbList\",\"@id\":\"https:\/\/rckopen.com\/product\/dpt-hcl\/#breadcrumb\",\"itemListElement\":[{\"@type\":\"ListItem\",\"position\":1,\"name\":\"Home\",\"item\":\"https:\/\/rckopen.com\/\"},{\"@type\":\"ListItem\",\"position\":2,\"name\":\"Shop\",\"item\":\"https:\/\/rckopen.com\/shop\/\"},{\"@type\":\"ListItem\",\"position\":3,\"name\":\"DPT HCL online kopen\"}]},{\"@type\":\"WebSite\",\"@id\":\"https:\/\/rckopen.com\/#website\",\"url\":\"https:\/\/rckopen.com\/\",\"name\":\"RC Kopen\",\"description\":\"Research Chemicals\",\"potentialAction\":[{\"@type\":\"SearchAction\",\"target\":{\"@type\":\"EntryPoint\",\"urlTemplate\":\"https:\/\/rckopen.com\/?s={search_term_string}\"},\"query-input\":{\"@type\":\"PropertyValueSpecification\",\"valueRequired\":true,\"valueName\":\"search_term_string\"}}],\"inLanguage\":\"it-IT\"}]}<\/script>\n<!-- \/ Yoast SEO plugin. -->","yoast_head_json":{"title":"DPT HCL online kopen - DPT HCL te koop","description":"Onze winkel heeft de topkwaliteit DPT HCL te koop. U kunt nooit om de kwaliteit van onze producten heen. Als u het nodig heeft, DPT HCL dan meteen online kopen. Bestel nu in onze online winkel voor een goede nachtrust en kalmte.","robots":{"index":"index","follow":"follow","max-snippet":"max-snippet:-1","max-image-preview":"max-image-preview:large","max-video-preview":"max-video-preview:-1"},"canonical":"https:\/\/rckopen.com\/it\/prodotto\/dpt-hcl\/","og_locale":"it_IT","og_type":"article","og_title":"DPT HCL online kopen - DPT HCL te koop","og_description":"Onze winkel heeft de topkwaliteit DPT HCL te koop. U kunt nooit om de kwaliteit van onze producten heen. Als u het nodig heeft, DPT HCL dan meteen online kopen. Bestel nu in onze online winkel voor een goede nachtrust en kalmte.","og_url":"https:\/\/rckopen.com\/it\/prodotto\/dpt-hcl\/","og_site_name":"RC Kopen","article_modified_time":"2025-02-03T06:58:59+00:00","og_image":[{"width":600,"height":600,"url":"https:\/\/rckopen.com\/wp-content\/uploads\/2023\/08\/DPT-HCL.jpg","type":"image\/jpeg"}],"twitter_card":"summary_large_image","twitter_misc":{"Tempo di lettura stimato":"2 minuti"},"schema":{"@context":"https:\/\/schema.org","@graph":[{"@type":"WebPage","@id":"https:\/\/rckopen.com\/product\/dpt-hcl\/","url":"https:\/\/rckopen.com\/product\/dpt-hcl\/","name":"DPT HCL online kopen - DPT HCL te koop","isPartOf":{"@id":"https:\/\/rckopen.com\/#website"},"primaryImageOfPage":{"@id":"https:\/\/rckopen.com\/product\/dpt-hcl\/#primaryimage"},"image":{"@id":"https:\/\/rckopen.com\/product\/dpt-hcl\/#primaryimage"},"thumbnailUrl":"https:\/\/rckopen.com\/wp-content\/uploads\/2023\/08\/DPT-HCL.jpg","datePublished":"2023-08-17T10:56:53+00:00","dateModified":"2025-02-03T06:58:59+00:00","description":"Onze winkel heeft de topkwaliteit DPT HCL te koop. U kunt nooit om de kwaliteit van onze producten heen. Als u het nodig heeft, DPT HCL dan meteen online kopen. Bestel nu in onze online winkel voor een goede nachtrust en kalmte.","breadcrumb":{"@id":"https:\/\/rckopen.com\/product\/dpt-hcl\/#breadcrumb"},"inLanguage":"it-IT","potentialAction":[{"@type":"ReadAction","target":["https:\/\/rckopen.com\/product\/dpt-hcl\/"]}]},{"@type":"ImageObject","inLanguage":"it-IT","@id":"https:\/\/rckopen.com\/product\/dpt-hcl\/#primaryimage","url":"https:\/\/rckopen.com\/wp-content\/uploads\/2023\/08\/DPT-HCL.jpg","contentUrl":"https:\/\/rckopen.com\/wp-content\/uploads\/2023\/08\/DPT-HCL.jpg","width":600,"height":600,"caption":"DPT-HCL online kopen"},{"@type":"BreadcrumbList","@id":"https:\/\/rckopen.com\/product\/dpt-hcl\/#breadcrumb","itemListElement":[{"@type":"ListItem","position":1,"name":"Home","item":"https:\/\/rckopen.com\/"},{"@type":"ListItem","position":2,"name":"Shop","item":"https:\/\/rckopen.com\/shop\/"},{"@type":"ListItem","position":3,"name":"DPT HCL online kopen"}]},{"@type":"WebSite","@id":"https:\/\/rckopen.com\/#website","url":"https:\/\/rckopen.com\/","name":"RC Kopen","description":"Research Chemicals","potentialAction":[{"@type":"SearchAction","target":{"@type":"EntryPoint","urlTemplate":"https:\/\/rckopen.com\/?s={search_term_string}"},"query-input":{"@type":"PropertyValueSpecification","valueRequired":true,"valueName":"search_term_string"}}],"inLanguage":"it-IT"}]}},"_links":{"self":[{"href":"https:\/\/rckopen.com\/it\/wp-json\/wp\/v2\/product\/6753","targetHints":{"allow":["GET"]}}],"collection":[{"href":"https:\/\/rckopen.com\/it\/wp-json\/wp\/v2\/product"}],"about":[{"href":"https:\/\/rckopen.com\/it\/wp-json\/wp\/v2\/types\/product"}],"replies":[{"embeddable":true,"href":"https:\/\/rckopen.com\/it\/wp-json\/wp\/v2\/comments?post=6753"}],"wp:featuredmedia":[{"embeddable":true,"href":"https:\/\/rckopen.com\/it\/wp-json\/wp\/v2\/media\/6902"}],"wp:attachment":[{"href":"https:\/\/rckopen.com\/it\/wp-json\/wp\/v2\/media?parent=6753"}],"wp:term":[{"taxonomy":"product_brand","embeddable":true,"href":"https:\/\/rckopen.com\/it\/wp-json\/wp\/v2\/product_brand?post=6753"},{"taxonomy":"product_cat","embeddable":true,"href":"https:\/\/rckopen.com\/it\/wp-json\/wp\/v2\/product_cat?post=6753"},{"taxonomy":"product_tag","embeddable":true,"href":"https:\/\/rckopen.com\/it\/wp-json\/wp\/v2\/product_tag?post=6753"}],"curies":[{"name":"wp","href":"https:\/\/api.w.org\/{rel}","templated":true}]}}