{"id":6755,"date":"2023-08-17T10:58:40","date_gmt":"2023-08-17T10:58:40","guid":{"rendered":"https:\/\/diligentplug.com\/chems\/?post_type=product&#038;p=6755"},"modified":"2025-02-04T05:23:17","modified_gmt":"2025-02-04T05:23:17","slug":"mipt-fumarate","status":"publish","type":"product","link":"https:\/\/rckopen.com\/it\/prodotto\/fumarato-di-mipt\/","title":{"rendered":"Acquista MiPT fumarato online"},"content":{"rendered":"<h2>Acquista MiPT fumarato online<\/h2>\n<h3>Benvenuti su RCKopen: la vostra migliore fonte di MiPT fumarato<\/h3>\n<p>Volete acquistare MiPT fumarato online? Non cercate oltre RCKopen, la vostra destinazione di fiducia per prodotti chimici di ricerca di alta qualit\u00e0. dove acquistare MiPT Fumarate? Grazie all'impegno per l'eccellenza e la soddisfazione del cliente, offriamo un'esperienza di acquisto senza soluzione di continuit\u00e0 per tutte le vostre esigenze di MiPT fumarato.<\/p>\n<h3>Perch\u00e9 scegliere RCKopen?<\/h3>\n<p>Noi di RCKopen diamo priorit\u00e0 alla qualit\u00e0, alla legalit\u00e0 e alla convenienza. Ecco perch\u00e9 dovreste scegliere noi per la vendita di MiPT fumarato:<\/p>\n<p>1. Prodotti di alta qualit\u00e0<br \/>\nSiamo consapevoli dell'importanza della purezza e della qualit\u00e0 dei prodotti chimici per la ricerca. Per questo motivo ci riforniamo di fumarato MiPT da fornitori affidabili per garantire i massimi standard in ogni lotto.<\/p>\n<p>1. Legale e conforme<br \/>\nPotete essere certi che tutti i nostri prodotti, incluso il fumarato MiPT, sono legali da acquistare. Rispettiamo le normative e le linee guida per offrirvi un'esperienza di acquisto senza preoccupazioni.<\/p>\n<p>1. Processo di ordinazione semplice<br \/>\nIl nostro sito web facile da usare rende facile la ricerca, la selezione e l'acquisto di MiPT fumarato con pochi clic. Non avete la ricetta? Nessun problema. Offriamo una soluzione conveniente per acquistare MiPT fumarate senza prescrizione medica.<\/p>\n<h3>Come acquistare il fumarato di MiPT<\/h3>\n<p>Pronti per l'acquisto? Seguite questi semplici passaggi per acquistare MiPT fumarato da RCKopen:<\/p>\n<p>1. Sfoglia la nostra selezione<br \/>\nEsplorate la nostra ampia gamma di prodotti a base di fumarato MiPT disponibili sul nostro sito web. Dalle diverse quantit\u00e0 alle diverse forme, abbiamo opzioni per soddisfare le vostre esigenze di ricerca.<\/p>\n<p>1. Aggiungi al carrello<br \/>\nUna volta trovato il prodotto MiPT fumarato desiderato, \u00e8 sufficiente aggiungerlo al carrello. Potete controllare la vostra selezione prima di procedere al pagamento. Acquistare MiPT fumarato solo da noi in Italia.<\/p>\n<p>1. Cassa sicura<br \/>\nIl nostro processo di pagamento sicuro garantisce la protezione dei vostri dati personali e di pagamento. Scegliete tra pi\u00f9 opzioni di pagamento per una transazione senza problemi.<\/p>\n<p>1. Spedizione veloce<br \/>\nComprendiamo l'urgenza dei vostri progetti di ricerca. Per questo motivo, offriamo opzioni di spedizione rapide e affidabili per far arrivare rapidamente a casa vostra il fumarato di MiPT.<\/p>\n<h3>Acquista MiPT Fumarate online oggi stesso!<\/h3>\n<p>Non perdere l'occasione di acquistare fumarato MiPT di alta qualit\u00e0 e ordinalo da un fornitore di fiducia. Acquista subito su RCKopen e scopri l'eccellenza nei prodotti chimici per la ricerca. Che tu sia nel Regno Unito o altrove, siamo qui per aiutarti. Acquista MiPT Fumarate online oggi stesso in modo legale e senza problemi!<\/p>","protected":false},"excerpt":{"rendered":"<p><strong>Nome IUPAC: <\/strong>N-[2-(1H-indol-3-yl)ethyl]-N-methylpropan-2-amine<\/p>\n<p><strong>Altro nome:<\/strong><\/p>\n<p>N-metil-N-isopropiltriptamina<\/p>\n<p><strong>Aspetto: <\/strong>polvere<\/p>\n<p><strong>Forma: <\/strong>fumarato<\/p>\n<p><strong>Analisi NMR: <\/strong>N\/D<\/p>","protected":false},"featured_media":7922,"comment_status":"open","ping_status":"closed","template":"","meta":{"_joinchat":[]},"product_brand":[],"product_cat":[149],"product_tag":[],"class_list":{"0":"post-6755","1":"product","2":"type-product","3":"status-publish","4":"has-post-thumbnail","6":"product_cat-tryptaminen","8":"first","9":"instock","10":"shipping-taxable","11":"purchasable","12":"product-type-variable"},"yoast_head":"<!-- This site is optimized with the Yoast SEO plugin v26.3 - https:\/\/yoast.com\/wordpress\/plugins\/seo\/ -->\n<title>MIPT-fumarate online kopen - MIPT-fumarate te koop | RC Kopen<\/title>\n<meta name=\"description\" content=\"Onze online RC Kopen winkel heeft de beste kwaliteit MIPT Fumaraat te koop. Wilt u MIPT Fumaraat online kopen, dan kunnen wij u van alle kanten helpen. Bestel vandaag nog!\" \/>\n<meta name=\"robots\" content=\"index, follow, max-snippet:-1, max-image-preview:large, max-video-preview:-1\" \/>\n<link rel=\"canonical\" href=\"https:\/\/rckopen.com\/it\/prodotto\/fumarato-di-mipt\/\" \/>\n<meta property=\"og:locale\" content=\"it_IT\" \/>\n<meta property=\"og:type\" content=\"article\" \/>\n<meta property=\"og:title\" content=\"MIPT-fumarate online kopen - MIPT-fumarate te koop | RC Kopen\" \/>\n<meta property=\"og:description\" content=\"Onze online RC Kopen winkel heeft de beste kwaliteit MIPT Fumaraat te koop. Wilt u MIPT Fumaraat online kopen, dan kunnen wij u van alle kanten helpen. Bestel vandaag nog!\" \/>\n<meta property=\"og:url\" content=\"https:\/\/rckopen.com\/it\/prodotto\/fumarato-di-mipt\/\" \/>\n<meta property=\"og:site_name\" content=\"RC Kopen\" \/>\n<meta property=\"article:modified_time\" content=\"2025-02-04T05:23:17+00:00\" \/>\n<meta property=\"og:image\" content=\"https:\/\/rckopen.com\/wp-content\/uploads\/2023\/08\/mipt-fumarate-1.jpg\" \/>\n\t<meta property=\"og:image:width\" content=\"600\" \/>\n\t<meta property=\"og:image:height\" content=\"600\" \/>\n\t<meta property=\"og:image:type\" content=\"image\/jpeg\" \/>\n<meta name=\"twitter:card\" content=\"summary_large_image\" \/>\n<meta name=\"twitter:label1\" content=\"Tempo di lettura stimato\" \/>\n\t<meta name=\"twitter:data1\" content=\"2 minuti\" \/>\n<script type=\"application\/ld+json\" class=\"yoast-schema-graph\">{\"@context\":\"https:\/\/schema.org\",\"@graph\":[{\"@type\":\"WebPage\",\"@id\":\"https:\/\/rckopen.com\/product\/mipt-fumarate\/\",\"url\":\"https:\/\/rckopen.com\/product\/mipt-fumarate\/\",\"name\":\"MIPT-fumarate online kopen - MIPT-fumarate te koop | RC Kopen\",\"isPartOf\":{\"@id\":\"https:\/\/rckopen.com\/#website\"},\"primaryImageOfPage\":{\"@id\":\"https:\/\/rckopen.com\/product\/mipt-fumarate\/#primaryimage\"},\"image\":{\"@id\":\"https:\/\/rckopen.com\/product\/mipt-fumarate\/#primaryimage\"},\"thumbnailUrl\":\"https:\/\/rckopen.com\/wp-content\/uploads\/2023\/08\/mipt-fumarate-1.jpg\",\"datePublished\":\"2023-08-17T10:58:40+00:00\",\"dateModified\":\"2025-02-04T05:23:17+00:00\",\"description\":\"Onze online RC Kopen winkel heeft de beste kwaliteit MIPT Fumaraat te koop. Wilt u MIPT Fumaraat online kopen, dan kunnen wij u van alle kanten helpen. Bestel vandaag nog!\",\"breadcrumb\":{\"@id\":\"https:\/\/rckopen.com\/product\/mipt-fumarate\/#breadcrumb\"},\"inLanguage\":\"it-IT\",\"potentialAction\":[{\"@type\":\"ReadAction\",\"target\":[\"https:\/\/rckopen.com\/product\/mipt-fumarate\/\"]}]},{\"@type\":\"ImageObject\",\"inLanguage\":\"it-IT\",\"@id\":\"https:\/\/rckopen.com\/product\/mipt-fumarate\/#primaryimage\",\"url\":\"https:\/\/rckopen.com\/wp-content\/uploads\/2023\/08\/mipt-fumarate-1.jpg\",\"contentUrl\":\"https:\/\/rckopen.com\/wp-content\/uploads\/2023\/08\/mipt-fumarate-1.jpg\",\"width\":600,\"height\":600,\"caption\":\"mipt-fumarate online kopen\"},{\"@type\":\"BreadcrumbList\",\"@id\":\"https:\/\/rckopen.com\/product\/mipt-fumarate\/#breadcrumb\",\"itemListElement\":[{\"@type\":\"ListItem\",\"position\":1,\"name\":\"Home\",\"item\":\"https:\/\/rckopen.com\/\"},{\"@type\":\"ListItem\",\"position\":2,\"name\":\"Shop\",\"item\":\"https:\/\/rckopen.com\/shop\/\"},{\"@type\":\"ListItem\",\"position\":3,\"name\":\"MiPT fumarate online kopen\"}]},{\"@type\":\"WebSite\",\"@id\":\"https:\/\/rckopen.com\/#website\",\"url\":\"https:\/\/rckopen.com\/\",\"name\":\"RC Kopen\",\"description\":\"Research Chemicals\",\"potentialAction\":[{\"@type\":\"SearchAction\",\"target\":{\"@type\":\"EntryPoint\",\"urlTemplate\":\"https:\/\/rckopen.com\/?s={search_term_string}\"},\"query-input\":{\"@type\":\"PropertyValueSpecification\",\"valueRequired\":true,\"valueName\":\"search_term_string\"}}],\"inLanguage\":\"it-IT\"}]}<\/script>\n<!-- \/ Yoast SEO plugin. -->","yoast_head_json":{"title":"MIPT-fumarate online kopen - MIPT-fumarate te koop | RC Kopen","description":"Onze online RC Kopen winkel heeft de beste kwaliteit MIPT Fumaraat te koop. Wilt u MIPT Fumaraat online kopen, dan kunnen wij u van alle kanten helpen. Bestel vandaag nog!","robots":{"index":"index","follow":"follow","max-snippet":"max-snippet:-1","max-image-preview":"max-image-preview:large","max-video-preview":"max-video-preview:-1"},"canonical":"https:\/\/rckopen.com\/it\/prodotto\/fumarato-di-mipt\/","og_locale":"it_IT","og_type":"article","og_title":"MIPT-fumarate online kopen - MIPT-fumarate te koop | RC Kopen","og_description":"Onze online RC Kopen winkel heeft de beste kwaliteit MIPT Fumaraat te koop. Wilt u MIPT Fumaraat online kopen, dan kunnen wij u van alle kanten helpen. Bestel vandaag nog!","og_url":"https:\/\/rckopen.com\/it\/prodotto\/fumarato-di-mipt\/","og_site_name":"RC Kopen","article_modified_time":"2025-02-04T05:23:17+00:00","og_image":[{"width":600,"height":600,"url":"https:\/\/rckopen.com\/wp-content\/uploads\/2023\/08\/mipt-fumarate-1.jpg","type":"image\/jpeg"}],"twitter_card":"summary_large_image","twitter_misc":{"Tempo di lettura stimato":"2 minuti"},"schema":{"@context":"https:\/\/schema.org","@graph":[{"@type":"WebPage","@id":"https:\/\/rckopen.com\/product\/mipt-fumarate\/","url":"https:\/\/rckopen.com\/product\/mipt-fumarate\/","name":"MIPT-fumarate online kopen - MIPT-fumarate te koop | RC Kopen","isPartOf":{"@id":"https:\/\/rckopen.com\/#website"},"primaryImageOfPage":{"@id":"https:\/\/rckopen.com\/product\/mipt-fumarate\/#primaryimage"},"image":{"@id":"https:\/\/rckopen.com\/product\/mipt-fumarate\/#primaryimage"},"thumbnailUrl":"https:\/\/rckopen.com\/wp-content\/uploads\/2023\/08\/mipt-fumarate-1.jpg","datePublished":"2023-08-17T10:58:40+00:00","dateModified":"2025-02-04T05:23:17+00:00","description":"Onze online RC Kopen winkel heeft de beste kwaliteit MIPT Fumaraat te koop. Wilt u MIPT Fumaraat online kopen, dan kunnen wij u van alle kanten helpen. Bestel vandaag nog!","breadcrumb":{"@id":"https:\/\/rckopen.com\/product\/mipt-fumarate\/#breadcrumb"},"inLanguage":"it-IT","potentialAction":[{"@type":"ReadAction","target":["https:\/\/rckopen.com\/product\/mipt-fumarate\/"]}]},{"@type":"ImageObject","inLanguage":"it-IT","@id":"https:\/\/rckopen.com\/product\/mipt-fumarate\/#primaryimage","url":"https:\/\/rckopen.com\/wp-content\/uploads\/2023\/08\/mipt-fumarate-1.jpg","contentUrl":"https:\/\/rckopen.com\/wp-content\/uploads\/2023\/08\/mipt-fumarate-1.jpg","width":600,"height":600,"caption":"mipt-fumarate online kopen"},{"@type":"BreadcrumbList","@id":"https:\/\/rckopen.com\/product\/mipt-fumarate\/#breadcrumb","itemListElement":[{"@type":"ListItem","position":1,"name":"Home","item":"https:\/\/rckopen.com\/"},{"@type":"ListItem","position":2,"name":"Shop","item":"https:\/\/rckopen.com\/shop\/"},{"@type":"ListItem","position":3,"name":"MiPT fumarate online kopen"}]},{"@type":"WebSite","@id":"https:\/\/rckopen.com\/#website","url":"https:\/\/rckopen.com\/","name":"RC Kopen","description":"Research Chemicals","potentialAction":[{"@type":"SearchAction","target":{"@type":"EntryPoint","urlTemplate":"https:\/\/rckopen.com\/?s={search_term_string}"},"query-input":{"@type":"PropertyValueSpecification","valueRequired":true,"valueName":"search_term_string"}}],"inLanguage":"it-IT"}]}},"_links":{"self":[{"href":"https:\/\/rckopen.com\/it\/wp-json\/wp\/v2\/product\/6755","targetHints":{"allow":["GET"]}}],"collection":[{"href":"https:\/\/rckopen.com\/it\/wp-json\/wp\/v2\/product"}],"about":[{"href":"https:\/\/rckopen.com\/it\/wp-json\/wp\/v2\/types\/product"}],"replies":[{"embeddable":true,"href":"https:\/\/rckopen.com\/it\/wp-json\/wp\/v2\/comments?post=6755"}],"wp:featuredmedia":[{"embeddable":true,"href":"https:\/\/rckopen.com\/it\/wp-json\/wp\/v2\/media\/7922"}],"wp:attachment":[{"href":"https:\/\/rckopen.com\/it\/wp-json\/wp\/v2\/media?parent=6755"}],"wp:term":[{"taxonomy":"product_brand","embeddable":true,"href":"https:\/\/rckopen.com\/it\/wp-json\/wp\/v2\/product_brand?post=6755"},{"taxonomy":"product_cat","embeddable":true,"href":"https:\/\/rckopen.com\/it\/wp-json\/wp\/v2\/product_cat?post=6755"},{"taxonomy":"product_tag","embeddable":true,"href":"https:\/\/rckopen.com\/it\/wp-json\/wp\/v2\/product_tag?post=6755"}],"curies":[{"name":"wp","href":"https:\/\/api.w.org\/{rel}","templated":true}]}}