{"id":6757,"date":"2023-08-17T11:01:22","date_gmt":"2023-08-17T11:01:22","guid":{"rendered":"https:\/\/diligentplug.com\/chems\/?post_type=product&#038;p=6757"},"modified":"2025-02-04T05:18:12","modified_gmt":"2025-02-04T05:18:12","slug":"met-fumarate","status":"publish","type":"product","link":"https:\/\/rckopen.com\/it\/prodotto\/con-fumarato\/","title":{"rendered":"Acquista MET Fumarate online"},"content":{"rendered":"<h2>Ontdek de beste deals voor MET Fumarate online kopen<\/h2>\n<p>Vuoi acquistare MET Fumarate online? Non sai dove trovare le migliori offerte o se \u00e8 possibile acquistarlo legalmente senza prescrizione medica? Non cercare oltre! Su rckopen.com ci impegniamo a fornirti MET fumarato di alta qualit\u00e0 a prezzi competitivi.<\/p>\n<h3>Ecco perch\u00e9 dovreste scegliere noi per tutte le vostre esigenze di MET Fumarato:<br \/>\nPerch\u00e9 scegliere MET Fumarato da rckopen.com?<\/h3>\n<p>A rckopen.com, comprendiamo l'importanza della qualit\u00e0 e della legalit\u00e0 dove acquistare MET Fumarato. Pertanto, ci assicuriamo che tutti i nostri prodotti provengano da fornitori affidabili e siano conformi ai requisiti legali. Quando si acquista MET Fumarate da noi, si pu\u00f2 essere certi di ottenere un prodotto originale che soddisfa i pi\u00f9 alti standard di qualit\u00e0 e sicurezza.<\/p>\n<h3>La convenienza di acquistare MET Fumarato online<\/h3>\n<p>Con il nostro negozio online, acquistare MET Fumarate \u00e8 sempre stata una sfida. Che tu ti trovi nel Regno Unito o altrove, puoi ordinare MET Fumarate comodamente da casa tua in pochi clic. Non dovrai pi\u00f9 preoccuparti di visitare pi\u00f9 negozi o di fare lunghe file: visita il nostro sito web, effettua il tuo ordine e noi penseremo al resto.<\/p>\n<h3>Prezzi competitivi e offerte speciali<\/h3>\n<p>Tutti dovrebbero avere accesso a farmaci a prezzi accessibili, ed \u00e8 per questo che offriamo prezzi competitivi su tutti i nostri prodotti. Tenete d'occhio le nostre offerte speciali e gli sconti per risparmiare ancora di pi\u00f9 sui vostri acquisti di MET Fumarato.<\/p>\n<h3>Spedizione veloce e discreta<\/h3>\n<p>Siamo consapevoli dell'importanza della privacy quando si tratta di acquistare farmaci online. Ecco perch\u00e9 offriamo una spedizione veloce e discreta di tutti gli ordini. Il vostro ordine di MET Fumarate sar\u00e0 imballato in modo sicuro e consegnato direttamente a casa vostra, garantendo la completa riservatezza in ogni fase.<\/p>\n<h3>Garanzia di soddisfazione del cliente<\/h3>\n<p>La vostra soddisfazione \u00e8 la nostra massima priorit\u00e0. Se per qualsiasi motivo non siete completamente soddisfatti del vostro acquisto di MET Fumarate, contattate il nostro amichevole servizio clienti e faremo tutto il possibile per sistemare le cose.<\/p>\n<h3>Ordinate oggi stesso il MET Fumarato!<\/h3>\n<p>Non lasciare che la seccatura di trovare MET Fumarate in vendita ti impedisca di ottenere l'aiuto di cui hai bisogno. Ordina oggi su rckopen.com e scopri la comodit\u00e0 di acquistare MET Fumarate online. Grazie ai nostri prezzi competitivi, alla spedizione veloce e all'impegno per la qualit\u00e0, non troverete un posto migliore per acquistare MET Fumarate online.<\/p>","protected":false},"excerpt":{"rendered":"<p><strong>Nome IUPAC: <\/strong>Etil-(2-(1H-indol-3-il)-etil)metilammina<\/p>\n<p><strong>CAS # <\/strong>5599-69-9<\/p>\n<p><strong>Altro nome: <\/strong>N-etil-N-metiltriptamina<\/p>\n<p><strong>Forma: <\/strong>fumarato<\/p>\n<p><strong>Analisi NMR: <\/strong>C13H18N2<\/p>","protected":false},"featured_media":0,"comment_status":"open","ping_status":"closed","template":"","meta":{"_joinchat":[]},"product_brand":[],"product_cat":[149],"product_tag":[],"class_list":{"0":"post-6757","1":"product","2":"type-product","3":"status-publish","5":"product_cat-tryptaminen","7":"first","8":"instock","9":"shipping-taxable","10":"purchasable","11":"product-type-variable"},"yoast_head":"<!-- This site is optimized with the Yoast SEO plugin v26.3 - https:\/\/yoast.com\/wordpress\/plugins\/seo\/ -->\n<title>MET-Fumarate online kopen - MET-Fumarate online te koop<\/title>\n<meta name=\"description\" content=\"Als u MET Fumaraat online zonder recept wilt kopen, is rckopen.com de beste plaats om MET Fumaraat online kopen, MET Fumaraat te koop en MET Fumaraat online tegen de beste prijs te kopen. Bestel nu!\" \/>\n<meta name=\"robots\" content=\"index, follow, max-snippet:-1, max-image-preview:large, max-video-preview:-1\" \/>\n<link rel=\"canonical\" href=\"https:\/\/rckopen.com\/it\/prodotto\/con-fumarato\/\" \/>\n<meta property=\"og:locale\" content=\"it_IT\" \/>\n<meta property=\"og:type\" content=\"article\" \/>\n<meta property=\"og:title\" content=\"MET-Fumarate online kopen - MET-Fumarate online te koop\" \/>\n<meta property=\"og:description\" content=\"Als u MET Fumaraat online zonder recept wilt kopen, is rckopen.com de beste plaats om MET Fumaraat online kopen, MET Fumaraat te koop en MET Fumaraat online tegen de beste prijs te kopen. Bestel nu!\" \/>\n<meta property=\"og:url\" content=\"https:\/\/rckopen.com\/it\/prodotto\/con-fumarato\/\" \/>\n<meta property=\"og:site_name\" content=\"RC Kopen\" \/>\n<meta property=\"article:modified_time\" content=\"2025-02-04T05:18:12+00:00\" \/>\n<meta name=\"twitter:card\" content=\"summary_large_image\" \/>\n<meta name=\"twitter:label1\" content=\"Tempo di lettura stimato\" \/>\n\t<meta name=\"twitter:data1\" content=\"2 minuti\" \/>\n<script type=\"application\/ld+json\" class=\"yoast-schema-graph\">{\"@context\":\"https:\/\/schema.org\",\"@graph\":[{\"@type\":\"WebPage\",\"@id\":\"https:\/\/rckopen.com\/product\/met-fumarate\/\",\"url\":\"https:\/\/rckopen.com\/product\/met-fumarate\/\",\"name\":\"MET-Fumarate online kopen - MET-Fumarate online te koop\",\"isPartOf\":{\"@id\":\"https:\/\/rckopen.com\/#website\"},\"datePublished\":\"2023-08-17T11:01:22+00:00\",\"dateModified\":\"2025-02-04T05:18:12+00:00\",\"description\":\"Als u MET Fumaraat online zonder recept wilt kopen, is rckopen.com de beste plaats om MET Fumaraat online kopen, MET Fumaraat te koop en MET Fumaraat online tegen de beste prijs te kopen. Bestel nu!\",\"breadcrumb\":{\"@id\":\"https:\/\/rckopen.com\/product\/met-fumarate\/#breadcrumb\"},\"inLanguage\":\"it-IT\",\"potentialAction\":[{\"@type\":\"ReadAction\",\"target\":[\"https:\/\/rckopen.com\/product\/met-fumarate\/\"]}]},{\"@type\":\"BreadcrumbList\",\"@id\":\"https:\/\/rckopen.com\/product\/met-fumarate\/#breadcrumb\",\"itemListElement\":[{\"@type\":\"ListItem\",\"position\":1,\"name\":\"Home\",\"item\":\"https:\/\/rckopen.com\/\"},{\"@type\":\"ListItem\",\"position\":2,\"name\":\"Shop\",\"item\":\"https:\/\/rckopen.com\/shop\/\"},{\"@type\":\"ListItem\",\"position\":3,\"name\":\"MET Fumarate online Kopen\"}]},{\"@type\":\"WebSite\",\"@id\":\"https:\/\/rckopen.com\/#website\",\"url\":\"https:\/\/rckopen.com\/\",\"name\":\"RC Kopen\",\"description\":\"Research Chemicals\",\"potentialAction\":[{\"@type\":\"SearchAction\",\"target\":{\"@type\":\"EntryPoint\",\"urlTemplate\":\"https:\/\/rckopen.com\/?s={search_term_string}\"},\"query-input\":{\"@type\":\"PropertyValueSpecification\",\"valueRequired\":true,\"valueName\":\"search_term_string\"}}],\"inLanguage\":\"it-IT\"}]}<\/script>\n<!-- \/ Yoast SEO plugin. -->","yoast_head_json":{"title":"MET-Fumarate online kopen - MET-Fumarate online te koop","description":"Als u MET Fumaraat online zonder recept wilt kopen, is rckopen.com de beste plaats om MET Fumaraat online kopen, MET Fumaraat te koop en MET Fumaraat online tegen de beste prijs te kopen. Bestel nu!","robots":{"index":"index","follow":"follow","max-snippet":"max-snippet:-1","max-image-preview":"max-image-preview:large","max-video-preview":"max-video-preview:-1"},"canonical":"https:\/\/rckopen.com\/it\/prodotto\/con-fumarato\/","og_locale":"it_IT","og_type":"article","og_title":"MET-Fumarate online kopen - MET-Fumarate online te koop","og_description":"Als u MET Fumaraat online zonder recept wilt kopen, is rckopen.com de beste plaats om MET Fumaraat online kopen, MET Fumaraat te koop en MET Fumaraat online tegen de beste prijs te kopen. Bestel nu!","og_url":"https:\/\/rckopen.com\/it\/prodotto\/con-fumarato\/","og_site_name":"RC Kopen","article_modified_time":"2025-02-04T05:18:12+00:00","twitter_card":"summary_large_image","twitter_misc":{"Tempo di lettura stimato":"2 minuti"},"schema":{"@context":"https:\/\/schema.org","@graph":[{"@type":"WebPage","@id":"https:\/\/rckopen.com\/product\/met-fumarate\/","url":"https:\/\/rckopen.com\/product\/met-fumarate\/","name":"MET-Fumarate online kopen - MET-Fumarate online te koop","isPartOf":{"@id":"https:\/\/rckopen.com\/#website"},"datePublished":"2023-08-17T11:01:22+00:00","dateModified":"2025-02-04T05:18:12+00:00","description":"Als u MET Fumaraat online zonder recept wilt kopen, is rckopen.com de beste plaats om MET Fumaraat online kopen, MET Fumaraat te koop en MET Fumaraat online tegen de beste prijs te kopen. Bestel nu!","breadcrumb":{"@id":"https:\/\/rckopen.com\/product\/met-fumarate\/#breadcrumb"},"inLanguage":"it-IT","potentialAction":[{"@type":"ReadAction","target":["https:\/\/rckopen.com\/product\/met-fumarate\/"]}]},{"@type":"BreadcrumbList","@id":"https:\/\/rckopen.com\/product\/met-fumarate\/#breadcrumb","itemListElement":[{"@type":"ListItem","position":1,"name":"Home","item":"https:\/\/rckopen.com\/"},{"@type":"ListItem","position":2,"name":"Shop","item":"https:\/\/rckopen.com\/shop\/"},{"@type":"ListItem","position":3,"name":"MET Fumarate online Kopen"}]},{"@type":"WebSite","@id":"https:\/\/rckopen.com\/#website","url":"https:\/\/rckopen.com\/","name":"RC Kopen","description":"Research Chemicals","potentialAction":[{"@type":"SearchAction","target":{"@type":"EntryPoint","urlTemplate":"https:\/\/rckopen.com\/?s={search_term_string}"},"query-input":{"@type":"PropertyValueSpecification","valueRequired":true,"valueName":"search_term_string"}}],"inLanguage":"it-IT"}]}},"_links":{"self":[{"href":"https:\/\/rckopen.com\/it\/wp-json\/wp\/v2\/product\/6757","targetHints":{"allow":["GET"]}}],"collection":[{"href":"https:\/\/rckopen.com\/it\/wp-json\/wp\/v2\/product"}],"about":[{"href":"https:\/\/rckopen.com\/it\/wp-json\/wp\/v2\/types\/product"}],"replies":[{"embeddable":true,"href":"https:\/\/rckopen.com\/it\/wp-json\/wp\/v2\/comments?post=6757"}],"wp:attachment":[{"href":"https:\/\/rckopen.com\/it\/wp-json\/wp\/v2\/media?parent=6757"}],"wp:term":[{"taxonomy":"product_brand","embeddable":true,"href":"https:\/\/rckopen.com\/it\/wp-json\/wp\/v2\/product_brand?post=6757"},{"taxonomy":"product_cat","embeddable":true,"href":"https:\/\/rckopen.com\/it\/wp-json\/wp\/v2\/product_cat?post=6757"},{"taxonomy":"product_tag","embeddable":true,"href":"https:\/\/rckopen.com\/it\/wp-json\/wp\/v2\/product_tag?post=6757"}],"curies":[{"name":"wp","href":"https:\/\/api.w.org\/{rel}","templated":true}]}}