{"id":6758,"date":"2023-08-17T11:02:40","date_gmt":"2023-08-17T11:02:40","guid":{"rendered":"https:\/\/diligentplug.com\/chems\/?post_type=product&#038;p=6758"},"modified":"2025-02-01T08:40:08","modified_gmt":"2025-02-01T08:40:08","slug":"5-meo-met","status":"publish","type":"product","link":"https:\/\/rckopen.com\/it\/prodotto\/5-meo-con\/","title":{"rendered":"5-MEO-MET"},"content":{"rendered":"<h2>5-MEO-MET online kopen<\/h2>\n<p>La tua guida completa per gli acquisti online <a href=\"https:\/\/rckopen.com\/it\/prodotto\/5-meo-con\/\">5-MEO-MET<\/a><br \/>\nState pensando di ordinare 5-MEO-MET? Non trascurate nulla. Qui troverete tutto ci\u00f2 che dovete sapere per fare un acquisto intelligente.<br \/>\nComprendere 5-MEO-MET<\/p>\n<p>5-metossi-N-etil-N-metiltriptamina, meglio conosciuta come <a href=\"https:\/\/en.wikipedia.org\/wiki\/5-MeO-MET\">5-MEO-MET<\/a>, \u00e8 una potente sostanza psichedelica appartenente alla classe delle triptamine. \u00c8 noto per i suoi effetti unici sulla coscienza, tra cui distorsioni visive, alterata percezione del tempo e profonda introspezione.<\/p>\n<h3>Perch\u00e9 acquistare 5-MEO-MET online?<\/h3>\n<p>1. Convenienza: l'acquisto di 5-MEO-MET online offre una convenienza senza pari. Dalla comodit\u00e0 della vostra poltrona, potete sfogliare un'ampia selezione di prodotti.<\/p>\n<p>2. Privacy: gli acquisti online offrono un modo discreto di ordinare 5-MEO-MET senza attirare attenzioni indesiderate.<\/p>\n<p>3. Variet\u00e0: I venditori online offrono spesso una gamma di prodotti pi\u00f9 ampia rispetto ai negozi fisici tradizionali, consentendo di scegliere tra diverse forme e dosaggi.<\/p>\n<h3>Dove si pu\u00f2 acquistare 5-MEO-MET online?<\/h3>\n<p>Per un'esperienza sicura e soddisfacente \u00e8 fondamentale trovare una fonte affidabile da cui acquistare 5-MEO-MET. Ecco alcuni fattori da considerare quando si sceglie un fornitore online:<\/p>\n<p>1. Reputazione: Scegliete fornitori con una comprovata esperienza nella fornitura di prodotti di alta qualit\u00e0 e un eccellente servizio clienti.<\/p>\n<p>2. Recensioni: Controllare le recensioni e le testimonianze dei clienti per valutare l'affidabilit\u00e0 e la seriet\u00e0 del fornitore.<\/p>\n<p>3. Legalit\u00e0: assicurarsi che il venditore operi entro i limiti legali della propria giurisdizione per acquistare 5-MEO-MET legalmente.<\/p>\n<h3>RCkopen.com: il tuo negozio 5-MEO-MET di fiducia<\/h3>\n<p><a href=\"https:\/\/rckopen.com\/it\/\">RCKOpen.com<\/a> \u00e8 la tua destinazione preferita per l'acquisto online di 5-MEO-MET in vendita. Ecco perch\u00e9:<\/p>\n<p>1. Garanzia di qualit\u00e0: su RCkopen.com diamo priorit\u00e0 alla qualit\u00e0 e alla purezza. I nostri prodotti vengono sottoposti a rigorosi test per garantirne la conformit\u00e0 agli standard del settore.<\/p>\n<p>2. Ampia scelta: esplorate la nostra vasta gamma di prodotti 5-MEO-MET, tra cui polvere e pellet, per trovare l'opzione pi\u00f9 adatta alle vostre esigenze.<\/p>\n<p>3. Transazioni sicure: Diamo priorit\u00e0 alla vostra privacy e alla vostra sicurezza. Godetevi le transazioni sicure e criptate quando ordinate 5-MEO-MET su rckopen.com.<\/p>\n<h3>Come ordinare 5-MEO-MET tramite rckopen.com<\/h3>\n<p>1. Visita il nostro sito web: visita RCkopen.com per esplorare la nostra selezione di prodotti 5-MEO-MET in vendita.<\/p>\n<p>2. Selezionare il prodotto: scegliere la forma e la quantit\u00e0 di 5-MEO-MET desiderata dal nostro catalogo.<\/p>\n<p>3. Effettuare l'ordine: seguire il semplice processo di checkout per effettuare l'ordine in modo sicuro.<\/p>\n<p>4. Ricevere il pacco: Sedetevi e rilassatevi mentre consegniamo con discrezione il vostro 5-MEO-MET a casa vostra.<\/p>\n<h3>Acquistare 5-MEO-MET senza ricetta su rckopen.com<\/h3>\n<p>Noi di RCkopen.com comprendiamo l'importanza dell'accessibilit\u00e0. Ecco perch\u00e9 offriamo la comodit\u00e0 di acquistare 5-MEO-MET senza prescrizione medica.<\/p>\n<p>Risiedi nel Regno Unito? Rckopen.com si rivolge ai clienti di tutto il Regno Unito e offre opzioni di spedizione rapide e affidabili per la vostra comodit\u00e0. Acquista 5-MEO-MET online solo da noi nel Regno Unito.<\/p>","protected":false},"excerpt":{"rendered":"<p><strong>Nome IUPAC: <\/strong>nullo<\/p>\n<p><strong>CAS # <\/strong>nullo<\/p>\n<p><strong>Altro nome: <\/strong>5-MEO-MET<\/p>\n<p><strong>Aspetto: <\/strong>polvere<\/p>\n<p><strong>Forma: <\/strong>fumarato<\/p>\n<p><strong>Analisi NMR: <\/strong>N\/D<\/p>","protected":false},"featured_media":6946,"comment_status":"open","ping_status":"closed","template":"","meta":{"_joinchat":[]},"product_brand":[],"product_cat":[149],"product_tag":[],"class_list":{"0":"post-6758","1":"product","2":"type-product","3":"status-publish","4":"has-post-thumbnail","6":"product_cat-tryptaminen","8":"first","9":"instock","10":"shipping-taxable","11":"purchasable","12":"product-type-variable"},"yoast_head":"<!-- This site is optimized with the Yoast SEO plugin v26.3 - https:\/\/yoast.com\/wordpress\/plugins\/seo\/ -->\n<title>5 Meo Met online kopen - 5 Meo Met te koop<\/title>\n<meta name=\"description\" content=\"5 Meo Met online kopen op onze website voor producten van hoge kwaliteit. Geniet van het gemak van het bestellen van 5 Meo Met te koop en ervaar de beste service en productvariatie. Plaats nu uw bestelling!\" \/>\n<meta name=\"robots\" content=\"index, follow, max-snippet:-1, max-image-preview:large, max-video-preview:-1\" \/>\n<link rel=\"canonical\" href=\"https:\/\/rckopen.com\/it\/prodotto\/5-meo-con\/\" \/>\n<meta property=\"og:locale\" content=\"it_IT\" \/>\n<meta property=\"og:type\" content=\"article\" \/>\n<meta property=\"og:title\" content=\"5 Meo Met online kopen - 5 Meo Met te koop\" \/>\n<meta property=\"og:description\" content=\"5 Meo Met online kopen op onze website voor producten van hoge kwaliteit. Geniet van het gemak van het bestellen van 5 Meo Met te koop en ervaar de beste service en productvariatie. Plaats nu uw bestelling!\" \/>\n<meta property=\"og:url\" content=\"https:\/\/rckopen.com\/it\/prodotto\/5-meo-con\/\" \/>\n<meta property=\"og:site_name\" content=\"RC Kopen\" \/>\n<meta property=\"article:modified_time\" content=\"2025-02-01T08:40:08+00:00\" \/>\n<meta property=\"og:image\" content=\"https:\/\/rckopen.com\/wp-content\/uploads\/2023\/08\/5-MEO-MET.jpg\" \/>\n\t<meta property=\"og:image:width\" content=\"600\" \/>\n\t<meta property=\"og:image:height\" content=\"600\" \/>\n\t<meta property=\"og:image:type\" content=\"image\/jpeg\" \/>\n<meta name=\"twitter:card\" content=\"summary_large_image\" \/>\n<meta name=\"twitter:label1\" content=\"Tempo di lettura stimato\" \/>\n\t<meta name=\"twitter:data1\" content=\"3 minuti\" \/>\n<script type=\"application\/ld+json\" class=\"yoast-schema-graph\">{\"@context\":\"https:\/\/schema.org\",\"@graph\":[{\"@type\":\"WebPage\",\"@id\":\"https:\/\/rckopen.com\/product\/5-meo-met\/\",\"url\":\"https:\/\/rckopen.com\/product\/5-meo-met\/\",\"name\":\"5 Meo Met online kopen - 5 Meo Met te koop\",\"isPartOf\":{\"@id\":\"https:\/\/rckopen.com\/#website\"},\"primaryImageOfPage\":{\"@id\":\"https:\/\/rckopen.com\/product\/5-meo-met\/#primaryimage\"},\"image\":{\"@id\":\"https:\/\/rckopen.com\/product\/5-meo-met\/#primaryimage\"},\"thumbnailUrl\":\"https:\/\/rckopen.com\/wp-content\/uploads\/2023\/08\/5-MEO-MET.jpg\",\"datePublished\":\"2023-08-17T11:02:40+00:00\",\"dateModified\":\"2025-02-01T08:40:08+00:00\",\"description\":\"5 Meo Met online kopen op onze website voor producten van hoge kwaliteit. Geniet van het gemak van het bestellen van 5 Meo Met te koop en ervaar de beste service en productvariatie. Plaats nu uw bestelling!\",\"breadcrumb\":{\"@id\":\"https:\/\/rckopen.com\/product\/5-meo-met\/#breadcrumb\"},\"inLanguage\":\"it-IT\",\"potentialAction\":[{\"@type\":\"ReadAction\",\"target\":[\"https:\/\/rckopen.com\/product\/5-meo-met\/\"]}]},{\"@type\":\"ImageObject\",\"inLanguage\":\"it-IT\",\"@id\":\"https:\/\/rckopen.com\/product\/5-meo-met\/#primaryimage\",\"url\":\"https:\/\/rckopen.com\/wp-content\/uploads\/2023\/08\/5-MEO-MET.jpg\",\"contentUrl\":\"https:\/\/rckopen.com\/wp-content\/uploads\/2023\/08\/5-MEO-MET.jpg\",\"width\":600,\"height\":600,\"caption\":\"5-MEO-MET\"},{\"@type\":\"BreadcrumbList\",\"@id\":\"https:\/\/rckopen.com\/product\/5-meo-met\/#breadcrumb\",\"itemListElement\":[{\"@type\":\"ListItem\",\"position\":1,\"name\":\"Home\",\"item\":\"https:\/\/rckopen.com\/\"},{\"@type\":\"ListItem\",\"position\":2,\"name\":\"Shop\",\"item\":\"https:\/\/rckopen.com\/shop\/\"},{\"@type\":\"ListItem\",\"position\":3,\"name\":\"5-MEO-MET\"}]},{\"@type\":\"WebSite\",\"@id\":\"https:\/\/rckopen.com\/#website\",\"url\":\"https:\/\/rckopen.com\/\",\"name\":\"RC Kopen\",\"description\":\"Research Chemicals\",\"potentialAction\":[{\"@type\":\"SearchAction\",\"target\":{\"@type\":\"EntryPoint\",\"urlTemplate\":\"https:\/\/rckopen.com\/?s={search_term_string}\"},\"query-input\":{\"@type\":\"PropertyValueSpecification\",\"valueRequired\":true,\"valueName\":\"search_term_string\"}}],\"inLanguage\":\"it-IT\"}]}<\/script>\n<!-- \/ Yoast SEO plugin. -->","yoast_head_json":{"title":"5 Meo Met online kopen - 5 Meo Met te koop","description":"5 Meo Met online kopen op onze website voor producten van hoge kwaliteit. Geniet van het gemak van het bestellen van 5 Meo Met te koop en ervaar de beste service en productvariatie. Plaats nu uw bestelling!","robots":{"index":"index","follow":"follow","max-snippet":"max-snippet:-1","max-image-preview":"max-image-preview:large","max-video-preview":"max-video-preview:-1"},"canonical":"https:\/\/rckopen.com\/it\/prodotto\/5-meo-con\/","og_locale":"it_IT","og_type":"article","og_title":"5 Meo Met online kopen - 5 Meo Met te koop","og_description":"5 Meo Met online kopen op onze website voor producten van hoge kwaliteit. Geniet van het gemak van het bestellen van 5 Meo Met te koop en ervaar de beste service en productvariatie. Plaats nu uw bestelling!","og_url":"https:\/\/rckopen.com\/it\/prodotto\/5-meo-con\/","og_site_name":"RC Kopen","article_modified_time":"2025-02-01T08:40:08+00:00","og_image":[{"width":600,"height":600,"url":"https:\/\/rckopen.com\/wp-content\/uploads\/2023\/08\/5-MEO-MET.jpg","type":"image\/jpeg"}],"twitter_card":"summary_large_image","twitter_misc":{"Tempo di lettura stimato":"3 minuti"},"schema":{"@context":"https:\/\/schema.org","@graph":[{"@type":"WebPage","@id":"https:\/\/rckopen.com\/product\/5-meo-met\/","url":"https:\/\/rckopen.com\/product\/5-meo-met\/","name":"5 Meo Met online kopen - 5 Meo Met te koop","isPartOf":{"@id":"https:\/\/rckopen.com\/#website"},"primaryImageOfPage":{"@id":"https:\/\/rckopen.com\/product\/5-meo-met\/#primaryimage"},"image":{"@id":"https:\/\/rckopen.com\/product\/5-meo-met\/#primaryimage"},"thumbnailUrl":"https:\/\/rckopen.com\/wp-content\/uploads\/2023\/08\/5-MEO-MET.jpg","datePublished":"2023-08-17T11:02:40+00:00","dateModified":"2025-02-01T08:40:08+00:00","description":"5 Meo Met online kopen op onze website voor producten van hoge kwaliteit. Geniet van het gemak van het bestellen van 5 Meo Met te koop en ervaar de beste service en productvariatie. Plaats nu uw bestelling!","breadcrumb":{"@id":"https:\/\/rckopen.com\/product\/5-meo-met\/#breadcrumb"},"inLanguage":"it-IT","potentialAction":[{"@type":"ReadAction","target":["https:\/\/rckopen.com\/product\/5-meo-met\/"]}]},{"@type":"ImageObject","inLanguage":"it-IT","@id":"https:\/\/rckopen.com\/product\/5-meo-met\/#primaryimage","url":"https:\/\/rckopen.com\/wp-content\/uploads\/2023\/08\/5-MEO-MET.jpg","contentUrl":"https:\/\/rckopen.com\/wp-content\/uploads\/2023\/08\/5-MEO-MET.jpg","width":600,"height":600,"caption":"5-MEO-MET"},{"@type":"BreadcrumbList","@id":"https:\/\/rckopen.com\/product\/5-meo-met\/#breadcrumb","itemListElement":[{"@type":"ListItem","position":1,"name":"Home","item":"https:\/\/rckopen.com\/"},{"@type":"ListItem","position":2,"name":"Shop","item":"https:\/\/rckopen.com\/shop\/"},{"@type":"ListItem","position":3,"name":"5-MEO-MET"}]},{"@type":"WebSite","@id":"https:\/\/rckopen.com\/#website","url":"https:\/\/rckopen.com\/","name":"RC Kopen","description":"Research Chemicals","potentialAction":[{"@type":"SearchAction","target":{"@type":"EntryPoint","urlTemplate":"https:\/\/rckopen.com\/?s={search_term_string}"},"query-input":{"@type":"PropertyValueSpecification","valueRequired":true,"valueName":"search_term_string"}}],"inLanguage":"it-IT"}]}},"_links":{"self":[{"href":"https:\/\/rckopen.com\/it\/wp-json\/wp\/v2\/product\/6758","targetHints":{"allow":["GET"]}}],"collection":[{"href":"https:\/\/rckopen.com\/it\/wp-json\/wp\/v2\/product"}],"about":[{"href":"https:\/\/rckopen.com\/it\/wp-json\/wp\/v2\/types\/product"}],"replies":[{"embeddable":true,"href":"https:\/\/rckopen.com\/it\/wp-json\/wp\/v2\/comments?post=6758"}],"wp:featuredmedia":[{"embeddable":true,"href":"https:\/\/rckopen.com\/it\/wp-json\/wp\/v2\/media\/6946"}],"wp:attachment":[{"href":"https:\/\/rckopen.com\/it\/wp-json\/wp\/v2\/media?parent=6758"}],"wp:term":[{"taxonomy":"product_brand","embeddable":true,"href":"https:\/\/rckopen.com\/it\/wp-json\/wp\/v2\/product_brand?post=6758"},{"taxonomy":"product_cat","embeddable":true,"href":"https:\/\/rckopen.com\/it\/wp-json\/wp\/v2\/product_cat?post=6758"},{"taxonomy":"product_tag","embeddable":true,"href":"https:\/\/rckopen.com\/it\/wp-json\/wp\/v2\/product_tag?post=6758"}],"curies":[{"name":"wp","href":"https:\/\/api.w.org\/{rel}","templated":true}]}}