{"id":6772,"date":"2023-08-17T11:08:31","date_gmt":"2023-08-17T11:08:31","guid":{"rendered":"https:\/\/diligentplug.com\/chems\/?post_type=product&#038;p=6772"},"modified":"2025-01-31T05:22:13","modified_gmt":"2025-01-31T05:22:13","slug":"4-ho-dpt","status":"publish","type":"product","link":"https:\/\/rckopen.com\/it\/prodotto\/4-ho-dpt\/","title":{"rendered":"Acquista 4-HO-DPT online"},"content":{"rendered":"<h2>Ontdek de ultieme bestemming voor 4-HO-DPT online kopen liefhebbers &#8211; RCKopen<\/h2>\n<p>Benvenuti a <a href=\"https:\/\/rckopen.com\/it\/\">Rckopen.com<\/a>, la tua destinazione numero uno per l'acquisto <a href=\"https:\/\/rckopen.com\/it\/prodotto\/4-ho-dpt\/\">4-HO-DPT<\/a> in vendita e altri prodotti chimici di ricerca di alta qualit\u00e0. Offriamo una piattaforma online fluida in cui gli appassionati come te possono accedere facilmente a un'ampia gamma di prodotti per supportare i loro sforzi di ricerca.<\/p>\n<h3>La vostra fonte di fiducia per i prodotti 4-HO-DPT<\/h3>\n<p>Benvenuti su RCKopen, dove troverete un fornitore affidabile e stimato per acquistare 4-HO-DPT online. Siamo orgogliosi di essere la vostra destinazione preferita per prodotti chimici di ricerca di alta qualit\u00e0. Grazie al nostro impegno per la qualit\u00e0, la conformit\u00e0 e la soddisfazione del cliente, puoi fidarti di noi per fornirti il <a href=\"https:\/\/en.wikipedia.org\/wiki\/4-HO-DPT\">4-HO-DPT<\/a>-fornire i prodotti necessari per le tue attivit\u00e0 di ricerca. Scopri subito la nostra piattaforma e scopri la differenza che c'\u00e8 nell'acquistare da un fornitore affidabile.<\/p>\n<h3>Assicurati la consegna di 4-HO-DPT acquistando online<\/h3>\n<p>Vuoi sapere dove acquistare 4-HO-DPT online? Non cercare oltre. Noi di RCKopen comprendiamo l'importanza della praticit\u00e0 e dell'affidabilit\u00e0 quando si tratta di acquistare prodotti chimici per la ricerca. Ecco perch\u00e9 offriamo un'esperienza di acquisto online senza problemi, cos\u00ec puoi acquistare 4-HO-DPT online in tutta sicurezza.<\/p>\n<p>Scoprite la nostra ampia selezione<br \/>\nChe siate ricercatori esperti o alle prime armi, il nostro negozio 4-HO-DPT offre un'ampia gamma di opzioni per soddisfare le vostre esigenze specifiche. Dalla vendita di 4-HO-DPT ad altri prodotti correlati, ci sforziamo di mantenere uno stock diversificato per soddisfare le richieste dei nostri stimati clienti.<\/p>\n<p>Legittimo e affidabile<br \/>\nPotete essere certi che quando ordinate 4-HO-DPT da RCKopen, state scegliendo una fonte affidabile impegnata nella qualit\u00e0 e nella conformit\u00e0. Operiamo entro i limiti di legge e assicuriamo che possiate acquistare 4-HO-DPT legalmente senza preoccupazioni.<\/p>\n<p>Portata globale, servizio locale<br \/>\nCon sede nel Regno Unito, RCKopen funge da comodo hub per i ricercatori di tutto il mondo. Sia che abbiate sede nel Regno Unito o all'estero, la nostra piattaforma vi permette di acquistare 4-HO-DPT nel Regno Unito e di farvelo recapitare direttamente a casa.<\/p>\n<p>Accessibile a tutti<br \/>\nNoi di RCKopen diamo priorit\u00e0 all'accessibilit\u00e0. Non \u00e8 necessaria la prescrizione medica per acquistare 4-HO-DPT senza ricetta attraverso la nostra piattaforma. Crediamo nel potenziamento dei ricercatori e nell'agevolazione dei loro sforzi.<\/p>\n<p>Migliorate la vostra ricerca con RCKopen<br \/>\nMigliorate la vostra esperienza di ricerca con RCKopen, la vostra destinazione definitiva per 4-HO-DPT e molto altro. Esplorate oggi stesso il nostro sito web di facile consultazione e intraprendete la vostra esplorazione con fiducia. Sbloccate le possibilit\u00e0 e migliorate la vostra esplorazione scientifica con i nostri prodotti di prima qualit\u00e0 e un servizio eccezionale.<\/p>","protected":false},"excerpt":{"rendered":"<p><strong>Nome IUPAC: <\/strong>4-idrossi-N,N-dipropiltriptamina<\/p>\n<p><strong>Aspetto: <\/strong>polvere<\/p>\n<p><strong>Analisi NMR: <\/strong>N\/D<\/p>","protected":false},"featured_media":6949,"comment_status":"open","ping_status":"closed","template":"","meta":{"_joinchat":[]},"product_brand":[],"product_cat":[149],"product_tag":[],"class_list":{"0":"post-6772","1":"product","2":"type-product","3":"status-publish","4":"has-post-thumbnail","6":"product_cat-tryptaminen","8":"first","9":"instock","10":"shipping-taxable","11":"purchasable","12":"product-type-variable"},"yoast_head":"<!-- This site is optimized with the Yoast SEO plugin v26.3 - https:\/\/yoast.com\/wordpress\/plugins\/seo\/ -->\n<title>4-HO-DPT online kopen - 4-HO-DPT online te koop | RC kopen<\/title>\n<meta name=\"description\" content=\"Als je gepassioneerd bent door 4-ho-dpt, dan is onze winkel de beste plek om 4-ho-dpt online kopen. U kunt 4-ho-dpt te koop hebben tegen de laagste prijs. Bestel nu en ontvang hem binnenkort!\" \/>\n<meta name=\"robots\" content=\"index, follow, max-snippet:-1, max-image-preview:large, max-video-preview:-1\" \/>\n<link rel=\"canonical\" href=\"https:\/\/rckopen.com\/it\/prodotto\/4-ho-dpt\/\" \/>\n<meta property=\"og:locale\" content=\"it_IT\" \/>\n<meta property=\"og:type\" content=\"article\" \/>\n<meta property=\"og:title\" content=\"4-HO-DPT online kopen - 4-HO-DPT online te koop | RC kopen\" \/>\n<meta property=\"og:description\" content=\"Als je gepassioneerd bent door 4-ho-dpt, dan is onze winkel de beste plek om 4-ho-dpt online kopen. U kunt 4-ho-dpt te koop hebben tegen de laagste prijs. Bestel nu en ontvang hem binnenkort!\" \/>\n<meta property=\"og:url\" content=\"https:\/\/rckopen.com\/it\/prodotto\/4-ho-dpt\/\" \/>\n<meta property=\"og:site_name\" content=\"RC Kopen\" \/>\n<meta property=\"article:modified_time\" content=\"2025-01-31T05:22:13+00:00\" \/>\n<meta property=\"og:image\" content=\"https:\/\/rckopen.com\/wp-content\/uploads\/2023\/08\/4-HO-DPT.jpg\" \/>\n\t<meta property=\"og:image:width\" content=\"600\" \/>\n\t<meta property=\"og:image:height\" content=\"600\" \/>\n\t<meta property=\"og:image:type\" content=\"image\/jpeg\" \/>\n<meta name=\"twitter:card\" content=\"summary_large_image\" \/>\n<meta name=\"twitter:label1\" content=\"Tempo di lettura stimato\" \/>\n\t<meta name=\"twitter:data1\" content=\"2 minuti\" \/>\n<script type=\"application\/ld+json\" class=\"yoast-schema-graph\">{\"@context\":\"https:\/\/schema.org\",\"@graph\":[{\"@type\":\"WebPage\",\"@id\":\"https:\/\/rckopen.com\/product\/4-ho-dpt\/\",\"url\":\"https:\/\/rckopen.com\/product\/4-ho-dpt\/\",\"name\":\"4-HO-DPT online kopen - 4-HO-DPT online te koop | RC kopen\",\"isPartOf\":{\"@id\":\"https:\/\/rckopen.com\/#website\"},\"primaryImageOfPage\":{\"@id\":\"https:\/\/rckopen.com\/product\/4-ho-dpt\/#primaryimage\"},\"image\":{\"@id\":\"https:\/\/rckopen.com\/product\/4-ho-dpt\/#primaryimage\"},\"thumbnailUrl\":\"https:\/\/rckopen.com\/wp-content\/uploads\/2023\/08\/4-HO-DPT.jpg\",\"datePublished\":\"2023-08-17T11:08:31+00:00\",\"dateModified\":\"2025-01-31T05:22:13+00:00\",\"description\":\"Als je gepassioneerd bent door 4-ho-dpt, dan is onze winkel de beste plek om 4-ho-dpt online kopen. U kunt 4-ho-dpt te koop hebben tegen de laagste prijs. Bestel nu en ontvang hem binnenkort!\",\"breadcrumb\":{\"@id\":\"https:\/\/rckopen.com\/product\/4-ho-dpt\/#breadcrumb\"},\"inLanguage\":\"it-IT\",\"potentialAction\":[{\"@type\":\"ReadAction\",\"target\":[\"https:\/\/rckopen.com\/product\/4-ho-dpt\/\"]}]},{\"@type\":\"ImageObject\",\"inLanguage\":\"it-IT\",\"@id\":\"https:\/\/rckopen.com\/product\/4-ho-dpt\/#primaryimage\",\"url\":\"https:\/\/rckopen.com\/wp-content\/uploads\/2023\/08\/4-HO-DPT.jpg\",\"contentUrl\":\"https:\/\/rckopen.com\/wp-content\/uploads\/2023\/08\/4-HO-DPT.jpg\",\"width\":600,\"height\":600,\"caption\":\"4-HO-DPT online kopen\"},{\"@type\":\"BreadcrumbList\",\"@id\":\"https:\/\/rckopen.com\/product\/4-ho-dpt\/#breadcrumb\",\"itemListElement\":[{\"@type\":\"ListItem\",\"position\":1,\"name\":\"Home\",\"item\":\"https:\/\/rckopen.com\/\"},{\"@type\":\"ListItem\",\"position\":2,\"name\":\"Shop\",\"item\":\"https:\/\/rckopen.com\/shop\/\"},{\"@type\":\"ListItem\",\"position\":3,\"name\":\"4-HO-DPT online kopen\"}]},{\"@type\":\"WebSite\",\"@id\":\"https:\/\/rckopen.com\/#website\",\"url\":\"https:\/\/rckopen.com\/\",\"name\":\"RC Kopen\",\"description\":\"Research Chemicals\",\"potentialAction\":[{\"@type\":\"SearchAction\",\"target\":{\"@type\":\"EntryPoint\",\"urlTemplate\":\"https:\/\/rckopen.com\/?s={search_term_string}\"},\"query-input\":{\"@type\":\"PropertyValueSpecification\",\"valueRequired\":true,\"valueName\":\"search_term_string\"}}],\"inLanguage\":\"it-IT\"}]}<\/script>\n<!-- \/ Yoast SEO plugin. -->","yoast_head_json":{"title":"4-HO-DPT online kopen - 4-HO-DPT online te koop | RC kopen","description":"Als je gepassioneerd bent door 4-ho-dpt, dan is onze winkel de beste plek om 4-ho-dpt online kopen. U kunt 4-ho-dpt te koop hebben tegen de laagste prijs. Bestel nu en ontvang hem binnenkort!","robots":{"index":"index","follow":"follow","max-snippet":"max-snippet:-1","max-image-preview":"max-image-preview:large","max-video-preview":"max-video-preview:-1"},"canonical":"https:\/\/rckopen.com\/it\/prodotto\/4-ho-dpt\/","og_locale":"it_IT","og_type":"article","og_title":"4-HO-DPT online kopen - 4-HO-DPT online te koop | RC kopen","og_description":"Als je gepassioneerd bent door 4-ho-dpt, dan is onze winkel de beste plek om 4-ho-dpt online kopen. U kunt 4-ho-dpt te koop hebben tegen de laagste prijs. Bestel nu en ontvang hem binnenkort!","og_url":"https:\/\/rckopen.com\/it\/prodotto\/4-ho-dpt\/","og_site_name":"RC Kopen","article_modified_time":"2025-01-31T05:22:13+00:00","og_image":[{"width":600,"height":600,"url":"https:\/\/rckopen.com\/wp-content\/uploads\/2023\/08\/4-HO-DPT.jpg","type":"image\/jpeg"}],"twitter_card":"summary_large_image","twitter_misc":{"Tempo di lettura stimato":"2 minuti"},"schema":{"@context":"https:\/\/schema.org","@graph":[{"@type":"WebPage","@id":"https:\/\/rckopen.com\/product\/4-ho-dpt\/","url":"https:\/\/rckopen.com\/product\/4-ho-dpt\/","name":"4-HO-DPT online kopen - 4-HO-DPT online te koop | RC kopen","isPartOf":{"@id":"https:\/\/rckopen.com\/#website"},"primaryImageOfPage":{"@id":"https:\/\/rckopen.com\/product\/4-ho-dpt\/#primaryimage"},"image":{"@id":"https:\/\/rckopen.com\/product\/4-ho-dpt\/#primaryimage"},"thumbnailUrl":"https:\/\/rckopen.com\/wp-content\/uploads\/2023\/08\/4-HO-DPT.jpg","datePublished":"2023-08-17T11:08:31+00:00","dateModified":"2025-01-31T05:22:13+00:00","description":"Als je gepassioneerd bent door 4-ho-dpt, dan is onze winkel de beste plek om 4-ho-dpt online kopen. U kunt 4-ho-dpt te koop hebben tegen de laagste prijs. Bestel nu en ontvang hem binnenkort!","breadcrumb":{"@id":"https:\/\/rckopen.com\/product\/4-ho-dpt\/#breadcrumb"},"inLanguage":"it-IT","potentialAction":[{"@type":"ReadAction","target":["https:\/\/rckopen.com\/product\/4-ho-dpt\/"]}]},{"@type":"ImageObject","inLanguage":"it-IT","@id":"https:\/\/rckopen.com\/product\/4-ho-dpt\/#primaryimage","url":"https:\/\/rckopen.com\/wp-content\/uploads\/2023\/08\/4-HO-DPT.jpg","contentUrl":"https:\/\/rckopen.com\/wp-content\/uploads\/2023\/08\/4-HO-DPT.jpg","width":600,"height":600,"caption":"4-HO-DPT online kopen"},{"@type":"BreadcrumbList","@id":"https:\/\/rckopen.com\/product\/4-ho-dpt\/#breadcrumb","itemListElement":[{"@type":"ListItem","position":1,"name":"Home","item":"https:\/\/rckopen.com\/"},{"@type":"ListItem","position":2,"name":"Shop","item":"https:\/\/rckopen.com\/shop\/"},{"@type":"ListItem","position":3,"name":"4-HO-DPT online kopen"}]},{"@type":"WebSite","@id":"https:\/\/rckopen.com\/#website","url":"https:\/\/rckopen.com\/","name":"RC Kopen","description":"Research Chemicals","potentialAction":[{"@type":"SearchAction","target":{"@type":"EntryPoint","urlTemplate":"https:\/\/rckopen.com\/?s={search_term_string}"},"query-input":{"@type":"PropertyValueSpecification","valueRequired":true,"valueName":"search_term_string"}}],"inLanguage":"it-IT"}]}},"_links":{"self":[{"href":"https:\/\/rckopen.com\/it\/wp-json\/wp\/v2\/product\/6772","targetHints":{"allow":["GET"]}}],"collection":[{"href":"https:\/\/rckopen.com\/it\/wp-json\/wp\/v2\/product"}],"about":[{"href":"https:\/\/rckopen.com\/it\/wp-json\/wp\/v2\/types\/product"}],"replies":[{"embeddable":true,"href":"https:\/\/rckopen.com\/it\/wp-json\/wp\/v2\/comments?post=6772"}],"wp:featuredmedia":[{"embeddable":true,"href":"https:\/\/rckopen.com\/it\/wp-json\/wp\/v2\/media\/6949"}],"wp:attachment":[{"href":"https:\/\/rckopen.com\/it\/wp-json\/wp\/v2\/media?parent=6772"}],"wp:term":[{"taxonomy":"product_brand","embeddable":true,"href":"https:\/\/rckopen.com\/it\/wp-json\/wp\/v2\/product_brand?post=6772"},{"taxonomy":"product_cat","embeddable":true,"href":"https:\/\/rckopen.com\/it\/wp-json\/wp\/v2\/product_cat?post=6772"},{"taxonomy":"product_tag","embeddable":true,"href":"https:\/\/rckopen.com\/it\/wp-json\/wp\/v2\/product_tag?post=6772"}],"curies":[{"name":"wp","href":"https:\/\/api.w.org\/{rel}","templated":true}]}}