{"id":6776,"date":"2023-08-17T11:34:04","date_gmt":"2023-08-17T11:34:04","guid":{"rendered":"https:\/\/diligentplug.com\/chems\/?post_type=product&#038;p=6776"},"modified":"2025-01-31T09:49:36","modified_gmt":"2025-01-31T09:49:36","slug":"4f-pihp","status":"publish","type":"product","link":"https:\/\/rckopen.com\/it\/prodotto\/4f-pihp\/","title":{"rendered":"Acquista 4F-PiHp online"},"content":{"rendered":"<h2>METEEN 4F-PHP CRYSTAL ONLINE KOPEN BIJ RCKOPEN<a href=\"https:\/\/en.wikipedia.org\/wiki\/4F-PHP\">!<\/a><\/h2>\n<p><a href=\"https:\/\/rckopen.com\/it\/prodotto\/4f-pihp\/\">Acquista 4F-PIHP online,<\/a> Hai mai sentito parlare del cristallo 4F-PHP? \u00c8 un composto chimico potente e versatile che trova numerose applicazioni. Con 4F-PHP Crystal in vendita puoi realizzare cose straordinarie e realizzare i tuoi sogni. Vediamo cosa pu\u00f2 fare per te 4F-PHP Crystal<a href=\"https:\/\/rckopen.com\/it\/prodotto\/metizolam\/\">.<\/a><\/p>\n<h2>PERCH\u00c9 ACQUISTARE UNA POLVERE DI CRISTALLO 4F-PHP?<\/h2>\n<p>Per ordinare l'A-PiHP, bisogna innanzitutto capire che questo prodotto \u00e8 una sostanza di ricerca che negli ultimi anni \u00e8 diventata molto popolare tra la comunit\u00e0 scientifica. Si tratta di un tipo di stimolante sintetico noto per le sue propriet\u00e0 ed effetti unici. Di seguito troverete maggiori informazioni sulla chimica dell'A-PiHP, sugli effetti che produce nella mente e sulle esperienze soggettive di coloro che ne hanno fatto uso.<\/p>\n<h2>Funzionamento di A-PiHP<\/h2>\n<p><a href=\"https:\/\/pubchem.ncbi.nlm.nih.gov\/compound\/4F-alpha-Phip-hydrochloride\">4F-PIHP<\/a> in vendita \u00e8 una molecola sintetica appartenente alla classe di composti dei catinoni. \u00c8 strutturalmente simile ad altri stimolanti popolari come le anfetamine e ha un meccanismo d'azione simile. Attualmente non si conosce ancora con esattezza il meccanismo d'azione preciso dell'A-PiHP, ma si ritiene che aumenti il \u200b\u200brilascio di neurotrasmettitori come la dopamina e la noradrenalina. <a href=\"https:\/\/rckopen.com\/it\/\">RCKOpen.com<\/a><\/p>\n<h3>Effetti di A-PiHP<\/h3>\n<p>L'A-PiHP \u00e8 uno stimolante noto per avere una serie di effetti su una persona. Questi effetti includono un aumento della vigilanza, dell'energia e della motivazione. Pu\u00f2 anche portare a un miglioramento dell'attenzione, della concentrazione e delle prestazioni cognitive. Tuttavia, pu\u00f2 anche causare effetti collaterali come nervosismo, ansia e aumento della frequenza cardiaca.<\/p>\n<h3>Esperienze A-PiHP<\/h3>\n<p>Le esperienze soggettive di coloro che hanno utilizzato l'A-PiHP variano notevolmente. Alcuni utenti riportano nei resoconti online una sensazione di euforia, aumento dell'energia e miglioramento delle prestazioni cognitive. Altri riferiscono di sentirsi ansiosi, nervosi o di avere grandi difficolt\u00e0 a dormire. \u00c8 importante notare che le reazioni individuali all'A-PiHP possono essere molto variabili e la sostanza deve essere usata con cautela.<\/p>\n<h4>Acquista A-PiHP online<\/h4>\n<p>Acquista A-PiHP della migliore qualit\u00e0 online su rckopen.com. Ordinato prima delle 17:30, consegnato domani! Facciamo tutto il possibile per consegnarti i nostri prodotti il \u200b\u200bpi\u00f9 rapidamente possibile. Con iDEAL puoi pagare in modo semplice e sicuro, come sei abituato a fare con gli altri negozi online.<\/p>\n<p>Il 4-fluoroalfa-PHP (4F-PHP) \u00e8 una droga ricreativa che comprende \u03b1-PHP, 3F-PVP, 3F-NEH, 3F-PHP, 3F-PiHP, 4F-PVP, 4Cl-PVP, 4-Cl-PVP, 4-Cl -PHP,<br \/>\n4F-POP, MFPVP, MDPHP, N-Ethylhexedron, N-Ethylhexylon.<\/p>","protected":false},"excerpt":{"rendered":"<p><strong>Nome IUPAC: <\/strong>1-(4-fluorofenil)-4-metil-2-(pirrolidin-1-il)pentan-1-one, monocloruro<\/p>\n<p><strong>Altro nome: <\/strong>4-fluoro-\u03b1-PiHP<\/p>\n<p><strong>Forma: <\/strong>solido cristallino<\/p>\n<p><strong>Analisi NMR: <\/strong>C16H22FNO - HCl<\/p>","protected":false},"featured_media":7659,"comment_status":"open","ping_status":"closed","template":"","meta":{"_joinchat":[]},"product_brand":[],"product_cat":[134],"product_tag":[],"class_list":{"0":"post-6776","1":"product","2":"type-product","3":"status-publish","4":"has-post-thumbnail","6":"product_cat-cathinon","8":"first","9":"instock","10":"shipping-taxable","11":"purchasable","12":"product-type-variable"},"yoast_head":"<!-- This site is optimized with the Yoast SEO plugin v26.3 - https:\/\/yoast.com\/wordpress\/plugins\/seo\/ -->\n<title>4F-PIHP online kopen - 4F-PIHP te koop | Rckopen<\/title>\n<meta name=\"description\" content=\"4F-PIHP te koop tegen goedkope prijzen. Onze online RcKopen-winkel verkoopt wereldwijd 4F-PIHP. Bestel binnenkort om 4F-PIHP online te kopen.\" \/>\n<meta name=\"robots\" content=\"index, follow, max-snippet:-1, max-image-preview:large, max-video-preview:-1\" \/>\n<link rel=\"canonical\" href=\"https:\/\/rckopen.com\/it\/prodotto\/4f-pihp\/\" \/>\n<meta property=\"og:locale\" content=\"it_IT\" \/>\n<meta property=\"og:type\" content=\"article\" \/>\n<meta property=\"og:title\" content=\"4F-PIHP online kopen - 4F-PIHP te koop | Rckopen\" \/>\n<meta property=\"og:description\" content=\"4F-PIHP te koop tegen goedkope prijzen. Onze online RcKopen-winkel verkoopt wereldwijd 4F-PIHP. Bestel binnenkort om 4F-PIHP online te kopen.\" \/>\n<meta property=\"og:url\" content=\"https:\/\/rckopen.com\/it\/prodotto\/4f-pihp\/\" \/>\n<meta property=\"og:site_name\" content=\"RC Kopen\" \/>\n<meta property=\"article:modified_time\" content=\"2025-01-31T09:49:36+00:00\" \/>\n<meta property=\"og:image\" content=\"https:\/\/rckopen.com\/wp-content\/uploads\/2023\/08\/4f-Pihp-1.jpg\" \/>\n\t<meta property=\"og:image:width\" content=\"600\" \/>\n\t<meta property=\"og:image:height\" content=\"600\" \/>\n\t<meta property=\"og:image:type\" content=\"image\/jpeg\" \/>\n<meta name=\"twitter:card\" content=\"summary_large_image\" \/>\n<meta name=\"twitter:label1\" content=\"Tempo di lettura stimato\" \/>\n\t<meta name=\"twitter:data1\" content=\"2 minuti\" \/>\n<script type=\"application\/ld+json\" class=\"yoast-schema-graph\">{\"@context\":\"https:\/\/schema.org\",\"@graph\":[{\"@type\":\"WebPage\",\"@id\":\"https:\/\/rckopen.com\/product\/4f-pihp\/\",\"url\":\"https:\/\/rckopen.com\/product\/4f-pihp\/\",\"name\":\"4F-PIHP online kopen - 4F-PIHP te koop | Rckopen\",\"isPartOf\":{\"@id\":\"https:\/\/rckopen.com\/#website\"},\"primaryImageOfPage\":{\"@id\":\"https:\/\/rckopen.com\/product\/4f-pihp\/#primaryimage\"},\"image\":{\"@id\":\"https:\/\/rckopen.com\/product\/4f-pihp\/#primaryimage\"},\"thumbnailUrl\":\"https:\/\/rckopen.com\/wp-content\/uploads\/2023\/08\/4f-Pihp-1.jpg\",\"datePublished\":\"2023-08-17T11:34:04+00:00\",\"dateModified\":\"2025-01-31T09:49:36+00:00\",\"description\":\"4F-PIHP te koop tegen goedkope prijzen. Onze online RcKopen-winkel verkoopt wereldwijd 4F-PIHP. Bestel binnenkort om 4F-PIHP online te kopen.\",\"breadcrumb\":{\"@id\":\"https:\/\/rckopen.com\/product\/4f-pihp\/#breadcrumb\"},\"inLanguage\":\"it-IT\",\"potentialAction\":[{\"@type\":\"ReadAction\",\"target\":[\"https:\/\/rckopen.com\/product\/4f-pihp\/\"]}]},{\"@type\":\"ImageObject\",\"inLanguage\":\"it-IT\",\"@id\":\"https:\/\/rckopen.com\/product\/4f-pihp\/#primaryimage\",\"url\":\"https:\/\/rckopen.com\/wp-content\/uploads\/2023\/08\/4f-Pihp-1.jpg\",\"contentUrl\":\"https:\/\/rckopen.com\/wp-content\/uploads\/2023\/08\/4f-Pihp-1.jpg\",\"width\":600,\"height\":600,\"caption\":\"4f-Pihp online kopen\"},{\"@type\":\"BreadcrumbList\",\"@id\":\"https:\/\/rckopen.com\/product\/4f-pihp\/#breadcrumb\",\"itemListElement\":[{\"@type\":\"ListItem\",\"position\":1,\"name\":\"Home\",\"item\":\"https:\/\/rckopen.com\/\"},{\"@type\":\"ListItem\",\"position\":2,\"name\":\"Shop\",\"item\":\"https:\/\/rckopen.com\/shop\/\"},{\"@type\":\"ListItem\",\"position\":3,\"name\":\"4F-PiHp online kopen\"}]},{\"@type\":\"WebSite\",\"@id\":\"https:\/\/rckopen.com\/#website\",\"url\":\"https:\/\/rckopen.com\/\",\"name\":\"RC Kopen\",\"description\":\"Research Chemicals\",\"potentialAction\":[{\"@type\":\"SearchAction\",\"target\":{\"@type\":\"EntryPoint\",\"urlTemplate\":\"https:\/\/rckopen.com\/?s={search_term_string}\"},\"query-input\":{\"@type\":\"PropertyValueSpecification\",\"valueRequired\":true,\"valueName\":\"search_term_string\"}}],\"inLanguage\":\"it-IT\"}]}<\/script>\n<!-- \/ Yoast SEO plugin. -->","yoast_head_json":{"title":"4F-PIHP online kopen - 4F-PIHP te koop | Rckopen","description":"4F-PIHP te koop tegen goedkope prijzen. Onze online RcKopen-winkel verkoopt wereldwijd 4F-PIHP. Bestel binnenkort om 4F-PIHP online te kopen.","robots":{"index":"index","follow":"follow","max-snippet":"max-snippet:-1","max-image-preview":"max-image-preview:large","max-video-preview":"max-video-preview:-1"},"canonical":"https:\/\/rckopen.com\/it\/prodotto\/4f-pihp\/","og_locale":"it_IT","og_type":"article","og_title":"4F-PIHP online kopen - 4F-PIHP te koop | Rckopen","og_description":"4F-PIHP te koop tegen goedkope prijzen. Onze online RcKopen-winkel verkoopt wereldwijd 4F-PIHP. Bestel binnenkort om 4F-PIHP online te kopen.","og_url":"https:\/\/rckopen.com\/it\/prodotto\/4f-pihp\/","og_site_name":"RC Kopen","article_modified_time":"2025-01-31T09:49:36+00:00","og_image":[{"width":600,"height":600,"url":"https:\/\/rckopen.com\/wp-content\/uploads\/2023\/08\/4f-Pihp-1.jpg","type":"image\/jpeg"}],"twitter_card":"summary_large_image","twitter_misc":{"Tempo di lettura stimato":"2 minuti"},"schema":{"@context":"https:\/\/schema.org","@graph":[{"@type":"WebPage","@id":"https:\/\/rckopen.com\/product\/4f-pihp\/","url":"https:\/\/rckopen.com\/product\/4f-pihp\/","name":"4F-PIHP online kopen - 4F-PIHP te koop | Rckopen","isPartOf":{"@id":"https:\/\/rckopen.com\/#website"},"primaryImageOfPage":{"@id":"https:\/\/rckopen.com\/product\/4f-pihp\/#primaryimage"},"image":{"@id":"https:\/\/rckopen.com\/product\/4f-pihp\/#primaryimage"},"thumbnailUrl":"https:\/\/rckopen.com\/wp-content\/uploads\/2023\/08\/4f-Pihp-1.jpg","datePublished":"2023-08-17T11:34:04+00:00","dateModified":"2025-01-31T09:49:36+00:00","description":"4F-PIHP te koop tegen goedkope prijzen. Onze online RcKopen-winkel verkoopt wereldwijd 4F-PIHP. Bestel binnenkort om 4F-PIHP online te kopen.","breadcrumb":{"@id":"https:\/\/rckopen.com\/product\/4f-pihp\/#breadcrumb"},"inLanguage":"it-IT","potentialAction":[{"@type":"ReadAction","target":["https:\/\/rckopen.com\/product\/4f-pihp\/"]}]},{"@type":"ImageObject","inLanguage":"it-IT","@id":"https:\/\/rckopen.com\/product\/4f-pihp\/#primaryimage","url":"https:\/\/rckopen.com\/wp-content\/uploads\/2023\/08\/4f-Pihp-1.jpg","contentUrl":"https:\/\/rckopen.com\/wp-content\/uploads\/2023\/08\/4f-Pihp-1.jpg","width":600,"height":600,"caption":"4f-Pihp online kopen"},{"@type":"BreadcrumbList","@id":"https:\/\/rckopen.com\/product\/4f-pihp\/#breadcrumb","itemListElement":[{"@type":"ListItem","position":1,"name":"Home","item":"https:\/\/rckopen.com\/"},{"@type":"ListItem","position":2,"name":"Shop","item":"https:\/\/rckopen.com\/shop\/"},{"@type":"ListItem","position":3,"name":"4F-PiHp online kopen"}]},{"@type":"WebSite","@id":"https:\/\/rckopen.com\/#website","url":"https:\/\/rckopen.com\/","name":"RC Kopen","description":"Research Chemicals","potentialAction":[{"@type":"SearchAction","target":{"@type":"EntryPoint","urlTemplate":"https:\/\/rckopen.com\/?s={search_term_string}"},"query-input":{"@type":"PropertyValueSpecification","valueRequired":true,"valueName":"search_term_string"}}],"inLanguage":"it-IT"}]}},"_links":{"self":[{"href":"https:\/\/rckopen.com\/it\/wp-json\/wp\/v2\/product\/6776","targetHints":{"allow":["GET"]}}],"collection":[{"href":"https:\/\/rckopen.com\/it\/wp-json\/wp\/v2\/product"}],"about":[{"href":"https:\/\/rckopen.com\/it\/wp-json\/wp\/v2\/types\/product"}],"replies":[{"embeddable":true,"href":"https:\/\/rckopen.com\/it\/wp-json\/wp\/v2\/comments?post=6776"}],"wp:featuredmedia":[{"embeddable":true,"href":"https:\/\/rckopen.com\/it\/wp-json\/wp\/v2\/media\/7659"}],"wp:attachment":[{"href":"https:\/\/rckopen.com\/it\/wp-json\/wp\/v2\/media?parent=6776"}],"wp:term":[{"taxonomy":"product_brand","embeddable":true,"href":"https:\/\/rckopen.com\/it\/wp-json\/wp\/v2\/product_brand?post=6776"},{"taxonomy":"product_cat","embeddable":true,"href":"https:\/\/rckopen.com\/it\/wp-json\/wp\/v2\/product_cat?post=6776"},{"taxonomy":"product_tag","embeddable":true,"href":"https:\/\/rckopen.com\/it\/wp-json\/wp\/v2\/product_tag?post=6776"}],"curies":[{"name":"wp","href":"https:\/\/api.w.org\/{rel}","templated":true}]}}