{"id":6993,"date":"2023-08-18T08:08:58","date_gmt":"2023-08-18T08:08:58","guid":{"rendered":"https:\/\/diligentplug.com\/chems\/?post_type=product&#038;p=6993"},"modified":"2025-02-07T07:28:11","modified_gmt":"2025-02-07T07:28:11","slug":"koop-4-ho-met","status":"publish","type":"product","link":"https:\/\/rckopen.com\/it\/prodotto\/koop-4-ho-met\/","title":{"rendered":"Acquista 4-HO-MET online"},"content":{"rendered":"<h2>Acquista 4-HO-MET online<\/h2>\n<h2>Voordelen van het kopen van 4-HO-MET online kopen bij RCKopen<\/h2>\n<p>Stai cercando <a href=\"https:\/\/rckopen.com\/it\/prodotto\/koop-4-ho-met\/\">Acquista 4-HO-MET online<\/a> di alta qualit\u00e0? Non cercare oltre: RCKopen \u00e8 il posto giusto per acquistare questo ricercatissimo tessuto. Ecco perch\u00e9 ordinare 4-HO-MET da noi \u00e8 una scelta intelligente:<\/p>\n<h3>Ampia scelta<\/h3>\n<p>Ape <a href=\"https:\/\/rckopen.com\/it\/\">RCKopen<\/a> offriamo un'ampia gamma di prodotti chimici per la ricerca, tra cui 4-HO-MET, acquistabili online, in modo da avere accesso ai prodotti di cui hai bisogno per i tuoi esperimenti e la tua ricerca.<\/p>\n<h3>Garanzia di massima qualit\u00e0<\/h3>\n<p>Quando tu <a href=\"https:\/\/en.wikipedia.org\/wiki\/4-HO-MET\">Acquista 4-HO-MET online\u00a0<\/a> Quando acquisti da noi, puoi essere certo di ricevere un prodotto della massima qualit\u00e0. Le nostre rigorose misure di controllo qualit\u00e0 garantiscono purezza e potenza, soddisfacendo gli standard di ricercatori e scienziati di tutto il mondo.<\/p>\n<h3>Conformit\u00e0 legale<\/h3>\n<p>Ordinare da RCKopen significa acquistare 4-HO-MET online in modo legale. Rispettiamo rigorosamente le normative e le linee guida e garantiamo che tutte le transazioni siano conformi alla legge.<\/p>\n<h3>Spedizione sicura e discreta<\/h3>\n<p>La tua privacy e sicurezza sono le nostre massime priorit\u00e0. Offriamo opzioni di spedizione sicure e discrete per tutti gli ordini, dandoti tranquillit\u00e0 durante il processo di consegna.<\/p>\n<h3>Comodo processo di ordinazione<\/h3>\n<p>Con il nostro sito web user-friendly, acquistare Buy 4-HO-MET \u00e8 facile e veloce. Basta sfogliare la nostra selezione, aggiungere i prodotti desiderati al carrello e procedere al pagamento: \u00e8 cos\u00ec facile!<\/p>\n<h3>Consegna veloce<\/h3>\n<p>Sappiamo quanto sia importante una consegna puntuale, motivo per cui ci impegniamo a spedire gli ordini rapidamente. Sperimenta tempi di consegna rapidi quando ordini Acquista 4-HO-MET da RCKopen.<\/p>\n<h3>Reputazione affidabile<\/h3>\n<p>RCKopen si \u00e8 costruita una reputazione di affidabilit\u00e0 e professionalit\u00e0 all'interno della comunit\u00e0 di ricerca chimica. Innumerevoli ricercatori e scienziati si affidano a noi per le loro esigenze di fornitura chimica.<\/p>\n<h3>Ottimo supporto clienti<\/h3>\n<p>Hai domande o hai bisogno di aiuto? Il nostro team dedicato al servizio clienti \u00e8 pronto ad aiutarti. Contattaci in qualsiasi momento per ricevere assistenza rapida e utile per le tue domande.<\/p>\n<h3>Disponibilit\u00e0 globale<\/h3>\n<p>Che tu ti trovi nel Regno Unito o in qualsiasi altra parte del mondo, RCKopen semplifica l'acquisto di 4-HO-MET senza prescrizione medica. Ordina e ricevi senza problemi, ovunque tu sia.<\/p>\n<h3>Acquista 4-HO-MET online con fiducia<\/h3>\n<p>Non accontentarti di prodotti chimici di ricerca scadenti: scegli RCKopen per acquistare 4-HO-MET di alta qualit\u00e0 e un'esperienza di acquisto fluida. Ordina subito e scopri perch\u00e9 i ricercatori si affidano a noi per tutte le loro esigenze chimiche. Pronti ad acquistare 4-HO-MET? Visita RCKopen oggi stesso!<\/p>","protected":false},"excerpt":{"rendered":"<h6>Nome IUPAC:<\/h6>\n<p>3-(2-(etil(metil)ammino)etil)-1H-indolo-4-olo<\/p>","protected":false},"featured_media":6999,"comment_status":"open","ping_status":"closed","template":"","meta":{"_joinchat":[]},"product_brand":[],"product_cat":[149],"product_tag":[],"class_list":{"0":"post-6993","1":"product","2":"type-product","3":"status-publish","4":"has-post-thumbnail","6":"product_cat-tryptaminen","8":"first","9":"instock","10":"shipping-taxable","11":"purchasable","12":"product-type-variable"},"yoast_head":"<!-- This site is optimized with the Yoast SEO plugin v26.3 - https:\/\/yoast.com\/wordpress\/plugins\/seo\/ -->\n<title>4-HO-MET online kopen - 4-HO-MET te koop<\/title>\n<meta name=\"description\" content=\"4-HO-MET te koop is nu eenvoudig verkrijgbaar in onze online winkel. U kunt rechtstreeks verbinding maken met onze RC-koopwinkel en 4-HO-MET online kopen tegen de beste prijzen.\" \/>\n<meta name=\"robots\" content=\"index, follow, max-snippet:-1, max-image-preview:large, max-video-preview:-1\" \/>\n<link rel=\"canonical\" href=\"https:\/\/rckopen.com\/it\/prodotto\/koop-4-ho-met\/\" \/>\n<meta property=\"og:locale\" content=\"it_IT\" \/>\n<meta property=\"og:type\" content=\"article\" \/>\n<meta property=\"og:title\" content=\"4-HO-MET online kopen - 4-HO-MET te koop\" \/>\n<meta property=\"og:description\" content=\"4-HO-MET te koop is nu eenvoudig verkrijgbaar in onze online winkel. U kunt rechtstreeks verbinding maken met onze RC-koopwinkel en 4-HO-MET online kopen tegen de beste prijzen.\" \/>\n<meta property=\"og:url\" content=\"https:\/\/rckopen.com\/it\/prodotto\/koop-4-ho-met\/\" \/>\n<meta property=\"og:site_name\" content=\"RC Kopen\" \/>\n<meta property=\"article:modified_time\" content=\"2025-02-07T07:28:11+00:00\" \/>\n<meta property=\"og:image\" content=\"https:\/\/rckopen.com\/wp-content\/uploads\/2023\/08\/4-HO-MET.jpg\" \/>\n\t<meta property=\"og:image:width\" content=\"600\" \/>\n\t<meta property=\"og:image:height\" content=\"600\" \/>\n\t<meta property=\"og:image:type\" content=\"image\/jpeg\" \/>\n<meta name=\"twitter:card\" content=\"summary_large_image\" \/>\n<meta name=\"twitter:label1\" content=\"Tempo di lettura stimato\" \/>\n\t<meta name=\"twitter:data1\" content=\"2 minuti\" \/>\n<script type=\"application\/ld+json\" class=\"yoast-schema-graph\">{\"@context\":\"https:\/\/schema.org\",\"@graph\":[{\"@type\":\"WebPage\",\"@id\":\"https:\/\/rckopen.com\/product\/koop-4-ho-met\/\",\"url\":\"https:\/\/rckopen.com\/product\/koop-4-ho-met\/\",\"name\":\"4-HO-MET online kopen - 4-HO-MET te koop\",\"isPartOf\":{\"@id\":\"https:\/\/rckopen.com\/#website\"},\"primaryImageOfPage\":{\"@id\":\"https:\/\/rckopen.com\/product\/koop-4-ho-met\/#primaryimage\"},\"image\":{\"@id\":\"https:\/\/rckopen.com\/product\/koop-4-ho-met\/#primaryimage\"},\"thumbnailUrl\":\"https:\/\/rckopen.com\/wp-content\/uploads\/2023\/08\/4-HO-MET.jpg\",\"datePublished\":\"2023-08-18T08:08:58+00:00\",\"dateModified\":\"2025-02-07T07:28:11+00:00\",\"description\":\"4-HO-MET te koop is nu eenvoudig verkrijgbaar in onze online winkel. U kunt rechtstreeks verbinding maken met onze RC-koopwinkel en 4-HO-MET online kopen tegen de beste prijzen.\",\"breadcrumb\":{\"@id\":\"https:\/\/rckopen.com\/product\/koop-4-ho-met\/#breadcrumb\"},\"inLanguage\":\"it-IT\",\"potentialAction\":[{\"@type\":\"ReadAction\",\"target\":[\"https:\/\/rckopen.com\/product\/koop-4-ho-met\/\"]}]},{\"@type\":\"ImageObject\",\"inLanguage\":\"it-IT\",\"@id\":\"https:\/\/rckopen.com\/product\/koop-4-ho-met\/#primaryimage\",\"url\":\"https:\/\/rckopen.com\/wp-content\/uploads\/2023\/08\/4-HO-MET.jpg\",\"contentUrl\":\"https:\/\/rckopen.com\/wp-content\/uploads\/2023\/08\/4-HO-MET.jpg\",\"width\":600,\"height\":600,\"caption\":\"4-HO-MET online kopen\"},{\"@type\":\"BreadcrumbList\",\"@id\":\"https:\/\/rckopen.com\/product\/koop-4-ho-met\/#breadcrumb\",\"itemListElement\":[{\"@type\":\"ListItem\",\"position\":1,\"name\":\"Home\",\"item\":\"https:\/\/rckopen.com\/\"},{\"@type\":\"ListItem\",\"position\":2,\"name\":\"Shop\",\"item\":\"https:\/\/rckopen.com\/shop\/\"},{\"@type\":\"ListItem\",\"position\":3,\"name\":\"4-HO-MET online kopen\"}]},{\"@type\":\"WebSite\",\"@id\":\"https:\/\/rckopen.com\/#website\",\"url\":\"https:\/\/rckopen.com\/\",\"name\":\"RC Kopen\",\"description\":\"Research Chemicals\",\"potentialAction\":[{\"@type\":\"SearchAction\",\"target\":{\"@type\":\"EntryPoint\",\"urlTemplate\":\"https:\/\/rckopen.com\/?s={search_term_string}\"},\"query-input\":{\"@type\":\"PropertyValueSpecification\",\"valueRequired\":true,\"valueName\":\"search_term_string\"}}],\"inLanguage\":\"it-IT\"}]}<\/script>\n<!-- \/ Yoast SEO plugin. -->","yoast_head_json":{"title":"4-HO-MET online kopen - 4-HO-MET te koop","description":"4-HO-MET te koop is nu eenvoudig verkrijgbaar in onze online winkel. U kunt rechtstreeks verbinding maken met onze RC-koopwinkel en 4-HO-MET online kopen tegen de beste prijzen.","robots":{"index":"index","follow":"follow","max-snippet":"max-snippet:-1","max-image-preview":"max-image-preview:large","max-video-preview":"max-video-preview:-1"},"canonical":"https:\/\/rckopen.com\/it\/prodotto\/koop-4-ho-met\/","og_locale":"it_IT","og_type":"article","og_title":"4-HO-MET online kopen - 4-HO-MET te koop","og_description":"4-HO-MET te koop is nu eenvoudig verkrijgbaar in onze online winkel. U kunt rechtstreeks verbinding maken met onze RC-koopwinkel en 4-HO-MET online kopen tegen de beste prijzen.","og_url":"https:\/\/rckopen.com\/it\/prodotto\/koop-4-ho-met\/","og_site_name":"RC Kopen","article_modified_time":"2025-02-07T07:28:11+00:00","og_image":[{"width":600,"height":600,"url":"https:\/\/rckopen.com\/wp-content\/uploads\/2023\/08\/4-HO-MET.jpg","type":"image\/jpeg"}],"twitter_card":"summary_large_image","twitter_misc":{"Tempo di lettura stimato":"2 minuti"},"schema":{"@context":"https:\/\/schema.org","@graph":[{"@type":"WebPage","@id":"https:\/\/rckopen.com\/product\/koop-4-ho-met\/","url":"https:\/\/rckopen.com\/product\/koop-4-ho-met\/","name":"4-HO-MET online kopen - 4-HO-MET te koop","isPartOf":{"@id":"https:\/\/rckopen.com\/#website"},"primaryImageOfPage":{"@id":"https:\/\/rckopen.com\/product\/koop-4-ho-met\/#primaryimage"},"image":{"@id":"https:\/\/rckopen.com\/product\/koop-4-ho-met\/#primaryimage"},"thumbnailUrl":"https:\/\/rckopen.com\/wp-content\/uploads\/2023\/08\/4-HO-MET.jpg","datePublished":"2023-08-18T08:08:58+00:00","dateModified":"2025-02-07T07:28:11+00:00","description":"4-HO-MET te koop is nu eenvoudig verkrijgbaar in onze online winkel. U kunt rechtstreeks verbinding maken met onze RC-koopwinkel en 4-HO-MET online kopen tegen de beste prijzen.","breadcrumb":{"@id":"https:\/\/rckopen.com\/product\/koop-4-ho-met\/#breadcrumb"},"inLanguage":"it-IT","potentialAction":[{"@type":"ReadAction","target":["https:\/\/rckopen.com\/product\/koop-4-ho-met\/"]}]},{"@type":"ImageObject","inLanguage":"it-IT","@id":"https:\/\/rckopen.com\/product\/koop-4-ho-met\/#primaryimage","url":"https:\/\/rckopen.com\/wp-content\/uploads\/2023\/08\/4-HO-MET.jpg","contentUrl":"https:\/\/rckopen.com\/wp-content\/uploads\/2023\/08\/4-HO-MET.jpg","width":600,"height":600,"caption":"4-HO-MET online kopen"},{"@type":"BreadcrumbList","@id":"https:\/\/rckopen.com\/product\/koop-4-ho-met\/#breadcrumb","itemListElement":[{"@type":"ListItem","position":1,"name":"Home","item":"https:\/\/rckopen.com\/"},{"@type":"ListItem","position":2,"name":"Shop","item":"https:\/\/rckopen.com\/shop\/"},{"@type":"ListItem","position":3,"name":"4-HO-MET online kopen"}]},{"@type":"WebSite","@id":"https:\/\/rckopen.com\/#website","url":"https:\/\/rckopen.com\/","name":"RC Kopen","description":"Research Chemicals","potentialAction":[{"@type":"SearchAction","target":{"@type":"EntryPoint","urlTemplate":"https:\/\/rckopen.com\/?s={search_term_string}"},"query-input":{"@type":"PropertyValueSpecification","valueRequired":true,"valueName":"search_term_string"}}],"inLanguage":"it-IT"}]}},"_links":{"self":[{"href":"https:\/\/rckopen.com\/it\/wp-json\/wp\/v2\/product\/6993","targetHints":{"allow":["GET"]}}],"collection":[{"href":"https:\/\/rckopen.com\/it\/wp-json\/wp\/v2\/product"}],"about":[{"href":"https:\/\/rckopen.com\/it\/wp-json\/wp\/v2\/types\/product"}],"replies":[{"embeddable":true,"href":"https:\/\/rckopen.com\/it\/wp-json\/wp\/v2\/comments?post=6993"}],"wp:featuredmedia":[{"embeddable":true,"href":"https:\/\/rckopen.com\/it\/wp-json\/wp\/v2\/media\/6999"}],"wp:attachment":[{"href":"https:\/\/rckopen.com\/it\/wp-json\/wp\/v2\/media?parent=6993"}],"wp:term":[{"taxonomy":"product_brand","embeddable":true,"href":"https:\/\/rckopen.com\/it\/wp-json\/wp\/v2\/product_brand?post=6993"},{"taxonomy":"product_cat","embeddable":true,"href":"https:\/\/rckopen.com\/it\/wp-json\/wp\/v2\/product_cat?post=6993"},{"taxonomy":"product_tag","embeddable":true,"href":"https:\/\/rckopen.com\/it\/wp-json\/wp\/v2\/product_tag?post=6993"}],"curies":[{"name":"wp","href":"https:\/\/api.w.org\/{rel}","templated":true}]}}