{"id":8152,"date":"2024-04-15T16:42:14","date_gmt":"2024-04-15T16:42:14","guid":{"rendered":"https:\/\/rckopen.com\/?post_type=product&#038;p=8152"},"modified":"2025-02-04T04:23:08","modified_gmt":"2025-02-04T04:23:08","slug":"koop-caluanie-muelear-oxidize-online","status":"publish","type":"product","link":"https:\/\/rckopen.com\/it\/prodotto\/comprare-caluanie-muelear-oxidize-online\/","title":{"rendered":"Acquista Caluanie Muelear Oxidize online"},"content":{"rendered":"<h2 style=\"text-align: justify;\">Acquista Caluanie Muelear Oxidize online<\/h2>\n<p style=\"text-align: justify;\"><a href=\"https:\/\/rckopen.com\/it\/prodotto\/comprare-caluanie-muelear-oxidize-online\/\">Acquista Caluanie Muelear Oxidize online<\/a>, il prodotto chimico Caluanie \u00e8 un liquido viscoso di colore marrone chiaro derivato dalla trasformazione della soluzione di palma grezza. Il greggio Caluanie viene prodotto al 99% nell'impianto di ossidazione e pastorizzazione di Muelear ed \u00e8 un prodotto chimico eccellente con potenziali applicazioni in tutto il mondo, principalmente nelle industrie manifatturiere chimiche centralizzate.<\/p>\n<p style=\"text-align: justify;\">Il Caluanie \u00e8 ampiamente utilizzato nell'industria chimica e delle vernici come agente igroscopico ed \u00e8 ampiamente applicabile nei settori dei rivestimenti, delle vernici, delle materie plastiche e degli inchiostri da stampa. Acquistate i prodotti chimici Caluanie puri 100% da una fonte affidabile. <a href=\"https:\/\/rckopen.com\/it\/\">RCKopen<\/a><\/p>\n<p style=\"text-align: justify;\">La caluaina \u00e8 un liquido viscoso brunastro generato da Muelear Oxidize. \u00c8 chiamata acqua pesante perch\u00e9 contiene pi\u00f9 atomi di idrogeno pesante che atomi di idrogeno tipico. La caluaina di Muelear Oxidize \u00e8 progettata per dissolvere e bruciare gli ossidi metallici evitando interazioni con altre sostanze chimiche.<\/p>\n<p style=\"text-align: justify;\">Questo liquido chiaro e incolore \u00e8 stato testato in laboratorio per verificare che la manipolazione manuale non abbia effetti negativi. La Caluaina pu\u00f2 essere acquistata nel nostro negozio con la certezza della sua purezza e sicurezza. Gli acquisti all'ingrosso consentono un notevole risparmio!<\/p>\n<p style=\"text-align: justify;\">Caluanie Muelear Oxidize \u00e8 disponibile per diverse applicazioni<\/p>\n<p style=\"text-align: justify;\">Nel settore industriale, i prodotti chimici sono ampiamente utilizzati per molteplici applicazioni. Caluaine Muelear <a href=\"https:\/\/en.wikipedia.org\/wiki\/Oxidizing_acid\">Oxidize<\/a> \u00e8 un prodotto molto ricercato nell'industria metalmeccanica e chimica. Le principali applicazioni includono:<\/p>\n<p style=\"text-align: justify;\">Lavorazione della ferramenta metallica<br \/>\nRimozione delle macchie<br \/>\nEmulsionante<br \/>\nAffinamento delle pietre preziose e semipreziose<br \/>\nMacinazione chimica dei metalli<br \/>\nRimuove le sostanze che altri prodotti chimici non sono in grado di rimuovere<\/p>\n<p style=\"text-align: justify;\">Questo composto \u00e8 accessibile sia per uso di laboratorio che per applicazioni industriali. Caluanie Muelear Oxidize \u00e8 in vendita presso istituti scientifici e persone specializzate in ossidanti e acqua pesante. Evitare l'uso improprio di questo prodotto perch\u00e9 pu\u00f2 causare avvelenamento. Per ridurre i rischi, gli operatori professionali delle industrie devono essere adeguatamente formati.<\/p>\n<p style=\"text-align: justify;\">Lavorare con questi composti richiede una conoscenza di base dei requisiti di sicurezza per la manipolazione e lo stoccaggio delle sostanze chimiche. Per evitare l'ingestione o il contatto con la pelle, \u00e8 necessario indossare indumenti protettivi. Facciamo del nostro meglio per garantire che la qualit\u00e0 non venga manomessa da noi, ma \u00e8 necessario usare cautela quando si utilizza questo prodotto.<\/p>\n<h2 style=\"text-align: justify;\">Wij bieden Caluanie Muelear Oxidize online kopen aan<\/h2>\n<p style=\"text-align: justify;\">Prodotto: Caluanie Muelear Oxidize (il Caluanie grezzo 99% \u00e8 generato da Muelear oxidise), Caluanie (termostato di ripartizione ossidativa, acqua pesante):<\/p>\n<p style=\"text-align: justify;\">Questo prodotto \u00e8 utilizzato per la macinazione e la lavorazione di metalli preziosi e pietre semipreziose. Viene utilizzato per la lavorazione di pietre preziose e semipreziose e per la frantumazione dei metalli nell'industria chimica. Caluanie Ossido di Mulear online USA<\/p>\n<h3 style=\"text-align: justify;\">Cosa ci rende il produttore leader di Caluanie Muelear Oxidize?<\/h3>\n<p style=\"text-align: justify;\">Il problema della maggior parte dei prodotti chimici oggi \u00e8 che sono disponibili in diverse concentrazioni. Data la forte concorrenza, la qualit\u00e0 \u00e8 uno dei problemi pi\u00f9 urgenti. Le unit\u00e0 produttive a basso volume utilizzano strategie di riduzione dei costi per massimizzare i profitti vendendo prodotti di bassa qualit\u00e0. Caluanie Chemicals LTD non \u00e8 una di queste.<\/p>\n<p style=\"text-align: justify;\">Quando si tratta di garantire la qualit\u00e0 e creare valore, abbiamo la passione di andare oltre. Caluanie Muelear Oxidize, testato in laboratorio, \u00e8 disponibile da noi a prezzi imbattibili. Inoltre, ci impegniamo per la sicurezza dei nostri clienti e forniamo una guida adeguata. I nostri servizi possono essere adattati a esigenze specifiche e potete sempre contattarci per qualsiasi domanda o commento.<\/p>\n<p style=\"text-align: justify;\">Confezioni disponibili: 5L e confezioni sfuse da 20L, 50L, 100L o come da richiesta dell'acquirente.<\/p>","protected":false},"excerpt":{"rendered":"<p>Offriamo Caluanie Muelear Oxidize in vendita. Prodotto: Caluanie Muelear Oxidize (Caluanie grezzo 99% \u00e8 generato da Muelear ossidare) Caluanie (termostato di partizione ossidativa, acqua pesante): Prezzo della tanica (1pc) -5 L.<\/p>\n<p>Siamo un'azienda fornitrice affidabile e raggiungiamo il successo 100% in tutti i paesi.<\/p>\n<p>L'acqua pesante modifica le propriet\u00e0 del metallo, rendendolo fragile. Ma nel momento in cui l'acqua pesante evapora, il metallo ritorna allo stato precedente.<\/p>","protected":false},"featured_media":8159,"comment_status":"open","ping_status":"closed","template":"","meta":{"_joinchat":[]},"product_brand":[],"product_cat":[194],"product_tag":[],"class_list":{"0":"post-8152","1":"product","2":"type-product","3":"status-publish","4":"has-post-thumbnail","6":"product_cat-liquid-mercury","8":"first","9":"instock","10":"shipping-taxable","11":"purchasable","12":"product-type-variable"},"yoast_head":"<!-- This site is optimized with the Yoast SEO plugin v26.3 - https:\/\/yoast.com\/wordpress\/plugins\/seo\/ -->\n<title>Caluanie Muelear Oxidize online kopen @ Rckopen<\/title>\n<meta name=\"description\" content=\"caluanie muelear oxidize te koop is nu eenvoudig verkrijgbaar in onze online winkel. U kunt rechtstreeks verbinding maken met onze RC-koopwinkel en caluanie muelear oxidize online kopen tegen de beste prijzen.\" \/>\n<meta name=\"robots\" content=\"index, follow, max-snippet:-1, max-image-preview:large, max-video-preview:-1\" \/>\n<link rel=\"canonical\" href=\"https:\/\/rckopen.com\/it\/prodotto\/comprare-caluanie-muelear-oxidize-online\/\" \/>\n<meta property=\"og:locale\" content=\"it_IT\" \/>\n<meta property=\"og:type\" content=\"article\" \/>\n<meta property=\"og:title\" content=\"Caluanie Muelear Oxidize online kopen @ Rckopen\" \/>\n<meta property=\"og:description\" content=\"caluanie muelear oxidize te koop is nu eenvoudig verkrijgbaar in onze online winkel. U kunt rechtstreeks verbinding maken met onze RC-koopwinkel en caluanie muelear oxidize online kopen tegen de beste prijzen.\" \/>\n<meta property=\"og:url\" content=\"https:\/\/rckopen.com\/it\/prodotto\/comprare-caluanie-muelear-oxidize-online\/\" \/>\n<meta property=\"og:site_name\" content=\"RC Kopen\" \/>\n<meta property=\"article:modified_time\" content=\"2025-02-04T04:23:08+00:00\" \/>\n<meta property=\"og:image\" content=\"https:\/\/rckopen.com\/wp-content\/uploads\/2024\/04\/caluanie-muelear-oxidize.jpg\" \/>\n\t<meta property=\"og:image:width\" content=\"600\" \/>\n\t<meta property=\"og:image:height\" content=\"600\" \/>\n\t<meta property=\"og:image:type\" content=\"image\/jpeg\" \/>\n<meta name=\"twitter:card\" content=\"summary_large_image\" \/>\n<meta name=\"twitter:label1\" content=\"Tempo di lettura stimato\" \/>\n\t<meta name=\"twitter:data1\" content=\"3 minuti\" \/>\n<script type=\"application\/ld+json\" class=\"yoast-schema-graph\">{\"@context\":\"https:\/\/schema.org\",\"@graph\":[{\"@type\":\"WebPage\",\"@id\":\"https:\/\/rckopen.com\/product\/koop-caluanie-muelear-oxidize-online\/\",\"url\":\"https:\/\/rckopen.com\/product\/koop-caluanie-muelear-oxidize-online\/\",\"name\":\"Caluanie Muelear Oxidize online kopen @ Rckopen\",\"isPartOf\":{\"@id\":\"https:\/\/rckopen.com\/#website\"},\"primaryImageOfPage\":{\"@id\":\"https:\/\/rckopen.com\/product\/koop-caluanie-muelear-oxidize-online\/#primaryimage\"},\"image\":{\"@id\":\"https:\/\/rckopen.com\/product\/koop-caluanie-muelear-oxidize-online\/#primaryimage\"},\"thumbnailUrl\":\"https:\/\/rckopen.com\/wp-content\/uploads\/2024\/04\/caluanie-muelear-oxidize.jpg\",\"datePublished\":\"2024-04-15T16:42:14+00:00\",\"dateModified\":\"2025-02-04T04:23:08+00:00\",\"description\":\"caluanie muelear oxidize te koop is nu eenvoudig verkrijgbaar in onze online winkel. U kunt rechtstreeks verbinding maken met onze RC-koopwinkel en caluanie muelear oxidize online kopen tegen de beste prijzen.\",\"breadcrumb\":{\"@id\":\"https:\/\/rckopen.com\/product\/koop-caluanie-muelear-oxidize-online\/#breadcrumb\"},\"inLanguage\":\"it-IT\",\"potentialAction\":[{\"@type\":\"ReadAction\",\"target\":[\"https:\/\/rckopen.com\/product\/koop-caluanie-muelear-oxidize-online\/\"]}]},{\"@type\":\"ImageObject\",\"inLanguage\":\"it-IT\",\"@id\":\"https:\/\/rckopen.com\/product\/koop-caluanie-muelear-oxidize-online\/#primaryimage\",\"url\":\"https:\/\/rckopen.com\/wp-content\/uploads\/2024\/04\/caluanie-muelear-oxidize.jpg\",\"contentUrl\":\"https:\/\/rckopen.com\/wp-content\/uploads\/2024\/04\/caluanie-muelear-oxidize.jpg\",\"width\":600,\"height\":600,\"caption\":\"Caluanie Muelear Oxidize online kopen\"},{\"@type\":\"BreadcrumbList\",\"@id\":\"https:\/\/rckopen.com\/product\/koop-caluanie-muelear-oxidize-online\/#breadcrumb\",\"itemListElement\":[{\"@type\":\"ListItem\",\"position\":1,\"name\":\"Home\",\"item\":\"https:\/\/rckopen.com\/\"},{\"@type\":\"ListItem\",\"position\":2,\"name\":\"Shop\",\"item\":\"https:\/\/rckopen.com\/shop\/\"},{\"@type\":\"ListItem\",\"position\":3,\"name\":\"Caluanie Muelear Oxidize online kopen\"}]},{\"@type\":\"WebSite\",\"@id\":\"https:\/\/rckopen.com\/#website\",\"url\":\"https:\/\/rckopen.com\/\",\"name\":\"RC Kopen\",\"description\":\"Research Chemicals\",\"potentialAction\":[{\"@type\":\"SearchAction\",\"target\":{\"@type\":\"EntryPoint\",\"urlTemplate\":\"https:\/\/rckopen.com\/?s={search_term_string}\"},\"query-input\":{\"@type\":\"PropertyValueSpecification\",\"valueRequired\":true,\"valueName\":\"search_term_string\"}}],\"inLanguage\":\"it-IT\"}]}<\/script>\n<!-- \/ Yoast SEO plugin. -->","yoast_head_json":{"title":"Caluanie Muelear Oxidize online kopen @ Rckopen","description":"caluanie muelear oxidize te koop is nu eenvoudig verkrijgbaar in onze online winkel. U kunt rechtstreeks verbinding maken met onze RC-koopwinkel en caluanie muelear oxidize online kopen tegen de beste prijzen.","robots":{"index":"index","follow":"follow","max-snippet":"max-snippet:-1","max-image-preview":"max-image-preview:large","max-video-preview":"max-video-preview:-1"},"canonical":"https:\/\/rckopen.com\/it\/prodotto\/comprare-caluanie-muelear-oxidize-online\/","og_locale":"it_IT","og_type":"article","og_title":"Caluanie Muelear Oxidize online kopen @ Rckopen","og_description":"caluanie muelear oxidize te koop is nu eenvoudig verkrijgbaar in onze online winkel. U kunt rechtstreeks verbinding maken met onze RC-koopwinkel en caluanie muelear oxidize online kopen tegen de beste prijzen.","og_url":"https:\/\/rckopen.com\/it\/prodotto\/comprare-caluanie-muelear-oxidize-online\/","og_site_name":"RC Kopen","article_modified_time":"2025-02-04T04:23:08+00:00","og_image":[{"width":600,"height":600,"url":"https:\/\/rckopen.com\/wp-content\/uploads\/2024\/04\/caluanie-muelear-oxidize.jpg","type":"image\/jpeg"}],"twitter_card":"summary_large_image","twitter_misc":{"Tempo di lettura stimato":"3 minuti"},"schema":{"@context":"https:\/\/schema.org","@graph":[{"@type":"WebPage","@id":"https:\/\/rckopen.com\/product\/koop-caluanie-muelear-oxidize-online\/","url":"https:\/\/rckopen.com\/product\/koop-caluanie-muelear-oxidize-online\/","name":"Caluanie Muelear Oxidize online kopen @ Rckopen","isPartOf":{"@id":"https:\/\/rckopen.com\/#website"},"primaryImageOfPage":{"@id":"https:\/\/rckopen.com\/product\/koop-caluanie-muelear-oxidize-online\/#primaryimage"},"image":{"@id":"https:\/\/rckopen.com\/product\/koop-caluanie-muelear-oxidize-online\/#primaryimage"},"thumbnailUrl":"https:\/\/rckopen.com\/wp-content\/uploads\/2024\/04\/caluanie-muelear-oxidize.jpg","datePublished":"2024-04-15T16:42:14+00:00","dateModified":"2025-02-04T04:23:08+00:00","description":"caluanie muelear oxidize te koop is nu eenvoudig verkrijgbaar in onze online winkel. U kunt rechtstreeks verbinding maken met onze RC-koopwinkel en caluanie muelear oxidize online kopen tegen de beste prijzen.","breadcrumb":{"@id":"https:\/\/rckopen.com\/product\/koop-caluanie-muelear-oxidize-online\/#breadcrumb"},"inLanguage":"it-IT","potentialAction":[{"@type":"ReadAction","target":["https:\/\/rckopen.com\/product\/koop-caluanie-muelear-oxidize-online\/"]}]},{"@type":"ImageObject","inLanguage":"it-IT","@id":"https:\/\/rckopen.com\/product\/koop-caluanie-muelear-oxidize-online\/#primaryimage","url":"https:\/\/rckopen.com\/wp-content\/uploads\/2024\/04\/caluanie-muelear-oxidize.jpg","contentUrl":"https:\/\/rckopen.com\/wp-content\/uploads\/2024\/04\/caluanie-muelear-oxidize.jpg","width":600,"height":600,"caption":"Caluanie Muelear Oxidize online kopen"},{"@type":"BreadcrumbList","@id":"https:\/\/rckopen.com\/product\/koop-caluanie-muelear-oxidize-online\/#breadcrumb","itemListElement":[{"@type":"ListItem","position":1,"name":"Home","item":"https:\/\/rckopen.com\/"},{"@type":"ListItem","position":2,"name":"Shop","item":"https:\/\/rckopen.com\/shop\/"},{"@type":"ListItem","position":3,"name":"Caluanie Muelear Oxidize online kopen"}]},{"@type":"WebSite","@id":"https:\/\/rckopen.com\/#website","url":"https:\/\/rckopen.com\/","name":"RC Kopen","description":"Research Chemicals","potentialAction":[{"@type":"SearchAction","target":{"@type":"EntryPoint","urlTemplate":"https:\/\/rckopen.com\/?s={search_term_string}"},"query-input":{"@type":"PropertyValueSpecification","valueRequired":true,"valueName":"search_term_string"}}],"inLanguage":"it-IT"}]}},"_links":{"self":[{"href":"https:\/\/rckopen.com\/it\/wp-json\/wp\/v2\/product\/8152","targetHints":{"allow":["GET"]}}],"collection":[{"href":"https:\/\/rckopen.com\/it\/wp-json\/wp\/v2\/product"}],"about":[{"href":"https:\/\/rckopen.com\/it\/wp-json\/wp\/v2\/types\/product"}],"replies":[{"embeddable":true,"href":"https:\/\/rckopen.com\/it\/wp-json\/wp\/v2\/comments?post=8152"}],"wp:featuredmedia":[{"embeddable":true,"href":"https:\/\/rckopen.com\/it\/wp-json\/wp\/v2\/media\/8159"}],"wp:attachment":[{"href":"https:\/\/rckopen.com\/it\/wp-json\/wp\/v2\/media?parent=8152"}],"wp:term":[{"taxonomy":"product_brand","embeddable":true,"href":"https:\/\/rckopen.com\/it\/wp-json\/wp\/v2\/product_brand?post=8152"},{"taxonomy":"product_cat","embeddable":true,"href":"https:\/\/rckopen.com\/it\/wp-json\/wp\/v2\/product_cat?post=8152"},{"taxonomy":"product_tag","embeddable":true,"href":"https:\/\/rckopen.com\/it\/wp-json\/wp\/v2\/product_tag?post=8152"}],"curies":[{"name":"wp","href":"https:\/\/api.w.org\/{rel}","templated":true}]}}