{"id":6229,"date":"2023-08-14T07:02:49","date_gmt":"2023-08-14T07:02:49","guid":{"rendered":"https:\/\/diligentplug.com\/chems\/?post_type=product&#038;p=6229"},"modified":"2025-02-03T06:55:14","modified_gmt":"2025-02-03T06:55:14","slug":"dmc-dimethocaine-freebase","status":"publish","type":"product","link":"https:\/\/rckopen.com\/pt\/produto\/dmc-dimetocaina-freebase\/","title":{"rendered":"DMC (Dimethocaine) freebase online comprar"},"content":{"rendered":"<h2>Algemene informatie over Dimethocaine freebase online kopen<\/h2>\n<p><a href=\"https:\/\/rckopen.com\/pt\/produto\/dmc-dimetocaina-freebase\/\">DMC Dimethocaine Freebase comprar online<\/a>, A dimetoca\u00edna, conhecida pelo nome qu\u00edmico 3-(dietilamino)-2,2-dimetil-1-propanocarboxilato, pertence \u00e0 classe de compostos conhecidos como alcal\u00f3ides trop\u00e2nicos<a href=\"https:\/\/rckopen.com\/pt\/produto\/meai\/\">.<\/a><\/p>\n<p>Em termos de propriedades qu\u00edmicas, a dimetoca\u00edna encontra-se normalmente sob a forma de um p\u00f3 branco cristalino. \u00c9 sol\u00favel em solventes naturais, como o metanol, mas menos sol\u00favel em \u00e1gua<a href=\"https:\/\/en.wikipedia.org\/w\/index.php?search=DMC+Dimethocaine&amp;title=Special%3ASearch&amp;ns0=1\">.<\/a><\/p>\n<p>Quando se refere \u00e0 Dimethocaine freebase, significa a forma de base pura do composto. A base livre refere-se a um produto qu\u00edmico ou combina\u00e7\u00e3o de investiga\u00e7\u00e3o na sua forma b\u00e1sica, sem sais ou outros aditivos.<\/p>\n<p>No caso da dimetoca\u00edna, a forma de base livre tem geralmente uma pot\u00eancia mais elevada e \u00e9 frequentemente utilizada para fins recreativos. Pode ser vaporizada ou dissolvida num solvente de outra forma de investiga\u00e7\u00e3o.<\/p>\n<h3>Composi\u00e7\u00e3o qu\u00edmica da Dimethocaine freebase<\/h3>\n<p>A composi\u00e7\u00e3o qu\u00edmica de <a href=\"https:\/\/en.wikipedia.org\/wiki\/DMC\">Dimethocaine<\/a> base livre, tamb\u00e9m conhecida como dimetoca\u00edna, pode ser representada pela f\u00f3rmula molecular: C16H26N2O2. Os n\u00fameros ap\u00f3s cada s\u00edmbolo de elemento indicam o n\u00famero de \u00e1tomos daquele elemento presente em uma mol\u00e9cula de base livre de dimetoca\u00edna.<\/p>\n<p>Por conseguinte, a base livre de Dimetoca\u00edna \u00e9 constitu\u00edda por dezasseis \u00e1tomos de carbono (C16), vinte e seis \u00e1tomos de hidrog\u00e9nio (H26), dois \u00e1tomos de azoto (N2) e dois \u00e1tomos de oxig\u00e9nio (O2).<\/p>\n<p>\u00c9 importante notar que a composi\u00e7\u00e3o qu\u00edmica aqui descrita representa a f\u00f3rmula emp\u00edrica, que d\u00e1 a propor\u00e7\u00e3o mais simples de \u00e1tomos no composto. A f\u00f3rmula emp\u00edrica n\u00e3o representa o arranjo estrutural desses \u00e1tomos e o padr\u00e3o de liga\u00e7\u00e3o espec\u00edfico.<\/p>\n<h3>Base livre de dimetoca\u00edna de alta qualidade.<\/h3>\n<p><a href=\"https:\/\/rckopen.com\/pt\/\">rckopen.com<\/a> tem muitos anos de experi\u00eancia no setor de design de produtos qu\u00edmicos para pesquisa, o que nos permite garantir a mais alta qualidade desses produtos qu\u00edmicos para pesquisa. Comprar produtos qu\u00edmicos de base livre de dimetoca\u00edna \u00e9 f\u00e1cil e de alta qualidade. O custo do Dimethocaine freebase \u00e9 relativamente baixo do que o de outras empresas. Produtos qu\u00edmicos de pesquisa, incluindo Dimethocaine freebase, atendem a todos os requisitos de seguran\u00e7a. Os produtos qu\u00edmicos de pesquisa s\u00e3o cuidadosamente distribu\u00eddos e armazenados em um local fresco e seco. Todos os produtos s\u00e3o regularmente verificados quanto \u00e0 qualidade, pureza e seguran\u00e7a. Nossa base livre de Dimetoca\u00edna \u00e9 apenas para fins de pesquisa. Nossos produtos t\u00eam um pre\u00e7o justo e voc\u00ea pode comprar produtos qu\u00edmicos de base livre de Dimetoca\u00edna online a pre\u00e7os muito baratos.<\/p>\n<h3>Produto qu\u00edmico \u00e0 base de Dimethocaine testado em laborat\u00f3rio com resultados.<\/h3>\n<p>Faz progressos renovados no sentido da satisfa\u00e7\u00e3o global dos seus clientes. V\u00e1rios inqu\u00e9ritos demonstraram que os clientes solicitam tantos dados quanto o esperado antes de comprarem produtos qu\u00edmicos de investiga\u00e7\u00e3o sint\u00e9ticos. Al\u00e9m disso, publicamos todas as consequ\u00eancias laboratoriais de cada produto qu\u00edmico de investiga\u00e7\u00e3o num registo PDF.<\/p>\n<p>O nosso Dimethocaine freebase cumpre consistentemente os ingredientes activos e \u00e9 vis\u00edvel para todos.<\/p>\n<p>Distribu\u00edmos todas as consequ\u00eancias laboratoriais de cada produto qu\u00edmico de investiga\u00e7\u00e3o num documento PDF.<\/p>\n<h3>Encomenda segura na Dimethocaine Freebase.<\/h3>\n<p>Os produtos qu\u00edmicos de pesquisa de design da RC Buy s\u00e3o de excelente qualidade e t\u00eam um pre\u00e7o justo. Portanto, quando voc\u00ea solicitar seus produtos qu\u00edmicos de pesquisa da RC SHOP, garantimos que enviaremos sua solicita\u00e7\u00e3o ao seu laborat\u00f3rio de pesquisa de forma r\u00e1pida e segura, pois as vendas de produtos qu\u00edmicos de pesquisa est\u00e3o sempre dispon\u00edveis na RC Buy.<\/p>\n<p>Pedir compostos sint\u00e9ticos de pesquisa com Bitcoin ou transfer\u00eancia banc\u00e1ria \u00e9 f\u00e1cil na RC Buy. N\u00f3s enviamos produtos qu\u00edmicos de pesquisa no mesmo dia \u00fatil se o pagamento for recebido antes das 15h00 CEST. N\u00e3o enviamos itens para pessoas menores de 18 anos! Os pellets de base livre de dimetoca\u00edna \u00e0 venda s\u00e3o apenas para fins de pesquisa.<\/p>\n<h3>Expedi\u00e7\u00e3o discreta de produtos qu\u00edmicos para investiga\u00e7\u00e3o.<\/h3>\n<p>A RC Kopen embalar\u00e1 seu pedido com seguran\u00e7a para garantir o transporte adequado. Al\u00e9m disso, fazemos as malas de forma perfeitamente discreta, e nada fica exposto do lado de fora do que pode estar dentro.<\/p>\n<p>Aten\u00e7\u00e3o: rckopen.com oferece produtos que n\u00e3o se destinam ao consumo humano. O consumo deste produto (n\u00e3o intencional) pode ter consequ\u00eancias m\u00e9dicas graves<\/p>","protected":false},"excerpt":{"rendered":"<p>Denomina\u00e7\u00e3o IUPAC: (3-dietilamino-2,2-dimetilpropil)-4-aminobenzoato<\/p>\n<p>CAS # 94-15-5<\/p>\n<p>Outros nomes: Dimetoca\u00edna ou laroca\u00edna<\/p>\n<p>Forma: p\u00f3<\/p>","protected":false},"featured_media":6252,"comment_status":"open","ping_status":"closed","template":"","meta":{"_joinchat":[]},"product_brand":[],"product_cat":[127],"product_tag":[],"class_list":{"0":"post-6229","1":"product","2":"type-product","3":"status-publish","4":"has-post-thumbnail","6":"product_cat-amfetamine","8":"first","9":"instock","10":"shipping-taxable","11":"purchasable","12":"product-type-variable"},"yoast_head":"<!-- This site is optimized with the Yoast SEO plugin v26.3 - https:\/\/yoast.com\/wordpress\/plugins\/seo\/ -->\n<title>DMC Dimethocaine Freebase online kopen - DMC te koop<\/title>\n<meta name=\"description\" content=\"DMC dimethocaine freebase online kopen in onze RC Kopen-winkel. Hier is de kans om DMC Dimethocaine Freebase te koop tegen goedkope prijzen.\" \/>\n<meta name=\"robots\" content=\"index, follow, max-snippet:-1, max-image-preview:large, max-video-preview:-1\" \/>\n<link rel=\"canonical\" href=\"https:\/\/rckopen.com\/pt\/produto\/dmc-dimetocaina-freebase\/\" \/>\n<meta property=\"og:locale\" content=\"pt_PT\" \/>\n<meta property=\"og:type\" content=\"article\" \/>\n<meta property=\"og:title\" content=\"DMC Dimethocaine Freebase online kopen - DMC te koop\" \/>\n<meta property=\"og:description\" content=\"DMC dimethocaine freebase online kopen in onze RC Kopen-winkel. Hier is de kans om DMC Dimethocaine Freebase te koop tegen goedkope prijzen.\" \/>\n<meta property=\"og:url\" content=\"https:\/\/rckopen.com\/pt\/produto\/dmc-dimetocaina-freebase\/\" \/>\n<meta property=\"og:site_name\" content=\"RC Kopen\" \/>\n<meta property=\"article:modified_time\" content=\"2025-02-03T06:55:14+00:00\" \/>\n<meta property=\"og:image\" content=\"https:\/\/rckopen.com\/wp-content\/uploads\/2023\/08\/dmc-Dimethocaine-freebase.jpg\" \/>\n\t<meta property=\"og:image:width\" content=\"600\" \/>\n\t<meta property=\"og:image:height\" content=\"600\" \/>\n\t<meta property=\"og:image:type\" content=\"image\/jpeg\" \/>\n<meta name=\"twitter:card\" content=\"summary_large_image\" \/>\n<meta name=\"twitter:label1\" content=\"Tempo estimado de leitura\" \/>\n\t<meta name=\"twitter:data1\" content=\"3 minutos\" \/>\n<script type=\"application\/ld+json\" class=\"yoast-schema-graph\">{\"@context\":\"https:\/\/schema.org\",\"@graph\":[{\"@type\":\"WebPage\",\"@id\":\"https:\/\/rckopen.com\/product\/dmc-dimethocaine-freebase\/\",\"url\":\"https:\/\/rckopen.com\/product\/dmc-dimethocaine-freebase\/\",\"name\":\"DMC Dimethocaine Freebase online kopen - DMC te koop\",\"isPartOf\":{\"@id\":\"https:\/\/rckopen.com\/#website\"},\"primaryImageOfPage\":{\"@id\":\"https:\/\/rckopen.com\/product\/dmc-dimethocaine-freebase\/#primaryimage\"},\"image\":{\"@id\":\"https:\/\/rckopen.com\/product\/dmc-dimethocaine-freebase\/#primaryimage\"},\"thumbnailUrl\":\"https:\/\/rckopen.com\/wp-content\/uploads\/2023\/08\/dmc-Dimethocaine-freebase.jpg\",\"datePublished\":\"2023-08-14T07:02:49+00:00\",\"dateModified\":\"2025-02-03T06:55:14+00:00\",\"description\":\"DMC dimethocaine freebase online kopen in onze RC Kopen-winkel. Hier is de kans om DMC Dimethocaine Freebase te koop tegen goedkope prijzen.\",\"breadcrumb\":{\"@id\":\"https:\/\/rckopen.com\/product\/dmc-dimethocaine-freebase\/#breadcrumb\"},\"inLanguage\":\"pt-PT\",\"potentialAction\":[{\"@type\":\"ReadAction\",\"target\":[\"https:\/\/rckopen.com\/product\/dmc-dimethocaine-freebase\/\"]}]},{\"@type\":\"ImageObject\",\"inLanguage\":\"pt-PT\",\"@id\":\"https:\/\/rckopen.com\/product\/dmc-dimethocaine-freebase\/#primaryimage\",\"url\":\"https:\/\/rckopen.com\/wp-content\/uploads\/2023\/08\/dmc-Dimethocaine-freebase.jpg\",\"contentUrl\":\"https:\/\/rckopen.com\/wp-content\/uploads\/2023\/08\/dmc-Dimethocaine-freebase.jpg\",\"width\":600,\"height\":600,\"caption\":\"dmc-(Dimethocaine)-freebase online kopen\"},{\"@type\":\"BreadcrumbList\",\"@id\":\"https:\/\/rckopen.com\/product\/dmc-dimethocaine-freebase\/#breadcrumb\",\"itemListElement\":[{\"@type\":\"ListItem\",\"position\":1,\"name\":\"Home\",\"item\":\"https:\/\/rckopen.com\/\"},{\"@type\":\"ListItem\",\"position\":2,\"name\":\"Shop\",\"item\":\"https:\/\/rckopen.com\/shop\/\"},{\"@type\":\"ListItem\",\"position\":3,\"name\":\"DMC (Dimethocaine) freebase online kopen\"}]},{\"@type\":\"WebSite\",\"@id\":\"https:\/\/rckopen.com\/#website\",\"url\":\"https:\/\/rckopen.com\/\",\"name\":\"RC Kopen\",\"description\":\"Research Chemicals\",\"potentialAction\":[{\"@type\":\"SearchAction\",\"target\":{\"@type\":\"EntryPoint\",\"urlTemplate\":\"https:\/\/rckopen.com\/?s={search_term_string}\"},\"query-input\":{\"@type\":\"PropertyValueSpecification\",\"valueRequired\":true,\"valueName\":\"search_term_string\"}}],\"inLanguage\":\"pt-PT\"}]}<\/script>\n<!-- \/ Yoast SEO plugin. -->","yoast_head_json":{"title":"DMC Dimethocaine Freebase online kopen - DMC te koop","description":"DMC dimethocaine freebase online kopen in onze RC Kopen-winkel. Hier is de kans om DMC Dimethocaine Freebase te koop tegen goedkope prijzen.","robots":{"index":"index","follow":"follow","max-snippet":"max-snippet:-1","max-image-preview":"max-image-preview:large","max-video-preview":"max-video-preview:-1"},"canonical":"https:\/\/rckopen.com\/pt\/produto\/dmc-dimetocaina-freebase\/","og_locale":"pt_PT","og_type":"article","og_title":"DMC Dimethocaine Freebase online kopen - DMC te koop","og_description":"DMC dimethocaine freebase online kopen in onze RC Kopen-winkel. Hier is de kans om DMC Dimethocaine Freebase te koop tegen goedkope prijzen.","og_url":"https:\/\/rckopen.com\/pt\/produto\/dmc-dimetocaina-freebase\/","og_site_name":"RC Kopen","article_modified_time":"2025-02-03T06:55:14+00:00","og_image":[{"width":600,"height":600,"url":"https:\/\/rckopen.com\/wp-content\/uploads\/2023\/08\/dmc-Dimethocaine-freebase.jpg","type":"image\/jpeg"}],"twitter_card":"summary_large_image","twitter_misc":{"Tempo estimado de leitura":"3 minutos"},"schema":{"@context":"https:\/\/schema.org","@graph":[{"@type":"WebPage","@id":"https:\/\/rckopen.com\/product\/dmc-dimethocaine-freebase\/","url":"https:\/\/rckopen.com\/product\/dmc-dimethocaine-freebase\/","name":"DMC Dimethocaine Freebase online kopen - DMC te koop","isPartOf":{"@id":"https:\/\/rckopen.com\/#website"},"primaryImageOfPage":{"@id":"https:\/\/rckopen.com\/product\/dmc-dimethocaine-freebase\/#primaryimage"},"image":{"@id":"https:\/\/rckopen.com\/product\/dmc-dimethocaine-freebase\/#primaryimage"},"thumbnailUrl":"https:\/\/rckopen.com\/wp-content\/uploads\/2023\/08\/dmc-Dimethocaine-freebase.jpg","datePublished":"2023-08-14T07:02:49+00:00","dateModified":"2025-02-03T06:55:14+00:00","description":"DMC dimethocaine freebase online kopen in onze RC Kopen-winkel. Hier is de kans om DMC Dimethocaine Freebase te koop tegen goedkope prijzen.","breadcrumb":{"@id":"https:\/\/rckopen.com\/product\/dmc-dimethocaine-freebase\/#breadcrumb"},"inLanguage":"pt-PT","potentialAction":[{"@type":"ReadAction","target":["https:\/\/rckopen.com\/product\/dmc-dimethocaine-freebase\/"]}]},{"@type":"ImageObject","inLanguage":"pt-PT","@id":"https:\/\/rckopen.com\/product\/dmc-dimethocaine-freebase\/#primaryimage","url":"https:\/\/rckopen.com\/wp-content\/uploads\/2023\/08\/dmc-Dimethocaine-freebase.jpg","contentUrl":"https:\/\/rckopen.com\/wp-content\/uploads\/2023\/08\/dmc-Dimethocaine-freebase.jpg","width":600,"height":600,"caption":"dmc-(Dimethocaine)-freebase online kopen"},{"@type":"BreadcrumbList","@id":"https:\/\/rckopen.com\/product\/dmc-dimethocaine-freebase\/#breadcrumb","itemListElement":[{"@type":"ListItem","position":1,"name":"Home","item":"https:\/\/rckopen.com\/"},{"@type":"ListItem","position":2,"name":"Shop","item":"https:\/\/rckopen.com\/shop\/"},{"@type":"ListItem","position":3,"name":"DMC (Dimethocaine) freebase online kopen"}]},{"@type":"WebSite","@id":"https:\/\/rckopen.com\/#website","url":"https:\/\/rckopen.com\/","name":"RC Kopen","description":"Research Chemicals","potentialAction":[{"@type":"SearchAction","target":{"@type":"EntryPoint","urlTemplate":"https:\/\/rckopen.com\/?s={search_term_string}"},"query-input":{"@type":"PropertyValueSpecification","valueRequired":true,"valueName":"search_term_string"}}],"inLanguage":"pt-PT"}]}},"_links":{"self":[{"href":"https:\/\/rckopen.com\/pt\/wp-json\/wp\/v2\/product\/6229","targetHints":{"allow":["GET"]}}],"collection":[{"href":"https:\/\/rckopen.com\/pt\/wp-json\/wp\/v2\/product"}],"about":[{"href":"https:\/\/rckopen.com\/pt\/wp-json\/wp\/v2\/types\/product"}],"replies":[{"embeddable":true,"href":"https:\/\/rckopen.com\/pt\/wp-json\/wp\/v2\/comments?post=6229"}],"wp:featuredmedia":[{"embeddable":true,"href":"https:\/\/rckopen.com\/pt\/wp-json\/wp\/v2\/media\/6252"}],"wp:attachment":[{"href":"https:\/\/rckopen.com\/pt\/wp-json\/wp\/v2\/media?parent=6229"}],"wp:term":[{"taxonomy":"product_brand","embeddable":true,"href":"https:\/\/rckopen.com\/pt\/wp-json\/wp\/v2\/product_brand?post=6229"},{"taxonomy":"product_cat","embeddable":true,"href":"https:\/\/rckopen.com\/pt\/wp-json\/wp\/v2\/product_cat?post=6229"},{"taxonomy":"product_tag","embeddable":true,"href":"https:\/\/rckopen.com\/pt\/wp-json\/wp\/v2\/product_tag?post=6229"}],"curies":[{"name":"wp","href":"https:\/\/api.w.org\/{rel}","templated":true}]}}