{"id":6230,"date":"2023-08-14T07:12:58","date_gmt":"2023-08-14T07:12:58","guid":{"rendered":"https:\/\/diligentplug.com\/chems\/?post_type=product&#038;p=6230"},"modified":"2025-01-30T05:40:36","modified_gmt":"2025-01-30T05:40:36","slug":"3-mma-powder","status":"publish","type":"product","link":"https:\/\/rckopen.com\/pt\/produto\/3-mma-em-po\/","title":{"rendered":"Compre p\u00f3 3-MMA online"},"content":{"rendered":"<h2>Algemene informatie over 3-MMA-poeder online kopen<\/h2>\n<p><a href=\"https:\/\/rckopen.com\/pt\/produto\/3-mma-em-po\/\">Compre p\u00f3 3-MMA online<\/a>, 3-Metoxi-4-metilanfetamina \u2013 conhecida como 3-MMA \u2013 \u00e9 um produto qu\u00edmico essencial da classe das catinonas. 3MMA \u2013 tamb\u00e9m chamado de \u201cmetil mescalina\u201d \u2013 \u00e9 um produto qu\u00edmico psicod\u00e9lico classificado como anfetamina. A estrutura qu\u00edmica se assemelha \u00e0 da mescalina, um composto not\u00e1vel, comum e muito procurado encontrado em plantas espinhosas espec\u00edficas. Acredita-se que o 3MMA tenha uma prefer\u00eancia mais not\u00e1vel pelo subtipo de receptor 5-HT2A. Comprar 3MMC ou Pedir 3MMC? Isso n\u00e3o \u00e9 mais poss\u00edvel porque a compra de 3-MMC \u00e9 proibida. Substituir 3-MMC? <a href=\"https:\/\/rckopen.com\/pt\/produto\/2-fma\/\">Ent\u00e3o clique aqui!<\/a><\/p>\n<p>Em todo o caso, o sistema espec\u00edfico de atividade \u00e9 apenas parcialmente observado. Os efeitos do 3MMA podem ser excepcionais e dependem de algumas vari\u00e1veis, incluindo as medi\u00e7\u00f5es, a resist\u00eancia individual e os elementos naturais.<\/p>\n<h3>Composi\u00e7\u00e3o qu\u00edmica do p\u00f3 de 3-MMA.<\/h3>\n<p>A composi\u00e7\u00e3o qu\u00edmica de <a href=\"https:\/\/en.wikipedia.org\/wiki\/3-Methoxymethamphetamine\">P\u00f3 de 3-MMA (3-metilmetanfetamina)<\/a> pode ser representado pela f\u00f3rmula molecular, C11H17N.<\/p>\n<p>Os n\u00fameros a seguir ao s\u00edmbolo de cada elemento indicam o n\u00famero de \u00e1tomos desse elemento presentes numa mol\u00e9cula de 3-MMA.<\/p>\n<p>Esta estrutura qu\u00edmica indica que o 3-MMA \u00e9 composto por 11 \u00e1tomos de carbono (C11), 17 \u00e1tomos de hidrog\u00e9nio (H17) e um \u00e1tomo de azoto (N).<\/p>\n<p>A qu\u00edmica do p\u00f3 de 3-MMA (3-metilmetanfetamina) inclui a sua estrutura molecular e propriedades. No entanto, devido \u00e0 informa\u00e7\u00e3o limitada sobre a 3-MMA, incluindo as suas propriedades qu\u00edmicas e m\u00e9todos de s\u00edntese, \u00e9 dif\u00edcil compreender plenamente a qu\u00edmica<a href=\"https:\/\/en.wikipedia.org\/w\/index.php?search=3-MMA&amp;title=Special%3ASearch&amp;ns0=1\">.<\/a><\/p>\n<p>Com base no seu nome, o 3-MMA \u00e9 provavelmente um derivado da metanfetamina, um membro da classe dos compostos anfetam\u00ednicos. A metanfetamina caracteriza-se por um anel fen\u00edlico ligado a um grupo amino (NH2) com um grupo metilo (CH3) na posi\u00e7\u00e3o 3 do anel fen\u00edlico.<\/p>\n<h3>Compre p\u00f3 3-MMA de alta qualidade online.<\/h3>\n<p><a href=\"https:\/\/rckopen.com\/pt\/\">RC KOPEN<\/a> A RC SHOP tem anos de experi\u00eancia industrial na conce\u00e7\u00e3o de produtos qu\u00edmicos para investiga\u00e7\u00e3o, o que nos permite garantir a mais elevada qualidade destes produtos qu\u00edmicos para investiga\u00e7\u00e3o. A compra de produtos qu\u00edmicos em p\u00f3 3-MMA \u00e9 f\u00e1cil e tem qualidade superior. O custo do p\u00f3 de 3-MMA \u00e9 relativamente baixo em compara\u00e7\u00e3o com outras empresas.<\/p>\n<p>Os produtos qu\u00edmicos de investiga\u00e7\u00e3o, incluindo o p\u00f3 de 3-MMA, cumprem todos os requisitos de seguran\u00e7a. Os produtos qu\u00edmicos de investiga\u00e7\u00e3o s\u00e3o cuidadosamente distribu\u00eddos e armazenados num local fresco e seco.<\/p>\n<p>Todos os produtos s\u00e3o regularmente verificados quanto \u00e0 qualidade, pureza e seguran\u00e7a. O nosso p\u00f3 Buy 3-MMA \u00e9 apenas para fins de investiga\u00e7\u00e3o.<\/p>\n<p>Os nossos produtos t\u00eam um pre\u00e7o justo e pode comprar p\u00f3 de 3-MMA online a pre\u00e7os muito baixos.<\/p>\n<h3>P\u00f3 de 3-MMA testado em laborat\u00f3rio com resultados.<\/h3>\n<p>Faz progressos renovados no sentido da satisfa\u00e7\u00e3o global dos seus clientes. V\u00e1rios inqu\u00e9ritos demonstraram que os clientes solicitam tantos dados quanto o esperado antes de comprarem produtos qu\u00edmicos de investiga\u00e7\u00e3o sint\u00e9ticos. Al\u00e9m disso, publicamos todas as consequ\u00eancias laboratoriais de cada produto qu\u00edmico de investiga\u00e7\u00e3o num registo PDF.<\/p>\n<p>Nosso p\u00f3 3-MMA atende consistentemente aos ingredientes ativos e pode ser visto por qualquer pessoa P\u00f3 3-MMA \u00e0 venda.<\/p>\n<p>Distribu\u00edmos todas as consequ\u00eancias laboratoriais de cada produto qu\u00edmico de investiga\u00e7\u00e3o num documento PDF.<\/p>\n<h3>Encomenda segura em p\u00f3 3-MMA.<\/h3>\n<p>Os produtos qu\u00edmicos de pesquisa de design da RC BUY s\u00e3o de excelente qualidade e t\u00eam um pre\u00e7o justo. Portanto, garantimos que quando voc\u00ea solicitar seus produtos qu\u00edmicos de pesquisa da RC SHOP, entregaremos sua solicita\u00e7\u00e3o em sua casa com rapidez e seguran\u00e7a, pois as vendas de produtos qu\u00edmicos de pesquisa est\u00e3o sempre dispon\u00edveis na RCKOPEN.<\/p>\n<p>Encomendar compostos sint\u00e9ticos de pesquisa com Bitcoin ou transfer\u00eancia banc\u00e1ria \u00e9 f\u00e1cil na RC BUY.<\/p>\n<p>Enviamos os produtos qu\u00edmicos de investiga\u00e7\u00e3o no mesmo dia \u00fatil se o pagamento for recebido antes das 15:00 CEST.N\u00e3o entregamos artigos a pessoas com menos de 18 anos de idade!<\/p>\n<p>O p\u00f3 de 3-MMA \u00e0 venda destina-se apenas a fins de investiga\u00e7\u00e3o.<\/p>\n<h3>Expedi\u00e7\u00e3o discreta de produtos qu\u00edmicos para investiga\u00e7\u00e3o.<\/h3>\n<p>A RC KOPEN embalar\u00e1 seu pedido com seguran\u00e7a para garantir o transporte adequado. Al\u00e9m disso, fazemos as malas de forma perfeitamente discreta, e nada fica exposto do lado de fora do que pode estar dentro.<\/p>\n<p>Nota: rckopen.com oferece produtos que n\u00e3o se destinam ao consumo humano. O consumo deste produto (n\u00e3o intencional) pode ter consequ\u00eancias m\u00e9dicas graves.<\/p>","protected":false},"excerpt":{"rendered":"<p>Denomina\u00e7\u00e3o IUPAC:N-metil-1-(3-metilfenil)propan-2-amina<\/p>\n<p>CAS # 1419922-19-2<\/p>\n<p>Outro nome:3-Metil-Metanfetamina (3-Me-MA)<\/p>\n<p>Forma: P\u00f3<\/p>\n<p>An\u00e1lise NMR: N\/A<\/p>","protected":false},"featured_media":6252,"comment_status":"open","ping_status":"closed","template":"","meta":{"_joinchat":[]},"product_brand":[],"product_cat":[127],"product_tag":[],"class_list":{"0":"post-6230","1":"product","2":"type-product","3":"status-publish","4":"has-post-thumbnail","6":"product_cat-amfetamine","8":"first","9":"instock","10":"shipping-taxable","11":"purchasable","12":"product-type-variable"},"yoast_head":"<!-- This site is optimized with the Yoast SEO plugin v26.3 - https:\/\/yoast.com\/wordpress\/plugins\/seo\/ -->\n<title>3-MMA-poeder online kopen- 3-MMA-poeder online te koop<\/title>\n<meta name=\"description\" content=\"Als u 3-MMA-poeder online wilt kopen, heeft RCKopen een hoogwaardig 3-MMA-poeder te koop. Wij helpen u 3-MMA-poeder online te kopen tegen goedkope tarieven.\" \/>\n<meta name=\"robots\" content=\"index, follow, max-snippet:-1, max-image-preview:large, max-video-preview:-1\" \/>\n<link rel=\"canonical\" href=\"https:\/\/rckopen.com\/pt\/produto\/3-mma-em-po\/\" \/>\n<meta property=\"og:locale\" content=\"pt_PT\" \/>\n<meta property=\"og:type\" content=\"article\" \/>\n<meta property=\"og:title\" content=\"3-MMA-poeder online kopen- 3-MMA-poeder online te koop\" \/>\n<meta property=\"og:description\" content=\"Als u 3-MMA-poeder online wilt kopen, heeft RCKopen een hoogwaardig 3-MMA-poeder te koop. Wij helpen u 3-MMA-poeder online te kopen tegen goedkope tarieven.\" \/>\n<meta property=\"og:url\" content=\"https:\/\/rckopen.com\/pt\/produto\/3-mma-em-po\/\" \/>\n<meta property=\"og:site_name\" content=\"RC Kopen\" \/>\n<meta property=\"article:modified_time\" content=\"2025-01-30T05:40:36+00:00\" \/>\n<meta property=\"og:image\" content=\"https:\/\/rckopen.com\/wp-content\/uploads\/2023\/08\/dmc-Dimethocaine-freebase.jpg\" \/>\n\t<meta property=\"og:image:width\" content=\"600\" \/>\n\t<meta property=\"og:image:height\" content=\"600\" \/>\n\t<meta property=\"og:image:type\" content=\"image\/jpeg\" \/>\n<meta name=\"twitter:card\" content=\"summary_large_image\" \/>\n<meta name=\"twitter:label1\" content=\"Tempo estimado de leitura\" \/>\n\t<meta name=\"twitter:data1\" content=\"3 minutos\" \/>\n<script type=\"application\/ld+json\" class=\"yoast-schema-graph\">{\"@context\":\"https:\/\/schema.org\",\"@graph\":[{\"@type\":\"WebPage\",\"@id\":\"https:\/\/rckopen.com\/product\/3-mma-powder\/\",\"url\":\"https:\/\/rckopen.com\/product\/3-mma-powder\/\",\"name\":\"3-MMA-poeder online kopen- 3-MMA-poeder online te koop\",\"isPartOf\":{\"@id\":\"https:\/\/rckopen.com\/#website\"},\"primaryImageOfPage\":{\"@id\":\"https:\/\/rckopen.com\/product\/3-mma-powder\/#primaryimage\"},\"image\":{\"@id\":\"https:\/\/rckopen.com\/product\/3-mma-powder\/#primaryimage\"},\"thumbnailUrl\":\"https:\/\/rckopen.com\/wp-content\/uploads\/2023\/08\/dmc-Dimethocaine-freebase.jpg\",\"datePublished\":\"2023-08-14T07:12:58+00:00\",\"dateModified\":\"2025-01-30T05:40:36+00:00\",\"description\":\"Als u 3-MMA-poeder online wilt kopen, heeft RCKopen een hoogwaardig 3-MMA-poeder te koop. Wij helpen u 3-MMA-poeder online te kopen tegen goedkope tarieven.\",\"breadcrumb\":{\"@id\":\"https:\/\/rckopen.com\/product\/3-mma-powder\/#breadcrumb\"},\"inLanguage\":\"pt-PT\",\"potentialAction\":[{\"@type\":\"ReadAction\",\"target\":[\"https:\/\/rckopen.com\/product\/3-mma-powder\/\"]}]},{\"@type\":\"ImageObject\",\"inLanguage\":\"pt-PT\",\"@id\":\"https:\/\/rckopen.com\/product\/3-mma-powder\/#primaryimage\",\"url\":\"https:\/\/rckopen.com\/wp-content\/uploads\/2023\/08\/dmc-Dimethocaine-freebase.jpg\",\"contentUrl\":\"https:\/\/rckopen.com\/wp-content\/uploads\/2023\/08\/dmc-Dimethocaine-freebase.jpg\",\"width\":600,\"height\":600,\"caption\":\"dmc-(Dimethocaine)-freebase online kopen\"},{\"@type\":\"BreadcrumbList\",\"@id\":\"https:\/\/rckopen.com\/product\/3-mma-powder\/#breadcrumb\",\"itemListElement\":[{\"@type\":\"ListItem\",\"position\":1,\"name\":\"Home\",\"item\":\"https:\/\/rckopen.com\/\"},{\"@type\":\"ListItem\",\"position\":2,\"name\":\"Shop\",\"item\":\"https:\/\/rckopen.com\/shop\/\"},{\"@type\":\"ListItem\",\"position\":3,\"name\":\"3-MMA powder online kopen\"}]},{\"@type\":\"WebSite\",\"@id\":\"https:\/\/rckopen.com\/#website\",\"url\":\"https:\/\/rckopen.com\/\",\"name\":\"RC Kopen\",\"description\":\"Research Chemicals\",\"potentialAction\":[{\"@type\":\"SearchAction\",\"target\":{\"@type\":\"EntryPoint\",\"urlTemplate\":\"https:\/\/rckopen.com\/?s={search_term_string}\"},\"query-input\":{\"@type\":\"PropertyValueSpecification\",\"valueRequired\":true,\"valueName\":\"search_term_string\"}}],\"inLanguage\":\"pt-PT\"}]}<\/script>\n<!-- \/ Yoast SEO plugin. -->","yoast_head_json":{"title":"3-MMA-poeder online kopen- 3-MMA-poeder online te koop","description":"Als u 3-MMA-poeder online wilt kopen, heeft RCKopen een hoogwaardig 3-MMA-poeder te koop. Wij helpen u 3-MMA-poeder online te kopen tegen goedkope tarieven.","robots":{"index":"index","follow":"follow","max-snippet":"max-snippet:-1","max-image-preview":"max-image-preview:large","max-video-preview":"max-video-preview:-1"},"canonical":"https:\/\/rckopen.com\/pt\/produto\/3-mma-em-po\/","og_locale":"pt_PT","og_type":"article","og_title":"3-MMA-poeder online kopen- 3-MMA-poeder online te koop","og_description":"Als u 3-MMA-poeder online wilt kopen, heeft RCKopen een hoogwaardig 3-MMA-poeder te koop. Wij helpen u 3-MMA-poeder online te kopen tegen goedkope tarieven.","og_url":"https:\/\/rckopen.com\/pt\/produto\/3-mma-em-po\/","og_site_name":"RC Kopen","article_modified_time":"2025-01-30T05:40:36+00:00","og_image":[{"width":600,"height":600,"url":"https:\/\/rckopen.com\/wp-content\/uploads\/2023\/08\/dmc-Dimethocaine-freebase.jpg","type":"image\/jpeg"}],"twitter_card":"summary_large_image","twitter_misc":{"Tempo estimado de leitura":"3 minutos"},"schema":{"@context":"https:\/\/schema.org","@graph":[{"@type":"WebPage","@id":"https:\/\/rckopen.com\/product\/3-mma-powder\/","url":"https:\/\/rckopen.com\/product\/3-mma-powder\/","name":"3-MMA-poeder online kopen- 3-MMA-poeder online te koop","isPartOf":{"@id":"https:\/\/rckopen.com\/#website"},"primaryImageOfPage":{"@id":"https:\/\/rckopen.com\/product\/3-mma-powder\/#primaryimage"},"image":{"@id":"https:\/\/rckopen.com\/product\/3-mma-powder\/#primaryimage"},"thumbnailUrl":"https:\/\/rckopen.com\/wp-content\/uploads\/2023\/08\/dmc-Dimethocaine-freebase.jpg","datePublished":"2023-08-14T07:12:58+00:00","dateModified":"2025-01-30T05:40:36+00:00","description":"Als u 3-MMA-poeder online wilt kopen, heeft RCKopen een hoogwaardig 3-MMA-poeder te koop. Wij helpen u 3-MMA-poeder online te kopen tegen goedkope tarieven.","breadcrumb":{"@id":"https:\/\/rckopen.com\/product\/3-mma-powder\/#breadcrumb"},"inLanguage":"pt-PT","potentialAction":[{"@type":"ReadAction","target":["https:\/\/rckopen.com\/product\/3-mma-powder\/"]}]},{"@type":"ImageObject","inLanguage":"pt-PT","@id":"https:\/\/rckopen.com\/product\/3-mma-powder\/#primaryimage","url":"https:\/\/rckopen.com\/wp-content\/uploads\/2023\/08\/dmc-Dimethocaine-freebase.jpg","contentUrl":"https:\/\/rckopen.com\/wp-content\/uploads\/2023\/08\/dmc-Dimethocaine-freebase.jpg","width":600,"height":600,"caption":"dmc-(Dimethocaine)-freebase online kopen"},{"@type":"BreadcrumbList","@id":"https:\/\/rckopen.com\/product\/3-mma-powder\/#breadcrumb","itemListElement":[{"@type":"ListItem","position":1,"name":"Home","item":"https:\/\/rckopen.com\/"},{"@type":"ListItem","position":2,"name":"Shop","item":"https:\/\/rckopen.com\/shop\/"},{"@type":"ListItem","position":3,"name":"3-MMA powder online kopen"}]},{"@type":"WebSite","@id":"https:\/\/rckopen.com\/#website","url":"https:\/\/rckopen.com\/","name":"RC Kopen","description":"Research Chemicals","potentialAction":[{"@type":"SearchAction","target":{"@type":"EntryPoint","urlTemplate":"https:\/\/rckopen.com\/?s={search_term_string}"},"query-input":{"@type":"PropertyValueSpecification","valueRequired":true,"valueName":"search_term_string"}}],"inLanguage":"pt-PT"}]}},"_links":{"self":[{"href":"https:\/\/rckopen.com\/pt\/wp-json\/wp\/v2\/product\/6230","targetHints":{"allow":["GET"]}}],"collection":[{"href":"https:\/\/rckopen.com\/pt\/wp-json\/wp\/v2\/product"}],"about":[{"href":"https:\/\/rckopen.com\/pt\/wp-json\/wp\/v2\/types\/product"}],"replies":[{"embeddable":true,"href":"https:\/\/rckopen.com\/pt\/wp-json\/wp\/v2\/comments?post=6230"}],"wp:featuredmedia":[{"embeddable":true,"href":"https:\/\/rckopen.com\/pt\/wp-json\/wp\/v2\/media\/6252"}],"wp:attachment":[{"href":"https:\/\/rckopen.com\/pt\/wp-json\/wp\/v2\/media?parent=6230"}],"wp:term":[{"taxonomy":"product_brand","embeddable":true,"href":"https:\/\/rckopen.com\/pt\/wp-json\/wp\/v2\/product_brand?post=6230"},{"taxonomy":"product_cat","embeddable":true,"href":"https:\/\/rckopen.com\/pt\/wp-json\/wp\/v2\/product_cat?post=6230"},{"taxonomy":"product_tag","embeddable":true,"href":"https:\/\/rckopen.com\/pt\/wp-json\/wp\/v2\/product_tag?post=6230"}],"curies":[{"name":"wp","href":"https:\/\/api.w.org\/{rel}","templated":true}]}}