{"id":6267,"date":"2023-08-14T08:42:00","date_gmt":"2023-08-14T08:42:00","guid":{"rendered":"https:\/\/diligentplug.com\/chems\/?post_type=product&#038;p=6267"},"modified":"2026-03-03T07:00:40","modified_gmt":"2026-03-03T07:00:40","slug":"2-fma","status":"publish","type":"product","link":"https:\/\/rckopen.com\/pt\/produto\/2-fma\/","title":{"rendered":"2-FMA Compre Online"},"content":{"rendered":"<h2 data-start=\"63\" data-end=\"131\"><strong data-start=\"63\" data-end=\"131\">2-FMA Online Kopen \u2013 Premium 2-Fluormethamfetamine voor Onderzoek<\/strong><\/h2>\n<h3 data-start=\"133\" data-end=\"617\"><strong data-start=\"133\" data-end=\"174\">O que \u00e9 2-FMA (2-fluorometanfetamina)?<\/strong><\/h3>\n<p data-start=\"133\" data-end=\"617\"><a href=\"https:\/\/rckopen.com\/pt\/\">2-FMA,<\/a> A 2-fluorometanfetamina, ou 2-FMA, \u00e9 uma poderosa subst\u00e2ncia qu\u00edmica de pesquisa pertencente \u00e0 fam\u00edlia das metanfetaminas substitu\u00eddas. Conhecida por suas propriedades estimulantes, a 2-FMA \u00e9 amplamente utilizada em estudos cient\u00edficos devido ao seu perfil \u00fanico, que combina aprimoramento cognitivo com energia focada. \u00c9 uma escolha popular entre pesquisadores e entusiastas da qu\u00edmica que buscam compostos confi\u00e1veis \u200b\u200be consistentes.<\/p>\n<h3 data-start=\"619\" data-end=\"1025\"><strong data-start=\"619\" data-end=\"651\">Uso e efeitos gerais<\/strong><\/h3>\n<p data-start=\"619\" data-end=\"1025\"><br data-start=\"651\" data-end=\"654\" \/>O 2-FMA \u00e9 frequentemente utilizado em ambientes laboratoriais controlados para estudar seus efeitos na neuroqu\u00edmica e na cogni\u00e7\u00e3o. Usu\u00e1rios relatam aumento do estado de alerta, clareza mental e motiva\u00e7\u00e3o, tornando-o valioso para pesquisas em farmacologia de estimulantes. Seus efeitos estimulantes equilibrados fazem do 2-FMA uma subst\u00e2ncia favorita para pesquisas experimentais.<\/p>\n<h3 data-start=\"1027\" data-end=\"1555\"><strong data-start=\"1027\" data-end=\"1057\">Por que comprar 2-FMA online?<\/strong><\/h3>\n<p data-start=\"1027\" data-end=\"1555\"><br data-start=\"1057\" data-end=\"1060\" \/>Het <a href=\"https:\/\/en.wikipedia.org\/wiki\/2-Fluoromethamphetamine\"><strong>Compre 2-FMA online<\/strong><\/a> Oferece conveni\u00eancia e acessibilidade incompar\u00e1veis. In\u00fameros fornecedores online oferecem diversas op\u00e7\u00f5es de dosagem, incluindo p\u00f3 puro e comprimidos. Comprar online geralmente significa pre\u00e7os competitivos, com descontos para compras em grandes quantidades para pesquisadores s\u00e9rios. Se voc\u00ea precisa de pequenas quantidades para testes ou de quantidades maiores para pesquisas extensivas, comprar 2-FMA online garante que voc\u00ea obtenha exatamente o que precisa.<\/p>\n<h3 data-start=\"1557\" data-end=\"2056\"><strong data-start=\"1557\" data-end=\"1588\">Situa\u00e7\u00e3o jur\u00eddica do 2-FMA<\/strong><\/h3>\n<p data-start=\"1557\" data-end=\"2056\"><br data-start=\"1588\" data-end=\"1591\" \/>O status legal do 2-FMA varia de pa\u00eds para pa\u00eds e pode ser complexo. \u00c9 crucial verificar as regulamenta\u00e7\u00f5es locais antes da compra para evitar complica\u00e7\u00f5es legais. Alguns pa\u00edses classificam o 2-FMA como subst\u00e2ncia controlada, enquanto outros permitem sua posse para fins de pesquisa. Compreender as leis espec\u00edficas do seu pa\u00eds em rela\u00e7\u00e3o a produtos qu\u00edmicos para pesquisa \u00e9 essencial para uma compra segura e legal.<\/p>\n<h3 data-start=\"2058\" data-end=\"2552\"><strong data-start=\"2058\" data-end=\"2111\">Como identificar vendedores online confi\u00e1veis<\/strong><\/h3>\n<p data-start=\"2058\" data-end=\"2552\"><br data-start=\"2111\" data-end=\"2114\" \/>Wanneer je 2-FMA online koopt, kies dan altijd voor vertrouwde marktplaatsen en directe leveranciers met bewezen geloofwaardigheid. Zoek naar verkopers die certificaten van analyse (COA) of laboratoriumrapporten verstrekken ter bevestiging van de zuiverheid van het product. Klantbeoordelingen en feedback uit de community zijn waardevolle bronnen om gerenommeerde verkopers te identificeren en oplichters of namaakproducten te vermijden.<\/p>\n<h3 data-start=\"2554\" data-end=\"2931\"><strong data-start=\"2554\" data-end=\"2605\">Dicas de seguran\u00e7a para comprar 2-FMA online<\/strong><\/h3>\n<p data-start=\"2554\" data-end=\"2931\"><br data-start=\"2605\" data-end=\"2608\" \/>M\u00e9todos de pagamento seguros, como criptomoedas e cart\u00f5es de cr\u00e9dito, s\u00e3o recomendados para proteger suas informa\u00e7\u00f5es financeiras. Escolha vendedores que ofere\u00e7am embalagens discretas e envio sigiloso para manter sua privacidade. Sempre proteja suas informa\u00e7\u00f5es pessoais e tenha cuidado ao compartilhar dados online.<\/p>\n<h3 data-start=\"2933\" data-end=\"3309\"><strong data-start=\"2933\" data-end=\"2969\">Considera\u00e7\u00f5es sobre dosagem e uso<\/strong><\/h3>\n<p data-start=\"2933\" data-end=\"3309\"><br data-start=\"2969\" data-end=\"2972\" \/>Utilize o 2-FMA apenas para fins de pesquisa e siga rigorosamente as dosagens recomendadas para garantir seguran\u00e7a e efic\u00e1cia. Comece com quantidades m\u00ednimas e evite a sobredosagem seguindo cuidadosamente as instru\u00e7\u00f5es. Armazene o 2-FMA em local fresco, seco e escuro para manter sua pot\u00eancia e prazo de validade.<\/p>\n<h3 data-start=\"3311\" data-end=\"3683\"><strong data-start=\"3311\" data-end=\"3367\">Veelvoorkomende Bijwerkingen en Voorzorgsmaatregelen<\/strong><\/h3>\n<p data-start=\"3311\" data-end=\"3683\"><br data-start=\"3367\" data-end=\"3370\" \/>Embora o 2-FMA seja destinado principalmente \u00e0 pesquisa, voc\u00ea deve estar ciente dos riscos potenciais, como aumento da frequ\u00eancia card\u00edaca, ansiedade ou nervosismo, que foram relatados de forma aned\u00f3tica. Interrompa o uso se apresentar qualquer rea\u00e7\u00e3o adversa e consulte um profissional de sa\u00fade qualificado, se necess\u00e1rio. Priorize a seguran\u00e7a e manuseie a subst\u00e2ncia com responsabilidade.<\/p>\n<h3 data-start=\"3685\" data-end=\"4132\"><strong data-start=\"3685\" data-end=\"3698\">Conclusie<\/strong><\/h3>\n<p data-start=\"3685\" data-end=\"4132\"><br data-start=\"3698\" data-end=\"3701\" \/>Voc\u00ea est\u00e1 procurando por 2-FMA online? Nossa plataforma oferece produtos de alta qualidade, testados em laborat\u00f3rio. <strong>2-FMA \u00e0 venda<\/strong> a um \u00f3timo pre\u00e7o, tornando este o melhor lugar para <a href=\"https:\/\/rckopen.com\/pt\/produto\/2-fma\/\"><strong>2-FMA te kopen<\/strong><\/a> Para suas necessidades de pesquisa. Com vendedores verificados, op\u00e7\u00f5es de pagamento seguras e envio discreto, voc\u00ea pode comprar com confian\u00e7a e facilidade. Descubra todo o potencial da 2-fluorometanfetamina \u2013 encomende sua 2-FMA online hoje mesmo!<\/p>","protected":false},"excerpt":{"rendered":"<p><strong>Nome IUPAC: <\/strong>2-fluoro-N-(x-dimetil-benzenoetenamina<\/p>\n<p><strong>CAS # <\/strong>1780004-19-4<\/p>\n<p><strong>Apar\u00eancia: <\/strong>p\u00f3<\/p>\n<p><strong>An\u00e1lise NMR: <\/strong>N\/A<\/p>","protected":false},"featured_media":6321,"comment_status":"open","ping_status":"closed","template":"","meta":{"_joinchat":[]},"product_brand":[],"product_cat":[127],"product_tag":[],"class_list":{"0":"post-6267","1":"product","2":"type-product","3":"status-publish","4":"has-post-thumbnail","6":"product_cat-amfetamine","8":"first","9":"instock","10":"shipping-taxable","11":"purchasable","12":"product-type-variable"},"yoast_head":"<!-- This site is optimized with the Yoast SEO plugin v26.3 - https:\/\/yoast.com\/wordpress\/plugins\/seo\/ -->\n<title>2-FMA online Kopen - 2-FMA online te koop<\/title>\n<meta name=\"description\" content=\"In onze RCKopen-winkel kunt u 2-fma tegen lage tarieven te koop krijgen. Wij werken alleen met A-kwaliteit producten. 2-fma nu online kopen in onze winkel.\" \/>\n<meta name=\"robots\" content=\"index, follow, max-snippet:-1, max-image-preview:large, max-video-preview:-1\" \/>\n<link rel=\"canonical\" href=\"https:\/\/rckopen.com\/pt\/produto\/2-fma\/\" \/>\n<meta property=\"og:locale\" content=\"pt_PT\" \/>\n<meta property=\"og:type\" content=\"article\" \/>\n<meta property=\"og:title\" content=\"2-FMA online Kopen - 2-FMA online te koop\" \/>\n<meta property=\"og:description\" content=\"In onze RCKopen-winkel kunt u 2-fma tegen lage tarieven te koop krijgen. Wij werken alleen met A-kwaliteit producten. 2-fma nu online kopen in onze winkel.\" \/>\n<meta property=\"og:url\" content=\"https:\/\/rckopen.com\/pt\/produto\/2-fma\/\" \/>\n<meta property=\"og:site_name\" content=\"RC Kopen\" \/>\n<meta property=\"article:modified_time\" content=\"2026-03-03T07:00:40+00:00\" \/>\n<meta property=\"og:image\" content=\"https:\/\/rckopen.com\/wp-content\/uploads\/2023\/08\/2-FMA.jpg\" \/>\n\t<meta property=\"og:image:width\" content=\"600\" \/>\n\t<meta property=\"og:image:height\" content=\"600\" \/>\n\t<meta property=\"og:image:type\" content=\"image\/jpeg\" \/>\n<meta name=\"twitter:card\" content=\"summary_large_image\" \/>\n<meta name=\"twitter:label1\" content=\"Tempo estimado de leitura\" \/>\n\t<meta name=\"twitter:data1\" content=\"3 minutos\" \/>\n<script type=\"application\/ld+json\" class=\"yoast-schema-graph\">{\"@context\":\"https:\/\/schema.org\",\"@graph\":[{\"@type\":\"WebPage\",\"@id\":\"https:\/\/rckopen.com\/product\/2-fma\/\",\"url\":\"https:\/\/rckopen.com\/product\/2-fma\/\",\"name\":\"2-FMA online Kopen - 2-FMA online te koop\",\"isPartOf\":{\"@id\":\"https:\/\/rckopen.com\/#website\"},\"primaryImageOfPage\":{\"@id\":\"https:\/\/rckopen.com\/product\/2-fma\/#primaryimage\"},\"image\":{\"@id\":\"https:\/\/rckopen.com\/product\/2-fma\/#primaryimage\"},\"thumbnailUrl\":\"https:\/\/rckopen.com\/wp-content\/uploads\/2023\/08\/2-FMA.jpg\",\"datePublished\":\"2023-08-14T08:42:00+00:00\",\"dateModified\":\"2026-03-03T07:00:40+00:00\",\"description\":\"In onze RCKopen-winkel kunt u 2-fma tegen lage tarieven te koop krijgen. Wij werken alleen met A-kwaliteit producten. 2-fma nu online kopen in onze winkel.\",\"breadcrumb\":{\"@id\":\"https:\/\/rckopen.com\/product\/2-fma\/#breadcrumb\"},\"inLanguage\":\"pt-PT\",\"potentialAction\":[{\"@type\":\"ReadAction\",\"target\":[\"https:\/\/rckopen.com\/product\/2-fma\/\"]}]},{\"@type\":\"ImageObject\",\"inLanguage\":\"pt-PT\",\"@id\":\"https:\/\/rckopen.com\/product\/2-fma\/#primaryimage\",\"url\":\"https:\/\/rckopen.com\/wp-content\/uploads\/2023\/08\/2-FMA.jpg\",\"contentUrl\":\"https:\/\/rckopen.com\/wp-content\/uploads\/2023\/08\/2-FMA.jpg\",\"width\":600,\"height\":600,\"caption\":\"2-FMA online kopen\"},{\"@type\":\"BreadcrumbList\",\"@id\":\"https:\/\/rckopen.com\/product\/2-fma\/#breadcrumb\",\"itemListElement\":[{\"@type\":\"ListItem\",\"position\":1,\"name\":\"Home\",\"item\":\"https:\/\/rckopen.com\/\"},{\"@type\":\"ListItem\",\"position\":2,\"name\":\"Shop\",\"item\":\"https:\/\/rckopen.com\/shop\/\"},{\"@type\":\"ListItem\",\"position\":3,\"name\":\"2-FMA Online Kopen\"}]},{\"@type\":\"WebSite\",\"@id\":\"https:\/\/rckopen.com\/#website\",\"url\":\"https:\/\/rckopen.com\/\",\"name\":\"RC Kopen\",\"description\":\"Research Chemicals\",\"potentialAction\":[{\"@type\":\"SearchAction\",\"target\":{\"@type\":\"EntryPoint\",\"urlTemplate\":\"https:\/\/rckopen.com\/?s={search_term_string}\"},\"query-input\":{\"@type\":\"PropertyValueSpecification\",\"valueRequired\":true,\"valueName\":\"search_term_string\"}}],\"inLanguage\":\"pt-PT\"}]}<\/script>\n<!-- \/ Yoast SEO plugin. -->","yoast_head_json":{"title":"2-FMA online Kopen - 2-FMA online te koop","description":"In onze RCKopen-winkel kunt u 2-fma tegen lage tarieven te koop krijgen. Wij werken alleen met A-kwaliteit producten. 2-fma nu online kopen in onze winkel.","robots":{"index":"index","follow":"follow","max-snippet":"max-snippet:-1","max-image-preview":"max-image-preview:large","max-video-preview":"max-video-preview:-1"},"canonical":"https:\/\/rckopen.com\/pt\/produto\/2-fma\/","og_locale":"pt_PT","og_type":"article","og_title":"2-FMA online Kopen - 2-FMA online te koop","og_description":"In onze RCKopen-winkel kunt u 2-fma tegen lage tarieven te koop krijgen. Wij werken alleen met A-kwaliteit producten. 2-fma nu online kopen in onze winkel.","og_url":"https:\/\/rckopen.com\/pt\/produto\/2-fma\/","og_site_name":"RC Kopen","article_modified_time":"2026-03-03T07:00:40+00:00","og_image":[{"width":600,"height":600,"url":"https:\/\/rckopen.com\/wp-content\/uploads\/2023\/08\/2-FMA.jpg","type":"image\/jpeg"}],"twitter_card":"summary_large_image","twitter_misc":{"Tempo estimado de leitura":"3 minutos"},"schema":{"@context":"https:\/\/schema.org","@graph":[{"@type":"WebPage","@id":"https:\/\/rckopen.com\/product\/2-fma\/","url":"https:\/\/rckopen.com\/product\/2-fma\/","name":"2-FMA online Kopen - 2-FMA online te koop","isPartOf":{"@id":"https:\/\/rckopen.com\/#website"},"primaryImageOfPage":{"@id":"https:\/\/rckopen.com\/product\/2-fma\/#primaryimage"},"image":{"@id":"https:\/\/rckopen.com\/product\/2-fma\/#primaryimage"},"thumbnailUrl":"https:\/\/rckopen.com\/wp-content\/uploads\/2023\/08\/2-FMA.jpg","datePublished":"2023-08-14T08:42:00+00:00","dateModified":"2026-03-03T07:00:40+00:00","description":"In onze RCKopen-winkel kunt u 2-fma tegen lage tarieven te koop krijgen. Wij werken alleen met A-kwaliteit producten. 2-fma nu online kopen in onze winkel.","breadcrumb":{"@id":"https:\/\/rckopen.com\/product\/2-fma\/#breadcrumb"},"inLanguage":"pt-PT","potentialAction":[{"@type":"ReadAction","target":["https:\/\/rckopen.com\/product\/2-fma\/"]}]},{"@type":"ImageObject","inLanguage":"pt-PT","@id":"https:\/\/rckopen.com\/product\/2-fma\/#primaryimage","url":"https:\/\/rckopen.com\/wp-content\/uploads\/2023\/08\/2-FMA.jpg","contentUrl":"https:\/\/rckopen.com\/wp-content\/uploads\/2023\/08\/2-FMA.jpg","width":600,"height":600,"caption":"2-FMA online kopen"},{"@type":"BreadcrumbList","@id":"https:\/\/rckopen.com\/product\/2-fma\/#breadcrumb","itemListElement":[{"@type":"ListItem","position":1,"name":"Home","item":"https:\/\/rckopen.com\/"},{"@type":"ListItem","position":2,"name":"Shop","item":"https:\/\/rckopen.com\/shop\/"},{"@type":"ListItem","position":3,"name":"2-FMA Online Kopen"}]},{"@type":"WebSite","@id":"https:\/\/rckopen.com\/#website","url":"https:\/\/rckopen.com\/","name":"RC Kopen","description":"Research Chemicals","potentialAction":[{"@type":"SearchAction","target":{"@type":"EntryPoint","urlTemplate":"https:\/\/rckopen.com\/?s={search_term_string}"},"query-input":{"@type":"PropertyValueSpecification","valueRequired":true,"valueName":"search_term_string"}}],"inLanguage":"pt-PT"}]}},"_links":{"self":[{"href":"https:\/\/rckopen.com\/pt\/wp-json\/wp\/v2\/product\/6267","targetHints":{"allow":["GET"]}}],"collection":[{"href":"https:\/\/rckopen.com\/pt\/wp-json\/wp\/v2\/product"}],"about":[{"href":"https:\/\/rckopen.com\/pt\/wp-json\/wp\/v2\/types\/product"}],"replies":[{"embeddable":true,"href":"https:\/\/rckopen.com\/pt\/wp-json\/wp\/v2\/comments?post=6267"}],"wp:featuredmedia":[{"embeddable":true,"href":"https:\/\/rckopen.com\/pt\/wp-json\/wp\/v2\/media\/6321"}],"wp:attachment":[{"href":"https:\/\/rckopen.com\/pt\/wp-json\/wp\/v2\/media?parent=6267"}],"wp:term":[{"taxonomy":"product_brand","embeddable":true,"href":"https:\/\/rckopen.com\/pt\/wp-json\/wp\/v2\/product_brand?post=6267"},{"taxonomy":"product_cat","embeddable":true,"href":"https:\/\/rckopen.com\/pt\/wp-json\/wp\/v2\/product_cat?post=6267"},{"taxonomy":"product_tag","embeddable":true,"href":"https:\/\/rckopen.com\/pt\/wp-json\/wp\/v2\/product_tag?post=6267"}],"curies":[{"name":"wp","href":"https:\/\/api.w.org\/{rel}","templated":true}]}}