{"id":6268,"date":"2023-08-14T08:42:07","date_gmt":"2023-08-14T08:42:07","guid":{"rendered":"https:\/\/diligentplug.com\/chems\/?post_type=product&#038;p=6268"},"modified":"2025-01-11T08:44:02","modified_gmt":"2025-01-11T08:44:02","slug":"4-fma","status":"publish","type":"product","link":"https:\/\/rckopen.com\/pt\/produto\/4-fma\/","title":{"rendered":"4-FMA"},"content":{"rendered":"<h2>Algemene informatie 4-FMA<\/h2>\n<p><a href=\"https:\/\/rckopen.com\/pt\/produto\/4-fma\/\">Comprar 4-FMA online<\/a>4-FMA online, la 4-Fluorometanfetamina (4-FMA) \u00e8 un nuovo stimolante entactogeno meno popolare della classe delle anfetamine. La 4-FMA \u00e8 collegata artificialmente alla 4-FA e alla metanfetamina. Si sa poco della sua farmacologia. Tuttavia, probabilmente produce i suoi risultati aumentando i livelli di dopamina, noradrenalina e serotonina nella mente.<\/p>\n<h3>De chemische samenstelling van 4-FMA<\/h3>\n<p>Onderzoekschemicalie 4-FMA, 4-Fluoromethamphetamine is een nieuwe entactogene stimulans en verbinding. Deze moleculen bevatten een fenethylaminekern verbonden met een fenylring aan de amino (NH-2) verbonden met R via een keten die ethyl-extra-methylsubstitutie bevat.<\/p>\n<p>De vorm bevat het fluoratoom in R-4 van zijn fenylring van alfa-methylfenethylamine. 4-fluormethamfetamine, dus het is een gefluoreerde analoog van methamfetamine.<\/p>\n<h3>Farmacologie van 4-FMA<\/h3>\n<p><a href=\"https:\/\/en.wikipedia.org\/wiki\/4-Fluoromethamphetamine\">4-FMA<\/a> La 4-FMA est apparent\u00e9e \u00e0 la 4-FA et \u00e0 la m\u00e9thamph\u00e9tamine. La 4-FMA lib\u00e8re une substance semblable \u00e0 la dopamine. Elle augmente les fonctions c\u00e9r\u00e9brales \u00e0 un niveau plus \u00e9lev\u00e9, ce qui conduit \u00e0 des r\u00e9sultats rafra\u00eechissants et excitants. Les effets connus comprennent une productivit\u00e9 \u00e9lev\u00e9e et une concentration am\u00e9lior\u00e9e, comme avec la 4-FA.<\/p>\n<p>De impact van deze onderzoekschemicali\u00ebn kan leiden tot een hogere muzikale waardering en een gevoel van verbondenheid geven. Het veroorzaakt zijn effecten door de dopamine-, noradrenaline- en serotoninespiegels in de hersenen te verhogen, maar er is weinig over bekend in de farmacologie.<\/p>\n<p>Koop 4-FMA online werd voor het eerst ontdekt in Japan in 2006 om 2-fluoramfetamine (2-FA), 3-fluoramfetamine (3-FA) en 4-fluoramfetamine 4-FA te bestuderen.<\/p>\n<p>De 4-FMA-resultaten worden beschreven als subjectief gevonden tussen 4-FA en 4-FMP en zijn vergelijkbaar met andere amfetaminen die amfetaminen bevatten, zoals XTC.<\/p>\n<h3>Koop hoogwaardige 4-FMA<\/h3>\n<p><a href=\"https:\/\/rckopen.com\/pt\/\">Rckopen.com<\/a> Spole\u010dnost RC Kopen m\u00e1 dlouholet\u00e9 zku\u0161enosti s v\u00fdzkumem v oblasti chemick\u00e9ho designu, co\u017e n\u00e1m umo\u017e\u0148uje zaru\u010dit \u010distotu na\u0161ich v\u00fdrobk\u016f. Na t\u011bchto webov\u00fdch str\u00e1nk\u00e1ch nyn\u00ed najdete v na\u0161em sortimentu pr\u00e1\u0161ek 4-FMA. V\u00fdzkumn\u00e9 chemik\u00e1lie, v\u010detn\u011b v\u00fdzkumn\u00fdch chemik\u00e1li\u00ed 4-FMA, jsou pe\u010dliv\u011b p\u0159epravov\u00e1ny, skladov\u00e1ny a uchov\u00e1v\u00e1ny ve vynikaj\u00edc\u00edch, such\u00fdch podm\u00ednk\u00e1ch.<\/p>\n<p>Bewaar dit product in goede bewaarcondities om een consistente kwaliteit te behouden. Het handhaven van een constante kwaliteit is essentieel voor de kwaliteit van uw product. Het kan irritatie van de luchtwegen veroorzaken.<\/p>\n<p>Alle onderzoekschemicali\u00ebn worden regelmatig getest op kwaliteit, zuiverheid en veiligheid. Koop ze nu voor een redelijke prijs.<\/p>\n<p>Als je van poeder houdt en je wilt verbluffende dingen? Als je van verbluffende dingen houdt, kun je op onze website research chemicals tegen een redelijke prijs kopen. U kunt onderzoeksmateriaal tegen betaalbare prijzen kopen door onze website te bezoeken. Onderzoekchemicali\u00ebn kunt u gemakkelijk online kopen tegen een redelijke prijs.<\/p>\n<p>Uw product wordt slim verpakt en gratis verzonden. Koop uw product alleen voor onderzoeksdoeleinden. U bent verzekerd van een goede service wanneer u bij ons bestelt. Wij staan garant voor een goede service.<\/p>\n<p>Alle producten, inclusief onderzoekschemicali\u00ebn 4-FAM of 4-FA, hebben een eerlijke prijs.<\/p>\n<h3>In het laboratorium geteste 4-FMA met resultaten.<\/h3>\n<p>A RC Kopen est\u00e1 a fazer progressos no sentido da satisfa\u00e7\u00e3o global dos seus clientes. V\u00e1rios inqu\u00e9ritos demonstraram que os clientes solicitam tantos dados quanto o esperado antes de comprarem produtos qu\u00edmicos de investiga\u00e7\u00e3o sint\u00e9ticos. Al\u00e9m disso, publicamos todas as consequ\u00eancias laboratoriais de cada produto qu\u00edmico de investiga\u00e7\u00e3o num registo PDF.<\/p>\n<p>Onze 4-FMA voldoet consequent aan de actieve ingredi\u00ebnten en is voor iedereen duidelijk zichtbaar.<\/p>\n<p>Distribu\u00edmos todas as consequ\u00eancias laboratoriais de cada produto qu\u00edmico de investiga\u00e7\u00e3o num documento PDF.<\/p>\n<h3>Veilig bestellen bij 4-FMA.<\/h3>\n<p>Os produtos qu\u00edmicos de investiga\u00e7\u00e3o da RC Kopen s\u00e3o de excelente qualidade e t\u00eam um pre\u00e7o justo. Por conseguinte, garantimos que, quando solicitar os seus produtos qu\u00edmicos de investiga\u00e7\u00e3o \u00e0 RC Kopen, entregaremos o seu pedido em sua casa de forma r\u00e1pida e segura, uma vez que as vendas de produtos qu\u00edmicos de investiga\u00e7\u00e3o est\u00e3o sempre dispon\u00edveis na RC Kopen.<\/p>\n<p>Solicitar compostos de investiga\u00e7\u00e3o sint\u00e9ticos com Bitcoin ou transfer\u00eancia banc\u00e1ria \u00e9 f\u00e1cil na RC Kopen.<\/p>\n<p>Enviamos o p\u00f3 para produtos qu\u00edmicos de investiga\u00e7\u00e3o no mesmo dia \u00fatil se o pagamento for recebido antes das 15:00 CEST.<\/p>\n<p>Wij leveren geen artikelen aan personen jonger dan 18 jaar<a href=\"https:\/\/rckopen.com\/pt\/produto\/2-fma\/\">!<\/a><\/p>\n<p>A venda de produtos qu\u00edmicos para investiga\u00e7\u00e3o destina-se apenas a fins de investiga\u00e7\u00e3o.<\/p>\n<h3>Expedi\u00e7\u00e3o discreta de produtos qu\u00edmicos para investiga\u00e7\u00e3o<a href=\"https:\/\/en.wikipedia.org\/wiki\/4-Fluoromethamphetamine\">.<\/a><\/h3>\n<p>RC Kopen zal uw bestelling veilig en stevig inpakken om een goed transport te verzekeren. Bovendien pakken we perfect onopvallend in, en aan de buitenkant wordt niets getoond van wat erin zou kunnen zittenvKoop 4-FMA online.<\/p>","protected":false},"excerpt":{"rendered":"<p><strong>Nome IUPAC: <\/strong>Denomina\u00e7\u00e3o 1-(4-Fluorofenil)-N-metilpropan-2-amina<\/p>\n<p><strong>CAS # <\/strong>52063-62-4<\/p>\n<p><strong>Outro nome: <\/strong>4-Fluorometanfetamina<\/p>\n<p><strong>Apar\u00eancia: <\/strong>p\u00f3<\/p>\n<p><strong>Forma: <\/strong>HCL<\/p>\n<p><strong>An\u00e1lise NMR: <\/strong>C10H14FN - HCl<\/p>","protected":false},"featured_media":6322,"comment_status":"open","ping_status":"closed","template":"","meta":{"_joinchat":[]},"product_brand":[],"product_cat":[127],"product_tag":[],"class_list":{"0":"post-6268","1":"product","2":"type-product","3":"status-publish","4":"has-post-thumbnail","6":"product_cat-amfetamine","8":"first","9":"instock","10":"shipping-taxable","11":"purchasable","12":"product-type-variable"},"yoast_head":"<!-- This site is optimized with the Yoast SEO plugin v26.3 - https:\/\/yoast.com\/wordpress\/plugins\/seo\/ -->\n<title>Koop 4-FMA online - 4-FMA te kopen - Bestel 4-FMA<\/title>\n<meta name=\"description\" content=\"Koop 4-FMA online, dan zijn wij de juiste keuze voor jou. Onze medewerkers zullen je helpen 4-FMA online te kopen tegen goedkope tarieven.\" \/>\n<meta name=\"robots\" content=\"index, follow, max-snippet:-1, max-image-preview:large, max-video-preview:-1\" \/>\n<link rel=\"canonical\" href=\"https:\/\/rckopen.com\/pt\/produto\/4-fma\/\" \/>\n<meta property=\"og:locale\" content=\"pt_PT\" \/>\n<meta property=\"og:type\" content=\"article\" \/>\n<meta property=\"og:title\" content=\"Koop 4-FMA online - 4-FMA te kopen - Bestel 4-FMA\" \/>\n<meta property=\"og:description\" content=\"Koop 4-FMA online, dan zijn wij de juiste keuze voor jou. Onze medewerkers zullen je helpen 4-FMA online te kopen tegen goedkope tarieven.\" \/>\n<meta property=\"og:url\" content=\"https:\/\/rckopen.com\/pt\/produto\/4-fma\/\" \/>\n<meta property=\"og:site_name\" content=\"RC Kopen\" \/>\n<meta property=\"article:modified_time\" content=\"2025-01-11T08:44:02+00:00\" \/>\n<meta property=\"og:image\" content=\"https:\/\/rckopen.com\/wp-content\/uploads\/2023\/08\/4-FMA.jpg\" \/>\n\t<meta property=\"og:image:width\" content=\"600\" \/>\n\t<meta property=\"og:image:height\" content=\"600\" \/>\n\t<meta property=\"og:image:type\" content=\"image\/jpeg\" \/>\n<meta name=\"twitter:card\" content=\"summary_large_image\" \/>\n<meta name=\"twitter:label1\" content=\"Tempo estimado de leitura\" \/>\n\t<meta name=\"twitter:data1\" content=\"4 minutos\" \/>\n<script type=\"application\/ld+json\" class=\"yoast-schema-graph\">{\"@context\":\"https:\/\/schema.org\",\"@graph\":[{\"@type\":\"WebPage\",\"@id\":\"https:\/\/rckopen.com\/product\/4-fma\/\",\"url\":\"https:\/\/rckopen.com\/product\/4-fma\/\",\"name\":\"Koop 4-FMA online - 4-FMA te kopen - Bestel 4-FMA\",\"isPartOf\":{\"@id\":\"https:\/\/rckopen.com\/#website\"},\"primaryImageOfPage\":{\"@id\":\"https:\/\/rckopen.com\/product\/4-fma\/#primaryimage\"},\"image\":{\"@id\":\"https:\/\/rckopen.com\/product\/4-fma\/#primaryimage\"},\"thumbnailUrl\":\"https:\/\/rckopen.com\/wp-content\/uploads\/2023\/08\/4-FMA.jpg\",\"datePublished\":\"2023-08-14T08:42:07+00:00\",\"dateModified\":\"2025-01-11T08:44:02+00:00\",\"description\":\"Koop 4-FMA online, dan zijn wij de juiste keuze voor jou. Onze medewerkers zullen je helpen 4-FMA online te kopen tegen goedkope tarieven.\",\"breadcrumb\":{\"@id\":\"https:\/\/rckopen.com\/product\/4-fma\/#breadcrumb\"},\"inLanguage\":\"pt-PT\",\"potentialAction\":[{\"@type\":\"ReadAction\",\"target\":[\"https:\/\/rckopen.com\/product\/4-fma\/\"]}]},{\"@type\":\"ImageObject\",\"inLanguage\":\"pt-PT\",\"@id\":\"https:\/\/rckopen.com\/product\/4-fma\/#primaryimage\",\"url\":\"https:\/\/rckopen.com\/wp-content\/uploads\/2023\/08\/4-FMA.jpg\",\"contentUrl\":\"https:\/\/rckopen.com\/wp-content\/uploads\/2023\/08\/4-FMA.jpg\",\"width\":600,\"height\":600,\"caption\":\"Koop 4-FMA online\"},{\"@type\":\"BreadcrumbList\",\"@id\":\"https:\/\/rckopen.com\/product\/4-fma\/#breadcrumb\",\"itemListElement\":[{\"@type\":\"ListItem\",\"position\":1,\"name\":\"Home\",\"item\":\"https:\/\/rckopen.com\/\"},{\"@type\":\"ListItem\",\"position\":2,\"name\":\"Shop\",\"item\":\"https:\/\/rckopen.com\/shop\/\"},{\"@type\":\"ListItem\",\"position\":3,\"name\":\"4-FMA\"}]},{\"@type\":\"WebSite\",\"@id\":\"https:\/\/rckopen.com\/#website\",\"url\":\"https:\/\/rckopen.com\/\",\"name\":\"RC Kopen\",\"description\":\"Research Chemicals\",\"potentialAction\":[{\"@type\":\"SearchAction\",\"target\":{\"@type\":\"EntryPoint\",\"urlTemplate\":\"https:\/\/rckopen.com\/?s={search_term_string}\"},\"query-input\":{\"@type\":\"PropertyValueSpecification\",\"valueRequired\":true,\"valueName\":\"search_term_string\"}}],\"inLanguage\":\"pt-PT\"}]}<\/script>\n<!-- \/ Yoast SEO plugin. -->","yoast_head_json":{"title":"Koop 4-FMA online - 4-FMA te kopen - Bestel 4-FMA","description":"Koop 4-FMA online, dan zijn wij de juiste keuze voor jou. Onze medewerkers zullen je helpen 4-FMA online te kopen tegen goedkope tarieven.","robots":{"index":"index","follow":"follow","max-snippet":"max-snippet:-1","max-image-preview":"max-image-preview:large","max-video-preview":"max-video-preview:-1"},"canonical":"https:\/\/rckopen.com\/pt\/produto\/4-fma\/","og_locale":"pt_PT","og_type":"article","og_title":"Koop 4-FMA online - 4-FMA te kopen - Bestel 4-FMA","og_description":"Koop 4-FMA online, dan zijn wij de juiste keuze voor jou. Onze medewerkers zullen je helpen 4-FMA online te kopen tegen goedkope tarieven.","og_url":"https:\/\/rckopen.com\/pt\/produto\/4-fma\/","og_site_name":"RC Kopen","article_modified_time":"2025-01-11T08:44:02+00:00","og_image":[{"width":600,"height":600,"url":"https:\/\/rckopen.com\/wp-content\/uploads\/2023\/08\/4-FMA.jpg","type":"image\/jpeg"}],"twitter_card":"summary_large_image","twitter_misc":{"Tempo estimado de leitura":"4 minutos"},"schema":{"@context":"https:\/\/schema.org","@graph":[{"@type":"WebPage","@id":"https:\/\/rckopen.com\/product\/4-fma\/","url":"https:\/\/rckopen.com\/product\/4-fma\/","name":"Koop 4-FMA online - 4-FMA te kopen - Bestel 4-FMA","isPartOf":{"@id":"https:\/\/rckopen.com\/#website"},"primaryImageOfPage":{"@id":"https:\/\/rckopen.com\/product\/4-fma\/#primaryimage"},"image":{"@id":"https:\/\/rckopen.com\/product\/4-fma\/#primaryimage"},"thumbnailUrl":"https:\/\/rckopen.com\/wp-content\/uploads\/2023\/08\/4-FMA.jpg","datePublished":"2023-08-14T08:42:07+00:00","dateModified":"2025-01-11T08:44:02+00:00","description":"Koop 4-FMA online, dan zijn wij de juiste keuze voor jou. Onze medewerkers zullen je helpen 4-FMA online te kopen tegen goedkope tarieven.","breadcrumb":{"@id":"https:\/\/rckopen.com\/product\/4-fma\/#breadcrumb"},"inLanguage":"pt-PT","potentialAction":[{"@type":"ReadAction","target":["https:\/\/rckopen.com\/product\/4-fma\/"]}]},{"@type":"ImageObject","inLanguage":"pt-PT","@id":"https:\/\/rckopen.com\/product\/4-fma\/#primaryimage","url":"https:\/\/rckopen.com\/wp-content\/uploads\/2023\/08\/4-FMA.jpg","contentUrl":"https:\/\/rckopen.com\/wp-content\/uploads\/2023\/08\/4-FMA.jpg","width":600,"height":600,"caption":"Koop 4-FMA online"},{"@type":"BreadcrumbList","@id":"https:\/\/rckopen.com\/product\/4-fma\/#breadcrumb","itemListElement":[{"@type":"ListItem","position":1,"name":"Home","item":"https:\/\/rckopen.com\/"},{"@type":"ListItem","position":2,"name":"Shop","item":"https:\/\/rckopen.com\/shop\/"},{"@type":"ListItem","position":3,"name":"4-FMA"}]},{"@type":"WebSite","@id":"https:\/\/rckopen.com\/#website","url":"https:\/\/rckopen.com\/","name":"RC Kopen","description":"Research Chemicals","potentialAction":[{"@type":"SearchAction","target":{"@type":"EntryPoint","urlTemplate":"https:\/\/rckopen.com\/?s={search_term_string}"},"query-input":{"@type":"PropertyValueSpecification","valueRequired":true,"valueName":"search_term_string"}}],"inLanguage":"pt-PT"}]}},"_links":{"self":[{"href":"https:\/\/rckopen.com\/pt\/wp-json\/wp\/v2\/product\/6268","targetHints":{"allow":["GET"]}}],"collection":[{"href":"https:\/\/rckopen.com\/pt\/wp-json\/wp\/v2\/product"}],"about":[{"href":"https:\/\/rckopen.com\/pt\/wp-json\/wp\/v2\/types\/product"}],"replies":[{"embeddable":true,"href":"https:\/\/rckopen.com\/pt\/wp-json\/wp\/v2\/comments?post=6268"}],"wp:featuredmedia":[{"embeddable":true,"href":"https:\/\/rckopen.com\/pt\/wp-json\/wp\/v2\/media\/6322"}],"wp:attachment":[{"href":"https:\/\/rckopen.com\/pt\/wp-json\/wp\/v2\/media?parent=6268"}],"wp:term":[{"taxonomy":"product_brand","embeddable":true,"href":"https:\/\/rckopen.com\/pt\/wp-json\/wp\/v2\/product_brand?post=6268"},{"taxonomy":"product_cat","embeddable":true,"href":"https:\/\/rckopen.com\/pt\/wp-json\/wp\/v2\/product_cat?post=6268"},{"taxonomy":"product_tag","embeddable":true,"href":"https:\/\/rckopen.com\/pt\/wp-json\/wp\/v2\/product_tag?post=6268"}],"curies":[{"name":"wp","href":"https:\/\/api.w.org\/{rel}","templated":true}]}}