{"id":6269,"date":"2023-08-14T08:42:16","date_gmt":"2023-08-14T08:42:16","guid":{"rendered":"https:\/\/diligentplug.com\/chems\/?post_type=product&#038;p=6269"},"modified":"2025-01-31T05:15:11","modified_gmt":"2025-01-31T05:15:11","slug":"4-fea","status":"publish","type":"product","link":"https:\/\/rckopen.com\/pt\/produto\/4-fea\/","title":{"rendered":"Compre 4-FEA online"},"content":{"rendered":"<h2>Compre 4-FEA online<\/h2>\n<p><a href=\"https:\/\/rckopen.com\/pt\/produto\/4-fea\/\">Comprar 4-FEA<\/a>, Em <a href=\"https:\/\/rckopen.com\/pt\/\">Rckopen.com<\/a> \u00bfPuedes comprar 4-FMA confiable para fines de investigaci\u00f3n? La 4-FMA pertenece al subgrupo de las anfetaminas y tiene efectos similares al MDMA, incluyendo euforia, energ\u00eda y mayor empat\u00eda. La dosis de 4-FMA afecta la intensidad del estudio, y es recomendable comprarlo de un vendedor de buena reputaci\u00f3n como Funcaps para garantizar la calidad y el origen. Tenga en cuenta que el 4-FMA no est\u00e1 destinado al consumo humano y debe manipularse y almacenarse de forma segura.<\/p>\n<h1><strong>4 FMA<\/strong><\/h1>\n<p><a href=\"https:\/\/en.wikipedia.org\/wiki\/4-Fluoromethamphetamine\">4-FMA<\/a>, cujo nome cient\u00edfico \u00e9 4-fluorometanfetamina, \u00e9 um subtipo de anfetamina. A primeira venda oficial do 4 FMA foi em 2006 no Jap\u00e3o. Este produto qu\u00edmico de pesquisa, assim como os superpopulares produtos qu\u00edmicos de pesquisa 2-FA e 3-FA, tem se tornado cada vez mais popular na Holanda ao longo dos anos. Essa popularidade, que aumentou na Holanda desde 2007, tamb\u00e9m se deve aos efeitos estudados. Se voc\u00ea quiser comprar 4 FMA para fins de pesquisa, recomendamos que fa\u00e7a isso de uma empresa confi\u00e1vel, como a Funcaps. O motivo disso \u00e9 que garantimos tanto a qualidade quanto a origem do material de pesquisa adquirido. Al\u00e9m disso, o efeito FMA do order4 pode ter resultados diferentes em sua pesquisa quando voc\u00ea compra de um vendedor n\u00e3o confi\u00e1vel, ent\u00e3o n\u00e3o tem certeza do que cont\u00e9m.<\/p>\n<div data-content-type=\"row\" data-appearance=\"contained\" data-element=\"main\">\n<div data-enable-parallax=\"0\" data-parallax-speed=\"0.5\" data-background-images=\"{}\" data-background-type=\"image\" data-video-loop=\"true\" data-video-play-only-visible=\"true\" data-video-lazy-load=\"true\" data-video-fallback-src=\"\" data-element=\"inner\" data-pb-style=\"SM2UFQT\">\n<div data-content-type=\"text\" data-appearance=\"default\" data-element=\"main\">\n<h2>FUNCIONAMENTO 4-FMA<\/h2>\n<p>Foram efectuados estudos sobre os efeitos da 4-fluorometanfetamina. Os efeitos da 4-Fluorometanfetamina variam de estudo para estudo, n\u00e3o havendo dois estudos iguais, como \u00e9 \u00f3bvio. Por isso, a experi\u00eancia medida com a 4 FMA pode variar de estudo para estudo, mas a linha comum \u00e9 a seguinte: \u00e9 relatado que tem um efeito semelhante ao da MDMA, aumentando as experi\u00eancias de euforia. Tamb\u00e9m se diz que d\u00e1 mais energia. O aumento das sensa\u00e7\u00f5es de felicidade e calor, tamb\u00e9m chamado de \"sensa\u00e7\u00e3o de carinho\", est\u00e1 de acordo com o aumento da empatia experimentada. Aumenta tamb\u00e9m os sentimentos de uni\u00e3o e a necessidade de se abrir aos outros de uma forma verbal. Isto est\u00e1 de acordo com outros produtos qu\u00edmicos de investiga\u00e7\u00e3o testados num ambiente controlado. N\u00e3o \u00e9 esta a investiga\u00e7\u00e3o que procura? Ent\u00e3o veja os nossos outros produtos qu\u00edmicos de investiga\u00e7\u00e3o populares, tais como Cathinones!<\/p>\n<p>Note-se que todas as informa\u00e7\u00f5es sobre estes produtos qu\u00edmicos de investiga\u00e7\u00e3o e os pr\u00f3prios produtos qu\u00edmicos de investiga\u00e7\u00e3o se destinam apenas a fins educativos e de investiga\u00e7\u00e3o. Estes produtos n\u00e3o s\u00e3o suplementos e n\u00e3o s\u00e3o adequados para consumo humano.<\/p>\n<p>Al\u00e9m disso, por ser uma anfetamina, a experi\u00eancia da 4-FMA pode causar ranger de dentes e tirar o apetite. A investiga\u00e7\u00e3o tamb\u00e9m mostra que o efeito de sobreaquecimento \u00e9 menos problem\u00e1tico do que com outras anfetaminas conhecidas. O que est\u00e1 de acordo \u00e9 que, tal como acontece, por exemplo, com os XTC, a dosagem de 4 FMA influencia diretamente a intensidade da \"absor\u00e7\u00e3o\" da m\u00fasica pelo corpo, por exemplo. Por \u00faltimo, mas n\u00e3o menos importante, o estudo refere que o efeito emp\u00e1tico \u00e9 mais percet\u00edvel nas primeiras tr\u00eas horas, ap\u00f3s as quais, na hora seguinte, o 4 FMA tem um efeito energ\u00e9tico. Pode demorar at\u00e9 uma hora para que tudo isto seja percet\u00edvel.<\/p>\n<p>Al\u00e9m disso, de acordo com a investiga\u00e7\u00e3o e os utilizadores que partilharam as suas opini\u00f5es online, o seguinte \u00e9 um efeito secund\u00e1rio esperado: o 4-FMA pode funcionar entre quatro e seis horas. Os cen\u00e1rios em que mais foram tomados ap\u00f3s uma dose inicial levaram a um efeito percet\u00edvel de 24 horas. Tamb\u00e9m \u00e9 notado que os efeitos percept\u00edveis da compra de 4-FEA s\u00e3o muito comparados a drogas proibidas como o MDMA. Deve-se notar que os efeitos percept\u00edveis podem e ir\u00e3o variar de uma situa\u00e7\u00e3o de pesquisa para outra. Tal como as pessoas, n\u00e3o h\u00e1 dois estudos iguais.<\/p>\n<\/div>\n<\/div>\n<\/div>\n<div data-content-type=\"row\" data-appearance=\"contained\" data-element=\"main\">\n<div data-enable-parallax=\"0\" data-parallax-speed=\"0.5\" data-background-images=\"{}\" data-background-type=\"image\" data-video-loop=\"true\" data-video-play-only-visible=\"true\" data-video-lazy-load=\"true\" data-video-fallback-src=\"\" data-element=\"inner\" data-pb-style=\"PDUI88Q\">\n<div data-content-type=\"text\" data-appearance=\"default\" data-element=\"main\">\n<h2>4-FMA DOSAGEM<\/h2>\n<p>A medida em que os efeitos do 4 FMA s\u00e3o percept\u00edveis est\u00e1 diretamente relacionada com a dosagem estudada. As doses normalmente utilizadas na investiga\u00e7\u00e3o situam-se entre 70 e 140 mg. Normalmente, o 4 FMA apresenta-se sob a forma de um p\u00f3 de aspeto branco. Este p\u00f3 pode tamb\u00e9m apresentar-se sob a forma de c\u00e1psula ou de granulado. Uma dose mais elevada pode fazer com que os resultados da investiga\u00e7\u00e3o sejam percept\u00edveis em altitudes mais elevadas. Em doses elevadas, diz-se que um dos maiores efeitos secund\u00e1rios \u00e9 a ins\u00f3nia.<\/p>\n<\/div>\n<\/div>\n<\/div>\n<div data-content-type=\"row\" data-appearance=\"contained\" data-element=\"main\">\n<div data-enable-parallax=\"0\" data-parallax-speed=\"0.5\" data-background-images=\"{}\" data-background-type=\"image\" data-video-loop=\"true\" data-video-play-only-visible=\"true\" data-video-lazy-load=\"true\" data-video-fallback-src=\"\" data-element=\"inner\" data-pb-style=\"D1DX3KR\">\n<div data-content-type=\"text\" data-appearance=\"default\" data-element=\"main\">\n<h2>COMO ENTREGAMOS<\/h2>\n<p>Todas as nossas encomendas s\u00e3o entregues via DHL ou PostNL. DHL para envios para o estrangeiro e PostNL para envios nacionais. Se a encomenda for efectuada antes das 16h30 de um dia \u00fatil, \u00e9 enviada no mesmo dia. Al\u00e9m disso, a embalagem \u00e9 efectuada com total discri\u00e7\u00e3o. Assim, nos Pa\u00edses Baixos, dispomos de quatro op\u00e7\u00f5es de entrega. Nomeadamente:<\/p>\n<ul>\n<li>Um envio normal, ou seja, uma encomenda num envelope em branco sem remetente. O prazo de entrega \u00e9 de cerca de um a dois dias<\/li>\n<li>Expedi\u00e7\u00e3o com seguimento e localiza\u00e7\u00e3o, igual \u00e0 anterior, mas com seguimento e localiza\u00e7\u00e3o<\/li>\n<li>Envio em \"hor\u00e1rio especial\", esta encomenda com localiza\u00e7\u00e3o e seguimento ser\u00e1 entregue numa hora espec\u00edfica<\/li>\n<li>Ponto de recolha PostNL, aqui pode optar por recolher a sua encomenda num ponto de recolha PostNL perto de si<\/li>\n<\/ul>\n<\/div>\n<\/div>\n<\/div>\n<div data-content-type=\"row\" data-appearance=\"contained\" data-element=\"main\">\n<div data-enable-parallax=\"0\" data-parallax-speed=\"0.5\" data-background-images=\"{}\" data-background-type=\"image\" data-video-loop=\"true\" data-video-play-only-visible=\"true\" data-video-lazy-load=\"true\" data-video-fallback-src=\"\" data-element=\"inner\" data-pb-style=\"P3WNWOB\">\n<div data-content-type=\"text\" data-appearance=\"default\" data-element=\"main\">\n<h2>RECOMENDA\u00c7\u00d5ES DE SEGURAN\u00c7A EM TORNO DAS INVESTIGA\u00c7\u00d5ES 4 FMA<\/h2>\n<p>Em caso de contacto do 4 FMA com os olhos: Enxaguar cuidadosamente com \u00e1gua durante pelo menos 10 a 15 minutos e, se necess\u00e1rio, retirar as lentes de contacto. Em caso de contacto com a pele: Enxaguar com \u00e1gua, se poss\u00edvel tamb\u00e9m com sab\u00e3o. Em caso de inala\u00e7\u00e3o: Apanhar ar fresco e adotar uma posi\u00e7\u00e3o que favore\u00e7a a respira\u00e7\u00e3o<a href=\"https:\/\/en.wikipedia.org\/w\/index.php?search=4-FEA&amp;title=Special%3ASearch&amp;ns0=1\">.<\/a><\/p>\n<p>N\u00e3o expor o 4-FMA a fontes de calor. Conservar em ambiente seco \u00e0 temperatura ambiente e em embalagem adequada. Manter fora do alcance das crian\u00e7as. A boa estabilidade do 4-FEA comprado nas condi\u00e7\u00f5es acima referidas pode durar at\u00e9 dois anos<a href=\"https:\/\/rckopen.com\/pt\/produto\/dmc-dimetocaina-freebase\/\">.<\/a><\/p>\n<\/div>\n<\/div>\n<\/div>","protected":false},"excerpt":{"rendered":"<p>Nome IUPAC: N-etil-4-fluoro-\u03b1-metil-benzenoetanamina, monocloridrato<\/p>\n<p><strong>CAS # <\/strong>3823-31-2<\/p>\n<p><strong>Outro nome: <\/strong>4-Fluoroetanfetamina (cloridrato)<\/p>\n<p><strong>Apar\u00eancia: <\/strong>p\u00f3<\/p>\n<p><strong>Forma: <\/strong>nulo<\/p>\n<p><strong>An\u00e1lise NMR: <\/strong>C11H16FN - HCl<\/p>","protected":false},"featured_media":6323,"comment_status":"open","ping_status":"closed","template":"","meta":{"_joinchat":[]},"product_brand":[],"product_cat":[127],"product_tag":[],"class_list":{"0":"post-6269","1":"product","2":"type-product","3":"status-publish","4":"has-post-thumbnail","6":"product_cat-amfetamine","8":"first","9":"instock","10":"shipping-taxable","11":"purchasable","12":"product-type-variable"},"yoast_head":"<!-- This site is optimized with the Yoast SEO plugin v26.3 - https:\/\/yoast.com\/wordpress\/plugins\/seo\/ -->\n<title>4-FEA online kopen - 4-FMA te koop<\/title>\n<meta name=\"description\" content=\"4-FEA online kopen, Als je 4-FEA uit onze RC kopen-winkel nog niet hebt geprobeerd, dan mis je veel. Wij helpen u 4-FEA te koop tegen goedkope tarieven te kopen.\" \/>\n<meta name=\"robots\" content=\"index, follow, max-snippet:-1, max-image-preview:large, max-video-preview:-1\" \/>\n<link rel=\"canonical\" href=\"https:\/\/rckopen.com\/pt\/produto\/4-fea\/\" \/>\n<meta property=\"og:locale\" content=\"pt_PT\" \/>\n<meta property=\"og:type\" content=\"article\" \/>\n<meta property=\"og:title\" content=\"4-FEA online kopen - 4-FMA te koop\" \/>\n<meta property=\"og:description\" content=\"4-FEA online kopen, Als je 4-FEA uit onze RC kopen-winkel nog niet hebt geprobeerd, dan mis je veel. Wij helpen u 4-FEA te koop tegen goedkope tarieven te kopen.\" \/>\n<meta property=\"og:url\" content=\"https:\/\/rckopen.com\/pt\/produto\/4-fea\/\" \/>\n<meta property=\"og:site_name\" content=\"RC Kopen\" \/>\n<meta property=\"article:modified_time\" content=\"2025-01-31T05:15:11+00:00\" \/>\n<meta property=\"og:image\" content=\"https:\/\/rckopen.com\/wp-content\/uploads\/2023\/08\/4-FEA.jpg\" \/>\n\t<meta property=\"og:image:width\" content=\"600\" \/>\n\t<meta property=\"og:image:height\" content=\"600\" \/>\n\t<meta property=\"og:image:type\" content=\"image\/jpeg\" \/>\n<meta name=\"twitter:card\" content=\"summary_large_image\" \/>\n<meta name=\"twitter:label1\" content=\"Tempo estimado de leitura\" \/>\n\t<meta name=\"twitter:data1\" content=\"5 minutos\" \/>\n<script type=\"application\/ld+json\" class=\"yoast-schema-graph\">{\"@context\":\"https:\/\/schema.org\",\"@graph\":[{\"@type\":\"WebPage\",\"@id\":\"https:\/\/rckopen.com\/product\/4-fea\/\",\"url\":\"https:\/\/rckopen.com\/product\/4-fea\/\",\"name\":\"4-FEA online kopen - 4-FMA te koop\",\"isPartOf\":{\"@id\":\"https:\/\/rckopen.com\/#website\"},\"primaryImageOfPage\":{\"@id\":\"https:\/\/rckopen.com\/product\/4-fea\/#primaryimage\"},\"image\":{\"@id\":\"https:\/\/rckopen.com\/product\/4-fea\/#primaryimage\"},\"thumbnailUrl\":\"https:\/\/rckopen.com\/wp-content\/uploads\/2023\/08\/4-FEA.jpg\",\"datePublished\":\"2023-08-14T08:42:16+00:00\",\"dateModified\":\"2025-01-31T05:15:11+00:00\",\"description\":\"4-FEA online kopen, Als je 4-FEA uit onze RC kopen-winkel nog niet hebt geprobeerd, dan mis je veel. Wij helpen u 4-FEA te koop tegen goedkope tarieven te kopen.\",\"breadcrumb\":{\"@id\":\"https:\/\/rckopen.com\/product\/4-fea\/#breadcrumb\"},\"inLanguage\":\"pt-PT\",\"potentialAction\":[{\"@type\":\"ReadAction\",\"target\":[\"https:\/\/rckopen.com\/product\/4-fea\/\"]}]},{\"@type\":\"ImageObject\",\"inLanguage\":\"pt-PT\",\"@id\":\"https:\/\/rckopen.com\/product\/4-fea\/#primaryimage\",\"url\":\"https:\/\/rckopen.com\/wp-content\/uploads\/2023\/08\/4-FEA.jpg\",\"contentUrl\":\"https:\/\/rckopen.com\/wp-content\/uploads\/2023\/08\/4-FEA.jpg\",\"width\":600,\"height\":600,\"caption\":\"4-FEA online kopen\"},{\"@type\":\"BreadcrumbList\",\"@id\":\"https:\/\/rckopen.com\/product\/4-fea\/#breadcrumb\",\"itemListElement\":[{\"@type\":\"ListItem\",\"position\":1,\"name\":\"Home\",\"item\":\"https:\/\/rckopen.com\/\"},{\"@type\":\"ListItem\",\"position\":2,\"name\":\"Shop\",\"item\":\"https:\/\/rckopen.com\/shop\/\"},{\"@type\":\"ListItem\",\"position\":3,\"name\":\"4-FEA online kopen\"}]},{\"@type\":\"WebSite\",\"@id\":\"https:\/\/rckopen.com\/#website\",\"url\":\"https:\/\/rckopen.com\/\",\"name\":\"RC Kopen\",\"description\":\"Research Chemicals\",\"potentialAction\":[{\"@type\":\"SearchAction\",\"target\":{\"@type\":\"EntryPoint\",\"urlTemplate\":\"https:\/\/rckopen.com\/?s={search_term_string}\"},\"query-input\":{\"@type\":\"PropertyValueSpecification\",\"valueRequired\":true,\"valueName\":\"search_term_string\"}}],\"inLanguage\":\"pt-PT\"}]}<\/script>\n<!-- \/ Yoast SEO plugin. -->","yoast_head_json":{"title":"4-FEA online kopen - 4-FMA te koop","description":"4-FEA online kopen, Als je 4-FEA uit onze RC kopen-winkel nog niet hebt geprobeerd, dan mis je veel. Wij helpen u 4-FEA te koop tegen goedkope tarieven te kopen.","robots":{"index":"index","follow":"follow","max-snippet":"max-snippet:-1","max-image-preview":"max-image-preview:large","max-video-preview":"max-video-preview:-1"},"canonical":"https:\/\/rckopen.com\/pt\/produto\/4-fea\/","og_locale":"pt_PT","og_type":"article","og_title":"4-FEA online kopen - 4-FMA te koop","og_description":"4-FEA online kopen, Als je 4-FEA uit onze RC kopen-winkel nog niet hebt geprobeerd, dan mis je veel. Wij helpen u 4-FEA te koop tegen goedkope tarieven te kopen.","og_url":"https:\/\/rckopen.com\/pt\/produto\/4-fea\/","og_site_name":"RC Kopen","article_modified_time":"2025-01-31T05:15:11+00:00","og_image":[{"width":600,"height":600,"url":"https:\/\/rckopen.com\/wp-content\/uploads\/2023\/08\/4-FEA.jpg","type":"image\/jpeg"}],"twitter_card":"summary_large_image","twitter_misc":{"Tempo estimado de leitura":"5 minutos"},"schema":{"@context":"https:\/\/schema.org","@graph":[{"@type":"WebPage","@id":"https:\/\/rckopen.com\/product\/4-fea\/","url":"https:\/\/rckopen.com\/product\/4-fea\/","name":"4-FEA online kopen - 4-FMA te koop","isPartOf":{"@id":"https:\/\/rckopen.com\/#website"},"primaryImageOfPage":{"@id":"https:\/\/rckopen.com\/product\/4-fea\/#primaryimage"},"image":{"@id":"https:\/\/rckopen.com\/product\/4-fea\/#primaryimage"},"thumbnailUrl":"https:\/\/rckopen.com\/wp-content\/uploads\/2023\/08\/4-FEA.jpg","datePublished":"2023-08-14T08:42:16+00:00","dateModified":"2025-01-31T05:15:11+00:00","description":"4-FEA online kopen, Als je 4-FEA uit onze RC kopen-winkel nog niet hebt geprobeerd, dan mis je veel. Wij helpen u 4-FEA te koop tegen goedkope tarieven te kopen.","breadcrumb":{"@id":"https:\/\/rckopen.com\/product\/4-fea\/#breadcrumb"},"inLanguage":"pt-PT","potentialAction":[{"@type":"ReadAction","target":["https:\/\/rckopen.com\/product\/4-fea\/"]}]},{"@type":"ImageObject","inLanguage":"pt-PT","@id":"https:\/\/rckopen.com\/product\/4-fea\/#primaryimage","url":"https:\/\/rckopen.com\/wp-content\/uploads\/2023\/08\/4-FEA.jpg","contentUrl":"https:\/\/rckopen.com\/wp-content\/uploads\/2023\/08\/4-FEA.jpg","width":600,"height":600,"caption":"4-FEA online kopen"},{"@type":"BreadcrumbList","@id":"https:\/\/rckopen.com\/product\/4-fea\/#breadcrumb","itemListElement":[{"@type":"ListItem","position":1,"name":"Home","item":"https:\/\/rckopen.com\/"},{"@type":"ListItem","position":2,"name":"Shop","item":"https:\/\/rckopen.com\/shop\/"},{"@type":"ListItem","position":3,"name":"4-FEA online kopen"}]},{"@type":"WebSite","@id":"https:\/\/rckopen.com\/#website","url":"https:\/\/rckopen.com\/","name":"RC Kopen","description":"Research Chemicals","potentialAction":[{"@type":"SearchAction","target":{"@type":"EntryPoint","urlTemplate":"https:\/\/rckopen.com\/?s={search_term_string}"},"query-input":{"@type":"PropertyValueSpecification","valueRequired":true,"valueName":"search_term_string"}}],"inLanguage":"pt-PT"}]}},"_links":{"self":[{"href":"https:\/\/rckopen.com\/pt\/wp-json\/wp\/v2\/product\/6269","targetHints":{"allow":["GET"]}}],"collection":[{"href":"https:\/\/rckopen.com\/pt\/wp-json\/wp\/v2\/product"}],"about":[{"href":"https:\/\/rckopen.com\/pt\/wp-json\/wp\/v2\/types\/product"}],"replies":[{"embeddable":true,"href":"https:\/\/rckopen.com\/pt\/wp-json\/wp\/v2\/comments?post=6269"}],"wp:featuredmedia":[{"embeddable":true,"href":"https:\/\/rckopen.com\/pt\/wp-json\/wp\/v2\/media\/6323"}],"wp:attachment":[{"href":"https:\/\/rckopen.com\/pt\/wp-json\/wp\/v2\/media?parent=6269"}],"wp:term":[{"taxonomy":"product_brand","embeddable":true,"href":"https:\/\/rckopen.com\/pt\/wp-json\/wp\/v2\/product_brand?post=6269"},{"taxonomy":"product_cat","embeddable":true,"href":"https:\/\/rckopen.com\/pt\/wp-json\/wp\/v2\/product_cat?post=6269"},{"taxonomy":"product_tag","embeddable":true,"href":"https:\/\/rckopen.com\/pt\/wp-json\/wp\/v2\/product_tag?post=6269"}],"curies":[{"name":"wp","href":"https:\/\/api.w.org\/{rel}","templated":true}]}}