{"id":6271,"date":"2023-08-14T08:42:46","date_gmt":"2023-08-14T08:42:46","guid":{"rendered":"https:\/\/diligentplug.com\/chems\/?post_type=product&#038;p=6271"},"modified":"2026-03-03T05:55:29","modified_gmt":"2026-03-03T05:55:29","slug":"2-fea","status":"publish","type":"product","link":"https:\/\/rckopen.com\/pt\/produto\/2-fea\/","title":{"rendered":"Compre 2-FEA online"},"content":{"rendered":"<h2><b>2-FEA Online Kopen \u2013 Premium 2-Fluoroethylamphetamine Te Koop<\/b><\/h2>\n<p><span style=\"font-weight: 400;\">Voc\u00ea est\u00e1 procurando por <\/span><a href=\"https:\/\/en.wikipedia.org\/wiki\/2-Furylethylamine\"><b>Compre 2-FEA online<\/b><\/a><span style=\"font-weight: 400;\"> Com seguran\u00e7a e confiabilidade? Nossa 2-fluoroetilanfetamina (2-FEA) de alta qualidade oferece uma combina\u00e7\u00e3o \u00fanica de efeitos estimulantes com um perfil qu\u00edmico distinto. Seja voc\u00ea um usu\u00e1rio experiente ou esteja pesquisando novas subst\u00e2ncias, a 2-FEA est\u00e1 ganhando popularidade em todo o mundo.<\/span><\/p>\n<h3><b>O que \u00e9 2-FEA?<\/b><\/h3>\n<p><span style=\"font-weight: 400;\">A 2-FEA, ou 2-fluoroetilanfetamina, \u00e9 um estimulante sint\u00e9tico quimicamente relacionado \u00e0s anfetaminas. Pertence \u00e0 fam\u00edlia das fenetilaminas substitu\u00eddas, conhecidas por seus efeitos energizantes, de melhora do humor e empatog\u00eanicos. Comparada a subst\u00e2ncias similares como a 2-FA e a anfetamina cl\u00e1ssica, a 2-FEA oferece uma experi\u00eancia equilibrada com diferen\u00e7as sutis no efeito e na dura\u00e7\u00e3o.<\/span><\/p>\n<h3><b>Por que a an\u00e1lise de elementos finitos bidimensional (2-FEA) est\u00e1 se tornando mais popular?<\/b><\/h3>\n<p><span style=\"font-weight: 400;\">O 2-FEA \u00e9 conhecido por sua estimula\u00e7\u00e3o limpa e efeitos colaterais control\u00e1veis, o que o torna popular entre usu\u00e1rios que desejam energia confi\u00e1vel sem excita\u00e7\u00e3o excessiva. Sua estrutura qu\u00edmica \u00fanica tamb\u00e9m o torna fonte de interesse para pesquisa e explora\u00e7\u00e3o pessoal. <strong><a href=\"https:\/\/rckopen.com\/pt\/\">RcKopen<\/a><\/strong><\/span><\/p>\n<h3><b>Estatuto Jur\u00eddico e Regulamenta\u00e7\u00e3o<\/b><\/h3>\n<p><span style=\"font-weight: 400;\">Antes de voc\u00ea <\/span><b>2-FEA encomendados online<\/b><span style=\"font-weight: 400;\">\u00c9 importante verificar a situa\u00e7\u00e3o legal no seu pa\u00eds. As regulamenta\u00e7\u00f5es variam muito de regi\u00e3o para regi\u00e3o, portanto, certifique-se de conhecer as leis locais relativas a produtos qu\u00edmicos de pesquisa para evitar problemas.<\/span><\/p>\n<h3><b>Onde posso comprar 2-FEA online?<\/b><\/h3>\n<p><span style=\"font-weight: 400;\">Encontrar um vendedor confi\u00e1vel \u00e9 crucial. Compre 2-FEA somente de plataformas respeit\u00e1veis \u200b\u200bque ofere\u00e7am informa\u00e7\u00f5es transparentes sobre o produto, testes laboratoriais independentes e avalia\u00e7\u00f5es positivas de clientes. Vendedores confi\u00e1veis \u200b\u200bgarantem qualidade, privacidade e envio seguro.<\/span><\/p>\n<h3><b>Como encomendar 2-FEA online em seguran\u00e7a?<\/b><\/h3>\n<p><span style=\"font-weight: 400;\">Escolha vendedores que ofere\u00e7am embalagens discretas e m\u00e9todos de pagamento seguros, como criptomoedas ou cart\u00e3o de cr\u00e9dito. Procure op\u00e7\u00f5es de envio com rastreamento para acompanhar seu pedido e garantir a privacidade.<\/span><\/p>\n<h3><b>Qualidade e testes de produtos<\/b><\/h3>\n<p><span style=\"font-weight: 400;\">Sempre selecione 2-FEA com um Certificado de An\u00e1lise (COA) de um laborat\u00f3rio independente, que confirme a pureza e a aus\u00eancia de contaminantes. Evite produtos sem descri\u00e7\u00f5es claras ou relat\u00f3rios de laborat\u00f3rio, pois isso pode indicar subst\u00e2ncias de baixa qualidade ou inseguras.<\/span><\/p>\n<h3><b>Dicas de uso e precau\u00e7\u00f5es<\/b><\/h3>\n<p><span style=\"font-weight: 400;\">Armazene o 2-FEA em local fresco e seco, ao abrigo da luz solar direta, para manter sua efic\u00e1cia. Use com responsabilidade, come\u00e7ando com doses baixas para testar sua toler\u00e2ncia e evitando combin\u00e1-lo com outras subst\u00e2ncias. Esteja ciente dos poss\u00edveis efeitos colaterais, como aumento da frequ\u00eancia card\u00edaca, ansiedade ou ins\u00f4nia, e interrompa o uso caso apresente qualquer rea\u00e7\u00e3o adversa.<\/span><\/p>\n<h3><b>Conclusie<\/b><\/h3>\n<p><span style=\"font-weight: 400;\">Voc\u00ea quer <\/span><a href=\"https:\/\/rckopen.com\/pt\/produto\/2-fea\/\"><b>Compre 2-FEA online<\/b><\/a><span style=\"font-weight: 400;\"> tegen een <\/span><b>pre\u00e7o 2-FEA barato<\/b><span style=\"font-weight: 400;\"> Sem abrir m\u00e3o da qualidade? Ent\u00e3o escolha vendedores com reputa\u00e7\u00e3o comprovada e testes laboratoriais verificados. Oferecemos: <b>melhor lugar para comprar 2-FEA<\/b><\/span><span style=\"font-weight: 400;\">Com entrega segura, excelente atendimento ao cliente e produtos de alta qualidade.<\/span><\/p>","protected":false},"excerpt":{"rendered":"<p><strong>Nome IUPAC: <\/strong>N-etil-2-fluoro-\u03b1-metil-benzenoetanamina, monocloridrato<\/p>\n<p><strong>CAS # <\/strong>3871-89-4<\/p>\n<p><strong>Outro nome: <\/strong>2-Fluoroetilanfetamina<\/p>\n<p><strong>Forma: <\/strong>p\u00f3<\/p>","protected":false},"featured_media":6325,"comment_status":"open","ping_status":"closed","template":"","meta":{"_joinchat":[]},"product_brand":[],"product_cat":[127],"product_tag":[],"class_list":{"0":"post-6271","1":"product","2":"type-product","3":"status-publish","4":"has-post-thumbnail","6":"product_cat-amfetamine","8":"first","9":"instock","10":"shipping-taxable","11":"purchasable","12":"product-type-variable"},"yoast_head":"<!-- This site is optimized with the Yoast SEO plugin v26.3 - https:\/\/yoast.com\/wordpress\/plugins\/seo\/ -->\n<title>2-FEA online kopen - 2-FEA online te kopen<\/title>\n<meta name=\"description\" content=\"In onze Rc kopen winkel kun je 2-fea goedkoop bestellen. Wij werken alleen met A-kwaliteit producten. nu 2-fea online kopen , 2-FEA kopen\" \/>\n<meta name=\"robots\" content=\"index, follow, max-snippet:-1, max-image-preview:large, max-video-preview:-1\" \/>\n<link rel=\"canonical\" href=\"https:\/\/rckopen.com\/pt\/produto\/2-fea\/\" \/>\n<meta property=\"og:locale\" content=\"pt_PT\" \/>\n<meta property=\"og:type\" content=\"article\" \/>\n<meta property=\"og:title\" content=\"2-FEA online kopen - 2-FEA online te kopen\" \/>\n<meta property=\"og:description\" content=\"In onze Rc kopen winkel kun je 2-fea goedkoop bestellen. Wij werken alleen met A-kwaliteit producten. nu 2-fea online kopen , 2-FEA kopen\" \/>\n<meta property=\"og:url\" content=\"https:\/\/rckopen.com\/pt\/produto\/2-fea\/\" \/>\n<meta property=\"og:site_name\" content=\"RC Kopen\" \/>\n<meta property=\"article:modified_time\" content=\"2026-03-03T05:55:29+00:00\" \/>\n<meta property=\"og:image\" content=\"https:\/\/rckopen.com\/wp-content\/uploads\/2023\/08\/2-FEA.jpg\" \/>\n\t<meta property=\"og:image:width\" content=\"600\" \/>\n\t<meta property=\"og:image:height\" content=\"600\" \/>\n\t<meta property=\"og:image:type\" content=\"image\/jpeg\" \/>\n<meta name=\"twitter:card\" content=\"summary_large_image\" \/>\n<meta name=\"twitter:label1\" content=\"Tempo estimado de leitura\" \/>\n\t<meta name=\"twitter:data1\" content=\"2 minutos\" \/>\n<script type=\"application\/ld+json\" class=\"yoast-schema-graph\">{\"@context\":\"https:\/\/schema.org\",\"@graph\":[{\"@type\":\"WebPage\",\"@id\":\"https:\/\/rckopen.com\/product\/2-fea\/\",\"url\":\"https:\/\/rckopen.com\/product\/2-fea\/\",\"name\":\"2-FEA online kopen - 2-FEA online te kopen\",\"isPartOf\":{\"@id\":\"https:\/\/rckopen.com\/#website\"},\"primaryImageOfPage\":{\"@id\":\"https:\/\/rckopen.com\/product\/2-fea\/#primaryimage\"},\"image\":{\"@id\":\"https:\/\/rckopen.com\/product\/2-fea\/#primaryimage\"},\"thumbnailUrl\":\"https:\/\/rckopen.com\/wp-content\/uploads\/2023\/08\/2-FEA.jpg\",\"datePublished\":\"2023-08-14T08:42:46+00:00\",\"dateModified\":\"2026-03-03T05:55:29+00:00\",\"description\":\"In onze Rc kopen winkel kun je 2-fea goedkoop bestellen. Wij werken alleen met A-kwaliteit producten. nu 2-fea online kopen , 2-FEA kopen\",\"breadcrumb\":{\"@id\":\"https:\/\/rckopen.com\/product\/2-fea\/#breadcrumb\"},\"inLanguage\":\"pt-PT\",\"potentialAction\":[{\"@type\":\"ReadAction\",\"target\":[\"https:\/\/rckopen.com\/product\/2-fea\/\"]}]},{\"@type\":\"ImageObject\",\"inLanguage\":\"pt-PT\",\"@id\":\"https:\/\/rckopen.com\/product\/2-fea\/#primaryimage\",\"url\":\"https:\/\/rckopen.com\/wp-content\/uploads\/2023\/08\/2-FEA.jpg\",\"contentUrl\":\"https:\/\/rckopen.com\/wp-content\/uploads\/2023\/08\/2-FEA.jpg\",\"width\":600,\"height\":600,\"caption\":\"2-FEA Online Kopen\"},{\"@type\":\"BreadcrumbList\",\"@id\":\"https:\/\/rckopen.com\/product\/2-fea\/#breadcrumb\",\"itemListElement\":[{\"@type\":\"ListItem\",\"position\":1,\"name\":\"Home\",\"item\":\"https:\/\/rckopen.com\/\"},{\"@type\":\"ListItem\",\"position\":2,\"name\":\"Shop\",\"item\":\"https:\/\/rckopen.com\/shop\/\"},{\"@type\":\"ListItem\",\"position\":3,\"name\":\"2-FEA Online Kopen\"}]},{\"@type\":\"WebSite\",\"@id\":\"https:\/\/rckopen.com\/#website\",\"url\":\"https:\/\/rckopen.com\/\",\"name\":\"RC Kopen\",\"description\":\"Research Chemicals\",\"potentialAction\":[{\"@type\":\"SearchAction\",\"target\":{\"@type\":\"EntryPoint\",\"urlTemplate\":\"https:\/\/rckopen.com\/?s={search_term_string}\"},\"query-input\":{\"@type\":\"PropertyValueSpecification\",\"valueRequired\":true,\"valueName\":\"search_term_string\"}}],\"inLanguage\":\"pt-PT\"}]}<\/script>\n<!-- \/ Yoast SEO plugin. -->","yoast_head_json":{"title":"2-FEA online kopen - 2-FEA online te kopen","description":"In onze Rc kopen winkel kun je 2-fea goedkoop bestellen. Wij werken alleen met A-kwaliteit producten. nu 2-fea online kopen , 2-FEA kopen","robots":{"index":"index","follow":"follow","max-snippet":"max-snippet:-1","max-image-preview":"max-image-preview:large","max-video-preview":"max-video-preview:-1"},"canonical":"https:\/\/rckopen.com\/pt\/produto\/2-fea\/","og_locale":"pt_PT","og_type":"article","og_title":"2-FEA online kopen - 2-FEA online te kopen","og_description":"In onze Rc kopen winkel kun je 2-fea goedkoop bestellen. Wij werken alleen met A-kwaliteit producten. nu 2-fea online kopen , 2-FEA kopen","og_url":"https:\/\/rckopen.com\/pt\/produto\/2-fea\/","og_site_name":"RC Kopen","article_modified_time":"2026-03-03T05:55:29+00:00","og_image":[{"width":600,"height":600,"url":"https:\/\/rckopen.com\/wp-content\/uploads\/2023\/08\/2-FEA.jpg","type":"image\/jpeg"}],"twitter_card":"summary_large_image","twitter_misc":{"Tempo estimado de leitura":"2 minutos"},"schema":{"@context":"https:\/\/schema.org","@graph":[{"@type":"WebPage","@id":"https:\/\/rckopen.com\/product\/2-fea\/","url":"https:\/\/rckopen.com\/product\/2-fea\/","name":"2-FEA online kopen - 2-FEA online te kopen","isPartOf":{"@id":"https:\/\/rckopen.com\/#website"},"primaryImageOfPage":{"@id":"https:\/\/rckopen.com\/product\/2-fea\/#primaryimage"},"image":{"@id":"https:\/\/rckopen.com\/product\/2-fea\/#primaryimage"},"thumbnailUrl":"https:\/\/rckopen.com\/wp-content\/uploads\/2023\/08\/2-FEA.jpg","datePublished":"2023-08-14T08:42:46+00:00","dateModified":"2026-03-03T05:55:29+00:00","description":"In onze Rc kopen winkel kun je 2-fea goedkoop bestellen. Wij werken alleen met A-kwaliteit producten. nu 2-fea online kopen , 2-FEA kopen","breadcrumb":{"@id":"https:\/\/rckopen.com\/product\/2-fea\/#breadcrumb"},"inLanguage":"pt-PT","potentialAction":[{"@type":"ReadAction","target":["https:\/\/rckopen.com\/product\/2-fea\/"]}]},{"@type":"ImageObject","inLanguage":"pt-PT","@id":"https:\/\/rckopen.com\/product\/2-fea\/#primaryimage","url":"https:\/\/rckopen.com\/wp-content\/uploads\/2023\/08\/2-FEA.jpg","contentUrl":"https:\/\/rckopen.com\/wp-content\/uploads\/2023\/08\/2-FEA.jpg","width":600,"height":600,"caption":"2-FEA Online Kopen"},{"@type":"BreadcrumbList","@id":"https:\/\/rckopen.com\/product\/2-fea\/#breadcrumb","itemListElement":[{"@type":"ListItem","position":1,"name":"Home","item":"https:\/\/rckopen.com\/"},{"@type":"ListItem","position":2,"name":"Shop","item":"https:\/\/rckopen.com\/shop\/"},{"@type":"ListItem","position":3,"name":"2-FEA Online Kopen"}]},{"@type":"WebSite","@id":"https:\/\/rckopen.com\/#website","url":"https:\/\/rckopen.com\/","name":"RC Kopen","description":"Research Chemicals","potentialAction":[{"@type":"SearchAction","target":{"@type":"EntryPoint","urlTemplate":"https:\/\/rckopen.com\/?s={search_term_string}"},"query-input":{"@type":"PropertyValueSpecification","valueRequired":true,"valueName":"search_term_string"}}],"inLanguage":"pt-PT"}]}},"_links":{"self":[{"href":"https:\/\/rckopen.com\/pt\/wp-json\/wp\/v2\/product\/6271","targetHints":{"allow":["GET"]}}],"collection":[{"href":"https:\/\/rckopen.com\/pt\/wp-json\/wp\/v2\/product"}],"about":[{"href":"https:\/\/rckopen.com\/pt\/wp-json\/wp\/v2\/types\/product"}],"replies":[{"embeddable":true,"href":"https:\/\/rckopen.com\/pt\/wp-json\/wp\/v2\/comments?post=6271"}],"wp:featuredmedia":[{"embeddable":true,"href":"https:\/\/rckopen.com\/pt\/wp-json\/wp\/v2\/media\/6325"}],"wp:attachment":[{"href":"https:\/\/rckopen.com\/pt\/wp-json\/wp\/v2\/media?parent=6271"}],"wp:term":[{"taxonomy":"product_brand","embeddable":true,"href":"https:\/\/rckopen.com\/pt\/wp-json\/wp\/v2\/product_brand?post=6271"},{"taxonomy":"product_cat","embeddable":true,"href":"https:\/\/rckopen.com\/pt\/wp-json\/wp\/v2\/product_cat?post=6271"},{"taxonomy":"product_tag","embeddable":true,"href":"https:\/\/rckopen.com\/pt\/wp-json\/wp\/v2\/product_tag?post=6271"}],"curies":[{"name":"wp","href":"https:\/\/api.w.org\/{rel}","templated":true}]}}