{"id":6335,"date":"2023-08-14T10:37:18","date_gmt":"2023-08-14T10:37:18","guid":{"rendered":"https:\/\/diligentplug.com\/chems\/?post_type=product&#038;p=6335"},"modified":"2025-02-03T05:49:16","modified_gmt":"2025-02-03T05:49:16","slug":"bromonordiazepam","status":"publish","type":"product","link":"https:\/\/rckopen.com\/pt\/produto\/bromonordiazepam\/","title":{"rendered":"comprar bromonordiazepam online"},"content":{"rendered":"<h2>Algemene informatie Bromonordiazepam online kopen<\/h2>\n<p>O bromazepam \u00e9 uma benzodiazepina. \u00c9 principalmente um medicamento anti-ansiedade com efeitos secund\u00e1rios semelhantes aos do diazepam (valium). O bromazepam n\u00e3o \u00e9 apenas utilizado para tratar a tens\u00e3o ou a raiva, mas tamb\u00e9m pode ser utilizado como pr\u00e9-medica\u00e7\u00e3o antes de um pequeno procedimento m\u00e9dico. O bromazepam apresenta-se regularmente em doses de comprimidos de 3 mg e 6 mg.<\/p>\n<p>Foi licenciado pela Roche em 1961 e aprovado para utiliza\u00e7\u00e3o cl\u00ednica em 1974.<\/p>\n<p>Ap\u00f3s a administra\u00e7\u00e3o nocturna de bromazepam, ocorre uma redu\u00e7\u00e3o muito acentuada da secre\u00e7\u00e3o de \u00e1cido g\u00e1strico durante o repouso, seguida de uma recupera\u00e7\u00e3o excecionalmente cr\u00edtica da subst\u00e2ncia de teste do \u00e1cido g\u00e1strico no dia seguinte.<\/p>\n<h3>Composi\u00e7\u00e3o qu\u00edmica do bromonordiazepam<\/h3>\n<p>A sua designa\u00e7\u00e3o convencional \u00e9 7-bromo-1,3-di-hidro-5-fenil-2H-1,4-benzodiazepina-2-ona. A equa\u00e7\u00e3o molecular do bromazepam \u00e9 C15H11BrN2O. O bromazepam \u00e9 um padr\u00e3o de refer\u00eancia cient\u00edfica classificado como um metabolito da benzodiazepina.1 O desalquilgidazepam \u00e9 um metabolito do gidazepam. Este composto de explora\u00e7\u00e3o est\u00e1 planeado para aplica\u00e7\u00f5es forenses e de investiga\u00e7\u00e3o.<\/p>\n<h3>Farmacologia do bromonordiazepam<\/h3>\n<p>O bromazepam \u00e9 uma benzodiazepina \"cl\u00e1ssica\"; outras benzodiazepinas de estilo antigo incluem: diazepam, clonazepam, oxazepam, lorazepam, nitrazepam, flurazepam e clorazepato. A estrutura molecular \u00e9 constitu\u00edda por uma diazepina associada a um anel de benzeno e a um anel de piridina, em que o anel de benzeno tem uma part\u00edcula de azoto solit\u00e1rio que substitui uma das mol\u00e9culas de carbono na estrutura do anel. Trata-se de uma 1,4-benzodiazepina, o que implica que os \u00e1tomos de azoto do anel diazep\u00ednico de sete lados se encontram nas posi\u00e7\u00f5es 1 e 4.<\/p>\n<p>O bromazepam liga-se ao recetor GABA GABAA, provocando uma altera\u00e7\u00e3o conformacional e prolongando os efeitos inibit\u00f3rios do GABA. Actua como um modulador positivo e desenvolve a resposta do recetor quando iniciada pelo pr\u00f3prio GABA ou por um agonista (como o licor). Em vez do barbital, os BZD n\u00e3o s\u00e3o activadores dos receptores GABA e baseiam-se no prolongamento da atividade biol\u00f3gica da sinapse. O bromazepam \u00e9 uma benzodiazepina semi-ativa, moderadamente lipof\u00edlica, ao contr\u00e1rio de outras subst\u00e2ncias do seu grupo, e \u00e9 utilizado por vias oxidativas no f\u00edgado. N\u00e3o possui propriedades estimulantes ou antipsic\u00f3ticas.<\/p>\n<h3>Compre p\u00f3 de bromonordiazepam de alta qualidade online<\/h3>\n<p>A RC Buy tem muitos anos de experi\u00eancia na ind\u00fastria de design de produtos qu\u00edmicos de investiga\u00e7\u00e3o, o que nos permite garantir a mais elevada qualidade destes produtos qu\u00edmicos de investiga\u00e7\u00e3o. A equipa de investiga\u00e7\u00e3o qu\u00edmica vende bromonordiazepam e pellets de 2,5 mg. Os produtos qu\u00edmicos de investiga\u00e7\u00e3o, incluindo o bromonordiazepam, cumprem todos os requisitos de seguran\u00e7a. Os produtos qu\u00edmicos para investiga\u00e7\u00e3o s\u00e3o cuidadosamente distribu\u00eddos e armazenados num local fresco e seco.<\/p>\n<p>Todos os produtos s\u00e3o objeto de controlos regulares de qualidade, pureza e seguran\u00e7a. Conservar sempre o bromonordiazepam \u00e0 temperatura ambiente e fora do alcance das crian\u00e7as e dos animais dom\u00e9sticos. O nosso bromonordiazepam n\u00e3o se destina a uso pessoal. Destina-se apenas a fins de investiga\u00e7\u00e3o.<\/p>\n<p>N\u00e3o deve ser misturado com \u00e1lcool ou produtos qu\u00edmicos de pesquisa ao investigar este produto qu\u00edmico de pesquisa! Todos os nossos produtos t\u00eam um pre\u00e7o justo!<\/p>\n<h3>Bromonordiazepam testado em laborat\u00f3rio com resultados.<\/h3>\n<p>Faz progressos renovados no sentido da satisfa\u00e7\u00e3o global dos seus clientes. V\u00e1rios inqu\u00e9ritos demonstraram que os clientes solicitam tantos dados quanto o esperado antes de comprarem produtos qu\u00edmicos de investiga\u00e7\u00e3o sint\u00e9ticos. Al\u00e9m disso, publicamos todas as consequ\u00eancias laboratoriais de cada produto qu\u00edmico de investiga\u00e7\u00e3o num registo PDF.<\/p>\n<p>O nosso bromonordiazepam cumpre consistentemente os ingredientes activos e \u00e9 claro para todos verem.<\/p>\n<p>Distribu\u00edmos todas as consequ\u00eancias laboratoriais de cada produto qu\u00edmico de investiga\u00e7\u00e3o num documento PDF.<\/p>\n<h3>Encomenda segura em bromonordiazepam.<\/h3>\n<p>Os produtos qu\u00edmicos de pesquisa de design da RCKOPEN s\u00e3o de excelente qualidade e t\u00eam um pre\u00e7o justo. Portanto, quando voc\u00ea solicitar seus produtos qu\u00edmicos de pesquisa da TRRC SHOP, garantimos que enviaremos sua solicita\u00e7\u00e3o ao seu laborat\u00f3rio de pesquisa de forma r\u00e1pida e segura, pois as vendas de produtos qu\u00edmicos de pesquisa est\u00e3o sempre dispon\u00edveis na RCKOPEN.<\/p>\n<p>Solicitar compostos sint\u00e9ticos de pesquisa com Bitcoin ou transfer\u00eancia banc\u00e1ria \u00e9 f\u00e1cil na RCKOPEN.<\/p>\n<p>Enviamos os produtos qu\u00edmicos de investiga\u00e7\u00e3o no mesmo dia \u00fatil se o pagamento for recebido antes das 15:00 CEST.<\/p>\n<p>N\u00e3o entregamos artigos a pessoas com menos de 18 anos de idade!<\/p>\n<p>bromonordiazepam for sale destina-se apenas a fins de investiga\u00e7\u00e3o.<\/p>\n<h3>Expedi\u00e7\u00e3o discreta de produtos qu\u00edmicos para investiga\u00e7\u00e3o.<\/h3>\n<p>A RCKOPEN enviar\u00e1 seu pedidoCompre Bromonor Diazepam online \u2013 Bromonor Diazepam \u00e0 venda | RC Compre com seguran\u00e7a e embale com seguran\u00e7a para garantir um bom transporte. Al\u00e9m disso, fazemos as malas de forma perfeitamente discreta, e nada fica exposto do lado de fora do que pode estar dentro.<\/p>","protected":false},"excerpt":{"rendered":"<p><strong>Nome IUPAC: <\/strong>7-bromo-5-phenyl-1,3-dihydro-1,4-benzodiazepin-2-one<\/p>\n<p><strong>CAS # <\/strong>2894-61-3<\/p>\n<p><strong>Outro nome: <\/strong>desalquilgidazepam<\/p>\n<p><strong>Forma: <\/strong>p\u00f3<\/p>\n<p><strong>An\u00e1lise NMR: <\/strong>C15H11BrN2O<\/p>","protected":false},"featured_media":6351,"comment_status":"open","ping_status":"closed","template":"","meta":{"_joinchat":[]},"product_brand":[],"product_cat":[128],"product_tag":[],"class_list":{"0":"post-6335","1":"product","2":"type-product","3":"status-publish","4":"has-post-thumbnail","6":"product_cat-benzodiazepinen","8":"first","9":"instock","10":"shipping-taxable","11":"purchasable","12":"product-type-variable"},"yoast_head":"<!-- This site is optimized with the Yoast SEO plugin v26.3 - https:\/\/yoast.com\/wordpress\/plugins\/seo\/ -->\n<title>Koop Bromonor Diazepam online - Bromonor Diazepam te koop | RC Kopen<\/title>\n<meta name=\"description\" content=\"U kunt Bromonordiazepam te koop krijgen in onze winkel en het zonder problemen bij u thuis krijgen. Wij helpen u broomordiazepam online te kopen. Bestel nu!\" \/>\n<meta name=\"robots\" content=\"index, follow, max-snippet:-1, max-image-preview:large, max-video-preview:-1\" \/>\n<link rel=\"canonical\" href=\"https:\/\/rckopen.com\/pt\/produto\/bromonordiazepam\/\" \/>\n<meta property=\"og:locale\" content=\"pt_PT\" \/>\n<meta property=\"og:type\" content=\"article\" \/>\n<meta property=\"og:title\" content=\"Koop Bromonor Diazepam online - Bromonor Diazepam te koop | RC Kopen\" \/>\n<meta property=\"og:description\" content=\"U kunt Bromonordiazepam te koop krijgen in onze winkel en het zonder problemen bij u thuis krijgen. Wij helpen u broomordiazepam online te kopen. Bestel nu!\" \/>\n<meta property=\"og:url\" content=\"https:\/\/rckopen.com\/pt\/produto\/bromonordiazepam\/\" \/>\n<meta property=\"og:site_name\" content=\"RC Kopen\" \/>\n<meta property=\"article:modified_time\" content=\"2025-02-03T05:49:16+00:00\" \/>\n<meta property=\"og:image\" content=\"https:\/\/rckopen.com\/wp-content\/uploads\/2023\/08\/Bromazolam.jpg\" \/>\n\t<meta property=\"og:image:width\" content=\"600\" \/>\n\t<meta property=\"og:image:height\" content=\"600\" \/>\n\t<meta property=\"og:image:type\" content=\"image\/jpeg\" \/>\n<meta name=\"twitter:card\" content=\"summary_large_image\" \/>\n<meta name=\"twitter:label1\" content=\"Tempo estimado de leitura\" \/>\n\t<meta name=\"twitter:data1\" content=\"4 minutos\" \/>\n<script type=\"application\/ld+json\" class=\"yoast-schema-graph\">{\"@context\":\"https:\/\/schema.org\",\"@graph\":[{\"@type\":\"WebPage\",\"@id\":\"https:\/\/rckopen.com\/product\/bromonordiazepam\/\",\"url\":\"https:\/\/rckopen.com\/product\/bromonordiazepam\/\",\"name\":\"Koop Bromonor Diazepam online - Bromonor Diazepam te koop | RC Kopen\",\"isPartOf\":{\"@id\":\"https:\/\/rckopen.com\/#website\"},\"primaryImageOfPage\":{\"@id\":\"https:\/\/rckopen.com\/product\/bromonordiazepam\/#primaryimage\"},\"image\":{\"@id\":\"https:\/\/rckopen.com\/product\/bromonordiazepam\/#primaryimage\"},\"thumbnailUrl\":\"https:\/\/rckopen.com\/wp-content\/uploads\/2023\/08\/Bromazolam.jpg\",\"datePublished\":\"2023-08-14T10:37:18+00:00\",\"dateModified\":\"2025-02-03T05:49:16+00:00\",\"description\":\"U kunt Bromonordiazepam te koop krijgen in onze winkel en het zonder problemen bij u thuis krijgen. Wij helpen u broomordiazepam online te kopen. Bestel nu!\",\"breadcrumb\":{\"@id\":\"https:\/\/rckopen.com\/product\/bromonordiazepam\/#breadcrumb\"},\"inLanguage\":\"pt-PT\",\"potentialAction\":[{\"@type\":\"ReadAction\",\"target\":[\"https:\/\/rckopen.com\/product\/bromonordiazepam\/\"]}]},{\"@type\":\"ImageObject\",\"inLanguage\":\"pt-PT\",\"@id\":\"https:\/\/rckopen.com\/product\/bromonordiazepam\/#primaryimage\",\"url\":\"https:\/\/rckopen.com\/wp-content\/uploads\/2023\/08\/Bromazolam.jpg\",\"contentUrl\":\"https:\/\/rckopen.com\/wp-content\/uploads\/2023\/08\/Bromazolam.jpg\",\"width\":600,\"height\":600,\"caption\":\"Bromazolam online kopen\"},{\"@type\":\"BreadcrumbList\",\"@id\":\"https:\/\/rckopen.com\/product\/bromonordiazepam\/#breadcrumb\",\"itemListElement\":[{\"@type\":\"ListItem\",\"position\":1,\"name\":\"Home\",\"item\":\"https:\/\/rckopen.com\/\"},{\"@type\":\"ListItem\",\"position\":2,\"name\":\"Shop\",\"item\":\"https:\/\/rckopen.com\/shop\/\"},{\"@type\":\"ListItem\",\"position\":3,\"name\":\"bromonordiazepam online kopen\"}]},{\"@type\":\"WebSite\",\"@id\":\"https:\/\/rckopen.com\/#website\",\"url\":\"https:\/\/rckopen.com\/\",\"name\":\"RC Kopen\",\"description\":\"Research Chemicals\",\"potentialAction\":[{\"@type\":\"SearchAction\",\"target\":{\"@type\":\"EntryPoint\",\"urlTemplate\":\"https:\/\/rckopen.com\/?s={search_term_string}\"},\"query-input\":{\"@type\":\"PropertyValueSpecification\",\"valueRequired\":true,\"valueName\":\"search_term_string\"}}],\"inLanguage\":\"pt-PT\"}]}<\/script>\n<!-- \/ Yoast SEO plugin. -->","yoast_head_json":{"title":"Koop Bromonor Diazepam online - Bromonor Diazepam te koop | RC Kopen","description":"U kunt Bromonordiazepam te koop krijgen in onze winkel en het zonder problemen bij u thuis krijgen. Wij helpen u broomordiazepam online te kopen. Bestel nu!","robots":{"index":"index","follow":"follow","max-snippet":"max-snippet:-1","max-image-preview":"max-image-preview:large","max-video-preview":"max-video-preview:-1"},"canonical":"https:\/\/rckopen.com\/pt\/produto\/bromonordiazepam\/","og_locale":"pt_PT","og_type":"article","og_title":"Koop Bromonor Diazepam online - Bromonor Diazepam te koop | RC Kopen","og_description":"U kunt Bromonordiazepam te koop krijgen in onze winkel en het zonder problemen bij u thuis krijgen. Wij helpen u broomordiazepam online te kopen. Bestel nu!","og_url":"https:\/\/rckopen.com\/pt\/produto\/bromonordiazepam\/","og_site_name":"RC Kopen","article_modified_time":"2025-02-03T05:49:16+00:00","og_image":[{"width":600,"height":600,"url":"https:\/\/rckopen.com\/wp-content\/uploads\/2023\/08\/Bromazolam.jpg","type":"image\/jpeg"}],"twitter_card":"summary_large_image","twitter_misc":{"Tempo estimado de leitura":"4 minutos"},"schema":{"@context":"https:\/\/schema.org","@graph":[{"@type":"WebPage","@id":"https:\/\/rckopen.com\/product\/bromonordiazepam\/","url":"https:\/\/rckopen.com\/product\/bromonordiazepam\/","name":"Koop Bromonor Diazepam online - Bromonor Diazepam te koop | RC Kopen","isPartOf":{"@id":"https:\/\/rckopen.com\/#website"},"primaryImageOfPage":{"@id":"https:\/\/rckopen.com\/product\/bromonordiazepam\/#primaryimage"},"image":{"@id":"https:\/\/rckopen.com\/product\/bromonordiazepam\/#primaryimage"},"thumbnailUrl":"https:\/\/rckopen.com\/wp-content\/uploads\/2023\/08\/Bromazolam.jpg","datePublished":"2023-08-14T10:37:18+00:00","dateModified":"2025-02-03T05:49:16+00:00","description":"U kunt Bromonordiazepam te koop krijgen in onze winkel en het zonder problemen bij u thuis krijgen. Wij helpen u broomordiazepam online te kopen. Bestel nu!","breadcrumb":{"@id":"https:\/\/rckopen.com\/product\/bromonordiazepam\/#breadcrumb"},"inLanguage":"pt-PT","potentialAction":[{"@type":"ReadAction","target":["https:\/\/rckopen.com\/product\/bromonordiazepam\/"]}]},{"@type":"ImageObject","inLanguage":"pt-PT","@id":"https:\/\/rckopen.com\/product\/bromonordiazepam\/#primaryimage","url":"https:\/\/rckopen.com\/wp-content\/uploads\/2023\/08\/Bromazolam.jpg","contentUrl":"https:\/\/rckopen.com\/wp-content\/uploads\/2023\/08\/Bromazolam.jpg","width":600,"height":600,"caption":"Bromazolam online kopen"},{"@type":"BreadcrumbList","@id":"https:\/\/rckopen.com\/product\/bromonordiazepam\/#breadcrumb","itemListElement":[{"@type":"ListItem","position":1,"name":"Home","item":"https:\/\/rckopen.com\/"},{"@type":"ListItem","position":2,"name":"Shop","item":"https:\/\/rckopen.com\/shop\/"},{"@type":"ListItem","position":3,"name":"bromonordiazepam online kopen"}]},{"@type":"WebSite","@id":"https:\/\/rckopen.com\/#website","url":"https:\/\/rckopen.com\/","name":"RC Kopen","description":"Research Chemicals","potentialAction":[{"@type":"SearchAction","target":{"@type":"EntryPoint","urlTemplate":"https:\/\/rckopen.com\/?s={search_term_string}"},"query-input":{"@type":"PropertyValueSpecification","valueRequired":true,"valueName":"search_term_string"}}],"inLanguage":"pt-PT"}]}},"_links":{"self":[{"href":"https:\/\/rckopen.com\/pt\/wp-json\/wp\/v2\/product\/6335","targetHints":{"allow":["GET"]}}],"collection":[{"href":"https:\/\/rckopen.com\/pt\/wp-json\/wp\/v2\/product"}],"about":[{"href":"https:\/\/rckopen.com\/pt\/wp-json\/wp\/v2\/types\/product"}],"replies":[{"embeddable":true,"href":"https:\/\/rckopen.com\/pt\/wp-json\/wp\/v2\/comments?post=6335"}],"wp:featuredmedia":[{"embeddable":true,"href":"https:\/\/rckopen.com\/pt\/wp-json\/wp\/v2\/media\/6351"}],"wp:attachment":[{"href":"https:\/\/rckopen.com\/pt\/wp-json\/wp\/v2\/media?parent=6335"}],"wp:term":[{"taxonomy":"product_brand","embeddable":true,"href":"https:\/\/rckopen.com\/pt\/wp-json\/wp\/v2\/product_brand?post=6335"},{"taxonomy":"product_cat","embeddable":true,"href":"https:\/\/rckopen.com\/pt\/wp-json\/wp\/v2\/product_cat?post=6335"},{"taxonomy":"product_tag","embeddable":true,"href":"https:\/\/rckopen.com\/pt\/wp-json\/wp\/v2\/product_tag?post=6335"}],"curies":[{"name":"wp","href":"https:\/\/api.w.org\/{rel}","templated":true}]}}