{"id":6338,"date":"2023-08-14T11:16:55","date_gmt":"2023-08-14T11:16:55","guid":{"rendered":"https:\/\/diligentplug.com\/chems\/?post_type=product&#038;p=6338"},"modified":"2025-02-04T05:48:28","modified_gmt":"2025-02-04T05:48:28","slug":"norflurazepam","status":"publish","type":"product","link":"https:\/\/rckopen.com\/pt\/produto\/norflurazepam\/","title":{"rendered":"Compre Norflurazepam online"},"content":{"rendered":"<h2>Algemene informatie over Norflurazepam online kopen<\/h2>\n<p>O N-desalquilflurazepam (tamb\u00e9m designado por norflurazepam) \u00e9 um an\u00e1logo das benzodiazepinas e um metabolito funcional de algumas outras benzodiazepinas, incluindo o flurazepam, o flutoprazepam, o fludiazepam, o midazolam, o flutazolam, o quazepam e o etilflazepato. \u00c9 de a\u00e7\u00e3o prolongada, propenso a acumula\u00e7\u00e3o e n\u00e3o seletivamente ligado a diferentes subtipos do recetor de benzodiazepinas. Foi vendido como um produto qu\u00edmico de investiga\u00e7\u00e3o para criadores a partir de 2016.<\/p>\n<p>O Norflurazepam \u00e9 uma subst\u00e2ncia experimental que faz parte da classe das Benzodiazepinas. O Norflurazepam \u00e9 um medicamento experimental, o que significa que ainda n\u00e3o foi efectuada muita investiga\u00e7\u00e3o sobre esta subst\u00e2ncia.<\/p>\n<h3>Composi\u00e7\u00e3o qu\u00edmica do Norflurazepam<\/h3>\n<p>O nome IUPAC \u00e9 7-cloro-5-(2-fluorofenil)-1,3-di-hidro-1,4-benzodiazepina-2-em. Impureza Flurazepam Aplica\u00e7\u00f5es do composto F relacionadas com a USP. A sua receita at\u00f3mica \u00e9 C15H10ClFN2O. O esquema de cores \u00e9 branco a amarelo p\u00e1lido forte e cont\u00e9m um peso molecular de 288,7. O ponto de fus\u00e3o do Norflurazepam \u00e9 204-206\u02daC.<\/p>\n<h3>Farmacologia Norflurazepam<\/h3>\n<p>O norflurazepam \u00e9 um grupo de depressores do SNC que actua restringindo o neurotransmissor inibit\u00f3rio GABA em v\u00e1rios receptores GABA em todo o SNC. Como t\u00eam uma menor propens\u00e3o para causar depress\u00e3o potencialmente letal do SNC em compara\u00e7\u00e3o com subst\u00e2ncias sint\u00e9ticas anteriores, como os barbit\u00faricos, o Norflurazepam \u00e9 geralmente utilizado na investiga\u00e7\u00e3o da insanidade qu\u00edmica.<\/p>\n<p>Os diferentes Norflurazepam variam na sua taxa de utiliza\u00e7\u00e3o em estruturas farmacologicamente din\u00e2micas. Os compostos sint\u00e9ticos t\u00eam meias-vidas de a\u00e7\u00e3o curta inferiores a 24 horas.<\/p>\n<h3>Comprar Norflurazepam de alta qualidade<\/h3>\n<p>A RC Buy tem muitos anos de experi\u00eancia na ind\u00fastria de design de produtos qu\u00edmicos de investiga\u00e7\u00e3o, o que nos permite garantir a mais elevada qualidade destes produtos qu\u00edmicos de investiga\u00e7\u00e3o. A equipa de investiga\u00e7\u00e3o qu\u00edmica vende Norflurazepam. Os produtos qu\u00edmicos de investiga\u00e7\u00e3o, incluindo o Norflurazepam, cumprem todos os requisitos de seguran\u00e7a. Os produtos qu\u00edmicos de investiga\u00e7\u00e3o s\u00e3o cuidadosamente distribu\u00eddos e armazenados num local fresco e seco.<\/p>\n<p>Todos os produtos s\u00e3o sujeitos a controlos regulares de qualidade, pureza e seguran\u00e7a. Conservar sempre o Norflurazepam \u00e0 temperatura ambiente e fora do alcance das crian\u00e7as e dos animais dom\u00e9sticos. O nosso Norflurazepam n\u00e3o se destina a uso pessoal. Destina-se apenas a fins de investiga\u00e7\u00e3o.<\/p>\n<p>N\u00e3o deve ser misturado com \u00e1lcool ou produtos qu\u00edmicos de investiga\u00e7\u00e3o quando se investiga este produto qu\u00edmico de investiga\u00e7\u00e3o!<\/p>\n<h3>Norflurazepam testado em laborat\u00f3rio com resultados.<\/h3>\n<p>Faz progressos renovados no sentido da satisfa\u00e7\u00e3o global dos seus clientes. V\u00e1rios inqu\u00e9ritos demonstraram que os clientes solicitam tantos dados quanto o esperado antes de comprarem produtos qu\u00edmicos de investiga\u00e7\u00e3o sint\u00e9ticos. Al\u00e9m disso, publicamos todas as consequ\u00eancias laboratoriais de cada produto qu\u00edmico de investiga\u00e7\u00e3o num registo PDF.<\/p>\n<p>O nosso Norflurazepam em p\u00f3 cumpre consistentemente os ingredientes activos e \u00e9 claro para todos verem.<\/p>\n<p>Distribu\u00edmos todas as consequ\u00eancias laboratoriais de cada produto qu\u00edmico de investiga\u00e7\u00e3o num documento PDF. Encomendar Norflurazepam em p\u00f3 com seguran\u00e7a<\/p>\n<p>Os produtos qu\u00edmicos de pesquisa de design da RC SHOP s\u00e3o de excelente qualidade e pre\u00e7o justo. Portanto, quando voc\u00ea solicita seus produtos qu\u00edmicos de pesquisa da TRRC SHOP, garantimos que enviaremos sua solicita\u00e7\u00e3o ao seu laborat\u00f3rio de pesquisa de forma r\u00e1pida e segura, pois as vendas de produtos qu\u00edmicos de pesquisa est\u00e3o sempre dispon\u00edveis na RC SHOP.<\/p>\n<p>Encomendar compostos sint\u00e9ticos de pesquisa com Bitcoin ou transfer\u00eancia banc\u00e1ria \u00e9 f\u00e1cil na RC SHOP. N\u00f3s enviamos produtos qu\u00edmicos de pesquisa no mesmo dia \u00fatil se o pagamento for recebido antes das 3:00 PM CEST. N\u00e3o enviamos itens para pessoas menores de 18 anos!<\/p>\n<h3>O Norflurazepam em p\u00f3 destina-se apenas a fins de investiga\u00e7\u00e3o.<\/h3>\n<p>Expedi\u00e7\u00e3o discreta de produtos qu\u00edmicos para investiga\u00e7\u00e3o.<\/p>\n<p>A RC SHOP embala a sua encomenda de forma segura e protegida para garantir um transporte correto. Al\u00e9m disso, embalamos de forma perfeitamente discreta, e nada \u00e9 mostrado no exterior do que poder\u00e1 estar no interior.<\/p>","protected":false},"excerpt":{"rendered":"<p><strong>Nome IUPAC: <\/strong>7-chloro-5-(2-fluorophenyl)-1,3-dihydro-2H-1,4-benzodiazepin-2-one<\/p>\n<p><strong>CAS # <\/strong>2886-65-9<\/p>\n<p><strong>Apar\u00eancia: <\/strong>p\u00f3<\/p>\n<p><strong>An\u00e1lise NMR: <\/strong>C15H10ClFN2O<\/p>","protected":false},"featured_media":6368,"comment_status":"open","ping_status":"closed","template":"","meta":{"_joinchat":[]},"product_brand":[],"product_cat":[128],"product_tag":[],"class_list":{"0":"post-6338","1":"product","2":"type-product","3":"status-publish","4":"has-post-thumbnail","6":"product_cat-benzodiazepinen","8":"first","9":"instock","10":"shipping-taxable","11":"purchasable","12":"product-type-variable"},"yoast_head":"<!-- This site is optimized with the Yoast SEO plugin v26.3 - https:\/\/yoast.com\/wordpress\/plugins\/seo\/ -->\n<title>Koop Norflurazepam online - Norflurazepam te koop<\/title>\n<meta name=\"description\" content=\"Wij zijn de toonaangevende winkel die norflurazepam te koop aanbiedt. Als u norflurazepam wilt kopen, neem dan onmiddellijk contact met ons op en laat de bestelling bezorgen. Bestel nu!\" \/>\n<meta name=\"robots\" content=\"index, follow, max-snippet:-1, max-image-preview:large, max-video-preview:-1\" \/>\n<link rel=\"canonical\" href=\"https:\/\/rckopen.com\/pt\/produto\/norflurazepam\/\" \/>\n<meta property=\"og:locale\" content=\"pt_PT\" \/>\n<meta property=\"og:type\" content=\"article\" \/>\n<meta property=\"og:title\" content=\"Koop Norflurazepam online - Norflurazepam te koop\" \/>\n<meta property=\"og:description\" content=\"Wij zijn de toonaangevende winkel die norflurazepam te koop aanbiedt. Als u norflurazepam wilt kopen, neem dan onmiddellijk contact met ons op en laat de bestelling bezorgen. Bestel nu!\" \/>\n<meta property=\"og:url\" content=\"https:\/\/rckopen.com\/pt\/produto\/norflurazepam\/\" \/>\n<meta property=\"og:site_name\" content=\"RC Kopen\" \/>\n<meta property=\"article:modified_time\" content=\"2025-02-04T05:48:28+00:00\" \/>\n<meta property=\"og:image\" content=\"https:\/\/rckopen.com\/wp-content\/uploads\/2023\/08\/Norflurazepam.jpg\" \/>\n\t<meta property=\"og:image:width\" content=\"600\" \/>\n\t<meta property=\"og:image:height\" content=\"600\" \/>\n\t<meta property=\"og:image:type\" content=\"image\/jpeg\" \/>\n<meta name=\"twitter:card\" content=\"summary_large_image\" \/>\n<meta name=\"twitter:label1\" content=\"Tempo estimado de leitura\" \/>\n\t<meta name=\"twitter:data1\" content=\"3 minutos\" \/>\n<script type=\"application\/ld+json\" class=\"yoast-schema-graph\">{\"@context\":\"https:\/\/schema.org\",\"@graph\":[{\"@type\":\"WebPage\",\"@id\":\"https:\/\/rckopen.com\/product\/norflurazepam\/\",\"url\":\"https:\/\/rckopen.com\/product\/norflurazepam\/\",\"name\":\"Koop Norflurazepam online - Norflurazepam te koop\",\"isPartOf\":{\"@id\":\"https:\/\/rckopen.com\/#website\"},\"primaryImageOfPage\":{\"@id\":\"https:\/\/rckopen.com\/product\/norflurazepam\/#primaryimage\"},\"image\":{\"@id\":\"https:\/\/rckopen.com\/product\/norflurazepam\/#primaryimage\"},\"thumbnailUrl\":\"https:\/\/rckopen.com\/wp-content\/uploads\/2023\/08\/Norflurazepam.jpg\",\"datePublished\":\"2023-08-14T11:16:55+00:00\",\"dateModified\":\"2025-02-04T05:48:28+00:00\",\"description\":\"Wij zijn de toonaangevende winkel die norflurazepam te koop aanbiedt. Als u norflurazepam wilt kopen, neem dan onmiddellijk contact met ons op en laat de bestelling bezorgen. Bestel nu!\",\"breadcrumb\":{\"@id\":\"https:\/\/rckopen.com\/product\/norflurazepam\/#breadcrumb\"},\"inLanguage\":\"pt-PT\",\"potentialAction\":[{\"@type\":\"ReadAction\",\"target\":[\"https:\/\/rckopen.com\/product\/norflurazepam\/\"]}]},{\"@type\":\"ImageObject\",\"inLanguage\":\"pt-PT\",\"@id\":\"https:\/\/rckopen.com\/product\/norflurazepam\/#primaryimage\",\"url\":\"https:\/\/rckopen.com\/wp-content\/uploads\/2023\/08\/Norflurazepam.jpg\",\"contentUrl\":\"https:\/\/rckopen.com\/wp-content\/uploads\/2023\/08\/Norflurazepam.jpg\",\"width\":600,\"height\":600,\"caption\":\"Norflurazepam online kopen\"},{\"@type\":\"BreadcrumbList\",\"@id\":\"https:\/\/rckopen.com\/product\/norflurazepam\/#breadcrumb\",\"itemListElement\":[{\"@type\":\"ListItem\",\"position\":1,\"name\":\"Home\",\"item\":\"https:\/\/rckopen.com\/\"},{\"@type\":\"ListItem\",\"position\":2,\"name\":\"Shop\",\"item\":\"https:\/\/rckopen.com\/shop\/\"},{\"@type\":\"ListItem\",\"position\":3,\"name\":\"Norflurazepam online kopen\"}]},{\"@type\":\"WebSite\",\"@id\":\"https:\/\/rckopen.com\/#website\",\"url\":\"https:\/\/rckopen.com\/\",\"name\":\"RC Kopen\",\"description\":\"Research Chemicals\",\"potentialAction\":[{\"@type\":\"SearchAction\",\"target\":{\"@type\":\"EntryPoint\",\"urlTemplate\":\"https:\/\/rckopen.com\/?s={search_term_string}\"},\"query-input\":{\"@type\":\"PropertyValueSpecification\",\"valueRequired\":true,\"valueName\":\"search_term_string\"}}],\"inLanguage\":\"pt-PT\"}]}<\/script>\n<!-- \/ Yoast SEO plugin. -->","yoast_head_json":{"title":"Koop Norflurazepam online - Norflurazepam te koop","description":"Wij zijn de toonaangevende winkel die norflurazepam te koop aanbiedt. Als u norflurazepam wilt kopen, neem dan onmiddellijk contact met ons op en laat de bestelling bezorgen. Bestel nu!","robots":{"index":"index","follow":"follow","max-snippet":"max-snippet:-1","max-image-preview":"max-image-preview:large","max-video-preview":"max-video-preview:-1"},"canonical":"https:\/\/rckopen.com\/pt\/produto\/norflurazepam\/","og_locale":"pt_PT","og_type":"article","og_title":"Koop Norflurazepam online - Norflurazepam te koop","og_description":"Wij zijn de toonaangevende winkel die norflurazepam te koop aanbiedt. Als u norflurazepam wilt kopen, neem dan onmiddellijk contact met ons op en laat de bestelling bezorgen. Bestel nu!","og_url":"https:\/\/rckopen.com\/pt\/produto\/norflurazepam\/","og_site_name":"RC Kopen","article_modified_time":"2025-02-04T05:48:28+00:00","og_image":[{"width":600,"height":600,"url":"https:\/\/rckopen.com\/wp-content\/uploads\/2023\/08\/Norflurazepam.jpg","type":"image\/jpeg"}],"twitter_card":"summary_large_image","twitter_misc":{"Tempo estimado de leitura":"3 minutos"},"schema":{"@context":"https:\/\/schema.org","@graph":[{"@type":"WebPage","@id":"https:\/\/rckopen.com\/product\/norflurazepam\/","url":"https:\/\/rckopen.com\/product\/norflurazepam\/","name":"Koop Norflurazepam online - Norflurazepam te koop","isPartOf":{"@id":"https:\/\/rckopen.com\/#website"},"primaryImageOfPage":{"@id":"https:\/\/rckopen.com\/product\/norflurazepam\/#primaryimage"},"image":{"@id":"https:\/\/rckopen.com\/product\/norflurazepam\/#primaryimage"},"thumbnailUrl":"https:\/\/rckopen.com\/wp-content\/uploads\/2023\/08\/Norflurazepam.jpg","datePublished":"2023-08-14T11:16:55+00:00","dateModified":"2025-02-04T05:48:28+00:00","description":"Wij zijn de toonaangevende winkel die norflurazepam te koop aanbiedt. Als u norflurazepam wilt kopen, neem dan onmiddellijk contact met ons op en laat de bestelling bezorgen. Bestel nu!","breadcrumb":{"@id":"https:\/\/rckopen.com\/product\/norflurazepam\/#breadcrumb"},"inLanguage":"pt-PT","potentialAction":[{"@type":"ReadAction","target":["https:\/\/rckopen.com\/product\/norflurazepam\/"]}]},{"@type":"ImageObject","inLanguage":"pt-PT","@id":"https:\/\/rckopen.com\/product\/norflurazepam\/#primaryimage","url":"https:\/\/rckopen.com\/wp-content\/uploads\/2023\/08\/Norflurazepam.jpg","contentUrl":"https:\/\/rckopen.com\/wp-content\/uploads\/2023\/08\/Norflurazepam.jpg","width":600,"height":600,"caption":"Norflurazepam online kopen"},{"@type":"BreadcrumbList","@id":"https:\/\/rckopen.com\/product\/norflurazepam\/#breadcrumb","itemListElement":[{"@type":"ListItem","position":1,"name":"Home","item":"https:\/\/rckopen.com\/"},{"@type":"ListItem","position":2,"name":"Shop","item":"https:\/\/rckopen.com\/shop\/"},{"@type":"ListItem","position":3,"name":"Norflurazepam online kopen"}]},{"@type":"WebSite","@id":"https:\/\/rckopen.com\/#website","url":"https:\/\/rckopen.com\/","name":"RC Kopen","description":"Research Chemicals","potentialAction":[{"@type":"SearchAction","target":{"@type":"EntryPoint","urlTemplate":"https:\/\/rckopen.com\/?s={search_term_string}"},"query-input":{"@type":"PropertyValueSpecification","valueRequired":true,"valueName":"search_term_string"}}],"inLanguage":"pt-PT"}]}},"_links":{"self":[{"href":"https:\/\/rckopen.com\/pt\/wp-json\/wp\/v2\/product\/6338","targetHints":{"allow":["GET"]}}],"collection":[{"href":"https:\/\/rckopen.com\/pt\/wp-json\/wp\/v2\/product"}],"about":[{"href":"https:\/\/rckopen.com\/pt\/wp-json\/wp\/v2\/types\/product"}],"replies":[{"embeddable":true,"href":"https:\/\/rckopen.com\/pt\/wp-json\/wp\/v2\/comments?post=6338"}],"wp:featuredmedia":[{"embeddable":true,"href":"https:\/\/rckopen.com\/pt\/wp-json\/wp\/v2\/media\/6368"}],"wp:attachment":[{"href":"https:\/\/rckopen.com\/pt\/wp-json\/wp\/v2\/media?parent=6338"}],"wp:term":[{"taxonomy":"product_brand","embeddable":true,"href":"https:\/\/rckopen.com\/pt\/wp-json\/wp\/v2\/product_brand?post=6338"},{"taxonomy":"product_cat","embeddable":true,"href":"https:\/\/rckopen.com\/pt\/wp-json\/wp\/v2\/product_cat?post=6338"},{"taxonomy":"product_tag","embeddable":true,"href":"https:\/\/rckopen.com\/pt\/wp-json\/wp\/v2\/product_tag?post=6338"}],"curies":[{"name":"wp","href":"https:\/\/api.w.org\/{rel}","templated":true}]}}