{"id":6341,"date":"2023-08-14T12:59:45","date_gmt":"2023-08-14T12:59:45","guid":{"rendered":"https:\/\/diligentplug.com\/chems\/?post_type=product&#038;p=6341"},"modified":"2025-02-03T05:45:25","modified_gmt":"2025-02-03T05:45:25","slug":"bromazolam","status":"publish","type":"product","link":"https:\/\/rckopen.com\/pt\/produto\/bromazolam\/","title":{"rendered":"Comprar Bromazolam Online"},"content":{"rendered":"<h2>Informa\u00e7\u00f5es gerais sobre o Bromazolam<\/h2>\n<p><a href=\"https:\/\/rckopen.com\/pt\/produto\/bromazolam\/\">Bromazolam<\/a> \u00e9 um derivado de benzodiazep\u00ednico que \u00e9 estruturalmente semelhante a outros benzodiazep\u00ednicos, como Adinazolam, Clonazolam, Descloroetizolam e Diclazepam.<\/p>\n<p><a href=\"https:\/\/en.wikipedia.org\/wiki\/Bromazolam\">Bromazolam<\/a> n\u00e3o \u00e9 aprovado para uso m\u00e9dico e \u00e9 considerado um produto qu\u00edmico experimental. \u00c9 vendido principalmente on-line como um produto qu\u00edmico de pesquisa.<\/p>\n<p>A subst\u00e2ncia qu\u00edmica encontra-se normalmente em comprimidos ou em p\u00f3 de bromazolam e a sua utiliza\u00e7\u00e3o varia consoante a sua forma e pureza.<\/p>\n<h3>Composi\u00e7\u00e3o qu\u00edmica do bromazolam<\/h3>\n<p>A denomina\u00e7\u00e3o qu\u00edmica do bromazolam \u00e9 8-bromo-6-(2-fluorofenil)-1-metil-4H-[1,2,4]triazolo[4,3-a][1,4]benzodiazepina. A f\u00f3rmula molecular \u00e9 (C17H13BrN4) e a massa molecular \u00e9 370,2 g\/mol.<\/p>\n<p>O bromazolam \u00e9 uma triazolobenzodiazepina, o que significa que tem um anel de benzeno fundido com um anel de triazol e um anel de diazepina. Cont\u00e9m tamb\u00e9m um \u00e1tomo de bromo nas posi\u00e7\u00f5es 8, um grupo metilo na posi\u00e7\u00e3o 1 e um \u00e1tomo de fl\u00faor nas posi\u00e7\u00f5es 2 do anel fen\u00edlico.<\/p>\n<p>A estrutura qu\u00edmica do bromazolam \u00e9 semelhante \u00e0 de outras benzodiazepinas, como o Adinazolam, o Clonazolam, o Descloroetizolam e o Diclazepam, mas o anel triaz\u00f3lico confere-lhe propriedades farmacol\u00f3gicas \u00fanicas. Estas propriedades contribuem para a sua elevada pot\u00eancia e a\u00e7\u00e3o r\u00e1pida em compara\u00e7\u00e3o com outras benzodiazepinas.<\/p>\n<h3>Compre Bromazolam online de alta qualidade<\/h3>\n<p><a href=\"https:\/\/rckopen.com\/pt\/\">rckopen.com<\/a> tem muitos anos de experi\u00eancia no setor de design de produtos qu\u00edmicos para pesquisa, o que nos permite garantir a mais alta qualidade desses produtos qu\u00edmicos para pesquisa. Comprar Bromazolam \u00e9 f\u00e1cil e de alta qualidade. O custo do Bromazolam \u00e9 relativamente baixo em compara\u00e7\u00e3o com outras empresas. Produtos qu\u00edmicos de pesquisa, incluindo o bromazolam, atendem a todos os requisitos de seguran\u00e7a. Os produtos qu\u00edmicos de pesquisa s\u00e3o cuidadosamente distribu\u00eddos e armazenados em local fresco e seco.<\/p>\n<p>Todos os produtos s\u00e3o sujeitos a controlos regulares de qualidade, pureza e seguran\u00e7a. Conservar sempre o Bromazolam \u00e0 temperatura ambiente e fora do alcance das crian\u00e7as e dos animais dom\u00e9sticos. O nosso Bromazolam n\u00e3o se destina a uso pessoal. Os nossos produtos t\u00eam um pre\u00e7o justo e pode comprar Bromazolam online a pre\u00e7os muito baixos.<\/p>\n<h3>Bromazolam testado em laborat\u00f3rio com resultados.<\/h3>\n<p>Faz progressos renovados no sentido da satisfa\u00e7\u00e3o global dos seus clientes. V\u00e1rios inqu\u00e9ritos demonstraram que os clientes solicitam tantos dados quanto o esperado antes de comprarem produtos qu\u00edmicos de investiga\u00e7\u00e3o sint\u00e9ticos. Al\u00e9m disso, publicamos todas as consequ\u00eancias laboratoriais de cada produto qu\u00edmico de investiga\u00e7\u00e3o num registo PDF.<\/p>\n<p>O nosso p\u00f3 de Bromazolam est\u00e1 sempre em conformidade com os ingredientes activos e \u00e9 vis\u00edvel para todos. Distribu\u00edmos todas as sequ\u00eancias laboratoriais de cada produto qu\u00edmico de investiga\u00e7\u00e3o num documento PDF.<\/p>\n<h3>Encomenda segura na Bromazolam.<\/h3>\n<p>Os produtos qu\u00edmicos de investiga\u00e7\u00e3o da RC Kopen s\u00e3o de excelente qualidade e t\u00eam um pre\u00e7o justo. Por conseguinte, garantimos que, quando solicitar os seus produtos qu\u00edmicos de investiga\u00e7\u00e3o \u00e0 RC Kopen, entregaremos o seu pedido em sua casa de forma r\u00e1pida e segura, uma vez que as vendas de produtos qu\u00edmicos de investiga\u00e7\u00e3o est\u00e3o sempre dispon\u00edveis na RC Kopen.<\/p>\n<p>Solicitar compostos de investiga\u00e7\u00e3o sint\u00e9ticos com Bitcoin ou transfer\u00eancia banc\u00e1ria \u00e9 f\u00e1cil na RC Kopen.<\/p>\n<p>N\u00e3o fornecemos artigos a pessoas com menos de 18 anos de idade. A venda de produtos qu\u00edmicos para investiga\u00e7\u00e3o destina-se apenas a fins de investiga\u00e7\u00e3o<\/p>\n<h3>Expedi\u00e7\u00e3o discreta de produtos qu\u00edmicos para investiga\u00e7\u00e3o.<\/h3>\n<p>A RC Kopen embala a sua encomenda de forma segura e protegida para garantir um transporte correto. Al\u00e9m disso, embalamos de forma perfeitamente discreta, e nada \u00e9 mostrado no exterior do que poder\u00e1 estar no interior.<\/p>","protected":false},"excerpt":{"rendered":"<p><strong>Nome IUPAC: <\/strong>8-bromo-1-methyl-6-phenyl-4H-benzo[f][1,2,4]triazolo[4,3-a][1,4]diazepine<\/p>\n<p><strong>CAS # <\/strong>71368-80-4<\/p>\n<p><strong>Apar\u00eancia: <\/strong>p\u00f3<\/p>\n<p><strong>An\u00e1lise NMR: <\/strong>C17H13BrN4<\/p>","protected":false},"featured_media":6351,"comment_status":"open","ping_status":"closed","template":"","meta":{"_joinchat":[]},"product_brand":[],"product_cat":[128],"product_tag":[],"class_list":{"0":"post-6341","1":"product","2":"type-product","3":"status-publish","4":"has-post-thumbnail","6":"product_cat-benzodiazepinen","8":"first","9":"instock","10":"shipping-taxable","11":"purchasable","12":"product-type-variable"},"yoast_head":"<!-- This site is optimized with the Yoast SEO plugin v26.3 - https:\/\/yoast.com\/wordpress\/plugins\/seo\/ -->\n<title>Koop Bromazolam online - Bromazolam te koop | RC Kopen<\/title>\n<meta name=\"description\" content=\"U kunt contact opnemen met onze online winkel en Bromazolam online kopen. We hebben Bromazolam te koop tegen goedkope prijzen. Haal de jouwe meteen bij jou thuis!\" \/>\n<meta name=\"robots\" content=\"index, follow, max-snippet:-1, max-image-preview:large, max-video-preview:-1\" \/>\n<link rel=\"canonical\" href=\"https:\/\/rckopen.com\/pt\/produto\/bromazolam\/\" \/>\n<meta property=\"og:locale\" content=\"pt_PT\" \/>\n<meta property=\"og:type\" content=\"article\" \/>\n<meta property=\"og:title\" content=\"Koop Bromazolam online - Bromazolam te koop | RC Kopen\" \/>\n<meta property=\"og:description\" content=\"U kunt contact opnemen met onze online winkel en Bromazolam online kopen. We hebben Bromazolam te koop tegen goedkope prijzen. Haal de jouwe meteen bij jou thuis!\" \/>\n<meta property=\"og:url\" content=\"https:\/\/rckopen.com\/pt\/produto\/bromazolam\/\" \/>\n<meta property=\"og:site_name\" content=\"RC Kopen\" \/>\n<meta property=\"article:modified_time\" content=\"2025-02-03T05:45:25+00:00\" \/>\n<meta property=\"og:image\" content=\"https:\/\/rckopen.com\/wp-content\/uploads\/2023\/08\/Bromazolam.jpg\" \/>\n\t<meta property=\"og:image:width\" content=\"600\" \/>\n\t<meta property=\"og:image:height\" content=\"600\" \/>\n\t<meta property=\"og:image:type\" content=\"image\/jpeg\" \/>\n<meta name=\"twitter:card\" content=\"summary_large_image\" \/>\n<meta name=\"twitter:label1\" content=\"Tempo estimado de leitura\" \/>\n\t<meta name=\"twitter:data1\" content=\"3 minutos\" \/>\n<script type=\"application\/ld+json\" class=\"yoast-schema-graph\">{\"@context\":\"https:\/\/schema.org\",\"@graph\":[{\"@type\":\"WebPage\",\"@id\":\"https:\/\/rckopen.com\/product\/bromazolam\/\",\"url\":\"https:\/\/rckopen.com\/product\/bromazolam\/\",\"name\":\"Koop Bromazolam online - Bromazolam te koop | RC Kopen\",\"isPartOf\":{\"@id\":\"https:\/\/rckopen.com\/#website\"},\"primaryImageOfPage\":{\"@id\":\"https:\/\/rckopen.com\/product\/bromazolam\/#primaryimage\"},\"image\":{\"@id\":\"https:\/\/rckopen.com\/product\/bromazolam\/#primaryimage\"},\"thumbnailUrl\":\"https:\/\/rckopen.com\/wp-content\/uploads\/2023\/08\/Bromazolam.jpg\",\"datePublished\":\"2023-08-14T12:59:45+00:00\",\"dateModified\":\"2025-02-03T05:45:25+00:00\",\"description\":\"U kunt contact opnemen met onze online winkel en Bromazolam online kopen. We hebben Bromazolam te koop tegen goedkope prijzen. Haal de jouwe meteen bij jou thuis!\",\"breadcrumb\":{\"@id\":\"https:\/\/rckopen.com\/product\/bromazolam\/#breadcrumb\"},\"inLanguage\":\"pt-PT\",\"potentialAction\":[{\"@type\":\"ReadAction\",\"target\":[\"https:\/\/rckopen.com\/product\/bromazolam\/\"]}]},{\"@type\":\"ImageObject\",\"inLanguage\":\"pt-PT\",\"@id\":\"https:\/\/rckopen.com\/product\/bromazolam\/#primaryimage\",\"url\":\"https:\/\/rckopen.com\/wp-content\/uploads\/2023\/08\/Bromazolam.jpg\",\"contentUrl\":\"https:\/\/rckopen.com\/wp-content\/uploads\/2023\/08\/Bromazolam.jpg\",\"width\":600,\"height\":600,\"caption\":\"Bromazolam online kopen\"},{\"@type\":\"BreadcrumbList\",\"@id\":\"https:\/\/rckopen.com\/product\/bromazolam\/#breadcrumb\",\"itemListElement\":[{\"@type\":\"ListItem\",\"position\":1,\"name\":\"Home\",\"item\":\"https:\/\/rckopen.com\/\"},{\"@type\":\"ListItem\",\"position\":2,\"name\":\"Shop\",\"item\":\"https:\/\/rckopen.com\/shop\/\"},{\"@type\":\"ListItem\",\"position\":3,\"name\":\"Bromazolam online kopen\"}]},{\"@type\":\"WebSite\",\"@id\":\"https:\/\/rckopen.com\/#website\",\"url\":\"https:\/\/rckopen.com\/\",\"name\":\"RC Kopen\",\"description\":\"Research Chemicals\",\"potentialAction\":[{\"@type\":\"SearchAction\",\"target\":{\"@type\":\"EntryPoint\",\"urlTemplate\":\"https:\/\/rckopen.com\/?s={search_term_string}\"},\"query-input\":{\"@type\":\"PropertyValueSpecification\",\"valueRequired\":true,\"valueName\":\"search_term_string\"}}],\"inLanguage\":\"pt-PT\"}]}<\/script>\n<!-- \/ Yoast SEO plugin. -->","yoast_head_json":{"title":"Koop Bromazolam online - Bromazolam te koop | RC Kopen","description":"U kunt contact opnemen met onze online winkel en Bromazolam online kopen. We hebben Bromazolam te koop tegen goedkope prijzen. Haal de jouwe meteen bij jou thuis!","robots":{"index":"index","follow":"follow","max-snippet":"max-snippet:-1","max-image-preview":"max-image-preview:large","max-video-preview":"max-video-preview:-1"},"canonical":"https:\/\/rckopen.com\/pt\/produto\/bromazolam\/","og_locale":"pt_PT","og_type":"article","og_title":"Koop Bromazolam online - Bromazolam te koop | RC Kopen","og_description":"U kunt contact opnemen met onze online winkel en Bromazolam online kopen. We hebben Bromazolam te koop tegen goedkope prijzen. Haal de jouwe meteen bij jou thuis!","og_url":"https:\/\/rckopen.com\/pt\/produto\/bromazolam\/","og_site_name":"RC Kopen","article_modified_time":"2025-02-03T05:45:25+00:00","og_image":[{"width":600,"height":600,"url":"https:\/\/rckopen.com\/wp-content\/uploads\/2023\/08\/Bromazolam.jpg","type":"image\/jpeg"}],"twitter_card":"summary_large_image","twitter_misc":{"Tempo estimado de leitura":"3 minutos"},"schema":{"@context":"https:\/\/schema.org","@graph":[{"@type":"WebPage","@id":"https:\/\/rckopen.com\/product\/bromazolam\/","url":"https:\/\/rckopen.com\/product\/bromazolam\/","name":"Koop Bromazolam online - Bromazolam te koop | RC Kopen","isPartOf":{"@id":"https:\/\/rckopen.com\/#website"},"primaryImageOfPage":{"@id":"https:\/\/rckopen.com\/product\/bromazolam\/#primaryimage"},"image":{"@id":"https:\/\/rckopen.com\/product\/bromazolam\/#primaryimage"},"thumbnailUrl":"https:\/\/rckopen.com\/wp-content\/uploads\/2023\/08\/Bromazolam.jpg","datePublished":"2023-08-14T12:59:45+00:00","dateModified":"2025-02-03T05:45:25+00:00","description":"U kunt contact opnemen met onze online winkel en Bromazolam online kopen. We hebben Bromazolam te koop tegen goedkope prijzen. Haal de jouwe meteen bij jou thuis!","breadcrumb":{"@id":"https:\/\/rckopen.com\/product\/bromazolam\/#breadcrumb"},"inLanguage":"pt-PT","potentialAction":[{"@type":"ReadAction","target":["https:\/\/rckopen.com\/product\/bromazolam\/"]}]},{"@type":"ImageObject","inLanguage":"pt-PT","@id":"https:\/\/rckopen.com\/product\/bromazolam\/#primaryimage","url":"https:\/\/rckopen.com\/wp-content\/uploads\/2023\/08\/Bromazolam.jpg","contentUrl":"https:\/\/rckopen.com\/wp-content\/uploads\/2023\/08\/Bromazolam.jpg","width":600,"height":600,"caption":"Bromazolam online kopen"},{"@type":"BreadcrumbList","@id":"https:\/\/rckopen.com\/product\/bromazolam\/#breadcrumb","itemListElement":[{"@type":"ListItem","position":1,"name":"Home","item":"https:\/\/rckopen.com\/"},{"@type":"ListItem","position":2,"name":"Shop","item":"https:\/\/rckopen.com\/shop\/"},{"@type":"ListItem","position":3,"name":"Bromazolam online kopen"}]},{"@type":"WebSite","@id":"https:\/\/rckopen.com\/#website","url":"https:\/\/rckopen.com\/","name":"RC Kopen","description":"Research Chemicals","potentialAction":[{"@type":"SearchAction","target":{"@type":"EntryPoint","urlTemplate":"https:\/\/rckopen.com\/?s={search_term_string}"},"query-input":{"@type":"PropertyValueSpecification","valueRequired":true,"valueName":"search_term_string"}}],"inLanguage":"pt-PT"}]}},"_links":{"self":[{"href":"https:\/\/rckopen.com\/pt\/wp-json\/wp\/v2\/product\/6341","targetHints":{"allow":["GET"]}}],"collection":[{"href":"https:\/\/rckopen.com\/pt\/wp-json\/wp\/v2\/product"}],"about":[{"href":"https:\/\/rckopen.com\/pt\/wp-json\/wp\/v2\/types\/product"}],"replies":[{"embeddable":true,"href":"https:\/\/rckopen.com\/pt\/wp-json\/wp\/v2\/comments?post=6341"}],"wp:featuredmedia":[{"embeddable":true,"href":"https:\/\/rckopen.com\/pt\/wp-json\/wp\/v2\/media\/6351"}],"wp:attachment":[{"href":"https:\/\/rckopen.com\/pt\/wp-json\/wp\/v2\/media?parent=6341"}],"wp:term":[{"taxonomy":"product_brand","embeddable":true,"href":"https:\/\/rckopen.com\/pt\/wp-json\/wp\/v2\/product_brand?post=6341"},{"taxonomy":"product_cat","embeddable":true,"href":"https:\/\/rckopen.com\/pt\/wp-json\/wp\/v2\/product_cat?post=6341"},{"taxonomy":"product_tag","embeddable":true,"href":"https:\/\/rckopen.com\/pt\/wp-json\/wp\/v2\/product_tag?post=6341"}],"curies":[{"name":"wp","href":"https:\/\/api.w.org\/{rel}","templated":true}]}}