{"id":6374,"date":"2023-08-14T13:18:43","date_gmt":"2023-08-14T13:18:43","guid":{"rendered":"https:\/\/diligentplug.com\/chems\/?post_type=product&#038;p=6374"},"modified":"2025-02-06T05:34:17","modified_gmt":"2025-02-06T05:34:17","slug":"fluclotizolam-blotters-1mg","status":"publish","type":"product","link":"https:\/\/rckopen.com\/pt\/produto\/fluclotizolam-blotters-1mg\/","title":{"rendered":"Compre fluclotizolam blotters 1mg online"},"content":{"rendered":"<h2>Compre fluclotizolam blotters 1mg online<\/h2>\n<p>Como um novo benzodiazep\u00ednico, <a href=\"https:\/\/rckopen.com\/pt\/produto\/fluclotizolam-blotters-1mg\/\">fluclotizolam<\/a> blotters 1mg deprime o sistema nervoso central. \u00c9 considerado um derivado do medicamento bem conhecido da mesma classe, etizolam. Em outros pa\u00edses, etizolam \u00e9 usado principalmente como um medicamento anti-ansiedade prescrito. Apesar de ter tr\u00eas vezes a pot\u00eancia do etizolam, os efeitos do fluclotizolam blotters 1mg duram apenas metade do tempo, geralmente at\u00e9 seis horas. Sua forma pura \u00e9 um p\u00f3 branco simples que normalmente \u00e9 vendido como uma pequena p\u00edlula ou comprimido ou como papel mata-borr\u00e3o. Quase tem a apar\u00eancia de farinha. Tamb\u00e9m foi consumido na forma l\u00edquida.<\/p>\n<h3>fluclotizolam blotters 1mg Efeitos<\/h3>\n<p>No momento certo, a \u00fanica evid\u00eancia cient\u00edfica ou aned\u00f3tica que temos \u00e9 de testes e apreens\u00f5es de ag\u00eancias de aplica\u00e7\u00e3o da lei de drogas. Sabemos que \u00e9 algum tipo de relaxante benzodiazep\u00ednico que deixa as pessoas sonolentas. Al\u00e9m disso, ao contr\u00e1rio de outros benzodiazep\u00ednicos e tienodiazep\u00ednicos, n\u00e3o \u00e9 um ansiol\u00edtico leve. Um depressor do sistema neurol\u00f3gico, o fluclotizolam pode resultar em \"apag\u00f5es\". Alguns usu\u00e1rios reclamaram de m\u00e1 coordena\u00e7\u00e3o, fala arrastada, tempos de rea\u00e7\u00e3o lentos e perda de controle muscular. O fluclotizolam geralmente resulta em julgamento ruim e at\u00e9 mesmo amn\u00e9sia, enquanto deixa alguns usu\u00e1rios menos inibidos. A dosagem usual do medicamento, que tem efeitos hipn\u00f3ticos, \u00e9 de 0,5 mg em papel mata-borr\u00e3o embebido em l\u00edquido. <a href=\"https:\/\/rckopen.com\/pt\/\">RCkopen<\/a><\/p>\n<h3>Fluclotizolam passado<\/h3>\n<p>A Hoffmann La Roche, Inc. sintetizou os blotters de fluclotizolam 1 mg pela primeira vez em 1979, e mais tarde foi patenteado. O medicamento foi inicialmente oferecido para venda em mercados il\u00edcitos em 2017 como um leg\u00edtimo \"qu\u00edmico de pesquisa\". Mais tarde no ano, as primeiras apreens\u00f5es policiais ocorreram na Su\u00e9cia e na Dinamarca; as subst\u00e2ncias foram descritas como pequenos comprimidos verdes e papel mata-borr\u00e3o. Nos EUA, em certos estados, \u00e9 atualmente legal porque n\u00e3o est\u00e1 programado. Apenas algumas na\u00e7\u00f5es tornaram os blotters de fluclotizolam 1 mg ilegais, embora ainda seja uma nova droga psicoativa (NPS) reconhecida.<\/p>","protected":false},"excerpt":{"rendered":"<p><strong>Nome IUPAC: <\/strong>2-chloro-4-(2-fluorophenyl)-9-methyl-6H-thieno[3,2-f][1,2,4]triazolo[4,3-a][1,4]diazepine<\/p>\n<p><strong>CAS # <\/strong>54123-15-8<\/p>\n<p><strong>Forma: <\/strong>mata-borr\u00e3o<\/p>\n<p><strong>An\u00e1lise NMR: <\/strong>C15H10ClFN4S<\/p>","protected":false},"featured_media":6380,"comment_status":"open","ping_status":"closed","template":"","meta":{"_joinchat":[]},"product_brand":[],"product_cat":[130],"product_tag":[],"class_list":{"0":"post-6374","1":"product","2":"type-product","3":"status-publish","4":"has-post-thumbnail","6":"product_cat-blotters","8":"first","9":"instock","10":"shipping-taxable","11":"purchasable","12":"product-type-variable"},"yoast_head":"<!-- This site is optimized with the Yoast SEO plugin v26.3 - https:\/\/yoast.com\/wordpress\/plugins\/seo\/ -->\n<title>Fluclotizolam-blotters 1 mg online kopen | RCkopen<\/title>\n<meta name=\"description\" content=\"U kunt Flubrotizolam Blotters 1mg online kopen tegen de beste prijzen via onze online Rc kopen. We hebben goedkope en hoogwaardige Flubrotizolam-blotters 1 mg te koop en bieden wereldwijde levering. U kunt overal en altijd bestellen.\" \/>\n<meta name=\"robots\" content=\"index, follow, max-snippet:-1, max-image-preview:large, max-video-preview:-1\" \/>\n<link rel=\"canonical\" href=\"https:\/\/rckopen.com\/pt\/produto\/fluclotizolam-blotters-1mg\/\" \/>\n<meta property=\"og:locale\" content=\"pt_PT\" \/>\n<meta property=\"og:type\" content=\"article\" \/>\n<meta property=\"og:title\" content=\"Fluclotizolam-blotters 1 mg online kopen | RCkopen\" \/>\n<meta property=\"og:description\" content=\"U kunt Flubrotizolam Blotters 1mg online kopen tegen de beste prijzen via onze online Rc kopen. We hebben goedkope en hoogwaardige Flubrotizolam-blotters 1 mg te koop en bieden wereldwijde levering. U kunt overal en altijd bestellen.\" \/>\n<meta property=\"og:url\" content=\"https:\/\/rckopen.com\/pt\/produto\/fluclotizolam-blotters-1mg\/\" \/>\n<meta property=\"og:site_name\" content=\"RC Kopen\" \/>\n<meta property=\"article:modified_time\" content=\"2025-02-06T05:34:17+00:00\" \/>\n<meta property=\"og:image\" content=\"https:\/\/rckopen.com\/wp-content\/uploads\/2023\/08\/fluclotizolam-blotters-1mg.jpg\" \/>\n\t<meta property=\"og:image:width\" content=\"600\" \/>\n\t<meta property=\"og:image:height\" content=\"600\" \/>\n\t<meta property=\"og:image:type\" content=\"image\/jpeg\" \/>\n<meta name=\"twitter:card\" content=\"summary_large_image\" \/>\n<meta name=\"twitter:label1\" content=\"Tempo estimado de leitura\" \/>\n\t<meta name=\"twitter:data1\" content=\"2 minutos\" \/>\n<script type=\"application\/ld+json\" class=\"yoast-schema-graph\">{\"@context\":\"https:\/\/schema.org\",\"@graph\":[{\"@type\":\"WebPage\",\"@id\":\"https:\/\/rckopen.com\/product\/fluclotizolam-blotters-1mg\/\",\"url\":\"https:\/\/rckopen.com\/product\/fluclotizolam-blotters-1mg\/\",\"name\":\"Fluclotizolam-blotters 1 mg online kopen | RCkopen\",\"isPartOf\":{\"@id\":\"https:\/\/rckopen.com\/#website\"},\"primaryImageOfPage\":{\"@id\":\"https:\/\/rckopen.com\/product\/fluclotizolam-blotters-1mg\/#primaryimage\"},\"image\":{\"@id\":\"https:\/\/rckopen.com\/product\/fluclotizolam-blotters-1mg\/#primaryimage\"},\"thumbnailUrl\":\"https:\/\/rckopen.com\/wp-content\/uploads\/2023\/08\/fluclotizolam-blotters-1mg.jpg\",\"datePublished\":\"2023-08-14T13:18:43+00:00\",\"dateModified\":\"2025-02-06T05:34:17+00:00\",\"description\":\"U kunt Flubrotizolam Blotters 1mg online kopen tegen de beste prijzen via onze online Rc kopen. We hebben goedkope en hoogwaardige Flubrotizolam-blotters 1 mg te koop en bieden wereldwijde levering. U kunt overal en altijd bestellen.\",\"breadcrumb\":{\"@id\":\"https:\/\/rckopen.com\/product\/fluclotizolam-blotters-1mg\/#breadcrumb\"},\"inLanguage\":\"pt-PT\",\"potentialAction\":[{\"@type\":\"ReadAction\",\"target\":[\"https:\/\/rckopen.com\/product\/fluclotizolam-blotters-1mg\/\"]}]},{\"@type\":\"ImageObject\",\"inLanguage\":\"pt-PT\",\"@id\":\"https:\/\/rckopen.com\/product\/fluclotizolam-blotters-1mg\/#primaryimage\",\"url\":\"https:\/\/rckopen.com\/wp-content\/uploads\/2023\/08\/fluclotizolam-blotters-1mg.jpg\",\"contentUrl\":\"https:\/\/rckopen.com\/wp-content\/uploads\/2023\/08\/fluclotizolam-blotters-1mg.jpg\",\"width\":600,\"height\":600,\"caption\":\"fluclotizolam-blotters-1mg online kopen\"},{\"@type\":\"BreadcrumbList\",\"@id\":\"https:\/\/rckopen.com\/product\/fluclotizolam-blotters-1mg\/#breadcrumb\",\"itemListElement\":[{\"@type\":\"ListItem\",\"position\":1,\"name\":\"Home\",\"item\":\"https:\/\/rckopen.com\/\"},{\"@type\":\"ListItem\",\"position\":2,\"name\":\"Shop\",\"item\":\"https:\/\/rckopen.com\/shop\/\"},{\"@type\":\"ListItem\",\"position\":3,\"name\":\"fluclotizolam blotters 1mg online kopen\"}]},{\"@type\":\"WebSite\",\"@id\":\"https:\/\/rckopen.com\/#website\",\"url\":\"https:\/\/rckopen.com\/\",\"name\":\"RC Kopen\",\"description\":\"Research Chemicals\",\"potentialAction\":[{\"@type\":\"SearchAction\",\"target\":{\"@type\":\"EntryPoint\",\"urlTemplate\":\"https:\/\/rckopen.com\/?s={search_term_string}\"},\"query-input\":{\"@type\":\"PropertyValueSpecification\",\"valueRequired\":true,\"valueName\":\"search_term_string\"}}],\"inLanguage\":\"pt-PT\"}]}<\/script>\n<!-- \/ Yoast SEO plugin. -->","yoast_head_json":{"title":"Fluclotizolam-blotters 1 mg online kopen | RCkopen","description":"U kunt Flubrotizolam Blotters 1mg online kopen tegen de beste prijzen via onze online Rc kopen. We hebben goedkope en hoogwaardige Flubrotizolam-blotters 1 mg te koop en bieden wereldwijde levering. U kunt overal en altijd bestellen.","robots":{"index":"index","follow":"follow","max-snippet":"max-snippet:-1","max-image-preview":"max-image-preview:large","max-video-preview":"max-video-preview:-1"},"canonical":"https:\/\/rckopen.com\/pt\/produto\/fluclotizolam-blotters-1mg\/","og_locale":"pt_PT","og_type":"article","og_title":"Fluclotizolam-blotters 1 mg online kopen | RCkopen","og_description":"U kunt Flubrotizolam Blotters 1mg online kopen tegen de beste prijzen via onze online Rc kopen. We hebben goedkope en hoogwaardige Flubrotizolam-blotters 1 mg te koop en bieden wereldwijde levering. U kunt overal en altijd bestellen.","og_url":"https:\/\/rckopen.com\/pt\/produto\/fluclotizolam-blotters-1mg\/","og_site_name":"RC Kopen","article_modified_time":"2025-02-06T05:34:17+00:00","og_image":[{"width":600,"height":600,"url":"https:\/\/rckopen.com\/wp-content\/uploads\/2023\/08\/fluclotizolam-blotters-1mg.jpg","type":"image\/jpeg"}],"twitter_card":"summary_large_image","twitter_misc":{"Tempo estimado de leitura":"2 minutos"},"schema":{"@context":"https:\/\/schema.org","@graph":[{"@type":"WebPage","@id":"https:\/\/rckopen.com\/product\/fluclotizolam-blotters-1mg\/","url":"https:\/\/rckopen.com\/product\/fluclotizolam-blotters-1mg\/","name":"Fluclotizolam-blotters 1 mg online kopen | RCkopen","isPartOf":{"@id":"https:\/\/rckopen.com\/#website"},"primaryImageOfPage":{"@id":"https:\/\/rckopen.com\/product\/fluclotizolam-blotters-1mg\/#primaryimage"},"image":{"@id":"https:\/\/rckopen.com\/product\/fluclotizolam-blotters-1mg\/#primaryimage"},"thumbnailUrl":"https:\/\/rckopen.com\/wp-content\/uploads\/2023\/08\/fluclotizolam-blotters-1mg.jpg","datePublished":"2023-08-14T13:18:43+00:00","dateModified":"2025-02-06T05:34:17+00:00","description":"U kunt Flubrotizolam Blotters 1mg online kopen tegen de beste prijzen via onze online Rc kopen. We hebben goedkope en hoogwaardige Flubrotizolam-blotters 1 mg te koop en bieden wereldwijde levering. U kunt overal en altijd bestellen.","breadcrumb":{"@id":"https:\/\/rckopen.com\/product\/fluclotizolam-blotters-1mg\/#breadcrumb"},"inLanguage":"pt-PT","potentialAction":[{"@type":"ReadAction","target":["https:\/\/rckopen.com\/product\/fluclotizolam-blotters-1mg\/"]}]},{"@type":"ImageObject","inLanguage":"pt-PT","@id":"https:\/\/rckopen.com\/product\/fluclotizolam-blotters-1mg\/#primaryimage","url":"https:\/\/rckopen.com\/wp-content\/uploads\/2023\/08\/fluclotizolam-blotters-1mg.jpg","contentUrl":"https:\/\/rckopen.com\/wp-content\/uploads\/2023\/08\/fluclotizolam-blotters-1mg.jpg","width":600,"height":600,"caption":"fluclotizolam-blotters-1mg online kopen"},{"@type":"BreadcrumbList","@id":"https:\/\/rckopen.com\/product\/fluclotizolam-blotters-1mg\/#breadcrumb","itemListElement":[{"@type":"ListItem","position":1,"name":"Home","item":"https:\/\/rckopen.com\/"},{"@type":"ListItem","position":2,"name":"Shop","item":"https:\/\/rckopen.com\/shop\/"},{"@type":"ListItem","position":3,"name":"fluclotizolam blotters 1mg online kopen"}]},{"@type":"WebSite","@id":"https:\/\/rckopen.com\/#website","url":"https:\/\/rckopen.com\/","name":"RC Kopen","description":"Research Chemicals","potentialAction":[{"@type":"SearchAction","target":{"@type":"EntryPoint","urlTemplate":"https:\/\/rckopen.com\/?s={search_term_string}"},"query-input":{"@type":"PropertyValueSpecification","valueRequired":true,"valueName":"search_term_string"}}],"inLanguage":"pt-PT"}]}},"_links":{"self":[{"href":"https:\/\/rckopen.com\/pt\/wp-json\/wp\/v2\/product\/6374","targetHints":{"allow":["GET"]}}],"collection":[{"href":"https:\/\/rckopen.com\/pt\/wp-json\/wp\/v2\/product"}],"about":[{"href":"https:\/\/rckopen.com\/pt\/wp-json\/wp\/v2\/types\/product"}],"replies":[{"embeddable":true,"href":"https:\/\/rckopen.com\/pt\/wp-json\/wp\/v2\/comments?post=6374"}],"wp:featuredmedia":[{"embeddable":true,"href":"https:\/\/rckopen.com\/pt\/wp-json\/wp\/v2\/media\/6380"}],"wp:attachment":[{"href":"https:\/\/rckopen.com\/pt\/wp-json\/wp\/v2\/media?parent=6374"}],"wp:term":[{"taxonomy":"product_brand","embeddable":true,"href":"https:\/\/rckopen.com\/pt\/wp-json\/wp\/v2\/product_brand?post=6374"},{"taxonomy":"product_cat","embeddable":true,"href":"https:\/\/rckopen.com\/pt\/wp-json\/wp\/v2\/product_cat?post=6374"},{"taxonomy":"product_tag","embeddable":true,"href":"https:\/\/rckopen.com\/pt\/wp-json\/wp\/v2\/product_tag?post=6374"}],"curies":[{"name":"wp","href":"https:\/\/api.w.org\/{rel}","templated":true}]}}