{"id":6376,"date":"2023-08-14T13:24:52","date_gmt":"2023-08-14T13:24:52","guid":{"rendered":"https:\/\/diligentplug.com\/chems\/?post_type=product&#038;p=6376"},"modified":"2025-02-05T10:49:20","modified_gmt":"2025-02-05T10:49:20","slug":"deschloroetizolam-blotters-2-mg","status":"publish","type":"product","link":"https:\/\/rckopen.com\/pt\/produto\/descloroetizolam-blotters-2-mg\/","title":{"rendered":"Deschloroetizolam blotters 2 mg comprar online"},"content":{"rendered":"<h2>Deschloroetizolam blotters 2 mg comprar online<\/h2>\n<p>22\u00d75 mg Descloroetizolam blotters 2mg; A partir de 0,38 por pellet<\/p>\n<p>Pellets of <a href=\"https:\/\/rckopen.com\/pt\/produto\/descloroetizolam-blotters-2-mg\/\">descloroetizolam blotters 2 mg<\/a>\u00a0 pode ser comprado discretamente online. Nossos pellets de Deschloroetizolam s\u00e3o da mais alta qualidade e bodem holand\u00eas aut\u00eantico! Bestel je direct \u00e9 mais acess\u00edvel (por at\u00e9 110 stuks) e custa apenas \u20ac 0,66 por pellet. Este produto tamb\u00e9m \u00e9 conhecido como Deschloroetizolam Pelletstrips. Flubromazepam, Pagoclone, Bromazolam, Norflurazepam, Gidazepam, Diclazepam, Difludiazepam, Meclonazepam e Desmethylflunitrazepam est\u00e3o entre os produtos usados \u200b\u200bna quimioterapia.<\/p>\n<h3>Os maiores blotters de Descloroetizolam 2mg (22x5mg) s\u00e3o fornecidos discretamente.<\/h3>\n<p>O dia de trabalho para o Besteld 19h30 \u00e9 simplesmente fant\u00e1stico!<\/p>\n<p>Aviso: N\u00e3o compramos de ningu\u00e9m com menos de 21 anos.<br \/>\nO produto Descloroetizolam Pellets (22x5mg) pode ser prejudicial e n\u00e3o \u00e9 adequado para consumo. Voc\u00ea ficou surpreso que ele n\u00e3o nos matou? As normas de seguran\u00e7a podem acarretar s\u00e9rios riscos \u00e0 sa\u00fade. Voc\u00ea estaria interessado em nossos regulamentos de seguran\u00e7a?<\/p>\n<h3>Compre Deschloroetizolam blotters 2mg online<\/h3>\n<p>Entregaremos nosso Deschloroetizolam (overigens todos os nossos produtos) em toda a Holanda! A maneira como voc\u00ea fez isso foi simplesmente incr\u00edvel! Em vista disso, \u00e9 importante que eles n\u00e3o sejam misturados com \u00e1lcool ou medicamentos! Para obter assist\u00eancia, voc\u00ea sempre pode entrar em contato com nosso help desk! <a href=\"https:\/\/rckopen.com\/pt\/\">RC Kopen<\/a><\/p>\n<p>&nbsp;<\/p>","protected":false},"excerpt":{"rendered":"<p><strong>Forma: <\/strong>mata-borr\u00e3o<\/p>","protected":false},"featured_media":6382,"comment_status":"open","ping_status":"closed","template":"","meta":{"_joinchat":[]},"product_brand":[],"product_cat":[130],"product_tag":[],"class_list":{"0":"post-6376","1":"product","2":"type-product","3":"status-publish","4":"has-post-thumbnail","6":"product_cat-blotters","8":"first","9":"instock","10":"shipping-taxable","11":"purchasable","12":"product-type-variable"},"yoast_head":"<!-- This site is optimized with the Yoast SEO plugin v26.3 - https:\/\/yoast.com\/wordpress\/plugins\/seo\/ -->\n<title>Koop Deschloroetizolam-blotters 2 mg online | RC Kopen<\/title>\n<meta name=\"description\" content=\"Op zoek naar hoogwaardige Deschloroetizolam-blotters 2 mg online te koop? RC kopen is een toonaangevende winkel waar u Deschloroetizolam Blotters 2mg online kunt kopen tegen de beste prijs. Bestel nu met discrete verzending!\" \/>\n<meta name=\"robots\" content=\"index, follow, max-snippet:-1, max-image-preview:large, max-video-preview:-1\" \/>\n<link rel=\"canonical\" href=\"https:\/\/rckopen.com\/pt\/produto\/descloroetizolam-blotters-2-mg\/\" \/>\n<meta property=\"og:locale\" content=\"pt_PT\" \/>\n<meta property=\"og:type\" content=\"article\" \/>\n<meta property=\"og:title\" content=\"Koop Deschloroetizolam-blotters 2 mg online | RC Kopen\" \/>\n<meta property=\"og:description\" content=\"Op zoek naar hoogwaardige Deschloroetizolam-blotters 2 mg online te koop? RC kopen is een toonaangevende winkel waar u Deschloroetizolam Blotters 2mg online kunt kopen tegen de beste prijs. Bestel nu met discrete verzending!\" \/>\n<meta property=\"og:url\" content=\"https:\/\/rckopen.com\/pt\/produto\/descloroetizolam-blotters-2-mg\/\" \/>\n<meta property=\"og:site_name\" content=\"RC Kopen\" \/>\n<meta property=\"article:modified_time\" content=\"2025-02-05T10:49:20+00:00\" \/>\n<meta property=\"og:image\" content=\"https:\/\/rckopen.com\/wp-content\/uploads\/2023\/08\/Deschloroetizolam-blotters-2-mg.jpg\" \/>\n\t<meta property=\"og:image:width\" content=\"600\" \/>\n\t<meta property=\"og:image:height\" content=\"600\" \/>\n\t<meta property=\"og:image:type\" content=\"image\/jpeg\" \/>\n<meta name=\"twitter:card\" content=\"summary_large_image\" \/>\n<meta name=\"twitter:label1\" content=\"Tempo estimado de leitura\" \/>\n\t<meta name=\"twitter:data1\" content=\"2 minutos\" \/>\n<script type=\"application\/ld+json\" class=\"yoast-schema-graph\">{\"@context\":\"https:\/\/schema.org\",\"@graph\":[{\"@type\":\"WebPage\",\"@id\":\"https:\/\/rckopen.com\/product\/deschloroetizolam-blotters-2-mg\/\",\"url\":\"https:\/\/rckopen.com\/product\/deschloroetizolam-blotters-2-mg\/\",\"name\":\"Koop Deschloroetizolam-blotters 2 mg online | RC Kopen\",\"isPartOf\":{\"@id\":\"https:\/\/rckopen.com\/#website\"},\"primaryImageOfPage\":{\"@id\":\"https:\/\/rckopen.com\/product\/deschloroetizolam-blotters-2-mg\/#primaryimage\"},\"image\":{\"@id\":\"https:\/\/rckopen.com\/product\/deschloroetizolam-blotters-2-mg\/#primaryimage\"},\"thumbnailUrl\":\"https:\/\/rckopen.com\/wp-content\/uploads\/2023\/08\/Deschloroetizolam-blotters-2-mg.jpg\",\"datePublished\":\"2023-08-14T13:24:52+00:00\",\"dateModified\":\"2025-02-05T10:49:20+00:00\",\"description\":\"Op zoek naar hoogwaardige Deschloroetizolam-blotters 2 mg online te koop? RC kopen is een toonaangevende winkel waar u Deschloroetizolam Blotters 2mg online kunt kopen tegen de beste prijs. Bestel nu met discrete verzending!\",\"breadcrumb\":{\"@id\":\"https:\/\/rckopen.com\/product\/deschloroetizolam-blotters-2-mg\/#breadcrumb\"},\"inLanguage\":\"pt-PT\",\"potentialAction\":[{\"@type\":\"ReadAction\",\"target\":[\"https:\/\/rckopen.com\/product\/deschloroetizolam-blotters-2-mg\/\"]}]},{\"@type\":\"ImageObject\",\"inLanguage\":\"pt-PT\",\"@id\":\"https:\/\/rckopen.com\/product\/deschloroetizolam-blotters-2-mg\/#primaryimage\",\"url\":\"https:\/\/rckopen.com\/wp-content\/uploads\/2023\/08\/Deschloroetizolam-blotters-2-mg.jpg\",\"contentUrl\":\"https:\/\/rckopen.com\/wp-content\/uploads\/2023\/08\/Deschloroetizolam-blotters-2-mg.jpg\",\"width\":600,\"height\":600,\"caption\":\"Deschloroetizolam-blotters-2-mg online kopen\"},{\"@type\":\"BreadcrumbList\",\"@id\":\"https:\/\/rckopen.com\/product\/deschloroetizolam-blotters-2-mg\/#breadcrumb\",\"itemListElement\":[{\"@type\":\"ListItem\",\"position\":1,\"name\":\"Home\",\"item\":\"https:\/\/rckopen.com\/\"},{\"@type\":\"ListItem\",\"position\":2,\"name\":\"Shop\",\"item\":\"https:\/\/rckopen.com\/shop\/\"},{\"@type\":\"ListItem\",\"position\":3,\"name\":\"Deschloroetizolam blotters 2 mg online kopen\"}]},{\"@type\":\"WebSite\",\"@id\":\"https:\/\/rckopen.com\/#website\",\"url\":\"https:\/\/rckopen.com\/\",\"name\":\"RC Kopen\",\"description\":\"Research Chemicals\",\"potentialAction\":[{\"@type\":\"SearchAction\",\"target\":{\"@type\":\"EntryPoint\",\"urlTemplate\":\"https:\/\/rckopen.com\/?s={search_term_string}\"},\"query-input\":{\"@type\":\"PropertyValueSpecification\",\"valueRequired\":true,\"valueName\":\"search_term_string\"}}],\"inLanguage\":\"pt-PT\"}]}<\/script>\n<!-- \/ Yoast SEO plugin. -->","yoast_head_json":{"title":"Koop Deschloroetizolam-blotters 2 mg online | RC Kopen","description":"Op zoek naar hoogwaardige Deschloroetizolam-blotters 2 mg online te koop? RC kopen is een toonaangevende winkel waar u Deschloroetizolam Blotters 2mg online kunt kopen tegen de beste prijs. Bestel nu met discrete verzending!","robots":{"index":"index","follow":"follow","max-snippet":"max-snippet:-1","max-image-preview":"max-image-preview:large","max-video-preview":"max-video-preview:-1"},"canonical":"https:\/\/rckopen.com\/pt\/produto\/descloroetizolam-blotters-2-mg\/","og_locale":"pt_PT","og_type":"article","og_title":"Koop Deschloroetizolam-blotters 2 mg online | RC Kopen","og_description":"Op zoek naar hoogwaardige Deschloroetizolam-blotters 2 mg online te koop? RC kopen is een toonaangevende winkel waar u Deschloroetizolam Blotters 2mg online kunt kopen tegen de beste prijs. Bestel nu met discrete verzending!","og_url":"https:\/\/rckopen.com\/pt\/produto\/descloroetizolam-blotters-2-mg\/","og_site_name":"RC Kopen","article_modified_time":"2025-02-05T10:49:20+00:00","og_image":[{"width":600,"height":600,"url":"https:\/\/rckopen.com\/wp-content\/uploads\/2023\/08\/Deschloroetizolam-blotters-2-mg.jpg","type":"image\/jpeg"}],"twitter_card":"summary_large_image","twitter_misc":{"Tempo estimado de leitura":"2 minutos"},"schema":{"@context":"https:\/\/schema.org","@graph":[{"@type":"WebPage","@id":"https:\/\/rckopen.com\/product\/deschloroetizolam-blotters-2-mg\/","url":"https:\/\/rckopen.com\/product\/deschloroetizolam-blotters-2-mg\/","name":"Koop Deschloroetizolam-blotters 2 mg online | RC Kopen","isPartOf":{"@id":"https:\/\/rckopen.com\/#website"},"primaryImageOfPage":{"@id":"https:\/\/rckopen.com\/product\/deschloroetizolam-blotters-2-mg\/#primaryimage"},"image":{"@id":"https:\/\/rckopen.com\/product\/deschloroetizolam-blotters-2-mg\/#primaryimage"},"thumbnailUrl":"https:\/\/rckopen.com\/wp-content\/uploads\/2023\/08\/Deschloroetizolam-blotters-2-mg.jpg","datePublished":"2023-08-14T13:24:52+00:00","dateModified":"2025-02-05T10:49:20+00:00","description":"Op zoek naar hoogwaardige Deschloroetizolam-blotters 2 mg online te koop? RC kopen is een toonaangevende winkel waar u Deschloroetizolam Blotters 2mg online kunt kopen tegen de beste prijs. Bestel nu met discrete verzending!","breadcrumb":{"@id":"https:\/\/rckopen.com\/product\/deschloroetizolam-blotters-2-mg\/#breadcrumb"},"inLanguage":"pt-PT","potentialAction":[{"@type":"ReadAction","target":["https:\/\/rckopen.com\/product\/deschloroetizolam-blotters-2-mg\/"]}]},{"@type":"ImageObject","inLanguage":"pt-PT","@id":"https:\/\/rckopen.com\/product\/deschloroetizolam-blotters-2-mg\/#primaryimage","url":"https:\/\/rckopen.com\/wp-content\/uploads\/2023\/08\/Deschloroetizolam-blotters-2-mg.jpg","contentUrl":"https:\/\/rckopen.com\/wp-content\/uploads\/2023\/08\/Deschloroetizolam-blotters-2-mg.jpg","width":600,"height":600,"caption":"Deschloroetizolam-blotters-2-mg online kopen"},{"@type":"BreadcrumbList","@id":"https:\/\/rckopen.com\/product\/deschloroetizolam-blotters-2-mg\/#breadcrumb","itemListElement":[{"@type":"ListItem","position":1,"name":"Home","item":"https:\/\/rckopen.com\/"},{"@type":"ListItem","position":2,"name":"Shop","item":"https:\/\/rckopen.com\/shop\/"},{"@type":"ListItem","position":3,"name":"Deschloroetizolam blotters 2 mg online kopen"}]},{"@type":"WebSite","@id":"https:\/\/rckopen.com\/#website","url":"https:\/\/rckopen.com\/","name":"RC Kopen","description":"Research Chemicals","potentialAction":[{"@type":"SearchAction","target":{"@type":"EntryPoint","urlTemplate":"https:\/\/rckopen.com\/?s={search_term_string}"},"query-input":{"@type":"PropertyValueSpecification","valueRequired":true,"valueName":"search_term_string"}}],"inLanguage":"pt-PT"}]}},"_links":{"self":[{"href":"https:\/\/rckopen.com\/pt\/wp-json\/wp\/v2\/product\/6376","targetHints":{"allow":["GET"]}}],"collection":[{"href":"https:\/\/rckopen.com\/pt\/wp-json\/wp\/v2\/product"}],"about":[{"href":"https:\/\/rckopen.com\/pt\/wp-json\/wp\/v2\/types\/product"}],"replies":[{"embeddable":true,"href":"https:\/\/rckopen.com\/pt\/wp-json\/wp\/v2\/comments?post=6376"}],"wp:featuredmedia":[{"embeddable":true,"href":"https:\/\/rckopen.com\/pt\/wp-json\/wp\/v2\/media\/6382"}],"wp:attachment":[{"href":"https:\/\/rckopen.com\/pt\/wp-json\/wp\/v2\/media?parent=6376"}],"wp:term":[{"taxonomy":"product_brand","embeddable":true,"href":"https:\/\/rckopen.com\/pt\/wp-json\/wp\/v2\/product_brand?post=6376"},{"taxonomy":"product_cat","embeddable":true,"href":"https:\/\/rckopen.com\/pt\/wp-json\/wp\/v2\/product_cat?post=6376"},{"taxonomy":"product_tag","embeddable":true,"href":"https:\/\/rckopen.com\/pt\/wp-json\/wp\/v2\/product_tag?post=6376"}],"curies":[{"name":"wp","href":"https:\/\/api.w.org\/{rel}","templated":true}]}}