{"id":6386,"date":"2023-08-14T13:34:34","date_gmt":"2023-08-14T13:34:34","guid":{"rendered":"https:\/\/diligentplug.com\/chems\/?post_type=product&#038;p=6386"},"modified":"2026-02-26T09:44:05","modified_gmt":"2026-02-26T09:44:05","slug":"1cp-lsd-150mcg-blotters-ap-design-1","status":"publish","type":"product","link":"https:\/\/rckopen.com\/pt\/produto\/1cp-lsd-150mcg-blotters-ap-design-1\/","title":{"rendered":"1cP-LSD 150mcg Blotters (AP Design 1) Comprar online"},"content":{"rendered":"<h2><b>1cP-LSD 150mcg Blotters (AP Design 1) Online te Koop \u2013 Premium Kwaliteit voor Onderzoeksdoeleinden<\/b><\/h2>\n<h3><b>Introdu\u00e7\u00e3o<\/b><\/h3>\n<p><span style=\"font-weight: 400;\">Voc\u00ea quer <\/span><a href=\"https:\/\/rckopen.com\/pt\/produto\/1cp-lsd-150mcg-blotters-ap-design-1\/\"><b>Compre online os blotters de 1cP-LSD 150mcg (AP Design 1)<\/b><\/a><span style=\"font-weight: 400;\">Nossos blotters de alta qualidade s\u00e3o dosados \u200b\u200bcom precis\u00e3o, testados em laborat\u00f3rio e apresentam um design visual diferenciado (AP Design 1) para identifica\u00e7\u00e3o e armazenamento confi\u00e1veis. Ideais para pesquisas acad\u00eamicas, qu\u00edmicas e farmacol\u00f3gicas onde precis\u00e3o e pureza s\u00e3o essenciais.<\/span><\/p>\n<h3><b>O que \u00e9 1cP-LSD?<\/b><\/h3>\n<p>O 1cP-LSD (dietilamida do \u00e1cido 1-ciclopropionil-lis\u00e9rgico) \u00e9 uma nova lisergamida e um pr\u00f3-f\u00e1rmaco do LSD-25. Ap\u00f3s metaboliza\u00e7\u00e3o no organismo, \u00e9 convertido em LSD, tornando-o farmacologicamente muito semelhante. Gra\u00e7as ao seu estatuto legal (relativamente) favor\u00e1vel e ao seu valor cient\u00edfico, o 1cP-LSD \u00e9 atualmente uma mol\u00e9cula amplamente utilizada em pesquisas laboratoriais e cerebrais.<\/p>\n<ul>\n<li style=\"font-weight: 400;\" aria-level=\"1\">Classe qu\u00edmica: Lisergamidas<\/li>\n<li style=\"font-weight: 400;\" aria-level=\"1\">Uso: Liga\u00e7\u00e3o a receptores, modelagem farmacol\u00f3gica, pesquisa experimental<\/li>\n<li style=\"font-weight: 400;\" aria-level=\"1\">Rela\u00e7\u00e3o com o LSD-25: Convertido em LSD ap\u00f3s a ingest\u00e3o.<\/li>\n<\/ul>\n<h3><b>Por que uma dosagem de 150mcg?<\/b><\/h3>\n<p>De <a href=\"https:\/\/en.wikipedia.org\/wiki\/1cP-LSD\">150mcg-dosering<\/a> Oferece uma concentra\u00e7\u00e3o maior por blotter em compara\u00e7\u00e3o com a vers\u00e3o padr\u00e3o de 100 mcg. Isso o torna particularmente adequado para:<\/p>\n<ul>\n<li style=\"font-weight: 400;\" aria-level=\"1\">Institui\u00e7\u00f5es de pesquisa avan\u00e7ada<\/li>\n<li style=\"font-weight: 400;\" aria-level=\"1\">Administra\u00e7\u00e3o mais eficiente com menos papel absorvente por teste.<\/li>\n<li style=\"font-weight: 400;\" aria-level=\"1\">Melhor detec\u00e7\u00e3o de respostas sutis em modelos farmacol\u00f3gicos<\/li>\n<\/ul>\n<p>Para pesquisadores que desejam ir al\u00e9m das dosagens b\u00e1sicas, 150 mcg \u00e9 uma escolha inteligente e eficaz.<\/p>\n<h3><b>O que torna o curso AP Design 1 \u00fanico?<\/b><\/h3>\n<p>Cada papel absorvente \u00e9 impresso com o AP Design 1, um padr\u00e3o visual espec\u00edfico que:<\/p>\n<ul>\n<li style=\"font-weight: 400;\" aria-level=\"1\">Auxilia na identifica\u00e7\u00e3o e arquivamento de lotes.<\/li>\n<li style=\"font-weight: 400;\" aria-level=\"1\">Garante o armazenamento seguro sem confus\u00e3o entre diferentes subst\u00e2ncias.<\/li>\n<li style=\"font-weight: 400;\" aria-level=\"1\">Permite uma gest\u00e3o de invent\u00e1rio eficiente.<\/li>\n<\/ul>\n<p>Aten\u00e7\u00e3o: o design \u00e9 funcional e serve apenas para fins de identifica\u00e7\u00e3o, n\u00e3o sendo um elemento promocional.<\/p>\n<h3><b>An\u00e1lise de Qualidade e Laborat\u00f3rio do Produto<\/b><\/h3>\n<p>Onze <a href=\"https:\/\/rckopen.com\/pt\/\">1cP-LSD 150mcg Blotters (Desenho AP 1)<\/a> S\u00e3o fabricados em condi\u00e7\u00f5es controladas. Cada produto \u00e9:<\/p>\n<ul>\n<li style=\"font-weight: 400;\" aria-level=\"1\">Dosagem precisa com equipamentos calibrados profissionalmente<\/li>\n<li style=\"font-weight: 400;\" aria-level=\"1\">Vergezeld van een COA (Certificate of Analysis) van een onafhankelijk laboratorium<\/li>\n<li style=\"font-weight: 400;\" aria-level=\"1\">Testado quanto \u00e0 pureza, estabilidade e consist\u00eancia.<\/li>\n<\/ul>\n<p>Dessa forma, voc\u00ea ter\u00e1 a garantia de resultados de pesquisa confi\u00e1veis.<\/p>\n<h3><b>Informa\u00e7\u00f5es sobre envio e pagamento<\/b><\/h3>\n<p>Ao encomendar online os Blotters de 1cP-LSD 150mcg (AP Design 1), voc\u00ea desfruta de uma experi\u00eancia de compra segura e discreta:<\/p>\n<ul>\n<li style=\"font-weight: 400;\" aria-level=\"1\">Embalagem discreta \u2013 sem nomes ou marcas dos produtos.<\/li>\n<li style=\"font-weight: 400;\" aria-level=\"1\">Envio internacional com rastreamento.<\/li>\n<li style=\"font-weight: 400;\" aria-level=\"1\">Pagamento poss\u00edvel com criptomoedas (como Bitcoin ou Monero) ou pagamentos seguros com cart\u00e3o.<\/li>\n<li style=\"font-weight: 400;\" aria-level=\"1\">Dispon\u00edvel internacionalmente \u2013 envio para pa\u00edses onde o uso para pesquisa \u00e9 permitido.<\/li>\n<\/ul>\n<p>De koper is verantwoordelijk voor het controleren van de lokale wetgeving met betrekking tot 1cP-LSD.<\/p>\n<h3><b>Conclusie<\/b><\/h3>\n<p>Voor onderzoekers die op zoek zijn naar een hogere dosering lysergamide met een duidelijke batchidentificatie, zijn onze 1cP-LSD 150mcg Blotters (AP Design 1) de perfecte keuze. Met een sterke reputatie, transparante kwaliteitsrapporten en veilige wereldwijde levering kun je met vertrouwen <strong>1cP-LSD 150mcg blotters online bestellen<\/strong>.<\/p>","protected":false},"excerpt":{"rendered":"<p><strong>Forma: <\/strong>mata-borr\u00e3o<\/p>\n<p><strong>An\u00e1lise NMR: <\/strong>N\/A<\/p>","protected":false},"featured_media":6391,"comment_status":"open","ping_status":"closed","template":"","meta":{"_joinchat":[]},"product_brand":[],"product_cat":[130],"product_tag":[],"class_list":{"0":"post-6386","1":"product","2":"type-product","3":"status-publish","4":"has-post-thumbnail","6":"product_cat-blotters","8":"first","9":"instock","10":"shipping-taxable","11":"purchasable","12":"product-type-variable"},"yoast_head":"<!-- This site is optimized with the Yoast SEO plugin v26.3 - https:\/\/yoast.com\/wordpress\/plugins\/seo\/ -->\n<title>1CP-LSD-150MCG-blotters online Kopen - 1CP-LSD te kopen<\/title>\n<meta name=\"description\" content=\"U kunt nu 1CP-LSD-150MCG-blotters te koop krijgen tegen betaalbare prijzen bij RCKopen. Wij helpen u om 1CP-LSD eenvoudig online te koop. Bestel vandaag nog!\" \/>\n<meta name=\"robots\" content=\"index, follow, max-snippet:-1, max-image-preview:large, max-video-preview:-1\" \/>\n<link rel=\"canonical\" href=\"https:\/\/rckopen.com\/pt\/produto\/1cp-lsd-150mcg-blotters-ap-design-1\/\" \/>\n<meta property=\"og:locale\" content=\"pt_PT\" \/>\n<meta property=\"og:type\" content=\"article\" \/>\n<meta property=\"og:title\" content=\"1CP-LSD-150MCG-blotters online Kopen - 1CP-LSD te kopen\" \/>\n<meta property=\"og:description\" content=\"U kunt nu 1CP-LSD-150MCG-blotters te koop krijgen tegen betaalbare prijzen bij RCKopen. Wij helpen u om 1CP-LSD eenvoudig online te koop. Bestel vandaag nog!\" \/>\n<meta property=\"og:url\" content=\"https:\/\/rckopen.com\/pt\/produto\/1cp-lsd-150mcg-blotters-ap-design-1\/\" \/>\n<meta property=\"og:site_name\" content=\"RC Kopen\" \/>\n<meta property=\"article:modified_time\" content=\"2026-02-26T09:44:05+00:00\" \/>\n<meta property=\"og:image\" content=\"https:\/\/rckopen.com\/wp-content\/uploads\/2023\/08\/1cP-LSD-150mcg-Blotters-AP-Design-1.jpg\" \/>\n\t<meta property=\"og:image:width\" content=\"600\" \/>\n\t<meta property=\"og:image:height\" content=\"600\" \/>\n\t<meta property=\"og:image:type\" content=\"image\/jpeg\" \/>\n<meta name=\"twitter:card\" content=\"summary_large_image\" \/>\n<meta name=\"twitter:label1\" content=\"Tempo estimado de leitura\" \/>\n\t<meta name=\"twitter:data1\" content=\"2 minutos\" \/>\n<script type=\"application\/ld+json\" class=\"yoast-schema-graph\">{\"@context\":\"https:\/\/schema.org\",\"@graph\":[{\"@type\":\"WebPage\",\"@id\":\"https:\/\/rckopen.com\/product\/1cp-lsd-150mcg-blotters-ap-design-1\/\",\"url\":\"https:\/\/rckopen.com\/product\/1cp-lsd-150mcg-blotters-ap-design-1\/\",\"name\":\"1CP-LSD-150MCG-blotters online Kopen - 1CP-LSD te kopen\",\"isPartOf\":{\"@id\":\"https:\/\/rckopen.com\/#website\"},\"primaryImageOfPage\":{\"@id\":\"https:\/\/rckopen.com\/product\/1cp-lsd-150mcg-blotters-ap-design-1\/#primaryimage\"},\"image\":{\"@id\":\"https:\/\/rckopen.com\/product\/1cp-lsd-150mcg-blotters-ap-design-1\/#primaryimage\"},\"thumbnailUrl\":\"https:\/\/rckopen.com\/wp-content\/uploads\/2023\/08\/1cP-LSD-150mcg-Blotters-AP-Design-1.jpg\",\"datePublished\":\"2023-08-14T13:34:34+00:00\",\"dateModified\":\"2026-02-26T09:44:05+00:00\",\"description\":\"U kunt nu 1CP-LSD-150MCG-blotters te koop krijgen tegen betaalbare prijzen bij RCKopen. Wij helpen u om 1CP-LSD eenvoudig online te koop. Bestel vandaag nog!\",\"breadcrumb\":{\"@id\":\"https:\/\/rckopen.com\/product\/1cp-lsd-150mcg-blotters-ap-design-1\/#breadcrumb\"},\"inLanguage\":\"pt-PT\",\"potentialAction\":[{\"@type\":\"ReadAction\",\"target\":[\"https:\/\/rckopen.com\/product\/1cp-lsd-150mcg-blotters-ap-design-1\/\"]}]},{\"@type\":\"ImageObject\",\"inLanguage\":\"pt-PT\",\"@id\":\"https:\/\/rckopen.com\/product\/1cp-lsd-150mcg-blotters-ap-design-1\/#primaryimage\",\"url\":\"https:\/\/rckopen.com\/wp-content\/uploads\/2023\/08\/1cP-LSD-150mcg-Blotters-AP-Design-1.jpg\",\"contentUrl\":\"https:\/\/rckopen.com\/wp-content\/uploads\/2023\/08\/1cP-LSD-150mcg-Blotters-AP-Design-1.jpg\",\"width\":600,\"height\":600,\"caption\":\"1cP-LSD 150mcg Blotters (AP Design 1) Online Kopen\"},{\"@type\":\"BreadcrumbList\",\"@id\":\"https:\/\/rckopen.com\/product\/1cp-lsd-150mcg-blotters-ap-design-1\/#breadcrumb\",\"itemListElement\":[{\"@type\":\"ListItem\",\"position\":1,\"name\":\"Home\",\"item\":\"https:\/\/rckopen.com\/\"},{\"@type\":\"ListItem\",\"position\":2,\"name\":\"Shop\",\"item\":\"https:\/\/rckopen.com\/shop\/\"},{\"@type\":\"ListItem\",\"position\":3,\"name\":\"1cP-LSD 150mcg Blotters (AP Design 1) Online Kopen\"}]},{\"@type\":\"WebSite\",\"@id\":\"https:\/\/rckopen.com\/#website\",\"url\":\"https:\/\/rckopen.com\/\",\"name\":\"RC Kopen\",\"description\":\"Research Chemicals\",\"potentialAction\":[{\"@type\":\"SearchAction\",\"target\":{\"@type\":\"EntryPoint\",\"urlTemplate\":\"https:\/\/rckopen.com\/?s={search_term_string}\"},\"query-input\":{\"@type\":\"PropertyValueSpecification\",\"valueRequired\":true,\"valueName\":\"search_term_string\"}}],\"inLanguage\":\"pt-PT\"}]}<\/script>\n<!-- \/ Yoast SEO plugin. -->","yoast_head_json":{"title":"1CP-LSD-150MCG-blotters online Kopen - 1CP-LSD te kopen","description":"U kunt nu 1CP-LSD-150MCG-blotters te koop krijgen tegen betaalbare prijzen bij RCKopen. Wij helpen u om 1CP-LSD eenvoudig online te koop. Bestel vandaag nog!","robots":{"index":"index","follow":"follow","max-snippet":"max-snippet:-1","max-image-preview":"max-image-preview:large","max-video-preview":"max-video-preview:-1"},"canonical":"https:\/\/rckopen.com\/pt\/produto\/1cp-lsd-150mcg-blotters-ap-design-1\/","og_locale":"pt_PT","og_type":"article","og_title":"1CP-LSD-150MCG-blotters online Kopen - 1CP-LSD te kopen","og_description":"U kunt nu 1CP-LSD-150MCG-blotters te koop krijgen tegen betaalbare prijzen bij RCKopen. Wij helpen u om 1CP-LSD eenvoudig online te koop. Bestel vandaag nog!","og_url":"https:\/\/rckopen.com\/pt\/produto\/1cp-lsd-150mcg-blotters-ap-design-1\/","og_site_name":"RC Kopen","article_modified_time":"2026-02-26T09:44:05+00:00","og_image":[{"width":600,"height":600,"url":"https:\/\/rckopen.com\/wp-content\/uploads\/2023\/08\/1cP-LSD-150mcg-Blotters-AP-Design-1.jpg","type":"image\/jpeg"}],"twitter_card":"summary_large_image","twitter_misc":{"Tempo estimado de leitura":"2 minutos"},"schema":{"@context":"https:\/\/schema.org","@graph":[{"@type":"WebPage","@id":"https:\/\/rckopen.com\/product\/1cp-lsd-150mcg-blotters-ap-design-1\/","url":"https:\/\/rckopen.com\/product\/1cp-lsd-150mcg-blotters-ap-design-1\/","name":"1CP-LSD-150MCG-blotters online Kopen - 1CP-LSD te kopen","isPartOf":{"@id":"https:\/\/rckopen.com\/#website"},"primaryImageOfPage":{"@id":"https:\/\/rckopen.com\/product\/1cp-lsd-150mcg-blotters-ap-design-1\/#primaryimage"},"image":{"@id":"https:\/\/rckopen.com\/product\/1cp-lsd-150mcg-blotters-ap-design-1\/#primaryimage"},"thumbnailUrl":"https:\/\/rckopen.com\/wp-content\/uploads\/2023\/08\/1cP-LSD-150mcg-Blotters-AP-Design-1.jpg","datePublished":"2023-08-14T13:34:34+00:00","dateModified":"2026-02-26T09:44:05+00:00","description":"U kunt nu 1CP-LSD-150MCG-blotters te koop krijgen tegen betaalbare prijzen bij RCKopen. Wij helpen u om 1CP-LSD eenvoudig online te koop. Bestel vandaag nog!","breadcrumb":{"@id":"https:\/\/rckopen.com\/product\/1cp-lsd-150mcg-blotters-ap-design-1\/#breadcrumb"},"inLanguage":"pt-PT","potentialAction":[{"@type":"ReadAction","target":["https:\/\/rckopen.com\/product\/1cp-lsd-150mcg-blotters-ap-design-1\/"]}]},{"@type":"ImageObject","inLanguage":"pt-PT","@id":"https:\/\/rckopen.com\/product\/1cp-lsd-150mcg-blotters-ap-design-1\/#primaryimage","url":"https:\/\/rckopen.com\/wp-content\/uploads\/2023\/08\/1cP-LSD-150mcg-Blotters-AP-Design-1.jpg","contentUrl":"https:\/\/rckopen.com\/wp-content\/uploads\/2023\/08\/1cP-LSD-150mcg-Blotters-AP-Design-1.jpg","width":600,"height":600,"caption":"1cP-LSD 150mcg Blotters (AP Design 1) Online Kopen"},{"@type":"BreadcrumbList","@id":"https:\/\/rckopen.com\/product\/1cp-lsd-150mcg-blotters-ap-design-1\/#breadcrumb","itemListElement":[{"@type":"ListItem","position":1,"name":"Home","item":"https:\/\/rckopen.com\/"},{"@type":"ListItem","position":2,"name":"Shop","item":"https:\/\/rckopen.com\/shop\/"},{"@type":"ListItem","position":3,"name":"1cP-LSD 150mcg Blotters (AP Design 1) Online Kopen"}]},{"@type":"WebSite","@id":"https:\/\/rckopen.com\/#website","url":"https:\/\/rckopen.com\/","name":"RC Kopen","description":"Research Chemicals","potentialAction":[{"@type":"SearchAction","target":{"@type":"EntryPoint","urlTemplate":"https:\/\/rckopen.com\/?s={search_term_string}"},"query-input":{"@type":"PropertyValueSpecification","valueRequired":true,"valueName":"search_term_string"}}],"inLanguage":"pt-PT"}]}},"_links":{"self":[{"href":"https:\/\/rckopen.com\/pt\/wp-json\/wp\/v2\/product\/6386","targetHints":{"allow":["GET"]}}],"collection":[{"href":"https:\/\/rckopen.com\/pt\/wp-json\/wp\/v2\/product"}],"about":[{"href":"https:\/\/rckopen.com\/pt\/wp-json\/wp\/v2\/types\/product"}],"replies":[{"embeddable":true,"href":"https:\/\/rckopen.com\/pt\/wp-json\/wp\/v2\/comments?post=6386"}],"wp:featuredmedia":[{"embeddable":true,"href":"https:\/\/rckopen.com\/pt\/wp-json\/wp\/v2\/media\/6391"}],"wp:attachment":[{"href":"https:\/\/rckopen.com\/pt\/wp-json\/wp\/v2\/media?parent=6386"}],"wp:term":[{"taxonomy":"product_brand","embeddable":true,"href":"https:\/\/rckopen.com\/pt\/wp-json\/wp\/v2\/product_brand?post=6386"},{"taxonomy":"product_cat","embeddable":true,"href":"https:\/\/rckopen.com\/pt\/wp-json\/wp\/v2\/product_cat?post=6386"},{"taxonomy":"product_tag","embeddable":true,"href":"https:\/\/rckopen.com\/pt\/wp-json\/wp\/v2\/product_tag?post=6386"}],"curies":[{"name":"wp","href":"https:\/\/api.w.org\/{rel}","templated":true}]}}