{"id":6388,"date":"2023-08-14T13:51:48","date_gmt":"2023-08-14T13:51:48","guid":{"rendered":"https:\/\/diligentplug.com\/chems\/?post_type=product&#038;p=6388"},"modified":"2026-02-27T08:15:17","modified_gmt":"2026-02-27T08:15:17","slug":"1cp-mipla-200mcg-blotters","status":"publish","type":"product","link":"https:\/\/rckopen.com\/pt\/produto\/1cp-mipla-200mcg-blotters\/","title":{"rendered":"Comprar 1cP-MiPLA 200mcg Blotters Online"},"content":{"rendered":"<h2><b>1cP-MiPLA 200mcg Blotters Online 1kopen \u2013 Hoogwaardige Lysergamide voor Onderzoek<\/b><\/h2>\n<p><span style=\"font-weight: 400;\">Descubra nossa linha premium <\/span><b>Blotters de 1cP-MiPLA 200mcg<\/b><span style=\"font-weight: 400;\">Desenvolvidos especialmente para fins de pesquisa, nossos blotters oferecem pureza excepcional e dosagem consistente, tornando-os a escolha ideal para cientistas e institui\u00e7\u00f5es que conduzem estudos avan\u00e7ados sobre an\u00e1logos da lisergamida. <\/span><a href=\"https:\/\/en.wikipedia.org\/wiki\/1cP-LSD\"><b>Compre blotters de 1cP-MiPLA 200mcg online<\/b><\/a><span style=\"font-weight: 400;\"> Ou voc\u00ea est\u00e1 procurando um fornecedor confi\u00e1vel? N\u00f3s fornecemos produtos verificados e testados em laborat\u00f3rio, com forte foco em transpar\u00eancia e qualidade.<\/span><\/p>\n<h3><b>O que \u00e9 1cP-MiPLA?<\/b><\/h3>\n<p><span style=\"font-weight: 400;\">O 1cP-MiPLA \u00e9 um novo composto lisergamida quimicamente relacionado ao MiPLA e a an\u00e1logos do LSD. Ele atua como um pr\u00f3-f\u00e1rmaco que \u00e9 convertido em MiPLA no organismo, oferecendo aos pesquisadores uma ferramenta valiosa para o estudo de intera\u00e7\u00f5es com receptores e farmacodin\u00e2mica. Devido \u00e0 sua estabilidade e pot\u00eancia, o 1cP-MiPLA est\u00e1 rapidamente ganhando reconhecimento na comunidade cient\u00edfica por suas potenciais aplica\u00e7\u00f5es em pesquisa neuroqu\u00edmica.<\/span><\/p>\n<p><span style=\"font-weight: 400;\">A legisla\u00e7\u00e3o pode variar em todo o mundo. Portanto, enfatizamos que nossos blotters s\u00e3o destinados apenas para uso em laborat\u00f3rio e pesquisa. Sempre verifique as regulamenta\u00e7\u00f5es locais antes de fazer seu pedido.<\/span><\/p>\n<h3><b>Por que escolher a dosagem de 200mcg?<\/b><\/h3>\n<p><span style=\"font-weight: 400;\">Nossos blotters de 200 mcg oferecem uma dosagem padronizada ideal para protocolos de pesquisa avan\u00e7ados. Comparada a dosagens menores, como 100 mcg, a de 200 mcg oferece:<\/span><\/p>\n<ul>\n<li style=\"font-weight: 400;\" aria-level=\"1\"><span style=\"font-weight: 400;\">Maior flexibilidade no planejamento experimental<\/span><\/li>\n<li style=\"font-weight: 400;\" aria-level=\"1\"><span style=\"font-weight: 400;\">Maior precis\u00e3o nos estudos de receptores<\/span><\/li>\n<li style=\"font-weight: 400;\" aria-level=\"1\"><span style=\"font-weight: 400;\">Uso mais eficiente, pois s\u00e3o necess\u00e1rios menos filtros por teste.<\/span><\/li>\n<\/ul>\n<p><span style=\"font-weight: 400;\">Essa dosagem \u00e9 uma escolha inteligente para pesquisadores que buscam resultados confi\u00e1veis \u200b\u200be escal\u00e1veis.<\/span><\/p>\n<h3><b>Pureza, Qualidade e Testes Laboratoriais<\/b><\/h3>\n<p><span style=\"font-weight: 400;\">A garantia da qualidade \u00e9 nossa principal prioridade. Cada lote <\/span><a href=\"https:\/\/rckopen.com\/pt\/\"><b>Blotters de 1cP-MiPLA 200mcg<\/b><\/a><span style=\"font-weight: 400;\"> Testado exaustivamente em laborat\u00f3rios independentes para verificar pureza e pot\u00eancia. Fornecemos um Certificado de An\u00e1lise (COA) para garantir dosagem precisa e um produto livre de contaminantes. Nossos m\u00e9todos de produ\u00e7\u00e3o precisos garantem satura\u00e7\u00e3o uniforme do papel absorvente, possibilitando resultados de pesquisa reproduz\u00edveis.<\/span><\/p>\n<h3><b>Confiabilidade do fornecedor: o que nos diferencia?<\/b><\/h3>\n<p><span style=\"font-weight: 400;\">Somos um fornecedor confi\u00e1vel de lisergamidas de grau de pesquisa. Nossa abordagem se concentra no controle de lotes, manuseio profissional e atendimento ao cliente \u00e1gil. <\/span><b>Encomende online blotters de 1cP-MiPLA 200mcg<\/b><span style=\"font-weight: 400;\">, profiteer je van transparante communicatie en uitgebreide productdocumentatie, zodat je met vertrouwen kunt bestellen en ontvangen.<\/span><\/p>\n<h3><b>Op\u00e7\u00f5es de envio e pagamento<\/b><\/h3>\n<p><span style=\"font-weight: 400;\">Oferecemos envio internacional discreto que garante sua privacidade e a integridade do produto. Os pagamentos podem ser feitos usando criptomoedas populares como Bitcoin e Monero, bem como transa\u00e7\u00f5es seguras com cart\u00e3o de cr\u00e9dito. Recomendamos que voc\u00ea sempre se familiarize com as regulamenta\u00e7\u00f5es alfandeg\u00e1rias do seu pa\u00eds para evitar poss\u00edveis problemas.<\/span><\/p>\n<h3><b>Seguran\u00e7a e armazenamento<\/b><\/h3>\n<p><span style=\"font-weight: 400;\">O armazenamento adequado e o manuseio cuidadoso s\u00e3o essenciais para manter a qualidade dos seus blotters. Armazene-os em local fresco e seco, longe da luz solar direta. Siga sempre os protocolos de seguran\u00e7a de laborat\u00f3rio apropriados para evitar contamina\u00e7\u00e3o. Nossos produtos destinam-se exclusivamente \u00e0 pesquisa e n\u00e3o ao consumo humano.<\/span><\/p>\n<h3><b>Conclusie<\/b><\/h3>\n<p><span style=\"font-weight: 400;\">Ervaar de beste kwaliteit onderzoekschemicali\u00ebn met onze <\/span><a href=\"https:\/\/rckopen.com\/pt\/produto\/1cp-mipla-200mcg-blotters\/\"><b>Blotters de 1cP-MiPLA 200mcg<\/b><\/a><span style=\"font-weight: 400;\"> \u2013 een perfecte combinatie van zuiverheid, precisie en professionaliteit. Of je nu wilt <\/span><b>Compre blotters de 1cP-MiPLA 200mcg online<\/b><span style=\"font-weight: 400;\">, een partij wilt veiligstellen voor je laboratorium of de <\/span><b>beste plek zoekt om 1cP-MiPLA blotters te kopen<\/b><span style=\"font-weight: 400;\">, wij bieden concurrerende prijzen en onge\u00ebvenaarde kwaliteit.<\/span><\/p>\n<p><b>Encomende hoje mesmo online seus blotters de 1cP-MiPLA 200mcg e leve sua pesquisa para o pr\u00f3ximo n\u00edvel com an\u00e1logos confi\u00e1veis \u200b\u200bde lisergamida.<\/b><\/p>","protected":false},"excerpt":{"rendered":"<p><strong>Nome IUPAC: <\/strong>Hemi-L-tartarato de (6aR,9R)-4-(ciclopropanocarbonil)-N-isopropil-N,7-dimetil-4,6,6a,7,8,9-hexahidroindolo[4,3-fg]quinolina-9-carboxamida<\/p>\n<p><strong>Outro nome: <\/strong>Hemi-L-tartarato de N,N-metil-isopropilamida do \u00e1cido 1-ciclopropionil-lis\u00e9rgico<\/p>","protected":false},"featured_media":6392,"comment_status":"open","ping_status":"closed","template":"","meta":{"_joinchat":[]},"product_brand":[],"product_cat":[130],"product_tag":[],"class_list":{"0":"post-6388","1":"product","2":"type-product","3":"status-publish","4":"has-post-thumbnail","6":"product_cat-blotters","8":"first","9":"instock","10":"shipping-taxable","11":"purchasable","12":"product-type-variable"},"yoast_head":"<!-- This site is optimized with the Yoast SEO plugin v26.3 - https:\/\/yoast.com\/wordpress\/plugins\/seo\/ -->\n<title>1CP-Mipla 200MCG-blotters online kopen - 1CP-Mipla te kopen<\/title>\n<meta name=\"description\" content=\"1CP-Mipla 200MCG-blotters online kopen tegen een redelijke prijs in onze online winkel RCKopen. We zullen uw bestelling voor 1CP-Miplabinnenkort verzenden. 1CP-Mipla 200MCG-blotters te koop!\" \/>\n<meta name=\"robots\" content=\"index, follow, max-snippet:-1, max-image-preview:large, max-video-preview:-1\" \/>\n<link rel=\"canonical\" href=\"https:\/\/rckopen.com\/pt\/produto\/1cp-mipla-200mcg-blotters\/\" \/>\n<meta property=\"og:locale\" content=\"pt_PT\" \/>\n<meta property=\"og:type\" content=\"article\" \/>\n<meta property=\"og:title\" content=\"1CP-Mipla 200MCG-blotters online kopen - 1CP-Mipla te kopen\" \/>\n<meta property=\"og:description\" content=\"1CP-Mipla 200MCG-blotters online kopen tegen een redelijke prijs in onze online winkel RCKopen. We zullen uw bestelling voor 1CP-Miplabinnenkort verzenden. 1CP-Mipla 200MCG-blotters te koop!\" \/>\n<meta property=\"og:url\" content=\"https:\/\/rckopen.com\/pt\/produto\/1cp-mipla-200mcg-blotters\/\" \/>\n<meta property=\"og:site_name\" content=\"RC Kopen\" \/>\n<meta property=\"article:modified_time\" content=\"2026-02-27T08:15:17+00:00\" \/>\n<meta property=\"og:image\" content=\"https:\/\/rckopen.com\/wp-content\/uploads\/2023\/08\/1cP-MiPLA-200mcg-Blotters.jpg\" \/>\n\t<meta property=\"og:image:width\" content=\"600\" \/>\n\t<meta property=\"og:image:height\" content=\"600\" \/>\n\t<meta property=\"og:image:type\" content=\"image\/jpeg\" \/>\n<meta name=\"twitter:card\" content=\"summary_large_image\" \/>\n<meta name=\"twitter:label1\" content=\"Tempo estimado de leitura\" \/>\n\t<meta name=\"twitter:data1\" content=\"3 minutos\" \/>\n<script type=\"application\/ld+json\" class=\"yoast-schema-graph\">{\"@context\":\"https:\/\/schema.org\",\"@graph\":[{\"@type\":\"WebPage\",\"@id\":\"https:\/\/rckopen.com\/product\/1cp-mipla-200mcg-blotters\/\",\"url\":\"https:\/\/rckopen.com\/product\/1cp-mipla-200mcg-blotters\/\",\"name\":\"1CP-Mipla 200MCG-blotters online kopen - 1CP-Mipla te kopen\",\"isPartOf\":{\"@id\":\"https:\/\/rckopen.com\/#website\"},\"primaryImageOfPage\":{\"@id\":\"https:\/\/rckopen.com\/product\/1cp-mipla-200mcg-blotters\/#primaryimage\"},\"image\":{\"@id\":\"https:\/\/rckopen.com\/product\/1cp-mipla-200mcg-blotters\/#primaryimage\"},\"thumbnailUrl\":\"https:\/\/rckopen.com\/wp-content\/uploads\/2023\/08\/1cP-MiPLA-200mcg-Blotters.jpg\",\"datePublished\":\"2023-08-14T13:51:48+00:00\",\"dateModified\":\"2026-02-27T08:15:17+00:00\",\"description\":\"1CP-Mipla 200MCG-blotters online kopen tegen een redelijke prijs in onze online winkel RCKopen. We zullen uw bestelling voor 1CP-Miplabinnenkort verzenden. 1CP-Mipla 200MCG-blotters te koop!\",\"breadcrumb\":{\"@id\":\"https:\/\/rckopen.com\/product\/1cp-mipla-200mcg-blotters\/#breadcrumb\"},\"inLanguage\":\"pt-PT\",\"potentialAction\":[{\"@type\":\"ReadAction\",\"target\":[\"https:\/\/rckopen.com\/product\/1cp-mipla-200mcg-blotters\/\"]}]},{\"@type\":\"ImageObject\",\"inLanguage\":\"pt-PT\",\"@id\":\"https:\/\/rckopen.com\/product\/1cp-mipla-200mcg-blotters\/#primaryimage\",\"url\":\"https:\/\/rckopen.com\/wp-content\/uploads\/2023\/08\/1cP-MiPLA-200mcg-Blotters.jpg\",\"contentUrl\":\"https:\/\/rckopen.com\/wp-content\/uploads\/2023\/08\/1cP-MiPLA-200mcg-Blotters.jpg\",\"width\":600,\"height\":600,\"caption\":\"1cP-MiPLA 200mcg Blotters Online Kopen\"},{\"@type\":\"BreadcrumbList\",\"@id\":\"https:\/\/rckopen.com\/product\/1cp-mipla-200mcg-blotters\/#breadcrumb\",\"itemListElement\":[{\"@type\":\"ListItem\",\"position\":1,\"name\":\"Home\",\"item\":\"https:\/\/rckopen.com\/\"},{\"@type\":\"ListItem\",\"position\":2,\"name\":\"Shop\",\"item\":\"https:\/\/rckopen.com\/shop\/\"},{\"@type\":\"ListItem\",\"position\":3,\"name\":\"1cP-MiPLA 200mcg Blotters Online Kopen\"}]},{\"@type\":\"WebSite\",\"@id\":\"https:\/\/rckopen.com\/#website\",\"url\":\"https:\/\/rckopen.com\/\",\"name\":\"RC Kopen\",\"description\":\"Research Chemicals\",\"potentialAction\":[{\"@type\":\"SearchAction\",\"target\":{\"@type\":\"EntryPoint\",\"urlTemplate\":\"https:\/\/rckopen.com\/?s={search_term_string}\"},\"query-input\":{\"@type\":\"PropertyValueSpecification\",\"valueRequired\":true,\"valueName\":\"search_term_string\"}}],\"inLanguage\":\"pt-PT\"}]}<\/script>\n<!-- \/ Yoast SEO plugin. -->","yoast_head_json":{"title":"1CP-Mipla 200MCG-blotters online kopen - 1CP-Mipla te kopen","description":"1CP-Mipla 200MCG-blotters online kopen tegen een redelijke prijs in onze online winkel RCKopen. We zullen uw bestelling voor 1CP-Miplabinnenkort verzenden. 1CP-Mipla 200MCG-blotters te koop!","robots":{"index":"index","follow":"follow","max-snippet":"max-snippet:-1","max-image-preview":"max-image-preview:large","max-video-preview":"max-video-preview:-1"},"canonical":"https:\/\/rckopen.com\/pt\/produto\/1cp-mipla-200mcg-blotters\/","og_locale":"pt_PT","og_type":"article","og_title":"1CP-Mipla 200MCG-blotters online kopen - 1CP-Mipla te kopen","og_description":"1CP-Mipla 200MCG-blotters online kopen tegen een redelijke prijs in onze online winkel RCKopen. We zullen uw bestelling voor 1CP-Miplabinnenkort verzenden. 1CP-Mipla 200MCG-blotters te koop!","og_url":"https:\/\/rckopen.com\/pt\/produto\/1cp-mipla-200mcg-blotters\/","og_site_name":"RC Kopen","article_modified_time":"2026-02-27T08:15:17+00:00","og_image":[{"width":600,"height":600,"url":"https:\/\/rckopen.com\/wp-content\/uploads\/2023\/08\/1cP-MiPLA-200mcg-Blotters.jpg","type":"image\/jpeg"}],"twitter_card":"summary_large_image","twitter_misc":{"Tempo estimado de leitura":"3 minutos"},"schema":{"@context":"https:\/\/schema.org","@graph":[{"@type":"WebPage","@id":"https:\/\/rckopen.com\/product\/1cp-mipla-200mcg-blotters\/","url":"https:\/\/rckopen.com\/product\/1cp-mipla-200mcg-blotters\/","name":"1CP-Mipla 200MCG-blotters online kopen - 1CP-Mipla te kopen","isPartOf":{"@id":"https:\/\/rckopen.com\/#website"},"primaryImageOfPage":{"@id":"https:\/\/rckopen.com\/product\/1cp-mipla-200mcg-blotters\/#primaryimage"},"image":{"@id":"https:\/\/rckopen.com\/product\/1cp-mipla-200mcg-blotters\/#primaryimage"},"thumbnailUrl":"https:\/\/rckopen.com\/wp-content\/uploads\/2023\/08\/1cP-MiPLA-200mcg-Blotters.jpg","datePublished":"2023-08-14T13:51:48+00:00","dateModified":"2026-02-27T08:15:17+00:00","description":"1CP-Mipla 200MCG-blotters online kopen tegen een redelijke prijs in onze online winkel RCKopen. We zullen uw bestelling voor 1CP-Miplabinnenkort verzenden. 1CP-Mipla 200MCG-blotters te koop!","breadcrumb":{"@id":"https:\/\/rckopen.com\/product\/1cp-mipla-200mcg-blotters\/#breadcrumb"},"inLanguage":"pt-PT","potentialAction":[{"@type":"ReadAction","target":["https:\/\/rckopen.com\/product\/1cp-mipla-200mcg-blotters\/"]}]},{"@type":"ImageObject","inLanguage":"pt-PT","@id":"https:\/\/rckopen.com\/product\/1cp-mipla-200mcg-blotters\/#primaryimage","url":"https:\/\/rckopen.com\/wp-content\/uploads\/2023\/08\/1cP-MiPLA-200mcg-Blotters.jpg","contentUrl":"https:\/\/rckopen.com\/wp-content\/uploads\/2023\/08\/1cP-MiPLA-200mcg-Blotters.jpg","width":600,"height":600,"caption":"1cP-MiPLA 200mcg Blotters Online Kopen"},{"@type":"BreadcrumbList","@id":"https:\/\/rckopen.com\/product\/1cp-mipla-200mcg-blotters\/#breadcrumb","itemListElement":[{"@type":"ListItem","position":1,"name":"Home","item":"https:\/\/rckopen.com\/"},{"@type":"ListItem","position":2,"name":"Shop","item":"https:\/\/rckopen.com\/shop\/"},{"@type":"ListItem","position":3,"name":"1cP-MiPLA 200mcg Blotters Online Kopen"}]},{"@type":"WebSite","@id":"https:\/\/rckopen.com\/#website","url":"https:\/\/rckopen.com\/","name":"RC Kopen","description":"Research Chemicals","potentialAction":[{"@type":"SearchAction","target":{"@type":"EntryPoint","urlTemplate":"https:\/\/rckopen.com\/?s={search_term_string}"},"query-input":{"@type":"PropertyValueSpecification","valueRequired":true,"valueName":"search_term_string"}}],"inLanguage":"pt-PT"}]}},"_links":{"self":[{"href":"https:\/\/rckopen.com\/pt\/wp-json\/wp\/v2\/product\/6388","targetHints":{"allow":["GET"]}}],"collection":[{"href":"https:\/\/rckopen.com\/pt\/wp-json\/wp\/v2\/product"}],"about":[{"href":"https:\/\/rckopen.com\/pt\/wp-json\/wp\/v2\/types\/product"}],"replies":[{"embeddable":true,"href":"https:\/\/rckopen.com\/pt\/wp-json\/wp\/v2\/comments?post=6388"}],"wp:featuredmedia":[{"embeddable":true,"href":"https:\/\/rckopen.com\/pt\/wp-json\/wp\/v2\/media\/6392"}],"wp:attachment":[{"href":"https:\/\/rckopen.com\/pt\/wp-json\/wp\/v2\/media?parent=6388"}],"wp:term":[{"taxonomy":"product_brand","embeddable":true,"href":"https:\/\/rckopen.com\/pt\/wp-json\/wp\/v2\/product_brand?post=6388"},{"taxonomy":"product_cat","embeddable":true,"href":"https:\/\/rckopen.com\/pt\/wp-json\/wp\/v2\/product_cat?post=6388"},{"taxonomy":"product_tag","embeddable":true,"href":"https:\/\/rckopen.com\/pt\/wp-json\/wp\/v2\/product_tag?post=6388"}],"curies":[{"name":"wp","href":"https:\/\/api.w.org\/{rel}","templated":true}]}}